{"id":4564,"date":"2020-02-13T07:58:14","date_gmt":"2020-02-13T05:58:14","guid":{"rendered":"https:\/\/help.jamk.fi\/peppi-ohjeet-henkilokunnalle\/opetussuunnittelu\/opintojaksot\/opintojakson-perustiedot\/"},"modified":"2025-06-17T15:22:19","modified_gmt":"2025-06-17T12:22:19","slug":"opintojakson-perustiedot","status":"publish","type":"page","link":"https:\/\/help.jamk.fi\/peppi-ohjeet-henkilokunnalle\/fi\/opetussuunnittelu\/opintojaksot\/opintojakson-perustiedot\/","title":{"rendered":"Opintojakson perustiedot"},"content":{"rendered":"<div id=\"info-lift-block_b721ec4d36744f44f26bb4d8c81fbf33\" class=\"block-info-lift block-info-lift\">\n  <div class=\"row\">\n    <div class=\"col-12\">\n              <div class=\"block-info-lift__content\">\n          <div class=\"block-info-lift__content__icon\">\n            <span>!<\/span>\n          <\/div>\n          <p class=\"block-info-lift__content__text\">Opintojakson, opintokokonaisuuden ja toteutuksen kuvauksen tiedot l\u00f6ytyv\u00e4t t\u00e4lt\u00e4 sivulta sek\u00e4 opintojakson kuvaustiedot- ja toteutussuunnitelman t\u00e4ytt\u00f6ohje opettajille -sivuilta.<\/p>\n        <\/div>\n          <\/div>\n  <\/div>\n<\/div>\n\n\n<p>HUOM. Opintojaksoon tekem\u00e4si muutokset vaikuttavat seuraavasti:<\/p>\n\n\n\n<ul class=\"wp-block-list\">\n<li>Mik\u00e4li yksi opintojakso kuuluu useampaan OPSiin tai opintokokonaisuuteen, siihen tehdyt muutokset p\u00e4ivittyv\u00e4t samalla kaikkiin niihin elementteihin, joihin se on liitetty.\n<ul class=\"wp-block-list\">\n<li>Opintojakson liitokset voit tarkistaa opintojakson Liitokset opetussuunnitelmiin ja erillisiin opintokokonaisuuksiin -v\u00e4lilehdelt\u00e4.<\/li>\n<\/ul>\n<\/li>\n\n\n\n<li>Jos opintojakso sis\u00e4ltyy jo hyv\u00e4ksyttyyn OPSiin, sen nime\u00e4, laajuutta, tavoitteita tai sis\u00e4lt\u00f6\u00e4 ei saa en\u00e4\u00e4 muuttaa.<\/li>\n\n\n\n<li><a href=\"https:\/\/help.jamk.fi\/peppi-ohjeet-henkilokunnalle\/fi\/opetussuunnittelu\/opintojaksot\/\">Katso opintojaksojen luomisen periaatteet Opintojaksot-sivulta<\/a>.<br><\/li>\n<\/ul>\n\n\n\n<h2 class=\"wp-block-heading\">Perustiedot<\/h2>\n\n\n\n<p>Opintojakson perustietoja ovat mm. nimi, tunnus sek\u00e4 laajuus opintopisteiss\u00e4 (min-max). L\u00e4ht\u00f6kohtaisesti vain nimi suomeksi ja englanniksi, tunnus, laajuus, vastuuhenkil\u00f6t ja p\u00e4\u00e4asiallinen opetuskieli ovat pakollisia kentti\u00e4 (merkitty otsikon yhteyteen *-merkill\u00e4). Yksik\u00f6n <strong>koulutuskoordinaattori tai muu vastaava henkil\u00f6<\/strong> kirjaa perustiedot Peppiin.<\/p>\n\n\n\n<p>Alla kuvassa yksi esimerkki perustietojen kentist\u00e4 (kuvio 1).<\/p>\n\n\n\n<p><\/p>\n\n\n\n<figure class=\"wp-block-image alignnone wp-image-564\"><img loading=\"lazy\" decoding=\"async\" width=\"1536\" height=\"502\" src=\"https:\/\/help.jamk.fi\/peppi-ohjeet-henkilokunnalle\/wp-content\/uploads\/sites\/131\/2020\/02\/Opintojakson-perustiedot.png\" alt=\"\" class=\"wp-image-564\"\/><figcaption class=\"wp-element-caption\">Kuvio 1. Opintojakson perustiedot<\/figcaption><\/figure>\n\n\n\n<h3 class=\"wp-block-heading\">*Nimi suomeksi ja englanniksi<\/h3>\n\n\n\n<p>Kirjoita kentt\u00e4\u00e4n kuvaava nimi opintojaksolle, josta selvi\u00e4\u00e4 koulutusala ja tavoiteltava osaaminen. Suomeksi-kentt\u00e4\u00e4n suomenkielinen nimi ja Englanniksi-kentt\u00e4\u00e4n nimi englanniksi. Englanninkielisen opintojakson nimi tulee my\u00f6s Suomeksi-kenttiin, sill\u00e4 kentt\u00e4 ei voi olla tyhj\u00e4.<\/p>\n\n\n\n<h3 class=\"wp-block-heading\">*Tunnus<\/h3>\n\n\n\n<p>T\u00e4yt\u00e4 vain kaksi ensimm\u00e4ist\u00e4 merkki\u00e4, Peppi generoi loput merkeist\u00e4. <a href=\"https:\/\/help.jamk.fi\/peppi-ohjeet-henkilokunnalle\/wp-content\/uploads\/sites\/131\/2024\/10\/Opintojaksojen-koodit-Pepissa.pdf\">Katso tutkintokohtaiset merkit koodiohjeesta (pdf)<\/a>. <\/p>\n\n\n\n<h3 class=\"wp-block-heading\">Pysyv\u00e4 tunniste<\/h3>\n\n\n\n<p>Peppi generoi tiedon automaattisesti.<\/p>\n\n\n\n<h3 class=\"wp-block-heading\">Voimassaoloaika<\/h3>\n\n\n\n<p>Aseta, jos tied\u00e4t. Tieto ei n\u00e4y opiskelijalle.<\/p>\n\n\n\n<h3 class=\"wp-block-heading\">Tuntipohjainen laajuusyksikk\u00f6<\/h3>\n\n\n\n<p>Kentt\u00e4\u00e4 ei k\u00e4ytet\u00e4 Jamkissa.<\/p>\n\n\n\n<h3 class=\"wp-block-heading\">*Laajuus<\/h3>\n\n\n\n<p>K\u00e4yt\u00e4 p\u00e4\u00e4asiassa 5:ll\u00e4 jaollisia opintopisteit\u00e4. Laajuuteen voidaan ilmoittaa minimi- ja maximilaajuus. Jos laajuudessa ei ole vaihteluv\u00e4li\u00e4, kirjoita molempiin kenttiin sama opintopistem\u00e4\u00e4r\u00e4.<\/p>\n\n\n\n<h3 class=\"wp-block-heading\">Taso<\/h3>\n\n\n\n<p><strong>\u00c4L\u00c4 K\u00c4YT\u00c4 T\u00c4T\u00c4 KENTT\u00c4\u00c4.<\/strong> A, B ja C-tasoja ei k\u00e4ytet\u00e4 Jamkissa.<\/p>\n\n\n\n<h3 class=\"wp-block-heading\">Koulutusohjelma<\/h3>\n\n\n\n<p>Valitse alasvetovalikosta. Jos on Jamkin yhteisi\u00e4 tai vapaasti valittavia opintoja, valitse kentt\u00e4\u00e4n kaikki ne koulutusohjelmat, joille opintojaksoa j\u00e4rjestet\u00e4\u00e4n.<\/p>\n\n\n\n<p>Huom. Kentt\u00e4 tarkoittaa tutkinto-ohjelmaa, Pepiss\u00e4 k\u00e4ytet\u00e4\u00e4n nimityst\u00e4 koulutusohjelma.<\/p>\n\n\n\n<h3 class=\"wp-block-heading\">*Vastuuhenkil\u00f6t<\/h3>\n\n\n\n<p>Lis\u00e4\u00e4 opintojakson vastuuhenkil\u00f6(t) (esim. p\u00e4\u00e4toiminen opettaja) Lis\u00e4\u00e4-painikkeen kautta.<\/p>\n\n\n\n<p>Kohta ei saa olla tyhj\u00e4. Pepiss\u00e4 voidaan nimet\u00e4 useampi vastuuhenkil\u00f6, esim. yhteisiss\u00e4 opinnoissa alojen vastuuhenkil\u00f6t.<\/p>\n\n\n\n<p>Jos opintojaksolla on useampi vastuuhenkil\u00f6, kirjoitetaan nimen vieress\u00e4 olevaan avoimeen kentt\u00e4\u00e4n opettajan yksikk\u00f6 tai ala.<\/p>\n\n\n\n<p>Toteutuksella kerrotaan opintojakson toteuttaja(t).<\/p>\n\n\n\n<h3 class=\"wp-block-heading\">Opinn\u00e4yte<\/h3>\n\n\n\n<p>Kentt\u00e4\u00e4 ei k\u00e4ytet\u00e4 Jamkissa.<\/p>\n\n\n\n<h3 class=\"wp-block-heading\">*P\u00e4\u00e4asiallinen opetuskieli<\/h3>\n\n\n\n<p>Valitse kentt\u00e4\u00e4n opintojakson p\u00e4\u00e4asiallinen toteutuskieli tai toteutuskielet. Toteutuskieli on eri asia kuin opintojakson kuvauskieli. Siten esim. ranskan kielen opintojaksolla toteutuskieli voi olla ranska, vaikka kirjoitat sen englanniksi. Ks. my\u00f6s Suorituskielet.<\/p>\n\n\n\n<h3 class=\"wp-block-heading\">Luokittelu<\/h3>\n\n\n\n<p>Jos opintojakso tarjotaan my\u00f6s avoimeen ammattikorkeakouluun, CampusOnlineen, yhteiseen EduJyv\u00e4skyl\u00e4- tai Opin.fi-tarjontaan, merkitse se t\u00e4h\u00e4n kentt\u00e4\u00e4n ns. tagina. Valitse kentt\u00e4\u00e4n oikea luokittelu kirjoittamalla \u2019avoin AMK\u2019, \u2019CampusOnline\u2019, EduJyv\u00e4skyl\u00e4\u2019, \u2019ExchangeStudent\u2019 tai &#8217;opinfi&#8217;. Voit k\u00e4ytt\u00e4\u00e4 samassa opintojaksossa my\u00f6s useampaa tagia.<\/p>\n\n\n\n<h3 class=\"wp-block-heading\">Linkit<\/h3>\n\n\n\n<p>Tieto ei n\u00e4y opiskelijalle.<\/p>\n\n\n\n<h3 class=\"wp-block-heading\">Opintojen hinta<\/h3>\n\n\n\n<p>Kentt\u00e4\u00e4 ei k\u00e4ytet\u00e4 Jamkissa.<\/p>\n\n\n\n<h3 class=\"wp-block-heading\">Suorituskielet<\/h3>\n\n\n\n<p>Merkitse, jos opintojakson voi suorittaa muullakin kuin p\u00e4\u00e4asiallisella opetuskielell\u00e4. Tieto ei n\u00e4y opiskelijalle.<\/p>\n\n\n\n<h3 class=\"wp-block-heading\">Suorituksen tarkentava tyyppi<\/h3>\n\n\n\n<p>Merkitse jokaiselle opintojaksolle. Tieto voi olla perusopinto, ammattiopinto, kotimainen tai ulkomainen harjoittelu, vapaasti valittava, opinn\u00e4ytety\u00f6h\u00f6n liittyv\u00e4 opinto tai suoritus on suomi toisena tai vieraana kielen\u00e4.<\/p>\n\n\n\n<p>Tieto periytyy toteutukselle ja sit\u00e4 k\u00e4ytet\u00e4\u00e4n mm. tilastoinnissa ja erilaisissa raporteissa.<\/p>\n\n\n\n<p><\/p>\n\n\n\n<p><\/p>\n\n\n<div id=\"link-lifts-block_13325fce9f924706634458e514466891\" class=\"link-lifts block-link-lifts\">\n  <div class=\"row\">\n            <div class=\"col-12 col-lg-4 block-link-lifts__column\">\n          <div class=\"block-link-lifts__item pink\">\n            <h3 class=\"block-link-lifts__item--heading\">Linkit<\/h3>\n                          <ul class=\"block-link-lifts__item--link-list\">\n                                                                        <li>\n                                              <a class=\"link-list\" href=\"https:\/\/help.jamk.fi\/peppi-ohjeet-henkilokunnalle\/fi\/opettajan-ohjeet\/perus-ja-kuvaustiedot\/\" target=\"_self\">Opintojakson kuvaustiedot<\/a>\n                                          <\/li>\n                                                <\/ul>\n            \n          <\/div>\n        <\/div>\n      <\/div>\n<\/div>","protected":false},"excerpt":{"rendered":"<p>HUOM. Opintojaksoon tekem\u00e4si muutokset vaikuttavat seuraavasti: Perustiedot Opintojakson perustietoja ovat mm. nimi, tunnus sek\u00e4 laajuus opintopisteiss\u00e4 (min-max). L\u00e4ht\u00f6kohtaisesti vain nimi suomeksi ja englanniksi, tunnus, laajuus, vastuuhenkil\u00f6t ja p\u00e4\u00e4asiallinen opetuskieli ovat pakollisia kentti\u00e4 (merkitty otsikon yhteyteen *-merkill\u00e4). Yksik\u00f6n koulutuskoordinaattori tai muu vastaava henkil\u00f6 kirjaa perustiedot Peppiin. Alla kuvassa yksi esimerkki perustietojen kentist\u00e4 (kuvio 1). *Nimi suomeksi [&hellip;]<\/p>\n","protected":false},"author":79,"featured_media":0,"parent":4526,"menu_order":1,"comment_status":"closed","ping_status":"open","template":"","meta":{"_acf_changed":false,"_relevanssi_hide_post":"","_relevanssi_hide_content":"","_relevanssi_pin_for_all":"","_relevanssi_pin_keywords":"","_relevanssi_unpin_keywords":"","_relevanssi_related_keywords":"","_relevanssi_related_include_ids":"","_relevanssi_related_exclude_ids":"","_relevanssi_related_no_append":"","_relevanssi_related_not_related":"","_relevanssi_related_posts":"","_relevanssi_noindex_reason":"","footnotes":""},"categories":[1],"tags":[],"class_list":["post-4564","page","type-page","status-publish","hentry","category-uncategorised"],"acf":[],"yoast_head":"<!-- This site is optimized with the Yoast SEO plugin v27.3 - https:\/\/yoast.com\/product\/yoast-seo-wordpress\/ -->\n<title>Opintojakson perustiedot - Peppi-ohjeet henkil\u00f6kunnalle<\/title>\n<meta name=\"robots\" content=\"index, follow, max-snippet:-1, max-image-preview:large, max-video-preview:-1\" \/>\n<link rel=\"canonical\" href=\"https:\/\/help.jamk.fi\/peppi-ohjeet-henkilokunnalle\/fi\/opetussuunnittelu\/opintojaksot\/opintojakson-perustiedot\/\" \/>\n<meta property=\"og:locale\" content=\"fi_FI\" \/>\n<meta property=\"og:type\" content=\"article\" \/>\n<meta property=\"og:title\" content=\"Opintojakson perustiedot - Peppi-ohjeet henkil\u00f6kunnalle\" \/>\n<meta property=\"og:description\" content=\"HUOM. Opintojaksoon tekem\u00e4si muutokset vaikuttavat seuraavasti: Perustiedot Opintojakson perustietoja ovat mm. nimi, tunnus sek\u00e4 laajuus opintopisteiss\u00e4 (min-max). L\u00e4ht\u00f6kohtaisesti vain nimi suomeksi ja englanniksi, tunnus, laajuus, vastuuhenkil\u00f6t ja p\u00e4\u00e4asiallinen opetuskieli ovat pakollisia kentti\u00e4 (merkitty otsikon yhteyteen *-merkill\u00e4). Yksik\u00f6n koulutuskoordinaattori tai muu vastaava henkil\u00f6 kirjaa perustiedot Peppiin. Alla kuvassa yksi esimerkki perustietojen kentist\u00e4 (kuvio 1). *Nimi suomeksi [&hellip;]\" \/>\n<meta property=\"og:url\" content=\"https:\/\/help.jamk.fi\/peppi-ohjeet-henkilokunnalle\/fi\/opetussuunnittelu\/opintojaksot\/opintojakson-perustiedot\/\" \/>\n<meta property=\"og:site_name\" content=\"Peppi-ohjeet henkil\u00f6kunnalle\" \/>\n<meta property=\"article:modified_time\" content=\"2025-06-17T12:22:19+00:00\" \/>\n<meta property=\"og:image\" content=\"https:\/\/help.jamk.fi\/peppi-ohjeet-henkilokunnalle\/wp-content\/uploads\/sites\/131\/2020\/02\/Opintojakson-perustiedot.png\" \/>\n\t<meta property=\"og:image:width\" content=\"1536\" \/>\n\t<meta property=\"og:image:height\" content=\"502\" \/>\n\t<meta property=\"og:image:type\" content=\"image\/png\" \/>\n<meta name=\"twitter:card\" content=\"summary_large_image\" \/>\n<meta name=\"twitter:label1\" content=\"Arvioitu lukuaika\" \/>\n\t<meta name=\"twitter:data1\" content=\"3 minuuttia\" \/>\n<script type=\"application\/ld+json\" class=\"yoast-schema-graph\">{\"@context\":\"https:\\\/\\\/schema.org\",\"@graph\":[{\"@type\":\"WebPage\",\"@id\":\"https:\\\/\\\/help.jamk.fi\\\/peppi-ohjeet-henkilokunnalle\\\/fi\\\/opetussuunnittelu\\\/opintojaksot\\\/opintojakson-perustiedot\\\/\",\"url\":\"https:\\\/\\\/help.jamk.fi\\\/peppi-ohjeet-henkilokunnalle\\\/fi\\\/opetussuunnittelu\\\/opintojaksot\\\/opintojakson-perustiedot\\\/\",\"name\":\"Opintojakson perustiedot - Peppi-ohjeet henkil\u00f6kunnalle\",\"isPartOf\":{\"@id\":\"https:\\\/\\\/help.jamk.fi\\\/peppi-ohjeet-henkilokunnalle\\\/#website\"},\"primaryImageOfPage\":{\"@id\":\"https:\\\/\\\/help.jamk.fi\\\/peppi-ohjeet-henkilokunnalle\\\/fi\\\/opetussuunnittelu\\\/opintojaksot\\\/opintojakson-perustiedot\\\/#primaryimage\"},\"image\":{\"@id\":\"https:\\\/\\\/help.jamk.fi\\\/peppi-ohjeet-henkilokunnalle\\\/fi\\\/opetussuunnittelu\\\/opintojaksot\\\/opintojakson-perustiedot\\\/#primaryimage\"},\"thumbnailUrl\":\"https:\\\/\\\/help.jamk.fi\\\/peppi-ohjeet-henkilokunnalle\\\/wp-content\\\/uploads\\\/sites\\\/131\\\/2020\\\/02\\\/Opintojakson-perustiedot.png\",\"datePublished\":\"2020-02-13T05:58:14+00:00\",\"dateModified\":\"2025-06-17T12:22:19+00:00\",\"breadcrumb\":{\"@id\":\"https:\\\/\\\/help.jamk.fi\\\/peppi-ohjeet-henkilokunnalle\\\/fi\\\/opetussuunnittelu\\\/opintojaksot\\\/opintojakson-perustiedot\\\/#breadcrumb\"},\"inLanguage\":\"fi\",\"potentialAction\":[{\"@type\":\"ReadAction\",\"target\":[\"https:\\\/\\\/help.jamk.fi\\\/peppi-ohjeet-henkilokunnalle\\\/fi\\\/opetussuunnittelu\\\/opintojaksot\\\/opintojakson-perustiedot\\\/\"]}]},{\"@type\":\"ImageObject\",\"inLanguage\":\"fi\",\"@id\":\"https:\\\/\\\/help.jamk.fi\\\/peppi-ohjeet-henkilokunnalle\\\/fi\\\/opetussuunnittelu\\\/opintojaksot\\\/opintojakson-perustiedot\\\/#primaryimage\",\"url\":\"https:\\\/\\\/help.jamk.fi\\\/peppi-ohjeet-henkilokunnalle\\\/wp-content\\\/uploads\\\/sites\\\/131\\\/2020\\\/02\\\/Opintojakson-perustiedot.png\",\"contentUrl\":\"https:\\\/\\\/help.jamk.fi\\\/peppi-ohjeet-henkilokunnalle\\\/wp-content\\\/uploads\\\/sites\\\/131\\\/2020\\\/02\\\/Opintojakson-perustiedot.png\",\"width\":1536,\"height\":502,\"caption\":\"Kuvio 1. Opintojakson perustiedot\"},{\"@type\":\"BreadcrumbList\",\"@id\":\"https:\\\/\\\/help.jamk.fi\\\/peppi-ohjeet-henkilokunnalle\\\/fi\\\/opetussuunnittelu\\\/opintojaksot\\\/opintojakson-perustiedot\\\/#breadcrumb\",\"itemListElement\":[{\"@type\":\"ListItem\",\"position\":1,\"name\":\"Home\",\"item\":\"https:\\\/\\\/help.jamk.fi\\\/peppi-ohjeet-henkilokunnalle\\\/en\\\/\"},{\"@type\":\"ListItem\",\"position\":2,\"name\":\"Opetussuunnittelu\",\"item\":\"https:\\\/\\\/help.jamk.fi\\\/peppi-ohjeet-henkilokunnalle\\\/fi\\\/opetussuunnittelu\\\/\"},{\"@type\":\"ListItem\",\"position\":3,\"name\":\"Opintojaksot\",\"item\":\"https:\\\/\\\/help.jamk.fi\\\/peppi-ohjeet-henkilokunnalle\\\/fi\\\/opetussuunnittelu\\\/opintojaksot\\\/\"},{\"@type\":\"ListItem\",\"position\":4,\"name\":\"Opintojakson perustiedot\"}]},{\"@type\":\"WebSite\",\"@id\":\"https:\\\/\\\/help.jamk.fi\\\/peppi-ohjeet-henkilokunnalle\\\/#website\",\"url\":\"https:\\\/\\\/help.jamk.fi\\\/peppi-ohjeet-henkilokunnalle\\\/\",\"name\":\"Peppi-ohjeet henkil\u00f6kunnalle\",\"description\":\"\",\"potentialAction\":[{\"@type\":\"SearchAction\",\"target\":{\"@type\":\"EntryPoint\",\"urlTemplate\":\"https:\\\/\\\/help.jamk.fi\\\/peppi-ohjeet-henkilokunnalle\\\/?s={search_term_string}\"},\"query-input\":{\"@type\":\"PropertyValueSpecification\",\"valueRequired\":true,\"valueName\":\"search_term_string\"}}],\"inLanguage\":\"fi\"}]}<\/script>\n<!-- \/ Yoast SEO plugin. -->","yoast_head_json":{"title":"Opintojakson perustiedot - Peppi-ohjeet henkil\u00f6kunnalle","robots":{"index":"index","follow":"follow","max-snippet":"max-snippet:-1","max-image-preview":"max-image-preview:large","max-video-preview":"max-video-preview:-1"},"canonical":"https:\/\/help.jamk.fi\/peppi-ohjeet-henkilokunnalle\/fi\/opetussuunnittelu\/opintojaksot\/opintojakson-perustiedot\/","og_locale":"fi_FI","og_type":"article","og_title":"Opintojakson perustiedot - Peppi-ohjeet henkil\u00f6kunnalle","og_description":"HUOM. Opintojaksoon tekem\u00e4si muutokset vaikuttavat seuraavasti: Perustiedot Opintojakson perustietoja ovat mm. nimi, tunnus sek\u00e4 laajuus opintopisteiss\u00e4 (min-max). L\u00e4ht\u00f6kohtaisesti vain nimi suomeksi ja englanniksi, tunnus, laajuus, vastuuhenkil\u00f6t ja p\u00e4\u00e4asiallinen opetuskieli ovat pakollisia kentti\u00e4 (merkitty otsikon yhteyteen *-merkill\u00e4). Yksik\u00f6n koulutuskoordinaattori tai muu vastaava henkil\u00f6 kirjaa perustiedot Peppiin. Alla kuvassa yksi esimerkki perustietojen kentist\u00e4 (kuvio 1). *Nimi suomeksi [&hellip;]","og_url":"https:\/\/help.jamk.fi\/peppi-ohjeet-henkilokunnalle\/fi\/opetussuunnittelu\/opintojaksot\/opintojakson-perustiedot\/","og_site_name":"Peppi-ohjeet henkil\u00f6kunnalle","article_modified_time":"2025-06-17T12:22:19+00:00","og_image":[{"width":1536,"height":502,"url":"https:\/\/help.jamk.fi\/peppi-ohjeet-henkilokunnalle\/wp-content\/uploads\/sites\/131\/2020\/02\/Opintojakson-perustiedot.png","type":"image\/png"}],"twitter_card":"summary_large_image","twitter_misc":{"Arvioitu lukuaika":"3 minuuttia"},"schema":{"@context":"https:\/\/schema.org","@graph":[{"@type":"WebPage","@id":"https:\/\/help.jamk.fi\/peppi-ohjeet-henkilokunnalle\/fi\/opetussuunnittelu\/opintojaksot\/opintojakson-perustiedot\/","url":"https:\/\/help.jamk.fi\/peppi-ohjeet-henkilokunnalle\/fi\/opetussuunnittelu\/opintojaksot\/opintojakson-perustiedot\/","name":"Opintojakson perustiedot - Peppi-ohjeet henkil\u00f6kunnalle","isPartOf":{"@id":"https:\/\/help.jamk.fi\/peppi-ohjeet-henkilokunnalle\/#website"},"primaryImageOfPage":{"@id":"https:\/\/help.jamk.fi\/peppi-ohjeet-henkilokunnalle\/fi\/opetussuunnittelu\/opintojaksot\/opintojakson-perustiedot\/#primaryimage"},"image":{"@id":"https:\/\/help.jamk.fi\/peppi-ohjeet-henkilokunnalle\/fi\/opetussuunnittelu\/opintojaksot\/opintojakson-perustiedot\/#primaryimage"},"thumbnailUrl":"https:\/\/help.jamk.fi\/peppi-ohjeet-henkilokunnalle\/wp-content\/uploads\/sites\/131\/2020\/02\/Opintojakson-perustiedot.png","datePublished":"2020-02-13T05:58:14+00:00","dateModified":"2025-06-17T12:22:19+00:00","breadcrumb":{"@id":"https:\/\/help.jamk.fi\/peppi-ohjeet-henkilokunnalle\/fi\/opetussuunnittelu\/opintojaksot\/opintojakson-perustiedot\/#breadcrumb"},"inLanguage":"fi","potentialAction":[{"@type":"ReadAction","target":["https:\/\/help.jamk.fi\/peppi-ohjeet-henkilokunnalle\/fi\/opetussuunnittelu\/opintojaksot\/opintojakson-perustiedot\/"]}]},{"@type":"ImageObject","inLanguage":"fi","@id":"https:\/\/help.jamk.fi\/peppi-ohjeet-henkilokunnalle\/fi\/opetussuunnittelu\/opintojaksot\/opintojakson-perustiedot\/#primaryimage","url":"https:\/\/help.jamk.fi\/peppi-ohjeet-henkilokunnalle\/wp-content\/uploads\/sites\/131\/2020\/02\/Opintojakson-perustiedot.png","contentUrl":"https:\/\/help.jamk.fi\/peppi-ohjeet-henkilokunnalle\/wp-content\/uploads\/sites\/131\/2020\/02\/Opintojakson-perustiedot.png","width":1536,"height":502,"caption":"Kuvio 1. Opintojakson perustiedot"},{"@type":"BreadcrumbList","@id":"https:\/\/help.jamk.fi\/peppi-ohjeet-henkilokunnalle\/fi\/opetussuunnittelu\/opintojaksot\/opintojakson-perustiedot\/#breadcrumb","itemListElement":[{"@type":"ListItem","position":1,"name":"Home","item":"https:\/\/help.jamk.fi\/peppi-ohjeet-henkilokunnalle\/en\/"},{"@type":"ListItem","position":2,"name":"Opetussuunnittelu","item":"https:\/\/help.jamk.fi\/peppi-ohjeet-henkilokunnalle\/fi\/opetussuunnittelu\/"},{"@type":"ListItem","position":3,"name":"Opintojaksot","item":"https:\/\/help.jamk.fi\/peppi-ohjeet-henkilokunnalle\/fi\/opetussuunnittelu\/opintojaksot\/"},{"@type":"ListItem","position":4,"name":"Opintojakson perustiedot"}]},{"@type":"WebSite","@id":"https:\/\/help.jamk.fi\/peppi-ohjeet-henkilokunnalle\/#website","url":"https:\/\/help.jamk.fi\/peppi-ohjeet-henkilokunnalle\/","name":"Peppi-ohjeet henkil\u00f6kunnalle","description":"","potentialAction":[{"@type":"SearchAction","target":{"@type":"EntryPoint","urlTemplate":"https:\/\/help.jamk.fi\/peppi-ohjeet-henkilokunnalle\/?s={search_term_string}"},"query-input":{"@type":"PropertyValueSpecification","valueRequired":true,"valueName":"search_term_string"}}],"inLanguage":"fi"}]}},"_links":{"self":[{"href":"https:\/\/help.jamk.fi\/peppi-ohjeet-henkilokunnalle\/wp-json\/wp\/v2\/pages\/4564","targetHints":{"allow":["GET"]}}],"collection":[{"href":"https:\/\/help.jamk.fi\/peppi-ohjeet-henkilokunnalle\/wp-json\/wp\/v2\/pages"}],"about":[{"href":"https:\/\/help.jamk.fi\/peppi-ohjeet-henkilokunnalle\/wp-json\/wp\/v2\/types\/page"}],"author":[{"embeddable":true,"href":"https:\/\/help.jamk.fi\/peppi-ohjeet-henkilokunnalle\/wp-json\/wp\/v2\/users\/79"}],"replies":[{"embeddable":true,"href":"https:\/\/help.jamk.fi\/peppi-ohjeet-henkilokunnalle\/wp-json\/wp\/v2\/comments?post=4564"}],"version-history":[{"count":42,"href":"https:\/\/help.jamk.fi\/peppi-ohjeet-henkilokunnalle\/wp-json\/wp\/v2\/pages\/4564\/revisions"}],"predecessor-version":[{"id":7540,"href":"https:\/\/help.jamk.fi\/peppi-ohjeet-henkilokunnalle\/wp-json\/wp\/v2\/pages\/4564\/revisions\/7540"}],"up":[{"embeddable":true,"href":"https:\/\/help.jamk.fi\/peppi-ohjeet-henkilokunnalle\/wp-json\/wp\/v2\/pages\/4526"}],"wp:attachment":[{"href":"https:\/\/help.jamk.fi\/peppi-ohjeet-henkilokunnalle\/wp-json\/wp\/v2\/media?parent=4564"}],"wp:term":[{"taxonomy":"category","embeddable":true,"href":"https:\/\/help.jamk.fi\/peppi-ohjeet-henkilokunnalle\/wp-json\/wp\/v2\/categories?post=4564"},{"taxonomy":"post_tag","embeddable":true,"href":"https:\/\/help.jamk.fi\/peppi-ohjeet-henkilokunnalle\/wp-json\/wp\/v2\/tags?post=4564"}],"curies":[{"name":"wp","href":"https:\/\/api.w.org\/{rel}","templated":true}]}}