{"id":4567,"date":"2020-03-11T13:26:18","date_gmt":"2020-03-11T11:26:18","guid":{"rendered":"https:\/\/help.jamk.fi\/peppi-ohjeet-henkilokunnalle\/hopsin-hyvaksyminen\/"},"modified":"2024-01-19T17:31:00","modified_gmt":"2024-01-19T15:31:00","slug":"hopsin-hyvaksyminen","status":"publish","type":"page","link":"https:\/\/help.jamk.fi\/peppi-ohjeet-henkilokunnalle\/fi\/opiskelijahallinto\/hopsin-kasittely\/hopsin-hyvaksyminen\/","title":{"rendered":"HOPS hyv\u00e4ksyminen"},"content":{"rendered":"\n<p>Opiskelijoiden HOPSeja voidaan hyv\u00e4ksy\u00e4 joko koko ryhm\u00e4n HOPSit samalla kertaa tai yksitt\u00e4iselle opiskelijalle h\u00e4nen henkil\u00f6kohtaiselta HOPSilta. <strong>Mik\u00e4li et pysty muokkaamaan HOPSia niin tarkasta, ett\u00e4 olet muokkaamassa Luonnos-tilassa olevaa HOPSia.<\/strong><\/p>\n\n\n\n<h2 class=\"wp-block-heading\">Ryhm\u00e4n opiskelijoiden HOPSien hyv\u00e4ksynt\u00e4 kerralla<\/h2>\n\n\n\n<p>HOPS-ryhm\u00e4n opiskelijoiden HOPSit voidaan hyv\u00e4ksy\u00e4 yhdell\u00e4 kertaa<\/p>\n\n\n\n<ul class=\"wp-block-list\">\n<li>Opettajan ty\u00f6p\u00f6yd\u00e4ll\u00e4 -&gt; Opiskelijat -valikko -&gt; HOPS-ohjaus -&gt; Opiskelijat-v\u00e4lilehti<br><strong>TAI<\/strong><\/li>\n\n\n\n<li>Korkeakoulupalveluiden ty\u00f6p\u00f6yd\u00e4ll\u00e4 -&gt; Opiskelija -valikko -&gt; HOPS-ohjaus -&gt; Opiskelijat -v\u00e4lilehti.<\/li>\n<\/ul>\n\n\n\n<p>Saadakseen HOPS-ryhm\u00e4n opiskelijat n\u00e4kyville, k\u00e4ytt\u00e4j\u00e4n tulee olla kiinnitetty opiskelijoiden tai ryhm\u00e4n ohjaajaksi.<\/p>\n\n\n\n<figure class=\"wp-block-image\"><img loading=\"lazy\" decoding=\"async\" width=\"640\" height=\"92\" src=\"https:\/\/help.jamk.fi\/peppi-ohjeet-henkilokunnalle\/wp-content\/uploads\/sites\/131\/2020\/03\/HOPS_Ohjaus_valilehdet_opiskelija.png\" alt=\"Kuva HOPS-ohjauksen opiskelija-v\u00e4lilehdest\u00e4\" class=\"wp-image-726\"\/><\/figure>\n\n\n\n<ul class=\"wp-block-list\">\n<li>Valitse rivin alussa olevan valintaruudun avulla opiskelijat joiden HOPSit haluat hyv\u00e4ksy\u00e4\n<ul class=\"wp-block-list\">\n<li>Kaikki ryhm\u00e4n opiskelijat voidaan valita valitsemalla otsikkorivill\u00e4 oleva valintaruutu.<\/li>\n<\/ul>\n<\/li>\n\n\n\n<li>Valitse <strong>Hyv\u00e4ksy valitut HOPSit<\/strong><\/li>\n\n\n\n<li>Kirjoita viestille aihe sek\u00e4 haluttu viesti<\/li>\n\n\n\n<li>Valitse <strong>Hyv\u00e4ksy valitut HOPSit<\/strong><\/li>\n<\/ul>\n\n\n\n<h2 class=\"wp-block-heading\">Yksitt\u00e4isen opiskelijan HOPS<\/h2>\n\n\n\n<p>Yksitt\u00e4isen opiskelijan HOPS hyv\u00e4ksyt\u00e4\u00e4n opiskelijan HOPSissa.<\/p>\n\n\n\n<p>Tarkemmat ohjeet yksitt\u00e4isen opiskelijan HOPSin hyv\u00e4ksymisest\u00e4 l\u00f6yd\u00e4t <a href=\"https:\/\/help.jamk.fi\/peppi-ohjeet-henkilokunnalle\/fi\/opiskelijahallinto\/hopsin-kasittely\/\">Hopsin k\u00e4sittely ohjeista<\/a>.<\/p>\n","protected":false},"excerpt":{"rendered":"<p>Opiskelijoiden HOPSeja voidaan hyv\u00e4ksy\u00e4 joko koko ryhm\u00e4n HOPSit samalla kertaa tai yksitt\u00e4iselle opiskelijalle h\u00e4nen henkil\u00f6kohtaiselta HOPSilta. Mik\u00e4li et pysty muokkaamaan HOPSia niin tarkasta, ett\u00e4 olet muokkaamassa Luonnos-tilassa olevaa HOPSia. Ryhm\u00e4n opiskelijoiden HOPSien hyv\u00e4ksynt\u00e4 kerralla HOPS-ryhm\u00e4n opiskelijoiden HOPSit voidaan hyv\u00e4ksy\u00e4 yhdell\u00e4 kertaa Saadakseen HOPS-ryhm\u00e4n opiskelijat n\u00e4kyville, k\u00e4ytt\u00e4j\u00e4n tulee olla kiinnitetty opiskelijoiden tai ryhm\u00e4n ohjaajaksi. Yksitt\u00e4isen opiskelijan [&hellip;]<\/p>\n","protected":false},"author":77,"featured_media":0,"parent":4568,"menu_order":25,"comment_status":"closed","ping_status":"open","template":"","meta":{"_acf_changed":false,"_relevanssi_hide_post":"","_relevanssi_hide_content":"","_relevanssi_pin_for_all":"","_relevanssi_pin_keywords":"","_relevanssi_unpin_keywords":"","_relevanssi_related_keywords":"","_relevanssi_related_include_ids":"","_relevanssi_related_exclude_ids":"","_relevanssi_related_no_append":"","_relevanssi_related_not_related":"","_relevanssi_related_posts":"","_relevanssi_noindex_reason":"","footnotes":""},"categories":[12],"tags":[],"class_list":["post-4567","page","type-page","status-publish","hentry","category-korkeakoulupalveluiden-tyopoyta"],"acf":[],"yoast_head":"<!-- This site is optimized with the Yoast SEO plugin v27.3 - https:\/\/yoast.com\/product\/yoast-seo-wordpress\/ -->\n<title>HOPS hyv\u00e4ksyminen - Peppi-ohjeet henkil\u00f6kunnalle<\/title>\n<meta name=\"robots\" content=\"index, follow, max-snippet:-1, max-image-preview:large, max-video-preview:-1\" \/>\n<link rel=\"canonical\" href=\"https:\/\/help.jamk.fi\/peppi-ohjeet-henkilokunnalle\/fi\/opiskelijahallinto\/hopsin-kasittely\/hopsin-hyvaksyminen\/\" \/>\n<meta property=\"og:locale\" content=\"fi_FI\" \/>\n<meta property=\"og:type\" content=\"article\" \/>\n<meta property=\"og:title\" content=\"HOPS hyv\u00e4ksyminen - Peppi-ohjeet henkil\u00f6kunnalle\" \/>\n<meta property=\"og:description\" content=\"Opiskelijoiden HOPSeja voidaan hyv\u00e4ksy\u00e4 joko koko ryhm\u00e4n HOPSit samalla kertaa tai yksitt\u00e4iselle opiskelijalle h\u00e4nen henkil\u00f6kohtaiselta HOPSilta. Mik\u00e4li et pysty muokkaamaan HOPSia niin tarkasta, ett\u00e4 olet muokkaamassa Luonnos-tilassa olevaa HOPSia. Ryhm\u00e4n opiskelijoiden HOPSien hyv\u00e4ksynt\u00e4 kerralla HOPS-ryhm\u00e4n opiskelijoiden HOPSit voidaan hyv\u00e4ksy\u00e4 yhdell\u00e4 kertaa Saadakseen HOPS-ryhm\u00e4n opiskelijat n\u00e4kyville, k\u00e4ytt\u00e4j\u00e4n tulee olla kiinnitetty opiskelijoiden tai ryhm\u00e4n ohjaajaksi. Yksitt\u00e4isen opiskelijan [&hellip;]\" \/>\n<meta property=\"og:url\" content=\"https:\/\/help.jamk.fi\/peppi-ohjeet-henkilokunnalle\/fi\/opiskelijahallinto\/hopsin-kasittely\/hopsin-hyvaksyminen\/\" \/>\n<meta property=\"og:site_name\" content=\"Peppi-ohjeet henkil\u00f6kunnalle\" \/>\n<meta property=\"article:modified_time\" content=\"2024-01-19T15:31:00+00:00\" \/>\n<meta property=\"og:image\" content=\"https:\/\/help.jamk.fi\/peppi-ohjeet-henkilokunnalle\/wp-content\/uploads\/sites\/131\/2020\/03\/HOPS_Ohjaus_valilehdet_opiskelija.png\" \/>\n<meta name=\"twitter:card\" content=\"summary_large_image\" \/>\n<meta name=\"twitter:label1\" content=\"Arvioitu lukuaika\" \/>\n\t<meta name=\"twitter:data1\" content=\"1 minuutti\" \/>\n<script type=\"application\/ld+json\" class=\"yoast-schema-graph\">{\"@context\":\"https:\\\/\\\/schema.org\",\"@graph\":[{\"@type\":\"WebPage\",\"@id\":\"https:\\\/\\\/help.jamk.fi\\\/peppi-ohjeet-henkilokunnalle\\\/fi\\\/opiskelijahallinto\\\/hopsin-kasittely\\\/hopsin-hyvaksyminen\\\/\",\"url\":\"https:\\\/\\\/help.jamk.fi\\\/peppi-ohjeet-henkilokunnalle\\\/fi\\\/opiskelijahallinto\\\/hopsin-kasittely\\\/hopsin-hyvaksyminen\\\/\",\"name\":\"HOPS hyv\u00e4ksyminen - Peppi-ohjeet henkil\u00f6kunnalle\",\"isPartOf\":{\"@id\":\"https:\\\/\\\/help.jamk.fi\\\/peppi-ohjeet-henkilokunnalle\\\/#website\"},\"primaryImageOfPage\":{\"@id\":\"https:\\\/\\\/help.jamk.fi\\\/peppi-ohjeet-henkilokunnalle\\\/fi\\\/opiskelijahallinto\\\/hopsin-kasittely\\\/hopsin-hyvaksyminen\\\/#primaryimage\"},\"image\":{\"@id\":\"https:\\\/\\\/help.jamk.fi\\\/peppi-ohjeet-henkilokunnalle\\\/fi\\\/opiskelijahallinto\\\/hopsin-kasittely\\\/hopsin-hyvaksyminen\\\/#primaryimage\"},\"thumbnailUrl\":\"https:\\\/\\\/help.jamk.fi\\\/peppi-ohjeet-henkilokunnalle\\\/wp-content\\\/uploads\\\/sites\\\/131\\\/2020\\\/03\\\/HOPS_Ohjaus_valilehdet_opiskelija.png\",\"datePublished\":\"2020-03-11T11:26:18+00:00\",\"dateModified\":\"2024-01-19T15:31:00+00:00\",\"breadcrumb\":{\"@id\":\"https:\\\/\\\/help.jamk.fi\\\/peppi-ohjeet-henkilokunnalle\\\/fi\\\/opiskelijahallinto\\\/hopsin-kasittely\\\/hopsin-hyvaksyminen\\\/#breadcrumb\"},\"inLanguage\":\"fi\",\"potentialAction\":[{\"@type\":\"ReadAction\",\"target\":[\"https:\\\/\\\/help.jamk.fi\\\/peppi-ohjeet-henkilokunnalle\\\/fi\\\/opiskelijahallinto\\\/hopsin-kasittely\\\/hopsin-hyvaksyminen\\\/\"]}]},{\"@type\":\"ImageObject\",\"inLanguage\":\"fi\",\"@id\":\"https:\\\/\\\/help.jamk.fi\\\/peppi-ohjeet-henkilokunnalle\\\/fi\\\/opiskelijahallinto\\\/hopsin-kasittely\\\/hopsin-hyvaksyminen\\\/#primaryimage\",\"url\":\"https:\\\/\\\/help.jamk.fi\\\/peppi-ohjeet-henkilokunnalle\\\/wp-content\\\/uploads\\\/sites\\\/131\\\/2020\\\/03\\\/HOPS_Ohjaus_valilehdet_opiskelija.png\",\"contentUrl\":\"https:\\\/\\\/help.jamk.fi\\\/peppi-ohjeet-henkilokunnalle\\\/wp-content\\\/uploads\\\/sites\\\/131\\\/2020\\\/03\\\/HOPS_Ohjaus_valilehdet_opiskelija.png\",\"width\":640,\"height\":92,\"caption\":\"Kuva HOPS-ohjauksen opiskelija-v\u00e4lilehdest\u00e4\"},{\"@type\":\"BreadcrumbList\",\"@id\":\"https:\\\/\\\/help.jamk.fi\\\/peppi-ohjeet-henkilokunnalle\\\/fi\\\/opiskelijahallinto\\\/hopsin-kasittely\\\/hopsin-hyvaksyminen\\\/#breadcrumb\",\"itemListElement\":[{\"@type\":\"ListItem\",\"position\":1,\"name\":\"Home\",\"item\":\"https:\\\/\\\/help.jamk.fi\\\/peppi-ohjeet-henkilokunnalle\\\/en\\\/\"},{\"@type\":\"ListItem\",\"position\":2,\"name\":\"Opiskelijahallinto\",\"item\":\"https:\\\/\\\/help.jamk.fi\\\/peppi-ohjeet-henkilokunnalle\\\/fi\\\/opiskelijahallinto\\\/\"},{\"@type\":\"ListItem\",\"position\":3,\"name\":\"HOPSin k\u00e4sittely\",\"item\":\"https:\\\/\\\/help.jamk.fi\\\/peppi-ohjeet-henkilokunnalle\\\/fi\\\/opiskelijahallinto\\\/hopsin-kasittely\\\/\"},{\"@type\":\"ListItem\",\"position\":4,\"name\":\"HOPS hyv\u00e4ksyminen\"}]},{\"@type\":\"WebSite\",\"@id\":\"https:\\\/\\\/help.jamk.fi\\\/peppi-ohjeet-henkilokunnalle\\\/#website\",\"url\":\"https:\\\/\\\/help.jamk.fi\\\/peppi-ohjeet-henkilokunnalle\\\/\",\"name\":\"Peppi-ohjeet henkil\u00f6kunnalle\",\"description\":\"\",\"potentialAction\":[{\"@type\":\"SearchAction\",\"target\":{\"@type\":\"EntryPoint\",\"urlTemplate\":\"https:\\\/\\\/help.jamk.fi\\\/peppi-ohjeet-henkilokunnalle\\\/?s={search_term_string}\"},\"query-input\":{\"@type\":\"PropertyValueSpecification\",\"valueRequired\":true,\"valueName\":\"search_term_string\"}}],\"inLanguage\":\"fi\"}]}<\/script>\n<!-- \/ Yoast SEO plugin. -->","yoast_head_json":{"title":"HOPS hyv\u00e4ksyminen - Peppi-ohjeet henkil\u00f6kunnalle","robots":{"index":"index","follow":"follow","max-snippet":"max-snippet:-1","max-image-preview":"max-image-preview:large","max-video-preview":"max-video-preview:-1"},"canonical":"https:\/\/help.jamk.fi\/peppi-ohjeet-henkilokunnalle\/fi\/opiskelijahallinto\/hopsin-kasittely\/hopsin-hyvaksyminen\/","og_locale":"fi_FI","og_type":"article","og_title":"HOPS hyv\u00e4ksyminen - Peppi-ohjeet henkil\u00f6kunnalle","og_description":"Opiskelijoiden HOPSeja voidaan hyv\u00e4ksy\u00e4 joko koko ryhm\u00e4n HOPSit samalla kertaa tai yksitt\u00e4iselle opiskelijalle h\u00e4nen henkil\u00f6kohtaiselta HOPSilta. Mik\u00e4li et pysty muokkaamaan HOPSia niin tarkasta, ett\u00e4 olet muokkaamassa Luonnos-tilassa olevaa HOPSia. Ryhm\u00e4n opiskelijoiden HOPSien hyv\u00e4ksynt\u00e4 kerralla HOPS-ryhm\u00e4n opiskelijoiden HOPSit voidaan hyv\u00e4ksy\u00e4 yhdell\u00e4 kertaa Saadakseen HOPS-ryhm\u00e4n opiskelijat n\u00e4kyville, k\u00e4ytt\u00e4j\u00e4n tulee olla kiinnitetty opiskelijoiden tai ryhm\u00e4n ohjaajaksi. Yksitt\u00e4isen opiskelijan [&hellip;]","og_url":"https:\/\/help.jamk.fi\/peppi-ohjeet-henkilokunnalle\/fi\/opiskelijahallinto\/hopsin-kasittely\/hopsin-hyvaksyminen\/","og_site_name":"Peppi-ohjeet henkil\u00f6kunnalle","article_modified_time":"2024-01-19T15:31:00+00:00","og_image":[{"url":"https:\/\/help.jamk.fi\/peppi-ohjeet-henkilokunnalle\/wp-content\/uploads\/sites\/131\/2020\/03\/HOPS_Ohjaus_valilehdet_opiskelija.png","type":"","width":"","height":""}],"twitter_card":"summary_large_image","twitter_misc":{"Arvioitu lukuaika":"1 minuutti"},"schema":{"@context":"https:\/\/schema.org","@graph":[{"@type":"WebPage","@id":"https:\/\/help.jamk.fi\/peppi-ohjeet-henkilokunnalle\/fi\/opiskelijahallinto\/hopsin-kasittely\/hopsin-hyvaksyminen\/","url":"https:\/\/help.jamk.fi\/peppi-ohjeet-henkilokunnalle\/fi\/opiskelijahallinto\/hopsin-kasittely\/hopsin-hyvaksyminen\/","name":"HOPS hyv\u00e4ksyminen - Peppi-ohjeet henkil\u00f6kunnalle","isPartOf":{"@id":"https:\/\/help.jamk.fi\/peppi-ohjeet-henkilokunnalle\/#website"},"primaryImageOfPage":{"@id":"https:\/\/help.jamk.fi\/peppi-ohjeet-henkilokunnalle\/fi\/opiskelijahallinto\/hopsin-kasittely\/hopsin-hyvaksyminen\/#primaryimage"},"image":{"@id":"https:\/\/help.jamk.fi\/peppi-ohjeet-henkilokunnalle\/fi\/opiskelijahallinto\/hopsin-kasittely\/hopsin-hyvaksyminen\/#primaryimage"},"thumbnailUrl":"https:\/\/help.jamk.fi\/peppi-ohjeet-henkilokunnalle\/wp-content\/uploads\/sites\/131\/2020\/03\/HOPS_Ohjaus_valilehdet_opiskelija.png","datePublished":"2020-03-11T11:26:18+00:00","dateModified":"2024-01-19T15:31:00+00:00","breadcrumb":{"@id":"https:\/\/help.jamk.fi\/peppi-ohjeet-henkilokunnalle\/fi\/opiskelijahallinto\/hopsin-kasittely\/hopsin-hyvaksyminen\/#breadcrumb"},"inLanguage":"fi","potentialAction":[{"@type":"ReadAction","target":["https:\/\/help.jamk.fi\/peppi-ohjeet-henkilokunnalle\/fi\/opiskelijahallinto\/hopsin-kasittely\/hopsin-hyvaksyminen\/"]}]},{"@type":"ImageObject","inLanguage":"fi","@id":"https:\/\/help.jamk.fi\/peppi-ohjeet-henkilokunnalle\/fi\/opiskelijahallinto\/hopsin-kasittely\/hopsin-hyvaksyminen\/#primaryimage","url":"https:\/\/help.jamk.fi\/peppi-ohjeet-henkilokunnalle\/wp-content\/uploads\/sites\/131\/2020\/03\/HOPS_Ohjaus_valilehdet_opiskelija.png","contentUrl":"https:\/\/help.jamk.fi\/peppi-ohjeet-henkilokunnalle\/wp-content\/uploads\/sites\/131\/2020\/03\/HOPS_Ohjaus_valilehdet_opiskelija.png","width":640,"height":92,"caption":"Kuva HOPS-ohjauksen opiskelija-v\u00e4lilehdest\u00e4"},{"@type":"BreadcrumbList","@id":"https:\/\/help.jamk.fi\/peppi-ohjeet-henkilokunnalle\/fi\/opiskelijahallinto\/hopsin-kasittely\/hopsin-hyvaksyminen\/#breadcrumb","itemListElement":[{"@type":"ListItem","position":1,"name":"Home","item":"https:\/\/help.jamk.fi\/peppi-ohjeet-henkilokunnalle\/en\/"},{"@type":"ListItem","position":2,"name":"Opiskelijahallinto","item":"https:\/\/help.jamk.fi\/peppi-ohjeet-henkilokunnalle\/fi\/opiskelijahallinto\/"},{"@type":"ListItem","position":3,"name":"HOPSin k\u00e4sittely","item":"https:\/\/help.jamk.fi\/peppi-ohjeet-henkilokunnalle\/fi\/opiskelijahallinto\/hopsin-kasittely\/"},{"@type":"ListItem","position":4,"name":"HOPS hyv\u00e4ksyminen"}]},{"@type":"WebSite","@id":"https:\/\/help.jamk.fi\/peppi-ohjeet-henkilokunnalle\/#website","url":"https:\/\/help.jamk.fi\/peppi-ohjeet-henkilokunnalle\/","name":"Peppi-ohjeet henkil\u00f6kunnalle","description":"","potentialAction":[{"@type":"SearchAction","target":{"@type":"EntryPoint","urlTemplate":"https:\/\/help.jamk.fi\/peppi-ohjeet-henkilokunnalle\/?s={search_term_string}"},"query-input":{"@type":"PropertyValueSpecification","valueRequired":true,"valueName":"search_term_string"}}],"inLanguage":"fi"}]}},"_links":{"self":[{"href":"https:\/\/help.jamk.fi\/peppi-ohjeet-henkilokunnalle\/wp-json\/wp\/v2\/pages\/4567","targetHints":{"allow":["GET"]}}],"collection":[{"href":"https:\/\/help.jamk.fi\/peppi-ohjeet-henkilokunnalle\/wp-json\/wp\/v2\/pages"}],"about":[{"href":"https:\/\/help.jamk.fi\/peppi-ohjeet-henkilokunnalle\/wp-json\/wp\/v2\/types\/page"}],"author":[{"embeddable":true,"href":"https:\/\/help.jamk.fi\/peppi-ohjeet-henkilokunnalle\/wp-json\/wp\/v2\/users\/77"}],"replies":[{"embeddable":true,"href":"https:\/\/help.jamk.fi\/peppi-ohjeet-henkilokunnalle\/wp-json\/wp\/v2\/comments?post=4567"}],"version-history":[{"count":8,"href":"https:\/\/help.jamk.fi\/peppi-ohjeet-henkilokunnalle\/wp-json\/wp\/v2\/pages\/4567\/revisions"}],"predecessor-version":[{"id":6355,"href":"https:\/\/help.jamk.fi\/peppi-ohjeet-henkilokunnalle\/wp-json\/wp\/v2\/pages\/4567\/revisions\/6355"}],"up":[{"embeddable":true,"href":"https:\/\/help.jamk.fi\/peppi-ohjeet-henkilokunnalle\/wp-json\/wp\/v2\/pages\/4568"}],"wp:attachment":[{"href":"https:\/\/help.jamk.fi\/peppi-ohjeet-henkilokunnalle\/wp-json\/wp\/v2\/media?parent=4567"}],"wp:term":[{"taxonomy":"category","embeddable":true,"href":"https:\/\/help.jamk.fi\/peppi-ohjeet-henkilokunnalle\/wp-json\/wp\/v2\/categories?post=4567"},{"taxonomy":"post_tag","embeddable":true,"href":"https:\/\/help.jamk.fi\/peppi-ohjeet-henkilokunnalle\/wp-json\/wp\/v2\/tags?post=4567"}],"curies":[{"name":"wp","href":"https:\/\/api.w.org\/{rel}","templated":true}]}}