{"id":4569,"date":"2020-03-24T08:31:21","date_gmt":"2020-03-24T06:31:21","guid":{"rendered":"https:\/\/help.jamk.fi\/peppi-ohjeet-henkilokunnalle\/opiskelijahallinto\/hopsin-kasittely\/tarkastelu-valilehti\/"},"modified":"2024-01-22T15:46:31","modified_gmt":"2024-01-22T13:46:31","slug":"tarkastelu-valilehti","status":"publish","type":"page","link":"https:\/\/help.jamk.fi\/peppi-ohjeet-henkilokunnalle\/fi\/opiskelijahallinto\/hopsin-kasittely\/tarkastelu-valilehti\/","title":{"rendered":"Tarkastelu-v\u00e4lilehti"},"content":{"rendered":"\n<p>Tarkastelu-v\u00e4lilehdell\u00e4 on n\u00e4ht\u00e4viss\u00e4 ajantasainen, rakenteinen HOPS. HOPS pohjautuu kyseisen opiskeluoikeuden oletusopetussuunnitelmaan.<\/p>\n\n\n\n<h2 class=\"wp-block-heading\">Opintokokonaisuuden sis\u00e4ll\u00f6n tarkastelu<\/h2>\n\n\n\n<p>Klikkaa opintokokonaisuuden nime\u00e4 -&gt; avautuu ponnahdusikkuna, jossa kuvattu kokonaisuuden tiedot. Sulje ponnahdusikkuna valitsemalla n\u00e4pp\u00e4imist\u00f6st\u00e4 esc tai klikkaamalla ponnahdusikkunan ruksia tai Sulje.<\/p>\n\n\n\n<h2 class=\"wp-block-heading\">Opintojakson sis\u00e4ll\u00f6n tarkastelu<\/h2>\n\n\n\n<p>Klikkaa opintojakson nime\u00e4 -&gt; avautuu ponnahdusikkuna, jossa kuvattu jakson tiedot.<br>Sulje ponnahdusikkuna valitsemalla n\u00e4pp\u00e4imist\u00f6st\u00e4 esc tai klikkaamalla ponnahdusikkunan ruksia tai Sulje.<\/p>\n\n\n\n<h3 class=\"wp-block-heading\">Lataa opintosuoritusote<\/h3>\n\n\n\n<ul class=\"wp-block-list\">\n<li>Valitse <strong>Lataa opintosuoritusote (PDF)<\/strong>.<\/li>\n<\/ul>\n\n\n\n<p>Suoritusote on l\u00f6ydett\u00e4viss\u00e4 selaimesi latauksista.<\/p>\n\n\n\n<h3 class=\"wp-block-heading\">Lis\u00e4\u00e4 merkint\u00e4 opintokokonaisuudelle tai opintojaksolle<\/h3>\n\n\n\n<ul class=\"wp-block-list\">\n<li>Klikkaa opintokokonaisuuden tai opintojakson per\u00e4ss\u00e4 olevaa <strong>plus -ikonia<\/strong> tai<strong> puhekuplaa<\/strong>.\n<ul class=\"wp-block-list\">\n<li>&nbsp;<strong>Plus<\/strong> -ikoni on n\u00e4kyviss\u00e4, mik\u00e4li kyseiseen opintokokonaisuuteen tai opintojaksoon ei ole viel\u00e4 kirjattu merkint\u00e4\u00e4.<\/li>\n\n\n\n<li>&nbsp;<strong>Plus<\/strong>-ikoni on muuttunut puhekuplaksi, mik\u00e4li merkint\u00f6j\u00e4 on jo kirjattu.<\/li>\n<\/ul>\n<\/li>\n\n\n\n<li>T\u00e4yt\u00e4 kent\u00e4t.<\/li>\n\n\n\n<li>Valitse <strong>L\u00e4het\u00e4<\/strong>\n<ul class=\"wp-block-list\">\n<li>Viesti on tarkasteltavissa opiskelijan HOPSissa ja ohjaajan ty\u00f6p\u00f6yd\u00e4ll\u00e4.<\/li>\n<\/ul>\n<\/li>\n<\/ul>\n\n\n\n<h2 class=\"wp-block-heading\">Opintokokonaisuuden muokkaus ja arviointi<\/h2>\n\n\n\n<p>Opintokokonaisuuden tietoja voi muokata tai sen voi arvioida painamalla opintokokonaisuus -rivin oikeassa reunassa olevaa kolmen pisteen -painiketta.<\/p>\n\n\n\n<h3 class=\"wp-block-heading\">Opintokokonaisuuden nimen muokkaus<\/h3>\n\n\n\n<p>Opintokokonaisuuden n\u00e4ytett\u00e4v\u00e4n vaihtoehtoisen nimen voi valita ja sit\u00e4 voi muuttaa avaamalla opintokokonaisuuden muokkaus -valikon.<\/p>\n\n\n\n<p>Opintokokonaisuuden nimen muokkaus tapahtuu seuraavasti:<\/p>\n\n\n\n<ul class=\"wp-block-list\">\n<li>Valitse opintokokonaisuus -rivin oikeassa reunassa olevaa kolmen pisteen -painike<\/li>\n\n\n\n<li>Valitse <strong>Muokkaa<\/strong><\/li>\n\n\n\n<li>Valitse n\u00e4ytet\u00e4\u00e4nk\u00f6 suoritusotteella alkuper\u00e4inen vai vaihtoehtoinen opintokokonaisuuden nimi<\/li>\n\n\n\n<li>Sy\u00f6t\u00e4 opintokokonaisuuden vaihtoehtoinen nimi suomeksi ja englanniksi<\/li>\n\n\n\n<li>Paina <strong>Tallenna<\/strong><\/li>\n<\/ul>\n\n\n\n<figure class=\"wp-block-image\"><img loading=\"lazy\" decoding=\"async\" width=\"640\" height=\"454\" src=\"https:\/\/help.jamk.fi\/peppi-ohjeet-henkilokunnalle\/wp-content\/uploads\/sites\/131\/2020\/03\/HOPS_tarkastelu_opintokokonaisuuden_nimi.png\" alt=\"HOPSin tarkastelu -v\u00e4lilehden opintokokonaisuuden nimen muokkaus ja valinta\" class=\"wp-image-866\"\/><\/figure>\n\n\n\n<h3 class=\"wp-block-heading\">Opintokokonaisuuden arviointi<\/h3>\n\n\n\n<p>Opintokokonaisuuden voi arvioida opintokokonaisuuden arviointi -valikossa. Arviointi -valikossa voidaan valita suoritusotteella n\u00e4ytett\u00e4v\u00e4t nimet.<\/p>\n\n\n\n<p>Opintokokonaisuuden nimen muokkaus tapahtuu seuraavasti:<\/p>\n\n\n\n<ul class=\"wp-block-list\">\n<li>Valitse opintokokonaisuus -rivin oikeassa reunassa olevaa kolmen pisteen -painike<\/li>\n\n\n\n<li>Valitse <strong>Arviointi<\/strong><\/li>\n\n\n\n<li>Valitse suoritusotteessa n\u00e4ytett\u00e4v\u00e4t nimet\n<ul class=\"wp-block-list\">\n<li>Mik\u00e4li valitsit n\u00e4ytett\u00e4v\u00e4ksi nimeksi vaihtoehtoisen nimen, t\u00e4yt\u00e4 vaihtoehtoinen nimi suomeksi ja englanniksi<\/li>\n<\/ul>\n<\/li>\n\n\n\n<li>Valitse <strong>arviointi<\/strong> -pudotusvalikosta arvosana<\/li>\n\n\n\n<li>Merkitse <strong>suoritusp\u00e4iv\u00e4<\/strong><\/li>\n\n\n\n<li>Oletuksena suoritusmerkinn\u00e4n antajana olet sin\u00e4. T\u00e4st\u00e4 voi tarvittaessa vaihtaa arvioijaa.<\/li>\n\n\n\n<li>Huomiot opiskelijalle &#8211; <strong>Ei ole k\u00e4yt\u00f6ss\u00e4! \u00e4l\u00e4 kirjoita mit\u00e4\u00e4n!<\/strong><\/li>\n\n\n\n<li>Huomiot sis\u00e4iseen k\u00e4ytt\u00f6\u00f6n n\u00e4kyy opiskelijan opiskeluoikeuden opintosuorituksissa<\/li>\n\n\n\n<li>Paina <strong>Tallenna<\/strong><\/li>\n<\/ul>\n\n\n\n<p><img loading=\"lazy\" decoding=\"async\" class=\"alignnone size-full wp-image-862\" src=\"https:\/\/help.jamk.fi\/peppi-ohjeet-henkilokunnalle\/wp-content\/uploads\/sites\/131\/2020\/03\/HOPS_tarkastelu_opintokokonaisuuden_arviointi.png\" alt=\"HOPSin tarkastelu -v\u00e4lilehden opintokokonaisuuden arviointi\" width=\"640\" height=\"464\"><\/p>\n\n\n\n<h2 class=\"wp-block-heading\">Opintojakson muokkaus ja arviointi<\/h2>\n\n\n\n<p>Opintojakson voi arvioida painamalla opintojakso -rivin oikeassa reunassa olevaa kolmen pisteen -painiketta. Jo arvioidun opintojakson tietoja voi muokata arviointi -valikosta. Opintojaksolle voidaan asettaa tyyppi sek\u00e4 todistuksessa n\u00e4ytett\u00e4v\u00e4 kieli. Opintojaksolle voidaan tarvittaessa asettaa my\u00f6s vaihtoehtoinen laajuus.<\/p>\n\n\n\n<ul class=\"wp-block-list\">\n<li>Arviointi -painikkeesta arvioidaan opintojakso tai voidaan muuttaa arvioidun opintojakson tietoja, mik\u00e4li k\u00e4ytt\u00e4j\u00e4ll\u00e4 on riitt\u00e4v\u00e4t oikeudet.\n<ul class=\"wp-block-list\">\n<li>Opettajan oletustapa kirjata arvosanoja on toteutusten kautta.<\/li>\n<\/ul>\n<\/li>\n\n\n\n<li>Opinnon tyyppi -pudotusvalikosta voi valita opinnolle tyypin. T\u00e4m\u00e4 koskee opinn\u00e4ytety\u00f6t\u00e4.<\/li>\n\n\n\n<li>Opinnon kieli todistuksessa &#8211;<strong> T\u00e4m\u00e4 ei ole k\u00e4yt\u00f6ss\u00e4!<\/strong><\/li>\n\n\n\n<li>Opintojaksolle voidaan asettaa vaihtoehtoinen laajuus kirjaamalla se kentt\u00e4\u00e4n<\/li>\n\n\n\n<li>Opintojaksolle asetetun vaihtoehtoisen laajuuden voi poistaa painamalla <strong>Tyhjenn\u00e4 vaihtoehtoinen laajuus<\/strong><\/li>\n<\/ul>\n\n\n\n<p><img loading=\"lazy\" decoding=\"async\" class=\"alignnone size-full wp-image-861\" src=\"https:\/\/help.jamk.fi\/peppi-ohjeet-henkilokunnalle\/wp-content\/uploads\/sites\/131\/2020\/03\/HOPS_tarkastelu_opintojakso_valikko.png\" alt=\"HOPSin tarkastelu -v\u00e4lilehden opintojakson muokkaus -valikko\" width=\"301\" height=\"375\"><\/p>\n\n\n\n<h3 class=\"wp-block-heading\">Opintojakson arviointi<\/h3>\n\n\n\n<p>Opintojakson voi arvioida painamalla opintojakso -rivin oikeassa reunassa olevaa kolmen pisteen -painiketta. Jo arvioidun opintojakson tietoja voi muokata arviointi -valikosta.<\/p>\n\n\n\n<ul class=\"wp-block-list\">\n<li>Valitse <strong>Arviointi<\/strong><\/li>\n\n\n\n<li>T\u00e4yt\u00e4 ainakin pakolliset kent\u00e4t, jotka on merkitty <strong>*<\/strong> -merkill\u00e4.\n\n\n\n\n<ul class=\"wp-block-list\">\n<li>Tilanne -kent\u00e4ss\u00e4 n\u00e4et onko opintojakso jo arvioitu.<\/li>\n\n\n\n<li><strong>Opintopisteet<\/strong> -kent\u00e4ss\u00e4 voit vaihtaa tarvittaessa opintopisteiden m\u00e4\u00e4r\u00e4\u00e4<\/li>\n\n\n\n<li>Suoritusotteessa n\u00e4ytett\u00e4v\u00e4t nimet -kent\u00e4st\u00e4 voi valita n\u00e4ytett\u00e4v\u00e4t nimet.\n<ul class=\"wp-block-list\">\n<li>Mik\u00e4li valitsit n\u00e4ytett\u00e4v\u00e4ksi nimeksi vaihtoehtoisen nimen, t\u00e4yt\u00e4 vaihtoehtoinen nimi suomeksi ja englanniksi<\/li>\n<\/ul>\n<\/li>\n\n\n\n<li>Valitse <strong>arviointi<\/strong> -pudotusvalikosta arvosana<\/li>\n\n\n\n<li>Suoritustavan voit valita pudotusvalikosta<\/li>\n\n\n\n<li>Suorituspaikan voit valita pudotusvalikosta<\/li>\n\n\n\n<li>Valitse kieli, jolla suoritus on tehty<\/li>\n\n\n\n<li>Kunnan voit valita pudotusvalikosta<\/li>\n\n\n\n<li>Opintojaksoon kuuluvien TKI-opintopisteiden m\u00e4\u00e4r\u00e4n voit lis\u00e4t\u00e4 TKI-kentt\u00e4\u00e4n<\/li>\n\n\n\n<li>Opintojaksoon kuuluvien Virtuaali-opintopisteiden m\u00e4\u00e4r\u00e4n voit lis\u00e4t\u00e4 Virtuaali-kentt\u00e4\u00e4n<\/li>\n\n\n\n<li>Merkitse <strong>suoritusp\u00e4iv\u00e4<\/strong><\/li>\n\n\n\n<li>Oletuksena <strong>suoritusmerkinn\u00e4n antajana<\/strong> olet sin\u00e4. T\u00e4st\u00e4 voi tarvittaessa vaihtaa arvioijaa.<\/li>\n\n\n\n<li>Huomiot opiskelijalle &#8211; Ei ole k\u00e4yt\u00f6ss\u00e4! \u00e4l\u00e4 kirjoita mit\u00e4\u00e4n!<\/li>\n\n\n\n<li>Huomiot sis\u00e4iseen k\u00e4ytt\u00f6\u00f6n n\u00e4kyy opiskelijan opiskeluoikeuden opintosuorituksissa<\/li>\n\n\n\n<li>Lis\u00e4tiedon suoritusotteelle voit lis\u00e4t\u00e4 Lis\u00e4tieto suoritusotteelle -kent\u00e4ss\u00e4. Lis\u00e4tieto n\u00e4kyy HOPSilta otettavassa opintosuoritusotteessa opintojakson nimen alapuolella.<\/li>\n\n\n\n<li>Opintojakson tarkentavan tyypin voit valita pudotusvalikosta. T\u00e4m\u00e4 koskee vain opinn\u00e4ytety\u00f6h\u00f6n liittyvi\u00e4 opintojaksoja.<\/li>\n\n\n\n<li>Koulutusalan voit tarvittaessa vaihtaa pudotusvalikosta.<\/li>\n\n\n\n<li>Paina <strong>Tallenna<\/strong><\/li>\n<\/ul>\n\n\n\n<ul class=\"wp-block-list\">\n<li>Tilanne-kent\u00e4ss\u00e4 n\u00e4et onko opintojakso jo arvioitu.<\/li>\n\n\n\n<li><strong>Opintopisteet<\/strong> -kent\u00e4ss\u00e4 voit vaihtaa tarvittaessa opintopisteiden m\u00e4\u00e4r\u00e4\u00e4<\/li>\n\n\n\n<li>Suoritusotteessa n\u00e4ytett\u00e4v\u00e4t nimet -kent\u00e4st\u00e4 voi valita n\u00e4ytett\u00e4v\u00e4t nimet.\n<ul class=\"wp-block-list\">\n<li>Mik\u00e4li valitsit n\u00e4ytett\u00e4v\u00e4ksi nimeksi vaihtoehtoisen nimen, t\u00e4yt\u00e4 vaihtoehtoinen nimi suomeksi ja englanniksi<\/li>\n<\/ul>\n<\/li>\n\n\n\n<li>Valitse <strong>Arviointi<\/strong>-pudotusvalikosta arvosana<\/li>\n\n\n\n<li>Suoritustavan voit valita pudotusvalikosta<\/li>\n\n\n\n<li>Suorituspaikan voit valita pudotusvalikosta<\/li>\n\n\n\n<li>Valitse kieli, jolla suoritus on tehty<\/li>\n\n\n\n<li>Kunnan voit valita pudotusvalikosta<\/li>\n\n\n\n<li>Opintojaksoon kuuluvien TKI-opintopisteiden m\u00e4\u00e4r\u00e4n voit lis\u00e4t\u00e4 TKI-kentt\u00e4\u00e4n<\/li>\n\n\n\n<li>Opintojaksoon kuuluvien Virtuaali-opintopisteiden m\u00e4\u00e4r\u00e4n voit lis\u00e4t\u00e4 Virtuaali-kentt\u00e4\u00e4n<\/li>\n\n\n\n<li>Merkitse <strong>suoritusp\u00e4iv\u00e4<\/strong><\/li>\n\n\n\n<li>Oletuksena <strong>suoritusmerkinn\u00e4n antajana<\/strong> olet sin\u00e4. T\u00e4st\u00e4 voi tarvittaessa vaihtaa arvioijaa.<\/li>\n\n\n\n<li>Huomiot opiskelijalle &#8211; Ei ole k\u00e4yt\u00f6ss\u00e4! \u00e4l\u00e4 kirjoita mit\u00e4\u00e4n!<\/li>\n\n\n\n<li>Huomiot sis\u00e4iseen k\u00e4ytt\u00f6\u00f6n n\u00e4kyy opiskelijan opiskeluoikeuden opintosuorituksissa<\/li>\n\n\n\n<li>Lis\u00e4tiedon suoritusotteelle voit lis\u00e4t\u00e4 Lis\u00e4tieto suoritusotteelle -kent\u00e4ss\u00e4. Lis\u00e4tieto n\u00e4kyy HOPSilta otettavassa opintosuoritusotteessa opintojakson nimen alapuolella.<\/li>\n\n\n\n<li>Opintojakson tarkentavan tyypin voit valita pudotusvalikosta. T\u00e4m\u00e4 koskee vain opinn\u00e4ytety\u00f6h\u00f6n liittyvi\u00e4 opintojaksoja.<\/li>\n\n\n\n<li>Koulutusalan voit tarvittaessa vaihtaa pudotusvalikosta.<\/li>\n\n\n\n<li>Paina <strong>Tallenna<\/strong><\/li>\n<\/ul>\n<\/li>\n<\/ul>\n\n\n\n<figure class=\"wp-block-image\"><img loading=\"lazy\" decoding=\"async\" width=\"407\" height=\"480\" src=\"https:\/\/help.jamk.fi\/peppi-ohjeet-henkilokunnalle\/wp-content\/uploads\/sites\/131\/2020\/03\/HOPS_tarkastelu_opintojakson_arviointi.png\" alt=\"Kuva HOPSin tarkastelu -v\u00e4lilehden opintojakson arviointi -ikkunasta\" class=\"wp-image-886\"\/><\/figure>\n\n\n\n<h2 class=\"wp-block-heading\">Opinn\u00e4ytety\u00f6n nimi ja arviointi<\/h2>\n\n\n\n<p>Opinn\u00e4ytety\u00f6n nimi ja arviointi n\u00e4kyv\u00e4t HOPSin alaosassa otsikon Opinn\u00e4ytety\u00f6 alla. Opinn\u00e4ytety\u00f6n nimen ja arvion voi kirjata painamalla <strong>Arvioi opinn\u00e4ytety\u00f6<\/strong>. Katso tarkemmat ohjeet opinn\u00e4ytety\u00f6n kirjaamisesta <a href=\"https:\/\/help.jamk.fi\/peppi-ohjeet-henkilokunnalle\/fi\/opiskelijahallinto\/opiskelijat-valikko\/opiskeluoikeustietojen-tarkastelu-ja-muokkaus\/\">opiskeluoikeustietojen tarkastelun ja muokkauksen ohjeista<\/a>. Opinn\u00e4ytety\u00f6n arviointi tulee muuttumaan Wihi-j\u00e4rjestelm\u00e4n k\u00e4ytt\u00f6\u00f6noton yhteydess\u00e4.<\/p>\n\n\n\n<figure class=\"wp-block-image\"><img loading=\"lazy\" decoding=\"async\" width=\"640\" height=\"98\" src=\"https:\/\/help.jamk.fi\/peppi-ohjeet-henkilokunnalle\/wp-content\/uploads\/sites\/131\/2020\/03\/HOPS_tarkastelu_opinnaytetyon_nimi.png\" alt=\"Kuva HOPSin tarkastelu -v\u00e4lilehdell\u00e4 olevasta opinn\u00e4ytety\u00f6n nimest\u00e4\" class=\"wp-image-858\"\/><\/figure>\n","protected":false},"excerpt":{"rendered":"<p>Tarkastelu-v\u00e4lilehdell\u00e4 on n\u00e4ht\u00e4viss\u00e4 ajantasainen, rakenteinen HOPS. HOPS pohjautuu kyseisen opiskeluoikeuden oletusopetussuunnitelmaan. Opintokokonaisuuden sis\u00e4ll\u00f6n tarkastelu Klikkaa opintokokonaisuuden nime\u00e4 -&gt; avautuu ponnahdusikkuna, jossa kuvattu kokonaisuuden tiedot. Sulje ponnahdusikkuna valitsemalla n\u00e4pp\u00e4imist\u00f6st\u00e4 esc tai klikkaamalla ponnahdusikkunan ruksia tai Sulje. Opintojakson sis\u00e4ll\u00f6n tarkastelu Klikkaa opintojakson nime\u00e4 -&gt; avautuu ponnahdusikkuna, jossa kuvattu jakson tiedot.Sulje ponnahdusikkuna valitsemalla n\u00e4pp\u00e4imist\u00f6st\u00e4 esc tai klikkaamalla ponnahdusikkunan [&hellip;]<\/p>\n","protected":false},"author":77,"featured_media":0,"parent":4568,"menu_order":1,"comment_status":"closed","ping_status":"open","template":"","meta":{"_acf_changed":false,"_relevanssi_hide_post":"","_relevanssi_hide_content":"","_relevanssi_pin_for_all":"","_relevanssi_pin_keywords":"","_relevanssi_unpin_keywords":"","_relevanssi_related_keywords":"","_relevanssi_related_include_ids":"","_relevanssi_related_exclude_ids":"","_relevanssi_related_no_append":"","_relevanssi_related_not_related":"","_relevanssi_related_posts":"","_relevanssi_noindex_reason":"","footnotes":""},"categories":[12],"tags":[],"class_list":["post-4569","page","type-page","status-publish","hentry","category-korkeakoulupalveluiden-tyopoyta"],"acf":[],"yoast_head":"<!-- This site is optimized with the Yoast SEO plugin v27.4 - https:\/\/yoast.com\/product\/yoast-seo-wordpress\/ -->\n<title>Tarkastelu-v\u00e4lilehti - Peppi-ohjeet henkil\u00f6kunnalle<\/title>\n<meta name=\"robots\" content=\"index, follow, max-snippet:-1, max-image-preview:large, max-video-preview:-1\" \/>\n<link rel=\"canonical\" href=\"https:\/\/help.jamk.fi\/peppi-ohjeet-henkilokunnalle\/fi\/opiskelijahallinto\/hopsin-kasittely\/tarkastelu-valilehti\/\" \/>\n<meta property=\"og:locale\" content=\"fi_FI\" \/>\n<meta property=\"og:type\" content=\"article\" \/>\n<meta property=\"og:title\" content=\"Tarkastelu-v\u00e4lilehti - Peppi-ohjeet henkil\u00f6kunnalle\" \/>\n<meta property=\"og:description\" content=\"Tarkastelu-v\u00e4lilehdell\u00e4 on n\u00e4ht\u00e4viss\u00e4 ajantasainen, rakenteinen HOPS. HOPS pohjautuu kyseisen opiskeluoikeuden oletusopetussuunnitelmaan. Opintokokonaisuuden sis\u00e4ll\u00f6n tarkastelu Klikkaa opintokokonaisuuden nime\u00e4 -&gt; avautuu ponnahdusikkuna, jossa kuvattu kokonaisuuden tiedot. Sulje ponnahdusikkuna valitsemalla n\u00e4pp\u00e4imist\u00f6st\u00e4 esc tai klikkaamalla ponnahdusikkunan ruksia tai Sulje. Opintojakson sis\u00e4ll\u00f6n tarkastelu Klikkaa opintojakson nime\u00e4 -&gt; avautuu ponnahdusikkuna, jossa kuvattu jakson tiedot.Sulje ponnahdusikkuna valitsemalla n\u00e4pp\u00e4imist\u00f6st\u00e4 esc tai klikkaamalla ponnahdusikkunan [&hellip;]\" \/>\n<meta property=\"og:url\" content=\"https:\/\/help.jamk.fi\/peppi-ohjeet-henkilokunnalle\/fi\/opiskelijahallinto\/hopsin-kasittely\/tarkastelu-valilehti\/\" \/>\n<meta property=\"og:site_name\" content=\"Peppi-ohjeet henkil\u00f6kunnalle\" \/>\n<meta property=\"article:modified_time\" content=\"2024-01-22T13:46:31+00:00\" \/>\n<meta property=\"og:image\" content=\"https:\/\/help.jamk.fi\/peppi-ohjeet-henkilokunnalle\/wp-content\/uploads\/sites\/131\/2020\/03\/HOPS_tarkastelu_opintokokonaisuuden_nimi.png\" \/>\n<meta name=\"twitter:card\" content=\"summary_large_image\" \/>\n<meta name=\"twitter:label1\" content=\"Arvioitu lukuaika\" \/>\n\t<meta name=\"twitter:data1\" content=\"6 minuuttia\" \/>\n<script type=\"application\/ld+json\" class=\"yoast-schema-graph\">{\"@context\":\"https:\\\/\\\/schema.org\",\"@graph\":[{\"@type\":\"WebPage\",\"@id\":\"https:\\\/\\\/help.jamk.fi\\\/peppi-ohjeet-henkilokunnalle\\\/fi\\\/opiskelijahallinto\\\/hopsin-kasittely\\\/tarkastelu-valilehti\\\/\",\"url\":\"https:\\\/\\\/help.jamk.fi\\\/peppi-ohjeet-henkilokunnalle\\\/fi\\\/opiskelijahallinto\\\/hopsin-kasittely\\\/tarkastelu-valilehti\\\/\",\"name\":\"Tarkastelu-v\u00e4lilehti - Peppi-ohjeet henkil\u00f6kunnalle\",\"isPartOf\":{\"@id\":\"https:\\\/\\\/help.jamk.fi\\\/peppi-ohjeet-henkilokunnalle\\\/#website\"},\"primaryImageOfPage\":{\"@id\":\"https:\\\/\\\/help.jamk.fi\\\/peppi-ohjeet-henkilokunnalle\\\/fi\\\/opiskelijahallinto\\\/hopsin-kasittely\\\/tarkastelu-valilehti\\\/#primaryimage\"},\"image\":{\"@id\":\"https:\\\/\\\/help.jamk.fi\\\/peppi-ohjeet-henkilokunnalle\\\/fi\\\/opiskelijahallinto\\\/hopsin-kasittely\\\/tarkastelu-valilehti\\\/#primaryimage\"},\"thumbnailUrl\":\"https:\\\/\\\/help.jamk.fi\\\/peppi-ohjeet-henkilokunnalle\\\/wp-content\\\/uploads\\\/sites\\\/131\\\/2020\\\/03\\\/HOPS_tarkastelu_opintokokonaisuuden_nimi.png\",\"datePublished\":\"2020-03-24T06:31:21+00:00\",\"dateModified\":\"2024-01-22T13:46:31+00:00\",\"breadcrumb\":{\"@id\":\"https:\\\/\\\/help.jamk.fi\\\/peppi-ohjeet-henkilokunnalle\\\/fi\\\/opiskelijahallinto\\\/hopsin-kasittely\\\/tarkastelu-valilehti\\\/#breadcrumb\"},\"inLanguage\":\"fi\",\"potentialAction\":[{\"@type\":\"ReadAction\",\"target\":[\"https:\\\/\\\/help.jamk.fi\\\/peppi-ohjeet-henkilokunnalle\\\/fi\\\/opiskelijahallinto\\\/hopsin-kasittely\\\/tarkastelu-valilehti\\\/\"]}]},{\"@type\":\"ImageObject\",\"inLanguage\":\"fi\",\"@id\":\"https:\\\/\\\/help.jamk.fi\\\/peppi-ohjeet-henkilokunnalle\\\/fi\\\/opiskelijahallinto\\\/hopsin-kasittely\\\/tarkastelu-valilehti\\\/#primaryimage\",\"url\":\"https:\\\/\\\/help.jamk.fi\\\/peppi-ohjeet-henkilokunnalle\\\/wp-content\\\/uploads\\\/sites\\\/131\\\/2020\\\/03\\\/HOPS_tarkastelu_opintokokonaisuuden_nimi.png\",\"contentUrl\":\"https:\\\/\\\/help.jamk.fi\\\/peppi-ohjeet-henkilokunnalle\\\/wp-content\\\/uploads\\\/sites\\\/131\\\/2020\\\/03\\\/HOPS_tarkastelu_opintokokonaisuuden_nimi.png\",\"width\":640,\"height\":454,\"caption\":\"HOPSin tarkastelu -v\u00e4lilehden opintokokonaisuuden nimen muokkaus ja valinta\"},{\"@type\":\"BreadcrumbList\",\"@id\":\"https:\\\/\\\/help.jamk.fi\\\/peppi-ohjeet-henkilokunnalle\\\/fi\\\/opiskelijahallinto\\\/hopsin-kasittely\\\/tarkastelu-valilehti\\\/#breadcrumb\",\"itemListElement\":[{\"@type\":\"ListItem\",\"position\":1,\"name\":\"Home\",\"item\":\"https:\\\/\\\/help.jamk.fi\\\/peppi-ohjeet-henkilokunnalle\\\/en\\\/\"},{\"@type\":\"ListItem\",\"position\":2,\"name\":\"Opiskelijahallinto\",\"item\":\"https:\\\/\\\/help.jamk.fi\\\/peppi-ohjeet-henkilokunnalle\\\/fi\\\/opiskelijahallinto\\\/\"},{\"@type\":\"ListItem\",\"position\":3,\"name\":\"HOPSin k\u00e4sittely\",\"item\":\"https:\\\/\\\/help.jamk.fi\\\/peppi-ohjeet-henkilokunnalle\\\/fi\\\/opiskelijahallinto\\\/hopsin-kasittely\\\/\"},{\"@type\":\"ListItem\",\"position\":4,\"name\":\"Tarkastelu-v\u00e4lilehti\"}]},{\"@type\":\"WebSite\",\"@id\":\"https:\\\/\\\/help.jamk.fi\\\/peppi-ohjeet-henkilokunnalle\\\/#website\",\"url\":\"https:\\\/\\\/help.jamk.fi\\\/peppi-ohjeet-henkilokunnalle\\\/\",\"name\":\"Peppi-ohjeet henkil\u00f6kunnalle\",\"description\":\"\",\"potentialAction\":[{\"@type\":\"SearchAction\",\"target\":{\"@type\":\"EntryPoint\",\"urlTemplate\":\"https:\\\/\\\/help.jamk.fi\\\/peppi-ohjeet-henkilokunnalle\\\/?s={search_term_string}\"},\"query-input\":{\"@type\":\"PropertyValueSpecification\",\"valueRequired\":true,\"valueName\":\"search_term_string\"}}],\"inLanguage\":\"fi\"}]}<\/script>\n<!-- \/ Yoast SEO plugin. -->","yoast_head_json":{"title":"Tarkastelu-v\u00e4lilehti - Peppi-ohjeet henkil\u00f6kunnalle","robots":{"index":"index","follow":"follow","max-snippet":"max-snippet:-1","max-image-preview":"max-image-preview:large","max-video-preview":"max-video-preview:-1"},"canonical":"https:\/\/help.jamk.fi\/peppi-ohjeet-henkilokunnalle\/fi\/opiskelijahallinto\/hopsin-kasittely\/tarkastelu-valilehti\/","og_locale":"fi_FI","og_type":"article","og_title":"Tarkastelu-v\u00e4lilehti - Peppi-ohjeet henkil\u00f6kunnalle","og_description":"Tarkastelu-v\u00e4lilehdell\u00e4 on n\u00e4ht\u00e4viss\u00e4 ajantasainen, rakenteinen HOPS. HOPS pohjautuu kyseisen opiskeluoikeuden oletusopetussuunnitelmaan. Opintokokonaisuuden sis\u00e4ll\u00f6n tarkastelu Klikkaa opintokokonaisuuden nime\u00e4 -&gt; avautuu ponnahdusikkuna, jossa kuvattu kokonaisuuden tiedot. Sulje ponnahdusikkuna valitsemalla n\u00e4pp\u00e4imist\u00f6st\u00e4 esc tai klikkaamalla ponnahdusikkunan ruksia tai Sulje. Opintojakson sis\u00e4ll\u00f6n tarkastelu Klikkaa opintojakson nime\u00e4 -&gt; avautuu ponnahdusikkuna, jossa kuvattu jakson tiedot.Sulje ponnahdusikkuna valitsemalla n\u00e4pp\u00e4imist\u00f6st\u00e4 esc tai klikkaamalla ponnahdusikkunan [&hellip;]","og_url":"https:\/\/help.jamk.fi\/peppi-ohjeet-henkilokunnalle\/fi\/opiskelijahallinto\/hopsin-kasittely\/tarkastelu-valilehti\/","og_site_name":"Peppi-ohjeet henkil\u00f6kunnalle","article_modified_time":"2024-01-22T13:46:31+00:00","og_image":[{"url":"https:\/\/help.jamk.fi\/peppi-ohjeet-henkilokunnalle\/wp-content\/uploads\/sites\/131\/2020\/03\/HOPS_tarkastelu_opintokokonaisuuden_nimi.png","type":"","width":"","height":""}],"twitter_card":"summary_large_image","twitter_misc":{"Arvioitu lukuaika":"6 minuuttia"},"schema":{"@context":"https:\/\/schema.org","@graph":[{"@type":"WebPage","@id":"https:\/\/help.jamk.fi\/peppi-ohjeet-henkilokunnalle\/fi\/opiskelijahallinto\/hopsin-kasittely\/tarkastelu-valilehti\/","url":"https:\/\/help.jamk.fi\/peppi-ohjeet-henkilokunnalle\/fi\/opiskelijahallinto\/hopsin-kasittely\/tarkastelu-valilehti\/","name":"Tarkastelu-v\u00e4lilehti - Peppi-ohjeet henkil\u00f6kunnalle","isPartOf":{"@id":"https:\/\/help.jamk.fi\/peppi-ohjeet-henkilokunnalle\/#website"},"primaryImageOfPage":{"@id":"https:\/\/help.jamk.fi\/peppi-ohjeet-henkilokunnalle\/fi\/opiskelijahallinto\/hopsin-kasittely\/tarkastelu-valilehti\/#primaryimage"},"image":{"@id":"https:\/\/help.jamk.fi\/peppi-ohjeet-henkilokunnalle\/fi\/opiskelijahallinto\/hopsin-kasittely\/tarkastelu-valilehti\/#primaryimage"},"thumbnailUrl":"https:\/\/help.jamk.fi\/peppi-ohjeet-henkilokunnalle\/wp-content\/uploads\/sites\/131\/2020\/03\/HOPS_tarkastelu_opintokokonaisuuden_nimi.png","datePublished":"2020-03-24T06:31:21+00:00","dateModified":"2024-01-22T13:46:31+00:00","breadcrumb":{"@id":"https:\/\/help.jamk.fi\/peppi-ohjeet-henkilokunnalle\/fi\/opiskelijahallinto\/hopsin-kasittely\/tarkastelu-valilehti\/#breadcrumb"},"inLanguage":"fi","potentialAction":[{"@type":"ReadAction","target":["https:\/\/help.jamk.fi\/peppi-ohjeet-henkilokunnalle\/fi\/opiskelijahallinto\/hopsin-kasittely\/tarkastelu-valilehti\/"]}]},{"@type":"ImageObject","inLanguage":"fi","@id":"https:\/\/help.jamk.fi\/peppi-ohjeet-henkilokunnalle\/fi\/opiskelijahallinto\/hopsin-kasittely\/tarkastelu-valilehti\/#primaryimage","url":"https:\/\/help.jamk.fi\/peppi-ohjeet-henkilokunnalle\/wp-content\/uploads\/sites\/131\/2020\/03\/HOPS_tarkastelu_opintokokonaisuuden_nimi.png","contentUrl":"https:\/\/help.jamk.fi\/peppi-ohjeet-henkilokunnalle\/wp-content\/uploads\/sites\/131\/2020\/03\/HOPS_tarkastelu_opintokokonaisuuden_nimi.png","width":640,"height":454,"caption":"HOPSin tarkastelu -v\u00e4lilehden opintokokonaisuuden nimen muokkaus ja valinta"},{"@type":"BreadcrumbList","@id":"https:\/\/help.jamk.fi\/peppi-ohjeet-henkilokunnalle\/fi\/opiskelijahallinto\/hopsin-kasittely\/tarkastelu-valilehti\/#breadcrumb","itemListElement":[{"@type":"ListItem","position":1,"name":"Home","item":"https:\/\/help.jamk.fi\/peppi-ohjeet-henkilokunnalle\/en\/"},{"@type":"ListItem","position":2,"name":"Opiskelijahallinto","item":"https:\/\/help.jamk.fi\/peppi-ohjeet-henkilokunnalle\/fi\/opiskelijahallinto\/"},{"@type":"ListItem","position":3,"name":"HOPSin k\u00e4sittely","item":"https:\/\/help.jamk.fi\/peppi-ohjeet-henkilokunnalle\/fi\/opiskelijahallinto\/hopsin-kasittely\/"},{"@type":"ListItem","position":4,"name":"Tarkastelu-v\u00e4lilehti"}]},{"@type":"WebSite","@id":"https:\/\/help.jamk.fi\/peppi-ohjeet-henkilokunnalle\/#website","url":"https:\/\/help.jamk.fi\/peppi-ohjeet-henkilokunnalle\/","name":"Peppi-ohjeet henkil\u00f6kunnalle","description":"","potentialAction":[{"@type":"SearchAction","target":{"@type":"EntryPoint","urlTemplate":"https:\/\/help.jamk.fi\/peppi-ohjeet-henkilokunnalle\/?s={search_term_string}"},"query-input":{"@type":"PropertyValueSpecification","valueRequired":true,"valueName":"search_term_string"}}],"inLanguage":"fi"}]}},"_links":{"self":[{"href":"https:\/\/help.jamk.fi\/peppi-ohjeet-henkilokunnalle\/wp-json\/wp\/v2\/pages\/4569","targetHints":{"allow":["GET"]}}],"collection":[{"href":"https:\/\/help.jamk.fi\/peppi-ohjeet-henkilokunnalle\/wp-json\/wp\/v2\/pages"}],"about":[{"href":"https:\/\/help.jamk.fi\/peppi-ohjeet-henkilokunnalle\/wp-json\/wp\/v2\/types\/page"}],"author":[{"embeddable":true,"href":"https:\/\/help.jamk.fi\/peppi-ohjeet-henkilokunnalle\/wp-json\/wp\/v2\/users\/77"}],"replies":[{"embeddable":true,"href":"https:\/\/help.jamk.fi\/peppi-ohjeet-henkilokunnalle\/wp-json\/wp\/v2\/comments?post=4569"}],"version-history":[{"count":9,"href":"https:\/\/help.jamk.fi\/peppi-ohjeet-henkilokunnalle\/wp-json\/wp\/v2\/pages\/4569\/revisions"}],"predecessor-version":[{"id":6388,"href":"https:\/\/help.jamk.fi\/peppi-ohjeet-henkilokunnalle\/wp-json\/wp\/v2\/pages\/4569\/revisions\/6388"}],"up":[{"embeddable":true,"href":"https:\/\/help.jamk.fi\/peppi-ohjeet-henkilokunnalle\/wp-json\/wp\/v2\/pages\/4568"}],"wp:attachment":[{"href":"https:\/\/help.jamk.fi\/peppi-ohjeet-henkilokunnalle\/wp-json\/wp\/v2\/media?parent=4569"}],"wp:term":[{"taxonomy":"category","embeddable":true,"href":"https:\/\/help.jamk.fi\/peppi-ohjeet-henkilokunnalle\/wp-json\/wp\/v2\/categories?post=4569"},{"taxonomy":"post_tag","embeddable":true,"href":"https:\/\/help.jamk.fi\/peppi-ohjeet-henkilokunnalle\/wp-json\/wp\/v2\/tags?post=4569"}],"curies":[{"name":"wp","href":"https:\/\/api.w.org\/{rel}","templated":true}]}}