{"id":4570,"date":"2020-03-27T06:58:25","date_gmt":"2020-03-27T04:58:25","guid":{"rendered":"https:\/\/help.jamk.fi\/peppi-ohjeet-henkilokunnalle\/opiskelijahallinto\/hopsin-kasittely\/opintojen-valinta-valilehti\/"},"modified":"2024-01-11T15:01:19","modified_gmt":"2024-01-11T13:01:19","slug":"opintojen-valinta-valilehti","status":"publish","type":"page","link":"https:\/\/help.jamk.fi\/peppi-ohjeet-henkilokunnalle\/fi\/opiskelijahallinto\/hopsin-kasittely\/opintojen-valinta-valilehti\/","title":{"rendered":"Opintojen valinta v\u00e4lilehti"},"content":{"rendered":"\n<p>Opintojen valinta -v\u00e4lilehden kautta voi lis\u00e4t\u00e4 tai poistaa opintoja haluamistasi opintokokonaisuuksista. Opintohaun kautta voi hakea useita opintojaksoja ja lis\u00e4t\u00e4 ne samalla kertaa HOPSiin. Ennen opintojaksojen lis\u00e4\u00e4mist\u00e4 HOPSiin, niit\u00e4 voi vertailla Opintojen vertailun avulla.<\/p>\n\n\n\n<h2 class=\"wp-block-heading\">Opintokokonaisuuden sis\u00e4ll\u00f6n tarkastelu<\/h2>\n\n\n\n<p>Klikkaa opintokokonaisuuden nime\u00e4 -&gt; avautuu ponnahdusikkuna, jossa kuvattu kokonaisuuden tiedot. Sulje ponnahdusikkuna valitsemalla n\u00e4pp\u00e4imist\u00f6st\u00e4 Esc tai klikkaamalla ponnahdusikkunan ruksia tai Sulje.<\/p>\n\n\n\n<h2 class=\"wp-block-heading\">Opintojakson sis\u00e4ll\u00f6n tarkastelu<\/h2>\n\n\n\n<p>Klikkaa opintojakson nime\u00e4 -&gt; avautuu ponnahdusikkuna, jossa kuvattu jakson tiedot.<br>Sulje ponnahdusikkuna valitsemalla n\u00e4pp\u00e4imist\u00f6st\u00e4 esc tai klikkaamalla ponnahdusikkunan ruksia tai Sulje.<\/p>\n\n\n\n<h2 class=\"wp-block-heading\">N\u00e4yt\u00e4 opetussuunnitelma<\/h2>\n\n\n\n<ul class=\"wp-block-list\">\n<li>Valitse <strong>N\u00e4yt\u00e4 opetussuunnitelma<\/strong><\/li>\n\n\n\n<li>Opiskelijan HOPSin pohjana oleva opetussuunnitelma aukeaa erilliseen ponnahdusikkunaan<\/li>\n<\/ul>\n\n\n\n<h2 class=\"wp-block-heading\">Opintojen haku, lis\u00e4ys ja vertailu<\/h2>\n\n\n\n<p>Opiskelija tai henkil\u00f6kunnan edustaja voi lis\u00e4t\u00e4 opintojaksoja haun kautta tai lis\u00e4t\u00e4 henkil\u00f6kohtaisia opintojaksoja. Jos jotain painiketta ei ole n\u00e4kyviss\u00e4 niin sinulla ei ole riitt\u00e4vi\u00e4 k\u00e4ytt\u00f6oikeuksia.<\/p>\n\n\n\n<figure class=\"wp-block-image\"><img loading=\"lazy\" decoding=\"async\" width=\"477\" height=\"191\" src=\"https:\/\/help.jamk.fi\/peppi-ohjeet-henkilokunnalle\/wp-content\/uploads\/sites\/131\/2020\/03\/HOPS_opintojen_valinta_lisays.png\" alt=\"Kuva HOPSin opintojen valinta -v\u00e4lilehden opintojen haku ja lis\u00e4ys painikkeista\" class=\"wp-image-970\"\/><\/figure>\n\n\n\n<h3 class=\"wp-block-heading\">Opintojen haku<\/h3>\n\n\n\n<ul class=\"wp-block-list\">\n<li>Valitse&nbsp; <strong>Opintojen valinta<\/strong> -v\u00e4lilehti<\/li>\n\n\n\n<li>Paina opintokokonaisuuden nimen per\u00e4ss\u00e4 olevaa <strong>suurennuslasi-ikonia<\/strong> -&gt; palvelu ohjaa opintohaku-toiminnallisuuteen<\/li>\n\n\n\n<li>Hae koulutuksia nimell\u00e4 tai koodilla\n<ul class=\"wp-block-list\">\n<li>Hae koulutuksia tekstikent\u00e4ss\u00e4 -&gt; Valitse <strong>Hae<\/strong>.<br>Kohdista hakujoukkoa valitsemalla haluamasi rajaustekij\u00e4t vasemmasta palstasta otsikoiden Opinnon tyyppi, Koulutustyyppi, Koulutus, Vapaavalintainen, Tutkintonimike tai Pakollisuus alta.<\/li>\n\n\n\n<li>Tarkastele opintojaksoja tai opintokokonaisuuksia valitsemiesi rajaustekij\u00f6iden mukaisesti n\u00e4kym\u00e4ss\u00e4.<\/li>\n\n\n\n<li>Voit vaihtaa sivua painamalla kahden nuolen -ikonia n\u00e4kym\u00e4n yl\u00e4osasta. Voit my\u00f6s vaihtaa sivulla n\u00e4kyvien hakutulosten m\u00e4\u00e4r\u00e4\u00e4 valitsemalla m\u00e4\u00e4r\u00e4n pudotusvalikosta.<\/li>\n\n\n\n<li>Tarkastele yksitt\u00e4ist\u00e4 opintojaksoa tai opintokokonaisuutta klikkaamalla opinnon nime\u00e4<\/li>\n<\/ul>\n<\/li>\n\n\n\n<li>Valitse haluamasi opinnot hakukoriin painamalla rivin p\u00e4\u00e4st\u00e4 <strong>Lis\u00e4\u00e4 koriin<\/strong>.\n<ul class=\"wp-block-list\">\n<li><strong>Tarkastele<\/strong> hakukoria painamalla <strong>x opintoa valittu<\/strong> -linkki\u00e4<\/li>\n\n\n\n<li><strong>Tyhjenn\u00e4<\/strong> kori painamalla <strong>Tyhjenn\u00e4 kori<\/strong><\/li>\n\n\n\n<li><strong>Poista<\/strong> yksitt\u00e4inen opinto korista <strong>painamalla rastia<\/strong> opinnon edess\u00e4<\/li>\n\n\n\n<li><strong>Valitse<\/strong> haluamasi opinnot HOPSiin klikkaamalla <strong>Vie valitut HOPSiin<\/strong><\/li>\n<\/ul>\n<\/li>\n<\/ul>\n\n\n\n<h3 class=\"wp-block-heading\">Henkil\u00f6kohtaisen opintojakson lis\u00e4\u00e4minen<\/h3>\n\n\n\n<p>T\u00e4t\u00e4 kautta voit lis\u00e4t\u00e4 esimerkiksi CampusOnlinessa ja ulkomaan vaihdossa suoritettavaksi suunnitellut opinnot tai aiemmin suoritetut korkeakouluopinnot.<\/p>\n\n\n\n<ul class=\"wp-block-list\">\n<li>Opintojen valinta -v\u00e4lilehdell\u00e4 opinto lis\u00e4t\u00e4\u00e4n haluttuun opintokokonaisuuteen <strong>Plus<\/strong>-merkist\u00e4.<\/li>\n\n\n\n<li>T\u00e4yt\u00e4 <strong>Nimi (fi)<\/strong> -kentt\u00e4\u00e4n opintojakson suomenkielinen nimi<\/li>\n\n\n\n<li>T\u00e4yt\u00e4 <strong>Nimi (en)<\/strong> -kentt\u00e4\u00e4n opintojakson englanninkielinen nimi<\/li>\n\n\n\n<li>T\u00e4yt\u00e4 opintojakson <strong>laajuus<\/strong> -kentt\u00e4\u00e4n opintojakson laajuus opintopistein\u00e4<\/li>\n\n\n\n<li>T\u00e4yt\u00e4 <strong>Kuvaus (fi)<\/strong> -kentt\u00e4\u00e4n opintojakson kuvaus suomen kielell\u00e4<\/li>\n\n\n\n<li>T\u00e4yt\u00e4 <strong>Kuvaus (en)<\/strong> -kentt\u00e4\u00e4n opintojakson kuvaus englannin kielell\u00e4<\/li>\n\n\n\n<li>Paina <strong>Tallenna<\/strong><\/li>\n\n\n\n<li>Henkil\u00f6kohtainen opintojakso arvioidaan Arviointi-ikkunalla.<\/li>\n<\/ul>\n\n\n\n<figure class=\"wp-block-image\"><img loading=\"lazy\" decoding=\"async\" width=\"509\" height=\"480\" src=\"https:\/\/help.jamk.fi\/peppi-ohjeet-henkilokunnalle\/wp-content\/uploads\/sites\/131\/2020\/03\/HOPS_opintojen_valinta_henkilokohtainen_lisays.png\" alt=\"Kuva HOPS opintojen valinta -v\u00e4lilehden kautta lis\u00e4tt\u00e4v\u00e4st\u00e4 henkil\u00f6kohtaisesta opintojaksosta\" class=\"wp-image-971\"\/><\/figure>\n\n\n\n<h3 class=\"wp-block-heading\">Opintojaksojen vertailu<\/h3>\n\n\n\n<p>Voit vertailla maksimissaan viitt\u00e4 (5) opintojaksoa kerralla. Vertailuun voi valita vaihtoehtoisia tai vapaasti valittavia opintoja.<\/p>\n\n\n\n<ul class=\"wp-block-list\">\n<li>Valitse <strong>Opintojen valinta<\/strong> -v\u00e4lilehti<\/li>\n\n\n\n<li>Valitse opintojaksoja vertailuun valitsemalla <strong>Lis\u00e4\u00e4 vertailuun<\/strong>\n<ul class=\"wp-block-list\">\n<li>Voit poistaa vertailusta painamalla <strong>X<\/strong> -painiketta Vertaile opintojaksoja -yhteenvetolaatikosta.<\/li>\n<\/ul>\n<\/li>\n\n\n\n<li>Valitse oikealle palstalle ilmestyv\u00e4st\u00e4 Vertaile opintojaksoja -yhteenvetolaatikosta <strong>Vertaile<\/strong>\n<ul class=\"wp-block-list\">\n<li>Poista opintojakso HOPSista valitsemalla <strong>Poista valinta<\/strong><\/li>\n\n\n\n<li>Valitse opintojakso HOPSiin valitsemalla vertailussa <strong>Valitse<\/strong><\/li>\n<\/ul>\n<\/li>\n<\/ul>\n\n\n\n<figure class=\"wp-block-image\"><img loading=\"lazy\" decoding=\"async\" width=\"655\" height=\"170\" src=\"https:\/\/help.jamk.fi\/peppi-ohjeet-henkilokunnalle\/wp-content\/uploads\/sites\/131\/2020\/03\/HOPS_opintojen_valinta_vertailu.png\" alt=\"Kuva HOPSin opintojen valinta -v\u00e4lilehden vertailuun valitsemisesta\" class=\"wp-image-975\"\/><\/figure>\n\n\n\n<figure class=\"wp-block-image\"><img loading=\"lazy\" decoding=\"async\" width=\"411\" height=\"244\" src=\"https:\/\/help.jamk.fi\/peppi-ohjeet-henkilokunnalle\/wp-content\/uploads\/sites\/131\/2020\/03\/HOPS_opintojen_valinta_vertaile.png\" alt=\"Kuva HOPSin opintojen valinta -v\u00e4lilehden vertailusta\" class=\"wp-image-976\"\/><\/figure>\n\n\n\n<h2 class=\"wp-block-heading\">Opintojen poistaminen HOPSista<\/h2>\n\n\n\n<p>HOPSilta voidaan merkit\u00e4 opintojaksoja poistettavaksi joko yksitellen tai useampi opintojakso kerrallaan. Opintojakson poistaminen pysyv\u00e4sti vaatii henkil\u00f6kunnan edustajan, jolla on poistoon oikeuttavat oikeudet. Poistettavaksi merkityt opintojaksot eiv\u00e4t en\u00e4\u00e4 n\u00e4y muilla HOPSin v\u00e4lilehdill\u00e4.<\/p>\n\n\n\n<h3 class=\"wp-block-heading\">Opintojakson poistaminen<\/h3>\n\n\n\n<p>Opintojakson poistaminen voidaan jakaa kahteen eri vaiheeseen. Ensimm\u00e4isess\u00e4 vaiheessa opintojakso merkit\u00e4\u00e4n poistettavaksi, jolloin se ei en\u00e4\u00e4 n\u00e4y opiskelijan HOPSissa. T\u00e4m\u00e4n vaiheen voi tehd\u00e4 opiskelija tai henkil\u00f6kunnan edustaja. Toisessa vaiheessa opintojakso poistetaan pysyv\u00e4sti. Toisen vaiheen voi tehd\u00e4 vain henkil\u00f6kunnan edustaja, jolla on riitt\u00e4v\u00e4t k\u00e4ytt\u00f6oikeudet.<\/p>\n\n\n\n<p><strong>Ensimm\u00e4inen vaihe:<\/strong><\/p>\n\n\n\n<ul class=\"wp-block-list\">\n<li>Merkitse opintojakso poistettavaksi painamalla opintojaksorivin lopussa olevaa X -painiketta\n<ul class=\"wp-block-list\">\n<li>Pakolliseksi merkittyj\u00e4 opintojaksoja ei voi poistaa<\/li>\n\n\n\n<li>T\u00e4ll\u00e4 tavoin esimerkiksi opiskelija voi ilmoittaa, ettei aio suorittaa vaihtoehtoista opintojaksoa<\/li>\n\n\n\n<li>Poistettavaksi merkitty opintojakso ei n\u00e4y HOPSin muilla v\u00e4lilehdill\u00e4<\/li>\n<\/ul>\n<\/li>\n<\/ul>\n\n\n\n<figure class=\"wp-block-image\"><img loading=\"lazy\" decoding=\"async\" width=\"640\" height=\"135\" src=\"https:\/\/help.jamk.fi\/peppi-ohjeet-henkilokunnalle\/wp-content\/uploads\/sites\/131\/2020\/03\/HOPS_opintojen_valinta_poistaminen.png\" alt=\"Kuva HOPSin opintojen valinta -v\u00e4lilehden opinnon poistettavaksi merkitseminen\" class=\"wp-image-982\"\/><\/figure>\n\n\n\n<p><strong>Toinen vaihe:<\/strong><\/p>\n\n\n\n<ul class=\"wp-block-list\">\n<li>Opintojakson lopullinen poistaminen tapahtuu henkil\u00f6kunnan edustajan toimesta<\/li>\n\n\n\n<li>Henkil\u00f6kunnan edustaja tekee lopullisen poiston painamalla Roskakori -painiketta\n<ul class=\"wp-block-list\">\n<li>Jos opintojakso on jo arvioitu, se ei poistu opiskelijalta roskakorin painamisesta huolimatta, vaan siirtyy HOPSin ulkopuolisiin opintoihin.<\/li>\n<\/ul>\n<\/li>\n<\/ul>\n\n\n\n<figure class=\"wp-block-image\"><img loading=\"lazy\" decoding=\"async\" width=\"640\" height=\"135\" src=\"https:\/\/help.jamk.fi\/peppi-ohjeet-henkilokunnalle\/wp-content\/uploads\/sites\/131\/2020\/03\/HOPS_opintojen_valinta_poistaminen_pysyva.png\" alt=\"Kuva HOPSin opintojen valinta -v\u00e4lilehden opinnon poisto\" class=\"wp-image-983\"\/><\/figure>\n\n\n\n<h3 class=\"wp-block-heading\">Useiden opintojaksojen poisto tai valinnaisuuden muokkaaminen<\/h3>\n\n\n\n<p>Voit muokata useiden opintojaksojen valinnaisuutta tai poistaa useita opintojaksoja yhdell\u00e4 kertaa.<\/p>\n\n\n\n<ul class=\"wp-block-list\">\n<li>Valitse haluamasi opintojaksot valitsemalla valintaruutu rivin alussa<\/li>\n\n\n\n<li>Valitse sivun yl\u00e4reunasta <strong>Muokkaa valittuja<\/strong> -painike<\/li>\n\n\n\n<li>Jos haluat muokata valittujen opintojaksojen valinnaisuutta, Valitse <strong>Muokkaa valittujen valinnaisuutta<\/strong>\n<ul class=\"wp-block-list\">\n<li>Voit muuttaa opintojaksojen pakollisuuskoodeja pudotusvalikosta.<\/li>\n<\/ul>\n<\/li>\n\n\n\n<li>Jos haluat poistaa valitut opintojaksot, Valitse <strong>Poista valitut <\/strong>ja vahvista poisto<\/li>\n<\/ul>\n\n\n\n<figure class=\"wp-block-image\"><img loading=\"lazy\" decoding=\"async\" width=\"640\" height=\"136\" src=\"https:\/\/help.jamk.fi\/peppi-ohjeet-henkilokunnalle\/wp-content\/uploads\/sites\/131\/2020\/03\/HOPS_opintojen_valinta_valitseminen.png\" alt=\"Kuva HOPSin opintojen valinta -v\u00e4lilehden opintojen valinta -toiminto\" class=\"wp-image-985\"\/><\/figure>\n\n\n\n<p>Muokkaa valittuja -painike l\u00f6ytyy sivun yl\u00e4reunasta:<\/p>\n\n\n\n<figure class=\"wp-block-image\"><img loading=\"lazy\" decoding=\"async\" width=\"577\" height=\"117\" src=\"https:\/\/help.jamk.fi\/peppi-ohjeet-henkilokunnalle\/wp-content\/uploads\/sites\/131\/2020\/03\/HOPS_opintojen_valinta_poistaminen_valinnaisuus.png\" alt=\"Kuva HOPSin opintojen valinta -v\u00e4lilehden opintojen valinnaisuuden muokkaaminen tai poistaminen -toiminnosta\" class=\"wp-image-981\"\/><\/figure>\n\n\n\n<p>Kun muokkaat valittujen opintojaksojen valinnaisuutta, voit valita pudotusvalikosta seuraavat vaihtoehdot:<\/p>\n\n\n\n<figure class=\"wp-block-image\"><img loading=\"lazy\" decoding=\"async\" width=\"594\" height=\"134\" src=\"https:\/\/help.jamk.fi\/peppi-ohjeet-henkilokunnalle\/wp-content\/uploads\/sites\/131\/2020\/03\/HOPS_opintojen_valinta_valinnaisuuden_muokkaus.png\" alt=\"Kuva HOPSin opintojen valinta -v\u00e4lilehden opintojen valinnaisuuden muokkaamisesta\" class=\"wp-image-984\"\/><\/figure>\n","protected":false},"excerpt":{"rendered":"<p>Opintojen valinta -v\u00e4lilehden kautta voi lis\u00e4t\u00e4 tai poistaa opintoja haluamistasi opintokokonaisuuksista. Opintohaun kautta voi hakea useita opintojaksoja ja lis\u00e4t\u00e4 ne samalla kertaa HOPSiin. Ennen opintojaksojen lis\u00e4\u00e4mist\u00e4 HOPSiin, niit\u00e4 voi vertailla Opintojen vertailun avulla. Opintokokonaisuuden sis\u00e4ll\u00f6n tarkastelu Klikkaa opintokokonaisuuden nime\u00e4 -&gt; avautuu ponnahdusikkuna, jossa kuvattu kokonaisuuden tiedot. Sulje ponnahdusikkuna valitsemalla n\u00e4pp\u00e4imist\u00f6st\u00e4 Esc tai klikkaamalla ponnahdusikkunan ruksia [&hellip;]<\/p>\n","protected":false},"author":77,"featured_media":0,"parent":4568,"menu_order":2,"comment_status":"closed","ping_status":"open","template":"","meta":{"_acf_changed":false,"_relevanssi_hide_post":"","_relevanssi_hide_content":"","_relevanssi_pin_for_all":"","_relevanssi_pin_keywords":"","_relevanssi_unpin_keywords":"","_relevanssi_related_keywords":"","_relevanssi_related_include_ids":"","_relevanssi_related_exclude_ids":"","_relevanssi_related_no_append":"","_relevanssi_related_not_related":"","_relevanssi_related_posts":"","_relevanssi_noindex_reason":"","footnotes":""},"categories":[12],"tags":[],"class_list":["post-4570","page","type-page","status-publish","hentry","category-korkeakoulupalveluiden-tyopoyta"],"acf":[],"yoast_head":"<!-- This site is optimized with the Yoast SEO plugin v27.3 - https:\/\/yoast.com\/product\/yoast-seo-wordpress\/ -->\n<title>Opintojen valinta v\u00e4lilehti - Peppi-ohjeet henkil\u00f6kunnalle<\/title>\n<meta name=\"robots\" content=\"index, follow, max-snippet:-1, max-image-preview:large, max-video-preview:-1\" \/>\n<link rel=\"canonical\" href=\"https:\/\/help.jamk.fi\/peppi-ohjeet-henkilokunnalle\/fi\/opiskelijahallinto\/hopsin-kasittely\/opintojen-valinta-valilehti\/\" \/>\n<meta property=\"og:locale\" content=\"fi_FI\" \/>\n<meta property=\"og:type\" content=\"article\" \/>\n<meta property=\"og:title\" content=\"Opintojen valinta v\u00e4lilehti - Peppi-ohjeet henkil\u00f6kunnalle\" \/>\n<meta property=\"og:description\" content=\"Opintojen valinta -v\u00e4lilehden kautta voi lis\u00e4t\u00e4 tai poistaa opintoja haluamistasi opintokokonaisuuksista. Opintohaun kautta voi hakea useita opintojaksoja ja lis\u00e4t\u00e4 ne samalla kertaa HOPSiin. Ennen opintojaksojen lis\u00e4\u00e4mist\u00e4 HOPSiin, niit\u00e4 voi vertailla Opintojen vertailun avulla. Opintokokonaisuuden sis\u00e4ll\u00f6n tarkastelu Klikkaa opintokokonaisuuden nime\u00e4 -&gt; avautuu ponnahdusikkuna, jossa kuvattu kokonaisuuden tiedot. Sulje ponnahdusikkuna valitsemalla n\u00e4pp\u00e4imist\u00f6st\u00e4 Esc tai klikkaamalla ponnahdusikkunan ruksia [&hellip;]\" \/>\n<meta property=\"og:url\" content=\"https:\/\/help.jamk.fi\/peppi-ohjeet-henkilokunnalle\/fi\/opiskelijahallinto\/hopsin-kasittely\/opintojen-valinta-valilehti\/\" \/>\n<meta property=\"og:site_name\" content=\"Peppi-ohjeet henkil\u00f6kunnalle\" \/>\n<meta property=\"article:modified_time\" content=\"2024-01-11T13:01:19+00:00\" \/>\n<meta property=\"og:image\" content=\"https:\/\/help.jamk.fi\/peppi-ohjeet-henkilokunnalle\/wp-content\/uploads\/sites\/131\/2020\/03\/HOPS_opintojen_valinta_lisays.png\" \/>\n<meta name=\"twitter:card\" content=\"summary_large_image\" \/>\n<meta name=\"twitter:label1\" content=\"Arvioitu lukuaika\" \/>\n\t<meta name=\"twitter:data1\" content=\"6 minuuttia\" \/>\n<script type=\"application\/ld+json\" class=\"yoast-schema-graph\">{\"@context\":\"https:\\\/\\\/schema.org\",\"@graph\":[{\"@type\":\"WebPage\",\"@id\":\"https:\\\/\\\/help.jamk.fi\\\/peppi-ohjeet-henkilokunnalle\\\/fi\\\/opiskelijahallinto\\\/hopsin-kasittely\\\/opintojen-valinta-valilehti\\\/\",\"url\":\"https:\\\/\\\/help.jamk.fi\\\/peppi-ohjeet-henkilokunnalle\\\/fi\\\/opiskelijahallinto\\\/hopsin-kasittely\\\/opintojen-valinta-valilehti\\\/\",\"name\":\"Opintojen valinta v\u00e4lilehti - Peppi-ohjeet henkil\u00f6kunnalle\",\"isPartOf\":{\"@id\":\"https:\\\/\\\/help.jamk.fi\\\/peppi-ohjeet-henkilokunnalle\\\/#website\"},\"primaryImageOfPage\":{\"@id\":\"https:\\\/\\\/help.jamk.fi\\\/peppi-ohjeet-henkilokunnalle\\\/fi\\\/opiskelijahallinto\\\/hopsin-kasittely\\\/opintojen-valinta-valilehti\\\/#primaryimage\"},\"image\":{\"@id\":\"https:\\\/\\\/help.jamk.fi\\\/peppi-ohjeet-henkilokunnalle\\\/fi\\\/opiskelijahallinto\\\/hopsin-kasittely\\\/opintojen-valinta-valilehti\\\/#primaryimage\"},\"thumbnailUrl\":\"https:\\\/\\\/help.jamk.fi\\\/peppi-ohjeet-henkilokunnalle\\\/wp-content\\\/uploads\\\/sites\\\/131\\\/2020\\\/03\\\/HOPS_opintojen_valinta_lisays.png\",\"datePublished\":\"2020-03-27T04:58:25+00:00\",\"dateModified\":\"2024-01-11T13:01:19+00:00\",\"breadcrumb\":{\"@id\":\"https:\\\/\\\/help.jamk.fi\\\/peppi-ohjeet-henkilokunnalle\\\/fi\\\/opiskelijahallinto\\\/hopsin-kasittely\\\/opintojen-valinta-valilehti\\\/#breadcrumb\"},\"inLanguage\":\"fi\",\"potentialAction\":[{\"@type\":\"ReadAction\",\"target\":[\"https:\\\/\\\/help.jamk.fi\\\/peppi-ohjeet-henkilokunnalle\\\/fi\\\/opiskelijahallinto\\\/hopsin-kasittely\\\/opintojen-valinta-valilehti\\\/\"]}]},{\"@type\":\"ImageObject\",\"inLanguage\":\"fi\",\"@id\":\"https:\\\/\\\/help.jamk.fi\\\/peppi-ohjeet-henkilokunnalle\\\/fi\\\/opiskelijahallinto\\\/hopsin-kasittely\\\/opintojen-valinta-valilehti\\\/#primaryimage\",\"url\":\"https:\\\/\\\/help.jamk.fi\\\/peppi-ohjeet-henkilokunnalle\\\/wp-content\\\/uploads\\\/sites\\\/131\\\/2020\\\/03\\\/HOPS_opintojen_valinta_lisays.png\",\"contentUrl\":\"https:\\\/\\\/help.jamk.fi\\\/peppi-ohjeet-henkilokunnalle\\\/wp-content\\\/uploads\\\/sites\\\/131\\\/2020\\\/03\\\/HOPS_opintojen_valinta_lisays.png\",\"width\":477,\"height\":191,\"caption\":\"Kuva HOPSin opintojen valinta -v\u00e4lilehden opintojen haku ja lis\u00e4ys painikkeista\"},{\"@type\":\"BreadcrumbList\",\"@id\":\"https:\\\/\\\/help.jamk.fi\\\/peppi-ohjeet-henkilokunnalle\\\/fi\\\/opiskelijahallinto\\\/hopsin-kasittely\\\/opintojen-valinta-valilehti\\\/#breadcrumb\",\"itemListElement\":[{\"@type\":\"ListItem\",\"position\":1,\"name\":\"Home\",\"item\":\"https:\\\/\\\/help.jamk.fi\\\/peppi-ohjeet-henkilokunnalle\\\/en\\\/\"},{\"@type\":\"ListItem\",\"position\":2,\"name\":\"Opiskelijahallinto\",\"item\":\"https:\\\/\\\/help.jamk.fi\\\/peppi-ohjeet-henkilokunnalle\\\/fi\\\/opiskelijahallinto\\\/\"},{\"@type\":\"ListItem\",\"position\":3,\"name\":\"HOPSin k\u00e4sittely\",\"item\":\"https:\\\/\\\/help.jamk.fi\\\/peppi-ohjeet-henkilokunnalle\\\/fi\\\/opiskelijahallinto\\\/hopsin-kasittely\\\/\"},{\"@type\":\"ListItem\",\"position\":4,\"name\":\"Opintojen valinta v\u00e4lilehti\"}]},{\"@type\":\"WebSite\",\"@id\":\"https:\\\/\\\/help.jamk.fi\\\/peppi-ohjeet-henkilokunnalle\\\/#website\",\"url\":\"https:\\\/\\\/help.jamk.fi\\\/peppi-ohjeet-henkilokunnalle\\\/\",\"name\":\"Peppi-ohjeet henkil\u00f6kunnalle\",\"description\":\"\",\"potentialAction\":[{\"@type\":\"SearchAction\",\"target\":{\"@type\":\"EntryPoint\",\"urlTemplate\":\"https:\\\/\\\/help.jamk.fi\\\/peppi-ohjeet-henkilokunnalle\\\/?s={search_term_string}\"},\"query-input\":{\"@type\":\"PropertyValueSpecification\",\"valueRequired\":true,\"valueName\":\"search_term_string\"}}],\"inLanguage\":\"fi\"}]}<\/script>\n<!-- \/ Yoast SEO plugin. -->","yoast_head_json":{"title":"Opintojen valinta v\u00e4lilehti - Peppi-ohjeet henkil\u00f6kunnalle","robots":{"index":"index","follow":"follow","max-snippet":"max-snippet:-1","max-image-preview":"max-image-preview:large","max-video-preview":"max-video-preview:-1"},"canonical":"https:\/\/help.jamk.fi\/peppi-ohjeet-henkilokunnalle\/fi\/opiskelijahallinto\/hopsin-kasittely\/opintojen-valinta-valilehti\/","og_locale":"fi_FI","og_type":"article","og_title":"Opintojen valinta v\u00e4lilehti - Peppi-ohjeet henkil\u00f6kunnalle","og_description":"Opintojen valinta -v\u00e4lilehden kautta voi lis\u00e4t\u00e4 tai poistaa opintoja haluamistasi opintokokonaisuuksista. Opintohaun kautta voi hakea useita opintojaksoja ja lis\u00e4t\u00e4 ne samalla kertaa HOPSiin. Ennen opintojaksojen lis\u00e4\u00e4mist\u00e4 HOPSiin, niit\u00e4 voi vertailla Opintojen vertailun avulla. Opintokokonaisuuden sis\u00e4ll\u00f6n tarkastelu Klikkaa opintokokonaisuuden nime\u00e4 -&gt; avautuu ponnahdusikkuna, jossa kuvattu kokonaisuuden tiedot. Sulje ponnahdusikkuna valitsemalla n\u00e4pp\u00e4imist\u00f6st\u00e4 Esc tai klikkaamalla ponnahdusikkunan ruksia [&hellip;]","og_url":"https:\/\/help.jamk.fi\/peppi-ohjeet-henkilokunnalle\/fi\/opiskelijahallinto\/hopsin-kasittely\/opintojen-valinta-valilehti\/","og_site_name":"Peppi-ohjeet henkil\u00f6kunnalle","article_modified_time":"2024-01-11T13:01:19+00:00","og_image":[{"url":"https:\/\/help.jamk.fi\/peppi-ohjeet-henkilokunnalle\/wp-content\/uploads\/sites\/131\/2020\/03\/HOPS_opintojen_valinta_lisays.png","type":"","width":"","height":""}],"twitter_card":"summary_large_image","twitter_misc":{"Arvioitu lukuaika":"6 minuuttia"},"schema":{"@context":"https:\/\/schema.org","@graph":[{"@type":"WebPage","@id":"https:\/\/help.jamk.fi\/peppi-ohjeet-henkilokunnalle\/fi\/opiskelijahallinto\/hopsin-kasittely\/opintojen-valinta-valilehti\/","url":"https:\/\/help.jamk.fi\/peppi-ohjeet-henkilokunnalle\/fi\/opiskelijahallinto\/hopsin-kasittely\/opintojen-valinta-valilehti\/","name":"Opintojen valinta v\u00e4lilehti - Peppi-ohjeet henkil\u00f6kunnalle","isPartOf":{"@id":"https:\/\/help.jamk.fi\/peppi-ohjeet-henkilokunnalle\/#website"},"primaryImageOfPage":{"@id":"https:\/\/help.jamk.fi\/peppi-ohjeet-henkilokunnalle\/fi\/opiskelijahallinto\/hopsin-kasittely\/opintojen-valinta-valilehti\/#primaryimage"},"image":{"@id":"https:\/\/help.jamk.fi\/peppi-ohjeet-henkilokunnalle\/fi\/opiskelijahallinto\/hopsin-kasittely\/opintojen-valinta-valilehti\/#primaryimage"},"thumbnailUrl":"https:\/\/help.jamk.fi\/peppi-ohjeet-henkilokunnalle\/wp-content\/uploads\/sites\/131\/2020\/03\/HOPS_opintojen_valinta_lisays.png","datePublished":"2020-03-27T04:58:25+00:00","dateModified":"2024-01-11T13:01:19+00:00","breadcrumb":{"@id":"https:\/\/help.jamk.fi\/peppi-ohjeet-henkilokunnalle\/fi\/opiskelijahallinto\/hopsin-kasittely\/opintojen-valinta-valilehti\/#breadcrumb"},"inLanguage":"fi","potentialAction":[{"@type":"ReadAction","target":["https:\/\/help.jamk.fi\/peppi-ohjeet-henkilokunnalle\/fi\/opiskelijahallinto\/hopsin-kasittely\/opintojen-valinta-valilehti\/"]}]},{"@type":"ImageObject","inLanguage":"fi","@id":"https:\/\/help.jamk.fi\/peppi-ohjeet-henkilokunnalle\/fi\/opiskelijahallinto\/hopsin-kasittely\/opintojen-valinta-valilehti\/#primaryimage","url":"https:\/\/help.jamk.fi\/peppi-ohjeet-henkilokunnalle\/wp-content\/uploads\/sites\/131\/2020\/03\/HOPS_opintojen_valinta_lisays.png","contentUrl":"https:\/\/help.jamk.fi\/peppi-ohjeet-henkilokunnalle\/wp-content\/uploads\/sites\/131\/2020\/03\/HOPS_opintojen_valinta_lisays.png","width":477,"height":191,"caption":"Kuva HOPSin opintojen valinta -v\u00e4lilehden opintojen haku ja lis\u00e4ys painikkeista"},{"@type":"BreadcrumbList","@id":"https:\/\/help.jamk.fi\/peppi-ohjeet-henkilokunnalle\/fi\/opiskelijahallinto\/hopsin-kasittely\/opintojen-valinta-valilehti\/#breadcrumb","itemListElement":[{"@type":"ListItem","position":1,"name":"Home","item":"https:\/\/help.jamk.fi\/peppi-ohjeet-henkilokunnalle\/en\/"},{"@type":"ListItem","position":2,"name":"Opiskelijahallinto","item":"https:\/\/help.jamk.fi\/peppi-ohjeet-henkilokunnalle\/fi\/opiskelijahallinto\/"},{"@type":"ListItem","position":3,"name":"HOPSin k\u00e4sittely","item":"https:\/\/help.jamk.fi\/peppi-ohjeet-henkilokunnalle\/fi\/opiskelijahallinto\/hopsin-kasittely\/"},{"@type":"ListItem","position":4,"name":"Opintojen valinta v\u00e4lilehti"}]},{"@type":"WebSite","@id":"https:\/\/help.jamk.fi\/peppi-ohjeet-henkilokunnalle\/#website","url":"https:\/\/help.jamk.fi\/peppi-ohjeet-henkilokunnalle\/","name":"Peppi-ohjeet henkil\u00f6kunnalle","description":"","potentialAction":[{"@type":"SearchAction","target":{"@type":"EntryPoint","urlTemplate":"https:\/\/help.jamk.fi\/peppi-ohjeet-henkilokunnalle\/?s={search_term_string}"},"query-input":{"@type":"PropertyValueSpecification","valueRequired":true,"valueName":"search_term_string"}}],"inLanguage":"fi"}]}},"_links":{"self":[{"href":"https:\/\/help.jamk.fi\/peppi-ohjeet-henkilokunnalle\/wp-json\/wp\/v2\/pages\/4570","targetHints":{"allow":["GET"]}}],"collection":[{"href":"https:\/\/help.jamk.fi\/peppi-ohjeet-henkilokunnalle\/wp-json\/wp\/v2\/pages"}],"about":[{"href":"https:\/\/help.jamk.fi\/peppi-ohjeet-henkilokunnalle\/wp-json\/wp\/v2\/types\/page"}],"author":[{"embeddable":true,"href":"https:\/\/help.jamk.fi\/peppi-ohjeet-henkilokunnalle\/wp-json\/wp\/v2\/users\/77"}],"replies":[{"embeddable":true,"href":"https:\/\/help.jamk.fi\/peppi-ohjeet-henkilokunnalle\/wp-json\/wp\/v2\/comments?post=4570"}],"version-history":[{"count":7,"href":"https:\/\/help.jamk.fi\/peppi-ohjeet-henkilokunnalle\/wp-json\/wp\/v2\/pages\/4570\/revisions"}],"predecessor-version":[{"id":6263,"href":"https:\/\/help.jamk.fi\/peppi-ohjeet-henkilokunnalle\/wp-json\/wp\/v2\/pages\/4570\/revisions\/6263"}],"up":[{"embeddable":true,"href":"https:\/\/help.jamk.fi\/peppi-ohjeet-henkilokunnalle\/wp-json\/wp\/v2\/pages\/4568"}],"wp:attachment":[{"href":"https:\/\/help.jamk.fi\/peppi-ohjeet-henkilokunnalle\/wp-json\/wp\/v2\/media?parent=4570"}],"wp:term":[{"taxonomy":"category","embeddable":true,"href":"https:\/\/help.jamk.fi\/peppi-ohjeet-henkilokunnalle\/wp-json\/wp\/v2\/categories?post=4570"},{"taxonomy":"post_tag","embeddable":true,"href":"https:\/\/help.jamk.fi\/peppi-ohjeet-henkilokunnalle\/wp-json\/wp\/v2\/tags?post=4570"}],"curies":[{"name":"wp","href":"https:\/\/api.w.org\/{rel}","templated":true}]}}