{"id":4572,"date":"2020-03-27T07:24:51","date_gmt":"2020-03-27T05:24:51","guid":{"rendered":"https:\/\/help.jamk.fi\/peppi-ohjeet-henkilokunnalle\/opiskelijahallinto\/hopsin-kasittely\/jasentelyt-valilehti\/"},"modified":"2023-11-10T11:15:27","modified_gmt":"2023-11-10T09:15:27","slug":"jasentelyt-valilehti","status":"publish","type":"page","link":"https:\/\/help.jamk.fi\/peppi-ohjeet-henkilokunnalle\/fi\/opiskelijahallinto\/hopsin-kasittely\/jasentelyt-valilehti\/","title":{"rendered":"J\u00e4sentelyt v\u00e4lilehti"},"content":{"rendered":"\n<p>J\u00e4sentelyt -v\u00e4lilehdell\u00e4 voit tarkastele opiskelijan tutkintorakenteeseen suunniteltuja j\u00e4sennyksi\u00e4 tutkinnon tai osaamisalueiden tasolla.<\/p>\n\n\n\n<figure class=\"wp-block-image\"><img loading=\"lazy\" decoding=\"async\" width=\"640\" height=\"616\" src=\"https:\/\/help.jamk.fi\/peppi-ohjeet-henkilokunnalle\/wp-content\/uploads\/sites\/131\/2020\/03\/HOPS_jasentely.png\" alt=\"Kuva HOPSin j\u00e4sentelyt -v\u00e4lilehdelt\u00e4\" class=\"wp-image-990\"\/><\/figure>\n\n\n\n<ul class=\"wp-block-list\">\n<li>Valitse <strong>J\u00e4sentelyt<\/strong>-v\u00e4lilehti<\/li>\n\n\n\n<li>Valitse <strong>j\u00e4sentelyt -tyyppi<\/strong> alasvetovalikosta<\/li>\n<\/ul>\n","protected":false},"excerpt":{"rendered":"<p>J\u00e4sentelyt -v\u00e4lilehdell\u00e4 voit tarkastele opiskelijan tutkintorakenteeseen suunniteltuja j\u00e4sennyksi\u00e4 tutkinnon tai osaamisalueiden tasolla.<\/p>\n","protected":false},"author":77,"featured_media":0,"parent":4568,"menu_order":4,"comment_status":"closed","ping_status":"open","template":"","meta":{"_acf_changed":false,"_relevanssi_hide_post":"","_relevanssi_hide_content":"","_relevanssi_pin_for_all":"","_relevanssi_pin_keywords":"","_relevanssi_unpin_keywords":"","_relevanssi_related_keywords":"","_relevanssi_related_include_ids":"","_relevanssi_related_exclude_ids":"","_relevanssi_related_no_append":"","_relevanssi_related_not_related":"","_relevanssi_related_posts":"","_relevanssi_noindex_reason":"","footnotes":""},"categories":[12],"tags":[],"class_list":["post-4572","page","type-page","status-publish","hentry","category-korkeakoulupalveluiden-tyopoyta"],"acf":[],"yoast_head":"<!-- This site is optimized with the Yoast SEO plugin v27.3 - https:\/\/yoast.com\/product\/yoast-seo-wordpress\/ -->\n<title>J\u00e4sentelyt v\u00e4lilehti - Peppi-ohjeet henkil\u00f6kunnalle<\/title>\n<meta name=\"robots\" content=\"index, follow, max-snippet:-1, max-image-preview:large, max-video-preview:-1\" \/>\n<link rel=\"canonical\" href=\"https:\/\/help.jamk.fi\/peppi-ohjeet-henkilokunnalle\/fi\/opiskelijahallinto\/hopsin-kasittely\/jasentelyt-valilehti\/\" \/>\n<meta property=\"og:locale\" content=\"fi_FI\" \/>\n<meta property=\"og:type\" content=\"article\" \/>\n<meta property=\"og:title\" content=\"J\u00e4sentelyt v\u00e4lilehti - Peppi-ohjeet henkil\u00f6kunnalle\" \/>\n<meta property=\"og:description\" content=\"J\u00e4sentelyt -v\u00e4lilehdell\u00e4 voit tarkastele opiskelijan tutkintorakenteeseen suunniteltuja j\u00e4sennyksi\u00e4 tutkinnon tai osaamisalueiden tasolla.\" \/>\n<meta property=\"og:url\" content=\"https:\/\/help.jamk.fi\/peppi-ohjeet-henkilokunnalle\/fi\/opiskelijahallinto\/hopsin-kasittely\/jasentelyt-valilehti\/\" \/>\n<meta property=\"og:site_name\" content=\"Peppi-ohjeet henkil\u00f6kunnalle\" \/>\n<meta property=\"article:modified_time\" content=\"2023-11-10T09:15:27+00:00\" \/>\n<meta property=\"og:image\" content=\"https:\/\/help.jamk.fi\/peppi-ohjeet-henkilokunnalle\/wp-content\/uploads\/sites\/131\/2020\/03\/HOPS_jasentely.png\" \/>\n<meta name=\"twitter:card\" content=\"summary_large_image\" \/>\n<meta name=\"twitter:label1\" content=\"Arvioitu lukuaika\" \/>\n\t<meta name=\"twitter:data1\" content=\"1 minuutti\" \/>\n<script type=\"application\/ld+json\" class=\"yoast-schema-graph\">{\"@context\":\"https:\\\/\\\/schema.org\",\"@graph\":[{\"@type\":\"WebPage\",\"@id\":\"https:\\\/\\\/help.jamk.fi\\\/peppi-ohjeet-henkilokunnalle\\\/fi\\\/opiskelijahallinto\\\/hopsin-kasittely\\\/jasentelyt-valilehti\\\/\",\"url\":\"https:\\\/\\\/help.jamk.fi\\\/peppi-ohjeet-henkilokunnalle\\\/fi\\\/opiskelijahallinto\\\/hopsin-kasittely\\\/jasentelyt-valilehti\\\/\",\"name\":\"J\u00e4sentelyt v\u00e4lilehti - Peppi-ohjeet henkil\u00f6kunnalle\",\"isPartOf\":{\"@id\":\"https:\\\/\\\/help.jamk.fi\\\/peppi-ohjeet-henkilokunnalle\\\/#website\"},\"primaryImageOfPage\":{\"@id\":\"https:\\\/\\\/help.jamk.fi\\\/peppi-ohjeet-henkilokunnalle\\\/fi\\\/opiskelijahallinto\\\/hopsin-kasittely\\\/jasentelyt-valilehti\\\/#primaryimage\"},\"image\":{\"@id\":\"https:\\\/\\\/help.jamk.fi\\\/peppi-ohjeet-henkilokunnalle\\\/fi\\\/opiskelijahallinto\\\/hopsin-kasittely\\\/jasentelyt-valilehti\\\/#primaryimage\"},\"thumbnailUrl\":\"https:\\\/\\\/help.jamk.fi\\\/peppi-ohjeet-henkilokunnalle\\\/wp-content\\\/uploads\\\/sites\\\/131\\\/2020\\\/03\\\/HOPS_jasentely.png\",\"datePublished\":\"2020-03-27T05:24:51+00:00\",\"dateModified\":\"2023-11-10T09:15:27+00:00\",\"breadcrumb\":{\"@id\":\"https:\\\/\\\/help.jamk.fi\\\/peppi-ohjeet-henkilokunnalle\\\/fi\\\/opiskelijahallinto\\\/hopsin-kasittely\\\/jasentelyt-valilehti\\\/#breadcrumb\"},\"inLanguage\":\"fi\",\"potentialAction\":[{\"@type\":\"ReadAction\",\"target\":[\"https:\\\/\\\/help.jamk.fi\\\/peppi-ohjeet-henkilokunnalle\\\/fi\\\/opiskelijahallinto\\\/hopsin-kasittely\\\/jasentelyt-valilehti\\\/\"]}]},{\"@type\":\"ImageObject\",\"inLanguage\":\"fi\",\"@id\":\"https:\\\/\\\/help.jamk.fi\\\/peppi-ohjeet-henkilokunnalle\\\/fi\\\/opiskelijahallinto\\\/hopsin-kasittely\\\/jasentelyt-valilehti\\\/#primaryimage\",\"url\":\"https:\\\/\\\/help.jamk.fi\\\/peppi-ohjeet-henkilokunnalle\\\/wp-content\\\/uploads\\\/sites\\\/131\\\/2020\\\/03\\\/HOPS_jasentely.png\",\"contentUrl\":\"https:\\\/\\\/help.jamk.fi\\\/peppi-ohjeet-henkilokunnalle\\\/wp-content\\\/uploads\\\/sites\\\/131\\\/2020\\\/03\\\/HOPS_jasentely.png\",\"width\":640,\"height\":616,\"caption\":\"Kuva HOPSin j\u00e4sentelyt -v\u00e4lilehdelt\u00e4\"},{\"@type\":\"BreadcrumbList\",\"@id\":\"https:\\\/\\\/help.jamk.fi\\\/peppi-ohjeet-henkilokunnalle\\\/fi\\\/opiskelijahallinto\\\/hopsin-kasittely\\\/jasentelyt-valilehti\\\/#breadcrumb\",\"itemListElement\":[{\"@type\":\"ListItem\",\"position\":1,\"name\":\"Home\",\"item\":\"https:\\\/\\\/help.jamk.fi\\\/peppi-ohjeet-henkilokunnalle\\\/en\\\/\"},{\"@type\":\"ListItem\",\"position\":2,\"name\":\"Opiskelijahallinto\",\"item\":\"https:\\\/\\\/help.jamk.fi\\\/peppi-ohjeet-henkilokunnalle\\\/fi\\\/opiskelijahallinto\\\/\"},{\"@type\":\"ListItem\",\"position\":3,\"name\":\"HOPSin k\u00e4sittely\",\"item\":\"https:\\\/\\\/help.jamk.fi\\\/peppi-ohjeet-henkilokunnalle\\\/fi\\\/opiskelijahallinto\\\/hopsin-kasittely\\\/\"},{\"@type\":\"ListItem\",\"position\":4,\"name\":\"J\u00e4sentelyt v\u00e4lilehti\"}]},{\"@type\":\"WebSite\",\"@id\":\"https:\\\/\\\/help.jamk.fi\\\/peppi-ohjeet-henkilokunnalle\\\/#website\",\"url\":\"https:\\\/\\\/help.jamk.fi\\\/peppi-ohjeet-henkilokunnalle\\\/\",\"name\":\"Peppi-ohjeet henkil\u00f6kunnalle\",\"description\":\"\",\"potentialAction\":[{\"@type\":\"SearchAction\",\"target\":{\"@type\":\"EntryPoint\",\"urlTemplate\":\"https:\\\/\\\/help.jamk.fi\\\/peppi-ohjeet-henkilokunnalle\\\/?s={search_term_string}\"},\"query-input\":{\"@type\":\"PropertyValueSpecification\",\"valueRequired\":true,\"valueName\":\"search_term_string\"}}],\"inLanguage\":\"fi\"}]}<\/script>\n<!-- \/ Yoast SEO plugin. -->","yoast_head_json":{"title":"J\u00e4sentelyt v\u00e4lilehti - Peppi-ohjeet henkil\u00f6kunnalle","robots":{"index":"index","follow":"follow","max-snippet":"max-snippet:-1","max-image-preview":"max-image-preview:large","max-video-preview":"max-video-preview:-1"},"canonical":"https:\/\/help.jamk.fi\/peppi-ohjeet-henkilokunnalle\/fi\/opiskelijahallinto\/hopsin-kasittely\/jasentelyt-valilehti\/","og_locale":"fi_FI","og_type":"article","og_title":"J\u00e4sentelyt v\u00e4lilehti - Peppi-ohjeet henkil\u00f6kunnalle","og_description":"J\u00e4sentelyt -v\u00e4lilehdell\u00e4 voit tarkastele opiskelijan tutkintorakenteeseen suunniteltuja j\u00e4sennyksi\u00e4 tutkinnon tai osaamisalueiden tasolla.","og_url":"https:\/\/help.jamk.fi\/peppi-ohjeet-henkilokunnalle\/fi\/opiskelijahallinto\/hopsin-kasittely\/jasentelyt-valilehti\/","og_site_name":"Peppi-ohjeet henkil\u00f6kunnalle","article_modified_time":"2023-11-10T09:15:27+00:00","og_image":[{"url":"https:\/\/help.jamk.fi\/peppi-ohjeet-henkilokunnalle\/wp-content\/uploads\/sites\/131\/2020\/03\/HOPS_jasentely.png","type":"","width":"","height":""}],"twitter_card":"summary_large_image","twitter_misc":{"Arvioitu lukuaika":"1 minuutti"},"schema":{"@context":"https:\/\/schema.org","@graph":[{"@type":"WebPage","@id":"https:\/\/help.jamk.fi\/peppi-ohjeet-henkilokunnalle\/fi\/opiskelijahallinto\/hopsin-kasittely\/jasentelyt-valilehti\/","url":"https:\/\/help.jamk.fi\/peppi-ohjeet-henkilokunnalle\/fi\/opiskelijahallinto\/hopsin-kasittely\/jasentelyt-valilehti\/","name":"J\u00e4sentelyt v\u00e4lilehti - Peppi-ohjeet henkil\u00f6kunnalle","isPartOf":{"@id":"https:\/\/help.jamk.fi\/peppi-ohjeet-henkilokunnalle\/#website"},"primaryImageOfPage":{"@id":"https:\/\/help.jamk.fi\/peppi-ohjeet-henkilokunnalle\/fi\/opiskelijahallinto\/hopsin-kasittely\/jasentelyt-valilehti\/#primaryimage"},"image":{"@id":"https:\/\/help.jamk.fi\/peppi-ohjeet-henkilokunnalle\/fi\/opiskelijahallinto\/hopsin-kasittely\/jasentelyt-valilehti\/#primaryimage"},"thumbnailUrl":"https:\/\/help.jamk.fi\/peppi-ohjeet-henkilokunnalle\/wp-content\/uploads\/sites\/131\/2020\/03\/HOPS_jasentely.png","datePublished":"2020-03-27T05:24:51+00:00","dateModified":"2023-11-10T09:15:27+00:00","breadcrumb":{"@id":"https:\/\/help.jamk.fi\/peppi-ohjeet-henkilokunnalle\/fi\/opiskelijahallinto\/hopsin-kasittely\/jasentelyt-valilehti\/#breadcrumb"},"inLanguage":"fi","potentialAction":[{"@type":"ReadAction","target":["https:\/\/help.jamk.fi\/peppi-ohjeet-henkilokunnalle\/fi\/opiskelijahallinto\/hopsin-kasittely\/jasentelyt-valilehti\/"]}]},{"@type":"ImageObject","inLanguage":"fi","@id":"https:\/\/help.jamk.fi\/peppi-ohjeet-henkilokunnalle\/fi\/opiskelijahallinto\/hopsin-kasittely\/jasentelyt-valilehti\/#primaryimage","url":"https:\/\/help.jamk.fi\/peppi-ohjeet-henkilokunnalle\/wp-content\/uploads\/sites\/131\/2020\/03\/HOPS_jasentely.png","contentUrl":"https:\/\/help.jamk.fi\/peppi-ohjeet-henkilokunnalle\/wp-content\/uploads\/sites\/131\/2020\/03\/HOPS_jasentely.png","width":640,"height":616,"caption":"Kuva HOPSin j\u00e4sentelyt -v\u00e4lilehdelt\u00e4"},{"@type":"BreadcrumbList","@id":"https:\/\/help.jamk.fi\/peppi-ohjeet-henkilokunnalle\/fi\/opiskelijahallinto\/hopsin-kasittely\/jasentelyt-valilehti\/#breadcrumb","itemListElement":[{"@type":"ListItem","position":1,"name":"Home","item":"https:\/\/help.jamk.fi\/peppi-ohjeet-henkilokunnalle\/en\/"},{"@type":"ListItem","position":2,"name":"Opiskelijahallinto","item":"https:\/\/help.jamk.fi\/peppi-ohjeet-henkilokunnalle\/fi\/opiskelijahallinto\/"},{"@type":"ListItem","position":3,"name":"HOPSin k\u00e4sittely","item":"https:\/\/help.jamk.fi\/peppi-ohjeet-henkilokunnalle\/fi\/opiskelijahallinto\/hopsin-kasittely\/"},{"@type":"ListItem","position":4,"name":"J\u00e4sentelyt v\u00e4lilehti"}]},{"@type":"WebSite","@id":"https:\/\/help.jamk.fi\/peppi-ohjeet-henkilokunnalle\/#website","url":"https:\/\/help.jamk.fi\/peppi-ohjeet-henkilokunnalle\/","name":"Peppi-ohjeet henkil\u00f6kunnalle","description":"","potentialAction":[{"@type":"SearchAction","target":{"@type":"EntryPoint","urlTemplate":"https:\/\/help.jamk.fi\/peppi-ohjeet-henkilokunnalle\/?s={search_term_string}"},"query-input":{"@type":"PropertyValueSpecification","valueRequired":true,"valueName":"search_term_string"}}],"inLanguage":"fi"}]}},"_links":{"self":[{"href":"https:\/\/help.jamk.fi\/peppi-ohjeet-henkilokunnalle\/wp-json\/wp\/v2\/pages\/4572","targetHints":{"allow":["GET"]}}],"collection":[{"href":"https:\/\/help.jamk.fi\/peppi-ohjeet-henkilokunnalle\/wp-json\/wp\/v2\/pages"}],"about":[{"href":"https:\/\/help.jamk.fi\/peppi-ohjeet-henkilokunnalle\/wp-json\/wp\/v2\/types\/page"}],"author":[{"embeddable":true,"href":"https:\/\/help.jamk.fi\/peppi-ohjeet-henkilokunnalle\/wp-json\/wp\/v2\/users\/77"}],"replies":[{"embeddable":true,"href":"https:\/\/help.jamk.fi\/peppi-ohjeet-henkilokunnalle\/wp-json\/wp\/v2\/comments?post=4572"}],"version-history":[{"count":3,"href":"https:\/\/help.jamk.fi\/peppi-ohjeet-henkilokunnalle\/wp-json\/wp\/v2\/pages\/4572\/revisions"}],"predecessor-version":[{"id":5373,"href":"https:\/\/help.jamk.fi\/peppi-ohjeet-henkilokunnalle\/wp-json\/wp\/v2\/pages\/4572\/revisions\/5373"}],"up":[{"embeddable":true,"href":"https:\/\/help.jamk.fi\/peppi-ohjeet-henkilokunnalle\/wp-json\/wp\/v2\/pages\/4568"}],"wp:attachment":[{"href":"https:\/\/help.jamk.fi\/peppi-ohjeet-henkilokunnalle\/wp-json\/wp\/v2\/media?parent=4572"}],"wp:term":[{"taxonomy":"category","embeddable":true,"href":"https:\/\/help.jamk.fi\/peppi-ohjeet-henkilokunnalle\/wp-json\/wp\/v2\/categories?post=4572"},{"taxonomy":"post_tag","embeddable":true,"href":"https:\/\/help.jamk.fi\/peppi-ohjeet-henkilokunnalle\/wp-json\/wp\/v2\/tags?post=4572"}],"curies":[{"name":"wp","href":"https:\/\/api.w.org\/{rel}","templated":true}]}}