{"id":4581,"date":"2020-03-11T13:40:47","date_gmt":"2020-03-11T11:40:47","guid":{"rendered":"https:\/\/help.jamk.fi\/peppi-ohjeet-henkilokunnalle\/opiskelijahallinto\/hops-ohjaus\/ryhman-suoritukset-valilehti\/"},"modified":"2024-01-19T17:30:18","modified_gmt":"2024-01-19T15:30:18","slug":"ryhman-suoritukset-valilehti","status":"publish","type":"page","link":"https:\/\/help.jamk.fi\/peppi-ohjeet-henkilokunnalle\/fi\/opiskelijahallinto\/hops-ohjaus\/ryhman-suoritukset-valilehti\/","title":{"rendered":"Ryhm\u00e4n suoritukset v\u00e4lilehti"},"content":{"rendered":"\n<p>Ryhm\u00e4n suoritukset -v\u00e4lilehdell\u00e4 voi tarkastella ryhm\u00e4n opiskelijoiden suorituksia tietyll\u00e4 aikav\u00e4lill\u00e4.<\/p>\n\n\n\n<ul class=\"wp-block-list\">\n<li>Voit valita n\u00e4ytett\u00e4v\u00e4ksi <strong>Vain aktiiviset<\/strong> opiskelijat tai <strong>Kaikki<\/strong> opiskelijat sivun yl\u00e4osan valinnasta.<\/li>\n\n\n\n<li>Voit valita lis\u00e4\u00e4 n\u00e4ytett\u00e4vi\u00e4 sarakkeita opiskelijalistaukseen painamalla <strong>Sarakkeet<\/strong> -alasvetovalikkoa. N\u00e4m\u00e4 sarakkeet eiv\u00e4t v\u00e4ltt\u00e4m\u00e4tt\u00e4 tulostu raportille.<\/li>\n<\/ul>\n\n\n\n<p>Suoritusten tarkastelu<\/p>\n\n\n\n<ul class=\"wp-block-list\">\n<li>Aseta aikav\u00e4li <strong>Alkupvm<\/strong> ja <strong>Loppupvm<\/strong> -kenttiin jolla suorituksia halutaan tarkastella<\/li>\n\n\n\n<li>Halutessasi voit valita kriteerit joiden perusteella suoritukset listataan raporttiin<br>Valittavat kriteerit ovat seuraavat:\n<ul class=\"wp-block-list\">\n<li>Hyv\u00e4ksytyt suoritukset<\/li>\n\n\n\n<li>Hyl\u00e4tyt suoritukset<\/li>\n\n\n\n<li>Kesken olevat suoritukset<\/li>\n\n\n\n<li>Hyv\u00e4ksiluetut suoritukset<\/li>\n<\/ul>\n<\/li>\n\n\n\n<li>Valitse opiskelijat joiden opintosuorituksia haluat tarkastella valitsemalla kyseinen valintaruutu. Voit valita kaikki opiskelijat valitsemalla otsikko rivill\u00e4 olevan valintaruudun.<\/li>\n\n\n\n<li>Voit tarkastella opintosuorituksia t\u00e4ll\u00e4 sivulla painamalla <strong>Tarkastele suorituksia<\/strong> tai voit ladata suoritustiedot Exceliin painamalla <strong>Lataa Excel-tiedostona.<\/strong><\/li>\n<\/ul>\n\n\n\n<figure class=\"wp-block-image\"><img loading=\"lazy\" decoding=\"async\" width=\"640\" height=\"318\" src=\"https:\/\/help.jamk.fi\/peppi-ohjeet-henkilokunnalle\/wp-content\/uploads\/sites\/131\/2020\/03\/HOPS_Ohjaus_valilehdet_ryhman_suoritukset-1.png\" alt=\"Kuva HOPS-ohjauksen ryhm\u00e4n suoritukset -v\u00e4lilehdest\u00e4\" class=\"wp-image-785\"\/><\/figure>\n","protected":false},"excerpt":{"rendered":"<p>Ryhm\u00e4n suoritukset -v\u00e4lilehdell\u00e4 voi tarkastella ryhm\u00e4n opiskelijoiden suorituksia tietyll\u00e4 aikav\u00e4lill\u00e4. Suoritusten tarkastelu<\/p>\n","protected":false},"author":77,"featured_media":0,"parent":4562,"menu_order":7,"comment_status":"closed","ping_status":"open","template":"","meta":{"_acf_changed":false,"_relevanssi_hide_post":"","_relevanssi_hide_content":"","_relevanssi_pin_for_all":"","_relevanssi_pin_keywords":"","_relevanssi_unpin_keywords":"","_relevanssi_related_keywords":"","_relevanssi_related_include_ids":"","_relevanssi_related_exclude_ids":"","_relevanssi_related_no_append":"","_relevanssi_related_not_related":"","_relevanssi_related_posts":"","_relevanssi_noindex_reason":"","footnotes":""},"categories":[12],"tags":[],"class_list":["post-4581","page","type-page","status-publish","hentry","category-korkeakoulupalveluiden-tyopoyta"],"acf":[],"yoast_head":"<!-- This site is optimized with the Yoast SEO plugin v27.4 - https:\/\/yoast.com\/product\/yoast-seo-wordpress\/ -->\n<title>Ryhm\u00e4n suoritukset v\u00e4lilehti - Peppi-ohjeet henkil\u00f6kunnalle<\/title>\n<meta name=\"robots\" content=\"index, follow, max-snippet:-1, max-image-preview:large, max-video-preview:-1\" \/>\n<link rel=\"canonical\" href=\"https:\/\/help.jamk.fi\/peppi-ohjeet-henkilokunnalle\/fi\/opiskelijahallinto\/hops-ohjaus\/ryhman-suoritukset-valilehti\/\" \/>\n<meta property=\"og:locale\" content=\"fi_FI\" \/>\n<meta property=\"og:type\" content=\"article\" \/>\n<meta property=\"og:title\" content=\"Ryhm\u00e4n suoritukset v\u00e4lilehti - Peppi-ohjeet henkil\u00f6kunnalle\" \/>\n<meta property=\"og:description\" content=\"Ryhm\u00e4n suoritukset -v\u00e4lilehdell\u00e4 voi tarkastella ryhm\u00e4n opiskelijoiden suorituksia tietyll\u00e4 aikav\u00e4lill\u00e4. Suoritusten tarkastelu\" \/>\n<meta property=\"og:url\" content=\"https:\/\/help.jamk.fi\/peppi-ohjeet-henkilokunnalle\/fi\/opiskelijahallinto\/hops-ohjaus\/ryhman-suoritukset-valilehti\/\" \/>\n<meta property=\"og:site_name\" content=\"Peppi-ohjeet henkil\u00f6kunnalle\" \/>\n<meta property=\"article:modified_time\" content=\"2024-01-19T15:30:18+00:00\" \/>\n<meta property=\"og:image\" content=\"https:\/\/help.jamk.fi\/peppi-ohjeet-henkilokunnalle\/wp-content\/uploads\/sites\/131\/2020\/03\/HOPS_Ohjaus_valilehdet_ryhman_suoritukset-1.png\" \/>\n<meta name=\"twitter:card\" content=\"summary_large_image\" \/>\n<meta name=\"twitter:label1\" content=\"Arvioitu lukuaika\" \/>\n\t<meta name=\"twitter:data1\" content=\"1 minuutti\" \/>\n<script type=\"application\/ld+json\" class=\"yoast-schema-graph\">{\"@context\":\"https:\\\/\\\/schema.org\",\"@graph\":[{\"@type\":\"WebPage\",\"@id\":\"https:\\\/\\\/help.jamk.fi\\\/peppi-ohjeet-henkilokunnalle\\\/fi\\\/opiskelijahallinto\\\/hops-ohjaus\\\/ryhman-suoritukset-valilehti\\\/\",\"url\":\"https:\\\/\\\/help.jamk.fi\\\/peppi-ohjeet-henkilokunnalle\\\/fi\\\/opiskelijahallinto\\\/hops-ohjaus\\\/ryhman-suoritukset-valilehti\\\/\",\"name\":\"Ryhm\u00e4n suoritukset v\u00e4lilehti - Peppi-ohjeet henkil\u00f6kunnalle\",\"isPartOf\":{\"@id\":\"https:\\\/\\\/help.jamk.fi\\\/peppi-ohjeet-henkilokunnalle\\\/#website\"},\"primaryImageOfPage\":{\"@id\":\"https:\\\/\\\/help.jamk.fi\\\/peppi-ohjeet-henkilokunnalle\\\/fi\\\/opiskelijahallinto\\\/hops-ohjaus\\\/ryhman-suoritukset-valilehti\\\/#primaryimage\"},\"image\":{\"@id\":\"https:\\\/\\\/help.jamk.fi\\\/peppi-ohjeet-henkilokunnalle\\\/fi\\\/opiskelijahallinto\\\/hops-ohjaus\\\/ryhman-suoritukset-valilehti\\\/#primaryimage\"},\"thumbnailUrl\":\"https:\\\/\\\/help.jamk.fi\\\/peppi-ohjeet-henkilokunnalle\\\/wp-content\\\/uploads\\\/sites\\\/131\\\/2020\\\/03\\\/HOPS_Ohjaus_valilehdet_ryhman_suoritukset-1.png\",\"datePublished\":\"2020-03-11T11:40:47+00:00\",\"dateModified\":\"2024-01-19T15:30:18+00:00\",\"breadcrumb\":{\"@id\":\"https:\\\/\\\/help.jamk.fi\\\/peppi-ohjeet-henkilokunnalle\\\/fi\\\/opiskelijahallinto\\\/hops-ohjaus\\\/ryhman-suoritukset-valilehti\\\/#breadcrumb\"},\"inLanguage\":\"fi\",\"potentialAction\":[{\"@type\":\"ReadAction\",\"target\":[\"https:\\\/\\\/help.jamk.fi\\\/peppi-ohjeet-henkilokunnalle\\\/fi\\\/opiskelijahallinto\\\/hops-ohjaus\\\/ryhman-suoritukset-valilehti\\\/\"]}]},{\"@type\":\"ImageObject\",\"inLanguage\":\"fi\",\"@id\":\"https:\\\/\\\/help.jamk.fi\\\/peppi-ohjeet-henkilokunnalle\\\/fi\\\/opiskelijahallinto\\\/hops-ohjaus\\\/ryhman-suoritukset-valilehti\\\/#primaryimage\",\"url\":\"https:\\\/\\\/help.jamk.fi\\\/peppi-ohjeet-henkilokunnalle\\\/wp-content\\\/uploads\\\/sites\\\/131\\\/2020\\\/03\\\/HOPS_Ohjaus_valilehdet_ryhman_suoritukset-1.png\",\"contentUrl\":\"https:\\\/\\\/help.jamk.fi\\\/peppi-ohjeet-henkilokunnalle\\\/wp-content\\\/uploads\\\/sites\\\/131\\\/2020\\\/03\\\/HOPS_Ohjaus_valilehdet_ryhman_suoritukset-1.png\",\"width\":640,\"height\":318,\"caption\":\"Kuva HOPS-ohjauksen ryhm\u00e4n suoritukset -v\u00e4lilehdest\u00e4\"},{\"@type\":\"BreadcrumbList\",\"@id\":\"https:\\\/\\\/help.jamk.fi\\\/peppi-ohjeet-henkilokunnalle\\\/fi\\\/opiskelijahallinto\\\/hops-ohjaus\\\/ryhman-suoritukset-valilehti\\\/#breadcrumb\",\"itemListElement\":[{\"@type\":\"ListItem\",\"position\":1,\"name\":\"Home\",\"item\":\"https:\\\/\\\/help.jamk.fi\\\/peppi-ohjeet-henkilokunnalle\\\/en\\\/\"},{\"@type\":\"ListItem\",\"position\":2,\"name\":\"Opiskelijahallinto\",\"item\":\"https:\\\/\\\/help.jamk.fi\\\/peppi-ohjeet-henkilokunnalle\\\/fi\\\/opiskelijahallinto\\\/\"},{\"@type\":\"ListItem\",\"position\":3,\"name\":\"HOPSin ohjaus\",\"item\":\"https:\\\/\\\/help.jamk.fi\\\/peppi-ohjeet-henkilokunnalle\\\/fi\\\/opiskelijahallinto\\\/hops-ohjaus\\\/\"},{\"@type\":\"ListItem\",\"position\":4,\"name\":\"Ryhm\u00e4n suoritukset v\u00e4lilehti\"}]},{\"@type\":\"WebSite\",\"@id\":\"https:\\\/\\\/help.jamk.fi\\\/peppi-ohjeet-henkilokunnalle\\\/#website\",\"url\":\"https:\\\/\\\/help.jamk.fi\\\/peppi-ohjeet-henkilokunnalle\\\/\",\"name\":\"Peppi-ohjeet henkil\u00f6kunnalle\",\"description\":\"\",\"potentialAction\":[{\"@type\":\"SearchAction\",\"target\":{\"@type\":\"EntryPoint\",\"urlTemplate\":\"https:\\\/\\\/help.jamk.fi\\\/peppi-ohjeet-henkilokunnalle\\\/?s={search_term_string}\"},\"query-input\":{\"@type\":\"PropertyValueSpecification\",\"valueRequired\":true,\"valueName\":\"search_term_string\"}}],\"inLanguage\":\"fi\"}]}<\/script>\n<!-- \/ Yoast SEO plugin. -->","yoast_head_json":{"title":"Ryhm\u00e4n suoritukset v\u00e4lilehti - Peppi-ohjeet henkil\u00f6kunnalle","robots":{"index":"index","follow":"follow","max-snippet":"max-snippet:-1","max-image-preview":"max-image-preview:large","max-video-preview":"max-video-preview:-1"},"canonical":"https:\/\/help.jamk.fi\/peppi-ohjeet-henkilokunnalle\/fi\/opiskelijahallinto\/hops-ohjaus\/ryhman-suoritukset-valilehti\/","og_locale":"fi_FI","og_type":"article","og_title":"Ryhm\u00e4n suoritukset v\u00e4lilehti - Peppi-ohjeet henkil\u00f6kunnalle","og_description":"Ryhm\u00e4n suoritukset -v\u00e4lilehdell\u00e4 voi tarkastella ryhm\u00e4n opiskelijoiden suorituksia tietyll\u00e4 aikav\u00e4lill\u00e4. Suoritusten tarkastelu","og_url":"https:\/\/help.jamk.fi\/peppi-ohjeet-henkilokunnalle\/fi\/opiskelijahallinto\/hops-ohjaus\/ryhman-suoritukset-valilehti\/","og_site_name":"Peppi-ohjeet henkil\u00f6kunnalle","article_modified_time":"2024-01-19T15:30:18+00:00","og_image":[{"url":"https:\/\/help.jamk.fi\/peppi-ohjeet-henkilokunnalle\/wp-content\/uploads\/sites\/131\/2020\/03\/HOPS_Ohjaus_valilehdet_ryhman_suoritukset-1.png","type":"","width":"","height":""}],"twitter_card":"summary_large_image","twitter_misc":{"Arvioitu lukuaika":"1 minuutti"},"schema":{"@context":"https:\/\/schema.org","@graph":[{"@type":"WebPage","@id":"https:\/\/help.jamk.fi\/peppi-ohjeet-henkilokunnalle\/fi\/opiskelijahallinto\/hops-ohjaus\/ryhman-suoritukset-valilehti\/","url":"https:\/\/help.jamk.fi\/peppi-ohjeet-henkilokunnalle\/fi\/opiskelijahallinto\/hops-ohjaus\/ryhman-suoritukset-valilehti\/","name":"Ryhm\u00e4n suoritukset v\u00e4lilehti - Peppi-ohjeet henkil\u00f6kunnalle","isPartOf":{"@id":"https:\/\/help.jamk.fi\/peppi-ohjeet-henkilokunnalle\/#website"},"primaryImageOfPage":{"@id":"https:\/\/help.jamk.fi\/peppi-ohjeet-henkilokunnalle\/fi\/opiskelijahallinto\/hops-ohjaus\/ryhman-suoritukset-valilehti\/#primaryimage"},"image":{"@id":"https:\/\/help.jamk.fi\/peppi-ohjeet-henkilokunnalle\/fi\/opiskelijahallinto\/hops-ohjaus\/ryhman-suoritukset-valilehti\/#primaryimage"},"thumbnailUrl":"https:\/\/help.jamk.fi\/peppi-ohjeet-henkilokunnalle\/wp-content\/uploads\/sites\/131\/2020\/03\/HOPS_Ohjaus_valilehdet_ryhman_suoritukset-1.png","datePublished":"2020-03-11T11:40:47+00:00","dateModified":"2024-01-19T15:30:18+00:00","breadcrumb":{"@id":"https:\/\/help.jamk.fi\/peppi-ohjeet-henkilokunnalle\/fi\/opiskelijahallinto\/hops-ohjaus\/ryhman-suoritukset-valilehti\/#breadcrumb"},"inLanguage":"fi","potentialAction":[{"@type":"ReadAction","target":["https:\/\/help.jamk.fi\/peppi-ohjeet-henkilokunnalle\/fi\/opiskelijahallinto\/hops-ohjaus\/ryhman-suoritukset-valilehti\/"]}]},{"@type":"ImageObject","inLanguage":"fi","@id":"https:\/\/help.jamk.fi\/peppi-ohjeet-henkilokunnalle\/fi\/opiskelijahallinto\/hops-ohjaus\/ryhman-suoritukset-valilehti\/#primaryimage","url":"https:\/\/help.jamk.fi\/peppi-ohjeet-henkilokunnalle\/wp-content\/uploads\/sites\/131\/2020\/03\/HOPS_Ohjaus_valilehdet_ryhman_suoritukset-1.png","contentUrl":"https:\/\/help.jamk.fi\/peppi-ohjeet-henkilokunnalle\/wp-content\/uploads\/sites\/131\/2020\/03\/HOPS_Ohjaus_valilehdet_ryhman_suoritukset-1.png","width":640,"height":318,"caption":"Kuva HOPS-ohjauksen ryhm\u00e4n suoritukset -v\u00e4lilehdest\u00e4"},{"@type":"BreadcrumbList","@id":"https:\/\/help.jamk.fi\/peppi-ohjeet-henkilokunnalle\/fi\/opiskelijahallinto\/hops-ohjaus\/ryhman-suoritukset-valilehti\/#breadcrumb","itemListElement":[{"@type":"ListItem","position":1,"name":"Home","item":"https:\/\/help.jamk.fi\/peppi-ohjeet-henkilokunnalle\/en\/"},{"@type":"ListItem","position":2,"name":"Opiskelijahallinto","item":"https:\/\/help.jamk.fi\/peppi-ohjeet-henkilokunnalle\/fi\/opiskelijahallinto\/"},{"@type":"ListItem","position":3,"name":"HOPSin ohjaus","item":"https:\/\/help.jamk.fi\/peppi-ohjeet-henkilokunnalle\/fi\/opiskelijahallinto\/hops-ohjaus\/"},{"@type":"ListItem","position":4,"name":"Ryhm\u00e4n suoritukset v\u00e4lilehti"}]},{"@type":"WebSite","@id":"https:\/\/help.jamk.fi\/peppi-ohjeet-henkilokunnalle\/#website","url":"https:\/\/help.jamk.fi\/peppi-ohjeet-henkilokunnalle\/","name":"Peppi-ohjeet henkil\u00f6kunnalle","description":"","potentialAction":[{"@type":"SearchAction","target":{"@type":"EntryPoint","urlTemplate":"https:\/\/help.jamk.fi\/peppi-ohjeet-henkilokunnalle\/?s={search_term_string}"},"query-input":{"@type":"PropertyValueSpecification","valueRequired":true,"valueName":"search_term_string"}}],"inLanguage":"fi"}]}},"_links":{"self":[{"href":"https:\/\/help.jamk.fi\/peppi-ohjeet-henkilokunnalle\/wp-json\/wp\/v2\/pages\/4581","targetHints":{"allow":["GET"]}}],"collection":[{"href":"https:\/\/help.jamk.fi\/peppi-ohjeet-henkilokunnalle\/wp-json\/wp\/v2\/pages"}],"about":[{"href":"https:\/\/help.jamk.fi\/peppi-ohjeet-henkilokunnalle\/wp-json\/wp\/v2\/types\/page"}],"author":[{"embeddable":true,"href":"https:\/\/help.jamk.fi\/peppi-ohjeet-henkilokunnalle\/wp-json\/wp\/v2\/users\/77"}],"replies":[{"embeddable":true,"href":"https:\/\/help.jamk.fi\/peppi-ohjeet-henkilokunnalle\/wp-json\/wp\/v2\/comments?post=4581"}],"version-history":[{"count":4,"href":"https:\/\/help.jamk.fi\/peppi-ohjeet-henkilokunnalle\/wp-json\/wp\/v2\/pages\/4581\/revisions"}],"predecessor-version":[{"id":6354,"href":"https:\/\/help.jamk.fi\/peppi-ohjeet-henkilokunnalle\/wp-json\/wp\/v2\/pages\/4581\/revisions\/6354"}],"up":[{"embeddable":true,"href":"https:\/\/help.jamk.fi\/peppi-ohjeet-henkilokunnalle\/wp-json\/wp\/v2\/pages\/4562"}],"wp:attachment":[{"href":"https:\/\/help.jamk.fi\/peppi-ohjeet-henkilokunnalle\/wp-json\/wp\/v2\/media?parent=4581"}],"wp:term":[{"taxonomy":"category","embeddable":true,"href":"https:\/\/help.jamk.fi\/peppi-ohjeet-henkilokunnalle\/wp-json\/wp\/v2\/categories?post=4581"},{"taxonomy":"post_tag","embeddable":true,"href":"https:\/\/help.jamk.fi\/peppi-ohjeet-henkilokunnalle\/wp-json\/wp\/v2\/tags?post=4581"}],"curies":[{"name":"wp","href":"https:\/\/api.w.org\/{rel}","templated":true}]}}