{"id":4583,"date":"2020-03-30T10:02:16","date_gmt":"2020-03-30T07:02:16","guid":{"rendered":"https:\/\/help.jamk.fi\/peppi-ohjeet-henkilokunnalle\/opettajan-ohjeet\/opiskelijahaku\/"},"modified":"2024-01-11T14:42:50","modified_gmt":"2024-01-11T12:42:50","slug":"opiskelijahaku","status":"publish","type":"page","link":"https:\/\/help.jamk.fi\/peppi-ohjeet-henkilokunnalle\/fi\/opettajan-ohjeet\/opiskelijahaku\/","title":{"rendered":"Opiskelijahaku"},"content":{"rendered":"\n<p>Opettajan ty\u00f6p\u00f6yd\u00e4n opiskelijat-valikon alta l\u00f6ytyy opiskeluoikeushaku -sivu, josta voi hakea opiskelijan henkil\u00f6tietoja, opiskeluoikeustietoja ja suorituksia. Opiskeluoikeushaun kautta voi my\u00f6s tulostaa opiskelijoihin liittyvi\u00e4 raportteja.<\/p>\n\n\n\n<h2 class=\"wp-block-heading\">Opiskeluoikeushaku<\/h2>\n\n\n\n<p>Opiskeluoikeushaulla voi hakea yhden tai useamman opiskelijan valitsemillasi hakuehdoilla. Hakuty\u00f6kaluja on perushaku ja rakenteinen haku. Hakuja on mahdollista my\u00f6s tallentaa. Opiskeluoikeushaussa haettavaa nime\u00e4 voi lyhent\u00e4\u00e4 *-merkill\u00e4. Esim. sukunimikent\u00e4ss\u00e4 Aalto* hakee kaikki Aalto-alkuiset sukunimet (Aalto, Aaltonen, Aaltoj\u00e4rvi, Meri-Aalto,&#8230;).<\/p>\n\n\n\n<p>Tarkemmat ohjeet l\u00f6ytyv\u00e4t <a href=\"https:\/\/help.jamk.fi\/peppi-ohjeet-henkilokunnalle\/fi\/opettajan-ohjeet\/opiskelijahaku\/opiskeluoikeushaku\/\">opiskeluoikeushaun ohjeista<\/a>.<\/p>\n\n\n\n<h2 class=\"wp-block-heading\">Henkil\u00f6tietojen tarkastelu ja muokkaus<\/h2>\n\n\n\n<p>Henkil\u00f6tietojen tarkastelu ja muokkaus tehd\u00e4\u00e4n hakemalla ensin opiskelija ja t\u00e4m\u00e4n j\u00e4lkeen siirtym\u00e4ll\u00e4 h\u00e4nen tietoihin. Voit muokata opiskelijan henkil\u00f6tietoja, yhteystietoja, tietojen luovutuslupia, tietoja l\u00e4hiomaisista sek\u00e4 lis\u00e4t\u00e4 opiskelijalle muita lis\u00e4tietoja. K\u00e4ytt\u00e4j\u00e4n k\u00e4ytt\u00f6oikeudet m\u00e4\u00e4ritt\u00e4v\u00e4t mit\u00e4 tietoja h\u00e4nen on mahdollista muokata.<\/p>\n\n\n\n<p>Tarkemmat ohjeet l\u00f6ytyv\u00e4t <a href=\"https:\/\/help.jamk.fi\/peppi-ohjeet-henkilokunnalle\/fi\/opettajan-ohjeet\/opiskelijahaku\/henkilotietojen-tarkastelu-ja-muokkaus\/\">henkil\u00f6tietojen tarkastelun ja muokkauksen ohjeista<\/a>.<\/p>\n\n\n\n<p class=\"is-style-default\">Jos Pepiss\u00e4 n\u00e4kyy muu kuin opiskelijan nykyinen sukunimi, pyyd\u00e4 laittamaan asiasta palvelupyynt\u00f6 Helpdeskiss\u00e4 <a href=\"https:\/\/help.jamk.fi\">help.jamk.fi<\/a>.<\/p>\n\n\n\n<h2 class=\"wp-block-heading\">Opiskeluoikeustietojen tarkastelu ja muokkaus<\/h2>\n\n\n\n<p>Hakemalla opiskelijan tiedot opiskeluoikeushaulla, n\u00e4et h\u00e4nen kaikki opiskeluoikeutensa. Eri opiskeluoikeuksien tietoja voidaan tarkastella ja muokata opiskelijan sivuilta. Opiskeluoikeuksien tietoihin kuuluvat esimerkiksi opiskelutiedot, l\u00e4sn\u00e4olotiedot, opiskeluoikeuden lis\u00e4tiedot yms.<\/p>\n\n\n\n<p>Tarkemmat ohjeet l\u00f6ytyv\u00e4t <a href=\"https:\/\/help.jamk.fi\/peppi-ohjeet-henkilokunnalle\/fi\/opettajan-ohjeet\/opiskelijahaku\/opiskeluoikeustietojen-tarkastelu\/\">opiskeluoikeustietojen tarkastelun ja muokkauksen ohjeista<\/a>.<\/p>\n\n\n\n<h2 class=\"wp-block-heading\">Raportit ja tulosteet<\/h2>\n\n\n\n<p>Pepiss\u00e4 on lukuisia opiskeluoikeuksiin ja henkil\u00f6ihin liittyvi\u00e4 raportteja, joita voidaan k\u00e4ytt\u00e4\u00e4 esimerkiksi opiskeluoikeushaun kautta. Korkeakoulu voi muokata j\u00e4rjestelm\u00e4ss\u00e4 olevia raportteja ja luoda uusia raportteja p\u00e4\u00e4k\u00e4ytt\u00e4j\u00e4n ty\u00f6p\u00f6yd\u00e4lt\u00e4 l\u00f6ytyv\u00e4n raporttipalvelun avulla.<\/p>\n\n\n\n<p>Tarkemmat ohjeet l\u00f6ytyv\u00e4t <a href=\"https:\/\/help.jamk.fi\/peppi-ohjeet-henkilokunnalle\/fi\/opettajan-ohjeet\/opiskelijahaku\/raportit-ja-tulosteet\/\">raporttien ja tulosteiden ohjeista<\/a>.<\/p>\n","protected":false},"excerpt":{"rendered":"<p>Opettajan ty\u00f6p\u00f6yd\u00e4n opiskelijat-valikon alta l\u00f6ytyy opiskeluoikeushaku -sivu, josta voi hakea opiskelijan henkil\u00f6tietoja, opiskeluoikeustietoja ja suorituksia. Opiskeluoikeushaun kautta voi my\u00f6s tulostaa opiskelijoihin liittyvi\u00e4 raportteja. Opiskeluoikeushaku Opiskeluoikeushaulla voi hakea yhden tai useamman opiskelijan valitsemillasi hakuehdoilla. Hakuty\u00f6kaluja on perushaku ja rakenteinen haku. Hakuja on mahdollista my\u00f6s tallentaa. Opiskeluoikeushaussa haettavaa nime\u00e4 voi lyhent\u00e4\u00e4 *-merkill\u00e4. Esim. sukunimikent\u00e4ss\u00e4 Aalto* hakee kaikki [&hellip;]<\/p>\n","protected":false},"author":77,"featured_media":0,"parent":4552,"menu_order":13,"comment_status":"closed","ping_status":"open","template":"","meta":{"_acf_changed":false,"_relevanssi_hide_post":"","_relevanssi_hide_content":"","_relevanssi_pin_for_all":"","_relevanssi_pin_keywords":"","_relevanssi_unpin_keywords":"","_relevanssi_related_keywords":"","_relevanssi_related_include_ids":"","_relevanssi_related_exclude_ids":"","_relevanssi_related_no_append":"","_relevanssi_related_not_related":"","_relevanssi_related_posts":"","_relevanssi_noindex_reason":"","footnotes":""},"categories":[10],"tags":[],"class_list":["post-4583","page","type-page","status-publish","hentry","category-opettajan-tyopoyta"],"acf":[],"yoast_head":"<!-- This site is optimized with the Yoast SEO plugin v27.3 - https:\/\/yoast.com\/product\/yoast-seo-wordpress\/ -->\n<title>Opiskelijahaku - Peppi-ohjeet henkil\u00f6kunnalle<\/title>\n<meta name=\"robots\" content=\"index, follow, max-snippet:-1, max-image-preview:large, max-video-preview:-1\" \/>\n<link rel=\"canonical\" href=\"https:\/\/help.jamk.fi\/peppi-ohjeet-henkilokunnalle\/fi\/opettajan-ohjeet\/opiskelijahaku\/\" \/>\n<meta property=\"og:locale\" content=\"fi_FI\" \/>\n<meta property=\"og:type\" content=\"article\" \/>\n<meta property=\"og:title\" content=\"Opiskelijahaku - Peppi-ohjeet henkil\u00f6kunnalle\" \/>\n<meta property=\"og:description\" content=\"Opettajan ty\u00f6p\u00f6yd\u00e4n opiskelijat-valikon alta l\u00f6ytyy opiskeluoikeushaku -sivu, josta voi hakea opiskelijan henkil\u00f6tietoja, opiskeluoikeustietoja ja suorituksia. Opiskeluoikeushaun kautta voi my\u00f6s tulostaa opiskelijoihin liittyvi\u00e4 raportteja. Opiskeluoikeushaku Opiskeluoikeushaulla voi hakea yhden tai useamman opiskelijan valitsemillasi hakuehdoilla. Hakuty\u00f6kaluja on perushaku ja rakenteinen haku. Hakuja on mahdollista my\u00f6s tallentaa. Opiskeluoikeushaussa haettavaa nime\u00e4 voi lyhent\u00e4\u00e4 *-merkill\u00e4. Esim. sukunimikent\u00e4ss\u00e4 Aalto* hakee kaikki [&hellip;]\" \/>\n<meta property=\"og:url\" content=\"https:\/\/help.jamk.fi\/peppi-ohjeet-henkilokunnalle\/fi\/opettajan-ohjeet\/opiskelijahaku\/\" \/>\n<meta property=\"og:site_name\" content=\"Peppi-ohjeet henkil\u00f6kunnalle\" \/>\n<meta property=\"article:modified_time\" content=\"2024-01-11T12:42:50+00:00\" \/>\n<meta name=\"twitter:card\" content=\"summary_large_image\" \/>\n<meta name=\"twitter:label1\" content=\"Arvioitu lukuaika\" \/>\n\t<meta name=\"twitter:data1\" content=\"2 minuuttia\" \/>\n<script type=\"application\/ld+json\" class=\"yoast-schema-graph\">{\"@context\":\"https:\\\/\\\/schema.org\",\"@graph\":[{\"@type\":\"WebPage\",\"@id\":\"https:\\\/\\\/help.jamk.fi\\\/peppi-ohjeet-henkilokunnalle\\\/fi\\\/opettajan-ohjeet\\\/opiskelijahaku\\\/\",\"url\":\"https:\\\/\\\/help.jamk.fi\\\/peppi-ohjeet-henkilokunnalle\\\/fi\\\/opettajan-ohjeet\\\/opiskelijahaku\\\/\",\"name\":\"Opiskelijahaku - Peppi-ohjeet henkil\u00f6kunnalle\",\"isPartOf\":{\"@id\":\"https:\\\/\\\/help.jamk.fi\\\/peppi-ohjeet-henkilokunnalle\\\/#website\"},\"datePublished\":\"2020-03-30T07:02:16+00:00\",\"dateModified\":\"2024-01-11T12:42:50+00:00\",\"breadcrumb\":{\"@id\":\"https:\\\/\\\/help.jamk.fi\\\/peppi-ohjeet-henkilokunnalle\\\/fi\\\/opettajan-ohjeet\\\/opiskelijahaku\\\/#breadcrumb\"},\"inLanguage\":\"fi\",\"potentialAction\":[{\"@type\":\"ReadAction\",\"target\":[\"https:\\\/\\\/help.jamk.fi\\\/peppi-ohjeet-henkilokunnalle\\\/fi\\\/opettajan-ohjeet\\\/opiskelijahaku\\\/\"]}]},{\"@type\":\"BreadcrumbList\",\"@id\":\"https:\\\/\\\/help.jamk.fi\\\/peppi-ohjeet-henkilokunnalle\\\/fi\\\/opettajan-ohjeet\\\/opiskelijahaku\\\/#breadcrumb\",\"itemListElement\":[{\"@type\":\"ListItem\",\"position\":1,\"name\":\"Home\",\"item\":\"https:\\\/\\\/help.jamk.fi\\\/peppi-ohjeet-henkilokunnalle\\\/en\\\/\"},{\"@type\":\"ListItem\",\"position\":2,\"name\":\"Opettajan ohjeet\",\"item\":\"https:\\\/\\\/help.jamk.fi\\\/peppi-ohjeet-henkilokunnalle\\\/fi\\\/opettajan-ohjeet\\\/\"},{\"@type\":\"ListItem\",\"position\":3,\"name\":\"Opiskelijahaku\"}]},{\"@type\":\"WebSite\",\"@id\":\"https:\\\/\\\/help.jamk.fi\\\/peppi-ohjeet-henkilokunnalle\\\/#website\",\"url\":\"https:\\\/\\\/help.jamk.fi\\\/peppi-ohjeet-henkilokunnalle\\\/\",\"name\":\"Peppi-ohjeet henkil\u00f6kunnalle\",\"description\":\"\",\"potentialAction\":[{\"@type\":\"SearchAction\",\"target\":{\"@type\":\"EntryPoint\",\"urlTemplate\":\"https:\\\/\\\/help.jamk.fi\\\/peppi-ohjeet-henkilokunnalle\\\/?s={search_term_string}\"},\"query-input\":{\"@type\":\"PropertyValueSpecification\",\"valueRequired\":true,\"valueName\":\"search_term_string\"}}],\"inLanguage\":\"fi\"}]}<\/script>\n<!-- \/ Yoast SEO plugin. -->","yoast_head_json":{"title":"Opiskelijahaku - Peppi-ohjeet henkil\u00f6kunnalle","robots":{"index":"index","follow":"follow","max-snippet":"max-snippet:-1","max-image-preview":"max-image-preview:large","max-video-preview":"max-video-preview:-1"},"canonical":"https:\/\/help.jamk.fi\/peppi-ohjeet-henkilokunnalle\/fi\/opettajan-ohjeet\/opiskelijahaku\/","og_locale":"fi_FI","og_type":"article","og_title":"Opiskelijahaku - Peppi-ohjeet henkil\u00f6kunnalle","og_description":"Opettajan ty\u00f6p\u00f6yd\u00e4n opiskelijat-valikon alta l\u00f6ytyy opiskeluoikeushaku -sivu, josta voi hakea opiskelijan henkil\u00f6tietoja, opiskeluoikeustietoja ja suorituksia. Opiskeluoikeushaun kautta voi my\u00f6s tulostaa opiskelijoihin liittyvi\u00e4 raportteja. Opiskeluoikeushaku Opiskeluoikeushaulla voi hakea yhden tai useamman opiskelijan valitsemillasi hakuehdoilla. Hakuty\u00f6kaluja on perushaku ja rakenteinen haku. Hakuja on mahdollista my\u00f6s tallentaa. Opiskeluoikeushaussa haettavaa nime\u00e4 voi lyhent\u00e4\u00e4 *-merkill\u00e4. Esim. sukunimikent\u00e4ss\u00e4 Aalto* hakee kaikki [&hellip;]","og_url":"https:\/\/help.jamk.fi\/peppi-ohjeet-henkilokunnalle\/fi\/opettajan-ohjeet\/opiskelijahaku\/","og_site_name":"Peppi-ohjeet henkil\u00f6kunnalle","article_modified_time":"2024-01-11T12:42:50+00:00","twitter_card":"summary_large_image","twitter_misc":{"Arvioitu lukuaika":"2 minuuttia"},"schema":{"@context":"https:\/\/schema.org","@graph":[{"@type":"WebPage","@id":"https:\/\/help.jamk.fi\/peppi-ohjeet-henkilokunnalle\/fi\/opettajan-ohjeet\/opiskelijahaku\/","url":"https:\/\/help.jamk.fi\/peppi-ohjeet-henkilokunnalle\/fi\/opettajan-ohjeet\/opiskelijahaku\/","name":"Opiskelijahaku - Peppi-ohjeet henkil\u00f6kunnalle","isPartOf":{"@id":"https:\/\/help.jamk.fi\/peppi-ohjeet-henkilokunnalle\/#website"},"datePublished":"2020-03-30T07:02:16+00:00","dateModified":"2024-01-11T12:42:50+00:00","breadcrumb":{"@id":"https:\/\/help.jamk.fi\/peppi-ohjeet-henkilokunnalle\/fi\/opettajan-ohjeet\/opiskelijahaku\/#breadcrumb"},"inLanguage":"fi","potentialAction":[{"@type":"ReadAction","target":["https:\/\/help.jamk.fi\/peppi-ohjeet-henkilokunnalle\/fi\/opettajan-ohjeet\/opiskelijahaku\/"]}]},{"@type":"BreadcrumbList","@id":"https:\/\/help.jamk.fi\/peppi-ohjeet-henkilokunnalle\/fi\/opettajan-ohjeet\/opiskelijahaku\/#breadcrumb","itemListElement":[{"@type":"ListItem","position":1,"name":"Home","item":"https:\/\/help.jamk.fi\/peppi-ohjeet-henkilokunnalle\/en\/"},{"@type":"ListItem","position":2,"name":"Opettajan ohjeet","item":"https:\/\/help.jamk.fi\/peppi-ohjeet-henkilokunnalle\/fi\/opettajan-ohjeet\/"},{"@type":"ListItem","position":3,"name":"Opiskelijahaku"}]},{"@type":"WebSite","@id":"https:\/\/help.jamk.fi\/peppi-ohjeet-henkilokunnalle\/#website","url":"https:\/\/help.jamk.fi\/peppi-ohjeet-henkilokunnalle\/","name":"Peppi-ohjeet henkil\u00f6kunnalle","description":"","potentialAction":[{"@type":"SearchAction","target":{"@type":"EntryPoint","urlTemplate":"https:\/\/help.jamk.fi\/peppi-ohjeet-henkilokunnalle\/?s={search_term_string}"},"query-input":{"@type":"PropertyValueSpecification","valueRequired":true,"valueName":"search_term_string"}}],"inLanguage":"fi"}]}},"_links":{"self":[{"href":"https:\/\/help.jamk.fi\/peppi-ohjeet-henkilokunnalle\/wp-json\/wp\/v2\/pages\/4583","targetHints":{"allow":["GET"]}}],"collection":[{"href":"https:\/\/help.jamk.fi\/peppi-ohjeet-henkilokunnalle\/wp-json\/wp\/v2\/pages"}],"about":[{"href":"https:\/\/help.jamk.fi\/peppi-ohjeet-henkilokunnalle\/wp-json\/wp\/v2\/types\/page"}],"author":[{"embeddable":true,"href":"https:\/\/help.jamk.fi\/peppi-ohjeet-henkilokunnalle\/wp-json\/wp\/v2\/users\/77"}],"replies":[{"embeddable":true,"href":"https:\/\/help.jamk.fi\/peppi-ohjeet-henkilokunnalle\/wp-json\/wp\/v2\/comments?post=4583"}],"version-history":[{"count":7,"href":"https:\/\/help.jamk.fi\/peppi-ohjeet-henkilokunnalle\/wp-json\/wp\/v2\/pages\/4583\/revisions"}],"predecessor-version":[{"id":6254,"href":"https:\/\/help.jamk.fi\/peppi-ohjeet-henkilokunnalle\/wp-json\/wp\/v2\/pages\/4583\/revisions\/6254"}],"up":[{"embeddable":true,"href":"https:\/\/help.jamk.fi\/peppi-ohjeet-henkilokunnalle\/wp-json\/wp\/v2\/pages\/4552"}],"wp:attachment":[{"href":"https:\/\/help.jamk.fi\/peppi-ohjeet-henkilokunnalle\/wp-json\/wp\/v2\/media?parent=4583"}],"wp:term":[{"taxonomy":"category","embeddable":true,"href":"https:\/\/help.jamk.fi\/peppi-ohjeet-henkilokunnalle\/wp-json\/wp\/v2\/categories?post=4583"},{"taxonomy":"post_tag","embeddable":true,"href":"https:\/\/help.jamk.fi\/peppi-ohjeet-henkilokunnalle\/wp-json\/wp\/v2\/tags?post=4583"}],"curies":[{"name":"wp","href":"https:\/\/api.w.org\/{rel}","templated":true}]}}