{"id":4587,"date":"2020-03-31T11:45:58","date_gmt":"2020-03-31T08:45:58","guid":{"rendered":"https:\/\/help.jamk.fi\/peppi-ohjeet-henkilokunnalle\/opettajan-ohjeet\/opiskelijahaku\/raportit-ja-tulosteet\/"},"modified":"2024-01-19T17:41:54","modified_gmt":"2024-01-19T15:41:54","slug":"raportit-ja-tulosteet","status":"publish","type":"page","link":"https:\/\/help.jamk.fi\/peppi-ohjeet-henkilokunnalle\/fi\/opettajan-ohjeet\/opiskelijahaku\/raportit-ja-tulosteet\/","title":{"rendered":"Raportit ja tulosteet"},"content":{"rendered":"\n<p>Pepiss\u00e4 on k\u00e4yt\u00f6ss\u00e4\u00e4n lukuisia opiskeluoikeuksiin ja henkil\u00f6ihin liittyvi\u00e4 raportteja. Pepiss\u00e4 raportteihin kuuluvat niin todistukset kuin perinteiset Excel -raportit. Raportteja voidaan tulostaa esimerkiksi opiskeluoikeushaun kautta tai suoraan opiskelijan opiskeluoikeustietojen kautta. K\u00e4ytt\u00e4j\u00e4n n\u00e4kem\u00e4t ja valittavissa olevat raportit riippuvat k\u00e4ytt\u00e4j\u00e4n k\u00e4ytt\u00f6oikeuksista.<\/p>\n\n\n\n<h2 class=\"wp-block-heading\">Raportit opiskeluoikeushaun kautta<\/h2>\n\n\n\n<p>Hae ensin opiskelija(t) k\u00e4ytt\u00e4m\u00e4ll\u00e4 hakutoimintoa:<\/p>\n\n\n\n<ol class=\"wp-block-list\">\n<li>Tee opiskelijahaku haluamallasi tavalla (ks. <a href=\"https:\/\/help.jamk.fi\/peppi-ohjeet-henkilokunnalle\/fi\/opettajan-ohjeet\/opiskelijahaku\/opiskeluoikeushaku\/\">Opiskeluoikeushaku<\/a>)<\/li>\n\n\n\n<li><strong>Valitse<\/strong> listasta <strong>opiskelija(t)<\/strong>, jo(i)lle haluat tulostaa raportteja merkitsem\u00e4ll\u00e4 ruksi nimen edess\u00e4 olevaan valintaruutuun.<\/li>\n\n\n\n<li>Avaa <strong>Raportit <\/strong>ja valitse kansio, jossa raportti sijaitsee.<\/li>\n\n\n\n<li><strong>Valitse haluamasi raportti<\/strong> merkitsem\u00e4ll\u00e4 ruksi raportin nimen edess\u00e4 olevaan valintaruutuun.<br>Huom! Valittavissa olevat raportit riippuvat k\u00e4ytt\u00f6oikeuksista.<\/li>\n\n\n\n<li>Tee valitsemaasi raporttiin liittyv\u00e4t tarkentavat valinnat<\/li>\n\n\n\n<li>Valitse, miten haluat tulostaa raportit. K\u00e4yt\u00f6ss\u00e4 ovat seuraavat valintamahdollisuudet:\n<ul class=\"wp-block-list\">\n<li>Tuota erilliset tiedostot = raportit tulostetaan raporttityypeitt\u00e4in omiin tiedostoihin<\/li>\n\n\n\n<li>Tuota opiskelijakohtaiset tiedostot = raportit tulostetaan opiskelijakohtaisesti omiin tiedostoihin<\/li>\n\n\n\n<li>Tuota yksi tiedosto = raportit tulostetaan yhteen tiedostoon<\/li>\n<\/ul>\n<\/li>\n\n\n\n<li>Valitse <strong>Tulosta valitut raportit<\/strong> valituille opiskelijoille<\/li>\n\n\n\n<li>J\u00e4rjestelm\u00e4 tallentaa raportit koneellesi, josta ne on tarkasteltavissa ja tulostettavissa<\/li>\n<\/ol>\n\n\n\n<figure class=\"wp-block-image\"><img loading=\"lazy\" decoding=\"async\" width=\"640\" height=\"420\" src=\"https:\/\/help.jamk.fi\/peppi-ohjeet-henkilokunnalle\/wp-content\/uploads\/sites\/131\/2020\/03\/Raportit_ja_tulosteet_opiskeluoikeushaku.png\" alt=\"Kuva raporttien ja tulosteiden valinnasta opiskeluoikeushaun kautta\" class=\"wp-image-678\"\/><\/figure>\n\n\n\n<h2 class=\"wp-block-heading\">Raportit opiskelijan opiskeluoikeustietojen kautta<\/h2>\n\n\n\n<p>Opiskelijan opiskeluoikeustietojen kautta voidaan tulostaa opiskelijaan liittyvi\u00e4 raportteja. Ohjeet tulostamiseen l\u00f6yd\u00e4t <a href=\"https:\/\/help.jamk.fi\/peppi-ohjeet-henkilokunnalle\/fi\/opettajan-ohjeet\/opiskelijahaku\/opiskeluoikeustietojen-tarkastelu\/\">opiskeluoikeustietojen tarkastelun<\/a> ohjeista.<\/p>\n","protected":false},"excerpt":{"rendered":"<p>Pepiss\u00e4 on k\u00e4yt\u00f6ss\u00e4\u00e4n lukuisia opiskeluoikeuksiin ja henkil\u00f6ihin liittyvi\u00e4 raportteja. Pepiss\u00e4 raportteihin kuuluvat niin todistukset kuin perinteiset Excel -raportit. Raportteja voidaan tulostaa esimerkiksi opiskeluoikeushaun kautta tai suoraan opiskelijan opiskeluoikeustietojen kautta. K\u00e4ytt\u00e4j\u00e4n n\u00e4kem\u00e4t ja valittavissa olevat raportit riippuvat k\u00e4ytt\u00e4j\u00e4n k\u00e4ytt\u00f6oikeuksista. Raportit opiskeluoikeushaun kautta Hae ensin opiskelija(t) k\u00e4ytt\u00e4m\u00e4ll\u00e4 hakutoimintoa: Raportit opiskelijan opiskeluoikeustietojen kautta Opiskelijan opiskeluoikeustietojen kautta voidaan tulostaa [&hellip;]<\/p>\n","protected":false},"author":77,"featured_media":0,"parent":4583,"menu_order":4,"comment_status":"closed","ping_status":"open","template":"","meta":{"_acf_changed":false,"_relevanssi_hide_post":"","_relevanssi_hide_content":"","_relevanssi_pin_for_all":"","_relevanssi_pin_keywords":"","_relevanssi_unpin_keywords":"","_relevanssi_related_keywords":"","_relevanssi_related_include_ids":"","_relevanssi_related_exclude_ids":"","_relevanssi_related_no_append":"","_relevanssi_related_not_related":"","_relevanssi_related_posts":"","_relevanssi_noindex_reason":"","footnotes":""},"categories":[10],"tags":[],"class_list":["post-4587","page","type-page","status-publish","hentry","category-opettajan-tyopoyta"],"acf":[],"yoast_head":"<!-- This site is optimized with the Yoast SEO plugin v27.3 - https:\/\/yoast.com\/product\/yoast-seo-wordpress\/ -->\n<title>Raportit ja tulosteet - Peppi-ohjeet henkil\u00f6kunnalle<\/title>\n<meta name=\"robots\" content=\"index, follow, max-snippet:-1, max-image-preview:large, max-video-preview:-1\" \/>\n<link rel=\"canonical\" href=\"https:\/\/help.jamk.fi\/peppi-ohjeet-henkilokunnalle\/fi\/opettajan-ohjeet\/opiskelijahaku\/raportit-ja-tulosteet\/\" \/>\n<meta property=\"og:locale\" content=\"fi_FI\" \/>\n<meta property=\"og:type\" content=\"article\" \/>\n<meta property=\"og:title\" content=\"Raportit ja tulosteet - Peppi-ohjeet henkil\u00f6kunnalle\" \/>\n<meta property=\"og:description\" content=\"Pepiss\u00e4 on k\u00e4yt\u00f6ss\u00e4\u00e4n lukuisia opiskeluoikeuksiin ja henkil\u00f6ihin liittyvi\u00e4 raportteja. Pepiss\u00e4 raportteihin kuuluvat niin todistukset kuin perinteiset Excel -raportit. Raportteja voidaan tulostaa esimerkiksi opiskeluoikeushaun kautta tai suoraan opiskelijan opiskeluoikeustietojen kautta. K\u00e4ytt\u00e4j\u00e4n n\u00e4kem\u00e4t ja valittavissa olevat raportit riippuvat k\u00e4ytt\u00e4j\u00e4n k\u00e4ytt\u00f6oikeuksista. Raportit opiskeluoikeushaun kautta Hae ensin opiskelija(t) k\u00e4ytt\u00e4m\u00e4ll\u00e4 hakutoimintoa: Raportit opiskelijan opiskeluoikeustietojen kautta Opiskelijan opiskeluoikeustietojen kautta voidaan tulostaa [&hellip;]\" \/>\n<meta property=\"og:url\" content=\"https:\/\/help.jamk.fi\/peppi-ohjeet-henkilokunnalle\/fi\/opettajan-ohjeet\/opiskelijahaku\/raportit-ja-tulosteet\/\" \/>\n<meta property=\"og:site_name\" content=\"Peppi-ohjeet henkil\u00f6kunnalle\" \/>\n<meta property=\"article:modified_time\" content=\"2024-01-19T15:41:54+00:00\" \/>\n<meta property=\"og:image\" content=\"https:\/\/help.jamk.fi\/peppi-ohjeet-henkilokunnalle\/wp-content\/uploads\/sites\/131\/2020\/03\/Raportit_ja_tulosteet_opiskeluoikeushaku.png\" \/>\n<meta name=\"twitter:card\" content=\"summary_large_image\" \/>\n<meta name=\"twitter:label1\" content=\"Arvioitu lukuaika\" \/>\n\t<meta name=\"twitter:data1\" content=\"2 minuuttia\" \/>\n<script type=\"application\/ld+json\" class=\"yoast-schema-graph\">{\"@context\":\"https:\\\/\\\/schema.org\",\"@graph\":[{\"@type\":\"WebPage\",\"@id\":\"https:\\\/\\\/help.jamk.fi\\\/peppi-ohjeet-henkilokunnalle\\\/fi\\\/opettajan-ohjeet\\\/opiskelijahaku\\\/raportit-ja-tulosteet\\\/\",\"url\":\"https:\\\/\\\/help.jamk.fi\\\/peppi-ohjeet-henkilokunnalle\\\/fi\\\/opettajan-ohjeet\\\/opiskelijahaku\\\/raportit-ja-tulosteet\\\/\",\"name\":\"Raportit ja tulosteet - Peppi-ohjeet henkil\u00f6kunnalle\",\"isPartOf\":{\"@id\":\"https:\\\/\\\/help.jamk.fi\\\/peppi-ohjeet-henkilokunnalle\\\/#website\"},\"primaryImageOfPage\":{\"@id\":\"https:\\\/\\\/help.jamk.fi\\\/peppi-ohjeet-henkilokunnalle\\\/fi\\\/opettajan-ohjeet\\\/opiskelijahaku\\\/raportit-ja-tulosteet\\\/#primaryimage\"},\"image\":{\"@id\":\"https:\\\/\\\/help.jamk.fi\\\/peppi-ohjeet-henkilokunnalle\\\/fi\\\/opettajan-ohjeet\\\/opiskelijahaku\\\/raportit-ja-tulosteet\\\/#primaryimage\"},\"thumbnailUrl\":\"https:\\\/\\\/help.jamk.fi\\\/peppi-ohjeet-henkilokunnalle\\\/wp-content\\\/uploads\\\/sites\\\/131\\\/2020\\\/03\\\/Raportit_ja_tulosteet_opiskeluoikeushaku.png\",\"datePublished\":\"2020-03-31T08:45:58+00:00\",\"dateModified\":\"2024-01-19T15:41:54+00:00\",\"breadcrumb\":{\"@id\":\"https:\\\/\\\/help.jamk.fi\\\/peppi-ohjeet-henkilokunnalle\\\/fi\\\/opettajan-ohjeet\\\/opiskelijahaku\\\/raportit-ja-tulosteet\\\/#breadcrumb\"},\"inLanguage\":\"fi\",\"potentialAction\":[{\"@type\":\"ReadAction\",\"target\":[\"https:\\\/\\\/help.jamk.fi\\\/peppi-ohjeet-henkilokunnalle\\\/fi\\\/opettajan-ohjeet\\\/opiskelijahaku\\\/raportit-ja-tulosteet\\\/\"]}]},{\"@type\":\"ImageObject\",\"inLanguage\":\"fi\",\"@id\":\"https:\\\/\\\/help.jamk.fi\\\/peppi-ohjeet-henkilokunnalle\\\/fi\\\/opettajan-ohjeet\\\/opiskelijahaku\\\/raportit-ja-tulosteet\\\/#primaryimage\",\"url\":\"https:\\\/\\\/help.jamk.fi\\\/peppi-ohjeet-henkilokunnalle\\\/wp-content\\\/uploads\\\/sites\\\/131\\\/2020\\\/03\\\/Raportit_ja_tulosteet_opiskeluoikeushaku.png\",\"contentUrl\":\"https:\\\/\\\/help.jamk.fi\\\/peppi-ohjeet-henkilokunnalle\\\/wp-content\\\/uploads\\\/sites\\\/131\\\/2020\\\/03\\\/Raportit_ja_tulosteet_opiskeluoikeushaku.png\",\"width\":640,\"height\":420,\"caption\":\"Kuva raporttien ja tulosteiden valinnasta opiskeluoikeushaun kautta\"},{\"@type\":\"BreadcrumbList\",\"@id\":\"https:\\\/\\\/help.jamk.fi\\\/peppi-ohjeet-henkilokunnalle\\\/fi\\\/opettajan-ohjeet\\\/opiskelijahaku\\\/raportit-ja-tulosteet\\\/#breadcrumb\",\"itemListElement\":[{\"@type\":\"ListItem\",\"position\":1,\"name\":\"Home\",\"item\":\"https:\\\/\\\/help.jamk.fi\\\/peppi-ohjeet-henkilokunnalle\\\/en\\\/\"},{\"@type\":\"ListItem\",\"position\":2,\"name\":\"Opettajan ohjeet\",\"item\":\"https:\\\/\\\/help.jamk.fi\\\/peppi-ohjeet-henkilokunnalle\\\/fi\\\/opettajan-ohjeet\\\/\"},{\"@type\":\"ListItem\",\"position\":3,\"name\":\"Opiskelijahaku\",\"item\":\"https:\\\/\\\/help.jamk.fi\\\/peppi-ohjeet-henkilokunnalle\\\/fi\\\/opettajan-ohjeet\\\/opiskelijahaku\\\/\"},{\"@type\":\"ListItem\",\"position\":4,\"name\":\"Raportit ja tulosteet\"}]},{\"@type\":\"WebSite\",\"@id\":\"https:\\\/\\\/help.jamk.fi\\\/peppi-ohjeet-henkilokunnalle\\\/#website\",\"url\":\"https:\\\/\\\/help.jamk.fi\\\/peppi-ohjeet-henkilokunnalle\\\/\",\"name\":\"Peppi-ohjeet henkil\u00f6kunnalle\",\"description\":\"\",\"potentialAction\":[{\"@type\":\"SearchAction\",\"target\":{\"@type\":\"EntryPoint\",\"urlTemplate\":\"https:\\\/\\\/help.jamk.fi\\\/peppi-ohjeet-henkilokunnalle\\\/?s={search_term_string}\"},\"query-input\":{\"@type\":\"PropertyValueSpecification\",\"valueRequired\":true,\"valueName\":\"search_term_string\"}}],\"inLanguage\":\"fi\"}]}<\/script>\n<!-- \/ Yoast SEO plugin. -->","yoast_head_json":{"title":"Raportit ja tulosteet - Peppi-ohjeet henkil\u00f6kunnalle","robots":{"index":"index","follow":"follow","max-snippet":"max-snippet:-1","max-image-preview":"max-image-preview:large","max-video-preview":"max-video-preview:-1"},"canonical":"https:\/\/help.jamk.fi\/peppi-ohjeet-henkilokunnalle\/fi\/opettajan-ohjeet\/opiskelijahaku\/raportit-ja-tulosteet\/","og_locale":"fi_FI","og_type":"article","og_title":"Raportit ja tulosteet - Peppi-ohjeet henkil\u00f6kunnalle","og_description":"Pepiss\u00e4 on k\u00e4yt\u00f6ss\u00e4\u00e4n lukuisia opiskeluoikeuksiin ja henkil\u00f6ihin liittyvi\u00e4 raportteja. Pepiss\u00e4 raportteihin kuuluvat niin todistukset kuin perinteiset Excel -raportit. Raportteja voidaan tulostaa esimerkiksi opiskeluoikeushaun kautta tai suoraan opiskelijan opiskeluoikeustietojen kautta. K\u00e4ytt\u00e4j\u00e4n n\u00e4kem\u00e4t ja valittavissa olevat raportit riippuvat k\u00e4ytt\u00e4j\u00e4n k\u00e4ytt\u00f6oikeuksista. Raportit opiskeluoikeushaun kautta Hae ensin opiskelija(t) k\u00e4ytt\u00e4m\u00e4ll\u00e4 hakutoimintoa: Raportit opiskelijan opiskeluoikeustietojen kautta Opiskelijan opiskeluoikeustietojen kautta voidaan tulostaa [&hellip;]","og_url":"https:\/\/help.jamk.fi\/peppi-ohjeet-henkilokunnalle\/fi\/opettajan-ohjeet\/opiskelijahaku\/raportit-ja-tulosteet\/","og_site_name":"Peppi-ohjeet henkil\u00f6kunnalle","article_modified_time":"2024-01-19T15:41:54+00:00","og_image":[{"url":"https:\/\/help.jamk.fi\/peppi-ohjeet-henkilokunnalle\/wp-content\/uploads\/sites\/131\/2020\/03\/Raportit_ja_tulosteet_opiskeluoikeushaku.png","type":"","width":"","height":""}],"twitter_card":"summary_large_image","twitter_misc":{"Arvioitu lukuaika":"2 minuuttia"},"schema":{"@context":"https:\/\/schema.org","@graph":[{"@type":"WebPage","@id":"https:\/\/help.jamk.fi\/peppi-ohjeet-henkilokunnalle\/fi\/opettajan-ohjeet\/opiskelijahaku\/raportit-ja-tulosteet\/","url":"https:\/\/help.jamk.fi\/peppi-ohjeet-henkilokunnalle\/fi\/opettajan-ohjeet\/opiskelijahaku\/raportit-ja-tulosteet\/","name":"Raportit ja tulosteet - Peppi-ohjeet henkil\u00f6kunnalle","isPartOf":{"@id":"https:\/\/help.jamk.fi\/peppi-ohjeet-henkilokunnalle\/#website"},"primaryImageOfPage":{"@id":"https:\/\/help.jamk.fi\/peppi-ohjeet-henkilokunnalle\/fi\/opettajan-ohjeet\/opiskelijahaku\/raportit-ja-tulosteet\/#primaryimage"},"image":{"@id":"https:\/\/help.jamk.fi\/peppi-ohjeet-henkilokunnalle\/fi\/opettajan-ohjeet\/opiskelijahaku\/raportit-ja-tulosteet\/#primaryimage"},"thumbnailUrl":"https:\/\/help.jamk.fi\/peppi-ohjeet-henkilokunnalle\/wp-content\/uploads\/sites\/131\/2020\/03\/Raportit_ja_tulosteet_opiskeluoikeushaku.png","datePublished":"2020-03-31T08:45:58+00:00","dateModified":"2024-01-19T15:41:54+00:00","breadcrumb":{"@id":"https:\/\/help.jamk.fi\/peppi-ohjeet-henkilokunnalle\/fi\/opettajan-ohjeet\/opiskelijahaku\/raportit-ja-tulosteet\/#breadcrumb"},"inLanguage":"fi","potentialAction":[{"@type":"ReadAction","target":["https:\/\/help.jamk.fi\/peppi-ohjeet-henkilokunnalle\/fi\/opettajan-ohjeet\/opiskelijahaku\/raportit-ja-tulosteet\/"]}]},{"@type":"ImageObject","inLanguage":"fi","@id":"https:\/\/help.jamk.fi\/peppi-ohjeet-henkilokunnalle\/fi\/opettajan-ohjeet\/opiskelijahaku\/raportit-ja-tulosteet\/#primaryimage","url":"https:\/\/help.jamk.fi\/peppi-ohjeet-henkilokunnalle\/wp-content\/uploads\/sites\/131\/2020\/03\/Raportit_ja_tulosteet_opiskeluoikeushaku.png","contentUrl":"https:\/\/help.jamk.fi\/peppi-ohjeet-henkilokunnalle\/wp-content\/uploads\/sites\/131\/2020\/03\/Raportit_ja_tulosteet_opiskeluoikeushaku.png","width":640,"height":420,"caption":"Kuva raporttien ja tulosteiden valinnasta opiskeluoikeushaun kautta"},{"@type":"BreadcrumbList","@id":"https:\/\/help.jamk.fi\/peppi-ohjeet-henkilokunnalle\/fi\/opettajan-ohjeet\/opiskelijahaku\/raportit-ja-tulosteet\/#breadcrumb","itemListElement":[{"@type":"ListItem","position":1,"name":"Home","item":"https:\/\/help.jamk.fi\/peppi-ohjeet-henkilokunnalle\/en\/"},{"@type":"ListItem","position":2,"name":"Opettajan ohjeet","item":"https:\/\/help.jamk.fi\/peppi-ohjeet-henkilokunnalle\/fi\/opettajan-ohjeet\/"},{"@type":"ListItem","position":3,"name":"Opiskelijahaku","item":"https:\/\/help.jamk.fi\/peppi-ohjeet-henkilokunnalle\/fi\/opettajan-ohjeet\/opiskelijahaku\/"},{"@type":"ListItem","position":4,"name":"Raportit ja tulosteet"}]},{"@type":"WebSite","@id":"https:\/\/help.jamk.fi\/peppi-ohjeet-henkilokunnalle\/#website","url":"https:\/\/help.jamk.fi\/peppi-ohjeet-henkilokunnalle\/","name":"Peppi-ohjeet henkil\u00f6kunnalle","description":"","potentialAction":[{"@type":"SearchAction","target":{"@type":"EntryPoint","urlTemplate":"https:\/\/help.jamk.fi\/peppi-ohjeet-henkilokunnalle\/?s={search_term_string}"},"query-input":{"@type":"PropertyValueSpecification","valueRequired":true,"valueName":"search_term_string"}}],"inLanguage":"fi"}]}},"_links":{"self":[{"href":"https:\/\/help.jamk.fi\/peppi-ohjeet-henkilokunnalle\/wp-json\/wp\/v2\/pages\/4587","targetHints":{"allow":["GET"]}}],"collection":[{"href":"https:\/\/help.jamk.fi\/peppi-ohjeet-henkilokunnalle\/wp-json\/wp\/v2\/pages"}],"about":[{"href":"https:\/\/help.jamk.fi\/peppi-ohjeet-henkilokunnalle\/wp-json\/wp\/v2\/types\/page"}],"author":[{"embeddable":true,"href":"https:\/\/help.jamk.fi\/peppi-ohjeet-henkilokunnalle\/wp-json\/wp\/v2\/users\/77"}],"replies":[{"embeddable":true,"href":"https:\/\/help.jamk.fi\/peppi-ohjeet-henkilokunnalle\/wp-json\/wp\/v2\/comments?post=4587"}],"version-history":[{"count":4,"href":"https:\/\/help.jamk.fi\/peppi-ohjeet-henkilokunnalle\/wp-json\/wp\/v2\/pages\/4587\/revisions"}],"predecessor-version":[{"id":6362,"href":"https:\/\/help.jamk.fi\/peppi-ohjeet-henkilokunnalle\/wp-json\/wp\/v2\/pages\/4587\/revisions\/6362"}],"up":[{"embeddable":true,"href":"https:\/\/help.jamk.fi\/peppi-ohjeet-henkilokunnalle\/wp-json\/wp\/v2\/pages\/4583"}],"wp:attachment":[{"href":"https:\/\/help.jamk.fi\/peppi-ohjeet-henkilokunnalle\/wp-json\/wp\/v2\/media?parent=4587"}],"wp:term":[{"taxonomy":"category","embeddable":true,"href":"https:\/\/help.jamk.fi\/peppi-ohjeet-henkilokunnalle\/wp-json\/wp\/v2\/categories?post=4587"},{"taxonomy":"post_tag","embeddable":true,"href":"https:\/\/help.jamk.fi\/peppi-ohjeet-henkilokunnalle\/wp-json\/wp\/v2\/tags?post=4587"}],"curies":[{"name":"wp","href":"https:\/\/api.w.org\/{rel}","templated":true}]}}