{"id":4595,"date":"2020-04-15T10:01:24","date_gmt":"2020-04-15T07:01:24","guid":{"rendered":"https:\/\/help.jamk.fi\/peppi-ohjeet-henkilokunnalle\/opettajan-ohjeet\/hops-ohjaus\/tapahtumat-valilehti\/"},"modified":"2024-01-19T17:41:33","modified_gmt":"2024-01-19T15:41:33","slug":"tapahtumat-valilehti","status":"publish","type":"page","link":"https:\/\/help.jamk.fi\/peppi-ohjeet-henkilokunnalle\/fi\/opettajan-ohjeet\/hops-ohjaus\/tapahtumat-valilehti\/","title":{"rendered":"Tapahtumat-v\u00e4lilehti"},"content":{"rendered":"\n<p>Tapahtumat-v\u00e4lilehdell\u00e4 ohjaaja n\u00e4kee viestit h\u00e4nen ja opiskelijoiden v\u00e4lill\u00e4. Opiskelija voi l\u00e4hett\u00e4\u00e4 viestin hopsin kommentoinnista ja hyv\u00e4ksymisest\u00e4 sek\u00e4 hopsin opintojaksomerkinn\u00f6ist\u00e4. Ohjaaja voi l\u00e4hett\u00e4\u00e4 hopsiin liittyv\u00e4n teht\u00e4v\u00e4n viestin\u00e4, johon opiskelija voi vastata.<\/p>\n\n\n\n<p>T\u00e4st\u00e4 n\u00e4kym\u00e4st\u00e4 voi hyv\u00e4ksy\u00e4 niiden opiskelijoiden HOPSit, jotka on pyydetty hyv\u00e4ksym\u00e4\u00e4n<\/p>\n\n\n\n<ul class=\"wp-block-list\">\n<li>Kirjaa ruksi henkil\u00f6n nimen edess\u00e4 olevaan valintaruutuun (n\u00e4kyviss\u00e4 vain jos opiskelija on pyyt\u00e4nyt hyv\u00e4ksym\u00e4\u00e4n HOPSinsa)<\/li>\n\n\n\n<li>Klikkaa <strong>Hyv\u00e4ksy valitut HOPSit<\/strong><\/li>\n<\/ul>\n","protected":false},"excerpt":{"rendered":"<p>Tapahtumat-v\u00e4lilehdell\u00e4 ohjaaja n\u00e4kee viestit h\u00e4nen ja opiskelijoiden v\u00e4lill\u00e4. Opiskelija voi l\u00e4hett\u00e4\u00e4 viestin hopsin kommentoinnista ja hyv\u00e4ksymisest\u00e4 sek\u00e4 hopsin opintojaksomerkinn\u00f6ist\u00e4. Ohjaaja voi l\u00e4hett\u00e4\u00e4 hopsiin liittyv\u00e4n teht\u00e4v\u00e4n viestin\u00e4, johon opiskelija voi vastata. T\u00e4st\u00e4 n\u00e4kym\u00e4st\u00e4 voi hyv\u00e4ksy\u00e4 niiden opiskelijoiden HOPSit, jotka on pyydetty hyv\u00e4ksym\u00e4\u00e4n<\/p>\n","protected":false},"author":77,"featured_media":0,"parent":4588,"menu_order":2,"comment_status":"closed","ping_status":"open","template":"","meta":{"_acf_changed":false,"_relevanssi_hide_post":"","_relevanssi_hide_content":"","_relevanssi_pin_for_all":"","_relevanssi_pin_keywords":"","_relevanssi_unpin_keywords":"","_relevanssi_related_keywords":"","_relevanssi_related_include_ids":"","_relevanssi_related_exclude_ids":"","_relevanssi_related_no_append":"","_relevanssi_related_not_related":"","_relevanssi_related_posts":"","_relevanssi_noindex_reason":"","footnotes":""},"categories":[10],"tags":[],"class_list":["post-4595","page","type-page","status-publish","hentry","category-opettajan-tyopoyta"],"acf":[],"yoast_head":"<!-- This site is optimized with the Yoast SEO plugin v27.3 - https:\/\/yoast.com\/product\/yoast-seo-wordpress\/ -->\n<title>Tapahtumat-v\u00e4lilehti - Peppi-ohjeet henkil\u00f6kunnalle<\/title>\n<meta name=\"robots\" content=\"index, follow, max-snippet:-1, max-image-preview:large, max-video-preview:-1\" \/>\n<link rel=\"canonical\" href=\"https:\/\/help.jamk.fi\/peppi-ohjeet-henkilokunnalle\/fi\/opettajan-ohjeet\/hops-ohjaus\/tapahtumat-valilehti\/\" \/>\n<meta property=\"og:locale\" content=\"fi_FI\" \/>\n<meta property=\"og:type\" content=\"article\" \/>\n<meta property=\"og:title\" content=\"Tapahtumat-v\u00e4lilehti - Peppi-ohjeet henkil\u00f6kunnalle\" \/>\n<meta property=\"og:description\" content=\"Tapahtumat-v\u00e4lilehdell\u00e4 ohjaaja n\u00e4kee viestit h\u00e4nen ja opiskelijoiden v\u00e4lill\u00e4. Opiskelija voi l\u00e4hett\u00e4\u00e4 viestin hopsin kommentoinnista ja hyv\u00e4ksymisest\u00e4 sek\u00e4 hopsin opintojaksomerkinn\u00f6ist\u00e4. Ohjaaja voi l\u00e4hett\u00e4\u00e4 hopsiin liittyv\u00e4n teht\u00e4v\u00e4n viestin\u00e4, johon opiskelija voi vastata. T\u00e4st\u00e4 n\u00e4kym\u00e4st\u00e4 voi hyv\u00e4ksy\u00e4 niiden opiskelijoiden HOPSit, jotka on pyydetty hyv\u00e4ksym\u00e4\u00e4n\" \/>\n<meta property=\"og:url\" content=\"https:\/\/help.jamk.fi\/peppi-ohjeet-henkilokunnalle\/fi\/opettajan-ohjeet\/hops-ohjaus\/tapahtumat-valilehti\/\" \/>\n<meta property=\"og:site_name\" content=\"Peppi-ohjeet henkil\u00f6kunnalle\" \/>\n<meta property=\"article:modified_time\" content=\"2024-01-19T15:41:33+00:00\" \/>\n<meta name=\"twitter:card\" content=\"summary_large_image\" \/>\n<meta name=\"twitter:label1\" content=\"Arvioitu lukuaika\" \/>\n\t<meta name=\"twitter:data1\" content=\"1 minuutti\" \/>\n<script type=\"application\/ld+json\" class=\"yoast-schema-graph\">{\"@context\":\"https:\\\/\\\/schema.org\",\"@graph\":[{\"@type\":\"WebPage\",\"@id\":\"https:\\\/\\\/help.jamk.fi\\\/peppi-ohjeet-henkilokunnalle\\\/fi\\\/opettajan-ohjeet\\\/hops-ohjaus\\\/tapahtumat-valilehti\\\/\",\"url\":\"https:\\\/\\\/help.jamk.fi\\\/peppi-ohjeet-henkilokunnalle\\\/fi\\\/opettajan-ohjeet\\\/hops-ohjaus\\\/tapahtumat-valilehti\\\/\",\"name\":\"Tapahtumat-v\u00e4lilehti - Peppi-ohjeet henkil\u00f6kunnalle\",\"isPartOf\":{\"@id\":\"https:\\\/\\\/help.jamk.fi\\\/peppi-ohjeet-henkilokunnalle\\\/#website\"},\"datePublished\":\"2020-04-15T07:01:24+00:00\",\"dateModified\":\"2024-01-19T15:41:33+00:00\",\"breadcrumb\":{\"@id\":\"https:\\\/\\\/help.jamk.fi\\\/peppi-ohjeet-henkilokunnalle\\\/fi\\\/opettajan-ohjeet\\\/hops-ohjaus\\\/tapahtumat-valilehti\\\/#breadcrumb\"},\"inLanguage\":\"fi\",\"potentialAction\":[{\"@type\":\"ReadAction\",\"target\":[\"https:\\\/\\\/help.jamk.fi\\\/peppi-ohjeet-henkilokunnalle\\\/fi\\\/opettajan-ohjeet\\\/hops-ohjaus\\\/tapahtumat-valilehti\\\/\"]}]},{\"@type\":\"BreadcrumbList\",\"@id\":\"https:\\\/\\\/help.jamk.fi\\\/peppi-ohjeet-henkilokunnalle\\\/fi\\\/opettajan-ohjeet\\\/hops-ohjaus\\\/tapahtumat-valilehti\\\/#breadcrumb\",\"itemListElement\":[{\"@type\":\"ListItem\",\"position\":1,\"name\":\"Home\",\"item\":\"https:\\\/\\\/help.jamk.fi\\\/peppi-ohjeet-henkilokunnalle\\\/en\\\/\"},{\"@type\":\"ListItem\",\"position\":2,\"name\":\"Opettajan ohjeet\",\"item\":\"https:\\\/\\\/help.jamk.fi\\\/peppi-ohjeet-henkilokunnalle\\\/fi\\\/opettajan-ohjeet\\\/\"},{\"@type\":\"ListItem\",\"position\":3,\"name\":\"HOPS-ohjaus\",\"item\":\"https:\\\/\\\/help.jamk.fi\\\/peppi-ohjeet-henkilokunnalle\\\/fi\\\/opettajan-ohjeet\\\/hops-ohjaus\\\/\"},{\"@type\":\"ListItem\",\"position\":4,\"name\":\"Tapahtumat-v\u00e4lilehti\"}]},{\"@type\":\"WebSite\",\"@id\":\"https:\\\/\\\/help.jamk.fi\\\/peppi-ohjeet-henkilokunnalle\\\/#website\",\"url\":\"https:\\\/\\\/help.jamk.fi\\\/peppi-ohjeet-henkilokunnalle\\\/\",\"name\":\"Peppi-ohjeet henkil\u00f6kunnalle\",\"description\":\"\",\"potentialAction\":[{\"@type\":\"SearchAction\",\"target\":{\"@type\":\"EntryPoint\",\"urlTemplate\":\"https:\\\/\\\/help.jamk.fi\\\/peppi-ohjeet-henkilokunnalle\\\/?s={search_term_string}\"},\"query-input\":{\"@type\":\"PropertyValueSpecification\",\"valueRequired\":true,\"valueName\":\"search_term_string\"}}],\"inLanguage\":\"fi\"}]}<\/script>\n<!-- \/ Yoast SEO plugin. -->","yoast_head_json":{"title":"Tapahtumat-v\u00e4lilehti - Peppi-ohjeet henkil\u00f6kunnalle","robots":{"index":"index","follow":"follow","max-snippet":"max-snippet:-1","max-image-preview":"max-image-preview:large","max-video-preview":"max-video-preview:-1"},"canonical":"https:\/\/help.jamk.fi\/peppi-ohjeet-henkilokunnalle\/fi\/opettajan-ohjeet\/hops-ohjaus\/tapahtumat-valilehti\/","og_locale":"fi_FI","og_type":"article","og_title":"Tapahtumat-v\u00e4lilehti - Peppi-ohjeet henkil\u00f6kunnalle","og_description":"Tapahtumat-v\u00e4lilehdell\u00e4 ohjaaja n\u00e4kee viestit h\u00e4nen ja opiskelijoiden v\u00e4lill\u00e4. Opiskelija voi l\u00e4hett\u00e4\u00e4 viestin hopsin kommentoinnista ja hyv\u00e4ksymisest\u00e4 sek\u00e4 hopsin opintojaksomerkinn\u00f6ist\u00e4. Ohjaaja voi l\u00e4hett\u00e4\u00e4 hopsiin liittyv\u00e4n teht\u00e4v\u00e4n viestin\u00e4, johon opiskelija voi vastata. T\u00e4st\u00e4 n\u00e4kym\u00e4st\u00e4 voi hyv\u00e4ksy\u00e4 niiden opiskelijoiden HOPSit, jotka on pyydetty hyv\u00e4ksym\u00e4\u00e4n","og_url":"https:\/\/help.jamk.fi\/peppi-ohjeet-henkilokunnalle\/fi\/opettajan-ohjeet\/hops-ohjaus\/tapahtumat-valilehti\/","og_site_name":"Peppi-ohjeet henkil\u00f6kunnalle","article_modified_time":"2024-01-19T15:41:33+00:00","twitter_card":"summary_large_image","twitter_misc":{"Arvioitu lukuaika":"1 minuutti"},"schema":{"@context":"https:\/\/schema.org","@graph":[{"@type":"WebPage","@id":"https:\/\/help.jamk.fi\/peppi-ohjeet-henkilokunnalle\/fi\/opettajan-ohjeet\/hops-ohjaus\/tapahtumat-valilehti\/","url":"https:\/\/help.jamk.fi\/peppi-ohjeet-henkilokunnalle\/fi\/opettajan-ohjeet\/hops-ohjaus\/tapahtumat-valilehti\/","name":"Tapahtumat-v\u00e4lilehti - Peppi-ohjeet henkil\u00f6kunnalle","isPartOf":{"@id":"https:\/\/help.jamk.fi\/peppi-ohjeet-henkilokunnalle\/#website"},"datePublished":"2020-04-15T07:01:24+00:00","dateModified":"2024-01-19T15:41:33+00:00","breadcrumb":{"@id":"https:\/\/help.jamk.fi\/peppi-ohjeet-henkilokunnalle\/fi\/opettajan-ohjeet\/hops-ohjaus\/tapahtumat-valilehti\/#breadcrumb"},"inLanguage":"fi","potentialAction":[{"@type":"ReadAction","target":["https:\/\/help.jamk.fi\/peppi-ohjeet-henkilokunnalle\/fi\/opettajan-ohjeet\/hops-ohjaus\/tapahtumat-valilehti\/"]}]},{"@type":"BreadcrumbList","@id":"https:\/\/help.jamk.fi\/peppi-ohjeet-henkilokunnalle\/fi\/opettajan-ohjeet\/hops-ohjaus\/tapahtumat-valilehti\/#breadcrumb","itemListElement":[{"@type":"ListItem","position":1,"name":"Home","item":"https:\/\/help.jamk.fi\/peppi-ohjeet-henkilokunnalle\/en\/"},{"@type":"ListItem","position":2,"name":"Opettajan ohjeet","item":"https:\/\/help.jamk.fi\/peppi-ohjeet-henkilokunnalle\/fi\/opettajan-ohjeet\/"},{"@type":"ListItem","position":3,"name":"HOPS-ohjaus","item":"https:\/\/help.jamk.fi\/peppi-ohjeet-henkilokunnalle\/fi\/opettajan-ohjeet\/hops-ohjaus\/"},{"@type":"ListItem","position":4,"name":"Tapahtumat-v\u00e4lilehti"}]},{"@type":"WebSite","@id":"https:\/\/help.jamk.fi\/peppi-ohjeet-henkilokunnalle\/#website","url":"https:\/\/help.jamk.fi\/peppi-ohjeet-henkilokunnalle\/","name":"Peppi-ohjeet henkil\u00f6kunnalle","description":"","potentialAction":[{"@type":"SearchAction","target":{"@type":"EntryPoint","urlTemplate":"https:\/\/help.jamk.fi\/peppi-ohjeet-henkilokunnalle\/?s={search_term_string}"},"query-input":{"@type":"PropertyValueSpecification","valueRequired":true,"valueName":"search_term_string"}}],"inLanguage":"fi"}]}},"_links":{"self":[{"href":"https:\/\/help.jamk.fi\/peppi-ohjeet-henkilokunnalle\/wp-json\/wp\/v2\/pages\/4595","targetHints":{"allow":["GET"]}}],"collection":[{"href":"https:\/\/help.jamk.fi\/peppi-ohjeet-henkilokunnalle\/wp-json\/wp\/v2\/pages"}],"about":[{"href":"https:\/\/help.jamk.fi\/peppi-ohjeet-henkilokunnalle\/wp-json\/wp\/v2\/types\/page"}],"author":[{"embeddable":true,"href":"https:\/\/help.jamk.fi\/peppi-ohjeet-henkilokunnalle\/wp-json\/wp\/v2\/users\/77"}],"replies":[{"embeddable":true,"href":"https:\/\/help.jamk.fi\/peppi-ohjeet-henkilokunnalle\/wp-json\/wp\/v2\/comments?post=4595"}],"version-history":[{"count":3,"href":"https:\/\/help.jamk.fi\/peppi-ohjeet-henkilokunnalle\/wp-json\/wp\/v2\/pages\/4595\/revisions"}],"predecessor-version":[{"id":6360,"href":"https:\/\/help.jamk.fi\/peppi-ohjeet-henkilokunnalle\/wp-json\/wp\/v2\/pages\/4595\/revisions\/6360"}],"up":[{"embeddable":true,"href":"https:\/\/help.jamk.fi\/peppi-ohjeet-henkilokunnalle\/wp-json\/wp\/v2\/pages\/4588"}],"wp:attachment":[{"href":"https:\/\/help.jamk.fi\/peppi-ohjeet-henkilokunnalle\/wp-json\/wp\/v2\/media?parent=4595"}],"wp:term":[{"taxonomy":"category","embeddable":true,"href":"https:\/\/help.jamk.fi\/peppi-ohjeet-henkilokunnalle\/wp-json\/wp\/v2\/categories?post=4595"},{"taxonomy":"post_tag","embeddable":true,"href":"https:\/\/help.jamk.fi\/peppi-ohjeet-henkilokunnalle\/wp-json\/wp\/v2\/tags?post=4595"}],"curies":[{"name":"wp","href":"https:\/\/api.w.org\/{rel}","templated":true}]}}