{"id":4596,"date":"2020-04-01T09:01:26","date_gmt":"2020-04-01T06:01:26","guid":{"rendered":"https:\/\/help.jamk.fi\/peppi-ohjeet-henkilokunnalle\/opettajan-ohjeet\/hopsin-kasittely\/"},"modified":"2024-01-05T12:43:31","modified_gmt":"2024-01-05T10:43:31","slug":"hopsin-kasittely","status":"publish","type":"page","link":"https:\/\/help.jamk.fi\/peppi-ohjeet-henkilokunnalle\/fi\/opettajan-ohjeet\/hopsin-kasittely\/","title":{"rendered":"HOPS-k\u00e4sittely"},"content":{"rendered":"\n<p>Opiskelijan HOPSilla on painikkeita, jotka n\u00e4kyv\u00e4t kaikilla v\u00e4lilehdill\u00e4.<\/p>\n\n\n\n<figure class=\"wp-block-image\"><img loading=\"lazy\" decoding=\"async\" width=\"640\" height=\"37\" src=\"https:\/\/help.jamk.fi\/peppi-ohjeet-henkilokunnalle\/wp-content\/uploads\/sites\/131\/2020\/03\/HOPS_yleinen_painikkeet.png\" alt=\"Kuva HOPSin yleisist\u00e4 painikkeista\" class=\"wp-image-839\"\/><\/figure>\n\n\n\n<h2 class=\"wp-block-heading\">Valitse HOPS-versio<\/h2>\n\n\n\n<p>Valitse HOPS-versio -pudotusvalikon kautta voit valita tarkasteltavan HOPSin version. Valikossa n\u00e4kyy aina v\u00e4hint\u00e4\u00e4nkin luonnos -tilassa oleva HOPS. Hyv\u00e4ksyttyj\u00e4 HOPSeja n\u00e4kyy maksimissaan yksi kappale ja aiemmat versiot n\u00e4kyv\u00e4t poistettu -tilassa.<\/p>\n\n\n\n<h2 class=\"wp-block-heading\">Tarkista -painike<\/h2>\n\n\n\n<p>Tarkista -painikkeen avulla voit tarkastaa ett\u00e4 kaikilla HOPSin opinnoilla on arvosana. Avautuvassa ponnahdusikkunassa on tarkasteltavissa, onko kaikille HOPSissa olevilla opinnoilla valittuna pakolliset opinnon tyyppi ja arvosana sek\u00e4 opiskeluoikeuteen kuuluvat pakolliset kielilausekkeet. Ponnahdusikkunassa on n\u00e4ht\u00e4viss\u00e4 my\u00f6s, onko opinto arvioitu.<\/p>\n\n\n\n<h2 class=\"wp-block-heading\">Kommentoi HOPSia -painike<\/h2>\n\n\n\n<p>Toiminto liittyy HOPSin hyv\u00e4ksymisprosessiin. Opiskelija voi pyyt\u00e4\u00e4 ohjaajalta kommentteja HOPSiin tai ohjaaja voi tarvittaessa kommentoida HOPSia. Kommentointi kohdistuu luonnos -tilassa olevaan HOPSiin ja kun HOPS hyv\u00e4ksyt\u00e4\u00e4n, alkaa uusi viestiketju.<\/p>\n\n\n\n<ul class=\"wp-block-list\">\n<li>Valitse <strong>Kommentoi HOPSia<\/strong><\/li>\n\n\n\n<li>T\u00e4yt\u00e4 kent\u00e4t<\/li>\n\n\n\n<li>Valitse <strong>L\u00e4het\u00e4<\/strong><\/li>\n<\/ul>\n\n\n\n<h2 class=\"wp-block-heading\">Hyv\u00e4ksy HOPS -painike<\/h2>\n\n\n\n<p>Toiminto liittyy HOPSin hyv\u00e4ksymisprosessiin. Opiskelija voi pyyt\u00e4\u00e4 ohjaajaa hyv\u00e4ksym\u00e4\u00e4n HOPSin.<\/p>\n\n\n\n<ul class=\"wp-block-list\">\n<li>Valitse <strong>Hyv\u00e4ksy HOPS<\/strong>.<\/li>\n\n\n\n<li>T\u00e4yt\u00e4 kent\u00e4t<\/li>\n\n\n\n<li>Valitse <strong>L\u00e4het\u00e4<\/strong><\/li>\n<\/ul>\n\n\n\n<p>HOPSin hyv\u00e4ksyminen lukitsee HOPS-version, jolloin opiskelija ei p\u00e4\u00e4se sit\u00e4 en\u00e4\u00e4 muokkaamaan. Hyv\u00e4ksytyn HOPSin pohjalta opiskelijalle syntyy v\u00e4litt\u00f6m\u00e4sti luonnostilassa oleva HOPS, jossa opiskelija tekee HOPSin jatkoty\u00f6st\u00f6n. <strong>Mik\u00e4li et pysty muokkaamaan HOPSia niin tarkasta, ett\u00e4 olet muokkaamassa luonnos -tilassa olevaa HOPSia.<\/strong> HOPSeja voi my\u00f6s hyv\u00e4ksy\u00e4 HOPS-ohjauksen <a href=\"https:\/\/help.jamk.fi\/peppi-ohjeet-henkilokunnalle\/fi\/opettajan-ohjeet\/hops-ohjaus\/opiskelijat-valilehti\/\">opiskelijat -v\u00e4lilehdelt\u00e4<\/a>.<\/p>\n\n\n\n<h2 class=\"wp-block-heading\">Luo teht\u00e4v\u00e4 -painike<\/h2>\n\n\n\n<ul class=\"wp-block-list\">\n<li>Valitse <strong>Luo teht\u00e4v\u00e4<\/strong>.<\/li>\n\n\n\n<li>T\u00e4yt\u00e4 vaaditut kent\u00e4t luodaksesi teht\u00e4v\u00e4 opiskelijalle, jonka HOPSia olit tarkastelemassa.<\/li>\n\n\n\n<li>Valitse <strong>L\u00e4het\u00e4<\/strong>.<\/li>\n<\/ul>\n\n\n\n<p>Teht\u00e4vi\u00e4 voi my\u00f6s antaa HOPS-ohjauksen <a href=\"https:\/\/help.jamk.fi\/peppi-ohjeet-henkilokunnalle\/fi\/opettajan-ohjeet\/hops-ohjaus\/tehtavat-valilehti\/\">teht\u00e4v\u00e4t -v\u00e4lilehdelt\u00e4<\/a>.<\/p>\n\n\n\n<h2 class=\"wp-block-heading\">Rakenteen suodatus ja symbolit<\/h2>\n\n\n\n<figure class=\"wp-block-image\"><img loading=\"lazy\" decoding=\"async\" width=\"640\" height=\"45\" src=\"https:\/\/help.jamk.fi\/peppi-ohjeet-henkilokunnalle\/wp-content\/uploads\/sites\/131\/2020\/03\/HOPS_yleinen_suodatus_ohje.png\" alt=\"Kuva HOPSin yleisist\u00e4 suodatus vaihtoehdoista\" class=\"wp-image-840\"\/><\/figure>\n\n\n\n<h3 class=\"wp-block-heading\">Suodatusvalinnat<\/h3>\n\n\n\n<p><strong>Opinnon tyyppi<\/strong>: Valitse suodatuskriteeri opintojakson pakollisuuden mukaan.<br><strong>Opinnon status<\/strong>: Valitse suodatuskriteeri opintojaksojen statuksen mukaan<br><strong>Ajoitus<\/strong>: Valitse suodatuskriteeri ajoituksen mukaan<\/p>\n\n\n\n<figure class=\"wp-block-image\"><img loading=\"lazy\" decoding=\"async\" width=\"640\" height=\"170\" src=\"https:\/\/help.jamk.fi\/peppi-ohjeet-henkilokunnalle\/wp-content\/uploads\/sites\/131\/2020\/03\/HOPS_yleinen_suodatusvalinnat.png\" alt=\"Kuva HOPSin suodatusvalinnoista\" class=\"wp-image-843\"\/><\/figure>\n\n\n\n<h3 class=\"wp-block-heading\">Rakenteen k\u00e4sittely<\/h3>\n\n\n\n<p>Voit avata tai sulkea koko rakenteen painamalla sivun yl\u00e4osasta l\u00f6ytyv\u00e4\u00e4 <strong>Avaa rakenne<\/strong> tai <strong>sulje rakenne<\/strong> -painiketta.<br>Yksitt\u00e4inen kokonaisuus voit sulkea klikkaamalla opintokokonaisuuden klikkaamalla kokonaisuuden kohdalla palkin vasemmassa reunassa alas tai sivulle olevaa nuolta. T\u00e4ll\u00f6in rakenne avautuu tai sulkeutuu kyseisen opintokokonaisuuden osalta.<\/p>\n\n\n\n<h3 class=\"wp-block-heading\">K\u00e4ytett\u00e4vien symbolien selitykset ? -merkki kuvake<\/h3>\n\n\n\n<p>Klikkaa kysymysmerkki\u00e4 HOPS-rakenteen yl\u00e4puolella. Saat n\u00e4kyviin HOPSissa k\u00e4ytett\u00e4v\u00e4t symbolit:<\/p>\n\n\n\n<figure class=\"wp-block-image\"><img loading=\"lazy\" decoding=\"async\" width=\"310\" height=\"876\" src=\"https:\/\/help.jamk.fi\/peppi-ohjeet-henkilokunnalle\/wp-content\/uploads\/sites\/131\/2023\/04\/HOPS_ikonit-1.png\" alt=\"\" class=\"wp-image-3965\"\/><\/figure>\n\n\n\n<p>Saat tiedot statuksen merkityksest\u00e4 infolaatikon kautta tai viem\u00e4ll\u00e4 hiiren symbolin p\u00e4\u00e4lle HOPSin rakenteessa.<\/p>\n\n\n\n<h2 class=\"wp-block-heading\">Infolaatikot<\/h2>\n\n\n\n<p>Opiskelijaan ja HOPSiin liittyv\u00e4t tiedot l\u00f6ytyv\u00e4t HOPSin oikeasta reunasta.<\/p>\n\n\n\n<figure class=\"wp-block-image\"><img loading=\"lazy\" decoding=\"async\" width=\"260\" height=\"480\" src=\"https:\/\/help.jamk.fi\/peppi-ohjeet-henkilokunnalle\/wp-content\/uploads\/sites\/131\/2020\/03\/HOPS_yleinen_yhteenvetolaatikot.png\" alt=\"Kuva HOPSin oikean reunan infolaatikoista\" class=\"wp-image-841\"\/><\/figure>\n\n\n\n<h3 class=\"wp-block-heading\">Opiskelijan tiedot<\/h3>\n\n\n\n<p>Opiskelijan perustietoja n\u00e4et HOPSin oikeasta reunasta l\u00f6ytyv\u00e4st\u00e4 infolaatikosta. N\u00e4kyvi\u00e4 tietoja ovat opiskelijan ryhm\u00e4t, opiskeluoikeuden tyyppi, opiskeluoikeuden voimassa olo, opiskelijannumero sek\u00e4 oppijan ID. Opiskelijan tarkempiin tietoihin p\u00e4\u00e4set klikkaamalla <strong>Opiskelijan tarkemmat tiedot<\/strong> -linkki\u00e4.<\/p>\n\n\n\n<h3 class=\"wp-block-heading\">HOPSin status<\/h3>\n\n\n\n<p>HOPSin status laatikosta n\u00e4et yhteenvedon opiskelijan HOPSin tilanteesta sek\u00e4 HOPSin tilasta.<\/p>\n\n\n\n<h3 class=\"wp-block-heading\">Uudet viestit<\/h3>\n\n\n\n<p>HOPSiin liittyv\u00e4t uudet viestit n\u00e4kyv\u00e4t Uudet viestit -laatikossa. T\u00e4m\u00e4 laatikko ei ole n\u00e4kyviss\u00e4, mik\u00e4li uusia viestej\u00e4 ei ole tullut. Viestej\u00e4 voi katsella my\u00f6s Viestit -v\u00e4lilehdelt\u00e4.<\/p>\n\n\n\n<h3 class=\"wp-block-heading\">Huomiot<\/h3>\n\n\n\n<p>Huomiot ikkunassa n\u00e4kyv\u00e4t HOPSin viimeaikaiset tapahtumat kuten ilmoittautumiset ja suoritukset.<\/p>\n","protected":false},"excerpt":{"rendered":"<p>Opiskelijan HOPSilla on painikkeita, jotka n\u00e4kyv\u00e4t kaikilla v\u00e4lilehdill\u00e4. Valitse HOPS-versio Valitse HOPS-versio -pudotusvalikon kautta voit valita tarkasteltavan HOPSin version. Valikossa n\u00e4kyy aina v\u00e4hint\u00e4\u00e4nkin luonnos -tilassa oleva HOPS. Hyv\u00e4ksyttyj\u00e4 HOPSeja n\u00e4kyy maksimissaan yksi kappale ja aiemmat versiot n\u00e4kyv\u00e4t poistettu -tilassa. Tarkista -painike Tarkista -painikkeen avulla voit tarkastaa ett\u00e4 kaikilla HOPSin opinnoilla on arvosana. Avautuvassa ponnahdusikkunassa on [&hellip;]<\/p>\n","protected":false},"author":77,"featured_media":0,"parent":4552,"menu_order":15,"comment_status":"closed","ping_status":"open","template":"","meta":{"_acf_changed":false,"_relevanssi_hide_post":"","_relevanssi_hide_content":"","_relevanssi_pin_for_all":"","_relevanssi_pin_keywords":"","_relevanssi_unpin_keywords":"","_relevanssi_related_keywords":"","_relevanssi_related_include_ids":"","_relevanssi_related_exclude_ids":"","_relevanssi_related_no_append":"","_relevanssi_related_not_related":"","_relevanssi_related_posts":"","_relevanssi_noindex_reason":"","footnotes":""},"categories":[10],"tags":[],"class_list":["post-4596","page","type-page","status-publish","hentry","category-opettajan-tyopoyta"],"acf":[],"yoast_head":"<!-- This site is optimized with the Yoast SEO plugin v27.3 - https:\/\/yoast.com\/product\/yoast-seo-wordpress\/ -->\n<title>HOPS-k\u00e4sittely - Peppi-ohjeet henkil\u00f6kunnalle<\/title>\n<meta name=\"robots\" content=\"index, follow, max-snippet:-1, max-image-preview:large, max-video-preview:-1\" \/>\n<link rel=\"canonical\" href=\"https:\/\/help.jamk.fi\/peppi-ohjeet-henkilokunnalle\/fi\/opettajan-ohjeet\/hopsin-kasittely\/\" \/>\n<meta property=\"og:locale\" content=\"fi_FI\" \/>\n<meta property=\"og:type\" content=\"article\" \/>\n<meta property=\"og:title\" content=\"HOPS-k\u00e4sittely - Peppi-ohjeet henkil\u00f6kunnalle\" \/>\n<meta property=\"og:description\" content=\"Opiskelijan HOPSilla on painikkeita, jotka n\u00e4kyv\u00e4t kaikilla v\u00e4lilehdill\u00e4. Valitse HOPS-versio Valitse HOPS-versio -pudotusvalikon kautta voit valita tarkasteltavan HOPSin version. Valikossa n\u00e4kyy aina v\u00e4hint\u00e4\u00e4nkin luonnos -tilassa oleva HOPS. Hyv\u00e4ksyttyj\u00e4 HOPSeja n\u00e4kyy maksimissaan yksi kappale ja aiemmat versiot n\u00e4kyv\u00e4t poistettu -tilassa. Tarkista -painike Tarkista -painikkeen avulla voit tarkastaa ett\u00e4 kaikilla HOPSin opinnoilla on arvosana. Avautuvassa ponnahdusikkunassa on [&hellip;]\" \/>\n<meta property=\"og:url\" content=\"https:\/\/help.jamk.fi\/peppi-ohjeet-henkilokunnalle\/fi\/opettajan-ohjeet\/hopsin-kasittely\/\" \/>\n<meta property=\"og:site_name\" content=\"Peppi-ohjeet henkil\u00f6kunnalle\" \/>\n<meta property=\"article:modified_time\" content=\"2024-01-05T10:43:31+00:00\" \/>\n<meta property=\"og:image\" content=\"https:\/\/help.jamk.fi\/peppi-ohjeet-henkilokunnalle\/wp-content\/uploads\/sites\/131\/2020\/03\/HOPS_yleinen_painikkeet.png\" \/>\n<meta name=\"twitter:card\" content=\"summary_large_image\" \/>\n<meta name=\"twitter:label1\" content=\"Arvioitu lukuaika\" \/>\n\t<meta name=\"twitter:data1\" content=\"4 minuuttia\" \/>\n<script type=\"application\/ld+json\" class=\"yoast-schema-graph\">{\"@context\":\"https:\\\/\\\/schema.org\",\"@graph\":[{\"@type\":\"WebPage\",\"@id\":\"https:\\\/\\\/help.jamk.fi\\\/peppi-ohjeet-henkilokunnalle\\\/fi\\\/opettajan-ohjeet\\\/hopsin-kasittely\\\/\",\"url\":\"https:\\\/\\\/help.jamk.fi\\\/peppi-ohjeet-henkilokunnalle\\\/fi\\\/opettajan-ohjeet\\\/hopsin-kasittely\\\/\",\"name\":\"HOPS-k\u00e4sittely - Peppi-ohjeet henkil\u00f6kunnalle\",\"isPartOf\":{\"@id\":\"https:\\\/\\\/help.jamk.fi\\\/peppi-ohjeet-henkilokunnalle\\\/#website\"},\"primaryImageOfPage\":{\"@id\":\"https:\\\/\\\/help.jamk.fi\\\/peppi-ohjeet-henkilokunnalle\\\/fi\\\/opettajan-ohjeet\\\/hopsin-kasittely\\\/#primaryimage\"},\"image\":{\"@id\":\"https:\\\/\\\/help.jamk.fi\\\/peppi-ohjeet-henkilokunnalle\\\/fi\\\/opettajan-ohjeet\\\/hopsin-kasittely\\\/#primaryimage\"},\"thumbnailUrl\":\"https:\\\/\\\/help.jamk.fi\\\/peppi-ohjeet-henkilokunnalle\\\/wp-content\\\/uploads\\\/sites\\\/131\\\/2020\\\/03\\\/HOPS_yleinen_painikkeet.png\",\"datePublished\":\"2020-04-01T06:01:26+00:00\",\"dateModified\":\"2024-01-05T10:43:31+00:00\",\"breadcrumb\":{\"@id\":\"https:\\\/\\\/help.jamk.fi\\\/peppi-ohjeet-henkilokunnalle\\\/fi\\\/opettajan-ohjeet\\\/hopsin-kasittely\\\/#breadcrumb\"},\"inLanguage\":\"fi\",\"potentialAction\":[{\"@type\":\"ReadAction\",\"target\":[\"https:\\\/\\\/help.jamk.fi\\\/peppi-ohjeet-henkilokunnalle\\\/fi\\\/opettajan-ohjeet\\\/hopsin-kasittely\\\/\"]}]},{\"@type\":\"ImageObject\",\"inLanguage\":\"fi\",\"@id\":\"https:\\\/\\\/help.jamk.fi\\\/peppi-ohjeet-henkilokunnalle\\\/fi\\\/opettajan-ohjeet\\\/hopsin-kasittely\\\/#primaryimage\",\"url\":\"https:\\\/\\\/help.jamk.fi\\\/peppi-ohjeet-henkilokunnalle\\\/wp-content\\\/uploads\\\/sites\\\/131\\\/2020\\\/03\\\/HOPS_yleinen_painikkeet.png\",\"contentUrl\":\"https:\\\/\\\/help.jamk.fi\\\/peppi-ohjeet-henkilokunnalle\\\/wp-content\\\/uploads\\\/sites\\\/131\\\/2020\\\/03\\\/HOPS_yleinen_painikkeet.png\",\"width\":640,\"height\":37,\"caption\":\"Kuva HOPSin yleisist\u00e4 painikkeista\"},{\"@type\":\"BreadcrumbList\",\"@id\":\"https:\\\/\\\/help.jamk.fi\\\/peppi-ohjeet-henkilokunnalle\\\/fi\\\/opettajan-ohjeet\\\/hopsin-kasittely\\\/#breadcrumb\",\"itemListElement\":[{\"@type\":\"ListItem\",\"position\":1,\"name\":\"Home\",\"item\":\"https:\\\/\\\/help.jamk.fi\\\/peppi-ohjeet-henkilokunnalle\\\/en\\\/\"},{\"@type\":\"ListItem\",\"position\":2,\"name\":\"Opettajan ohjeet\",\"item\":\"https:\\\/\\\/help.jamk.fi\\\/peppi-ohjeet-henkilokunnalle\\\/fi\\\/opettajan-ohjeet\\\/\"},{\"@type\":\"ListItem\",\"position\":3,\"name\":\"HOPS-k\u00e4sittely\"}]},{\"@type\":\"WebSite\",\"@id\":\"https:\\\/\\\/help.jamk.fi\\\/peppi-ohjeet-henkilokunnalle\\\/#website\",\"url\":\"https:\\\/\\\/help.jamk.fi\\\/peppi-ohjeet-henkilokunnalle\\\/\",\"name\":\"Peppi-ohjeet henkil\u00f6kunnalle\",\"description\":\"\",\"potentialAction\":[{\"@type\":\"SearchAction\",\"target\":{\"@type\":\"EntryPoint\",\"urlTemplate\":\"https:\\\/\\\/help.jamk.fi\\\/peppi-ohjeet-henkilokunnalle\\\/?s={search_term_string}\"},\"query-input\":{\"@type\":\"PropertyValueSpecification\",\"valueRequired\":true,\"valueName\":\"search_term_string\"}}],\"inLanguage\":\"fi\"}]}<\/script>\n<!-- \/ Yoast SEO plugin. -->","yoast_head_json":{"title":"HOPS-k\u00e4sittely - Peppi-ohjeet henkil\u00f6kunnalle","robots":{"index":"index","follow":"follow","max-snippet":"max-snippet:-1","max-image-preview":"max-image-preview:large","max-video-preview":"max-video-preview:-1"},"canonical":"https:\/\/help.jamk.fi\/peppi-ohjeet-henkilokunnalle\/fi\/opettajan-ohjeet\/hopsin-kasittely\/","og_locale":"fi_FI","og_type":"article","og_title":"HOPS-k\u00e4sittely - Peppi-ohjeet henkil\u00f6kunnalle","og_description":"Opiskelijan HOPSilla on painikkeita, jotka n\u00e4kyv\u00e4t kaikilla v\u00e4lilehdill\u00e4. Valitse HOPS-versio Valitse HOPS-versio -pudotusvalikon kautta voit valita tarkasteltavan HOPSin version. Valikossa n\u00e4kyy aina v\u00e4hint\u00e4\u00e4nkin luonnos -tilassa oleva HOPS. Hyv\u00e4ksyttyj\u00e4 HOPSeja n\u00e4kyy maksimissaan yksi kappale ja aiemmat versiot n\u00e4kyv\u00e4t poistettu -tilassa. Tarkista -painike Tarkista -painikkeen avulla voit tarkastaa ett\u00e4 kaikilla HOPSin opinnoilla on arvosana. Avautuvassa ponnahdusikkunassa on [&hellip;]","og_url":"https:\/\/help.jamk.fi\/peppi-ohjeet-henkilokunnalle\/fi\/opettajan-ohjeet\/hopsin-kasittely\/","og_site_name":"Peppi-ohjeet henkil\u00f6kunnalle","article_modified_time":"2024-01-05T10:43:31+00:00","og_image":[{"url":"https:\/\/help.jamk.fi\/peppi-ohjeet-henkilokunnalle\/wp-content\/uploads\/sites\/131\/2020\/03\/HOPS_yleinen_painikkeet.png","type":"","width":"","height":""}],"twitter_card":"summary_large_image","twitter_misc":{"Arvioitu lukuaika":"4 minuuttia"},"schema":{"@context":"https:\/\/schema.org","@graph":[{"@type":"WebPage","@id":"https:\/\/help.jamk.fi\/peppi-ohjeet-henkilokunnalle\/fi\/opettajan-ohjeet\/hopsin-kasittely\/","url":"https:\/\/help.jamk.fi\/peppi-ohjeet-henkilokunnalle\/fi\/opettajan-ohjeet\/hopsin-kasittely\/","name":"HOPS-k\u00e4sittely - Peppi-ohjeet henkil\u00f6kunnalle","isPartOf":{"@id":"https:\/\/help.jamk.fi\/peppi-ohjeet-henkilokunnalle\/#website"},"primaryImageOfPage":{"@id":"https:\/\/help.jamk.fi\/peppi-ohjeet-henkilokunnalle\/fi\/opettajan-ohjeet\/hopsin-kasittely\/#primaryimage"},"image":{"@id":"https:\/\/help.jamk.fi\/peppi-ohjeet-henkilokunnalle\/fi\/opettajan-ohjeet\/hopsin-kasittely\/#primaryimage"},"thumbnailUrl":"https:\/\/help.jamk.fi\/peppi-ohjeet-henkilokunnalle\/wp-content\/uploads\/sites\/131\/2020\/03\/HOPS_yleinen_painikkeet.png","datePublished":"2020-04-01T06:01:26+00:00","dateModified":"2024-01-05T10:43:31+00:00","breadcrumb":{"@id":"https:\/\/help.jamk.fi\/peppi-ohjeet-henkilokunnalle\/fi\/opettajan-ohjeet\/hopsin-kasittely\/#breadcrumb"},"inLanguage":"fi","potentialAction":[{"@type":"ReadAction","target":["https:\/\/help.jamk.fi\/peppi-ohjeet-henkilokunnalle\/fi\/opettajan-ohjeet\/hopsin-kasittely\/"]}]},{"@type":"ImageObject","inLanguage":"fi","@id":"https:\/\/help.jamk.fi\/peppi-ohjeet-henkilokunnalle\/fi\/opettajan-ohjeet\/hopsin-kasittely\/#primaryimage","url":"https:\/\/help.jamk.fi\/peppi-ohjeet-henkilokunnalle\/wp-content\/uploads\/sites\/131\/2020\/03\/HOPS_yleinen_painikkeet.png","contentUrl":"https:\/\/help.jamk.fi\/peppi-ohjeet-henkilokunnalle\/wp-content\/uploads\/sites\/131\/2020\/03\/HOPS_yleinen_painikkeet.png","width":640,"height":37,"caption":"Kuva HOPSin yleisist\u00e4 painikkeista"},{"@type":"BreadcrumbList","@id":"https:\/\/help.jamk.fi\/peppi-ohjeet-henkilokunnalle\/fi\/opettajan-ohjeet\/hopsin-kasittely\/#breadcrumb","itemListElement":[{"@type":"ListItem","position":1,"name":"Home","item":"https:\/\/help.jamk.fi\/peppi-ohjeet-henkilokunnalle\/en\/"},{"@type":"ListItem","position":2,"name":"Opettajan ohjeet","item":"https:\/\/help.jamk.fi\/peppi-ohjeet-henkilokunnalle\/fi\/opettajan-ohjeet\/"},{"@type":"ListItem","position":3,"name":"HOPS-k\u00e4sittely"}]},{"@type":"WebSite","@id":"https:\/\/help.jamk.fi\/peppi-ohjeet-henkilokunnalle\/#website","url":"https:\/\/help.jamk.fi\/peppi-ohjeet-henkilokunnalle\/","name":"Peppi-ohjeet henkil\u00f6kunnalle","description":"","potentialAction":[{"@type":"SearchAction","target":{"@type":"EntryPoint","urlTemplate":"https:\/\/help.jamk.fi\/peppi-ohjeet-henkilokunnalle\/?s={search_term_string}"},"query-input":{"@type":"PropertyValueSpecification","valueRequired":true,"valueName":"search_term_string"}}],"inLanguage":"fi"}]}},"_links":{"self":[{"href":"https:\/\/help.jamk.fi\/peppi-ohjeet-henkilokunnalle\/wp-json\/wp\/v2\/pages\/4596","targetHints":{"allow":["GET"]}}],"collection":[{"href":"https:\/\/help.jamk.fi\/peppi-ohjeet-henkilokunnalle\/wp-json\/wp\/v2\/pages"}],"about":[{"href":"https:\/\/help.jamk.fi\/peppi-ohjeet-henkilokunnalle\/wp-json\/wp\/v2\/types\/page"}],"author":[{"embeddable":true,"href":"https:\/\/help.jamk.fi\/peppi-ohjeet-henkilokunnalle\/wp-json\/wp\/v2\/users\/77"}],"replies":[{"embeddable":true,"href":"https:\/\/help.jamk.fi\/peppi-ohjeet-henkilokunnalle\/wp-json\/wp\/v2\/comments?post=4596"}],"version-history":[{"count":5,"href":"https:\/\/help.jamk.fi\/peppi-ohjeet-henkilokunnalle\/wp-json\/wp\/v2\/pages\/4596\/revisions"}],"predecessor-version":[{"id":6111,"href":"https:\/\/help.jamk.fi\/peppi-ohjeet-henkilokunnalle\/wp-json\/wp\/v2\/pages\/4596\/revisions\/6111"}],"up":[{"embeddable":true,"href":"https:\/\/help.jamk.fi\/peppi-ohjeet-henkilokunnalle\/wp-json\/wp\/v2\/pages\/4552"}],"wp:attachment":[{"href":"https:\/\/help.jamk.fi\/peppi-ohjeet-henkilokunnalle\/wp-json\/wp\/v2\/media?parent=4596"}],"wp:term":[{"taxonomy":"category","embeddable":true,"href":"https:\/\/help.jamk.fi\/peppi-ohjeet-henkilokunnalle\/wp-json\/wp\/v2\/categories?post=4596"},{"taxonomy":"post_tag","embeddable":true,"href":"https:\/\/help.jamk.fi\/peppi-ohjeet-henkilokunnalle\/wp-json\/wp\/v2\/tags?post=4596"}],"curies":[{"name":"wp","href":"https:\/\/api.w.org\/{rel}","templated":true}]}}