{"id":4597,"date":"2021-09-23T07:19:04","date_gmt":"2021-09-23T04:19:04","guid":{"rendered":"https:\/\/help.jamk.fi\/peppi-ohjeet-henkilokunnalle\/opettajan-ohjeet\/hopsin-kasittely\/hopsin-alustus\/"},"modified":"2024-01-05T12:43:21","modified_gmt":"2024-01-05T10:43:21","slug":"hopsin-alustus","status":"publish","type":"page","link":"https:\/\/help.jamk.fi\/peppi-ohjeet-henkilokunnalle\/fi\/opettajan-ohjeet\/hopsin-kasittely\/hopsin-alustus\/","title":{"rendered":"HOPSin alustus"},"content":{"rendered":"\n<p>HOPSin alustus tehd\u00e4\u00e4n, jos tulee tarve tyhjent\u00e4\u00e4 opiskelijalla oleva HOPS esimerkiksi sen vuoksi, ett\u00e4 joku toinen opetussuunnitelma vastaisi paremmin opiskelijan opiskelua. HOPSin alustus tyhjent\u00e4\u00e4 HOPSin sis\u00e4ll\u00f6n. Opiskelijalla jo olevat opintosuoritukset s\u00e4ilyv\u00e4t HOPSissa, mutta jos uudessa HOPSissa ei ole samoja opintoja ne siirtyv\u00e4t HOPSin loppuun otsikon HOPSin ulkopuoliset opinnot -alle. Sielt\u00e4 ne t\u00e4ytyy sijoittaa HOPSin rakenteeseen erikseen HOPSin J\u00e4rjestely -v\u00e4lilehdell\u00e4.<\/p>\n\n\n\n<h2 class=\"wp-block-heading\">Hyv\u00e4ksy vanha HOPS<\/h2>\n\n\n\n<p>Ennen kuin alustat HOPSin, varmista, ett\u00e4 aloitusvaiheessa oleva HOPS j\u00e4\u00e4 talteen hyv\u00e4ksym\u00e4ll\u00e4 HOPS kertaalleen. Huom: hyv\u00e4ksynn\u00e4st\u00e4 menee viesti opiskelijalle, joten sen vuoksi kirjoita viestikentt\u00e4\u00e4n selite miksi h\u00e4nen HOPSinsa hyv\u00e4ksyt\u00e4\u00e4n nyt.<\/p>\n\n\n\n<p>HOPSin hyv\u00e4ksyt\u00e4\u00e4n menem\u00e4ll\u00e4 opiskelijan HOPSille ja painamalla <strong>Hyv\u00e4ksy HOPS<\/strong><\/p>\n\n\n\n<h2 class=\"wp-block-heading\">Valitse uusi opetussuunnitelma ja alusta HOPS<\/h2>\n\n\n\n<p>Kun vanha HOPS on hyv\u00e4ksytty, palaa opiskeluoikeuden HOPS -valikkoon.<\/p>\n\n\n\n<ul class=\"wp-block-list\">\n<li>Valitse uuden HOPSin pohjana k\u00e4ytett\u00e4v\u00e4n opetussuunnitelman tunnus.<\/li>\n\n\n\n<li>Paina <strong>Tallenna<\/strong><\/li>\n\n\n\n<li>Paina <strong>Alusta HOPS uudelleen<\/strong> -painiketta<\/li>\n\n\n\n<li>Avautuvasta ikkunasta voit valita tarvittaessa opintopolun sek\u00e4 oletusajoitussuunnitelman<\/li>\n\n\n\n<li>Nyt HOPS on alustettu<\/li>\n<\/ul>\n","protected":false},"excerpt":{"rendered":"<p>HOPSin alustus tehd\u00e4\u00e4n, jos tulee tarve tyhjent\u00e4\u00e4 opiskelijalla oleva HOPS esimerkiksi sen vuoksi, ett\u00e4 joku toinen opetussuunnitelma vastaisi paremmin opiskelijan opiskelua. HOPSin alustus tyhjent\u00e4\u00e4 HOPSin sis\u00e4ll\u00f6n. Opiskelijalla jo olevat opintosuoritukset s\u00e4ilyv\u00e4t HOPSissa, mutta jos uudessa HOPSissa ei ole samoja opintoja ne siirtyv\u00e4t HOPSin loppuun otsikon HOPSin ulkopuoliset opinnot -alle. Sielt\u00e4 ne t\u00e4ytyy sijoittaa HOPSin rakenteeseen [&hellip;]<\/p>\n","protected":false},"author":77,"featured_media":0,"parent":4596,"menu_order":1,"comment_status":"closed","ping_status":"open","template":"","meta":{"_acf_changed":false,"_relevanssi_hide_post":"","_relevanssi_hide_content":"","_relevanssi_pin_for_all":"","_relevanssi_pin_keywords":"","_relevanssi_unpin_keywords":"","_relevanssi_related_keywords":"","_relevanssi_related_include_ids":"","_relevanssi_related_exclude_ids":"","_relevanssi_related_no_append":"","_relevanssi_related_not_related":"","_relevanssi_related_posts":"","_relevanssi_noindex_reason":"","footnotes":""},"categories":[10],"tags":[],"class_list":["post-4597","page","type-page","status-publish","hentry","category-opettajan-tyopoyta"],"acf":[],"yoast_head":"<!-- This site is optimized with the Yoast SEO plugin v27.3 - https:\/\/yoast.com\/product\/yoast-seo-wordpress\/ -->\n<title>HOPSin alustus - Peppi-ohjeet henkil\u00f6kunnalle<\/title>\n<meta name=\"robots\" content=\"index, follow, max-snippet:-1, max-image-preview:large, max-video-preview:-1\" \/>\n<link rel=\"canonical\" href=\"https:\/\/help.jamk.fi\/peppi-ohjeet-henkilokunnalle\/fi\/opettajan-ohjeet\/hopsin-kasittely\/hopsin-alustus\/\" \/>\n<meta property=\"og:locale\" content=\"fi_FI\" \/>\n<meta property=\"og:type\" content=\"article\" \/>\n<meta property=\"og:title\" content=\"HOPSin alustus - Peppi-ohjeet henkil\u00f6kunnalle\" \/>\n<meta property=\"og:description\" content=\"HOPSin alustus tehd\u00e4\u00e4n, jos tulee tarve tyhjent\u00e4\u00e4 opiskelijalla oleva HOPS esimerkiksi sen vuoksi, ett\u00e4 joku toinen opetussuunnitelma vastaisi paremmin opiskelijan opiskelua. HOPSin alustus tyhjent\u00e4\u00e4 HOPSin sis\u00e4ll\u00f6n. Opiskelijalla jo olevat opintosuoritukset s\u00e4ilyv\u00e4t HOPSissa, mutta jos uudessa HOPSissa ei ole samoja opintoja ne siirtyv\u00e4t HOPSin loppuun otsikon HOPSin ulkopuoliset opinnot -alle. Sielt\u00e4 ne t\u00e4ytyy sijoittaa HOPSin rakenteeseen [&hellip;]\" \/>\n<meta property=\"og:url\" content=\"https:\/\/help.jamk.fi\/peppi-ohjeet-henkilokunnalle\/fi\/opettajan-ohjeet\/hopsin-kasittely\/hopsin-alustus\/\" \/>\n<meta property=\"og:site_name\" content=\"Peppi-ohjeet henkil\u00f6kunnalle\" \/>\n<meta property=\"article:modified_time\" content=\"2024-01-05T10:43:21+00:00\" \/>\n<meta name=\"twitter:card\" content=\"summary_large_image\" \/>\n<meta name=\"twitter:label1\" content=\"Arvioitu lukuaika\" \/>\n\t<meta name=\"twitter:data1\" content=\"1 minuutti\" \/>\n<script type=\"application\/ld+json\" class=\"yoast-schema-graph\">{\"@context\":\"https:\\\/\\\/schema.org\",\"@graph\":[{\"@type\":\"WebPage\",\"@id\":\"https:\\\/\\\/help.jamk.fi\\\/peppi-ohjeet-henkilokunnalle\\\/fi\\\/opettajan-ohjeet\\\/hopsin-kasittely\\\/hopsin-alustus\\\/\",\"url\":\"https:\\\/\\\/help.jamk.fi\\\/peppi-ohjeet-henkilokunnalle\\\/fi\\\/opettajan-ohjeet\\\/hopsin-kasittely\\\/hopsin-alustus\\\/\",\"name\":\"HOPSin alustus - Peppi-ohjeet henkil\u00f6kunnalle\",\"isPartOf\":{\"@id\":\"https:\\\/\\\/help.jamk.fi\\\/peppi-ohjeet-henkilokunnalle\\\/#website\"},\"datePublished\":\"2021-09-23T04:19:04+00:00\",\"dateModified\":\"2024-01-05T10:43:21+00:00\",\"breadcrumb\":{\"@id\":\"https:\\\/\\\/help.jamk.fi\\\/peppi-ohjeet-henkilokunnalle\\\/fi\\\/opettajan-ohjeet\\\/hopsin-kasittely\\\/hopsin-alustus\\\/#breadcrumb\"},\"inLanguage\":\"fi\",\"potentialAction\":[{\"@type\":\"ReadAction\",\"target\":[\"https:\\\/\\\/help.jamk.fi\\\/peppi-ohjeet-henkilokunnalle\\\/fi\\\/opettajan-ohjeet\\\/hopsin-kasittely\\\/hopsin-alustus\\\/\"]}]},{\"@type\":\"BreadcrumbList\",\"@id\":\"https:\\\/\\\/help.jamk.fi\\\/peppi-ohjeet-henkilokunnalle\\\/fi\\\/opettajan-ohjeet\\\/hopsin-kasittely\\\/hopsin-alustus\\\/#breadcrumb\",\"itemListElement\":[{\"@type\":\"ListItem\",\"position\":1,\"name\":\"Home\",\"item\":\"https:\\\/\\\/help.jamk.fi\\\/peppi-ohjeet-henkilokunnalle\\\/en\\\/\"},{\"@type\":\"ListItem\",\"position\":2,\"name\":\"Opettajan ohjeet\",\"item\":\"https:\\\/\\\/help.jamk.fi\\\/peppi-ohjeet-henkilokunnalle\\\/fi\\\/opettajan-ohjeet\\\/\"},{\"@type\":\"ListItem\",\"position\":3,\"name\":\"HOPS-k\u00e4sittely\",\"item\":\"https:\\\/\\\/help.jamk.fi\\\/peppi-ohjeet-henkilokunnalle\\\/fi\\\/opettajan-ohjeet\\\/hopsin-kasittely\\\/\"},{\"@type\":\"ListItem\",\"position\":4,\"name\":\"HOPSin alustus\"}]},{\"@type\":\"WebSite\",\"@id\":\"https:\\\/\\\/help.jamk.fi\\\/peppi-ohjeet-henkilokunnalle\\\/#website\",\"url\":\"https:\\\/\\\/help.jamk.fi\\\/peppi-ohjeet-henkilokunnalle\\\/\",\"name\":\"Peppi-ohjeet henkil\u00f6kunnalle\",\"description\":\"\",\"potentialAction\":[{\"@type\":\"SearchAction\",\"target\":{\"@type\":\"EntryPoint\",\"urlTemplate\":\"https:\\\/\\\/help.jamk.fi\\\/peppi-ohjeet-henkilokunnalle\\\/?s={search_term_string}\"},\"query-input\":{\"@type\":\"PropertyValueSpecification\",\"valueRequired\":true,\"valueName\":\"search_term_string\"}}],\"inLanguage\":\"fi\"}]}<\/script>\n<!-- \/ Yoast SEO plugin. -->","yoast_head_json":{"title":"HOPSin alustus - Peppi-ohjeet henkil\u00f6kunnalle","robots":{"index":"index","follow":"follow","max-snippet":"max-snippet:-1","max-image-preview":"max-image-preview:large","max-video-preview":"max-video-preview:-1"},"canonical":"https:\/\/help.jamk.fi\/peppi-ohjeet-henkilokunnalle\/fi\/opettajan-ohjeet\/hopsin-kasittely\/hopsin-alustus\/","og_locale":"fi_FI","og_type":"article","og_title":"HOPSin alustus - Peppi-ohjeet henkil\u00f6kunnalle","og_description":"HOPSin alustus tehd\u00e4\u00e4n, jos tulee tarve tyhjent\u00e4\u00e4 opiskelijalla oleva HOPS esimerkiksi sen vuoksi, ett\u00e4 joku toinen opetussuunnitelma vastaisi paremmin opiskelijan opiskelua. HOPSin alustus tyhjent\u00e4\u00e4 HOPSin sis\u00e4ll\u00f6n. Opiskelijalla jo olevat opintosuoritukset s\u00e4ilyv\u00e4t HOPSissa, mutta jos uudessa HOPSissa ei ole samoja opintoja ne siirtyv\u00e4t HOPSin loppuun otsikon HOPSin ulkopuoliset opinnot -alle. Sielt\u00e4 ne t\u00e4ytyy sijoittaa HOPSin rakenteeseen [&hellip;]","og_url":"https:\/\/help.jamk.fi\/peppi-ohjeet-henkilokunnalle\/fi\/opettajan-ohjeet\/hopsin-kasittely\/hopsin-alustus\/","og_site_name":"Peppi-ohjeet henkil\u00f6kunnalle","article_modified_time":"2024-01-05T10:43:21+00:00","twitter_card":"summary_large_image","twitter_misc":{"Arvioitu lukuaika":"1 minuutti"},"schema":{"@context":"https:\/\/schema.org","@graph":[{"@type":"WebPage","@id":"https:\/\/help.jamk.fi\/peppi-ohjeet-henkilokunnalle\/fi\/opettajan-ohjeet\/hopsin-kasittely\/hopsin-alustus\/","url":"https:\/\/help.jamk.fi\/peppi-ohjeet-henkilokunnalle\/fi\/opettajan-ohjeet\/hopsin-kasittely\/hopsin-alustus\/","name":"HOPSin alustus - Peppi-ohjeet henkil\u00f6kunnalle","isPartOf":{"@id":"https:\/\/help.jamk.fi\/peppi-ohjeet-henkilokunnalle\/#website"},"datePublished":"2021-09-23T04:19:04+00:00","dateModified":"2024-01-05T10:43:21+00:00","breadcrumb":{"@id":"https:\/\/help.jamk.fi\/peppi-ohjeet-henkilokunnalle\/fi\/opettajan-ohjeet\/hopsin-kasittely\/hopsin-alustus\/#breadcrumb"},"inLanguage":"fi","potentialAction":[{"@type":"ReadAction","target":["https:\/\/help.jamk.fi\/peppi-ohjeet-henkilokunnalle\/fi\/opettajan-ohjeet\/hopsin-kasittely\/hopsin-alustus\/"]}]},{"@type":"BreadcrumbList","@id":"https:\/\/help.jamk.fi\/peppi-ohjeet-henkilokunnalle\/fi\/opettajan-ohjeet\/hopsin-kasittely\/hopsin-alustus\/#breadcrumb","itemListElement":[{"@type":"ListItem","position":1,"name":"Home","item":"https:\/\/help.jamk.fi\/peppi-ohjeet-henkilokunnalle\/en\/"},{"@type":"ListItem","position":2,"name":"Opettajan ohjeet","item":"https:\/\/help.jamk.fi\/peppi-ohjeet-henkilokunnalle\/fi\/opettajan-ohjeet\/"},{"@type":"ListItem","position":3,"name":"HOPS-k\u00e4sittely","item":"https:\/\/help.jamk.fi\/peppi-ohjeet-henkilokunnalle\/fi\/opettajan-ohjeet\/hopsin-kasittely\/"},{"@type":"ListItem","position":4,"name":"HOPSin alustus"}]},{"@type":"WebSite","@id":"https:\/\/help.jamk.fi\/peppi-ohjeet-henkilokunnalle\/#website","url":"https:\/\/help.jamk.fi\/peppi-ohjeet-henkilokunnalle\/","name":"Peppi-ohjeet henkil\u00f6kunnalle","description":"","potentialAction":[{"@type":"SearchAction","target":{"@type":"EntryPoint","urlTemplate":"https:\/\/help.jamk.fi\/peppi-ohjeet-henkilokunnalle\/?s={search_term_string}"},"query-input":{"@type":"PropertyValueSpecification","valueRequired":true,"valueName":"search_term_string"}}],"inLanguage":"fi"}]}},"_links":{"self":[{"href":"https:\/\/help.jamk.fi\/peppi-ohjeet-henkilokunnalle\/wp-json\/wp\/v2\/pages\/4597","targetHints":{"allow":["GET"]}}],"collection":[{"href":"https:\/\/help.jamk.fi\/peppi-ohjeet-henkilokunnalle\/wp-json\/wp\/v2\/pages"}],"about":[{"href":"https:\/\/help.jamk.fi\/peppi-ohjeet-henkilokunnalle\/wp-json\/wp\/v2\/types\/page"}],"author":[{"embeddable":true,"href":"https:\/\/help.jamk.fi\/peppi-ohjeet-henkilokunnalle\/wp-json\/wp\/v2\/users\/77"}],"replies":[{"embeddable":true,"href":"https:\/\/help.jamk.fi\/peppi-ohjeet-henkilokunnalle\/wp-json\/wp\/v2\/comments?post=4597"}],"version-history":[{"count":3,"href":"https:\/\/help.jamk.fi\/peppi-ohjeet-henkilokunnalle\/wp-json\/wp\/v2\/pages\/4597\/revisions"}],"predecessor-version":[{"id":6112,"href":"https:\/\/help.jamk.fi\/peppi-ohjeet-henkilokunnalle\/wp-json\/wp\/v2\/pages\/4597\/revisions\/6112"}],"up":[{"embeddable":true,"href":"https:\/\/help.jamk.fi\/peppi-ohjeet-henkilokunnalle\/wp-json\/wp\/v2\/pages\/4596"}],"wp:attachment":[{"href":"https:\/\/help.jamk.fi\/peppi-ohjeet-henkilokunnalle\/wp-json\/wp\/v2\/media?parent=4597"}],"wp:term":[{"taxonomy":"category","embeddable":true,"href":"https:\/\/help.jamk.fi\/peppi-ohjeet-henkilokunnalle\/wp-json\/wp\/v2\/categories?post=4597"},{"taxonomy":"post_tag","embeddable":true,"href":"https:\/\/help.jamk.fi\/peppi-ohjeet-henkilokunnalle\/wp-json\/wp\/v2\/tags?post=4597"}],"curies":[{"name":"wp","href":"https:\/\/api.w.org\/{rel}","templated":true}]}}