{"id":4598,"date":"2020-04-01T09:33:11","date_gmt":"2020-04-01T06:33:11","guid":{"rendered":"https:\/\/help.jamk.fi\/peppi-ohjeet-henkilokunnalle\/opettajan-ohjeet\/hopsin-kasittely\/tarkastelu-valilehti\/"},"modified":"2024-01-05T12:42:59","modified_gmt":"2024-01-05T10:42:59","slug":"tarkastelu-valilehti","status":"publish","type":"page","link":"https:\/\/help.jamk.fi\/peppi-ohjeet-henkilokunnalle\/fi\/opettajan-ohjeet\/hopsin-kasittely\/tarkastelu-valilehti\/","title":{"rendered":"Tarkastelu-v\u00e4lilehti"},"content":{"rendered":"\n<p>Tarkastelu-v\u00e4lilehdell\u00e4 on n\u00e4ht\u00e4viss\u00e4 ajantasainen, rakenteinen HOPS. HOPS pohjautuu kyseisen opiskeluoikeuden oletusopetussuunnitelmaan.<\/p>\n\n\n\n<h2 class=\"wp-block-heading\">Opintokokonaisuuden sis\u00e4ll\u00f6n tarkastelu<\/h2>\n\n\n\n<p>Klikkaa opintokokonaisuuden nime\u00e4 -&gt; avautuu ponnahdusikkuna, jossa kuvattu kokonaisuuden tiedot. Sulje ponnahdusikkuna valitsemalla n\u00e4pp\u00e4imist\u00f6st\u00e4 esc tai klikkaamalla ponnahdusikkunan ruksia tai Sulje.<\/p>\n\n\n\n<h2 class=\"wp-block-heading\">Opintojakson sis\u00e4ll\u00f6n tarkastelu<\/h2>\n\n\n\n<p>Klikkaa opintojakson nime\u00e4 -&gt; avautuu ponnahdusikkuna, jossa kuvattu jakson tiedot.<br>Sulje ponnahdusikkuna valitsemalla n\u00e4pp\u00e4imist\u00f6st\u00e4 esc tai klikkaamalla ponnahdusikkunan ruksia tai Sulje.<\/p>\n\n\n\n<h2 class=\"wp-block-heading\">Lataa opintosuoritusote<\/h2>\n\n\n\n<ul class=\"wp-block-list\">\n<li>Valitse <strong>Lataa opintosuoritusote (PDF)<\/strong>.<\/li>\n<\/ul>\n\n\n\n<p>Suoritusote on l\u00f6ydett\u00e4viss\u00e4 selaimesi latauksista.<\/p>\n\n\n\n<h2 class=\"wp-block-heading\">Lis\u00e4\u00e4 merkint\u00e4 opintokokonaisuudelle tai opintojaksolle<\/h2>\n\n\n\n<ul class=\"wp-block-list\">\n<li>Klikkaa opintokokonaisuuden tai opintojakson per\u00e4ss\u00e4 olevaa <strong>plus -ikonia<\/strong> tai<strong> puhekuplaa<\/strong>.\n<ul class=\"wp-block-list\">\n<li>&nbsp;<strong>Plus<\/strong> -ikoni on n\u00e4kyviss\u00e4, mik\u00e4li kyseiseen opintokokonaisuuteen tai opintojaksoon ei ole viel\u00e4 kirjattu merkint\u00e4\u00e4.<\/li>\n\n\n\n<li>&nbsp;<strong>Plus<\/strong>-ikoni on muuttunut puhekuplaksi, mik\u00e4li merkint\u00f6j\u00e4 on jo kirjattu.<\/li>\n<\/ul>\n<\/li>\n\n\n\n<li>T\u00e4yt\u00e4 kent\u00e4t.<\/li>\n\n\n\n<li>Valitse <strong>L\u00e4het\u00e4<\/strong>\n<ul class=\"wp-block-list\">\n<li>Viesti on tarkasteltavissa opiskelijan HOPSissa ja ohjaajan ty\u00f6p\u00f6yd\u00e4ll\u00e4.<\/li>\n<\/ul>\n<\/li>\n<\/ul>\n","protected":false},"excerpt":{"rendered":"<p>Tarkastelu-v\u00e4lilehdell\u00e4 on n\u00e4ht\u00e4viss\u00e4 ajantasainen, rakenteinen HOPS. HOPS pohjautuu kyseisen opiskeluoikeuden oletusopetussuunnitelmaan. Opintokokonaisuuden sis\u00e4ll\u00f6n tarkastelu Klikkaa opintokokonaisuuden nime\u00e4 -&gt; avautuu ponnahdusikkuna, jossa kuvattu kokonaisuuden tiedot. Sulje ponnahdusikkuna valitsemalla n\u00e4pp\u00e4imist\u00f6st\u00e4 esc tai klikkaamalla ponnahdusikkunan ruksia tai Sulje. Opintojakson sis\u00e4ll\u00f6n tarkastelu Klikkaa opintojakson nime\u00e4 -&gt; avautuu ponnahdusikkuna, jossa kuvattu jakson tiedot.Sulje ponnahdusikkuna valitsemalla n\u00e4pp\u00e4imist\u00f6st\u00e4 esc tai klikkaamalla ponnahdusikkunan [&hellip;]<\/p>\n","protected":false},"author":77,"featured_media":0,"parent":4596,"menu_order":2,"comment_status":"closed","ping_status":"open","template":"","meta":{"_acf_changed":false,"_relevanssi_hide_post":"","_relevanssi_hide_content":"","_relevanssi_pin_for_all":"","_relevanssi_pin_keywords":"","_relevanssi_unpin_keywords":"","_relevanssi_related_keywords":"","_relevanssi_related_include_ids":"","_relevanssi_related_exclude_ids":"","_relevanssi_related_no_append":"","_relevanssi_related_not_related":"","_relevanssi_related_posts":"","_relevanssi_noindex_reason":"","footnotes":""},"categories":[10],"tags":[],"class_list":["post-4598","page","type-page","status-publish","hentry","category-opettajan-tyopoyta"],"acf":[],"yoast_head":"<!-- This site is optimized with the Yoast SEO plugin v27.3 - https:\/\/yoast.com\/product\/yoast-seo-wordpress\/ -->\n<title>Tarkastelu-v\u00e4lilehti - Peppi-ohjeet henkil\u00f6kunnalle<\/title>\n<meta name=\"robots\" content=\"index, follow, max-snippet:-1, max-image-preview:large, max-video-preview:-1\" \/>\n<link rel=\"canonical\" href=\"https:\/\/help.jamk.fi\/peppi-ohjeet-henkilokunnalle\/fi\/opettajan-ohjeet\/hopsin-kasittely\/tarkastelu-valilehti\/\" \/>\n<meta property=\"og:locale\" content=\"fi_FI\" \/>\n<meta property=\"og:type\" content=\"article\" \/>\n<meta property=\"og:title\" content=\"Tarkastelu-v\u00e4lilehti - Peppi-ohjeet henkil\u00f6kunnalle\" \/>\n<meta property=\"og:description\" content=\"Tarkastelu-v\u00e4lilehdell\u00e4 on n\u00e4ht\u00e4viss\u00e4 ajantasainen, rakenteinen HOPS. HOPS pohjautuu kyseisen opiskeluoikeuden oletusopetussuunnitelmaan. Opintokokonaisuuden sis\u00e4ll\u00f6n tarkastelu Klikkaa opintokokonaisuuden nime\u00e4 -&gt; avautuu ponnahdusikkuna, jossa kuvattu kokonaisuuden tiedot. Sulje ponnahdusikkuna valitsemalla n\u00e4pp\u00e4imist\u00f6st\u00e4 esc tai klikkaamalla ponnahdusikkunan ruksia tai Sulje. Opintojakson sis\u00e4ll\u00f6n tarkastelu Klikkaa opintojakson nime\u00e4 -&gt; avautuu ponnahdusikkuna, jossa kuvattu jakson tiedot.Sulje ponnahdusikkuna valitsemalla n\u00e4pp\u00e4imist\u00f6st\u00e4 esc tai klikkaamalla ponnahdusikkunan [&hellip;]\" \/>\n<meta property=\"og:url\" content=\"https:\/\/help.jamk.fi\/peppi-ohjeet-henkilokunnalle\/fi\/opettajan-ohjeet\/hopsin-kasittely\/tarkastelu-valilehti\/\" \/>\n<meta property=\"og:site_name\" content=\"Peppi-ohjeet henkil\u00f6kunnalle\" \/>\n<meta property=\"article:modified_time\" content=\"2024-01-05T10:42:59+00:00\" \/>\n<meta name=\"twitter:card\" content=\"summary_large_image\" \/>\n<script type=\"application\/ld+json\" class=\"yoast-schema-graph\">{\"@context\":\"https:\\\/\\\/schema.org\",\"@graph\":[{\"@type\":\"WebPage\",\"@id\":\"https:\\\/\\\/help.jamk.fi\\\/peppi-ohjeet-henkilokunnalle\\\/fi\\\/opettajan-ohjeet\\\/hopsin-kasittely\\\/tarkastelu-valilehti\\\/\",\"url\":\"https:\\\/\\\/help.jamk.fi\\\/peppi-ohjeet-henkilokunnalle\\\/fi\\\/opettajan-ohjeet\\\/hopsin-kasittely\\\/tarkastelu-valilehti\\\/\",\"name\":\"Tarkastelu-v\u00e4lilehti - Peppi-ohjeet henkil\u00f6kunnalle\",\"isPartOf\":{\"@id\":\"https:\\\/\\\/help.jamk.fi\\\/peppi-ohjeet-henkilokunnalle\\\/#website\"},\"datePublished\":\"2020-04-01T06:33:11+00:00\",\"dateModified\":\"2024-01-05T10:42:59+00:00\",\"breadcrumb\":{\"@id\":\"https:\\\/\\\/help.jamk.fi\\\/peppi-ohjeet-henkilokunnalle\\\/fi\\\/opettajan-ohjeet\\\/hopsin-kasittely\\\/tarkastelu-valilehti\\\/#breadcrumb\"},\"inLanguage\":\"fi\",\"potentialAction\":[{\"@type\":\"ReadAction\",\"target\":[\"https:\\\/\\\/help.jamk.fi\\\/peppi-ohjeet-henkilokunnalle\\\/fi\\\/opettajan-ohjeet\\\/hopsin-kasittely\\\/tarkastelu-valilehti\\\/\"]}]},{\"@type\":\"BreadcrumbList\",\"@id\":\"https:\\\/\\\/help.jamk.fi\\\/peppi-ohjeet-henkilokunnalle\\\/fi\\\/opettajan-ohjeet\\\/hopsin-kasittely\\\/tarkastelu-valilehti\\\/#breadcrumb\",\"itemListElement\":[{\"@type\":\"ListItem\",\"position\":1,\"name\":\"Home\",\"item\":\"https:\\\/\\\/help.jamk.fi\\\/peppi-ohjeet-henkilokunnalle\\\/en\\\/\"},{\"@type\":\"ListItem\",\"position\":2,\"name\":\"Opettajan ohjeet\",\"item\":\"https:\\\/\\\/help.jamk.fi\\\/peppi-ohjeet-henkilokunnalle\\\/fi\\\/opettajan-ohjeet\\\/\"},{\"@type\":\"ListItem\",\"position\":3,\"name\":\"HOPS-k\u00e4sittely\",\"item\":\"https:\\\/\\\/help.jamk.fi\\\/peppi-ohjeet-henkilokunnalle\\\/fi\\\/opettajan-ohjeet\\\/hopsin-kasittely\\\/\"},{\"@type\":\"ListItem\",\"position\":4,\"name\":\"Tarkastelu-v\u00e4lilehti\"}]},{\"@type\":\"WebSite\",\"@id\":\"https:\\\/\\\/help.jamk.fi\\\/peppi-ohjeet-henkilokunnalle\\\/#website\",\"url\":\"https:\\\/\\\/help.jamk.fi\\\/peppi-ohjeet-henkilokunnalle\\\/\",\"name\":\"Peppi-ohjeet henkil\u00f6kunnalle\",\"description\":\"\",\"potentialAction\":[{\"@type\":\"SearchAction\",\"target\":{\"@type\":\"EntryPoint\",\"urlTemplate\":\"https:\\\/\\\/help.jamk.fi\\\/peppi-ohjeet-henkilokunnalle\\\/?s={search_term_string}\"},\"query-input\":{\"@type\":\"PropertyValueSpecification\",\"valueRequired\":true,\"valueName\":\"search_term_string\"}}],\"inLanguage\":\"fi\"}]}<\/script>\n<!-- \/ Yoast SEO plugin. -->","yoast_head_json":{"title":"Tarkastelu-v\u00e4lilehti - Peppi-ohjeet henkil\u00f6kunnalle","robots":{"index":"index","follow":"follow","max-snippet":"max-snippet:-1","max-image-preview":"max-image-preview:large","max-video-preview":"max-video-preview:-1"},"canonical":"https:\/\/help.jamk.fi\/peppi-ohjeet-henkilokunnalle\/fi\/opettajan-ohjeet\/hopsin-kasittely\/tarkastelu-valilehti\/","og_locale":"fi_FI","og_type":"article","og_title":"Tarkastelu-v\u00e4lilehti - Peppi-ohjeet henkil\u00f6kunnalle","og_description":"Tarkastelu-v\u00e4lilehdell\u00e4 on n\u00e4ht\u00e4viss\u00e4 ajantasainen, rakenteinen HOPS. HOPS pohjautuu kyseisen opiskeluoikeuden oletusopetussuunnitelmaan. Opintokokonaisuuden sis\u00e4ll\u00f6n tarkastelu Klikkaa opintokokonaisuuden nime\u00e4 -&gt; avautuu ponnahdusikkuna, jossa kuvattu kokonaisuuden tiedot. Sulje ponnahdusikkuna valitsemalla n\u00e4pp\u00e4imist\u00f6st\u00e4 esc tai klikkaamalla ponnahdusikkunan ruksia tai Sulje. Opintojakson sis\u00e4ll\u00f6n tarkastelu Klikkaa opintojakson nime\u00e4 -&gt; avautuu ponnahdusikkuna, jossa kuvattu jakson tiedot.Sulje ponnahdusikkuna valitsemalla n\u00e4pp\u00e4imist\u00f6st\u00e4 esc tai klikkaamalla ponnahdusikkunan [&hellip;]","og_url":"https:\/\/help.jamk.fi\/peppi-ohjeet-henkilokunnalle\/fi\/opettajan-ohjeet\/hopsin-kasittely\/tarkastelu-valilehti\/","og_site_name":"Peppi-ohjeet henkil\u00f6kunnalle","article_modified_time":"2024-01-05T10:42:59+00:00","twitter_card":"summary_large_image","schema":{"@context":"https:\/\/schema.org","@graph":[{"@type":"WebPage","@id":"https:\/\/help.jamk.fi\/peppi-ohjeet-henkilokunnalle\/fi\/opettajan-ohjeet\/hopsin-kasittely\/tarkastelu-valilehti\/","url":"https:\/\/help.jamk.fi\/peppi-ohjeet-henkilokunnalle\/fi\/opettajan-ohjeet\/hopsin-kasittely\/tarkastelu-valilehti\/","name":"Tarkastelu-v\u00e4lilehti - Peppi-ohjeet henkil\u00f6kunnalle","isPartOf":{"@id":"https:\/\/help.jamk.fi\/peppi-ohjeet-henkilokunnalle\/#website"},"datePublished":"2020-04-01T06:33:11+00:00","dateModified":"2024-01-05T10:42:59+00:00","breadcrumb":{"@id":"https:\/\/help.jamk.fi\/peppi-ohjeet-henkilokunnalle\/fi\/opettajan-ohjeet\/hopsin-kasittely\/tarkastelu-valilehti\/#breadcrumb"},"inLanguage":"fi","potentialAction":[{"@type":"ReadAction","target":["https:\/\/help.jamk.fi\/peppi-ohjeet-henkilokunnalle\/fi\/opettajan-ohjeet\/hopsin-kasittely\/tarkastelu-valilehti\/"]}]},{"@type":"BreadcrumbList","@id":"https:\/\/help.jamk.fi\/peppi-ohjeet-henkilokunnalle\/fi\/opettajan-ohjeet\/hopsin-kasittely\/tarkastelu-valilehti\/#breadcrumb","itemListElement":[{"@type":"ListItem","position":1,"name":"Home","item":"https:\/\/help.jamk.fi\/peppi-ohjeet-henkilokunnalle\/en\/"},{"@type":"ListItem","position":2,"name":"Opettajan ohjeet","item":"https:\/\/help.jamk.fi\/peppi-ohjeet-henkilokunnalle\/fi\/opettajan-ohjeet\/"},{"@type":"ListItem","position":3,"name":"HOPS-k\u00e4sittely","item":"https:\/\/help.jamk.fi\/peppi-ohjeet-henkilokunnalle\/fi\/opettajan-ohjeet\/hopsin-kasittely\/"},{"@type":"ListItem","position":4,"name":"Tarkastelu-v\u00e4lilehti"}]},{"@type":"WebSite","@id":"https:\/\/help.jamk.fi\/peppi-ohjeet-henkilokunnalle\/#website","url":"https:\/\/help.jamk.fi\/peppi-ohjeet-henkilokunnalle\/","name":"Peppi-ohjeet henkil\u00f6kunnalle","description":"","potentialAction":[{"@type":"SearchAction","target":{"@type":"EntryPoint","urlTemplate":"https:\/\/help.jamk.fi\/peppi-ohjeet-henkilokunnalle\/?s={search_term_string}"},"query-input":{"@type":"PropertyValueSpecification","valueRequired":true,"valueName":"search_term_string"}}],"inLanguage":"fi"}]}},"_links":{"self":[{"href":"https:\/\/help.jamk.fi\/peppi-ohjeet-henkilokunnalle\/wp-json\/wp\/v2\/pages\/4598","targetHints":{"allow":["GET"]}}],"collection":[{"href":"https:\/\/help.jamk.fi\/peppi-ohjeet-henkilokunnalle\/wp-json\/wp\/v2\/pages"}],"about":[{"href":"https:\/\/help.jamk.fi\/peppi-ohjeet-henkilokunnalle\/wp-json\/wp\/v2\/types\/page"}],"author":[{"embeddable":true,"href":"https:\/\/help.jamk.fi\/peppi-ohjeet-henkilokunnalle\/wp-json\/wp\/v2\/users\/77"}],"replies":[{"embeddable":true,"href":"https:\/\/help.jamk.fi\/peppi-ohjeet-henkilokunnalle\/wp-json\/wp\/v2\/comments?post=4598"}],"version-history":[{"count":4,"href":"https:\/\/help.jamk.fi\/peppi-ohjeet-henkilokunnalle\/wp-json\/wp\/v2\/pages\/4598\/revisions"}],"predecessor-version":[{"id":6124,"href":"https:\/\/help.jamk.fi\/peppi-ohjeet-henkilokunnalle\/wp-json\/wp\/v2\/pages\/4598\/revisions\/6124"}],"up":[{"embeddable":true,"href":"https:\/\/help.jamk.fi\/peppi-ohjeet-henkilokunnalle\/wp-json\/wp\/v2\/pages\/4596"}],"wp:attachment":[{"href":"https:\/\/help.jamk.fi\/peppi-ohjeet-henkilokunnalle\/wp-json\/wp\/v2\/media?parent=4598"}],"wp:term":[{"taxonomy":"category","embeddable":true,"href":"https:\/\/help.jamk.fi\/peppi-ohjeet-henkilokunnalle\/wp-json\/wp\/v2\/categories?post=4598"},{"taxonomy":"post_tag","embeddable":true,"href":"https:\/\/help.jamk.fi\/peppi-ohjeet-henkilokunnalle\/wp-json\/wp\/v2\/tags?post=4598"}],"curies":[{"name":"wp","href":"https:\/\/api.w.org\/{rel}","templated":true}]}}