{"id":4606,"date":"2020-04-03T10:23:07","date_gmt":"2020-04-03T07:23:07","guid":{"rendered":"https:\/\/help.jamk.fi\/peppi-ohjeet-henkilokunnalle\/esimerkkeja-toteutuksen-rytmitystoiveen-kaytosta\/"},"modified":"2023-11-24T17:11:02","modified_gmt":"2023-11-24T15:11:02","slug":"esimerkkeja-toteutuksen-rytmitystoiveen-kaytosta","status":"publish","type":"page","link":"https:\/\/help.jamk.fi\/peppi-ohjeet-henkilokunnalle\/fi\/opettajan-ohjeet\/toteutuksen-rytmitys-ja-tilatoiveet-opettajan-ohje\/esimerkkeja-toteutuksen-rytmitystoiveen-kaytosta\/","title":{"rendered":"Esimerkkej\u00e4 toteutuksen rytmitystoiveen k\u00e4yt\u00f6st\u00e4"},"content":{"rendered":"\n<hr class=\"wp-block-separator has-css-opacity\"\/>\n\n\n\n<p>Jos kyseess\u00e4 on verkkokurssi, jossa pidet\u00e4\u00e4n tiettyin\u00e4 ajankohtina webinaareja, ilmoita my\u00f6s webinaarin ajankohdat. T\u00e4ll\u00f6in ne saadaan tehty\u00e4 tilattomina varauksina n\u00e4kym\u00e4\u00e4n opiskelijoille lukuj\u00e4rjestyksiss\u00e4 sek\u00e4 omassa kalenterissasi.<\/p>\n\n\n\n<p>Huom! Jos opiskelijan pit\u00e4\u00e4 ilmoittautua yhteen pienryhm\u00e4\u00e4n, ainoastaan Tuudo n\u00e4ytt\u00e4\u00e4 pelk\u00e4st\u00e4\u00e4n sen pienryhm\u00e4n varaukset, jolle opiskelija on ilmoittautunut. Pepin kalenteri ja lukkarikone n\u00e4ytt\u00e4v\u00e4t kaikkien pienryhmien varaukset, vaikka opiskelija on ilmoittautunut vain tiettyyn pienryhm\u00e4\u00e4n.<\/p>\n\n\n\n<p>Opiskelija voi piilottaa v\u00e4\u00e4rien pienryhmien varaukset lukkarikoneen ja Tuudon kalentereista, kun etsii haluamansa varaukset, klikkaa varausta ja klikkaa Piilota tapahtuma -painiketta. Pepin kalenterista ei voi poistaa eik\u00e4 piilottaa v\u00e4\u00e4rien pienryhmien varauksia. Jos Pepin varaukset on synkronoitu Outlookiin, voi opiskelija poistaa v\u00e4\u00e4rien pienryhmien varaukset sielt\u00e4 k\u00e4sin.<br><br>Jos opiskelija ei muista, mihin pienryhm\u00e4\u00e4n h\u00e4n on ilmoittautunut, h\u00e4n n\u00e4kee sen HOPSin <em>Ilmoittautumiset<\/em>-v\u00e4lilehdelt\u00e4, kun katsoo sivun alalaidasta Ilmoittautumiset-valikkoa. Opiskelijan on pakko pakko valita pienryhm\u00e4 ilmoittautuessaan.<\/p>\n\n\n\n<h2 class=\"wp-block-heading\">Esimerkki 1: Ajoitustoiveen teko yhteiselle hybridiryhm\u00e4lle ja erillisille kontakteille<\/h2>\n\n\n\n<p><iframe loading=\"lazy\" style=\"padding: 0px; border: 1px solid #464646;\" src=\"https:\/\/panopto.jamk.fi\/Panopto\/Pages\/Embed.aspx?id=a14cb48a-a8f4-4ffb-a0c0-ab9200b41520&amp;v=1\" allowfullscreen=\"allowfullscreen\" width=\"720\" height=\"405\" frameborder=\"0\"><\/iframe><\/p>\n\n\n\n<p>Esimerkkitoteutuksessa on ryhm\u00e4, jolla on yhteiset et\u00e4luennot. Kontakteja varten ryhm\u00e4 jaetaan kahtia Kuopion ja Jyv\u00e4skyl\u00e4n osallistujien kesken, ja opiskelija ilmoittautuu oman kaupunkinsa kontaktille. T\u00e4ll\u00f6in rytmitystoive tehd\u00e4\u00e4n yhdelle toteutukselle.<\/p>\n\n\n\n<ul class=\"wp-block-list\">\n<li>Tee ensiksi rytmitystoive, jonka nimi on hybridiluento, ja m\u00e4\u00e4rit\u00e4 siihen luentojen ajat ja kestot. Opiskelijat ilmoittautuvat suoraan t\u00e4h\u00e4n rytmitystoiveeseen, kun ilmoittautuvat opintojaksolle.<\/li>\n\n\n\n<li>T\u00e4m\u00e4n j\u00e4lkeen tee kaksi opetusryhm\u00e4\u00e4, joiden nimet ovat esimerkiksi Kontaktiryhm\u00e4 Kuopio ja Kontaktiryhm\u00e4 Jyv\u00e4skyl\u00e4.\n<ul class=\"wp-block-list\">\n<li>Valitse opetusryhm\u00e4n tyypiksi <em>Pienryhm\u00e4.<\/em><\/li>\n<\/ul>\n<\/li>\n\n\n\n<li>M\u00e4\u00e4rit\u00e4, ett\u00e4 opiskelija voi ilmoittautua vain toiseen n\u00e4ist\u00e4.<\/li>\n\n\n\n<li>Tee t\u00e4m\u00e4n j\u00e4lkeen kummallekin kontaktiryhm\u00e4lle oma rytmitystoive, jossa m\u00e4\u00e4rit\u00e4t ajat ja kestot.<\/li>\n<\/ul>\n\n\n\n<p>Opiskelija ilmoittautuu jommallekummalle kontaktiryhmist\u00e4 samalla kun ilmoittautuu opintojaksolle.<\/p>\n\n\n\n<h2 class=\"wp-block-heading\">Esimerkki 2: Ajoitustoiveen teko, jos on sama toteutus kolmelle eri ryhm\u00e4lle ja kontaktit ovat eri ryhmille eri aikaan<\/h2>\n\n\n\n<p><iframe loading=\"lazy\" style=\"padding: 0px; border: 1px solid #464646;\" src=\"https:\/\/panopto.jamk.fi\/Panopto\/Pages\/Embed.aspx?id=6b223e23-9f41-43f5-b654-ab9200b4cc20&amp;v=1\" allowfullscreen=\"allowfullscreen\" width=\"720\" height=\"405\" frameborder=\"0\"><\/iframe><\/p>\n\n\n\n<p>Helpointa on tehd\u00e4 oma toteutus kullekin ryhm\u00e4lle. Opiskelijan on helpompi ilmoittautua, jos kontaktit ovat kaikilla eri aikaan.<\/p>\n\n\n\n<h2 class=\"wp-block-heading\">Esimerkki 3: Ajoitustoiveen teko toteutukselle, jossa kontaktit on jaettu yhteisiin luentoihin ja kolmen pienryhm\u00e4n harkkoihin<\/h2>\n\n\n\n<p><iframe loading=\"lazy\" style=\"padding: 0px; border: 1px solid #464646;\" src=\"https:\/\/panopto.jamk.fi\/Panopto\/Pages\/Embed.aspx?id=157013d8-37bf-4dbb-9cf7-ab9200b53280&amp;v=1\" allowfullscreen=\"allowfullscreen\" width=\"720\" height=\"405\" frameborder=\"0\"><\/iframe><\/p>\n\n\n\n<ul class=\"wp-block-list\">\n<li>Tee rytmitystoive luennoille. Opiskelijat ilmoittautuvat suoraan t\u00e4h\u00e4n rytmitystoiveeseen, kun ilmoittautuvat opintojaksolle.<\/li>\n\n\n\n<li>T\u00e4m\u00e4n j\u00e4lkeen tee 3 opetusryhm\u00e4\u00e4, jotka ovat laboratorioty\u00f6skentely\u00e4.\n<ul class=\"wp-block-list\">\n<li>Valitse opetusryhm\u00e4n tyypiksi <em>Pienryhm\u00e4.<\/em> <\/li>\n<\/ul>\n<\/li>\n\n\n\n<li>Nime\u00e4 ja m\u00e4\u00e4rit\u00e4, moneenko opiskelija ilmoittautuu.<\/li>\n<\/ul>\n\n\n\n<h2 class=\"wp-block-heading\">Esimerkki 4. Ajoitustoiveen teko, jos toteutus on siten, ett\u00e4 kontaktit ovat lokakuussa 2h p\u00e4tkiss\u00e4 2x\/vko ja marraskuussa 3h p\u00e4tkiss\u00e4 1x\/vko<\/h2>\n\n\n\n<p><iframe loading=\"lazy\" style=\"padding: 0px; border: 1px solid #464646;\" src=\"https:\/\/panopto.jamk.fi\/Panopto\/Pages\/Embed.aspx?id=4bd8fe5d-a3cf-4097-b452-ab9200b5f706&amp;v=1\" allowfullscreen=\"allowfullscreen\" width=\"720\" height=\"405\" frameborder=\"0\"><\/iframe><\/p>\n\n\n\n<p>T\u00e4h\u00e4n on kaksi tapaa. 1. Joko kirjoitat toiveen sanallisesti ajoituskentt\u00e4\u00e4n. 2. Teet lokakuulle oman rytmitystoiveen 2h 2x vko, ajankohta lokakuu. Teet marraskuulle oman rytmitystoiveen 3h 1x vko, ajankohta marraskuu.<\/p>\n\n\n\n<h2 class=\"wp-block-heading\">Esimerkki 5. Ajoitustoiveen teko, jos kontaktit ovat etuk\u00e4teen m\u00e4\u00e4riteltyin\u00e4 p\u00e4ivin\u00e4 ja etuk\u00e4teen sovittuina kellonaikoina<\/h2>\n\n\n\n<p>Jos kontaktit ovat vain muutamina p\u00e4ivin\u00e4 ja kest\u00e4v\u00e4t esimerkiksi to &#8211; pe, helpointa on laittaa p\u00e4iv\u00e4t ja ajat rytmitystoiveesta sanallisesti.<\/p>\n\n\n\n<h2 class=\"wp-block-heading\">Esimerkki 6: Hallinnollisten ryhmien k\u00e4ytt\u00f6 rytmitys- ja tilatoiveissa sek\u00e4 lukkarin teossa<\/h2>\n\n\n\n<p>Saapumisryhm\u00e4 jaetaan lukkareiden tekoa varten kahteen hallinnolliseen ryhm\u00e4\u00e4n, esimerkiksi TLS19S1 jaetaan TLS19A- ja TLS19B-ryhmiin. Jos toteutus koskee kaikkia opiskelijoita, rytmitys- ja tilatoiveissa valitaan kummatkin hallinnolliset ryhm\u00e4t. Pelkk\u00e4 saapumisryhm\u00e4 ei riit\u00e4. Saapumisryhm\u00e4n voi my\u00f6s lis\u00e4t\u00e4 ryhm\u00e4\u00e4n mukaan, jos haluaa, ett\u00e4 opiskelija n\u00e4kee saapumisryhm\u00e4n lukuj\u00e4rjestyksen.<\/p>\n","protected":false},"excerpt":{"rendered":"<p>Jos kyseess\u00e4 on verkkokurssi, jossa pidet\u00e4\u00e4n tiettyin\u00e4 ajankohtina webinaareja, ilmoita my\u00f6s webinaarin ajankohdat. T\u00e4ll\u00f6in ne saadaan tehty\u00e4 tilattomina varauksina n\u00e4kym\u00e4\u00e4n opiskelijoille lukuj\u00e4rjestyksiss\u00e4 sek\u00e4 omassa kalenterissasi. Esimerkki 1: Ajoitustoiveen teko yhteiselle hybridiryhm\u00e4lle ja erillisille kontakteille Esimerkkitoteutuksessa on ryhm\u00e4, jolla on yhteiset et\u00e4luennot. Kontakteja varten ryhm\u00e4 jaetaan kahtia Kuopion ja Jyv\u00e4skyl\u00e4n osallistujien kesken, ja opiskelija ilmoittautuu oman [&hellip;]<\/p>\n","protected":false},"author":76,"featured_media":0,"parent":4540,"menu_order":0,"comment_status":"closed","ping_status":"open","template":"","meta":{"_acf_changed":false,"_relevanssi_hide_post":"","_relevanssi_hide_content":"","_relevanssi_pin_for_all":"","_relevanssi_pin_keywords":"","_relevanssi_unpin_keywords":"","_relevanssi_related_keywords":"","_relevanssi_related_include_ids":"","_relevanssi_related_exclude_ids":"","_relevanssi_related_no_append":"","_relevanssi_related_not_related":"","_relevanssi_related_posts":"","_relevanssi_noindex_reason":"","footnotes":""},"categories":[1],"tags":[],"class_list":["post-4606","page","type-page","status-publish","hentry","category-uncategorised"],"acf":[],"yoast_head":"<!-- This site is optimized with the Yoast SEO plugin v27.3 - https:\/\/yoast.com\/product\/yoast-seo-wordpress\/ -->\n<title>Esimerkkej\u00e4 toteutuksen rytmitystoiveen k\u00e4yt\u00f6st\u00e4 - Peppi-ohjeet henkil\u00f6kunnalle<\/title>\n<meta name=\"robots\" content=\"index, follow, max-snippet:-1, max-image-preview:large, max-video-preview:-1\" \/>\n<link rel=\"canonical\" href=\"https:\/\/help.jamk.fi\/peppi-ohjeet-henkilokunnalle\/fi\/opettajan-ohjeet\/toteutuksen-rytmitys-ja-tilatoiveet-opettajan-ohje\/esimerkkeja-toteutuksen-rytmitystoiveen-kaytosta\/\" \/>\n<meta property=\"og:locale\" content=\"fi_FI\" \/>\n<meta property=\"og:type\" content=\"article\" \/>\n<meta property=\"og:title\" content=\"Esimerkkej\u00e4 toteutuksen rytmitystoiveen k\u00e4yt\u00f6st\u00e4 - Peppi-ohjeet henkil\u00f6kunnalle\" \/>\n<meta property=\"og:description\" content=\"Jos kyseess\u00e4 on verkkokurssi, jossa pidet\u00e4\u00e4n tiettyin\u00e4 ajankohtina webinaareja, ilmoita my\u00f6s webinaarin ajankohdat. T\u00e4ll\u00f6in ne saadaan tehty\u00e4 tilattomina varauksina n\u00e4kym\u00e4\u00e4n opiskelijoille lukuj\u00e4rjestyksiss\u00e4 sek\u00e4 omassa kalenterissasi. Esimerkki 1: Ajoitustoiveen teko yhteiselle hybridiryhm\u00e4lle ja erillisille kontakteille Esimerkkitoteutuksessa on ryhm\u00e4, jolla on yhteiset et\u00e4luennot. Kontakteja varten ryhm\u00e4 jaetaan kahtia Kuopion ja Jyv\u00e4skyl\u00e4n osallistujien kesken, ja opiskelija ilmoittautuu oman [&hellip;]\" \/>\n<meta property=\"og:url\" content=\"https:\/\/help.jamk.fi\/peppi-ohjeet-henkilokunnalle\/fi\/opettajan-ohjeet\/toteutuksen-rytmitys-ja-tilatoiveet-opettajan-ohje\/esimerkkeja-toteutuksen-rytmitystoiveen-kaytosta\/\" \/>\n<meta property=\"og:site_name\" content=\"Peppi-ohjeet henkil\u00f6kunnalle\" \/>\n<meta property=\"article:modified_time\" content=\"2023-11-24T15:11:02+00:00\" \/>\n<meta name=\"twitter:card\" content=\"summary_large_image\" \/>\n<meta name=\"twitter:label1\" content=\"Arvioitu lukuaika\" \/>\n\t<meta name=\"twitter:data1\" content=\"3 minuuttia\" \/>\n<script type=\"application\/ld+json\" class=\"yoast-schema-graph\">{\"@context\":\"https:\\\/\\\/schema.org\",\"@graph\":[{\"@type\":\"WebPage\",\"@id\":\"https:\\\/\\\/help.jamk.fi\\\/peppi-ohjeet-henkilokunnalle\\\/fi\\\/opettajan-ohjeet\\\/toteutuksen-rytmitys-ja-tilatoiveet-opettajan-ohje\\\/esimerkkeja-toteutuksen-rytmitystoiveen-kaytosta\\\/\",\"url\":\"https:\\\/\\\/help.jamk.fi\\\/peppi-ohjeet-henkilokunnalle\\\/fi\\\/opettajan-ohjeet\\\/toteutuksen-rytmitys-ja-tilatoiveet-opettajan-ohje\\\/esimerkkeja-toteutuksen-rytmitystoiveen-kaytosta\\\/\",\"name\":\"Esimerkkej\u00e4 toteutuksen rytmitystoiveen k\u00e4yt\u00f6st\u00e4 - Peppi-ohjeet henkil\u00f6kunnalle\",\"isPartOf\":{\"@id\":\"https:\\\/\\\/help.jamk.fi\\\/peppi-ohjeet-henkilokunnalle\\\/#website\"},\"datePublished\":\"2020-04-03T07:23:07+00:00\",\"dateModified\":\"2023-11-24T15:11:02+00:00\",\"breadcrumb\":{\"@id\":\"https:\\\/\\\/help.jamk.fi\\\/peppi-ohjeet-henkilokunnalle\\\/fi\\\/opettajan-ohjeet\\\/toteutuksen-rytmitys-ja-tilatoiveet-opettajan-ohje\\\/esimerkkeja-toteutuksen-rytmitystoiveen-kaytosta\\\/#breadcrumb\"},\"inLanguage\":\"fi\",\"potentialAction\":[{\"@type\":\"ReadAction\",\"target\":[\"https:\\\/\\\/help.jamk.fi\\\/peppi-ohjeet-henkilokunnalle\\\/fi\\\/opettajan-ohjeet\\\/toteutuksen-rytmitys-ja-tilatoiveet-opettajan-ohje\\\/esimerkkeja-toteutuksen-rytmitystoiveen-kaytosta\\\/\"]}]},{\"@type\":\"BreadcrumbList\",\"@id\":\"https:\\\/\\\/help.jamk.fi\\\/peppi-ohjeet-henkilokunnalle\\\/fi\\\/opettajan-ohjeet\\\/toteutuksen-rytmitys-ja-tilatoiveet-opettajan-ohje\\\/esimerkkeja-toteutuksen-rytmitystoiveen-kaytosta\\\/#breadcrumb\",\"itemListElement\":[{\"@type\":\"ListItem\",\"position\":1,\"name\":\"Home\",\"item\":\"https:\\\/\\\/help.jamk.fi\\\/peppi-ohjeet-henkilokunnalle\\\/en\\\/\"},{\"@type\":\"ListItem\",\"position\":2,\"name\":\"Opettajan ohjeet\",\"item\":\"https:\\\/\\\/help.jamk.fi\\\/peppi-ohjeet-henkilokunnalle\\\/fi\\\/opettajan-ohjeet\\\/\"},{\"@type\":\"ListItem\",\"position\":3,\"name\":\"Toteutuksen rytmitys- ja tilatarpeet sek\u00e4 opetusryhm\u00e4t\",\"item\":\"https:\\\/\\\/help.jamk.fi\\\/peppi-ohjeet-henkilokunnalle\\\/fi\\\/opettajan-ohjeet\\\/toteutuksen-rytmitys-ja-tilatoiveet-opettajan-ohje\\\/\"},{\"@type\":\"ListItem\",\"position\":4,\"name\":\"Esimerkkej\u00e4 toteutuksen rytmitystoiveen k\u00e4yt\u00f6st\u00e4\"}]},{\"@type\":\"WebSite\",\"@id\":\"https:\\\/\\\/help.jamk.fi\\\/peppi-ohjeet-henkilokunnalle\\\/#website\",\"url\":\"https:\\\/\\\/help.jamk.fi\\\/peppi-ohjeet-henkilokunnalle\\\/\",\"name\":\"Peppi-ohjeet henkil\u00f6kunnalle\",\"description\":\"\",\"potentialAction\":[{\"@type\":\"SearchAction\",\"target\":{\"@type\":\"EntryPoint\",\"urlTemplate\":\"https:\\\/\\\/help.jamk.fi\\\/peppi-ohjeet-henkilokunnalle\\\/?s={search_term_string}\"},\"query-input\":{\"@type\":\"PropertyValueSpecification\",\"valueRequired\":true,\"valueName\":\"search_term_string\"}}],\"inLanguage\":\"fi\"}]}<\/script>\n<!-- \/ Yoast SEO plugin. -->","yoast_head_json":{"title":"Esimerkkej\u00e4 toteutuksen rytmitystoiveen k\u00e4yt\u00f6st\u00e4 - Peppi-ohjeet henkil\u00f6kunnalle","robots":{"index":"index","follow":"follow","max-snippet":"max-snippet:-1","max-image-preview":"max-image-preview:large","max-video-preview":"max-video-preview:-1"},"canonical":"https:\/\/help.jamk.fi\/peppi-ohjeet-henkilokunnalle\/fi\/opettajan-ohjeet\/toteutuksen-rytmitys-ja-tilatoiveet-opettajan-ohje\/esimerkkeja-toteutuksen-rytmitystoiveen-kaytosta\/","og_locale":"fi_FI","og_type":"article","og_title":"Esimerkkej\u00e4 toteutuksen rytmitystoiveen k\u00e4yt\u00f6st\u00e4 - Peppi-ohjeet henkil\u00f6kunnalle","og_description":"Jos kyseess\u00e4 on verkkokurssi, jossa pidet\u00e4\u00e4n tiettyin\u00e4 ajankohtina webinaareja, ilmoita my\u00f6s webinaarin ajankohdat. T\u00e4ll\u00f6in ne saadaan tehty\u00e4 tilattomina varauksina n\u00e4kym\u00e4\u00e4n opiskelijoille lukuj\u00e4rjestyksiss\u00e4 sek\u00e4 omassa kalenterissasi. Esimerkki 1: Ajoitustoiveen teko yhteiselle hybridiryhm\u00e4lle ja erillisille kontakteille Esimerkkitoteutuksessa on ryhm\u00e4, jolla on yhteiset et\u00e4luennot. Kontakteja varten ryhm\u00e4 jaetaan kahtia Kuopion ja Jyv\u00e4skyl\u00e4n osallistujien kesken, ja opiskelija ilmoittautuu oman [&hellip;]","og_url":"https:\/\/help.jamk.fi\/peppi-ohjeet-henkilokunnalle\/fi\/opettajan-ohjeet\/toteutuksen-rytmitys-ja-tilatoiveet-opettajan-ohje\/esimerkkeja-toteutuksen-rytmitystoiveen-kaytosta\/","og_site_name":"Peppi-ohjeet henkil\u00f6kunnalle","article_modified_time":"2023-11-24T15:11:02+00:00","twitter_card":"summary_large_image","twitter_misc":{"Arvioitu lukuaika":"3 minuuttia"},"schema":{"@context":"https:\/\/schema.org","@graph":[{"@type":"WebPage","@id":"https:\/\/help.jamk.fi\/peppi-ohjeet-henkilokunnalle\/fi\/opettajan-ohjeet\/toteutuksen-rytmitys-ja-tilatoiveet-opettajan-ohje\/esimerkkeja-toteutuksen-rytmitystoiveen-kaytosta\/","url":"https:\/\/help.jamk.fi\/peppi-ohjeet-henkilokunnalle\/fi\/opettajan-ohjeet\/toteutuksen-rytmitys-ja-tilatoiveet-opettajan-ohje\/esimerkkeja-toteutuksen-rytmitystoiveen-kaytosta\/","name":"Esimerkkej\u00e4 toteutuksen rytmitystoiveen k\u00e4yt\u00f6st\u00e4 - Peppi-ohjeet henkil\u00f6kunnalle","isPartOf":{"@id":"https:\/\/help.jamk.fi\/peppi-ohjeet-henkilokunnalle\/#website"},"datePublished":"2020-04-03T07:23:07+00:00","dateModified":"2023-11-24T15:11:02+00:00","breadcrumb":{"@id":"https:\/\/help.jamk.fi\/peppi-ohjeet-henkilokunnalle\/fi\/opettajan-ohjeet\/toteutuksen-rytmitys-ja-tilatoiveet-opettajan-ohje\/esimerkkeja-toteutuksen-rytmitystoiveen-kaytosta\/#breadcrumb"},"inLanguage":"fi","potentialAction":[{"@type":"ReadAction","target":["https:\/\/help.jamk.fi\/peppi-ohjeet-henkilokunnalle\/fi\/opettajan-ohjeet\/toteutuksen-rytmitys-ja-tilatoiveet-opettajan-ohje\/esimerkkeja-toteutuksen-rytmitystoiveen-kaytosta\/"]}]},{"@type":"BreadcrumbList","@id":"https:\/\/help.jamk.fi\/peppi-ohjeet-henkilokunnalle\/fi\/opettajan-ohjeet\/toteutuksen-rytmitys-ja-tilatoiveet-opettajan-ohje\/esimerkkeja-toteutuksen-rytmitystoiveen-kaytosta\/#breadcrumb","itemListElement":[{"@type":"ListItem","position":1,"name":"Home","item":"https:\/\/help.jamk.fi\/peppi-ohjeet-henkilokunnalle\/en\/"},{"@type":"ListItem","position":2,"name":"Opettajan ohjeet","item":"https:\/\/help.jamk.fi\/peppi-ohjeet-henkilokunnalle\/fi\/opettajan-ohjeet\/"},{"@type":"ListItem","position":3,"name":"Toteutuksen rytmitys- ja tilatarpeet sek\u00e4 opetusryhm\u00e4t","item":"https:\/\/help.jamk.fi\/peppi-ohjeet-henkilokunnalle\/fi\/opettajan-ohjeet\/toteutuksen-rytmitys-ja-tilatoiveet-opettajan-ohje\/"},{"@type":"ListItem","position":4,"name":"Esimerkkej\u00e4 toteutuksen rytmitystoiveen k\u00e4yt\u00f6st\u00e4"}]},{"@type":"WebSite","@id":"https:\/\/help.jamk.fi\/peppi-ohjeet-henkilokunnalle\/#website","url":"https:\/\/help.jamk.fi\/peppi-ohjeet-henkilokunnalle\/","name":"Peppi-ohjeet henkil\u00f6kunnalle","description":"","potentialAction":[{"@type":"SearchAction","target":{"@type":"EntryPoint","urlTemplate":"https:\/\/help.jamk.fi\/peppi-ohjeet-henkilokunnalle\/?s={search_term_string}"},"query-input":{"@type":"PropertyValueSpecification","valueRequired":true,"valueName":"search_term_string"}}],"inLanguage":"fi"}]}},"_links":{"self":[{"href":"https:\/\/help.jamk.fi\/peppi-ohjeet-henkilokunnalle\/wp-json\/wp\/v2\/pages\/4606","targetHints":{"allow":["GET"]}}],"collection":[{"href":"https:\/\/help.jamk.fi\/peppi-ohjeet-henkilokunnalle\/wp-json\/wp\/v2\/pages"}],"about":[{"href":"https:\/\/help.jamk.fi\/peppi-ohjeet-henkilokunnalle\/wp-json\/wp\/v2\/types\/page"}],"author":[{"embeddable":true,"href":"https:\/\/help.jamk.fi\/peppi-ohjeet-henkilokunnalle\/wp-json\/wp\/v2\/users\/76"}],"replies":[{"embeddable":true,"href":"https:\/\/help.jamk.fi\/peppi-ohjeet-henkilokunnalle\/wp-json\/wp\/v2\/comments?post=4606"}],"version-history":[{"count":2,"href":"https:\/\/help.jamk.fi\/peppi-ohjeet-henkilokunnalle\/wp-json\/wp\/v2\/pages\/4606\/revisions"}],"predecessor-version":[{"id":5677,"href":"https:\/\/help.jamk.fi\/peppi-ohjeet-henkilokunnalle\/wp-json\/wp\/v2\/pages\/4606\/revisions\/5677"}],"up":[{"embeddable":true,"href":"https:\/\/help.jamk.fi\/peppi-ohjeet-henkilokunnalle\/wp-json\/wp\/v2\/pages\/4540"}],"wp:attachment":[{"href":"https:\/\/help.jamk.fi\/peppi-ohjeet-henkilokunnalle\/wp-json\/wp\/v2\/media?parent=4606"}],"wp:term":[{"taxonomy":"category","embeddable":true,"href":"https:\/\/help.jamk.fi\/peppi-ohjeet-henkilokunnalle\/wp-json\/wp\/v2\/categories?post=4606"},{"taxonomy":"post_tag","embeddable":true,"href":"https:\/\/help.jamk.fi\/peppi-ohjeet-henkilokunnalle\/wp-json\/wp\/v2\/tags?post=4606"}],"curies":[{"name":"wp","href":"https:\/\/api.w.org\/{rel}","templated":true}]}}