{"id":4607,"date":"2020-04-06T11:35:11","date_gmt":"2020-04-06T08:35:11","guid":{"rendered":"https:\/\/help.jamk.fi\/peppi-ohjeet-henkilokunnalle\/opettajan-ohjeet\/ilmoittautumiset-ja-arviointi\/"},"modified":"2025-06-23T11:15:10","modified_gmt":"2025-06-23T08:15:10","slug":"ilmoittautumiset-ja-arviointi","status":"publish","type":"page","link":"https:\/\/help.jamk.fi\/peppi-ohjeet-henkilokunnalle\/fi\/opettajan-ohjeet\/ilmoittautumiset-ja-arviointi\/","title":{"rendered":"Ilmoittautumiset ja arviointi"},"content":{"rendered":"\n<p>Toteutuksien ja opintojaksojen ilmoittautumisia k\u00e4sitell\u00e4\u00e4n opettajan -ty\u00f6p\u00f6yd\u00e4ll\u00e4 yl\u00e4navigaation Toteutukset -otsikon alta ilmoittautumiset. Toteutuksien ja opintojaksojen arvioinnit tehd\u00e4\u00e4n opettajan -ty\u00f6p\u00f6yd\u00e4ll\u00e4 yl\u00e4navigaation Arviointi -otsikon alta toteutuksen arviointi tai opintojaksojen arviointi.<\/p>\n\n\n\n<h2 class=\"wp-block-heading\">Ilmoittautumiset<\/h2>\n\n\n\n<p>Ilmoittautumispalvelussa opettaja hyv\u00e4ksyy tai hylk\u00e4\u00e4 opiskelijoiden ilmoittautumiset toteutuksille. Opettaja voi my\u00f6s lis\u00e4t\u00e4 opiskelijoita toteutukselle, mik\u00e4li opiskelija ei ole itse ilmoittautunut.<\/p>\n\n\n\n<p>Jamkissa on k\u00e4yt\u00f6ss\u00e4 yhteisesti sovitut ilmoittautumisajat, jotka \u00a0l\u00f6ytyv\u00e4t <a href=\"https:\/\/www.jamk.fi\/fi\/opiskelijalle\/tutkinto-opiskelija\/lukuvuoden-aikataulut\">opinto-oppaasta<\/a>.<\/p>\n\n\n\n<p>Tarkemmat ohjeet l\u00f6ytyv\u00e4t <a href=\"https:\/\/help.jamk.fi\/peppi-ohjeet-henkilokunnalle\/fi\/opettajan-ohjeet\/ilmoittautumiset-ja-arviointi\/ilmoittautumiset\/\">ilmoittautumispalvelun ohjeista<\/a><\/p>\n\n\n\n<h2 class=\"wp-block-heading\">Toteutusten arviointi<\/h2>\n\n\n\n<p>Opettaja arvioi opintojakson toteutusten suoritukset. Arviointia voi muokata opiskelijakohtaisesti esim. nimi, laajuus, toteutuksenosat. Opintopistem\u00e4\u00e4r\u00e4\u00e4 ei saa muuttaa arvioinnin j\u00e4lkeen. Jos opiskelijalla tulee arvioinnin j\u00e4lkeen aiheeseen lis\u00e4pistesuorituksia, ne arvioidaan uudelleen eri opintojaksolle\/toteutukselle. Niit\u00e4 ei lis\u00e4t\u00e4\/muokata jo kertaalleen arvioituun suoritukseen.<\/p>\n\n\n\n<p>Tarkemmat ohjeet l\u00f6ytyv\u00e4t <a href=\"https:\/\/help.jamk.fi\/peppi-ohjeet-henkilokunnalle\/fi\/opettajan-ohjeet\/ilmoittautumiset-ja-arviointi\/toteutuksen-arviointi\/\">toteutuksen arvioinnin ohjeista.<\/a><\/p>\n","protected":false},"excerpt":{"rendered":"<p>Toteutuksien ja opintojaksojen ilmoittautumisia k\u00e4sitell\u00e4\u00e4n opettajan -ty\u00f6p\u00f6yd\u00e4ll\u00e4 yl\u00e4navigaation Toteutukset -otsikon alta ilmoittautumiset. Toteutuksien ja opintojaksojen arvioinnit tehd\u00e4\u00e4n opettajan -ty\u00f6p\u00f6yd\u00e4ll\u00e4 yl\u00e4navigaation Arviointi -otsikon alta toteutuksen arviointi tai opintojaksojen arviointi. Ilmoittautumiset Ilmoittautumispalvelussa opettaja hyv\u00e4ksyy tai hylk\u00e4\u00e4 opiskelijoiden ilmoittautumiset toteutuksille. Opettaja voi my\u00f6s lis\u00e4t\u00e4 opiskelijoita toteutukselle, mik\u00e4li opiskelija ei ole itse ilmoittautunut. Jamkissa on k\u00e4yt\u00f6ss\u00e4 yhteisesti sovitut ilmoittautumisajat, [&hellip;]<\/p>\n","protected":false},"author":77,"featured_media":0,"parent":4552,"menu_order":16,"comment_status":"closed","ping_status":"open","template":"","meta":{"_acf_changed":false,"_relevanssi_hide_post":"","_relevanssi_hide_content":"","_relevanssi_pin_for_all":"","_relevanssi_pin_keywords":"","_relevanssi_unpin_keywords":"","_relevanssi_related_keywords":"","_relevanssi_related_include_ids":"","_relevanssi_related_exclude_ids":"","_relevanssi_related_no_append":"","_relevanssi_related_not_related":"","_relevanssi_related_posts":"","_relevanssi_noindex_reason":"","footnotes":""},"categories":[10],"tags":[],"class_list":["post-4607","page","type-page","status-publish","hentry","category-opettajan-tyopoyta"],"acf":[],"yoast_head":"<!-- This site is optimized with the Yoast SEO plugin v27.4 - https:\/\/yoast.com\/product\/yoast-seo-wordpress\/ -->\n<title>Ilmoittautumiset ja arviointi - Peppi-ohjeet henkil\u00f6kunnalle<\/title>\n<meta name=\"robots\" content=\"index, follow, max-snippet:-1, max-image-preview:large, max-video-preview:-1\" \/>\n<link rel=\"canonical\" href=\"https:\/\/help.jamk.fi\/peppi-ohjeet-henkilokunnalle\/fi\/opettajan-ohjeet\/ilmoittautumiset-ja-arviointi\/\" \/>\n<meta property=\"og:locale\" content=\"fi_FI\" \/>\n<meta property=\"og:type\" content=\"article\" \/>\n<meta property=\"og:title\" content=\"Ilmoittautumiset ja arviointi - Peppi-ohjeet henkil\u00f6kunnalle\" \/>\n<meta property=\"og:description\" content=\"Toteutuksien ja opintojaksojen ilmoittautumisia k\u00e4sitell\u00e4\u00e4n opettajan -ty\u00f6p\u00f6yd\u00e4ll\u00e4 yl\u00e4navigaation Toteutukset -otsikon alta ilmoittautumiset. Toteutuksien ja opintojaksojen arvioinnit tehd\u00e4\u00e4n opettajan -ty\u00f6p\u00f6yd\u00e4ll\u00e4 yl\u00e4navigaation Arviointi -otsikon alta toteutuksen arviointi tai opintojaksojen arviointi. Ilmoittautumiset Ilmoittautumispalvelussa opettaja hyv\u00e4ksyy tai hylk\u00e4\u00e4 opiskelijoiden ilmoittautumiset toteutuksille. Opettaja voi my\u00f6s lis\u00e4t\u00e4 opiskelijoita toteutukselle, mik\u00e4li opiskelija ei ole itse ilmoittautunut. Jamkissa on k\u00e4yt\u00f6ss\u00e4 yhteisesti sovitut ilmoittautumisajat, [&hellip;]\" \/>\n<meta property=\"og:url\" content=\"https:\/\/help.jamk.fi\/peppi-ohjeet-henkilokunnalle\/fi\/opettajan-ohjeet\/ilmoittautumiset-ja-arviointi\/\" \/>\n<meta property=\"og:site_name\" content=\"Peppi-ohjeet henkil\u00f6kunnalle\" \/>\n<meta property=\"article:modified_time\" content=\"2025-06-23T08:15:10+00:00\" \/>\n<meta name=\"twitter:card\" content=\"summary_large_image\" \/>\n<meta name=\"twitter:label1\" content=\"Arvioitu lukuaika\" \/>\n\t<meta name=\"twitter:data1\" content=\"1 minuutti\" \/>\n<script type=\"application\/ld+json\" class=\"yoast-schema-graph\">{\"@context\":\"https:\\\/\\\/schema.org\",\"@graph\":[{\"@type\":\"WebPage\",\"@id\":\"https:\\\/\\\/help.jamk.fi\\\/peppi-ohjeet-henkilokunnalle\\\/fi\\\/opettajan-ohjeet\\\/ilmoittautumiset-ja-arviointi\\\/\",\"url\":\"https:\\\/\\\/help.jamk.fi\\\/peppi-ohjeet-henkilokunnalle\\\/fi\\\/opettajan-ohjeet\\\/ilmoittautumiset-ja-arviointi\\\/\",\"name\":\"Ilmoittautumiset ja arviointi - Peppi-ohjeet henkil\u00f6kunnalle\",\"isPartOf\":{\"@id\":\"https:\\\/\\\/help.jamk.fi\\\/peppi-ohjeet-henkilokunnalle\\\/#website\"},\"datePublished\":\"2020-04-06T08:35:11+00:00\",\"dateModified\":\"2025-06-23T08:15:10+00:00\",\"breadcrumb\":{\"@id\":\"https:\\\/\\\/help.jamk.fi\\\/peppi-ohjeet-henkilokunnalle\\\/fi\\\/opettajan-ohjeet\\\/ilmoittautumiset-ja-arviointi\\\/#breadcrumb\"},\"inLanguage\":\"fi\",\"potentialAction\":[{\"@type\":\"ReadAction\",\"target\":[\"https:\\\/\\\/help.jamk.fi\\\/peppi-ohjeet-henkilokunnalle\\\/fi\\\/opettajan-ohjeet\\\/ilmoittautumiset-ja-arviointi\\\/\"]}]},{\"@type\":\"BreadcrumbList\",\"@id\":\"https:\\\/\\\/help.jamk.fi\\\/peppi-ohjeet-henkilokunnalle\\\/fi\\\/opettajan-ohjeet\\\/ilmoittautumiset-ja-arviointi\\\/#breadcrumb\",\"itemListElement\":[{\"@type\":\"ListItem\",\"position\":1,\"name\":\"Home\",\"item\":\"https:\\\/\\\/help.jamk.fi\\\/peppi-ohjeet-henkilokunnalle\\\/en\\\/\"},{\"@type\":\"ListItem\",\"position\":2,\"name\":\"Opettajan ohjeet\",\"item\":\"https:\\\/\\\/help.jamk.fi\\\/peppi-ohjeet-henkilokunnalle\\\/fi\\\/opettajan-ohjeet\\\/\"},{\"@type\":\"ListItem\",\"position\":3,\"name\":\"Ilmoittautumiset ja arviointi\"}]},{\"@type\":\"WebSite\",\"@id\":\"https:\\\/\\\/help.jamk.fi\\\/peppi-ohjeet-henkilokunnalle\\\/#website\",\"url\":\"https:\\\/\\\/help.jamk.fi\\\/peppi-ohjeet-henkilokunnalle\\\/\",\"name\":\"Peppi-ohjeet henkil\u00f6kunnalle\",\"description\":\"\",\"potentialAction\":[{\"@type\":\"SearchAction\",\"target\":{\"@type\":\"EntryPoint\",\"urlTemplate\":\"https:\\\/\\\/help.jamk.fi\\\/peppi-ohjeet-henkilokunnalle\\\/?s={search_term_string}\"},\"query-input\":{\"@type\":\"PropertyValueSpecification\",\"valueRequired\":true,\"valueName\":\"search_term_string\"}}],\"inLanguage\":\"fi\"}]}<\/script>\n<!-- \/ Yoast SEO plugin. -->","yoast_head_json":{"title":"Ilmoittautumiset ja arviointi - Peppi-ohjeet henkil\u00f6kunnalle","robots":{"index":"index","follow":"follow","max-snippet":"max-snippet:-1","max-image-preview":"max-image-preview:large","max-video-preview":"max-video-preview:-1"},"canonical":"https:\/\/help.jamk.fi\/peppi-ohjeet-henkilokunnalle\/fi\/opettajan-ohjeet\/ilmoittautumiset-ja-arviointi\/","og_locale":"fi_FI","og_type":"article","og_title":"Ilmoittautumiset ja arviointi - Peppi-ohjeet henkil\u00f6kunnalle","og_description":"Toteutuksien ja opintojaksojen ilmoittautumisia k\u00e4sitell\u00e4\u00e4n opettajan -ty\u00f6p\u00f6yd\u00e4ll\u00e4 yl\u00e4navigaation Toteutukset -otsikon alta ilmoittautumiset. Toteutuksien ja opintojaksojen arvioinnit tehd\u00e4\u00e4n opettajan -ty\u00f6p\u00f6yd\u00e4ll\u00e4 yl\u00e4navigaation Arviointi -otsikon alta toteutuksen arviointi tai opintojaksojen arviointi. Ilmoittautumiset Ilmoittautumispalvelussa opettaja hyv\u00e4ksyy tai hylk\u00e4\u00e4 opiskelijoiden ilmoittautumiset toteutuksille. Opettaja voi my\u00f6s lis\u00e4t\u00e4 opiskelijoita toteutukselle, mik\u00e4li opiskelija ei ole itse ilmoittautunut. Jamkissa on k\u00e4yt\u00f6ss\u00e4 yhteisesti sovitut ilmoittautumisajat, [&hellip;]","og_url":"https:\/\/help.jamk.fi\/peppi-ohjeet-henkilokunnalle\/fi\/opettajan-ohjeet\/ilmoittautumiset-ja-arviointi\/","og_site_name":"Peppi-ohjeet henkil\u00f6kunnalle","article_modified_time":"2025-06-23T08:15:10+00:00","twitter_card":"summary_large_image","twitter_misc":{"Arvioitu lukuaika":"1 minuutti"},"schema":{"@context":"https:\/\/schema.org","@graph":[{"@type":"WebPage","@id":"https:\/\/help.jamk.fi\/peppi-ohjeet-henkilokunnalle\/fi\/opettajan-ohjeet\/ilmoittautumiset-ja-arviointi\/","url":"https:\/\/help.jamk.fi\/peppi-ohjeet-henkilokunnalle\/fi\/opettajan-ohjeet\/ilmoittautumiset-ja-arviointi\/","name":"Ilmoittautumiset ja arviointi - Peppi-ohjeet henkil\u00f6kunnalle","isPartOf":{"@id":"https:\/\/help.jamk.fi\/peppi-ohjeet-henkilokunnalle\/#website"},"datePublished":"2020-04-06T08:35:11+00:00","dateModified":"2025-06-23T08:15:10+00:00","breadcrumb":{"@id":"https:\/\/help.jamk.fi\/peppi-ohjeet-henkilokunnalle\/fi\/opettajan-ohjeet\/ilmoittautumiset-ja-arviointi\/#breadcrumb"},"inLanguage":"fi","potentialAction":[{"@type":"ReadAction","target":["https:\/\/help.jamk.fi\/peppi-ohjeet-henkilokunnalle\/fi\/opettajan-ohjeet\/ilmoittautumiset-ja-arviointi\/"]}]},{"@type":"BreadcrumbList","@id":"https:\/\/help.jamk.fi\/peppi-ohjeet-henkilokunnalle\/fi\/opettajan-ohjeet\/ilmoittautumiset-ja-arviointi\/#breadcrumb","itemListElement":[{"@type":"ListItem","position":1,"name":"Home","item":"https:\/\/help.jamk.fi\/peppi-ohjeet-henkilokunnalle\/en\/"},{"@type":"ListItem","position":2,"name":"Opettajan ohjeet","item":"https:\/\/help.jamk.fi\/peppi-ohjeet-henkilokunnalle\/fi\/opettajan-ohjeet\/"},{"@type":"ListItem","position":3,"name":"Ilmoittautumiset ja arviointi"}]},{"@type":"WebSite","@id":"https:\/\/help.jamk.fi\/peppi-ohjeet-henkilokunnalle\/#website","url":"https:\/\/help.jamk.fi\/peppi-ohjeet-henkilokunnalle\/","name":"Peppi-ohjeet henkil\u00f6kunnalle","description":"","potentialAction":[{"@type":"SearchAction","target":{"@type":"EntryPoint","urlTemplate":"https:\/\/help.jamk.fi\/peppi-ohjeet-henkilokunnalle\/?s={search_term_string}"},"query-input":{"@type":"PropertyValueSpecification","valueRequired":true,"valueName":"search_term_string"}}],"inLanguage":"fi"}]}},"_links":{"self":[{"href":"https:\/\/help.jamk.fi\/peppi-ohjeet-henkilokunnalle\/wp-json\/wp\/v2\/pages\/4607","targetHints":{"allow":["GET"]}}],"collection":[{"href":"https:\/\/help.jamk.fi\/peppi-ohjeet-henkilokunnalle\/wp-json\/wp\/v2\/pages"}],"about":[{"href":"https:\/\/help.jamk.fi\/peppi-ohjeet-henkilokunnalle\/wp-json\/wp\/v2\/types\/page"}],"author":[{"embeddable":true,"href":"https:\/\/help.jamk.fi\/peppi-ohjeet-henkilokunnalle\/wp-json\/wp\/v2\/users\/77"}],"replies":[{"embeddable":true,"href":"https:\/\/help.jamk.fi\/peppi-ohjeet-henkilokunnalle\/wp-json\/wp\/v2\/comments?post=4607"}],"version-history":[{"count":5,"href":"https:\/\/help.jamk.fi\/peppi-ohjeet-henkilokunnalle\/wp-json\/wp\/v2\/pages\/4607\/revisions"}],"predecessor-version":[{"id":7605,"href":"https:\/\/help.jamk.fi\/peppi-ohjeet-henkilokunnalle\/wp-json\/wp\/v2\/pages\/4607\/revisions\/7605"}],"up":[{"embeddable":true,"href":"https:\/\/help.jamk.fi\/peppi-ohjeet-henkilokunnalle\/wp-json\/wp\/v2\/pages\/4552"}],"wp:attachment":[{"href":"https:\/\/help.jamk.fi\/peppi-ohjeet-henkilokunnalle\/wp-json\/wp\/v2\/media?parent=4607"}],"wp:term":[{"taxonomy":"category","embeddable":true,"href":"https:\/\/help.jamk.fi\/peppi-ohjeet-henkilokunnalle\/wp-json\/wp\/v2\/categories?post=4607"},{"taxonomy":"post_tag","embeddable":true,"href":"https:\/\/help.jamk.fi\/peppi-ohjeet-henkilokunnalle\/wp-json\/wp\/v2\/tags?post=4607"}],"curies":[{"name":"wp","href":"https:\/\/api.w.org\/{rel}","templated":true}]}}