{"id":4611,"date":"2020-04-09T05:04:48","date_gmt":"2020-04-09T02:04:48","guid":{"rendered":"https:\/\/help.jamk.fi\/peppi-ohjeet-henkilokunnalle\/resurssien-suunnittelu-ja-varaus\/lukujarjestysten-teko\/lukujarjestysvarausten-tekeminen\/"},"modified":"2025-02-18T14:57:34","modified_gmt":"2025-02-18T12:57:34","slug":"lukujarjestysvarausten-tekeminen","status":"publish","type":"page","link":"https:\/\/help.jamk.fi\/peppi-ohjeet-henkilokunnalle\/fi\/resurssien-suunnittelu-ja-varaus\/lukujarjestysten-teko\/lukujarjestysvarausten-tekeminen\/","title":{"rendered":"Lukuj\u00e4rjestysvarausten tekeminen"},"content":{"rendered":"\n<h2 class=\"wp-block-heading\">Pienryhm\u00e4varaukset<\/h2>\n\n\n\n<p>Pienryhm\u00e4varauksissa lis\u00e4\u00e4 kaikkiin varauksiin toteutuksen varsinainen ryhm\u00e4. T\u00e4ll\u00f6in jos haluat katsoa koko ryhm\u00e4n lukuj\u00e4rjestyst\u00e4, n\u00e4et samassa n\u00e4kym\u00e4ss\u00e4 eri pienryhmien varaukset ja ryhm\u00e4n varausten muokkaaminen on helpompaa. Pienryhmi\u00e4 ei tarvitse, jos varaus koskee kaikkia ilmoittautuneita.<\/p>\n\n\n\n<p>Huom! Jos opiskelijan pit\u00e4\u00e4 ilmoittautua yhteen pienryhm\u00e4\u00e4n, ainoastaan Tuudo n\u00e4ytt\u00e4\u00e4 pelk\u00e4st\u00e4\u00e4n sen pienryhm\u00e4n varaukset, jolle opiskelija on ilmoittautunut. Pepin kalenteri ja lukkarikone n\u00e4ytt\u00e4v\u00e4t kaikkien pienryhmien varaukset, vaikka opiskelija on ilmoittautunut vain tiettyyn pienryhm\u00e4\u00e4n.<\/p>\n\n\n\n<p>Opiskelija voi piilottaa v\u00e4\u00e4rien pienryhmien varaukset lukkarikoneen ja Tuudon kalentereista, kun etsii haluamansa varaukset, klikkaa varausta ja klikkaa Piilota tapahtuma -painiketta. Pepin kalenterista ei voi poistaa eik\u00e4 piilottaa v\u00e4\u00e4rien pienryhmien varauksia. Jos Pepin varaukset on synkronoitu Outlookiin, voi opiskelija poistaa v\u00e4\u00e4rien pienryhmien varaukset sielt\u00e4 k\u00e4sin.<br><br>Jos opiskelija ei muista, mihin pienryhm\u00e4\u00e4n h\u00e4n on ilmoittautunut, h\u00e4n n\u00e4kee sen HOPSin <em>Ilmoittautumiset<\/em>-v\u00e4lilehdelt\u00e4, kun katsoo sivun alalaidasta Ilmoittautumiset-valikkoa. Opiskelijan on pakko pakko valita pienryhm\u00e4 ilmoittautuessaan.<\/p>\n\n\n\n<p>Huom! Opiskelija n\u00e4kee toteutuksen lukuj\u00e4rjestyksen ennen kuin h\u00e4net on hyv\u00e4ksytty toteutukselle.<\/p>\n\n\n\n<p>Note! Student can see the schedule of implementation although you haven\u00b4t accepted the enrollemnt.<\/p>\n\n\n\n<h2 class=\"wp-block-heading\">Ulkopuolinen tila -varauksen tekeminen<\/h2>\n\n\n\n<ul class=\"wp-block-list\">\n<li>Kirjoita <em>Aihe<\/em>-kentt\u00e4\u00e4n, miss\u00e4 opetus pidet\u00e4\u00e4n. Se voi olla fyysinen tila jossain muualla tai verkko-oppimisymp\u00e4rist\u00f6.\n<ul class=\"wp-block-list\">\n<li>Jos opetus on verkossa, voit toimia t\u00e4llaisilla tavoilla:\n<ul class=\"wp-block-list\">\n<li>Kirjoita <em>Aihe<\/em>-kentt\u00e4\u00e4n, miss\u00e4 opetus on. Pepiss\u00e4 n\u00e4kyy t\u00e4ll\u00f6in tilana t\u00e4h\u00e4n kohtaan kirjoittamasi paikka. Lis\u00e4\u00e4 <em>Karttalinkki tai muu www-osoite<\/em> -kentt\u00e4\u00e4n linkki. Jotta linkki n\u00e4kyy Tuudossa, lis\u00e4\u00e4 linkki my\u00f6s Lis\u00e4tiedot-kentt\u00e4\u00e4n.<\/li>\n\n\n\n<li>Jos j\u00e4t\u00e4t <em>Aihe<\/em>-kent\u00e4n tyhj\u00e4ksi ja laitat linkin vain <em>Karttalinkki tai muu www-osoite<\/em> -kentt\u00e4\u00e4n, linkki n\u00e4kyy suoraan painikkeena Tuudossa. Pepin kalenterissa ei n\u00e4y suoraan tilatietoa eik\u00e4 linkki\u00e4, mutta varausta klikkaamalla saat linkin.<\/li>\n<\/ul>\n<\/li>\n<\/ul>\n<\/li>\n\n\n\n<li>Kopioi <em>Karttalinkki tai muu www-osoite<\/em> -kentt\u00e4\u00e4n esimerkiksi Zoom-linkki. Tarkista kopioimasi linkki, jottei siin\u00e4 esimerkiksi ole kahteen kertaan https:\/\/, jotta linkki toimii opiskelijoille.<\/li>\n\n\n\n<li><em>Karttalinkki tai muu www-osoite<\/em> -kentt\u00e4\u00e4n tehty linkki toimii opiskelijoilla Tuudossa ja lukkarikoneessa, jos se on tehty oikein. Voit testata linkin toimivuutta esimerkiksi lukkarikoneessa.<\/li>\n\n\n\n<li>Huomioithan, ett\u00e4 lukkarikone on julkinen sivu, joten julkinen linkki on kenen tahansa klikattavissa. Jos pist\u00e4t salasanan ja huonetiedot <em>Lis\u00e4tieto<\/em>-kentt\u00e4\u00e4n, ne n\u00e4kyv\u00e4t my\u00f6s lukkarikoneessa ja Tuudossa.<\/li>\n\n\n\n<li>Jos haluat varmistaa, ett\u00e4 tilaasi p\u00e4\u00e4see Zoomissa tai Teamsissa ainoastaan opiskelijasi, k\u00e4yt\u00e4 odotustilaa. Teams-kokouksessa odotustila asetetaan kokousasetuksissa, Zoomin asetuksissa valitaan Waiting room.<\/li>\n<\/ul>\n\n\n\n<h3 class=\"wp-block-heading\">1 Opettajien rytmitystoiveiden hy\u00f6dynt\u00e4minen opetuksen varausten teossa<\/h3>\n\n\n\n<ul class=\"wp-block-list\">\n<li>Mene Suunnittelijan ty\u00f6p\u00f6yd\u00e4ll\u00e4 Resurssien suunnittelu ja varaus -palveluun<\/li>\n\n\n\n<li>Valitse Suunnittele ja tee opetuksen varauksia<\/li>\n\n\n\n<li>Etsit ja valitse opintojaksototeutus (sen mukana tulevat toteutukseen liitetyt resurssit kuten opettaja ja ryhm\u00e4).<\/li>\n<\/ul>\n\n\n\n<p><iframe loading=\"lazy\" style=\"padding: 0px; border: 1px solid #464646;\" src=\"https:\/\/panopto.jamk.fi\/Panopto\/Pages\/Embed.aspx?id=c6094387-0b1d-42a1-84c0-ab9701362c14&amp;v=1\" allowfullscreen=\"allowfullscreen\" width=\"720\" height=\"405\" frameborder=\"0\"><\/iframe><\/p>\n\n\n\n<p>Rytmitystoiveet n\u00e4kyv\u00e4t Valitse pohja -kohdassa:<\/p>\n\n\n\n<figure class=\"wp-block-image\"><img loading=\"lazy\" decoding=\"async\" width=\"480\" height=\"584\" src=\"https:\/\/help.jamk.fi\/peppi-ohjeet-henkilokunnalle\/wp-content\/uploads\/sites\/131\/2019\/12\/SUunnittele-ja-tee-opetuksen-varauksia.jpg\" alt=\"Lukkarivarauksia tehdess\u00e4 toteutuksen tiedot tulevat automaattisesti mukaan, my\u00f6s opettajan rytmitystoiveet\" class=\"wp-image-320\"\/><\/figure>\n\n\n\n<p>Jos rytmitystoiveeseen on m\u00e4\u00e4ritelty tietty tila, se tulee automaattisesti valituksi lomakkeelle.<\/p>\n\n\n\n<p>Rytmitystoiveet, niiden lis\u00e4tiedot sek\u00e4 toiveiden varaustilanteen saa n\u00e4kyviin sijoitteluikkunassa, kun klikkaa toteutuksen nimen edess\u00e4 olevaa v\u00e4k\u00e4st\u00e4:<\/p>\n\n\n\n<figure class=\"wp-block-image\"><img loading=\"lazy\" decoding=\"async\" width=\"640\" height=\"97\" src=\"https:\/\/help.jamk.fi\/peppi-ohjeet-henkilokunnalle\/wp-content\/uploads\/sites\/131\/2019\/12\/Toteutuksen-rytmitystoiveet.jpg\" alt=\"Toteutuksen rytmitystoiveden tilanne\" class=\"wp-image-324\"\/><\/figure>\n\n\n\n<ul class=\"wp-block-list\">\n<li><strong>Lis\u00e4tiedot-kentt\u00e4\u00e4n<\/strong> kirjoitetun tekstin saa n\u00e4kyviin, kun laitat hiiren tekstin p\u00e4\u00e4lle.<\/li>\n\n\n\n<li><strong>Opetuskerran kesto -kohdassa<\/strong> n\u00e4kyy, kuinka kauan opettaja haluaa yhden kontaktin kest\u00e4v\u00e4n. Yhden oppitunnin kesto on 45 minuuttia.<\/li>\n\n\n\n<li><strong>Varattu (h) -kohta<\/strong> kertoo, montako tuntia toivotusta kestosta on varattu. Varaa tunnit aikarasterien mukaan. Esimerkiksi jos opettaja toivoo 3 oppitunnin blokissa (2h 15min), niin k\u00e4yt\u00e4nn\u00f6ss\u00e4 aikaa varataan tunnille enemm\u00e4n, kun siihen tulee mukaan my\u00f6s tauko<\/li>\n\n\n\n<li><strong>Varattu (kpl) -kohta<\/strong> kertoo, kuinka monta kertaa kyseinen kontakti on varattu opettajan toiveen mukaan.<\/li>\n<\/ul>\n\n\n\n<p>Voit m\u00e4\u00e4ritt\u00e4\u00e4 itse, onko varausten kesto opettajan rytmitys- ja tilatoiveen mukainen vai m\u00e4\u00e4rit\u00e4tk\u00f6 itse keston. Oletuksena m\u00e4\u00e4rit\u00e4t itse varauksen keston. Jos haluat muuttaa asetusta, valitse kalenterin Asetukset-painike ja ruksi kohta \u201dS\u00e4ilyt\u00e4 mallipohjan mukainen kesto\u201d. T\u00e4ll\u00f6in varauksen kesto on se, jonka opettaja on rytmitys- ja tilatoiveelle m\u00e4\u00e4ritt\u00e4nyt, vaikka maalaisit kalenterista pidemm\u00e4n tai lyhyemm\u00e4n ajan. Tarvittaessa klikkaa Asetukset-painikkeen rattaan kuvaketta, jotta saat valikon auki.<\/p>\n\n\n\n<p>Jos toiveessa on m\u00e4\u00e4ritetty toiveajankohta, kalenteri siirtyy oikeaan p\u00e4iv\u00e4m\u00e4\u00e4r\u00e4\u00e4n. Samaten jos opettaja on m\u00e4\u00e4ritt\u00e4nyt varaukselle toistuvuuksia, ne voi valita varaukseen suoraan mukaan hyv\u00e4ksym\u00e4ll\u00e4 toistuvuuden. T\u00e4m\u00e4n j\u00e4lkeen toistuvuutta voi muokata:<\/p>\n\n\n\n<figure class=\"wp-block-image\"><img loading=\"lazy\" decoding=\"async\" width=\"640\" height=\"466\" src=\"https:\/\/help.jamk.fi\/peppi-ohjeet-henkilokunnalle\/wp-content\/uploads\/sites\/131\/2019\/12\/Hyvaksy-toistuvuus.jpg\" alt=\"Jos rytmitykseen on m\u00e4\u00e4ritetty toistuvuuksia, niiden hyv\u00e4ksymisest\u00e4 kysyt\u00e4\u00e4n\" class=\"wp-image-321\"\/><\/figure>\n\n\n\n<figure class=\"wp-block-image\"><img loading=\"lazy\" decoding=\"async\" width=\"640\" height=\"262\" src=\"https:\/\/help.jamk.fi\/peppi-ohjeet-henkilokunnalle\/wp-content\/uploads\/sites\/131\/2019\/12\/Toistuvuus-hyvaksytty.jpg\" alt=\"Toistuvuus hyv\u00e4ksyt\u00e4\u00e4n ruksaamalla Toistuva varaus, jonka j\u00e4lkeen toistuvuutta voi muokata\" class=\"wp-image-322\"\/><\/figure>\n\n\n\n<p>Kun varauksen kaikki tiedot on t\u00e4ydennetty ja tehty, tallenna varaus. Julkaistu-tilassa oleva varaus n\u00e4kyy vasta opiskelijoille.<\/p>\n\n\n\n<h3 class=\"wp-block-heading\">2. Lukuj\u00e4rjestysten teko rytmitystoiveiden avulla<\/h3>\n\n\n\n<p>Kun olet valinnut rytmityspohjan, rytmityspohjan tiedot t\u00e4ydentyv\u00e4t vihre\u00e4\u00e4n laatikkoon<\/p>\n\n\n\n<p><iframe loading=\"lazy\" style=\"padding: 0px; border: 1px solid #464646;\" src=\"https:\/\/panopto.jamk.fi\/Panopto\/Pages\/Embed.aspx?id=460ecf6e-4493-42f3-ae86-ab980050df94&amp;v=1\" allowfullscreen=\"allowfullscreen\" width=\"720\" height=\"405\" frameborder=\"0\"><\/iframe><\/p>\n","protected":false},"excerpt":{"rendered":"<p>Pienryhm\u00e4varaukset Pienryhm\u00e4varauksissa lis\u00e4\u00e4 kaikkiin varauksiin toteutuksen varsinainen ryhm\u00e4. T\u00e4ll\u00f6in jos haluat katsoa koko ryhm\u00e4n lukuj\u00e4rjestyst\u00e4, n\u00e4et samassa n\u00e4kym\u00e4ss\u00e4 eri pienryhmien varaukset ja ryhm\u00e4n varausten muokkaaminen on helpompaa. Pienryhmi\u00e4 ei tarvitse, jos varaus koskee kaikkia ilmoittautuneita. Ulkopuolinen tila -varauksen tekeminen 1 Opettajien rytmitystoiveiden hy\u00f6dynt\u00e4minen opetuksen varausten teossa Rytmitystoiveet n\u00e4kyv\u00e4t Valitse pohja -kohdassa: Jos rytmitystoiveeseen on m\u00e4\u00e4ritelty [&hellip;]<\/p>\n","protected":false},"author":76,"featured_media":0,"parent":4514,"menu_order":1,"comment_status":"closed","ping_status":"open","template":"","meta":{"_acf_changed":false,"_relevanssi_hide_post":"","_relevanssi_hide_content":"","_relevanssi_pin_for_all":"","_relevanssi_pin_keywords":"","_relevanssi_unpin_keywords":"","_relevanssi_related_keywords":"","_relevanssi_related_include_ids":"","_relevanssi_related_exclude_ids":"","_relevanssi_related_no_append":"","_relevanssi_related_not_related":"","_relevanssi_related_posts":"","_relevanssi_noindex_reason":"","footnotes":""},"categories":[1],"tags":[],"class_list":["post-4611","page","type-page","status-publish","hentry","category-uncategorised"],"acf":[],"yoast_head":"<!-- This site is optimized with the Yoast SEO plugin v27.3 - https:\/\/yoast.com\/product\/yoast-seo-wordpress\/ -->\n<title>Lukuj\u00e4rjestysvarausten tekeminen - Peppi-ohjeet henkil\u00f6kunnalle<\/title>\n<meta name=\"robots\" content=\"index, follow, max-snippet:-1, max-image-preview:large, max-video-preview:-1\" \/>\n<link rel=\"canonical\" href=\"https:\/\/help.jamk.fi\/peppi-ohjeet-henkilokunnalle\/fi\/resurssien-suunnittelu-ja-varaus\/lukujarjestysten-teko\/lukujarjestysvarausten-tekeminen\/\" \/>\n<meta property=\"og:locale\" content=\"fi_FI\" \/>\n<meta property=\"og:type\" content=\"article\" \/>\n<meta property=\"og:title\" content=\"Lukuj\u00e4rjestysvarausten tekeminen - Peppi-ohjeet henkil\u00f6kunnalle\" \/>\n<meta property=\"og:description\" content=\"Pienryhm\u00e4varaukset Pienryhm\u00e4varauksissa lis\u00e4\u00e4 kaikkiin varauksiin toteutuksen varsinainen ryhm\u00e4. T\u00e4ll\u00f6in jos haluat katsoa koko ryhm\u00e4n lukuj\u00e4rjestyst\u00e4, n\u00e4et samassa n\u00e4kym\u00e4ss\u00e4 eri pienryhmien varaukset ja ryhm\u00e4n varausten muokkaaminen on helpompaa. Pienryhmi\u00e4 ei tarvitse, jos varaus koskee kaikkia ilmoittautuneita. Ulkopuolinen tila -varauksen tekeminen 1 Opettajien rytmitystoiveiden hy\u00f6dynt\u00e4minen opetuksen varausten teossa Rytmitystoiveet n\u00e4kyv\u00e4t Valitse pohja -kohdassa: Jos rytmitystoiveeseen on m\u00e4\u00e4ritelty [&hellip;]\" \/>\n<meta property=\"og:url\" content=\"https:\/\/help.jamk.fi\/peppi-ohjeet-henkilokunnalle\/fi\/resurssien-suunnittelu-ja-varaus\/lukujarjestysten-teko\/lukujarjestysvarausten-tekeminen\/\" \/>\n<meta property=\"og:site_name\" content=\"Peppi-ohjeet henkil\u00f6kunnalle\" \/>\n<meta property=\"article:modified_time\" content=\"2025-02-18T12:57:34+00:00\" \/>\n<meta property=\"og:image\" content=\"https:\/\/help.jamk.fi\/peppi-ohjeet-henkilokunnalle\/wp-content\/uploads\/sites\/131\/2019\/12\/SUunnittele-ja-tee-opetuksen-varauksia.jpg\" \/>\n\t<meta property=\"og:image:width\" content=\"480\" \/>\n\t<meta property=\"og:image:height\" content=\"584\" \/>\n\t<meta property=\"og:image:type\" content=\"image\/jpeg\" \/>\n<meta name=\"twitter:card\" content=\"summary_large_image\" \/>\n<meta name=\"twitter:label1\" content=\"Arvioitu lukuaika\" \/>\n\t<meta name=\"twitter:data1\" content=\"5 minuuttia\" \/>\n<script type=\"application\/ld+json\" class=\"yoast-schema-graph\">{\"@context\":\"https:\\\/\\\/schema.org\",\"@graph\":[{\"@type\":\"WebPage\",\"@id\":\"https:\\\/\\\/help.jamk.fi\\\/peppi-ohjeet-henkilokunnalle\\\/fi\\\/resurssien-suunnittelu-ja-varaus\\\/lukujarjestysten-teko\\\/lukujarjestysvarausten-tekeminen\\\/\",\"url\":\"https:\\\/\\\/help.jamk.fi\\\/peppi-ohjeet-henkilokunnalle\\\/fi\\\/resurssien-suunnittelu-ja-varaus\\\/lukujarjestysten-teko\\\/lukujarjestysvarausten-tekeminen\\\/\",\"name\":\"Lukuj\u00e4rjestysvarausten tekeminen - Peppi-ohjeet henkil\u00f6kunnalle\",\"isPartOf\":{\"@id\":\"https:\\\/\\\/help.jamk.fi\\\/peppi-ohjeet-henkilokunnalle\\\/#website\"},\"primaryImageOfPage\":{\"@id\":\"https:\\\/\\\/help.jamk.fi\\\/peppi-ohjeet-henkilokunnalle\\\/fi\\\/resurssien-suunnittelu-ja-varaus\\\/lukujarjestysten-teko\\\/lukujarjestysvarausten-tekeminen\\\/#primaryimage\"},\"image\":{\"@id\":\"https:\\\/\\\/help.jamk.fi\\\/peppi-ohjeet-henkilokunnalle\\\/fi\\\/resurssien-suunnittelu-ja-varaus\\\/lukujarjestysten-teko\\\/lukujarjestysvarausten-tekeminen\\\/#primaryimage\"},\"thumbnailUrl\":\"https:\\\/\\\/help.jamk.fi\\\/peppi-ohjeet-henkilokunnalle\\\/wp-content\\\/uploads\\\/sites\\\/131\\\/2019\\\/12\\\/SUunnittele-ja-tee-opetuksen-varauksia.jpg\",\"datePublished\":\"2020-04-09T02:04:48+00:00\",\"dateModified\":\"2025-02-18T12:57:34+00:00\",\"breadcrumb\":{\"@id\":\"https:\\\/\\\/help.jamk.fi\\\/peppi-ohjeet-henkilokunnalle\\\/fi\\\/resurssien-suunnittelu-ja-varaus\\\/lukujarjestysten-teko\\\/lukujarjestysvarausten-tekeminen\\\/#breadcrumb\"},\"inLanguage\":\"fi\",\"potentialAction\":[{\"@type\":\"ReadAction\",\"target\":[\"https:\\\/\\\/help.jamk.fi\\\/peppi-ohjeet-henkilokunnalle\\\/fi\\\/resurssien-suunnittelu-ja-varaus\\\/lukujarjestysten-teko\\\/lukujarjestysvarausten-tekeminen\\\/\"]}]},{\"@type\":\"ImageObject\",\"inLanguage\":\"fi\",\"@id\":\"https:\\\/\\\/help.jamk.fi\\\/peppi-ohjeet-henkilokunnalle\\\/fi\\\/resurssien-suunnittelu-ja-varaus\\\/lukujarjestysten-teko\\\/lukujarjestysvarausten-tekeminen\\\/#primaryimage\",\"url\":\"https:\\\/\\\/help.jamk.fi\\\/peppi-ohjeet-henkilokunnalle\\\/wp-content\\\/uploads\\\/sites\\\/131\\\/2019\\\/12\\\/SUunnittele-ja-tee-opetuksen-varauksia.jpg\",\"contentUrl\":\"https:\\\/\\\/help.jamk.fi\\\/peppi-ohjeet-henkilokunnalle\\\/wp-content\\\/uploads\\\/sites\\\/131\\\/2019\\\/12\\\/SUunnittele-ja-tee-opetuksen-varauksia.jpg\",\"width\":480,\"height\":584,\"caption\":\"Lukkarivarauksia tehdess\u00e4 toteutuksen tiedot tulevat automaattisesti mukaan, my\u00f6s opettajan rytmitystoiveet\"},{\"@type\":\"BreadcrumbList\",\"@id\":\"https:\\\/\\\/help.jamk.fi\\\/peppi-ohjeet-henkilokunnalle\\\/fi\\\/resurssien-suunnittelu-ja-varaus\\\/lukujarjestysten-teko\\\/lukujarjestysvarausten-tekeminen\\\/#breadcrumb\",\"itemListElement\":[{\"@type\":\"ListItem\",\"position\":1,\"name\":\"Home\",\"item\":\"https:\\\/\\\/help.jamk.fi\\\/peppi-ohjeet-henkilokunnalle\\\/en\\\/\"},{\"@type\":\"ListItem\",\"position\":2,\"name\":\"Resurssien suunnittelu ja varaus\",\"item\":\"https:\\\/\\\/help.jamk.fi\\\/peppi-ohjeet-henkilokunnalle\\\/fi\\\/resurssien-suunnittelu-ja-varaus\\\/\"},{\"@type\":\"ListItem\",\"position\":3,\"name\":\"Lukuj\u00e4rjestysten teko\",\"item\":\"https:\\\/\\\/help.jamk.fi\\\/peppi-ohjeet-henkilokunnalle\\\/fi\\\/resurssien-suunnittelu-ja-varaus\\\/lukujarjestysten-teko\\\/\"},{\"@type\":\"ListItem\",\"position\":4,\"name\":\"Lukuj\u00e4rjestysvarausten tekeminen\"}]},{\"@type\":\"WebSite\",\"@id\":\"https:\\\/\\\/help.jamk.fi\\\/peppi-ohjeet-henkilokunnalle\\\/#website\",\"url\":\"https:\\\/\\\/help.jamk.fi\\\/peppi-ohjeet-henkilokunnalle\\\/\",\"name\":\"Peppi-ohjeet henkil\u00f6kunnalle\",\"description\":\"\",\"potentialAction\":[{\"@type\":\"SearchAction\",\"target\":{\"@type\":\"EntryPoint\",\"urlTemplate\":\"https:\\\/\\\/help.jamk.fi\\\/peppi-ohjeet-henkilokunnalle\\\/?s={search_term_string}\"},\"query-input\":{\"@type\":\"PropertyValueSpecification\",\"valueRequired\":true,\"valueName\":\"search_term_string\"}}],\"inLanguage\":\"fi\"}]}<\/script>\n<!-- \/ Yoast SEO plugin. -->","yoast_head_json":{"title":"Lukuj\u00e4rjestysvarausten tekeminen - Peppi-ohjeet henkil\u00f6kunnalle","robots":{"index":"index","follow":"follow","max-snippet":"max-snippet:-1","max-image-preview":"max-image-preview:large","max-video-preview":"max-video-preview:-1"},"canonical":"https:\/\/help.jamk.fi\/peppi-ohjeet-henkilokunnalle\/fi\/resurssien-suunnittelu-ja-varaus\/lukujarjestysten-teko\/lukujarjestysvarausten-tekeminen\/","og_locale":"fi_FI","og_type":"article","og_title":"Lukuj\u00e4rjestysvarausten tekeminen - Peppi-ohjeet henkil\u00f6kunnalle","og_description":"Pienryhm\u00e4varaukset Pienryhm\u00e4varauksissa lis\u00e4\u00e4 kaikkiin varauksiin toteutuksen varsinainen ryhm\u00e4. T\u00e4ll\u00f6in jos haluat katsoa koko ryhm\u00e4n lukuj\u00e4rjestyst\u00e4, n\u00e4et samassa n\u00e4kym\u00e4ss\u00e4 eri pienryhmien varaukset ja ryhm\u00e4n varausten muokkaaminen on helpompaa. Pienryhmi\u00e4 ei tarvitse, jos varaus koskee kaikkia ilmoittautuneita. Ulkopuolinen tila -varauksen tekeminen 1 Opettajien rytmitystoiveiden hy\u00f6dynt\u00e4minen opetuksen varausten teossa Rytmitystoiveet n\u00e4kyv\u00e4t Valitse pohja -kohdassa: Jos rytmitystoiveeseen on m\u00e4\u00e4ritelty [&hellip;]","og_url":"https:\/\/help.jamk.fi\/peppi-ohjeet-henkilokunnalle\/fi\/resurssien-suunnittelu-ja-varaus\/lukujarjestysten-teko\/lukujarjestysvarausten-tekeminen\/","og_site_name":"Peppi-ohjeet henkil\u00f6kunnalle","article_modified_time":"2025-02-18T12:57:34+00:00","og_image":[{"width":480,"height":584,"url":"https:\/\/help.jamk.fi\/peppi-ohjeet-henkilokunnalle\/wp-content\/uploads\/sites\/131\/2019\/12\/SUunnittele-ja-tee-opetuksen-varauksia.jpg","type":"image\/jpeg"}],"twitter_card":"summary_large_image","twitter_misc":{"Arvioitu lukuaika":"5 minuuttia"},"schema":{"@context":"https:\/\/schema.org","@graph":[{"@type":"WebPage","@id":"https:\/\/help.jamk.fi\/peppi-ohjeet-henkilokunnalle\/fi\/resurssien-suunnittelu-ja-varaus\/lukujarjestysten-teko\/lukujarjestysvarausten-tekeminen\/","url":"https:\/\/help.jamk.fi\/peppi-ohjeet-henkilokunnalle\/fi\/resurssien-suunnittelu-ja-varaus\/lukujarjestysten-teko\/lukujarjestysvarausten-tekeminen\/","name":"Lukuj\u00e4rjestysvarausten tekeminen - Peppi-ohjeet henkil\u00f6kunnalle","isPartOf":{"@id":"https:\/\/help.jamk.fi\/peppi-ohjeet-henkilokunnalle\/#website"},"primaryImageOfPage":{"@id":"https:\/\/help.jamk.fi\/peppi-ohjeet-henkilokunnalle\/fi\/resurssien-suunnittelu-ja-varaus\/lukujarjestysten-teko\/lukujarjestysvarausten-tekeminen\/#primaryimage"},"image":{"@id":"https:\/\/help.jamk.fi\/peppi-ohjeet-henkilokunnalle\/fi\/resurssien-suunnittelu-ja-varaus\/lukujarjestysten-teko\/lukujarjestysvarausten-tekeminen\/#primaryimage"},"thumbnailUrl":"https:\/\/help.jamk.fi\/peppi-ohjeet-henkilokunnalle\/wp-content\/uploads\/sites\/131\/2019\/12\/SUunnittele-ja-tee-opetuksen-varauksia.jpg","datePublished":"2020-04-09T02:04:48+00:00","dateModified":"2025-02-18T12:57:34+00:00","breadcrumb":{"@id":"https:\/\/help.jamk.fi\/peppi-ohjeet-henkilokunnalle\/fi\/resurssien-suunnittelu-ja-varaus\/lukujarjestysten-teko\/lukujarjestysvarausten-tekeminen\/#breadcrumb"},"inLanguage":"fi","potentialAction":[{"@type":"ReadAction","target":["https:\/\/help.jamk.fi\/peppi-ohjeet-henkilokunnalle\/fi\/resurssien-suunnittelu-ja-varaus\/lukujarjestysten-teko\/lukujarjestysvarausten-tekeminen\/"]}]},{"@type":"ImageObject","inLanguage":"fi","@id":"https:\/\/help.jamk.fi\/peppi-ohjeet-henkilokunnalle\/fi\/resurssien-suunnittelu-ja-varaus\/lukujarjestysten-teko\/lukujarjestysvarausten-tekeminen\/#primaryimage","url":"https:\/\/help.jamk.fi\/peppi-ohjeet-henkilokunnalle\/wp-content\/uploads\/sites\/131\/2019\/12\/SUunnittele-ja-tee-opetuksen-varauksia.jpg","contentUrl":"https:\/\/help.jamk.fi\/peppi-ohjeet-henkilokunnalle\/wp-content\/uploads\/sites\/131\/2019\/12\/SUunnittele-ja-tee-opetuksen-varauksia.jpg","width":480,"height":584,"caption":"Lukkarivarauksia tehdess\u00e4 toteutuksen tiedot tulevat automaattisesti mukaan, my\u00f6s opettajan rytmitystoiveet"},{"@type":"BreadcrumbList","@id":"https:\/\/help.jamk.fi\/peppi-ohjeet-henkilokunnalle\/fi\/resurssien-suunnittelu-ja-varaus\/lukujarjestysten-teko\/lukujarjestysvarausten-tekeminen\/#breadcrumb","itemListElement":[{"@type":"ListItem","position":1,"name":"Home","item":"https:\/\/help.jamk.fi\/peppi-ohjeet-henkilokunnalle\/en\/"},{"@type":"ListItem","position":2,"name":"Resurssien suunnittelu ja varaus","item":"https:\/\/help.jamk.fi\/peppi-ohjeet-henkilokunnalle\/fi\/resurssien-suunnittelu-ja-varaus\/"},{"@type":"ListItem","position":3,"name":"Lukuj\u00e4rjestysten teko","item":"https:\/\/help.jamk.fi\/peppi-ohjeet-henkilokunnalle\/fi\/resurssien-suunnittelu-ja-varaus\/lukujarjestysten-teko\/"},{"@type":"ListItem","position":4,"name":"Lukuj\u00e4rjestysvarausten tekeminen"}]},{"@type":"WebSite","@id":"https:\/\/help.jamk.fi\/peppi-ohjeet-henkilokunnalle\/#website","url":"https:\/\/help.jamk.fi\/peppi-ohjeet-henkilokunnalle\/","name":"Peppi-ohjeet henkil\u00f6kunnalle","description":"","potentialAction":[{"@type":"SearchAction","target":{"@type":"EntryPoint","urlTemplate":"https:\/\/help.jamk.fi\/peppi-ohjeet-henkilokunnalle\/?s={search_term_string}"},"query-input":{"@type":"PropertyValueSpecification","valueRequired":true,"valueName":"search_term_string"}}],"inLanguage":"fi"}]}},"_links":{"self":[{"href":"https:\/\/help.jamk.fi\/peppi-ohjeet-henkilokunnalle\/wp-json\/wp\/v2\/pages\/4611","targetHints":{"allow":["GET"]}}],"collection":[{"href":"https:\/\/help.jamk.fi\/peppi-ohjeet-henkilokunnalle\/wp-json\/wp\/v2\/pages"}],"about":[{"href":"https:\/\/help.jamk.fi\/peppi-ohjeet-henkilokunnalle\/wp-json\/wp\/v2\/types\/page"}],"author":[{"embeddable":true,"href":"https:\/\/help.jamk.fi\/peppi-ohjeet-henkilokunnalle\/wp-json\/wp\/v2\/users\/76"}],"replies":[{"embeddable":true,"href":"https:\/\/help.jamk.fi\/peppi-ohjeet-henkilokunnalle\/wp-json\/wp\/v2\/comments?post=4611"}],"version-history":[{"count":6,"href":"https:\/\/help.jamk.fi\/peppi-ohjeet-henkilokunnalle\/wp-json\/wp\/v2\/pages\/4611\/revisions"}],"predecessor-version":[{"id":7415,"href":"https:\/\/help.jamk.fi\/peppi-ohjeet-henkilokunnalle\/wp-json\/wp\/v2\/pages\/4611\/revisions\/7415"}],"up":[{"embeddable":true,"href":"https:\/\/help.jamk.fi\/peppi-ohjeet-henkilokunnalle\/wp-json\/wp\/v2\/pages\/4514"}],"wp:attachment":[{"href":"https:\/\/help.jamk.fi\/peppi-ohjeet-henkilokunnalle\/wp-json\/wp\/v2\/media?parent=4611"}],"wp:term":[{"taxonomy":"category","embeddable":true,"href":"https:\/\/help.jamk.fi\/peppi-ohjeet-henkilokunnalle\/wp-json\/wp\/v2\/categories?post=4611"},{"taxonomy":"post_tag","embeddable":true,"href":"https:\/\/help.jamk.fi\/peppi-ohjeet-henkilokunnalle\/wp-json\/wp\/v2\/tags?post=4611"}],"curies":[{"name":"wp","href":"https:\/\/api.w.org\/{rel}","templated":true}]}}