{"id":4699,"date":"2020-06-22T08:31:21","date_gmt":"2020-06-22T05:31:21","guid":{"rendered":"https:\/\/help.jamk.fi\/peppi-ohjeet-henkilokunnalle\/opettajan-ohjeet\/kv-liikkuvuuden-kirjaaminen-ja-ulkomaisen-harjoittelun-kirjaaminen\/"},"modified":"2024-10-16T09:29:07","modified_gmt":"2024-10-16T06:29:07","slug":"kv-liikkuvuuden-kirjaaminen-ja-ulkomaisen-harjoittelun-kirjaaminen","status":"publish","type":"page","link":"https:\/\/help.jamk.fi\/peppi-ohjeet-henkilokunnalle\/fi\/opettajan-ohjeet\/kv-liikkuvuuden-kirjaaminen-ja-ulkomaisen-harjoittelun-kirjaaminen\/","title":{"rendered":"KV-liikkuvuuden kirjaaminen ja ulkomaisen harjoittelun kirjaaminen"},"content":{"rendered":"\n<h2 class=\"wp-block-heading\">&nbsp; KV-liikkuvuus<\/h2>\n\n\n\n<ul class=\"wp-block-list\">\n<li>Valitse vasemmasta navigaatiosta KV-liikkuvuus<\/li>\n\n\n\n<li>Liikkuvuustiedon lis\u00e4\u00e4minen\n<ul class=\"wp-block-list\">\n<li>Valitse Lis\u00e4\u00e4 liikkuvuustieto<\/li>\n\n\n\n<li>T\u00e4yt\u00e4 kent\u00e4t (mm. Tyyppi: 1 Opiskelijavaihto\/2 Kansainv\u00e4linen harjoittelu)<\/li>\n\n\n\n<li>Valitse Tallenna<\/li>\n<\/ul>\n<\/li>\n<\/ul>\n\n\n\n<figure class=\"wp-block-image\"><img loading=\"lazy\" decoding=\"async\" width=\"1015\" height=\"600\" src=\"https:\/\/help.jamk.fi\/peppi-ohjeet-henkilokunnalle\/wp-content\/uploads\/sites\/131\/2020\/06\/1_kv.png\" alt=\"\" class=\"wp-image-1921\"\/><\/figure>\n\n\n\n<p>Vaihdossa suoritetut opintojaksot kirjataan Opettajan ty\u00f6p\u00f6yd\u00e4n puolella, hyv\u00e4ksilukeminen toiminnon kautta tutkintovastaavan p\u00e4\u00e4t\u00f6ksen mukaisesti (Hyv\u00e4ksilukujen kirjaamiseen erilliset ohjeet)<\/p>\n\n\n\n<h3 class=\"wp-block-heading\">Ulkomailla suoritetun harjoittelun arviointi<\/h3>\n\n\n\n<p>Koko harjoittelu opintojakso suoritettu ulkomailla. Ulkomailla suoritettu harjoittelu voidaan merkit\u00e4 normaalisti toteutuksen arvioinnin kautta. \u201dOpintojakson tarkentava tyyppi\u201d -kohdassa valitaan \u201dUlkomainen harjoittelu\u201d.<\/p>\n\n\n\n<p><img loading=\"lazy\" decoding=\"async\" class=\"alignnone size-medium wp-image-1922\" src=\"https:\/\/help.jamk.fi\/peppi-ohjeet-henkilokunnalle\/wp-content\/uploads\/sites\/131\/2020\/06\/2_kv.png\" alt=\"\" width=\"300\" height=\"120\"><\/p>\n\n\n\n<p>Osa harjoittelun opintojaksosta suoritettu ulkomailla. Toteutuksen osien lis\u00e4\u00e4minen harjoitteluun liittyv\u00e4lle opintojaksolle, mik\u00e4 on osittain suoritettu ulkomailla<\/p>\n\n\n\n<ul class=\"wp-block-list\">\n<li>Tee kullekin harjoittelun jaksolle oma toteutuksen osa suomeksi ja englanniksi ja anna toiselle toteutuksen osalle \u201copinnon tyypiksi\u201d kotimainen harjoittelu ja toiselle ulkomainen harjoittelu. Kokonaisarvosanan opinnon tyypin p\u00e4\u00e4tt\u00e4\u00e4 opettaja. Suoritustiedot menev\u00e4t Virtaan toteutusten osien tietojen mukaan.<\/li>\n<\/ul>\n\n\n\n<figure class=\"wp-block-image\"><img loading=\"lazy\" decoding=\"async\" width=\"1874\" height=\"89\" src=\"https:\/\/help.jamk.fi\/peppi-ohjeet-henkilokunnalle\/wp-content\/uploads\/sites\/131\/2020\/06\/3_kv.png\" alt=\"\" class=\"wp-image-1923\"\/><\/figure>\n","protected":false},"excerpt":{"rendered":"<p>&nbsp; KV-liikkuvuus Vaihdossa suoritetut opintojaksot kirjataan Opettajan ty\u00f6p\u00f6yd\u00e4n puolella, hyv\u00e4ksilukeminen toiminnon kautta tutkintovastaavan p\u00e4\u00e4t\u00f6ksen mukaisesti (Hyv\u00e4ksilukujen kirjaamiseen erilliset ohjeet) Ulkomailla suoritetun harjoittelun arviointi Koko harjoittelu opintojakso suoritettu ulkomailla. Ulkomailla suoritettu harjoittelu voidaan merkit\u00e4 normaalisti toteutuksen arvioinnin kautta. \u201dOpintojakson tarkentava tyyppi\u201d -kohdassa valitaan \u201dUlkomainen harjoittelu\u201d. Osa harjoittelun opintojaksosta suoritettu ulkomailla. Toteutuksen osien lis\u00e4\u00e4minen harjoitteluun liittyv\u00e4lle opintojaksolle, [&hellip;]<\/p>\n","protected":false},"author":78,"featured_media":0,"parent":4552,"menu_order":0,"comment_status":"closed","ping_status":"open","template":"","meta":{"_acf_changed":false,"_relevanssi_hide_post":"","_relevanssi_hide_content":"","_relevanssi_pin_for_all":"","_relevanssi_pin_keywords":"","_relevanssi_unpin_keywords":"","_relevanssi_related_keywords":"","_relevanssi_related_include_ids":"","_relevanssi_related_exclude_ids":"","_relevanssi_related_no_append":"","_relevanssi_related_not_related":"","_relevanssi_related_posts":"","_relevanssi_noindex_reason":"","footnotes":""},"categories":[1],"tags":[],"class_list":["post-4699","page","type-page","status-publish","hentry","category-uncategorised"],"acf":[],"yoast_head":"<!-- This site is optimized with the Yoast SEO plugin v27.3 - https:\/\/yoast.com\/product\/yoast-seo-wordpress\/ -->\n<title>KV-liikkuvuuden kirjaaminen ja ulkomaisen harjoittelun kirjaaminen - Peppi-ohjeet henkil\u00f6kunnalle<\/title>\n<meta name=\"robots\" content=\"index, follow, max-snippet:-1, max-image-preview:large, max-video-preview:-1\" \/>\n<link rel=\"canonical\" href=\"https:\/\/help.jamk.fi\/peppi-ohjeet-henkilokunnalle\/fi\/opettajan-ohjeet\/kv-liikkuvuuden-kirjaaminen-ja-ulkomaisen-harjoittelun-kirjaaminen\/\" \/>\n<meta property=\"og:locale\" content=\"fi_FI\" \/>\n<meta property=\"og:type\" content=\"article\" \/>\n<meta property=\"og:title\" content=\"KV-liikkuvuuden kirjaaminen ja ulkomaisen harjoittelun kirjaaminen - Peppi-ohjeet henkil\u00f6kunnalle\" \/>\n<meta property=\"og:description\" content=\"&nbsp; KV-liikkuvuus Vaihdossa suoritetut opintojaksot kirjataan Opettajan ty\u00f6p\u00f6yd\u00e4n puolella, hyv\u00e4ksilukeminen toiminnon kautta tutkintovastaavan p\u00e4\u00e4t\u00f6ksen mukaisesti (Hyv\u00e4ksilukujen kirjaamiseen erilliset ohjeet) Ulkomailla suoritetun harjoittelun arviointi Koko harjoittelu opintojakso suoritettu ulkomailla. Ulkomailla suoritettu harjoittelu voidaan merkit\u00e4 normaalisti toteutuksen arvioinnin kautta. \u201dOpintojakson tarkentava tyyppi\u201d -kohdassa valitaan \u201dUlkomainen harjoittelu\u201d. Osa harjoittelun opintojaksosta suoritettu ulkomailla. Toteutuksen osien lis\u00e4\u00e4minen harjoitteluun liittyv\u00e4lle opintojaksolle, [&hellip;]\" \/>\n<meta property=\"og:url\" content=\"https:\/\/help.jamk.fi\/peppi-ohjeet-henkilokunnalle\/fi\/opettajan-ohjeet\/kv-liikkuvuuden-kirjaaminen-ja-ulkomaisen-harjoittelun-kirjaaminen\/\" \/>\n<meta property=\"og:site_name\" content=\"Peppi-ohjeet henkil\u00f6kunnalle\" \/>\n<meta property=\"article:modified_time\" content=\"2024-10-16T06:29:07+00:00\" \/>\n<meta property=\"og:image\" content=\"https:\/\/help.jamk.fi\/peppi-ohjeet-henkilokunnalle\/wp-content\/uploads\/sites\/131\/2020\/06\/1_kv.png\" \/>\n<meta name=\"twitter:card\" content=\"summary_large_image\" \/>\n<meta name=\"twitter:label1\" content=\"Arvioitu lukuaika\" \/>\n\t<meta name=\"twitter:data1\" content=\"2 minuuttia\" \/>\n<script type=\"application\/ld+json\" class=\"yoast-schema-graph\">{\"@context\":\"https:\\\/\\\/schema.org\",\"@graph\":[{\"@type\":\"WebPage\",\"@id\":\"https:\\\/\\\/help.jamk.fi\\\/peppi-ohjeet-henkilokunnalle\\\/fi\\\/opettajan-ohjeet\\\/kv-liikkuvuuden-kirjaaminen-ja-ulkomaisen-harjoittelun-kirjaaminen\\\/\",\"url\":\"https:\\\/\\\/help.jamk.fi\\\/peppi-ohjeet-henkilokunnalle\\\/fi\\\/opettajan-ohjeet\\\/kv-liikkuvuuden-kirjaaminen-ja-ulkomaisen-harjoittelun-kirjaaminen\\\/\",\"name\":\"KV-liikkuvuuden kirjaaminen ja ulkomaisen harjoittelun kirjaaminen - Peppi-ohjeet henkil\u00f6kunnalle\",\"isPartOf\":{\"@id\":\"https:\\\/\\\/help.jamk.fi\\\/peppi-ohjeet-henkilokunnalle\\\/#website\"},\"primaryImageOfPage\":{\"@id\":\"https:\\\/\\\/help.jamk.fi\\\/peppi-ohjeet-henkilokunnalle\\\/fi\\\/opettajan-ohjeet\\\/kv-liikkuvuuden-kirjaaminen-ja-ulkomaisen-harjoittelun-kirjaaminen\\\/#primaryimage\"},\"image\":{\"@id\":\"https:\\\/\\\/help.jamk.fi\\\/peppi-ohjeet-henkilokunnalle\\\/fi\\\/opettajan-ohjeet\\\/kv-liikkuvuuden-kirjaaminen-ja-ulkomaisen-harjoittelun-kirjaaminen\\\/#primaryimage\"},\"thumbnailUrl\":\"https:\\\/\\\/help.jamk.fi\\\/peppi-ohjeet-henkilokunnalle\\\/wp-content\\\/uploads\\\/sites\\\/131\\\/2020\\\/06\\\/1_kv.png\",\"datePublished\":\"2020-06-22T05:31:21+00:00\",\"dateModified\":\"2024-10-16T06:29:07+00:00\",\"breadcrumb\":{\"@id\":\"https:\\\/\\\/help.jamk.fi\\\/peppi-ohjeet-henkilokunnalle\\\/fi\\\/opettajan-ohjeet\\\/kv-liikkuvuuden-kirjaaminen-ja-ulkomaisen-harjoittelun-kirjaaminen\\\/#breadcrumb\"},\"inLanguage\":\"fi\",\"potentialAction\":[{\"@type\":\"ReadAction\",\"target\":[\"https:\\\/\\\/help.jamk.fi\\\/peppi-ohjeet-henkilokunnalle\\\/fi\\\/opettajan-ohjeet\\\/kv-liikkuvuuden-kirjaaminen-ja-ulkomaisen-harjoittelun-kirjaaminen\\\/\"]}]},{\"@type\":\"ImageObject\",\"inLanguage\":\"fi\",\"@id\":\"https:\\\/\\\/help.jamk.fi\\\/peppi-ohjeet-henkilokunnalle\\\/fi\\\/opettajan-ohjeet\\\/kv-liikkuvuuden-kirjaaminen-ja-ulkomaisen-harjoittelun-kirjaaminen\\\/#primaryimage\",\"url\":\"https:\\\/\\\/help.jamk.fi\\\/peppi-ohjeet-henkilokunnalle\\\/wp-content\\\/uploads\\\/sites\\\/131\\\/2020\\\/06\\\/1_kv.png\",\"contentUrl\":\"https:\\\/\\\/help.jamk.fi\\\/peppi-ohjeet-henkilokunnalle\\\/wp-content\\\/uploads\\\/sites\\\/131\\\/2020\\\/06\\\/1_kv.png\",\"width\":1015,\"height\":600},{\"@type\":\"BreadcrumbList\",\"@id\":\"https:\\\/\\\/help.jamk.fi\\\/peppi-ohjeet-henkilokunnalle\\\/fi\\\/opettajan-ohjeet\\\/kv-liikkuvuuden-kirjaaminen-ja-ulkomaisen-harjoittelun-kirjaaminen\\\/#breadcrumb\",\"itemListElement\":[{\"@type\":\"ListItem\",\"position\":1,\"name\":\"Home\",\"item\":\"https:\\\/\\\/help.jamk.fi\\\/peppi-ohjeet-henkilokunnalle\\\/en\\\/\"},{\"@type\":\"ListItem\",\"position\":2,\"name\":\"Opettajan ohjeet\",\"item\":\"https:\\\/\\\/help.jamk.fi\\\/peppi-ohjeet-henkilokunnalle\\\/fi\\\/opettajan-ohjeet\\\/\"},{\"@type\":\"ListItem\",\"position\":3,\"name\":\"KV-liikkuvuuden kirjaaminen ja ulkomaisen harjoittelun kirjaaminen\"}]},{\"@type\":\"WebSite\",\"@id\":\"https:\\\/\\\/help.jamk.fi\\\/peppi-ohjeet-henkilokunnalle\\\/#website\",\"url\":\"https:\\\/\\\/help.jamk.fi\\\/peppi-ohjeet-henkilokunnalle\\\/\",\"name\":\"Peppi-ohjeet henkil\u00f6kunnalle\",\"description\":\"\",\"potentialAction\":[{\"@type\":\"SearchAction\",\"target\":{\"@type\":\"EntryPoint\",\"urlTemplate\":\"https:\\\/\\\/help.jamk.fi\\\/peppi-ohjeet-henkilokunnalle\\\/?s={search_term_string}\"},\"query-input\":{\"@type\":\"PropertyValueSpecification\",\"valueRequired\":true,\"valueName\":\"search_term_string\"}}],\"inLanguage\":\"fi\"}]}<\/script>\n<!-- \/ Yoast SEO plugin. -->","yoast_head_json":{"title":"KV-liikkuvuuden kirjaaminen ja ulkomaisen harjoittelun kirjaaminen - Peppi-ohjeet henkil\u00f6kunnalle","robots":{"index":"index","follow":"follow","max-snippet":"max-snippet:-1","max-image-preview":"max-image-preview:large","max-video-preview":"max-video-preview:-1"},"canonical":"https:\/\/help.jamk.fi\/peppi-ohjeet-henkilokunnalle\/fi\/opettajan-ohjeet\/kv-liikkuvuuden-kirjaaminen-ja-ulkomaisen-harjoittelun-kirjaaminen\/","og_locale":"fi_FI","og_type":"article","og_title":"KV-liikkuvuuden kirjaaminen ja ulkomaisen harjoittelun kirjaaminen - Peppi-ohjeet henkil\u00f6kunnalle","og_description":"&nbsp; KV-liikkuvuus Vaihdossa suoritetut opintojaksot kirjataan Opettajan ty\u00f6p\u00f6yd\u00e4n puolella, hyv\u00e4ksilukeminen toiminnon kautta tutkintovastaavan p\u00e4\u00e4t\u00f6ksen mukaisesti (Hyv\u00e4ksilukujen kirjaamiseen erilliset ohjeet) Ulkomailla suoritetun harjoittelun arviointi Koko harjoittelu opintojakso suoritettu ulkomailla. Ulkomailla suoritettu harjoittelu voidaan merkit\u00e4 normaalisti toteutuksen arvioinnin kautta. \u201dOpintojakson tarkentava tyyppi\u201d -kohdassa valitaan \u201dUlkomainen harjoittelu\u201d. Osa harjoittelun opintojaksosta suoritettu ulkomailla. Toteutuksen osien lis\u00e4\u00e4minen harjoitteluun liittyv\u00e4lle opintojaksolle, [&hellip;]","og_url":"https:\/\/help.jamk.fi\/peppi-ohjeet-henkilokunnalle\/fi\/opettajan-ohjeet\/kv-liikkuvuuden-kirjaaminen-ja-ulkomaisen-harjoittelun-kirjaaminen\/","og_site_name":"Peppi-ohjeet henkil\u00f6kunnalle","article_modified_time":"2024-10-16T06:29:07+00:00","og_image":[{"url":"https:\/\/help.jamk.fi\/peppi-ohjeet-henkilokunnalle\/wp-content\/uploads\/sites\/131\/2020\/06\/1_kv.png","type":"","width":"","height":""}],"twitter_card":"summary_large_image","twitter_misc":{"Arvioitu lukuaika":"2 minuuttia"},"schema":{"@context":"https:\/\/schema.org","@graph":[{"@type":"WebPage","@id":"https:\/\/help.jamk.fi\/peppi-ohjeet-henkilokunnalle\/fi\/opettajan-ohjeet\/kv-liikkuvuuden-kirjaaminen-ja-ulkomaisen-harjoittelun-kirjaaminen\/","url":"https:\/\/help.jamk.fi\/peppi-ohjeet-henkilokunnalle\/fi\/opettajan-ohjeet\/kv-liikkuvuuden-kirjaaminen-ja-ulkomaisen-harjoittelun-kirjaaminen\/","name":"KV-liikkuvuuden kirjaaminen ja ulkomaisen harjoittelun kirjaaminen - Peppi-ohjeet henkil\u00f6kunnalle","isPartOf":{"@id":"https:\/\/help.jamk.fi\/peppi-ohjeet-henkilokunnalle\/#website"},"primaryImageOfPage":{"@id":"https:\/\/help.jamk.fi\/peppi-ohjeet-henkilokunnalle\/fi\/opettajan-ohjeet\/kv-liikkuvuuden-kirjaaminen-ja-ulkomaisen-harjoittelun-kirjaaminen\/#primaryimage"},"image":{"@id":"https:\/\/help.jamk.fi\/peppi-ohjeet-henkilokunnalle\/fi\/opettajan-ohjeet\/kv-liikkuvuuden-kirjaaminen-ja-ulkomaisen-harjoittelun-kirjaaminen\/#primaryimage"},"thumbnailUrl":"https:\/\/help.jamk.fi\/peppi-ohjeet-henkilokunnalle\/wp-content\/uploads\/sites\/131\/2020\/06\/1_kv.png","datePublished":"2020-06-22T05:31:21+00:00","dateModified":"2024-10-16T06:29:07+00:00","breadcrumb":{"@id":"https:\/\/help.jamk.fi\/peppi-ohjeet-henkilokunnalle\/fi\/opettajan-ohjeet\/kv-liikkuvuuden-kirjaaminen-ja-ulkomaisen-harjoittelun-kirjaaminen\/#breadcrumb"},"inLanguage":"fi","potentialAction":[{"@type":"ReadAction","target":["https:\/\/help.jamk.fi\/peppi-ohjeet-henkilokunnalle\/fi\/opettajan-ohjeet\/kv-liikkuvuuden-kirjaaminen-ja-ulkomaisen-harjoittelun-kirjaaminen\/"]}]},{"@type":"ImageObject","inLanguage":"fi","@id":"https:\/\/help.jamk.fi\/peppi-ohjeet-henkilokunnalle\/fi\/opettajan-ohjeet\/kv-liikkuvuuden-kirjaaminen-ja-ulkomaisen-harjoittelun-kirjaaminen\/#primaryimage","url":"https:\/\/help.jamk.fi\/peppi-ohjeet-henkilokunnalle\/wp-content\/uploads\/sites\/131\/2020\/06\/1_kv.png","contentUrl":"https:\/\/help.jamk.fi\/peppi-ohjeet-henkilokunnalle\/wp-content\/uploads\/sites\/131\/2020\/06\/1_kv.png","width":1015,"height":600},{"@type":"BreadcrumbList","@id":"https:\/\/help.jamk.fi\/peppi-ohjeet-henkilokunnalle\/fi\/opettajan-ohjeet\/kv-liikkuvuuden-kirjaaminen-ja-ulkomaisen-harjoittelun-kirjaaminen\/#breadcrumb","itemListElement":[{"@type":"ListItem","position":1,"name":"Home","item":"https:\/\/help.jamk.fi\/peppi-ohjeet-henkilokunnalle\/en\/"},{"@type":"ListItem","position":2,"name":"Opettajan ohjeet","item":"https:\/\/help.jamk.fi\/peppi-ohjeet-henkilokunnalle\/fi\/opettajan-ohjeet\/"},{"@type":"ListItem","position":3,"name":"KV-liikkuvuuden kirjaaminen ja ulkomaisen harjoittelun kirjaaminen"}]},{"@type":"WebSite","@id":"https:\/\/help.jamk.fi\/peppi-ohjeet-henkilokunnalle\/#website","url":"https:\/\/help.jamk.fi\/peppi-ohjeet-henkilokunnalle\/","name":"Peppi-ohjeet henkil\u00f6kunnalle","description":"","potentialAction":[{"@type":"SearchAction","target":{"@type":"EntryPoint","urlTemplate":"https:\/\/help.jamk.fi\/peppi-ohjeet-henkilokunnalle\/?s={search_term_string}"},"query-input":{"@type":"PropertyValueSpecification","valueRequired":true,"valueName":"search_term_string"}}],"inLanguage":"fi"}]}},"_links":{"self":[{"href":"https:\/\/help.jamk.fi\/peppi-ohjeet-henkilokunnalle\/wp-json\/wp\/v2\/pages\/4699","targetHints":{"allow":["GET"]}}],"collection":[{"href":"https:\/\/help.jamk.fi\/peppi-ohjeet-henkilokunnalle\/wp-json\/wp\/v2\/pages"}],"about":[{"href":"https:\/\/help.jamk.fi\/peppi-ohjeet-henkilokunnalle\/wp-json\/wp\/v2\/types\/page"}],"author":[{"embeddable":true,"href":"https:\/\/help.jamk.fi\/peppi-ohjeet-henkilokunnalle\/wp-json\/wp\/v2\/users\/78"}],"replies":[{"embeddable":true,"href":"https:\/\/help.jamk.fi\/peppi-ohjeet-henkilokunnalle\/wp-json\/wp\/v2\/comments?post=4699"}],"version-history":[{"count":6,"href":"https:\/\/help.jamk.fi\/peppi-ohjeet-henkilokunnalle\/wp-json\/wp\/v2\/pages\/4699\/revisions"}],"predecessor-version":[{"id":7196,"href":"https:\/\/help.jamk.fi\/peppi-ohjeet-henkilokunnalle\/wp-json\/wp\/v2\/pages\/4699\/revisions\/7196"}],"up":[{"embeddable":true,"href":"https:\/\/help.jamk.fi\/peppi-ohjeet-henkilokunnalle\/wp-json\/wp\/v2\/pages\/4552"}],"wp:attachment":[{"href":"https:\/\/help.jamk.fi\/peppi-ohjeet-henkilokunnalle\/wp-json\/wp\/v2\/media?parent=4699"}],"wp:term":[{"taxonomy":"category","embeddable":true,"href":"https:\/\/help.jamk.fi\/peppi-ohjeet-henkilokunnalle\/wp-json\/wp\/v2\/categories?post=4699"},{"taxonomy":"post_tag","embeddable":true,"href":"https:\/\/help.jamk.fi\/peppi-ohjeet-henkilokunnalle\/wp-json\/wp\/v2\/tags?post=4699"}],"curies":[{"name":"wp","href":"https:\/\/api.w.org\/{rel}","templated":true}]}}