{"id":4700,"date":"2020-09-08T12:50:10","date_gmt":"2020-09-08T09:50:10","guid":{"rendered":"https:\/\/help.jamk.fi\/peppi-ohjeet-henkilokunnalle\/opetussuunnittelu\/opintokokonaisuus\/"},"modified":"2024-09-12T12:56:37","modified_gmt":"2024-09-12T09:56:37","slug":"opintokokonaisuus","status":"publish","type":"page","link":"https:\/\/help.jamk.fi\/peppi-ohjeet-henkilokunnalle\/fi\/opetussuunnittelu\/opintokokonaisuus\/","title":{"rendered":"Opintokokonaisuudet"},"content":{"rendered":"\n<p>Opintokokonaisuus on opetussuunnitelman p\u00e4\u00e4elementti, jonka alle kootaan kokonaisuuteen kuuluvat opintojaksot. Opintokokonaisuus voidaan luoda vain rakenteen luomisen yhteydess\u00e4. Katso ohjeet opintokokonaisuuden tekemisest\u00e4 <a href=\"https:\/\/help.jamk.fi\/peppi-ohjeet-henkilokunnalle\/fi\/opetussuunnittelu\/opetussuunnitelmat-opsit\/rakenne\/\">rakenteen ohjeista<\/a>.<\/p>\n\n\n  <div id=\"notice-box-block_075ab565d7549487cf722e818fd3e76a\" class=\"block-notice-box block-notice-box\">\n          <h2 class=\"block-notice-box__heading\">Opintokokonaisuuden kuvauksia k\u00e4ytet\u00e4\u00e4n Opin.fi-palvelussa<\/h2>\n    \n    <p>Teeth\u00e4n kuvauksesta selke\u00e4n, innostavan ja ymm\u00e4rrett\u00e4v\u00e4n.<\/p>\n<p>K\u00e4yt\u00e4 sin\u00e4-muotoa kuvailukentiss\u00e4.<\/p>\n<p>Kaikkien opintokokonaisuuden kuvaukset kirjoitetaan sek\u00e4 suomeksi ett\u00e4 englanniksi. Suomenkieliset kuvaukset kirjoitetaan Suomeksi-kenttiin ja englanninkieliset kuvaukset Englanniksi-kenttiin.<\/p>\n<p>Opintokokonaisuuden kuvauksessa pyrit\u00e4\u00e4n v\u00e4ltt\u00e4m\u00e4\u00e4n luettelomerkkej\u00e4, mutta jos se on v\u00e4ltt\u00e4m\u00e4t\u00f6nt\u00e4, k\u00e4ytet\u00e4\u00e4n \u2013 (ranskalaista viivaa). \u201dKauttaviiva-merkki\u00e4\u201d \/ ei saa k\u00e4ytt\u00e4\u00e4! <\/p>\n<p>Opintokokonaisuudessa saa olla vain yhdentyyppisi\u00e4 opintojaksoja: pakollisia, vaihtoehtoisia tai vapaasti valittavia. <\/p>\n\n      <\/div>\n\n\n\n<h2 class=\"wp-block-heading\">Opintokokonaisuuden tiedot<\/h2>\n\n\n\n<h3 class=\"wp-block-heading\">Nimi suomeksi ja englanniksi<\/h3>\n\n\n\n<p>Kuvaava nimi opintokokonaisuudelle, josta selvi\u00e4\u00e4 koulutusala ja tavoiteltava osaaminen.<\/p>\n\n\n\n<h3 class=\"wp-block-heading\">Luokittelu<\/h3>\n\n\n\n<p>Jos opintokokonaisuutta (osaamiskokonaisuus) tarjotaan esim. avoimen ammattikorkeakoulun opiskelijoille Opin.fi-palvelussa, luokitteluksi on valittava &#8221;opinfi&#8221;.<\/p>\n\n\n\n<h3 class=\"wp-block-heading\">Sis\u00e4ll\u00f6n valinnaisuus <\/h3>\n\n\n\n<p>Valitse alasvetovalikosta valinta, joka kuvaa opintojen pakollisuutta. Vaihtoehdot ovat: kaikki pakollisia, valitaan yksi, valitaan n kappaletta, valitaan x opintopistett\u00e4, valitaan erillisten kriteerien mukaan.<\/p>\n\n\n\n<p><strong>Jos opinnot eiv\u00e4t ole pakollisia, k\u00e4yt\u00e4 vain valintaa \u201dvalitaan erillisten kriteerien mukaan\u201d, sill\u00e4 muilla valinnoilla Kriteerit-kentt\u00e4 ei ole k\u00e4ytett\u00e4viss\u00e4!<\/strong><\/p>\n\n\n\n<p>Huom. Jos valitset \u201dvalitaan erillisten kriteerien mukaan\u201d, opintokokonaisuus ei voi sis\u00e4lt\u00e4\u00e4 pakollisia opintojaksoja. Pakolliset opintojaksot on erotettava muista ns. ryhmittelyn avulla.<\/p>\n\n\n\n<h3 class=\"wp-block-heading\">Lukum\u00e4\u00e4r\u00e4 \/ Opintopistem\u00e4\u00e4r\u00e4<\/h3>\n\n\n\n<p>Jos olet valinnut Sis\u00e4ll\u00f6n valinnaisuus -kohdassa \u201dvalitaan erillisten kriteerien mukaan\u201d, kirjoita kentt\u00e4\u00e4n min\/max opintopistem\u00e4\u00e4r\u00e4, joka opiskelijan tulee opintokokonaisuudesta suorittaa.<\/p>\n\n\n\n<h3 class=\"wp-block-heading\">Kriteerit<\/h3>\n\n\n\n<p>Jos olet valinnut Sis\u00e4ll\u00f6n valinnaisuus -kohdassa \u201dvalitaan erillisten kriteerien mukaan\u201d, kirjoita kentt\u00e4\u00e4n kriteerit, mill\u00e4 perusteella opiskelijan tulee valita opintokokonaisuudesta opintojaksoja.<\/p>\n\n\n\n<p><strong>Huom. t\u00e4m\u00e4 kentt\u00e4 ei n\u00e4y, jos olet valinnut Sis\u00e4ll\u00f6n valinnaisuus -kohdassa \u201dkaikki pakollisia\u201d, \u201dvalitaan yksi\u201d, \u201dvalitaan n kappaletta\u201d tai \u201dvalitaan x opintopistett\u00e4\u201d.<\/strong><\/p>\n\n\n\n<h3 class=\"wp-block-heading\">Sis\u00e4ll\u00f6n valinnaisuuden lis\u00e4tiedot<\/h3>\n\n\n\n<p>Kentt\u00e4 ei n\u00e4y opiskelijalle!<\/p>\n\n\n\n<h3 class=\"wp-block-heading\">Edelt\u00e4v\u00e4 osaaminen<\/h3>\n\n\n\n<p>T\u00e4h\u00e4n kirjoitetaan edelt\u00e4v\u00e4 osaaminen, ei viittauksia opintojaksoihin eik\u00e4 tutkintoihin. Jos jokin asia on edellytyksen\u00e4 ammattikorkeakouluun p\u00e4\u00e4sylle, esim. peruskoulun matematiikka, se ei ole edelt\u00e4v\u00e4\u00e4 osaamista.<\/p>\n\n\n\n<p>Esimerkkej\u00e4 edelt\u00e4v\u00e4st\u00e4 osaamisesta:<\/p>\n\n\n\n<ul class=\"wp-block-list\">\n<li>Suositellaan \/ vaaditaan markkinoinnin perustietojen hallintaa.<\/li>\n\n\n\n<li>Suositellaan, ett\u00e4 sinulla on tietotekniikan perustaidot hallussa.<\/li>\n<\/ul>\n\n\n\n<p>Kohtaan on otettava kantaa eli jos edelt\u00e4v\u00e4\u00e4 osaamista ei edellytet\u00e4, kentt\u00e4\u00e4n kirjoitetaan esim. Ei vaadi edelt\u00e4v\u00e4\u00e4 osaamista.<\/p>\n\n\n\n<h3 class=\"wp-block-heading\">Osaamistavoitteet<\/h3>\n\n\n\n<p>Kuvaa t\u00e4h\u00e4n opintojakson osaamistavoite <a href=\"https:\/\/op.europa.eu\/en\/publication-detail\/-\/publication\/da7467e6-8450-11e5-b8b7-01aa75ed71a1\">ECTS-ohjeistuksen mukaisesti (pdf, in English)<\/a> huomioiden EQF-osaamistaso.<\/p>\n\n\n\n<p>Osaamistavoitteet kuvataan <strong>tavoiteltavien oppimistulosten<\/strong> muodossa.<\/p>\n\n\n\n<p>Kirjoitetaan selkokielisesti, mit\u00e4 osaamista opiskelija saavuttaa, kun suorittaa t\u00e4m\u00e4n opintokokonaisuuden. Millainen tieto ja ymm\u00e4rrys sek\u00e4 teoreettiset, k\u00e4yt\u00e4nn\u00f6lliset ja soveltavat taidot opiskelijalla on opintokokonaisuuden suorittamisen j\u00e4lkeen. Kuvaustapa korostaa sit\u00e4, mit\u00e4 opiskelija tiet\u00e4\u00e4, ymm\u00e4rt\u00e4\u00e4 ja tekee oppimisprosessin tuloksena. Kuvaus tehd\u00e4\u00e4n opiskelijan tekemisen verbeill\u00e4 kuten esim. tiet\u00e4\u00e4, ymm\u00e4rt\u00e4\u00e4, soveltaa, toimii, analysoi jne.<\/p>\n\n\n\n<p>Osaamistavoitteessa voidaan hy\u00f6dynt\u00e4\u00e4 tutkintotavoitteita, mutta ne tulee avata. Huomioitava, ett\u00e4 opintokokonaisuuden opintojaksojen ja kokonaisuuden tavoitteiden on oltava yhtenev\u00e4iset.<\/p>\n\n\n\n<h3 class=\"wp-block-heading\">Ydinsis\u00e4lt\u00f6<\/h3>\n\n\n<div id=\"info-lift-block_9d2ff77069b91e0b652029faa6a4d978\" class=\"block-info-lift block-info-lift\">\n  <div class=\"row\">\n    <div class=\"col-12\">\n              <div class=\"block-info-lift__content\">\n          <div class=\"block-info-lift__content__icon\">\n            <span>!<\/span>\n          <\/div>\n          <p class=\"block-info-lift__content__text\">Opin.fi-palvelussa Ydinsis\u00e4lt\u00f6-kentt\u00e4 on opintokokonaisuuden ylin kentt\u00e4. Kirjoita alkuun kohderyhm\u00e4, kenelle kokonaisuus on tarkoitettu. Esim. Opintokokonaisuus on tarkoitettu sinulle, joka olet kiinnostunut &#8230;<\/p>\n        <\/div>\n          <\/div>\n  <\/div>\n<\/div>\n\n\n<p>Kerro t\u00e4m\u00e4n j\u00e4lkeen tarkemmin opintokokonaisuuden keskeisimm\u00e4t sis\u00e4ll\u00f6t; kerrotaan lukijalle t\u00e4sm\u00e4llisesti ja konkreettisesti, mit\u00e4 asioita, taitoja yms. opiskellaan.<\/p>\n\n\n\n<p>Vastaa kysymykseen: Mitk\u00e4 ovat opintokokonaisuuden t\u00e4rkeimpi\u00e4 sis\u00e4lt\u00f6j\u00e4?<\/p>\n\n\n\n<h3 class=\"wp-block-heading\">Lis\u00e4tiedot<\/h3>\n\n\n\n<p>Vapaamuotoinen kentt\u00e4, joka on varattu oleellisille tiedoille, jotka eiv\u00e4t selvi\u00e4 kuvauksesta. Kohdassa voidaan kertoa, jos opintokokonaisuus on opinnollistettavissa sek\u00e4 millainen arviointiaineisto vaaditaan osaamisen n\u00e4ytt\u00f6\u00f6n.<\/p>\n\n\n\n<p>Jos on tarve kirjata hyv\u00e4ksilukemiseen liittyv\u00e4t kommentit, niin kirjataan ne t\u00e4h\u00e4n kentt\u00e4\u00e4n.<\/p>\n\n\n\n<p>Kirjataan, kuka on opintokokonaisuuden vastuuhenkil\u00f6.<\/p>\n\n\n\n<p>Ty\u00f6tt\u00f6mille ym. ryhmille kerrotaan, miten heid\u00e4n tulee ilmoittautua, jotta koulutukset olisivat heille maksuttomia.<\/p>\n","protected":false},"excerpt":{"rendered":"<p>Opintokokonaisuus on opetussuunnitelman p\u00e4\u00e4elementti, jonka alle kootaan kokonaisuuteen kuuluvat opintojaksot. Opintokokonaisuus voidaan luoda vain rakenteen luomisen yhteydess\u00e4. Katso ohjeet opintokokonaisuuden tekemisest\u00e4 rakenteen ohjeista. Opintokokonaisuuden tiedot Nimi suomeksi ja englanniksi Kuvaava nimi opintokokonaisuudelle, josta selvi\u00e4\u00e4 koulutusala ja tavoiteltava osaaminen. Luokittelu Jos opintokokonaisuutta (osaamiskokonaisuus) tarjotaan esim. avoimen ammattikorkeakoulun opiskelijoille Opin.fi-palvelussa, luokitteluksi on valittava &#8221;opinfi&#8221;. Sis\u00e4ll\u00f6n valinnaisuus Valitse [&hellip;]<\/p>\n","protected":false},"author":79,"featured_media":0,"parent":4510,"menu_order":3,"comment_status":"closed","ping_status":"open","template":"","meta":{"_acf_changed":false,"_relevanssi_hide_post":"","_relevanssi_hide_content":"","_relevanssi_pin_for_all":"","_relevanssi_pin_keywords":"","_relevanssi_unpin_keywords":"","_relevanssi_related_keywords":"","_relevanssi_related_include_ids":"","_relevanssi_related_exclude_ids":"","_relevanssi_related_no_append":"","_relevanssi_related_not_related":"","_relevanssi_related_posts":"","_relevanssi_noindex_reason":"","footnotes":""},"categories":[1],"tags":[],"class_list":["post-4700","page","type-page","status-publish","hentry","category-uncategorised"],"acf":[],"yoast_head":"<!-- This site is optimized with the Yoast SEO plugin v27.3 - https:\/\/yoast.com\/product\/yoast-seo-wordpress\/ -->\n<title>Opintokokonaisuudet - Peppi-ohjeet henkil\u00f6kunnalle<\/title>\n<meta name=\"robots\" content=\"index, follow, max-snippet:-1, max-image-preview:large, max-video-preview:-1\" \/>\n<link rel=\"canonical\" href=\"https:\/\/help.jamk.fi\/peppi-ohjeet-henkilokunnalle\/fi\/opetussuunnittelu\/opintokokonaisuus\/\" \/>\n<meta property=\"og:locale\" content=\"fi_FI\" \/>\n<meta property=\"og:type\" content=\"article\" \/>\n<meta property=\"og:title\" content=\"Opintokokonaisuudet - Peppi-ohjeet henkil\u00f6kunnalle\" \/>\n<meta property=\"og:description\" content=\"Opintokokonaisuus on opetussuunnitelman p\u00e4\u00e4elementti, jonka alle kootaan kokonaisuuteen kuuluvat opintojaksot. Opintokokonaisuus voidaan luoda vain rakenteen luomisen yhteydess\u00e4. Katso ohjeet opintokokonaisuuden tekemisest\u00e4 rakenteen ohjeista. Opintokokonaisuuden tiedot Nimi suomeksi ja englanniksi Kuvaava nimi opintokokonaisuudelle, josta selvi\u00e4\u00e4 koulutusala ja tavoiteltava osaaminen. Luokittelu Jos opintokokonaisuutta (osaamiskokonaisuus) tarjotaan esim. avoimen ammattikorkeakoulun opiskelijoille Opin.fi-palvelussa, luokitteluksi on valittava &#8221;opinfi&#8221;. Sis\u00e4ll\u00f6n valinnaisuus Valitse [&hellip;]\" \/>\n<meta property=\"og:url\" content=\"https:\/\/help.jamk.fi\/peppi-ohjeet-henkilokunnalle\/fi\/opetussuunnittelu\/opintokokonaisuus\/\" \/>\n<meta property=\"og:site_name\" content=\"Peppi-ohjeet henkil\u00f6kunnalle\" \/>\n<meta property=\"article:modified_time\" content=\"2024-09-12T09:56:37+00:00\" \/>\n<meta name=\"twitter:card\" content=\"summary_large_image\" \/>\n<meta name=\"twitter:label1\" content=\"Arvioitu lukuaika\" \/>\n\t<meta name=\"twitter:data1\" content=\"3 minuuttia\" \/>\n<script type=\"application\/ld+json\" class=\"yoast-schema-graph\">{\"@context\":\"https:\\\/\\\/schema.org\",\"@graph\":[{\"@type\":\"WebPage\",\"@id\":\"https:\\\/\\\/help.jamk.fi\\\/peppi-ohjeet-henkilokunnalle\\\/fi\\\/opetussuunnittelu\\\/opintokokonaisuus\\\/\",\"url\":\"https:\\\/\\\/help.jamk.fi\\\/peppi-ohjeet-henkilokunnalle\\\/fi\\\/opetussuunnittelu\\\/opintokokonaisuus\\\/\",\"name\":\"Opintokokonaisuudet - Peppi-ohjeet henkil\u00f6kunnalle\",\"isPartOf\":{\"@id\":\"https:\\\/\\\/help.jamk.fi\\\/peppi-ohjeet-henkilokunnalle\\\/#website\"},\"datePublished\":\"2020-09-08T09:50:10+00:00\",\"dateModified\":\"2024-09-12T09:56:37+00:00\",\"breadcrumb\":{\"@id\":\"https:\\\/\\\/help.jamk.fi\\\/peppi-ohjeet-henkilokunnalle\\\/fi\\\/opetussuunnittelu\\\/opintokokonaisuus\\\/#breadcrumb\"},\"inLanguage\":\"fi\",\"potentialAction\":[{\"@type\":\"ReadAction\",\"target\":[\"https:\\\/\\\/help.jamk.fi\\\/peppi-ohjeet-henkilokunnalle\\\/fi\\\/opetussuunnittelu\\\/opintokokonaisuus\\\/\"]}]},{\"@type\":\"BreadcrumbList\",\"@id\":\"https:\\\/\\\/help.jamk.fi\\\/peppi-ohjeet-henkilokunnalle\\\/fi\\\/opetussuunnittelu\\\/opintokokonaisuus\\\/#breadcrumb\",\"itemListElement\":[{\"@type\":\"ListItem\",\"position\":1,\"name\":\"Home\",\"item\":\"https:\\\/\\\/help.jamk.fi\\\/peppi-ohjeet-henkilokunnalle\\\/en\\\/\"},{\"@type\":\"ListItem\",\"position\":2,\"name\":\"Opetussuunnittelu\",\"item\":\"https:\\\/\\\/help.jamk.fi\\\/peppi-ohjeet-henkilokunnalle\\\/fi\\\/opetussuunnittelu\\\/\"},{\"@type\":\"ListItem\",\"position\":3,\"name\":\"Opintokokonaisuudet\"}]},{\"@type\":\"WebSite\",\"@id\":\"https:\\\/\\\/help.jamk.fi\\\/peppi-ohjeet-henkilokunnalle\\\/#website\",\"url\":\"https:\\\/\\\/help.jamk.fi\\\/peppi-ohjeet-henkilokunnalle\\\/\",\"name\":\"Peppi-ohjeet henkil\u00f6kunnalle\",\"description\":\"\",\"potentialAction\":[{\"@type\":\"SearchAction\",\"target\":{\"@type\":\"EntryPoint\",\"urlTemplate\":\"https:\\\/\\\/help.jamk.fi\\\/peppi-ohjeet-henkilokunnalle\\\/?s={search_term_string}\"},\"query-input\":{\"@type\":\"PropertyValueSpecification\",\"valueRequired\":true,\"valueName\":\"search_term_string\"}}],\"inLanguage\":\"fi\"}]}<\/script>\n<!-- \/ Yoast SEO plugin. -->","yoast_head_json":{"title":"Opintokokonaisuudet - Peppi-ohjeet henkil\u00f6kunnalle","robots":{"index":"index","follow":"follow","max-snippet":"max-snippet:-1","max-image-preview":"max-image-preview:large","max-video-preview":"max-video-preview:-1"},"canonical":"https:\/\/help.jamk.fi\/peppi-ohjeet-henkilokunnalle\/fi\/opetussuunnittelu\/opintokokonaisuus\/","og_locale":"fi_FI","og_type":"article","og_title":"Opintokokonaisuudet - Peppi-ohjeet henkil\u00f6kunnalle","og_description":"Opintokokonaisuus on opetussuunnitelman p\u00e4\u00e4elementti, jonka alle kootaan kokonaisuuteen kuuluvat opintojaksot. Opintokokonaisuus voidaan luoda vain rakenteen luomisen yhteydess\u00e4. Katso ohjeet opintokokonaisuuden tekemisest\u00e4 rakenteen ohjeista. Opintokokonaisuuden tiedot Nimi suomeksi ja englanniksi Kuvaava nimi opintokokonaisuudelle, josta selvi\u00e4\u00e4 koulutusala ja tavoiteltava osaaminen. Luokittelu Jos opintokokonaisuutta (osaamiskokonaisuus) tarjotaan esim. avoimen ammattikorkeakoulun opiskelijoille Opin.fi-palvelussa, luokitteluksi on valittava &#8221;opinfi&#8221;. Sis\u00e4ll\u00f6n valinnaisuus Valitse [&hellip;]","og_url":"https:\/\/help.jamk.fi\/peppi-ohjeet-henkilokunnalle\/fi\/opetussuunnittelu\/opintokokonaisuus\/","og_site_name":"Peppi-ohjeet henkil\u00f6kunnalle","article_modified_time":"2024-09-12T09:56:37+00:00","twitter_card":"summary_large_image","twitter_misc":{"Arvioitu lukuaika":"3 minuuttia"},"schema":{"@context":"https:\/\/schema.org","@graph":[{"@type":"WebPage","@id":"https:\/\/help.jamk.fi\/peppi-ohjeet-henkilokunnalle\/fi\/opetussuunnittelu\/opintokokonaisuus\/","url":"https:\/\/help.jamk.fi\/peppi-ohjeet-henkilokunnalle\/fi\/opetussuunnittelu\/opintokokonaisuus\/","name":"Opintokokonaisuudet - Peppi-ohjeet henkil\u00f6kunnalle","isPartOf":{"@id":"https:\/\/help.jamk.fi\/peppi-ohjeet-henkilokunnalle\/#website"},"datePublished":"2020-09-08T09:50:10+00:00","dateModified":"2024-09-12T09:56:37+00:00","breadcrumb":{"@id":"https:\/\/help.jamk.fi\/peppi-ohjeet-henkilokunnalle\/fi\/opetussuunnittelu\/opintokokonaisuus\/#breadcrumb"},"inLanguage":"fi","potentialAction":[{"@type":"ReadAction","target":["https:\/\/help.jamk.fi\/peppi-ohjeet-henkilokunnalle\/fi\/opetussuunnittelu\/opintokokonaisuus\/"]}]},{"@type":"BreadcrumbList","@id":"https:\/\/help.jamk.fi\/peppi-ohjeet-henkilokunnalle\/fi\/opetussuunnittelu\/opintokokonaisuus\/#breadcrumb","itemListElement":[{"@type":"ListItem","position":1,"name":"Home","item":"https:\/\/help.jamk.fi\/peppi-ohjeet-henkilokunnalle\/en\/"},{"@type":"ListItem","position":2,"name":"Opetussuunnittelu","item":"https:\/\/help.jamk.fi\/peppi-ohjeet-henkilokunnalle\/fi\/opetussuunnittelu\/"},{"@type":"ListItem","position":3,"name":"Opintokokonaisuudet"}]},{"@type":"WebSite","@id":"https:\/\/help.jamk.fi\/peppi-ohjeet-henkilokunnalle\/#website","url":"https:\/\/help.jamk.fi\/peppi-ohjeet-henkilokunnalle\/","name":"Peppi-ohjeet henkil\u00f6kunnalle","description":"","potentialAction":[{"@type":"SearchAction","target":{"@type":"EntryPoint","urlTemplate":"https:\/\/help.jamk.fi\/peppi-ohjeet-henkilokunnalle\/?s={search_term_string}"},"query-input":{"@type":"PropertyValueSpecification","valueRequired":true,"valueName":"search_term_string"}}],"inLanguage":"fi"}]}},"_links":{"self":[{"href":"https:\/\/help.jamk.fi\/peppi-ohjeet-henkilokunnalle\/wp-json\/wp\/v2\/pages\/4700","targetHints":{"allow":["GET"]}}],"collection":[{"href":"https:\/\/help.jamk.fi\/peppi-ohjeet-henkilokunnalle\/wp-json\/wp\/v2\/pages"}],"about":[{"href":"https:\/\/help.jamk.fi\/peppi-ohjeet-henkilokunnalle\/wp-json\/wp\/v2\/types\/page"}],"author":[{"embeddable":true,"href":"https:\/\/help.jamk.fi\/peppi-ohjeet-henkilokunnalle\/wp-json\/wp\/v2\/users\/79"}],"replies":[{"embeddable":true,"href":"https:\/\/help.jamk.fi\/peppi-ohjeet-henkilokunnalle\/wp-json\/wp\/v2\/comments?post=4700"}],"version-history":[{"count":8,"href":"https:\/\/help.jamk.fi\/peppi-ohjeet-henkilokunnalle\/wp-json\/wp\/v2\/pages\/4700\/revisions"}],"predecessor-version":[{"id":6930,"href":"https:\/\/help.jamk.fi\/peppi-ohjeet-henkilokunnalle\/wp-json\/wp\/v2\/pages\/4700\/revisions\/6930"}],"up":[{"embeddable":true,"href":"https:\/\/help.jamk.fi\/peppi-ohjeet-henkilokunnalle\/wp-json\/wp\/v2\/pages\/4510"}],"wp:attachment":[{"href":"https:\/\/help.jamk.fi\/peppi-ohjeet-henkilokunnalle\/wp-json\/wp\/v2\/media?parent=4700"}],"wp:term":[{"taxonomy":"category","embeddable":true,"href":"https:\/\/help.jamk.fi\/peppi-ohjeet-henkilokunnalle\/wp-json\/wp\/v2\/categories?post=4700"},{"taxonomy":"post_tag","embeddable":true,"href":"https:\/\/help.jamk.fi\/peppi-ohjeet-henkilokunnalle\/wp-json\/wp\/v2\/tags?post=4700"}],"curies":[{"name":"wp","href":"https:\/\/api.w.org\/{rel}","templated":true}]}}