{"id":4703,"date":"2020-09-16T08:18:03","date_gmt":"2020-09-16T05:18:03","guid":{"rendered":"https:\/\/help.jamk.fi\/peppi-ohjeet-henkilokunnalle\/opettajan-ohjeet\/opettajan-lukujarjestysvaraukset\/opettajan-lukujarjestyksien-muokkaus\/"},"modified":"2024-01-19T15:56:45","modified_gmt":"2024-01-19T13:56:45","slug":"opettajan-lukujarjestyksien-muokkaus","status":"publish","type":"page","link":"https:\/\/help.jamk.fi\/peppi-ohjeet-henkilokunnalle\/fi\/opettajan-ohjeet\/opettajan-lukujarjestysvaraukset\/opettajan-lukujarjestyksien-muokkaus\/","title":{"rendered":"Opettajan lukuj\u00e4rjestyksien ja varauksien muokkaus"},"content":{"rendered":"\n<p>Lukuj\u00e4rjestysten ja opettajien varausten teko on keskitetty yksik\u00f6ihin, ja niit\u00e4 tekev\u00e4t erikseen nimetyt henkil\u00f6t, yleens\u00e4 koulutuskoordinaattorit. Lis\u00e4ksi koulutusvastaavilla on laajat lukuj\u00e4rjestysoikeudet.<\/p>\n\n\n\n<p>Opettajilla on jonkin verran oikeuksia muokata omia lukuj\u00e4rjestyksi\u00e4\u00e4n ja heille tehtyj\u00e4 varauksia, jos on tarvetta. Varauksia muokataan ja poistetaan ainoastaan Pepiss\u00e4. Jos poistat Outlook-synkronoinnin my\u00f6t\u00e4 tulleen varauksen Outlookistasi, se ei poistu Pepist\u00e4. Outlookin kautta et voi my\u00f6sk\u00e4\u00e4n tehd\u00e4 Pepiss\u00e4 oleviin tiloihin varauksia etk\u00e4 muokata Pepiss\u00e4 olevia varauksia.<\/p>\n\n\n\n<ul class=\"wp-block-list\">\n<li>Jos opettajalle tehtyyn varaukseen on kiinnitetty ryhm\u00e4 tai toteutus, varausta muokataan ainoastaan <strong>Suunnittele ja tee opetuksen varauksia<\/strong> -toiminnossa <em>Resurssien suunnittelu ja varaus<\/em> -palvelussa<\/li>\n\n\n\n<li>Opettaja voi muokata ja poistaa ainoastaan sellaisia varauksia, joissa h\u00e4n on opettajana, eli h\u00e4nen nimens\u00e4 on <em>Varattu henkil\u00f6lle<\/em> -kent\u00e4ss\u00e4\n<ul class=\"wp-block-list\">\n<li><em>Varattu henkil\u00f6lle<\/em> -kent\u00e4ss\u00e4 voi olla useampi opettaja.<\/li>\n\n\n\n<li>Opettaja ei voi poistaa muita opettajia varaukselta tai lis\u00e4t\u00e4 muita opettajia.<\/li>\n\n\n\n<li>Lukuj\u00e4rjestysten tekij\u00e4t voivat lis\u00e4t\u00e4 ja poistaa opettajia varaukselle.<\/li>\n<\/ul>\n<\/li>\n\n\n\n<li>Opettaja voi poistaa yksitt\u00e4isen tunnin luokkatilasta, jos tunti perutaan esimerkiksi sairastumisen takia\n<ul class=\"wp-block-list\">\n<li>Jos toteutuksella on useampi opettaja, varaus poistuu kaikilta opettajilta.<\/li>\n<\/ul>\n<\/li>\n\n\n\n<li>Opettaja ei voi muuttaa opetuksen aikaa tai paikkaa, jos sille on varattu tila. Tila- ja aikamuutokset tekee yksik\u00f6n\/alan lukkarintekij\u00e4.<\/li>\n\n\n\n<li>Jos varauksella ei ole tilaa, opettaja voi muokata ajankohtaa ja kestoa sek\u00e4 lis\u00e4t\u00e4 ja poistaa yksitt\u00e4isi\u00e4 opettajia.<\/li>\n\n\n\n<li>Opettaja voi tehd\u00e4 tilattoman varauksen, eli jos kontakti pidet\u00e4\u00e4n esimerkiksi Zoomissa.<\/li>\n<\/ul>\n\n\n\n<ul class=\"wp-block-list\">\n<li><a href=\"https:\/\/help.jamk.fi\/peppi-ohjeet-henkilokunnalle\/fi\/resurssien-suunnittelu-ja-varaus\/varauksen-tekeminen\/\">Lis\u00e4\u00e4 varausohjeita on esimerkiksi t\u00e4\u00e4ll\u00e4<\/a><\/li>\n<\/ul>\n\n\n\n<h2 class=\"wp-block-heading\">Varauksen poistaminen<\/h2>\n\n\n\n<ul class=\"wp-block-list\">\n<li>Mene <strong>Suunnittele ja tee opetuksen varauksia<\/strong> -toimintoon <em>Resurssien suunnittelu ja varaus<\/em> -palvelussa<\/li>\n\n\n\n<li>Voit etsi\u00e4 haluamasi toteutuksen useilla eri tavoilla\n<ul class=\"wp-block-list\">\n<li>Kirjoita nimesi <em>Henkil\u00f6t<\/em>-kentt\u00e4\u00e4n<\/li>\n\n\n\n<li>Tarvittaessa kirjoita etsim\u00e4si toteutus <em>Toteutus<\/em>-kentt\u00e4\u00e4n<\/li>\n\n\n\n<li>Tarvittaessa kirjoita etsim\u00e4si ryhm\u00e4 <em>Ryhm\u00e4<\/em>-kentt\u00e4\u00e4n<\/li>\n<\/ul>\n<\/li>\n\n\n\n<li>Siirry kalenterissa haluamaasi p\u00e4iv\u00e4m\u00e4\u00e4r\u00e4\u00e4n joko nuolipainikkeilla tai <em>Siirry p\u00e4iv\u00e4\u00e4n<\/em> -painikkeilla<\/li>\n\n\n\n<li>Kalenterin asetuksista voit muokata kalenterin n\u00e4kymi\u00e4<\/li>\n\n\n\n<li>Jos sinulla on muokkaus- ja poisto-oikeus, varauksen yl\u00e4kulmassa n\u00e4kyy mutterin kuva. Klikkaa mutterin kuvaketta ja valitse, mit\u00e4 haluat tehd\u00e4.<\/li>\n<\/ul>\n\n\n\n<p><em>Poista<\/em>-valinta poistaa koko kyseisen varauksen, jolloin se ei en\u00e4\u00e4 n\u00e4y omassa kalenterissasi eik\u00e4 opiskelijoiden kalenterissa. Oletuksena poistetaan vain valittu p\u00e4iv\u00e4. Jos varaukseen on kiinnitetty muita opettajia, varaus poistuu my\u00f6s heid\u00e4n kalentereistaan.<\/p>\n\n\n\n<p>Jos tied\u00e4t, ett\u00e4 useampi kontakti perutaan, voit ruksia kaikki poistettavat kontaktit kerralla. Paina lopuksi <em>Poista<\/em>. Jos et haluakaan poistaa varausta, paina <em>Peruuta<\/em>.<\/p>\n\n\n\n<figure class=\"wp-block-image size-large\"><img loading=\"lazy\" decoding=\"async\" width=\"263\" height=\"640\" src=\"https:\/\/help.jamk.fi\/peppi-ohjeet-henkilokunnalle\/wp-content\/uploads\/sites\/131\/2020\/09\/Varauksen-poisto.jpg\" alt=\"\" class=\"wp-image-2098\"\/><\/figure>\n\n\n\n<p>Huom! Jos poistat vahingossa sellaisen varauksen, joka on ollut tilassa, ota yhteys omaan lukkarintekij\u00e4\u00e4si. H\u00e4n saa tehty\u00e4 varauksen takaisin.<\/p>\n\n\n\n<h2 class=\"wp-block-heading\">Varausten massamuokkaus<\/h2>\n\n\n\n<p><a href=\"https:\/\/help.jamk.fi\/peppi-ohjeet-henkilokunnalle\/fi\/resurssien-suunnittelu-ja-varaus\/varausten-listaus-ja-massahallinta\/\">Varausten massamuokkaukseen on tarkemmat ohjeet t\u00e4\u00e4ll\u00e4<\/a>.<\/p>\n\n\n\n<h2 class=\"wp-block-heading\">Tilattoman varauksen muokkaus &#8211; ulkopuolinen tila<\/h2>\n\n\n\n<p>Jos toteutus vaihtuukin esimerkiksi l\u00e4sn\u00e4opetuksesta et\u00e4opetukseen, opettaja voi tehd\u00e4 t\u00e4m\u00e4n muutoksen.<\/p>\n\n\n\n<ul class=\"wp-block-list\">\n<li>Mene <strong>Suunnittele ja tee opetuksen varauksia<\/strong> -toimintoon <em>Resurssien suunnittelu ja varaus<\/em> -palvelussa<\/li>\n\n\n\n<li>Voit etsi\u00e4 haluamasi toteutuksen useilla eri tavoilla\n<ul class=\"wp-block-list\">\n<li>Kirjoita nimesi <em>Henkil\u00f6t<\/em>-kentt\u00e4\u00e4n<\/li>\n\n\n\n<li>Tarvittaessa kirjoita etsim\u00e4si toteutus <em>Toteutus<\/em>-kentt\u00e4\u00e4n<\/li>\n\n\n\n<li>Tarvittaessa kirjoita etsim\u00e4si ryhm\u00e4 <em>Ryhm\u00e4<\/em>-kentt\u00e4\u00e4n<\/li>\n<\/ul>\n<\/li>\n\n\n\n<li>Siirry kalenterissa haluamaasi p\u00e4iv\u00e4m\u00e4\u00e4r\u00e4\u00e4n joko nuolipainikkeilla tai <em>Siirry p\u00e4iv\u00e4\u00e4n<\/em> -painikkeilla<\/li>\n\n\n\n<li>Kalenterin asetuksista voit muokata kalenterin n\u00e4kymi\u00e4<\/li>\n\n\n\n<li>Jos sinulla on muokkaus- ja poisto-oikeus, varauksen yl\u00e4kulmassa n\u00e4kyy mutterin kuva. Klikkaa mutterin kuvaketta ja valitse, mit\u00e4 haluat tehd\u00e4.<\/li>\n<\/ul>\n\n\n\n<p>Poista <em>Tilat<\/em>-kohdasta tila ruksilla ja valitse <em>Ulkopuolinen tila<\/em>.<\/p>\n\n\n\n<ul class=\"wp-block-list\">\n<li>Kirjoita <em>Aihe<\/em>-kentt\u00e4\u00e4n, miss\u00e4 opetus pidet\u00e4\u00e4n. Se voi olla fyysinen tila jossain muualla tai verkko-oppimisymp\u00e4rist\u00f6.\n<ul class=\"wp-block-list\">\n<li>Jos opetus on verkossa, voit toimia t\u00e4llaisilla tavoilla:\n<ul class=\"wp-block-list\">\n<li>Kirjoita <em>Aihe<\/em>-kentt\u00e4\u00e4n, miss\u00e4 opetus on. Pepiss\u00e4 n\u00e4kyy t\u00e4ll\u00f6in tilana t\u00e4h\u00e4n kohtaan kirjoittamasi paikka. Lis\u00e4\u00e4 <em>Karttalinkki tai muu www-osoite<\/em> -kentt\u00e4\u00e4n linkki. Jotta linkki n\u00e4kyy Tuudossa, lis\u00e4\u00e4 linkki my\u00f6s Lis\u00e4tiedot-kentt\u00e4\u00e4n.<\/li>\n\n\n\n<li>Jos j\u00e4t\u00e4t <em>Aihe<\/em>-kent\u00e4n tyhj\u00e4ksi ja laitat linkin vain <em>Karttalinkki tai muu www-osoite<\/em> -kentt\u00e4\u00e4n, linkki n\u00e4kyy suoraan painikkeena Tuudossa. Pepin kalenterissa ei n\u00e4y suoraan tilatietoa eik\u00e4 linkki\u00e4, mutta varausta klikkaamalla saat linkin.<\/li>\n<\/ul>\n<\/li>\n<\/ul>\n<\/li>\n\n\n\n<li>Kopioi <em>Karttalinkki tai muu www-osoite<\/em> -kentt\u00e4\u00e4n esimerkiksi Zoom-linkki. Tarkista kopioimasi linkki, jottei siin\u00e4 esimerkiksi ole kahteen kertaan https:\/\/, jotta linkki toimii opiskelijoille.<\/li>\n\n\n\n<li><em>Karttalinkki tai muu www-osoite<\/em> -kentt\u00e4\u00e4n tehty linkki toimii opiskelijoilla Tuudossa ja lukkarikoneessa, jos se on tehty oikein. Voit testata linkin toimivuutta esimerkiksi lukkarikoneessa.<\/li>\n\n\n\n<li>Huomioithan, ett\u00e4 lukkarikone on julkinen sivu, joten julkinen linkki on kenen tahansa klikattavissa. Jos pist\u00e4t salasanan ja huonetiedot <em>Lis\u00e4tieto<\/em>-kentt\u00e4\u00e4n, ne n\u00e4kyv\u00e4t my\u00f6s lukkarikoneessa ja Tuudossa.<\/li>\n\n\n\n<li>Jos haluat varmistaa, ett\u00e4 tilaasi p\u00e4\u00e4see Zoomissa tai Teamsissa ainoastaan opiskelijasi, k\u00e4yt\u00e4 odotustilaa. Teams-kokouksessa odotustila asetetaan kokousasetuksissa, Zoomin asetuksissa valitaan Waiting room.<\/li>\n<\/ul>\n\n\n\n<p>Tilattomaan varaukseen voit my\u00f6s lis\u00e4t\u00e4 tai poistaa opettajia <em>Varattu henkil\u00f6lle<\/em> -kohtaan sek\u00e4 tarvittaessa muokata my\u00f6s aikaa.<\/p>\n\n\n\n<h2 class=\"wp-block-heading\">Varauksen teko &#8211; ulkopuolinen tila<\/h2>\n\n\n\n<p>Opettaja voi tehd\u00e4 uusia varauksia sellaiselle toteutukselle, jolle h\u00e4net on kiinnitetty opettajaksi.<\/p>\n\n\n\n<ul class=\"wp-block-list\">\n<li>Mene <strong>Suunnittele ja tee opetuksen varauksia<\/strong> -toimintoon <em>Resurssien suunnittelu ja varaus<\/em> -palvelussa<\/li>\n\n\n\n<li>Voit etsi\u00e4 haluamasi toteutuksen useilla eri tavoilla\n<ul class=\"wp-block-list\">\n<li>Kirjoita nimesi <em>Henkil\u00f6t<\/em>-kentt\u00e4\u00e4n<\/li>\n\n\n\n<li>Tarvittaessa kirjoita etsim\u00e4si toteutus <em>Toteutus<\/em>-kentt\u00e4\u00e4n<\/li>\n\n\n\n<li>Tarvittaessa kirjoita etsim\u00e4si ryhm\u00e4 <em>Ryhm\u00e4<\/em>-kentt\u00e4\u00e4n<\/li>\n<\/ul>\n<\/li>\n\n\n\n<li>Siirry kalenterissa haluamaasi p\u00e4iv\u00e4m\u00e4\u00e4r\u00e4\u00e4n joko nuolipainikkeilla tai <em>Siirry p\u00e4iv\u00e4\u00e4n<\/em> -painikkeilla<\/li>\n\n\n\n<li>Kalenterin asetuksista voit muokata kalenterin n\u00e4kymi\u00e4<\/li>\n\n\n\n<li>Jos sinulla on muokkaus- ja poisto-oikeus, varauksen yl\u00e4kulmassa n\u00e4kyy mutterin kuva. Klikkaa mutterin kuvaketta ja valitse, mit\u00e4 haluat tehd\u00e4.<\/li>\n<\/ul>\n\n\n\n<ul class=\"wp-block-list\">\n<li>Etsi kalenterista haluamasi ajankohta ja joko klikkaa haluamaasi ajankohtaa tai maalaa haluamasi ajankohta.<\/li>\n\n\n\n<li>Varauslomakkeelle p\u00e4ivittyy automaattisesti toteutus-, ryhm\u00e4- ja opettaja-tiedot. Samaten kustannuspaikkatiedot p\u00e4ivittyv\u00e4t automaattisesti.<\/li>\n\n\n\n<li>Voit lis\u00e4t\u00e4 ja poistaa opettajia<\/li>\n\n\n\n<li>Voit muokata ajankohtaa ja kellonaikaa<\/li>\n\n\n\n<li>Lis\u00e4\u00e4 tila <em>Ulkopuolinen tila<\/em> -painikkeella.<\/li>\n<\/ul>\n\n\n\n<ul class=\"wp-block-list\">\n<li>Kirjoita <em>Aihe<\/em>-kentt\u00e4\u00e4n, miss\u00e4 opetus pidet\u00e4\u00e4n. Se voi olla fyysinen tila jossain muualla tai verkko-oppimisymp\u00e4rist\u00f6.\n<ul class=\"wp-block-list\">\n<li>Jos opetus on verkossa, voit toimia t\u00e4llaisilla tavoilla:\n<ul class=\"wp-block-list\">\n<li>Kirjoita <em>Aihe<\/em>-kentt\u00e4\u00e4n, miss\u00e4 opetus on. Pepiss\u00e4 n\u00e4kyy t\u00e4ll\u00f6in tilana t\u00e4h\u00e4n kohtaan kirjoittamasi paikka. Lis\u00e4\u00e4 <em>Karttalinkki tai muu www-osoite<\/em> -kentt\u00e4\u00e4n linkki. Jotta linkki n\u00e4kyy Tuudossa, lis\u00e4\u00e4 linkki my\u00f6s Lis\u00e4tiedot-kentt\u00e4\u00e4n.<\/li>\n\n\n\n<li>Jos j\u00e4t\u00e4t <em>Aihe<\/em>-kent\u00e4n tyhj\u00e4ksi ja laitat linkin vain <em>Karttalinkki tai muu www-osoite<\/em> -kentt\u00e4\u00e4n, linkki n\u00e4kyy suoraan painikkeena Tuudossa. Pepin kalenterissa ei n\u00e4y suoraan tilatietoa eik\u00e4 linkki\u00e4, mutta varausta klikkaamalla saat linkin.<\/li>\n<\/ul>\n<\/li>\n<\/ul>\n<\/li>\n\n\n\n<li>Kopioi <em>Karttalinkki tai muu www-osoite<\/em> -kentt\u00e4\u00e4n esimerkiksi Zoom-linkki. Tarkista kopioimasi linkki, jottei siin\u00e4 esimerkiksi ole kahteen kertaan https:\/\/, jotta linkki toimii opiskelijoille.<\/li>\n\n\n\n<li><em>Karttalinkki tai muu www-osoite<\/em> -kentt\u00e4\u00e4n tehty linkki toimii opiskelijoilla Tuudossa ja lukkarikoneessa, jos se on tehty oikein. Voit testata linkin toimivuutta esimerkiksi lukkarikoneessa.<\/li>\n\n\n\n<li>Huomioithan, ett\u00e4 lukkarikone on julkinen sivu, joten julkinen linkki on kenen tahansa klikattavissa. Jos pist\u00e4t salasanan ja huonetiedot <em>Lis\u00e4tieto<\/em>-kentt\u00e4\u00e4n, ne n\u00e4kyv\u00e4t my\u00f6s lukkarikoneessa ja Tuudossa.<\/li>\n\n\n\n<li>Jos haluat varmistaa, ett\u00e4 tilaasi p\u00e4\u00e4see Zoomissa tai Teamsissa ainoastaan opiskelijasi, k\u00e4yt\u00e4 odotustilaa. Teams-kokouksessa odotustila asetetaan kokousasetuksissa, Zoomin asetuksissa valitaan Waiting room.<\/li>\n<\/ul>\n","protected":false},"excerpt":{"rendered":"<p>Lukuj\u00e4rjestysten ja opettajien varausten teko on keskitetty yksik\u00f6ihin, ja niit\u00e4 tekev\u00e4t erikseen nimetyt henkil\u00f6t, yleens\u00e4 koulutuskoordinaattorit. Lis\u00e4ksi koulutusvastaavilla on laajat lukuj\u00e4rjestysoikeudet. Opettajilla on jonkin verran oikeuksia muokata omia lukuj\u00e4rjestyksi\u00e4\u00e4n ja heille tehtyj\u00e4 varauksia, jos on tarvetta. Varauksia muokataan ja poistetaan ainoastaan Pepiss\u00e4. Jos poistat Outlook-synkronoinnin my\u00f6t\u00e4 tulleen varauksen Outlookistasi, se ei poistu Pepist\u00e4. Outlookin kautta [&hellip;]<\/p>\n","protected":false},"author":76,"featured_media":0,"parent":4696,"menu_order":2,"comment_status":"closed","ping_status":"open","template":"","meta":{"_acf_changed":false,"_relevanssi_hide_post":"","_relevanssi_hide_content":"","_relevanssi_pin_for_all":"","_relevanssi_pin_keywords":"","_relevanssi_unpin_keywords":"","_relevanssi_related_keywords":"","_relevanssi_related_include_ids":"","_relevanssi_related_exclude_ids":"","_relevanssi_related_no_append":"","_relevanssi_related_not_related":"","_relevanssi_related_posts":"","_relevanssi_noindex_reason":"","footnotes":""},"categories":[1],"tags":[],"class_list":["post-4703","page","type-page","status-publish","hentry","category-uncategorised"],"acf":[],"yoast_head":"<!-- This site is optimized with the Yoast SEO plugin v27.3 - https:\/\/yoast.com\/product\/yoast-seo-wordpress\/ -->\n<title>Opettajan lukuj\u00e4rjestyksien ja varauksien muokkaus - Peppi-ohjeet henkil\u00f6kunnalle<\/title>\n<meta name=\"robots\" content=\"index, follow, max-snippet:-1, max-image-preview:large, max-video-preview:-1\" \/>\n<link rel=\"canonical\" href=\"https:\/\/help.jamk.fi\/peppi-ohjeet-henkilokunnalle\/fi\/opettajan-ohjeet\/opettajan-lukujarjestysvaraukset\/opettajan-lukujarjestyksien-muokkaus\/\" \/>\n<meta property=\"og:locale\" content=\"fi_FI\" \/>\n<meta property=\"og:type\" content=\"article\" \/>\n<meta property=\"og:title\" content=\"Opettajan lukuj\u00e4rjestyksien ja varauksien muokkaus - Peppi-ohjeet henkil\u00f6kunnalle\" \/>\n<meta property=\"og:description\" content=\"Lukuj\u00e4rjestysten ja opettajien varausten teko on keskitetty yksik\u00f6ihin, ja niit\u00e4 tekev\u00e4t erikseen nimetyt henkil\u00f6t, yleens\u00e4 koulutuskoordinaattorit. Lis\u00e4ksi koulutusvastaavilla on laajat lukuj\u00e4rjestysoikeudet. Opettajilla on jonkin verran oikeuksia muokata omia lukuj\u00e4rjestyksi\u00e4\u00e4n ja heille tehtyj\u00e4 varauksia, jos on tarvetta. Varauksia muokataan ja poistetaan ainoastaan Pepiss\u00e4. Jos poistat Outlook-synkronoinnin my\u00f6t\u00e4 tulleen varauksen Outlookistasi, se ei poistu Pepist\u00e4. Outlookin kautta [&hellip;]\" \/>\n<meta property=\"og:url\" content=\"https:\/\/help.jamk.fi\/peppi-ohjeet-henkilokunnalle\/fi\/opettajan-ohjeet\/opettajan-lukujarjestysvaraukset\/opettajan-lukujarjestyksien-muokkaus\/\" \/>\n<meta property=\"og:site_name\" content=\"Peppi-ohjeet henkil\u00f6kunnalle\" \/>\n<meta property=\"article:modified_time\" content=\"2024-01-19T13:56:45+00:00\" \/>\n<meta property=\"og:image\" content=\"https:\/\/help.jamk.fi\/peppi-ohjeet-henkilokunnalle\/wp-content\/uploads\/sites\/131\/2020\/09\/Varauksen-poisto.jpg\" \/>\n<meta name=\"twitter:card\" content=\"summary_large_image\" \/>\n<meta name=\"twitter:label1\" content=\"Arvioitu lukuaika\" \/>\n\t<meta name=\"twitter:data1\" content=\"3 minuuttia\" \/>\n<script type=\"application\/ld+json\" class=\"yoast-schema-graph\">{\"@context\":\"https:\\\/\\\/schema.org\",\"@graph\":[{\"@type\":\"WebPage\",\"@id\":\"https:\\\/\\\/help.jamk.fi\\\/peppi-ohjeet-henkilokunnalle\\\/fi\\\/opettajan-ohjeet\\\/opettajan-lukujarjestysvaraukset\\\/opettajan-lukujarjestyksien-muokkaus\\\/\",\"url\":\"https:\\\/\\\/help.jamk.fi\\\/peppi-ohjeet-henkilokunnalle\\\/fi\\\/opettajan-ohjeet\\\/opettajan-lukujarjestysvaraukset\\\/opettajan-lukujarjestyksien-muokkaus\\\/\",\"name\":\"Opettajan lukuj\u00e4rjestyksien ja varauksien muokkaus - Peppi-ohjeet henkil\u00f6kunnalle\",\"isPartOf\":{\"@id\":\"https:\\\/\\\/help.jamk.fi\\\/peppi-ohjeet-henkilokunnalle\\\/#website\"},\"primaryImageOfPage\":{\"@id\":\"https:\\\/\\\/help.jamk.fi\\\/peppi-ohjeet-henkilokunnalle\\\/fi\\\/opettajan-ohjeet\\\/opettajan-lukujarjestysvaraukset\\\/opettajan-lukujarjestyksien-muokkaus\\\/#primaryimage\"},\"image\":{\"@id\":\"https:\\\/\\\/help.jamk.fi\\\/peppi-ohjeet-henkilokunnalle\\\/fi\\\/opettajan-ohjeet\\\/opettajan-lukujarjestysvaraukset\\\/opettajan-lukujarjestyksien-muokkaus\\\/#primaryimage\"},\"thumbnailUrl\":\"https:\\\/\\\/help.jamk.fi\\\/peppi-ohjeet-henkilokunnalle\\\/wp-content\\\/uploads\\\/sites\\\/131\\\/2020\\\/09\\\/Varauksen-poisto.jpg\",\"datePublished\":\"2020-09-16T05:18:03+00:00\",\"dateModified\":\"2024-01-19T13:56:45+00:00\",\"breadcrumb\":{\"@id\":\"https:\\\/\\\/help.jamk.fi\\\/peppi-ohjeet-henkilokunnalle\\\/fi\\\/opettajan-ohjeet\\\/opettajan-lukujarjestysvaraukset\\\/opettajan-lukujarjestyksien-muokkaus\\\/#breadcrumb\"},\"inLanguage\":\"fi\",\"potentialAction\":[{\"@type\":\"ReadAction\",\"target\":[\"https:\\\/\\\/help.jamk.fi\\\/peppi-ohjeet-henkilokunnalle\\\/fi\\\/opettajan-ohjeet\\\/opettajan-lukujarjestysvaraukset\\\/opettajan-lukujarjestyksien-muokkaus\\\/\"]}]},{\"@type\":\"ImageObject\",\"inLanguage\":\"fi\",\"@id\":\"https:\\\/\\\/help.jamk.fi\\\/peppi-ohjeet-henkilokunnalle\\\/fi\\\/opettajan-ohjeet\\\/opettajan-lukujarjestysvaraukset\\\/opettajan-lukujarjestyksien-muokkaus\\\/#primaryimage\",\"url\":\"https:\\\/\\\/help.jamk.fi\\\/peppi-ohjeet-henkilokunnalle\\\/wp-content\\\/uploads\\\/sites\\\/131\\\/2020\\\/09\\\/Varauksen-poisto.jpg\",\"contentUrl\":\"https:\\\/\\\/help.jamk.fi\\\/peppi-ohjeet-henkilokunnalle\\\/wp-content\\\/uploads\\\/sites\\\/131\\\/2020\\\/09\\\/Varauksen-poisto.jpg\",\"width\":263,\"height\":640},{\"@type\":\"BreadcrumbList\",\"@id\":\"https:\\\/\\\/help.jamk.fi\\\/peppi-ohjeet-henkilokunnalle\\\/fi\\\/opettajan-ohjeet\\\/opettajan-lukujarjestysvaraukset\\\/opettajan-lukujarjestyksien-muokkaus\\\/#breadcrumb\",\"itemListElement\":[{\"@type\":\"ListItem\",\"position\":1,\"name\":\"Home\",\"item\":\"https:\\\/\\\/help.jamk.fi\\\/peppi-ohjeet-henkilokunnalle\\\/en\\\/\"},{\"@type\":\"ListItem\",\"position\":2,\"name\":\"Opettajan ohjeet\",\"item\":\"https:\\\/\\\/help.jamk.fi\\\/peppi-ohjeet-henkilokunnalle\\\/fi\\\/opettajan-ohjeet\\\/\"},{\"@type\":\"ListItem\",\"position\":3,\"name\":\"Opettajan tilavaraukset\",\"item\":\"https:\\\/\\\/help.jamk.fi\\\/peppi-ohjeet-henkilokunnalle\\\/fi\\\/opettajan-ohjeet\\\/opettajan-lukujarjestysvaraukset\\\/\"},{\"@type\":\"ListItem\",\"position\":4,\"name\":\"Opettajan lukuj\u00e4rjestyksien ja varauksien muokkaus\"}]},{\"@type\":\"WebSite\",\"@id\":\"https:\\\/\\\/help.jamk.fi\\\/peppi-ohjeet-henkilokunnalle\\\/#website\",\"url\":\"https:\\\/\\\/help.jamk.fi\\\/peppi-ohjeet-henkilokunnalle\\\/\",\"name\":\"Peppi-ohjeet henkil\u00f6kunnalle\",\"description\":\"\",\"potentialAction\":[{\"@type\":\"SearchAction\",\"target\":{\"@type\":\"EntryPoint\",\"urlTemplate\":\"https:\\\/\\\/help.jamk.fi\\\/peppi-ohjeet-henkilokunnalle\\\/?s={search_term_string}\"},\"query-input\":{\"@type\":\"PropertyValueSpecification\",\"valueRequired\":true,\"valueName\":\"search_term_string\"}}],\"inLanguage\":\"fi\"}]}<\/script>\n<!-- \/ Yoast SEO plugin. -->","yoast_head_json":{"title":"Opettajan lukuj\u00e4rjestyksien ja varauksien muokkaus - Peppi-ohjeet henkil\u00f6kunnalle","robots":{"index":"index","follow":"follow","max-snippet":"max-snippet:-1","max-image-preview":"max-image-preview:large","max-video-preview":"max-video-preview:-1"},"canonical":"https:\/\/help.jamk.fi\/peppi-ohjeet-henkilokunnalle\/fi\/opettajan-ohjeet\/opettajan-lukujarjestysvaraukset\/opettajan-lukujarjestyksien-muokkaus\/","og_locale":"fi_FI","og_type":"article","og_title":"Opettajan lukuj\u00e4rjestyksien ja varauksien muokkaus - Peppi-ohjeet henkil\u00f6kunnalle","og_description":"Lukuj\u00e4rjestysten ja opettajien varausten teko on keskitetty yksik\u00f6ihin, ja niit\u00e4 tekev\u00e4t erikseen nimetyt henkil\u00f6t, yleens\u00e4 koulutuskoordinaattorit. Lis\u00e4ksi koulutusvastaavilla on laajat lukuj\u00e4rjestysoikeudet. Opettajilla on jonkin verran oikeuksia muokata omia lukuj\u00e4rjestyksi\u00e4\u00e4n ja heille tehtyj\u00e4 varauksia, jos on tarvetta. Varauksia muokataan ja poistetaan ainoastaan Pepiss\u00e4. Jos poistat Outlook-synkronoinnin my\u00f6t\u00e4 tulleen varauksen Outlookistasi, se ei poistu Pepist\u00e4. Outlookin kautta [&hellip;]","og_url":"https:\/\/help.jamk.fi\/peppi-ohjeet-henkilokunnalle\/fi\/opettajan-ohjeet\/opettajan-lukujarjestysvaraukset\/opettajan-lukujarjestyksien-muokkaus\/","og_site_name":"Peppi-ohjeet henkil\u00f6kunnalle","article_modified_time":"2024-01-19T13:56:45+00:00","og_image":[{"url":"https:\/\/help.jamk.fi\/peppi-ohjeet-henkilokunnalle\/wp-content\/uploads\/sites\/131\/2020\/09\/Varauksen-poisto.jpg","type":"","width":"","height":""}],"twitter_card":"summary_large_image","twitter_misc":{"Arvioitu lukuaika":"3 minuuttia"},"schema":{"@context":"https:\/\/schema.org","@graph":[{"@type":"WebPage","@id":"https:\/\/help.jamk.fi\/peppi-ohjeet-henkilokunnalle\/fi\/opettajan-ohjeet\/opettajan-lukujarjestysvaraukset\/opettajan-lukujarjestyksien-muokkaus\/","url":"https:\/\/help.jamk.fi\/peppi-ohjeet-henkilokunnalle\/fi\/opettajan-ohjeet\/opettajan-lukujarjestysvaraukset\/opettajan-lukujarjestyksien-muokkaus\/","name":"Opettajan lukuj\u00e4rjestyksien ja varauksien muokkaus - Peppi-ohjeet henkil\u00f6kunnalle","isPartOf":{"@id":"https:\/\/help.jamk.fi\/peppi-ohjeet-henkilokunnalle\/#website"},"primaryImageOfPage":{"@id":"https:\/\/help.jamk.fi\/peppi-ohjeet-henkilokunnalle\/fi\/opettajan-ohjeet\/opettajan-lukujarjestysvaraukset\/opettajan-lukujarjestyksien-muokkaus\/#primaryimage"},"image":{"@id":"https:\/\/help.jamk.fi\/peppi-ohjeet-henkilokunnalle\/fi\/opettajan-ohjeet\/opettajan-lukujarjestysvaraukset\/opettajan-lukujarjestyksien-muokkaus\/#primaryimage"},"thumbnailUrl":"https:\/\/help.jamk.fi\/peppi-ohjeet-henkilokunnalle\/wp-content\/uploads\/sites\/131\/2020\/09\/Varauksen-poisto.jpg","datePublished":"2020-09-16T05:18:03+00:00","dateModified":"2024-01-19T13:56:45+00:00","breadcrumb":{"@id":"https:\/\/help.jamk.fi\/peppi-ohjeet-henkilokunnalle\/fi\/opettajan-ohjeet\/opettajan-lukujarjestysvaraukset\/opettajan-lukujarjestyksien-muokkaus\/#breadcrumb"},"inLanguage":"fi","potentialAction":[{"@type":"ReadAction","target":["https:\/\/help.jamk.fi\/peppi-ohjeet-henkilokunnalle\/fi\/opettajan-ohjeet\/opettajan-lukujarjestysvaraukset\/opettajan-lukujarjestyksien-muokkaus\/"]}]},{"@type":"ImageObject","inLanguage":"fi","@id":"https:\/\/help.jamk.fi\/peppi-ohjeet-henkilokunnalle\/fi\/opettajan-ohjeet\/opettajan-lukujarjestysvaraukset\/opettajan-lukujarjestyksien-muokkaus\/#primaryimage","url":"https:\/\/help.jamk.fi\/peppi-ohjeet-henkilokunnalle\/wp-content\/uploads\/sites\/131\/2020\/09\/Varauksen-poisto.jpg","contentUrl":"https:\/\/help.jamk.fi\/peppi-ohjeet-henkilokunnalle\/wp-content\/uploads\/sites\/131\/2020\/09\/Varauksen-poisto.jpg","width":263,"height":640},{"@type":"BreadcrumbList","@id":"https:\/\/help.jamk.fi\/peppi-ohjeet-henkilokunnalle\/fi\/opettajan-ohjeet\/opettajan-lukujarjestysvaraukset\/opettajan-lukujarjestyksien-muokkaus\/#breadcrumb","itemListElement":[{"@type":"ListItem","position":1,"name":"Home","item":"https:\/\/help.jamk.fi\/peppi-ohjeet-henkilokunnalle\/en\/"},{"@type":"ListItem","position":2,"name":"Opettajan ohjeet","item":"https:\/\/help.jamk.fi\/peppi-ohjeet-henkilokunnalle\/fi\/opettajan-ohjeet\/"},{"@type":"ListItem","position":3,"name":"Opettajan tilavaraukset","item":"https:\/\/help.jamk.fi\/peppi-ohjeet-henkilokunnalle\/fi\/opettajan-ohjeet\/opettajan-lukujarjestysvaraukset\/"},{"@type":"ListItem","position":4,"name":"Opettajan lukuj\u00e4rjestyksien ja varauksien muokkaus"}]},{"@type":"WebSite","@id":"https:\/\/help.jamk.fi\/peppi-ohjeet-henkilokunnalle\/#website","url":"https:\/\/help.jamk.fi\/peppi-ohjeet-henkilokunnalle\/","name":"Peppi-ohjeet henkil\u00f6kunnalle","description":"","potentialAction":[{"@type":"SearchAction","target":{"@type":"EntryPoint","urlTemplate":"https:\/\/help.jamk.fi\/peppi-ohjeet-henkilokunnalle\/?s={search_term_string}"},"query-input":{"@type":"PropertyValueSpecification","valueRequired":true,"valueName":"search_term_string"}}],"inLanguage":"fi"}]}},"_links":{"self":[{"href":"https:\/\/help.jamk.fi\/peppi-ohjeet-henkilokunnalle\/wp-json\/wp\/v2\/pages\/4703","targetHints":{"allow":["GET"]}}],"collection":[{"href":"https:\/\/help.jamk.fi\/peppi-ohjeet-henkilokunnalle\/wp-json\/wp\/v2\/pages"}],"about":[{"href":"https:\/\/help.jamk.fi\/peppi-ohjeet-henkilokunnalle\/wp-json\/wp\/v2\/types\/page"}],"author":[{"embeddable":true,"href":"https:\/\/help.jamk.fi\/peppi-ohjeet-henkilokunnalle\/wp-json\/wp\/v2\/users\/76"}],"replies":[{"embeddable":true,"href":"https:\/\/help.jamk.fi\/peppi-ohjeet-henkilokunnalle\/wp-json\/wp\/v2\/comments?post=4703"}],"version-history":[{"count":4,"href":"https:\/\/help.jamk.fi\/peppi-ohjeet-henkilokunnalle\/wp-json\/wp\/v2\/pages\/4703\/revisions"}],"predecessor-version":[{"id":6325,"href":"https:\/\/help.jamk.fi\/peppi-ohjeet-henkilokunnalle\/wp-json\/wp\/v2\/pages\/4703\/revisions\/6325"}],"up":[{"embeddable":true,"href":"https:\/\/help.jamk.fi\/peppi-ohjeet-henkilokunnalle\/wp-json\/wp\/v2\/pages\/4696"}],"wp:attachment":[{"href":"https:\/\/help.jamk.fi\/peppi-ohjeet-henkilokunnalle\/wp-json\/wp\/v2\/media?parent=4703"}],"wp:term":[{"taxonomy":"category","embeddable":true,"href":"https:\/\/help.jamk.fi\/peppi-ohjeet-henkilokunnalle\/wp-json\/wp\/v2\/categories?post=4703"},{"taxonomy":"post_tag","embeddable":true,"href":"https:\/\/help.jamk.fi\/peppi-ohjeet-henkilokunnalle\/wp-json\/wp\/v2\/tags?post=4703"}],"curies":[{"name":"wp","href":"https:\/\/api.w.org\/{rel}","templated":true}]}}