{"id":4705,"date":"2020-09-24T06:30:56","date_gmt":"2020-09-24T03:30:56","guid":{"rendered":"https:\/\/help.jamk.fi\/peppi-ohjeet-henkilokunnalle\/opiskelijahallinto\/atomi\/"},"modified":"2024-01-19T15:53:40","modified_gmt":"2024-01-19T13:53:40","slug":"atomi","status":"publish","type":"page","link":"https:\/\/help.jamk.fi\/peppi-ohjeet-henkilokunnalle\/fi\/opiskelijahallinto\/atomi\/","title":{"rendered":"Atomi -palvelu"},"content":{"rendered":"\n<p>Atomi on opiskelijoille ja henkil\u00f6kunnalle tarkoitettu palvelu, joka sujuvoittaa hallinnollista prosessia opiskelijan tarvitsemien tulosteiden ja raporttien tuottamisessa. Atomi luo s\u00e4hk\u00f6isen allekirjoituksen joko suoraan integroidusta l\u00e4hdej\u00e4rjestelm\u00e4st\u00e4 haettavista tiedoista muodostettuun tulosteeseen tai erilliseen dokumenttiin.<\/p>\n\n\n\n<p><br>Atomi-palvelun l\u00f6yd\u00e4t korkeakoulupalveluiden ty\u00f6p\u00f6yd\u00e4lt\u00e4 yl\u00e4navigaatiosta.<\/p>\n\n\n\n<figure class=\"wp-block-image size-large is-resized\"><img loading=\"lazy\" decoding=\"async\" width=\"830\" height=\"117\" src=\"https:\/\/help.jamk.fi\/peppi-ohjeet-henkilokunnalle\/wp-content\/uploads\/sites\/131\/2020\/09\/atomi_kkd.png\" alt=\"Kuva korkeakoulupalveluiden ty\u00f6p\u00f6yd\u00e4n yl\u00e4navigaatiosta\" class=\"wp-image-2149\" style=\"width:640px\"\/><\/figure>\n\n\n\n<h2 class=\"wp-block-heading\">Palvelun k\u00e4ytt\u00f6 korkeakoulupalveluiden ty\u00f6p\u00f6yd\u00e4lt\u00e4<\/h2>\n\n\n\n<p>Palvelun k\u00e4ytt\u00e4minen on yksinkertaista. N\u00e4et Atomin etusivulla n\u00e4et kaksi eri v\u00e4lilehte\u00e4, dokumenttien luonti ja allekirjoitetut dokumentit.<\/p>\n\n\n\n<h3 class=\"wp-block-heading\">Opiskelijoiden hakeminen Dokumenttien luonti v\u00e4lilehdell\u00e4<\/h3>\n\n\n\n<p>Korkeakoulupalveluiden ty\u00f6p\u00f6yd\u00e4ll\u00e4 on mahdollista Atomin avulla luoda opiskelijaa varten dokumentteja. N\u00e4it\u00e4 ovat mm. erilaiset opiskelijatodistukset (esim. TEM) ja opiskelija-alennuslomakkeet (VR, Matkahuolto, HSL jne).<\/p>\n\n\n\n<p>Dokumenttien luominen l\u00e4htee liikkeelle hakemalla haluttu opiskelija, jolle dokumentti halutaan luoda.<\/p>\n\n\n\n<figure class=\"wp-block-image size-large\"><img loading=\"lazy\" decoding=\"async\" width=\"640\" height=\"144\" src=\"https:\/\/help.jamk.fi\/peppi-ohjeet-henkilokunnalle\/wp-content\/uploads\/sites\/131\/2020\/09\/atomi_dokumentti.png\" alt=\"Kuva Atomi-palvelun dokumenttien luonnista\" class=\"wp-image-2151\"\/><\/figure>\n\n\n\n<p>Voit hakea opiskelijoita seuraavilla hakukriteereill\u00e4:<\/p>\n\n\n\n<ul class=\"wp-block-list\">\n<li>Opiskeluoikeuden tunnus \/ opiskelijanumero<\/li>\n\n\n\n<li>Henkil\u00f6tunnus<\/li>\n\n\n\n<li>Sukunimi<\/li>\n<\/ul>\n\n\n\n<p>Haussa voi kirjoittaa esim. Sukunimen osalta joko koko sukunimen tai sukunimen osan. Mik\u00e4li hakee henkil\u00f6it\u00e4 sukunimen osalla, niin per\u00e4\u00e4n tulee lis\u00e4t\u00e4 t\u00e4hti. Esim. joko Nieminen tai Niem*. Mik\u00e4li kirjoittaa useampaan kentt\u00e4\u00e4n hakukriteereit\u00e4 tarkoittaa se, ett\u00e4 kaikkien kriteerien tulee t\u00e4ytty\u00e4. Mik\u00e4li siis etsit henkil\u00f6\u00e4 sek\u00e4 opiskeluoikeuden tunnuksen \/ opiskelijanumeron ja sukunimen perusteella pit\u00e4\u00e4 molempien t\u00e4sm\u00e4t\u00e4, jotta hakutuloksiin tulee tuloksia. Suositus on, ett\u00e4 haku tehd\u00e4\u00e4n yhden valitun hakukriteerin perusteella.<\/p>\n\n\n\n<p>Kun haku on tehty tulee hakutulokset n\u00e4kyville haku-ikkunan alapuolelle. Valitsemalla oikean henkil\u00f6n siirryt toiseen n\u00e4kym\u00e4\u00e4n, jossa luodaan henkil\u00f6lle dokumentteja.<\/p>\n\n\n\n<h3 class=\"wp-block-heading\">Dokumenttien luominen opiskelijalle<\/h3>\n\n\n\n<p>Kun olet hakenut opiskelijan voit luoda ko. henkil\u00f6\u00f6n ja opiskeluoikeuteen liittyvi\u00e4 dokumentteja.<\/p>\n\n\n\n<figure class=\"wp-block-image size-large\"><img loading=\"lazy\" decoding=\"async\" width=\"640\" height=\"242\" src=\"https:\/\/help.jamk.fi\/peppi-ohjeet-henkilokunnalle\/wp-content\/uploads\/sites\/131\/2020\/09\/Nuolet.png\" alt=\"Kuva opiskelijan dokumenteista Atomi-palvelussa.\" class=\"wp-image-2154\"\/><\/figure>\n\n\n\n<p>N\u00e4kym\u00e4ss\u00e4 n\u00e4ytet\u00e4\u00e4n henkil\u00f6 ja henkil\u00f6n opiskeluoikeus. Mik\u00e4li haluat vaihtaa henkil\u00f6\u00f6n liittyv\u00e4\u00e4 opiskeluoikeutta tehd\u00e4\u00e4n se hattu-ikonin kohdasta (A). Kun valittuna on oikea opiskeluoikeus luodaan henkil\u00f6lle haluttu dokumentti (B).<\/p>\n\n\n\n<figure class=\"wp-block-image size-large\"><img loading=\"lazy\" decoding=\"async\" width=\"640\" height=\"219\" src=\"https:\/\/help.jamk.fi\/peppi-ohjeet-henkilokunnalle\/wp-content\/uploads\/sites\/131\/2020\/09\/hsl.png\" alt=\"Kuva luotavan dokumentin valitsemisesta\" class=\"wp-image-2155\"\/><\/figure>\n\n\n\n<p>Pudotusvalikosta saat n\u00e4kyviin kaikki dokumentit, mit\u00e4 opiskelijalla on itsell\u00e4\u00e4n tilattavissa sek\u00e4 ne dokumentit, joita voi luoda opiskelijalle. Valitse haluttu dokumentti.<\/p>\n\n\n\n<p>Mik\u00e4li dokumentti sis\u00e4lt\u00e4\u00e4 tietojen esit\u00e4ytt\u00f6\u00e4 (esim. TE-lomake), voi tietoja t\u00e4ytt\u00e4\u00e4 ennen lomakkeen generointia. Mik\u00e4li lomake ei sis\u00e4ll\u00e4 tietojen esit\u00e4ytt\u00f6\u00e4, vaan tiedot haetaan suoraan opiskelijahallintoj\u00e4rjestelm\u00e4st\u00e4 luodaan dokumentti \u2018Luo dokumentti\u2019 painalluksen j\u00e4lkeen.<\/p>\n\n\n\n<p>Luodut dokumentit tulevat kuvassa 3 n\u00e4kyv\u00e4\u00e4n listaan, jossa voi dokumenttien tarkastelun lis\u00e4ksi tehd\u00e4 seuraavia toimintoja:<br>(C) Dokumentin voi l\u00e4hett\u00e4\u00e4 opiskelijan dokumenttipankkiin<br>(D) Dokumentin voi luoda uudestaan<br>(E) Dokumentin voi ladata<br>(F) Dokumentin voi poistaa<\/p>\n\n\n\n<h3 class=\"wp-block-heading\">Luotujen dokumenttien selailu<\/h3>\n\n\n\n<figure class=\"wp-block-image size-large\"><img loading=\"lazy\" decoding=\"async\" width=\"640\" height=\"338\" src=\"https:\/\/help.jamk.fi\/peppi-ohjeet-henkilokunnalle\/wp-content\/uploads\/sites\/131\/2020\/09\/allekirjoitetut.png\" alt=\"Kuva opiskelijoiden tilaamista dokumenteista Atomi-palvelussa\" class=\"wp-image-2158\"\/><\/figure>\n\n\n\n<p>Voit tarkastella opiskelijoiden tilaamia dokumentteja seuraavien ohjeiden mukaan:<\/p>\n\n\n\n<ol class=\"wp-block-list\">\n<li>Paina dokumenttia, jota haluat tarkastella.<\/li>\n\n\n\n<li>Selaimesta riippuen dokumentti joko:\n<ul class=\"wp-block-list\">\n<li>avataan selaimessa tai<\/li>\n\n\n\n<li>se menee selaimen lataukset kansioon tai<\/li>\n\n\n\n<li>se avataan oletusohjelmalla<\/li>\n<\/ul>\n<\/li>\n\n\n\n<li>Dokumentti on nyt tallentunut koneellesi ja voit avata sen esim Adobe Acrobat DC ohjelmistolla. Dokumentti on s\u00e4hk\u00f6isesti allekirjoitettu ja s\u00e4hk\u00f6iseen allekirjoituksen alapuolelle on sijoitettu ohjeet, miten voit tarkistaa s\u00e4hk\u00f6isen allekirjoituksen aitouden.<\/li>\n<\/ol>\n\n\n\n<h3 class=\"wp-block-heading\">Dokumenttien etsiminen<\/h3>\n\n\n\n<p>Atomissa on mahdollista etsi\u00e4 tietylle opiskelijalle luotuja dokumentteja. Voit hakea luotuja dokumentteja opiskelijan sukunimen tai opiskeluoikeusnumeron mukaan.<\/p>\n\n\n\n<p>Seuraavassa ohjeet, miten haet opiskelijalle luotuja dokumentteja:<\/p>\n\n\n\n<figure class=\"wp-block-image size-large\"><img loading=\"lazy\" decoding=\"async\" width=\"640\" height=\"338\" src=\"https:\/\/help.jamk.fi\/peppi-ohjeet-henkilokunnalle\/wp-content\/uploads\/sites\/131\/2020\/09\/allekirjoitetut_suurennuslasi.png\" alt=\"Kuva dokumenttien etsimisest\u00e4\" class=\"wp-image-2160\"\/><\/figure>\n\n\n\n<ol class=\"wp-block-list\">\n<li>Siirry Atomin etusivulle<\/li>\n\n\n\n<li>Paina oikeassa yl\u00e4kulmassa n\u00e4kyv\u00e4\u00e4 suurennuslasia. Hakukentt\u00e4 avautuu.<\/li>\n\n\n\n<li>Kirjoita hakuun opiskelijan opiskeluoikeusnumero tai opiskelijan sukunimi.<\/li>\n\n\n\n<li>Hakutulokset tulostuvat alle. Voit halutessasi muuttaa rivien m\u00e4\u00e4r\u00e4\u00e4 sivulla k\u00e4ytt\u00f6liittym\u00e4n alalaidasta.<\/li>\n<\/ol>\n","protected":false},"excerpt":{"rendered":"<p>Atomi on opiskelijoille ja henkil\u00f6kunnalle tarkoitettu palvelu, joka sujuvoittaa hallinnollista prosessia opiskelijan tarvitsemien tulosteiden ja raporttien tuottamisessa. Atomi luo s\u00e4hk\u00f6isen allekirjoituksen joko suoraan integroidusta l\u00e4hdej\u00e4rjestelm\u00e4st\u00e4 haettavista tiedoista muodostettuun tulosteeseen tai erilliseen dokumenttiin. Atomi-palvelun l\u00f6yd\u00e4t korkeakoulupalveluiden ty\u00f6p\u00f6yd\u00e4lt\u00e4 yl\u00e4navigaatiosta. Palvelun k\u00e4ytt\u00f6 korkeakoulupalveluiden ty\u00f6p\u00f6yd\u00e4lt\u00e4 Palvelun k\u00e4ytt\u00e4minen on yksinkertaista. N\u00e4et Atomin etusivulla n\u00e4et kaksi eri v\u00e4lilehte\u00e4, dokumenttien luonti ja [&hellip;]<\/p>\n","protected":false},"author":77,"featured_media":0,"parent":4554,"menu_order":11,"comment_status":"closed","ping_status":"open","template":"","meta":{"_acf_changed":false,"_relevanssi_hide_post":"","_relevanssi_hide_content":"","_relevanssi_pin_for_all":"","_relevanssi_pin_keywords":"","_relevanssi_unpin_keywords":"","_relevanssi_related_keywords":"","_relevanssi_related_include_ids":"","_relevanssi_related_exclude_ids":"","_relevanssi_related_no_append":"","_relevanssi_related_not_related":"","_relevanssi_related_posts":"","_relevanssi_noindex_reason":"","footnotes":""},"categories":[12],"tags":[],"class_list":["post-4705","page","type-page","status-publish","hentry","category-korkeakoulupalveluiden-tyopoyta"],"acf":[],"yoast_head":"<!-- This site is optimized with the Yoast SEO plugin v27.4 - https:\/\/yoast.com\/product\/yoast-seo-wordpress\/ -->\n<title>Atomi -palvelu - Peppi-ohjeet henkil\u00f6kunnalle<\/title>\n<meta name=\"robots\" content=\"index, follow, max-snippet:-1, max-image-preview:large, max-video-preview:-1\" \/>\n<link rel=\"canonical\" href=\"https:\/\/help.jamk.fi\/peppi-ohjeet-henkilokunnalle\/fi\/opiskelijahallinto\/atomi\/\" \/>\n<meta property=\"og:locale\" content=\"fi_FI\" \/>\n<meta property=\"og:type\" content=\"article\" \/>\n<meta property=\"og:title\" content=\"Atomi -palvelu - Peppi-ohjeet henkil\u00f6kunnalle\" \/>\n<meta property=\"og:description\" content=\"Atomi on opiskelijoille ja henkil\u00f6kunnalle tarkoitettu palvelu, joka sujuvoittaa hallinnollista prosessia opiskelijan tarvitsemien tulosteiden ja raporttien tuottamisessa. Atomi luo s\u00e4hk\u00f6isen allekirjoituksen joko suoraan integroidusta l\u00e4hdej\u00e4rjestelm\u00e4st\u00e4 haettavista tiedoista muodostettuun tulosteeseen tai erilliseen dokumenttiin. Atomi-palvelun l\u00f6yd\u00e4t korkeakoulupalveluiden ty\u00f6p\u00f6yd\u00e4lt\u00e4 yl\u00e4navigaatiosta. Palvelun k\u00e4ytt\u00f6 korkeakoulupalveluiden ty\u00f6p\u00f6yd\u00e4lt\u00e4 Palvelun k\u00e4ytt\u00e4minen on yksinkertaista. N\u00e4et Atomin etusivulla n\u00e4et kaksi eri v\u00e4lilehte\u00e4, dokumenttien luonti ja [&hellip;]\" \/>\n<meta property=\"og:url\" content=\"https:\/\/help.jamk.fi\/peppi-ohjeet-henkilokunnalle\/fi\/opiskelijahallinto\/atomi\/\" \/>\n<meta property=\"og:site_name\" content=\"Peppi-ohjeet henkil\u00f6kunnalle\" \/>\n<meta property=\"article:modified_time\" content=\"2024-01-19T13:53:40+00:00\" \/>\n<meta property=\"og:image\" content=\"https:\/\/help.jamk.fi\/peppi-ohjeet-henkilokunnalle\/wp-content\/uploads\/sites\/131\/2020\/09\/atomi_kkd.png\" \/>\n<meta name=\"twitter:card\" content=\"summary_large_image\" \/>\n<meta name=\"twitter:label1\" content=\"Arvioitu lukuaika\" \/>\n\t<meta name=\"twitter:data1\" content=\"4 minuuttia\" \/>\n<script type=\"application\/ld+json\" class=\"yoast-schema-graph\">{\"@context\":\"https:\\\/\\\/schema.org\",\"@graph\":[{\"@type\":\"WebPage\",\"@id\":\"https:\\\/\\\/help.jamk.fi\\\/peppi-ohjeet-henkilokunnalle\\\/fi\\\/opiskelijahallinto\\\/atomi\\\/\",\"url\":\"https:\\\/\\\/help.jamk.fi\\\/peppi-ohjeet-henkilokunnalle\\\/fi\\\/opiskelijahallinto\\\/atomi\\\/\",\"name\":\"Atomi -palvelu - Peppi-ohjeet henkil\u00f6kunnalle\",\"isPartOf\":{\"@id\":\"https:\\\/\\\/help.jamk.fi\\\/peppi-ohjeet-henkilokunnalle\\\/#website\"},\"primaryImageOfPage\":{\"@id\":\"https:\\\/\\\/help.jamk.fi\\\/peppi-ohjeet-henkilokunnalle\\\/fi\\\/opiskelijahallinto\\\/atomi\\\/#primaryimage\"},\"image\":{\"@id\":\"https:\\\/\\\/help.jamk.fi\\\/peppi-ohjeet-henkilokunnalle\\\/fi\\\/opiskelijahallinto\\\/atomi\\\/#primaryimage\"},\"thumbnailUrl\":\"https:\\\/\\\/help.jamk.fi\\\/peppi-ohjeet-henkilokunnalle\\\/wp-content\\\/uploads\\\/sites\\\/131\\\/2020\\\/09\\\/atomi_kkd.png\",\"datePublished\":\"2020-09-24T03:30:56+00:00\",\"dateModified\":\"2024-01-19T13:53:40+00:00\",\"breadcrumb\":{\"@id\":\"https:\\\/\\\/help.jamk.fi\\\/peppi-ohjeet-henkilokunnalle\\\/fi\\\/opiskelijahallinto\\\/atomi\\\/#breadcrumb\"},\"inLanguage\":\"fi\",\"potentialAction\":[{\"@type\":\"ReadAction\",\"target\":[\"https:\\\/\\\/help.jamk.fi\\\/peppi-ohjeet-henkilokunnalle\\\/fi\\\/opiskelijahallinto\\\/atomi\\\/\"]}]},{\"@type\":\"ImageObject\",\"inLanguage\":\"fi\",\"@id\":\"https:\\\/\\\/help.jamk.fi\\\/peppi-ohjeet-henkilokunnalle\\\/fi\\\/opiskelijahallinto\\\/atomi\\\/#primaryimage\",\"url\":\"https:\\\/\\\/help.jamk.fi\\\/peppi-ohjeet-henkilokunnalle\\\/wp-content\\\/uploads\\\/sites\\\/131\\\/2020\\\/09\\\/atomi_kkd.png\",\"contentUrl\":\"https:\\\/\\\/help.jamk.fi\\\/peppi-ohjeet-henkilokunnalle\\\/wp-content\\\/uploads\\\/sites\\\/131\\\/2020\\\/09\\\/atomi_kkd.png\",\"width\":830,\"height\":117},{\"@type\":\"BreadcrumbList\",\"@id\":\"https:\\\/\\\/help.jamk.fi\\\/peppi-ohjeet-henkilokunnalle\\\/fi\\\/opiskelijahallinto\\\/atomi\\\/#breadcrumb\",\"itemListElement\":[{\"@type\":\"ListItem\",\"position\":1,\"name\":\"Home\",\"item\":\"https:\\\/\\\/help.jamk.fi\\\/peppi-ohjeet-henkilokunnalle\\\/en\\\/\"},{\"@type\":\"ListItem\",\"position\":2,\"name\":\"Opiskelijahallinto\",\"item\":\"https:\\\/\\\/help.jamk.fi\\\/peppi-ohjeet-henkilokunnalle\\\/fi\\\/opiskelijahallinto\\\/\"},{\"@type\":\"ListItem\",\"position\":3,\"name\":\"Atomi -palvelu\"}]},{\"@type\":\"WebSite\",\"@id\":\"https:\\\/\\\/help.jamk.fi\\\/peppi-ohjeet-henkilokunnalle\\\/#website\",\"url\":\"https:\\\/\\\/help.jamk.fi\\\/peppi-ohjeet-henkilokunnalle\\\/\",\"name\":\"Peppi-ohjeet henkil\u00f6kunnalle\",\"description\":\"\",\"potentialAction\":[{\"@type\":\"SearchAction\",\"target\":{\"@type\":\"EntryPoint\",\"urlTemplate\":\"https:\\\/\\\/help.jamk.fi\\\/peppi-ohjeet-henkilokunnalle\\\/?s={search_term_string}\"},\"query-input\":{\"@type\":\"PropertyValueSpecification\",\"valueRequired\":true,\"valueName\":\"search_term_string\"}}],\"inLanguage\":\"fi\"}]}<\/script>\n<!-- \/ Yoast SEO plugin. -->","yoast_head_json":{"title":"Atomi -palvelu - Peppi-ohjeet henkil\u00f6kunnalle","robots":{"index":"index","follow":"follow","max-snippet":"max-snippet:-1","max-image-preview":"max-image-preview:large","max-video-preview":"max-video-preview:-1"},"canonical":"https:\/\/help.jamk.fi\/peppi-ohjeet-henkilokunnalle\/fi\/opiskelijahallinto\/atomi\/","og_locale":"fi_FI","og_type":"article","og_title":"Atomi -palvelu - Peppi-ohjeet henkil\u00f6kunnalle","og_description":"Atomi on opiskelijoille ja henkil\u00f6kunnalle tarkoitettu palvelu, joka sujuvoittaa hallinnollista prosessia opiskelijan tarvitsemien tulosteiden ja raporttien tuottamisessa. Atomi luo s\u00e4hk\u00f6isen allekirjoituksen joko suoraan integroidusta l\u00e4hdej\u00e4rjestelm\u00e4st\u00e4 haettavista tiedoista muodostettuun tulosteeseen tai erilliseen dokumenttiin. Atomi-palvelun l\u00f6yd\u00e4t korkeakoulupalveluiden ty\u00f6p\u00f6yd\u00e4lt\u00e4 yl\u00e4navigaatiosta. Palvelun k\u00e4ytt\u00f6 korkeakoulupalveluiden ty\u00f6p\u00f6yd\u00e4lt\u00e4 Palvelun k\u00e4ytt\u00e4minen on yksinkertaista. N\u00e4et Atomin etusivulla n\u00e4et kaksi eri v\u00e4lilehte\u00e4, dokumenttien luonti ja [&hellip;]","og_url":"https:\/\/help.jamk.fi\/peppi-ohjeet-henkilokunnalle\/fi\/opiskelijahallinto\/atomi\/","og_site_name":"Peppi-ohjeet henkil\u00f6kunnalle","article_modified_time":"2024-01-19T13:53:40+00:00","og_image":[{"url":"https:\/\/help.jamk.fi\/peppi-ohjeet-henkilokunnalle\/wp-content\/uploads\/sites\/131\/2020\/09\/atomi_kkd.png","type":"","width":"","height":""}],"twitter_card":"summary_large_image","twitter_misc":{"Arvioitu lukuaika":"4 minuuttia"},"schema":{"@context":"https:\/\/schema.org","@graph":[{"@type":"WebPage","@id":"https:\/\/help.jamk.fi\/peppi-ohjeet-henkilokunnalle\/fi\/opiskelijahallinto\/atomi\/","url":"https:\/\/help.jamk.fi\/peppi-ohjeet-henkilokunnalle\/fi\/opiskelijahallinto\/atomi\/","name":"Atomi -palvelu - Peppi-ohjeet henkil\u00f6kunnalle","isPartOf":{"@id":"https:\/\/help.jamk.fi\/peppi-ohjeet-henkilokunnalle\/#website"},"primaryImageOfPage":{"@id":"https:\/\/help.jamk.fi\/peppi-ohjeet-henkilokunnalle\/fi\/opiskelijahallinto\/atomi\/#primaryimage"},"image":{"@id":"https:\/\/help.jamk.fi\/peppi-ohjeet-henkilokunnalle\/fi\/opiskelijahallinto\/atomi\/#primaryimage"},"thumbnailUrl":"https:\/\/help.jamk.fi\/peppi-ohjeet-henkilokunnalle\/wp-content\/uploads\/sites\/131\/2020\/09\/atomi_kkd.png","datePublished":"2020-09-24T03:30:56+00:00","dateModified":"2024-01-19T13:53:40+00:00","breadcrumb":{"@id":"https:\/\/help.jamk.fi\/peppi-ohjeet-henkilokunnalle\/fi\/opiskelijahallinto\/atomi\/#breadcrumb"},"inLanguage":"fi","potentialAction":[{"@type":"ReadAction","target":["https:\/\/help.jamk.fi\/peppi-ohjeet-henkilokunnalle\/fi\/opiskelijahallinto\/atomi\/"]}]},{"@type":"ImageObject","inLanguage":"fi","@id":"https:\/\/help.jamk.fi\/peppi-ohjeet-henkilokunnalle\/fi\/opiskelijahallinto\/atomi\/#primaryimage","url":"https:\/\/help.jamk.fi\/peppi-ohjeet-henkilokunnalle\/wp-content\/uploads\/sites\/131\/2020\/09\/atomi_kkd.png","contentUrl":"https:\/\/help.jamk.fi\/peppi-ohjeet-henkilokunnalle\/wp-content\/uploads\/sites\/131\/2020\/09\/atomi_kkd.png","width":830,"height":117},{"@type":"BreadcrumbList","@id":"https:\/\/help.jamk.fi\/peppi-ohjeet-henkilokunnalle\/fi\/opiskelijahallinto\/atomi\/#breadcrumb","itemListElement":[{"@type":"ListItem","position":1,"name":"Home","item":"https:\/\/help.jamk.fi\/peppi-ohjeet-henkilokunnalle\/en\/"},{"@type":"ListItem","position":2,"name":"Opiskelijahallinto","item":"https:\/\/help.jamk.fi\/peppi-ohjeet-henkilokunnalle\/fi\/opiskelijahallinto\/"},{"@type":"ListItem","position":3,"name":"Atomi -palvelu"}]},{"@type":"WebSite","@id":"https:\/\/help.jamk.fi\/peppi-ohjeet-henkilokunnalle\/#website","url":"https:\/\/help.jamk.fi\/peppi-ohjeet-henkilokunnalle\/","name":"Peppi-ohjeet henkil\u00f6kunnalle","description":"","potentialAction":[{"@type":"SearchAction","target":{"@type":"EntryPoint","urlTemplate":"https:\/\/help.jamk.fi\/peppi-ohjeet-henkilokunnalle\/?s={search_term_string}"},"query-input":{"@type":"PropertyValueSpecification","valueRequired":true,"valueName":"search_term_string"}}],"inLanguage":"fi"}]}},"_links":{"self":[{"href":"https:\/\/help.jamk.fi\/peppi-ohjeet-henkilokunnalle\/wp-json\/wp\/v2\/pages\/4705","targetHints":{"allow":["GET"]}}],"collection":[{"href":"https:\/\/help.jamk.fi\/peppi-ohjeet-henkilokunnalle\/wp-json\/wp\/v2\/pages"}],"about":[{"href":"https:\/\/help.jamk.fi\/peppi-ohjeet-henkilokunnalle\/wp-json\/wp\/v2\/types\/page"}],"author":[{"embeddable":true,"href":"https:\/\/help.jamk.fi\/peppi-ohjeet-henkilokunnalle\/wp-json\/wp\/v2\/users\/77"}],"replies":[{"embeddable":true,"href":"https:\/\/help.jamk.fi\/peppi-ohjeet-henkilokunnalle\/wp-json\/wp\/v2\/comments?post=4705"}],"version-history":[{"count":3,"href":"https:\/\/help.jamk.fi\/peppi-ohjeet-henkilokunnalle\/wp-json\/wp\/v2\/pages\/4705\/revisions"}],"predecessor-version":[{"id":6323,"href":"https:\/\/help.jamk.fi\/peppi-ohjeet-henkilokunnalle\/wp-json\/wp\/v2\/pages\/4705\/revisions\/6323"}],"up":[{"embeddable":true,"href":"https:\/\/help.jamk.fi\/peppi-ohjeet-henkilokunnalle\/wp-json\/wp\/v2\/pages\/4554"}],"wp:attachment":[{"href":"https:\/\/help.jamk.fi\/peppi-ohjeet-henkilokunnalle\/wp-json\/wp\/v2\/media?parent=4705"}],"wp:term":[{"taxonomy":"category","embeddable":true,"href":"https:\/\/help.jamk.fi\/peppi-ohjeet-henkilokunnalle\/wp-json\/wp\/v2\/categories?post=4705"},{"taxonomy":"post_tag","embeddable":true,"href":"https:\/\/help.jamk.fi\/peppi-ohjeet-henkilokunnalle\/wp-json\/wp\/v2\/tags?post=4705"}],"curies":[{"name":"wp","href":"https:\/\/api.w.org\/{rel}","templated":true}]}}