{"id":4721,"date":"2020-11-16T10:20:02","date_gmt":"2020-11-16T08:20:02","guid":{"rendered":"https:\/\/help.jamk.fi\/peppi-ohjeet-henkilokunnalle\/opettajan-ohjeet\/opettajan-lukujarjestysvaraukset\/musiikin-opettajien-varausohjeet\/"},"modified":"2023-11-24T16:43:26","modified_gmt":"2023-11-24T14:43:26","slug":"musiikin-opettajien-varausohjeet","status":"publish","type":"page","link":"https:\/\/help.jamk.fi\/peppi-ohjeet-henkilokunnalle\/fi\/opettajan-ohjeet\/opettajan-lukujarjestysvaraukset\/musiikin-opettajien-varausohjeet\/","title":{"rendered":"Musiikin opettajien varausohjeet"},"content":{"rendered":"\n<p>Jamkin sek\u00e4 Gradian ja Jamkin yhteiset tilat n\u00e4kyv\u00e4t Pepiss\u00e4. Lis\u00e4ksi kuka tahansa muu k\u00e4ytt\u00e4j\u00e4 voi katsoa <a href=\"https:\/\/lukkarit.peppi.jamk.fi\">lukkarikoneesta<\/a> tilojen kalentereita.<\/p>\n\n\n\n<p>Opettajat voivat varata harjoittelu- sek\u00e4 luokkatiloja. <a href=\"https:\/\/help.jamk.fi\/peppi\/fi\/kalenteri\/musiikkikampuksen-tilavarausohjeet\/musiikkikampuksen-tilojen-pelisaannot\/\">Tutustu musiikkikampuksen tilojen pelis\u00e4\u00e4nt\u00f6ihin opiskelijoiden ohjeissa<\/a>.<\/p>\n\n\n\n<p>Voit hakea tilakalentereita monin tavoin, esimerkiksi vapaan ajan haulla tai kirjoittamalla tilan nimen <em>Tilat<\/em>-laatikkoon. Kun viet hiiren tilan nimen p\u00e4\u00e4lle, saat n\u00e4kyvin tilatiedot. Jos lukon kuva on auki, sinulla on varausoikeus tilaan. Tilatiedoista n\u00e4et my\u00f6s, mit\u00e4 soittimia kyseisess\u00e4 tilassa on.<\/p>\n\n\n\n<h2 class=\"wp-block-heading\">Tilojen etsiminen soittimien perusteella<\/h2>\n\n\n\n<p>N\u00e4et kaikki musiikkikampuksen tilat, kun klikkaat <em>Tilat<\/em>-laatikon oikeasta yl\u00e4kulmasta suurennuslasin kuvaa ja valitset <em>Etsi sopiva tila<\/em>. Kun kirjoitat <em>Toimipiste<\/em>-kohtaan Suomalainen musiikkikampus ja klikkaat <em>Hae<\/em>, saat listan kaikista musiikkikampuksen tiloista.<\/p>\n\n\n\n<p>Jos tilan per\u00e4ss\u00e4 on <em>+<\/em>-ikoni, tila on varattavissasi.<\/p>\n\n\n\n<p>Voit my\u00f6s hakea tiloja tilatyypin mukaan: harjoittelutilat l\u00f6ytyv\u00e4t esimerkiksi tyypill\u00e4 Yksil\u00f6soittotilat.<\/p>\n\n\n\n<p>Jos haluat etsi\u00e4 tilan jollain tietyll\u00e4 soittimella, kirjoita <em>V\u00e4line<\/em>-kohtaan soittimen nimi. Listatut soittimet ja v\u00e4lineet ovat<\/p>\n\n\n\n<ul class=\"wp-block-list\">\n<li>Congarummut<\/li>\n\n\n\n<li>Flyygeli<\/li>\n\n\n\n<li>Liikuteltava peili<\/li>\n\n\n\n<li>Nuottiteline 2kpl<\/li>\n\n\n\n<li>Piano<\/li>\n\n\n\n<li>Rummut<\/li>\n<\/ul>\n\n\n\n<h2 class=\"wp-block-heading\">Varauksen tekeminen, muokkaaminen ja poistaminen<\/h2>\n\n\n\n<p>Musiikkikampuksen opettajat <a href=\"https:\/\/help.jamk.fi\/peppi-ohjeet-henkilokunnalle\/fi\/opettajan-ohjeet\/opettajan-lukujarjestysvaraukset\/opettajan-lukujarjestyksien-muokkaus\/\">tekev\u00e4t varauksia kuten opettajien varausohjeissa on ohjeistettu<\/a>.<\/p>\n\n\n\n<p>N\u00e4iden lis\u00e4ksi he voivat tehd\u00e4 ja muokata lukuj\u00e4rjestysvarauksia, jos heill\u00e4 on varausoikeus kyseiseen tilaan. Esimerkiksi jos opettajalle on tehty opetusvaraus tilaan P18_173, opettaja voi muuttaa varauksen kellonaikaa ja p\u00e4iv\u00e4m\u00e4\u00e4r\u00e4\u00e4 kyseisess\u00e4 tilassa, sill\u00e4 h\u00e4nell\u00e4 on varausoikeus tilaan.<\/p>\n\n\n\n<p>Jos opettajan varaus taas on Hannikaissalissa, h\u00e4n voi poistaa varauksen tai muuttaa sen tilattomaksi. H\u00e4n ei voi muuttaa varauksen kellonaikaa tai p\u00e4iv\u00e4\u00e4, sill\u00e4 h\u00e4nell\u00e4 ei ole varausoikeutta Hannikaissaliin.<\/p>\n","protected":false},"excerpt":{"rendered":"<p>Jamkin sek\u00e4 Gradian ja Jamkin yhteiset tilat n\u00e4kyv\u00e4t Pepiss\u00e4. Lis\u00e4ksi kuka tahansa muu k\u00e4ytt\u00e4j\u00e4 voi katsoa lukkarikoneesta tilojen kalentereita. Opettajat voivat varata harjoittelu- sek\u00e4 luokkatiloja. Tutustu musiikkikampuksen tilojen pelis\u00e4\u00e4nt\u00f6ihin opiskelijoiden ohjeissa. Voit hakea tilakalentereita monin tavoin, esimerkiksi vapaan ajan haulla tai kirjoittamalla tilan nimen Tilat-laatikkoon. Kun viet hiiren tilan nimen p\u00e4\u00e4lle, saat n\u00e4kyvin tilatiedot. Jos [&hellip;]<\/p>\n","protected":false},"author":76,"featured_media":0,"parent":4696,"menu_order":3,"comment_status":"closed","ping_status":"open","template":"","meta":{"_acf_changed":false,"_relevanssi_hide_post":"","_relevanssi_hide_content":"","_relevanssi_pin_for_all":"","_relevanssi_pin_keywords":"","_relevanssi_unpin_keywords":"","_relevanssi_related_keywords":"","_relevanssi_related_include_ids":"","_relevanssi_related_exclude_ids":"","_relevanssi_related_no_append":"","_relevanssi_related_not_related":"","_relevanssi_related_posts":"","_relevanssi_noindex_reason":"","footnotes":""},"categories":[1],"tags":[],"class_list":["post-4721","page","type-page","status-publish","hentry","category-uncategorised"],"acf":[],"yoast_head":"<!-- This site is optimized with the Yoast SEO plugin v27.5 - https:\/\/yoast.com\/product\/yoast-seo-wordpress\/ -->\n<title>Musiikin opettajien varausohjeet - Peppi-ohjeet henkil\u00f6kunnalle<\/title>\n<meta name=\"robots\" content=\"index, follow, max-snippet:-1, max-image-preview:large, max-video-preview:-1\" \/>\n<link rel=\"canonical\" href=\"https:\/\/help.jamk.fi\/peppi-ohjeet-henkilokunnalle\/fi\/opettajan-ohjeet\/opettajan-lukujarjestysvaraukset\/musiikin-opettajien-varausohjeet\/\" \/>\n<meta property=\"og:locale\" content=\"fi_FI\" \/>\n<meta property=\"og:type\" content=\"article\" \/>\n<meta property=\"og:title\" content=\"Musiikin opettajien varausohjeet - Peppi-ohjeet henkil\u00f6kunnalle\" \/>\n<meta property=\"og:description\" content=\"Jamkin sek\u00e4 Gradian ja Jamkin yhteiset tilat n\u00e4kyv\u00e4t Pepiss\u00e4. Lis\u00e4ksi kuka tahansa muu k\u00e4ytt\u00e4j\u00e4 voi katsoa lukkarikoneesta tilojen kalentereita. Opettajat voivat varata harjoittelu- sek\u00e4 luokkatiloja. Tutustu musiikkikampuksen tilojen pelis\u00e4\u00e4nt\u00f6ihin opiskelijoiden ohjeissa. Voit hakea tilakalentereita monin tavoin, esimerkiksi vapaan ajan haulla tai kirjoittamalla tilan nimen Tilat-laatikkoon. Kun viet hiiren tilan nimen p\u00e4\u00e4lle, saat n\u00e4kyvin tilatiedot. Jos [&hellip;]\" \/>\n<meta property=\"og:url\" content=\"https:\/\/help.jamk.fi\/peppi-ohjeet-henkilokunnalle\/fi\/opettajan-ohjeet\/opettajan-lukujarjestysvaraukset\/musiikin-opettajien-varausohjeet\/\" \/>\n<meta property=\"og:site_name\" content=\"Peppi-ohjeet henkil\u00f6kunnalle\" \/>\n<meta property=\"article:modified_time\" content=\"2023-11-24T14:43:26+00:00\" \/>\n<meta name=\"twitter:card\" content=\"summary_large_image\" \/>\n<meta name=\"twitter:label1\" content=\"Arvioitu lukuaika\" \/>\n\t<meta name=\"twitter:data1\" content=\"2 minuuttia\" \/>\n<script type=\"application\/ld+json\" class=\"yoast-schema-graph\">{\"@context\":\"https:\\\/\\\/schema.org\",\"@graph\":[{\"@type\":\"WebPage\",\"@id\":\"https:\\\/\\\/help.jamk.fi\\\/peppi-ohjeet-henkilokunnalle\\\/fi\\\/opettajan-ohjeet\\\/opettajan-lukujarjestysvaraukset\\\/musiikin-opettajien-varausohjeet\\\/\",\"url\":\"https:\\\/\\\/help.jamk.fi\\\/peppi-ohjeet-henkilokunnalle\\\/fi\\\/opettajan-ohjeet\\\/opettajan-lukujarjestysvaraukset\\\/musiikin-opettajien-varausohjeet\\\/\",\"name\":\"Musiikin opettajien varausohjeet - Peppi-ohjeet henkil\u00f6kunnalle\",\"isPartOf\":{\"@id\":\"https:\\\/\\\/help.jamk.fi\\\/peppi-ohjeet-henkilokunnalle\\\/#website\"},\"datePublished\":\"2020-11-16T08:20:02+00:00\",\"dateModified\":\"2023-11-24T14:43:26+00:00\",\"breadcrumb\":{\"@id\":\"https:\\\/\\\/help.jamk.fi\\\/peppi-ohjeet-henkilokunnalle\\\/fi\\\/opettajan-ohjeet\\\/opettajan-lukujarjestysvaraukset\\\/musiikin-opettajien-varausohjeet\\\/#breadcrumb\"},\"inLanguage\":\"fi\",\"potentialAction\":[{\"@type\":\"ReadAction\",\"target\":[\"https:\\\/\\\/help.jamk.fi\\\/peppi-ohjeet-henkilokunnalle\\\/fi\\\/opettajan-ohjeet\\\/opettajan-lukujarjestysvaraukset\\\/musiikin-opettajien-varausohjeet\\\/\"]}]},{\"@type\":\"BreadcrumbList\",\"@id\":\"https:\\\/\\\/help.jamk.fi\\\/peppi-ohjeet-henkilokunnalle\\\/fi\\\/opettajan-ohjeet\\\/opettajan-lukujarjestysvaraukset\\\/musiikin-opettajien-varausohjeet\\\/#breadcrumb\",\"itemListElement\":[{\"@type\":\"ListItem\",\"position\":1,\"name\":\"Home\",\"item\":\"https:\\\/\\\/help.jamk.fi\\\/peppi-ohjeet-henkilokunnalle\\\/en\\\/\"},{\"@type\":\"ListItem\",\"position\":2,\"name\":\"Opettajan ohjeet\",\"item\":\"https:\\\/\\\/help.jamk.fi\\\/peppi-ohjeet-henkilokunnalle\\\/fi\\\/opettajan-ohjeet\\\/\"},{\"@type\":\"ListItem\",\"position\":3,\"name\":\"Opettajan tilavaraukset\",\"item\":\"https:\\\/\\\/help.jamk.fi\\\/peppi-ohjeet-henkilokunnalle\\\/fi\\\/opettajan-ohjeet\\\/opettajan-lukujarjestysvaraukset\\\/\"},{\"@type\":\"ListItem\",\"position\":4,\"name\":\"Musiikin opettajien varausohjeet\"}]},{\"@type\":\"WebSite\",\"@id\":\"https:\\\/\\\/help.jamk.fi\\\/peppi-ohjeet-henkilokunnalle\\\/#website\",\"url\":\"https:\\\/\\\/help.jamk.fi\\\/peppi-ohjeet-henkilokunnalle\\\/\",\"name\":\"Peppi-ohjeet henkil\u00f6kunnalle\",\"description\":\"\",\"potentialAction\":[{\"@type\":\"SearchAction\",\"target\":{\"@type\":\"EntryPoint\",\"urlTemplate\":\"https:\\\/\\\/help.jamk.fi\\\/peppi-ohjeet-henkilokunnalle\\\/?s={search_term_string}\"},\"query-input\":{\"@type\":\"PropertyValueSpecification\",\"valueRequired\":true,\"valueName\":\"search_term_string\"}}],\"inLanguage\":\"fi\"}]}<\/script>\n<!-- \/ Yoast SEO plugin. -->","yoast_head_json":{"title":"Musiikin opettajien varausohjeet - Peppi-ohjeet henkil\u00f6kunnalle","robots":{"index":"index","follow":"follow","max-snippet":"max-snippet:-1","max-image-preview":"max-image-preview:large","max-video-preview":"max-video-preview:-1"},"canonical":"https:\/\/help.jamk.fi\/peppi-ohjeet-henkilokunnalle\/fi\/opettajan-ohjeet\/opettajan-lukujarjestysvaraukset\/musiikin-opettajien-varausohjeet\/","og_locale":"fi_FI","og_type":"article","og_title":"Musiikin opettajien varausohjeet - Peppi-ohjeet henkil\u00f6kunnalle","og_description":"Jamkin sek\u00e4 Gradian ja Jamkin yhteiset tilat n\u00e4kyv\u00e4t Pepiss\u00e4. Lis\u00e4ksi kuka tahansa muu k\u00e4ytt\u00e4j\u00e4 voi katsoa lukkarikoneesta tilojen kalentereita. Opettajat voivat varata harjoittelu- sek\u00e4 luokkatiloja. Tutustu musiikkikampuksen tilojen pelis\u00e4\u00e4nt\u00f6ihin opiskelijoiden ohjeissa. Voit hakea tilakalentereita monin tavoin, esimerkiksi vapaan ajan haulla tai kirjoittamalla tilan nimen Tilat-laatikkoon. Kun viet hiiren tilan nimen p\u00e4\u00e4lle, saat n\u00e4kyvin tilatiedot. Jos [&hellip;]","og_url":"https:\/\/help.jamk.fi\/peppi-ohjeet-henkilokunnalle\/fi\/opettajan-ohjeet\/opettajan-lukujarjestysvaraukset\/musiikin-opettajien-varausohjeet\/","og_site_name":"Peppi-ohjeet henkil\u00f6kunnalle","article_modified_time":"2023-11-24T14:43:26+00:00","twitter_card":"summary_large_image","twitter_misc":{"Arvioitu lukuaika":"2 minuuttia"},"schema":{"@context":"https:\/\/schema.org","@graph":[{"@type":"WebPage","@id":"https:\/\/help.jamk.fi\/peppi-ohjeet-henkilokunnalle\/fi\/opettajan-ohjeet\/opettajan-lukujarjestysvaraukset\/musiikin-opettajien-varausohjeet\/","url":"https:\/\/help.jamk.fi\/peppi-ohjeet-henkilokunnalle\/fi\/opettajan-ohjeet\/opettajan-lukujarjestysvaraukset\/musiikin-opettajien-varausohjeet\/","name":"Musiikin opettajien varausohjeet - Peppi-ohjeet henkil\u00f6kunnalle","isPartOf":{"@id":"https:\/\/help.jamk.fi\/peppi-ohjeet-henkilokunnalle\/#website"},"datePublished":"2020-11-16T08:20:02+00:00","dateModified":"2023-11-24T14:43:26+00:00","breadcrumb":{"@id":"https:\/\/help.jamk.fi\/peppi-ohjeet-henkilokunnalle\/fi\/opettajan-ohjeet\/opettajan-lukujarjestysvaraukset\/musiikin-opettajien-varausohjeet\/#breadcrumb"},"inLanguage":"fi","potentialAction":[{"@type":"ReadAction","target":["https:\/\/help.jamk.fi\/peppi-ohjeet-henkilokunnalle\/fi\/opettajan-ohjeet\/opettajan-lukujarjestysvaraukset\/musiikin-opettajien-varausohjeet\/"]}]},{"@type":"BreadcrumbList","@id":"https:\/\/help.jamk.fi\/peppi-ohjeet-henkilokunnalle\/fi\/opettajan-ohjeet\/opettajan-lukujarjestysvaraukset\/musiikin-opettajien-varausohjeet\/#breadcrumb","itemListElement":[{"@type":"ListItem","position":1,"name":"Home","item":"https:\/\/help.jamk.fi\/peppi-ohjeet-henkilokunnalle\/en\/"},{"@type":"ListItem","position":2,"name":"Opettajan ohjeet","item":"https:\/\/help.jamk.fi\/peppi-ohjeet-henkilokunnalle\/fi\/opettajan-ohjeet\/"},{"@type":"ListItem","position":3,"name":"Opettajan tilavaraukset","item":"https:\/\/help.jamk.fi\/peppi-ohjeet-henkilokunnalle\/fi\/opettajan-ohjeet\/opettajan-lukujarjestysvaraukset\/"},{"@type":"ListItem","position":4,"name":"Musiikin opettajien varausohjeet"}]},{"@type":"WebSite","@id":"https:\/\/help.jamk.fi\/peppi-ohjeet-henkilokunnalle\/#website","url":"https:\/\/help.jamk.fi\/peppi-ohjeet-henkilokunnalle\/","name":"Peppi-ohjeet henkil\u00f6kunnalle","description":"","potentialAction":[{"@type":"SearchAction","target":{"@type":"EntryPoint","urlTemplate":"https:\/\/help.jamk.fi\/peppi-ohjeet-henkilokunnalle\/?s={search_term_string}"},"query-input":{"@type":"PropertyValueSpecification","valueRequired":true,"valueName":"search_term_string"}}],"inLanguage":"fi"}]}},"_links":{"self":[{"href":"https:\/\/help.jamk.fi\/peppi-ohjeet-henkilokunnalle\/wp-json\/wp\/v2\/pages\/4721","targetHints":{"allow":["GET"]}}],"collection":[{"href":"https:\/\/help.jamk.fi\/peppi-ohjeet-henkilokunnalle\/wp-json\/wp\/v2\/pages"}],"about":[{"href":"https:\/\/help.jamk.fi\/peppi-ohjeet-henkilokunnalle\/wp-json\/wp\/v2\/types\/page"}],"author":[{"embeddable":true,"href":"https:\/\/help.jamk.fi\/peppi-ohjeet-henkilokunnalle\/wp-json\/wp\/v2\/users\/76"}],"replies":[{"embeddable":true,"href":"https:\/\/help.jamk.fi\/peppi-ohjeet-henkilokunnalle\/wp-json\/wp\/v2\/comments?post=4721"}],"version-history":[{"count":3,"href":"https:\/\/help.jamk.fi\/peppi-ohjeet-henkilokunnalle\/wp-json\/wp\/v2\/pages\/4721\/revisions"}],"predecessor-version":[{"id":5652,"href":"https:\/\/help.jamk.fi\/peppi-ohjeet-henkilokunnalle\/wp-json\/wp\/v2\/pages\/4721\/revisions\/5652"}],"up":[{"embeddable":true,"href":"https:\/\/help.jamk.fi\/peppi-ohjeet-henkilokunnalle\/wp-json\/wp\/v2\/pages\/4696"}],"wp:attachment":[{"href":"https:\/\/help.jamk.fi\/peppi-ohjeet-henkilokunnalle\/wp-json\/wp\/v2\/media?parent=4721"}],"wp:term":[{"taxonomy":"category","embeddable":true,"href":"https:\/\/help.jamk.fi\/peppi-ohjeet-henkilokunnalle\/wp-json\/wp\/v2\/categories?post=4721"},{"taxonomy":"post_tag","embeddable":true,"href":"https:\/\/help.jamk.fi\/peppi-ohjeet-henkilokunnalle\/wp-json\/wp\/v2\/tags?post=4721"}],"curies":[{"name":"wp","href":"https:\/\/api.w.org\/{rel}","templated":true}]}}