{"id":4722,"date":"2020-11-16T11:11:59","date_gmt":"2020-11-16T09:11:59","guid":{"rendered":"https:\/\/help.jamk.fi\/peppi-ohjeet-henkilokunnalle\/opettajan-ohjeet\/opettajan-lukujarjestysvaraukset\/vinkkeja-opiskelijoiden-lukkareihin\/"},"modified":"2024-01-19T13:28:44","modified_gmt":"2024-01-19T11:28:44","slug":"vinkkeja-opiskelijoiden-lukkareihin","status":"publish","type":"page","link":"https:\/\/help.jamk.fi\/peppi-ohjeet-henkilokunnalle\/fi\/opettajan-ohjeet\/opettajan-lukujarjestysvaraukset\/vinkkeja-opiskelijoiden-lukkareihin\/","title":{"rendered":"Vinkkej\u00e4 opiskelijoiden lukkareihin"},"content":{"rendered":"\n<p>T\u00e4h\u00e4n on koottuna erilaisia vinkkej\u00e4, mist\u00e4 kaikkialta opiskelija n\u00e4kee lukuj\u00e4rjestyksens\u00e4, voi suunnitella niit\u00e4 tai jos opiskelija ei n\u00e4e toteutuksen lukuj\u00e4rjestyst\u00e4 tai h\u00e4n haluaa opiskella jotain muuta kuin oman ryhm\u00e4ns\u00e4 toteutuksia.<\/p>\n\n\n\n<p>Huom! Jos opiskelijan pit\u00e4\u00e4 ilmoittautua yhteen pienryhm\u00e4\u00e4n, ainoastaan Tuudo n\u00e4ytt\u00e4\u00e4 pelk\u00e4st\u00e4\u00e4n sen pienryhm\u00e4n varaukset, jolle opiskelija on ilmoittautunut. Pepin kalenteri ja lukkarikone n\u00e4ytt\u00e4v\u00e4t kaikkien pienryhmien varaukset, vaikka opiskelija on ilmoittautunut vain tiettyyn pienryhm\u00e4\u00e4n.<\/p>\n\n\n\n<p>Opiskelija voi piilottaa v\u00e4\u00e4rien pienryhmien varaukset lukkarikoneen ja Tuudon kalentereista, kun etsii haluamansa varaukset, klikkaa varausta ja klikkaa Piilota tapahtuma -painiketta. Pepin kalenterista ei voi poistaa eik\u00e4 piilottaa v\u00e4\u00e4rien pienryhmien varauksia. Jos Pepin varaukset on synkronoitu Outlookiin, voi opiskelija poistaa v\u00e4\u00e4rien pienryhmien varaukset sielt\u00e4 k\u00e4sin.<br><br>Jos opiskelija ei muista, mihin pienryhm\u00e4\u00e4n h\u00e4n on ilmoittautunut, h\u00e4n n\u00e4kee sen HOPSin <em>Ilmoittautumiset<\/em>-v\u00e4lilehdelt\u00e4, kun katsoo sivun alalaidasta Ilmoittautumiset-valikkoa. Opiskelijan on pakko pakko valita pienryhm\u00e4 ilmoittautuessaan.<\/p>\n\n\n\n<h2 class=\"wp-block-heading\">Lukuj\u00e4rjestys ei n\u00e4y<\/h2>\n\n\n\n<p>Opiskelija n\u00e4kee Pepin tilavarauksissa niiden toteutusten lukuj\u00e4rjestykset, joille on ilmoittautunut, vaikka ilmoittautumista ei ole hyv\u00e4ksytty. Lukuj\u00e4rjestys n\u00e4kyy Pepiss\u00e4, mik\u00e4li toteutukselle on tehty varauksia. Lukuj\u00e4rjestys tulee n\u00e4kyviin, kun opiskelija klikkaa tilavarauksessa <em>Omat toteutukset<\/em> -painiketta. Lukuj\u00e4rjestys n\u00e4kyy my\u00f6s Tuudossa, ja opiskelija voi synkronoida lukuj\u00e4rjestyksen siirtym\u00e4\u00e4n kuten opettajatkin.<\/p>\n\n\n\n<p>Jos opiskelija ilmoittaa, ettei h\u00e4n n\u00e4e jonkun toteutuksen lukuj\u00e4rjestyst\u00e4, tarkista n\u00e4m\u00e4 asiat:<\/p>\n\n\n\n<ul class=\"wp-block-list\">\n<li>Tarkista, onko kyseiselle toteutukselle tehty lukuj\u00e4rjestyst\u00e4.\n<ul class=\"wp-block-list\">\n<li>Etsi toteutus <em>Toteutukset<\/em>-valikosta. Valitse <em>Rytmitys- ja tilatoiveet ja ajoitus <\/em>-valikko.<\/li>\n\n\n\n<li>Jos varaukset on tehty, ne n\u00e4kyv\u00e4t t\u00e4ss\u00e4<\/li>\n\n\n\n<li>Jos varauksen edess\u00e4 oleva laatikko on vihre\u00e4, varaus on julkaistu ja se n\u00e4kyy opiskelijoille<\/li>\n<\/ul>\n<\/li>\n<\/ul>\n\n\n\n<figure class=\"wp-block-image size-large\"><img loading=\"lazy\" decoding=\"async\" width=\"408\" height=\"640\" src=\"https:\/\/help.jamk.fi\/peppi-ohjeet-henkilokunnalle\/wp-content\/uploads\/sites\/131\/2020\/11\/Toteutus.jpg\" alt=\"Toteutuksen lukuj\u00e4rjestykset voi tarkistaa Rytmitys- ja tilatoiveet ja ajoitus -v\u00e4lilehdelt\u00e4\" class=\"wp-image-2285\"\/><\/figure>\n\n\n\n<ul class=\"wp-block-list\">\n<li>Tarkista, onko lukuj\u00e4rjestykset julkaistu\n<ul class=\"wp-block-list\">\n<li>Jos oikeassa yl\u00e4kulmassa n\u00e4kyy vihre\u00e4 pallo tai kun klikkaat varausta ja statuksena lukee julkaistu, se n\u00e4kyy opiskelijoille.<\/li>\n\n\n\n<li>Jos varaus on Ehdotus-tilassa eli keltainen, se ei n\u00e4y opiskelijoille. Ota yhteys koulutuskoordinaattoriin varauksen julkaisemiseksi.<\/li>\n\n\n\n<li>Ainoastaan julkaistut varaukset n\u00e4kyv\u00e4t lukkarikoneessa, Tuudossa ja Outlookissa.\n<ul class=\"wp-block-list\">\n<li>Huom! Outlookista poistettua varausta ei saa takaisin n\u00e4kym\u00e4\u00e4n Outlookissa ellei kyseisen varauksen tekij\u00e4 poista varausta Pepist\u00e4 ja tee sit\u00e4 sen j\u00e4lkeen kokonaan uudestaan.<\/li>\n<\/ul>\n<\/li>\n<\/ul>\n<\/li>\n<\/ul>\n\n\n\n<h2 class=\"wp-block-heading\">Opiskelijan lukuj\u00e4rjestyksen suunnittelu<\/h2>\n\n\n\n<p>N\u00e4ill\u00e4 keinoin voit etsi\u00e4 opiskelijan kanssa eri ryhmien toteutusten lukuj\u00e4rjestyksi\u00e4.<\/p>\n\n\n\n<p>Kun toteutuksille ilmoittautuminen alkaa, opiskelija voi etuk\u00e4teen katsoa, kuinka eri toteutusten lukuj\u00e4rjestykset menev\u00e4t. Opiskelija voi katsoa eri toteutusten lukuj\u00e4rjestyksi\u00e4 etuk\u00e4teen lukkarikoneesta<\/p>\n\n\n\n<h3 class=\"wp-block-heading\">Lukkarikone<\/h3>\n\n\n\n<p>Lukkarikoneessa opiskelija voi etsi\u00e4 eri toteutusten lukuj\u00e4rjestyksi\u00e4 ja suunnitella, kuinka h\u00e4n rakentaa oman lukuj\u00e4rjestyksens\u00e4. Lukkarikoneeseen p\u00e4\u00e4see osoitteesta <a href=\"https:\/\/lukkarit.peppi.jamk.fi\" data-type=\"URL\" data-id=\"https:\/\/lukkarit.peppi.jamk.fi\">lukkarit.peppi.jamk.fi<\/a> tai opiskelijan ty\u00f6p\u00f6yd\u00e4n linkist\u00e4. Lukkarikone toimii my\u00f6s kirjautumattomille k\u00e4ytt\u00e4jille, mutta ainoastaan kirjautuneet k\u00e4ytt\u00e4j\u00e4t voivat tallentaa eri lukuj\u00e4rjestyksi\u00e4. <a href=\"https:\/\/help.jamk.fi\/peppi\/fi\/kalenteri\/lukkarikone\/\">Opiskelijan ohjeissa on tarkemmat ohjeet lukkarikoneen k\u00e4yt\u00f6st\u00e4<\/a>.<\/p>\n\n\n\n<p>Opiskelija voi lukkarikoneessa hakea pohjaksi esimerkiksi oman ryhm\u00e4ns\u00e4 oletuslukuj\u00e4rjestyksen tai ne toteutukset, joille h\u00e4n on ilmoittautunut. Sen lis\u00e4ksi h\u00e4n voi hakea muiden alojen tai ryhmien toteutuksia niiden nimill\u00e4 ja katsoa, sopivatko ne aikatauluihin. Opiskelija voi hakea toteutuksia my\u00f6s hyppytuntihaulla: Esimerkiksi, jos opiskelijalla on keskiviikkoaamup\u00e4iv\u00e4t tyhji\u00e4, h\u00e4n voi etsi\u00e4, mit\u00e4 toteutuksia tuohon aikaan on tarjolla.<\/p>\n","protected":false},"excerpt":{"rendered":"<p>T\u00e4h\u00e4n on koottuna erilaisia vinkkej\u00e4, mist\u00e4 kaikkialta opiskelija n\u00e4kee lukuj\u00e4rjestyksens\u00e4, voi suunnitella niit\u00e4 tai jos opiskelija ei n\u00e4e toteutuksen lukuj\u00e4rjestyst\u00e4 tai h\u00e4n haluaa opiskella jotain muuta kuin oman ryhm\u00e4ns\u00e4 toteutuksia. Lukuj\u00e4rjestys ei n\u00e4y Opiskelija n\u00e4kee Pepin tilavarauksissa niiden toteutusten lukuj\u00e4rjestykset, joille on ilmoittautunut, vaikka ilmoittautumista ei ole hyv\u00e4ksytty. Lukuj\u00e4rjestys n\u00e4kyy Pepiss\u00e4, mik\u00e4li toteutukselle on tehty [&hellip;]<\/p>\n","protected":false},"author":76,"featured_media":0,"parent":4696,"menu_order":5,"comment_status":"closed","ping_status":"open","template":"","meta":{"_acf_changed":false,"_relevanssi_hide_post":"","_relevanssi_hide_content":"","_relevanssi_pin_for_all":"","_relevanssi_pin_keywords":"","_relevanssi_unpin_keywords":"","_relevanssi_related_keywords":"","_relevanssi_related_include_ids":"","_relevanssi_related_exclude_ids":"","_relevanssi_related_no_append":"","_relevanssi_related_not_related":"","_relevanssi_related_posts":"","_relevanssi_noindex_reason":"","footnotes":""},"categories":[1],"tags":[],"class_list":["post-4722","page","type-page","status-publish","hentry","category-uncategorised"],"acf":[],"yoast_head":"<!-- This site is optimized with the Yoast SEO plugin v27.3 - https:\/\/yoast.com\/product\/yoast-seo-wordpress\/ -->\n<title>Vinkkej\u00e4 opiskelijoiden lukkareihin - Peppi-ohjeet henkil\u00f6kunnalle<\/title>\n<meta name=\"robots\" content=\"index, follow, max-snippet:-1, max-image-preview:large, max-video-preview:-1\" \/>\n<link rel=\"canonical\" href=\"https:\/\/help.jamk.fi\/peppi-ohjeet-henkilokunnalle\/fi\/opettajan-ohjeet\/opettajan-lukujarjestysvaraukset\/vinkkeja-opiskelijoiden-lukkareihin\/\" \/>\n<meta property=\"og:locale\" content=\"fi_FI\" \/>\n<meta property=\"og:type\" content=\"article\" \/>\n<meta property=\"og:title\" content=\"Vinkkej\u00e4 opiskelijoiden lukkareihin - Peppi-ohjeet henkil\u00f6kunnalle\" \/>\n<meta property=\"og:description\" content=\"T\u00e4h\u00e4n on koottuna erilaisia vinkkej\u00e4, mist\u00e4 kaikkialta opiskelija n\u00e4kee lukuj\u00e4rjestyksens\u00e4, voi suunnitella niit\u00e4 tai jos opiskelija ei n\u00e4e toteutuksen lukuj\u00e4rjestyst\u00e4 tai h\u00e4n haluaa opiskella jotain muuta kuin oman ryhm\u00e4ns\u00e4 toteutuksia. Lukuj\u00e4rjestys ei n\u00e4y Opiskelija n\u00e4kee Pepin tilavarauksissa niiden toteutusten lukuj\u00e4rjestykset, joille on ilmoittautunut, vaikka ilmoittautumista ei ole hyv\u00e4ksytty. Lukuj\u00e4rjestys n\u00e4kyy Pepiss\u00e4, mik\u00e4li toteutukselle on tehty [&hellip;]\" \/>\n<meta property=\"og:url\" content=\"https:\/\/help.jamk.fi\/peppi-ohjeet-henkilokunnalle\/fi\/opettajan-ohjeet\/opettajan-lukujarjestysvaraukset\/vinkkeja-opiskelijoiden-lukkareihin\/\" \/>\n<meta property=\"og:site_name\" content=\"Peppi-ohjeet henkil\u00f6kunnalle\" \/>\n<meta property=\"article:modified_time\" content=\"2024-01-19T11:28:44+00:00\" \/>\n<meta property=\"og:image\" content=\"https:\/\/help.jamk.fi\/peppi-ohjeet-henkilokunnalle\/wp-content\/uploads\/sites\/131\/2020\/11\/Toteutus.jpg\" \/>\n<meta name=\"twitter:card\" content=\"summary_large_image\" \/>\n<meta name=\"twitter:label1\" content=\"Arvioitu lukuaika\" \/>\n\t<meta name=\"twitter:data1\" content=\"2 minuuttia\" \/>\n<script type=\"application\/ld+json\" class=\"yoast-schema-graph\">{\"@context\":\"https:\\\/\\\/schema.org\",\"@graph\":[{\"@type\":\"WebPage\",\"@id\":\"https:\\\/\\\/help.jamk.fi\\\/peppi-ohjeet-henkilokunnalle\\\/fi\\\/opettajan-ohjeet\\\/opettajan-lukujarjestysvaraukset\\\/vinkkeja-opiskelijoiden-lukkareihin\\\/\",\"url\":\"https:\\\/\\\/help.jamk.fi\\\/peppi-ohjeet-henkilokunnalle\\\/fi\\\/opettajan-ohjeet\\\/opettajan-lukujarjestysvaraukset\\\/vinkkeja-opiskelijoiden-lukkareihin\\\/\",\"name\":\"Vinkkej\u00e4 opiskelijoiden lukkareihin - Peppi-ohjeet henkil\u00f6kunnalle\",\"isPartOf\":{\"@id\":\"https:\\\/\\\/help.jamk.fi\\\/peppi-ohjeet-henkilokunnalle\\\/#website\"},\"primaryImageOfPage\":{\"@id\":\"https:\\\/\\\/help.jamk.fi\\\/peppi-ohjeet-henkilokunnalle\\\/fi\\\/opettajan-ohjeet\\\/opettajan-lukujarjestysvaraukset\\\/vinkkeja-opiskelijoiden-lukkareihin\\\/#primaryimage\"},\"image\":{\"@id\":\"https:\\\/\\\/help.jamk.fi\\\/peppi-ohjeet-henkilokunnalle\\\/fi\\\/opettajan-ohjeet\\\/opettajan-lukujarjestysvaraukset\\\/vinkkeja-opiskelijoiden-lukkareihin\\\/#primaryimage\"},\"thumbnailUrl\":\"https:\\\/\\\/help.jamk.fi\\\/peppi-ohjeet-henkilokunnalle\\\/wp-content\\\/uploads\\\/sites\\\/131\\\/2020\\\/11\\\/Toteutus.jpg\",\"datePublished\":\"2020-11-16T09:11:59+00:00\",\"dateModified\":\"2024-01-19T11:28:44+00:00\",\"breadcrumb\":{\"@id\":\"https:\\\/\\\/help.jamk.fi\\\/peppi-ohjeet-henkilokunnalle\\\/fi\\\/opettajan-ohjeet\\\/opettajan-lukujarjestysvaraukset\\\/vinkkeja-opiskelijoiden-lukkareihin\\\/#breadcrumb\"},\"inLanguage\":\"fi\",\"potentialAction\":[{\"@type\":\"ReadAction\",\"target\":[\"https:\\\/\\\/help.jamk.fi\\\/peppi-ohjeet-henkilokunnalle\\\/fi\\\/opettajan-ohjeet\\\/opettajan-lukujarjestysvaraukset\\\/vinkkeja-opiskelijoiden-lukkareihin\\\/\"]}]},{\"@type\":\"ImageObject\",\"inLanguage\":\"fi\",\"@id\":\"https:\\\/\\\/help.jamk.fi\\\/peppi-ohjeet-henkilokunnalle\\\/fi\\\/opettajan-ohjeet\\\/opettajan-lukujarjestysvaraukset\\\/vinkkeja-opiskelijoiden-lukkareihin\\\/#primaryimage\",\"url\":\"https:\\\/\\\/help.jamk.fi\\\/peppi-ohjeet-henkilokunnalle\\\/wp-content\\\/uploads\\\/sites\\\/131\\\/2020\\\/11\\\/Toteutus.jpg\",\"contentUrl\":\"https:\\\/\\\/help.jamk.fi\\\/peppi-ohjeet-henkilokunnalle\\\/wp-content\\\/uploads\\\/sites\\\/131\\\/2020\\\/11\\\/Toteutus.jpg\",\"width\":408,\"height\":640},{\"@type\":\"BreadcrumbList\",\"@id\":\"https:\\\/\\\/help.jamk.fi\\\/peppi-ohjeet-henkilokunnalle\\\/fi\\\/opettajan-ohjeet\\\/opettajan-lukujarjestysvaraukset\\\/vinkkeja-opiskelijoiden-lukkareihin\\\/#breadcrumb\",\"itemListElement\":[{\"@type\":\"ListItem\",\"position\":1,\"name\":\"Home\",\"item\":\"https:\\\/\\\/help.jamk.fi\\\/peppi-ohjeet-henkilokunnalle\\\/en\\\/\"},{\"@type\":\"ListItem\",\"position\":2,\"name\":\"Opettajan ohjeet\",\"item\":\"https:\\\/\\\/help.jamk.fi\\\/peppi-ohjeet-henkilokunnalle\\\/fi\\\/opettajan-ohjeet\\\/\"},{\"@type\":\"ListItem\",\"position\":3,\"name\":\"Opettajan tilavaraukset\",\"item\":\"https:\\\/\\\/help.jamk.fi\\\/peppi-ohjeet-henkilokunnalle\\\/fi\\\/opettajan-ohjeet\\\/opettajan-lukujarjestysvaraukset\\\/\"},{\"@type\":\"ListItem\",\"position\":4,\"name\":\"Vinkkej\u00e4 opiskelijoiden lukkareihin\"}]},{\"@type\":\"WebSite\",\"@id\":\"https:\\\/\\\/help.jamk.fi\\\/peppi-ohjeet-henkilokunnalle\\\/#website\",\"url\":\"https:\\\/\\\/help.jamk.fi\\\/peppi-ohjeet-henkilokunnalle\\\/\",\"name\":\"Peppi-ohjeet henkil\u00f6kunnalle\",\"description\":\"\",\"potentialAction\":[{\"@type\":\"SearchAction\",\"target\":{\"@type\":\"EntryPoint\",\"urlTemplate\":\"https:\\\/\\\/help.jamk.fi\\\/peppi-ohjeet-henkilokunnalle\\\/?s={search_term_string}\"},\"query-input\":{\"@type\":\"PropertyValueSpecification\",\"valueRequired\":true,\"valueName\":\"search_term_string\"}}],\"inLanguage\":\"fi\"}]}<\/script>\n<!-- \/ Yoast SEO plugin. -->","yoast_head_json":{"title":"Vinkkej\u00e4 opiskelijoiden lukkareihin - Peppi-ohjeet henkil\u00f6kunnalle","robots":{"index":"index","follow":"follow","max-snippet":"max-snippet:-1","max-image-preview":"max-image-preview:large","max-video-preview":"max-video-preview:-1"},"canonical":"https:\/\/help.jamk.fi\/peppi-ohjeet-henkilokunnalle\/fi\/opettajan-ohjeet\/opettajan-lukujarjestysvaraukset\/vinkkeja-opiskelijoiden-lukkareihin\/","og_locale":"fi_FI","og_type":"article","og_title":"Vinkkej\u00e4 opiskelijoiden lukkareihin - Peppi-ohjeet henkil\u00f6kunnalle","og_description":"T\u00e4h\u00e4n on koottuna erilaisia vinkkej\u00e4, mist\u00e4 kaikkialta opiskelija n\u00e4kee lukuj\u00e4rjestyksens\u00e4, voi suunnitella niit\u00e4 tai jos opiskelija ei n\u00e4e toteutuksen lukuj\u00e4rjestyst\u00e4 tai h\u00e4n haluaa opiskella jotain muuta kuin oman ryhm\u00e4ns\u00e4 toteutuksia. Lukuj\u00e4rjestys ei n\u00e4y Opiskelija n\u00e4kee Pepin tilavarauksissa niiden toteutusten lukuj\u00e4rjestykset, joille on ilmoittautunut, vaikka ilmoittautumista ei ole hyv\u00e4ksytty. Lukuj\u00e4rjestys n\u00e4kyy Pepiss\u00e4, mik\u00e4li toteutukselle on tehty [&hellip;]","og_url":"https:\/\/help.jamk.fi\/peppi-ohjeet-henkilokunnalle\/fi\/opettajan-ohjeet\/opettajan-lukujarjestysvaraukset\/vinkkeja-opiskelijoiden-lukkareihin\/","og_site_name":"Peppi-ohjeet henkil\u00f6kunnalle","article_modified_time":"2024-01-19T11:28:44+00:00","og_image":[{"url":"https:\/\/help.jamk.fi\/peppi-ohjeet-henkilokunnalle\/wp-content\/uploads\/sites\/131\/2020\/11\/Toteutus.jpg","type":"","width":"","height":""}],"twitter_card":"summary_large_image","twitter_misc":{"Arvioitu lukuaika":"2 minuuttia"},"schema":{"@context":"https:\/\/schema.org","@graph":[{"@type":"WebPage","@id":"https:\/\/help.jamk.fi\/peppi-ohjeet-henkilokunnalle\/fi\/opettajan-ohjeet\/opettajan-lukujarjestysvaraukset\/vinkkeja-opiskelijoiden-lukkareihin\/","url":"https:\/\/help.jamk.fi\/peppi-ohjeet-henkilokunnalle\/fi\/opettajan-ohjeet\/opettajan-lukujarjestysvaraukset\/vinkkeja-opiskelijoiden-lukkareihin\/","name":"Vinkkej\u00e4 opiskelijoiden lukkareihin - Peppi-ohjeet henkil\u00f6kunnalle","isPartOf":{"@id":"https:\/\/help.jamk.fi\/peppi-ohjeet-henkilokunnalle\/#website"},"primaryImageOfPage":{"@id":"https:\/\/help.jamk.fi\/peppi-ohjeet-henkilokunnalle\/fi\/opettajan-ohjeet\/opettajan-lukujarjestysvaraukset\/vinkkeja-opiskelijoiden-lukkareihin\/#primaryimage"},"image":{"@id":"https:\/\/help.jamk.fi\/peppi-ohjeet-henkilokunnalle\/fi\/opettajan-ohjeet\/opettajan-lukujarjestysvaraukset\/vinkkeja-opiskelijoiden-lukkareihin\/#primaryimage"},"thumbnailUrl":"https:\/\/help.jamk.fi\/peppi-ohjeet-henkilokunnalle\/wp-content\/uploads\/sites\/131\/2020\/11\/Toteutus.jpg","datePublished":"2020-11-16T09:11:59+00:00","dateModified":"2024-01-19T11:28:44+00:00","breadcrumb":{"@id":"https:\/\/help.jamk.fi\/peppi-ohjeet-henkilokunnalle\/fi\/opettajan-ohjeet\/opettajan-lukujarjestysvaraukset\/vinkkeja-opiskelijoiden-lukkareihin\/#breadcrumb"},"inLanguage":"fi","potentialAction":[{"@type":"ReadAction","target":["https:\/\/help.jamk.fi\/peppi-ohjeet-henkilokunnalle\/fi\/opettajan-ohjeet\/opettajan-lukujarjestysvaraukset\/vinkkeja-opiskelijoiden-lukkareihin\/"]}]},{"@type":"ImageObject","inLanguage":"fi","@id":"https:\/\/help.jamk.fi\/peppi-ohjeet-henkilokunnalle\/fi\/opettajan-ohjeet\/opettajan-lukujarjestysvaraukset\/vinkkeja-opiskelijoiden-lukkareihin\/#primaryimage","url":"https:\/\/help.jamk.fi\/peppi-ohjeet-henkilokunnalle\/wp-content\/uploads\/sites\/131\/2020\/11\/Toteutus.jpg","contentUrl":"https:\/\/help.jamk.fi\/peppi-ohjeet-henkilokunnalle\/wp-content\/uploads\/sites\/131\/2020\/11\/Toteutus.jpg","width":408,"height":640},{"@type":"BreadcrumbList","@id":"https:\/\/help.jamk.fi\/peppi-ohjeet-henkilokunnalle\/fi\/opettajan-ohjeet\/opettajan-lukujarjestysvaraukset\/vinkkeja-opiskelijoiden-lukkareihin\/#breadcrumb","itemListElement":[{"@type":"ListItem","position":1,"name":"Home","item":"https:\/\/help.jamk.fi\/peppi-ohjeet-henkilokunnalle\/en\/"},{"@type":"ListItem","position":2,"name":"Opettajan ohjeet","item":"https:\/\/help.jamk.fi\/peppi-ohjeet-henkilokunnalle\/fi\/opettajan-ohjeet\/"},{"@type":"ListItem","position":3,"name":"Opettajan tilavaraukset","item":"https:\/\/help.jamk.fi\/peppi-ohjeet-henkilokunnalle\/fi\/opettajan-ohjeet\/opettajan-lukujarjestysvaraukset\/"},{"@type":"ListItem","position":4,"name":"Vinkkej\u00e4 opiskelijoiden lukkareihin"}]},{"@type":"WebSite","@id":"https:\/\/help.jamk.fi\/peppi-ohjeet-henkilokunnalle\/#website","url":"https:\/\/help.jamk.fi\/peppi-ohjeet-henkilokunnalle\/","name":"Peppi-ohjeet henkil\u00f6kunnalle","description":"","potentialAction":[{"@type":"SearchAction","target":{"@type":"EntryPoint","urlTemplate":"https:\/\/help.jamk.fi\/peppi-ohjeet-henkilokunnalle\/?s={search_term_string}"},"query-input":{"@type":"PropertyValueSpecification","valueRequired":true,"valueName":"search_term_string"}}],"inLanguage":"fi"}]}},"_links":{"self":[{"href":"https:\/\/help.jamk.fi\/peppi-ohjeet-henkilokunnalle\/wp-json\/wp\/v2\/pages\/4722","targetHints":{"allow":["GET"]}}],"collection":[{"href":"https:\/\/help.jamk.fi\/peppi-ohjeet-henkilokunnalle\/wp-json\/wp\/v2\/pages"}],"about":[{"href":"https:\/\/help.jamk.fi\/peppi-ohjeet-henkilokunnalle\/wp-json\/wp\/v2\/types\/page"}],"author":[{"embeddable":true,"href":"https:\/\/help.jamk.fi\/peppi-ohjeet-henkilokunnalle\/wp-json\/wp\/v2\/users\/76"}],"replies":[{"embeddable":true,"href":"https:\/\/help.jamk.fi\/peppi-ohjeet-henkilokunnalle\/wp-json\/wp\/v2\/comments?post=4722"}],"version-history":[{"count":5,"href":"https:\/\/help.jamk.fi\/peppi-ohjeet-henkilokunnalle\/wp-json\/wp\/v2\/pages\/4722\/revisions"}],"predecessor-version":[{"id":6312,"href":"https:\/\/help.jamk.fi\/peppi-ohjeet-henkilokunnalle\/wp-json\/wp\/v2\/pages\/4722\/revisions\/6312"}],"up":[{"embeddable":true,"href":"https:\/\/help.jamk.fi\/peppi-ohjeet-henkilokunnalle\/wp-json\/wp\/v2\/pages\/4696"}],"wp:attachment":[{"href":"https:\/\/help.jamk.fi\/peppi-ohjeet-henkilokunnalle\/wp-json\/wp\/v2\/media?parent=4722"}],"wp:term":[{"taxonomy":"category","embeddable":true,"href":"https:\/\/help.jamk.fi\/peppi-ohjeet-henkilokunnalle\/wp-json\/wp\/v2\/categories?post=4722"},{"taxonomy":"post_tag","embeddable":true,"href":"https:\/\/help.jamk.fi\/peppi-ohjeet-henkilokunnalle\/wp-json\/wp\/v2\/tags?post=4722"}],"curies":[{"name":"wp","href":"https:\/\/api.w.org\/{rel}","templated":true}]}}