{"id":4725,"date":"2021-03-04T05:21:19","date_gmt":"2021-03-04T03:21:19","guid":{"rendered":"https:\/\/help.jamk.fi\/peppi-ohjeet-henkilokunnalle\/opettajan-nakyma\/"},"modified":"2023-11-01T16:48:22","modified_gmt":"2023-11-01T14:48:22","slug":"opettajan-nakyma","status":"publish","type":"page","link":"https:\/\/help.jamk.fi\/peppi-ohjeet-henkilokunnalle\/fi\/opintojaksopalaute\/opettajan-nakyma\/","title":{"rendered":"Opettajan n\u00e4kym\u00e4"},"content":{"rendered":"<p>P\u00e4\u00e4set opintojaksopalautteeseen opettajan ty\u00f6p\u00f6yd\u00e4n etusivulla olevan portletin kautta:<\/p>\n<p>&nbsp;<\/p>\n<p><img loading=\"lazy\" decoding=\"async\" class=\"alignnone size-medium wp-image-2407\" src=\"https:\/\/help.jamk.fi\/peppi-ohjeet-henkilokunnalle\/wp-content\/uploads\/sites\/131\/2021\/03\/portletkuva.jpg\" alt=\"\" width=\"268\" height=\"137\" \/><\/p>\n<p>Palautekyselyt on luokiteltu portletissa niiden aukiolon ajankohdan mukaan.<\/p>\n<ul>\n<li style=\"text-align: left\">\u00a0Avautuvat palautekyselyt<br \/>\n\u2022 toteutukset , joissa olet opettajana. Toteutuksen tila pit\u00e4\u00e4 olla \u201dJulkaistu\u201d<\/li>\n<li style=\"text-align: left\">K\u00e4ynniss\u00e4 olevat palautekyselyt<\/li>\n<li style=\"text-align: left\">Sulkeutuneet kyselyt<\/li>\n<\/ul>\n<p>&nbsp;<\/p>\n<p>P\u00e4\u00e4set opintojaksopalautteeseen my\u00f6s toteutuksen kautta:<br \/>\n<img loading=\"lazy\" decoding=\"async\" class=\"alignnone wp-image-2409\" src=\"https:\/\/help.jamk.fi\/peppi-ohjeet-henkilokunnalle\/wp-content\/uploads\/sites\/131\/2021\/03\/Capture.jpg\" alt=\"\" width=\"276\" height=\"371\" \/><\/p>\n<p>&nbsp;<\/p>\n<p>&nbsp;<\/p>\n","protected":false},"excerpt":{"rendered":"<p>P\u00e4\u00e4set opintojaksopalautteeseen opettajan ty\u00f6p\u00f6yd\u00e4n etusivulla olevan portletin kautta: &nbsp; Palautekyselyt on luokiteltu portletissa niiden aukiolon ajankohdan mukaan. \u00a0Avautuvat palautekyselyt \u2022 toteutukset , joissa olet opettajana. Toteutuksen tila pit\u00e4\u00e4 olla \u201dJulkaistu\u201d K\u00e4ynniss\u00e4 olevat palautekyselyt Sulkeutuneet kyselyt &nbsp; P\u00e4\u00e4set opintojaksopalautteeseen my\u00f6s toteutuksen kautta: &nbsp; &nbsp;<\/p>\n","protected":false},"author":78,"featured_media":0,"parent":4726,"menu_order":1,"comment_status":"closed","ping_status":"open","template":"","meta":{"_acf_changed":false,"_relevanssi_hide_post":"","_relevanssi_hide_content":"","_relevanssi_pin_for_all":"","_relevanssi_pin_keywords":"","_relevanssi_unpin_keywords":"","_relevanssi_related_keywords":"","_relevanssi_related_include_ids":"","_relevanssi_related_exclude_ids":"","_relevanssi_related_no_append":"","_relevanssi_related_not_related":"","_relevanssi_related_posts":"","_relevanssi_noindex_reason":"","footnotes":""},"categories":[1],"tags":[],"class_list":["post-4725","page","type-page","status-publish","hentry","category-uncategorised"],"acf":[],"yoast_head":"<!-- This site is optimized with the Yoast SEO plugin v27.3 - https:\/\/yoast.com\/product\/yoast-seo-wordpress\/ -->\n<title>Opettajan n\u00e4kym\u00e4 - Peppi-ohjeet henkil\u00f6kunnalle<\/title>\n<meta name=\"robots\" content=\"index, follow, max-snippet:-1, max-image-preview:large, max-video-preview:-1\" \/>\n<link rel=\"canonical\" href=\"https:\/\/help.jamk.fi\/peppi-ohjeet-henkilokunnalle\/fi\/opintojaksopalaute\/opettajan-nakyma\/\" \/>\n<meta property=\"og:locale\" content=\"fi_FI\" \/>\n<meta property=\"og:type\" content=\"article\" \/>\n<meta property=\"og:title\" content=\"Opettajan n\u00e4kym\u00e4 - Peppi-ohjeet henkil\u00f6kunnalle\" \/>\n<meta property=\"og:description\" content=\"P\u00e4\u00e4set opintojaksopalautteeseen opettajan ty\u00f6p\u00f6yd\u00e4n etusivulla olevan portletin kautta: &nbsp; Palautekyselyt on luokiteltu portletissa niiden aukiolon ajankohdan mukaan. \u00a0Avautuvat palautekyselyt \u2022 toteutukset , joissa olet opettajana. Toteutuksen tila pit\u00e4\u00e4 olla \u201dJulkaistu\u201d K\u00e4ynniss\u00e4 olevat palautekyselyt Sulkeutuneet kyselyt &nbsp; P\u00e4\u00e4set opintojaksopalautteeseen my\u00f6s toteutuksen kautta: &nbsp; &nbsp;\" \/>\n<meta property=\"og:url\" content=\"https:\/\/help.jamk.fi\/peppi-ohjeet-henkilokunnalle\/fi\/opintojaksopalaute\/opettajan-nakyma\/\" \/>\n<meta property=\"og:site_name\" content=\"Peppi-ohjeet henkil\u00f6kunnalle\" \/>\n<meta property=\"article:modified_time\" content=\"2023-11-01T14:48:22+00:00\" \/>\n<meta property=\"og:image\" content=\"https:\/\/help.jamk.fi\/peppi-ohjeet-henkilokunnalle\/wp-content\/uploads\/sites\/131\/2021\/03\/portletkuva.jpg\" \/>\n<meta name=\"twitter:card\" content=\"summary_large_image\" \/>\n<script type=\"application\/ld+json\" class=\"yoast-schema-graph\">{\"@context\":\"https:\\\/\\\/schema.org\",\"@graph\":[{\"@type\":\"WebPage\",\"@id\":\"https:\\\/\\\/help.jamk.fi\\\/peppi-ohjeet-henkilokunnalle\\\/fi\\\/opintojaksopalaute\\\/opettajan-nakyma\\\/\",\"url\":\"https:\\\/\\\/help.jamk.fi\\\/peppi-ohjeet-henkilokunnalle\\\/fi\\\/opintojaksopalaute\\\/opettajan-nakyma\\\/\",\"name\":\"Opettajan n\u00e4kym\u00e4 - Peppi-ohjeet henkil\u00f6kunnalle\",\"isPartOf\":{\"@id\":\"https:\\\/\\\/help.jamk.fi\\\/peppi-ohjeet-henkilokunnalle\\\/#website\"},\"primaryImageOfPage\":{\"@id\":\"https:\\\/\\\/help.jamk.fi\\\/peppi-ohjeet-henkilokunnalle\\\/fi\\\/opintojaksopalaute\\\/opettajan-nakyma\\\/#primaryimage\"},\"image\":{\"@id\":\"https:\\\/\\\/help.jamk.fi\\\/peppi-ohjeet-henkilokunnalle\\\/fi\\\/opintojaksopalaute\\\/opettajan-nakyma\\\/#primaryimage\"},\"thumbnailUrl\":\"https:\\\/\\\/help.jamk.fi\\\/peppi-ohjeet-henkilokunnalle\\\/wp-content\\\/uploads\\\/sites\\\/131\\\/2021\\\/03\\\/portletkuva.jpg\",\"datePublished\":\"2021-03-04T03:21:19+00:00\",\"dateModified\":\"2023-11-01T14:48:22+00:00\",\"breadcrumb\":{\"@id\":\"https:\\\/\\\/help.jamk.fi\\\/peppi-ohjeet-henkilokunnalle\\\/fi\\\/opintojaksopalaute\\\/opettajan-nakyma\\\/#breadcrumb\"},\"inLanguage\":\"fi\",\"potentialAction\":[{\"@type\":\"ReadAction\",\"target\":[\"https:\\\/\\\/help.jamk.fi\\\/peppi-ohjeet-henkilokunnalle\\\/fi\\\/opintojaksopalaute\\\/opettajan-nakyma\\\/\"]}]},{\"@type\":\"ImageObject\",\"inLanguage\":\"fi\",\"@id\":\"https:\\\/\\\/help.jamk.fi\\\/peppi-ohjeet-henkilokunnalle\\\/fi\\\/opintojaksopalaute\\\/opettajan-nakyma\\\/#primaryimage\",\"url\":\"https:\\\/\\\/help.jamk.fi\\\/peppi-ohjeet-henkilokunnalle\\\/wp-content\\\/uploads\\\/sites\\\/131\\\/2021\\\/03\\\/portletkuva.jpg\",\"contentUrl\":\"https:\\\/\\\/help.jamk.fi\\\/peppi-ohjeet-henkilokunnalle\\\/wp-content\\\/uploads\\\/sites\\\/131\\\/2021\\\/03\\\/portletkuva.jpg\",\"width\":268,\"height\":137},{\"@type\":\"BreadcrumbList\",\"@id\":\"https:\\\/\\\/help.jamk.fi\\\/peppi-ohjeet-henkilokunnalle\\\/fi\\\/opintojaksopalaute\\\/opettajan-nakyma\\\/#breadcrumb\",\"itemListElement\":[{\"@type\":\"ListItem\",\"position\":1,\"name\":\"Home\",\"item\":\"https:\\\/\\\/help.jamk.fi\\\/peppi-ohjeet-henkilokunnalle\\\/en\\\/\"},{\"@type\":\"ListItem\",\"position\":2,\"name\":\"Opintojaksopalaute\",\"item\":\"https:\\\/\\\/help.jamk.fi\\\/peppi-ohjeet-henkilokunnalle\\\/fi\\\/opintojaksopalaute\\\/\"},{\"@type\":\"ListItem\",\"position\":3,\"name\":\"Opettajan n\u00e4kym\u00e4\"}]},{\"@type\":\"WebSite\",\"@id\":\"https:\\\/\\\/help.jamk.fi\\\/peppi-ohjeet-henkilokunnalle\\\/#website\",\"url\":\"https:\\\/\\\/help.jamk.fi\\\/peppi-ohjeet-henkilokunnalle\\\/\",\"name\":\"Peppi-ohjeet henkil\u00f6kunnalle\",\"description\":\"\",\"potentialAction\":[{\"@type\":\"SearchAction\",\"target\":{\"@type\":\"EntryPoint\",\"urlTemplate\":\"https:\\\/\\\/help.jamk.fi\\\/peppi-ohjeet-henkilokunnalle\\\/?s={search_term_string}\"},\"query-input\":{\"@type\":\"PropertyValueSpecification\",\"valueRequired\":true,\"valueName\":\"search_term_string\"}}],\"inLanguage\":\"fi\"}]}<\/script>\n<!-- \/ Yoast SEO plugin. -->","yoast_head_json":{"title":"Opettajan n\u00e4kym\u00e4 - Peppi-ohjeet henkil\u00f6kunnalle","robots":{"index":"index","follow":"follow","max-snippet":"max-snippet:-1","max-image-preview":"max-image-preview:large","max-video-preview":"max-video-preview:-1"},"canonical":"https:\/\/help.jamk.fi\/peppi-ohjeet-henkilokunnalle\/fi\/opintojaksopalaute\/opettajan-nakyma\/","og_locale":"fi_FI","og_type":"article","og_title":"Opettajan n\u00e4kym\u00e4 - Peppi-ohjeet henkil\u00f6kunnalle","og_description":"P\u00e4\u00e4set opintojaksopalautteeseen opettajan ty\u00f6p\u00f6yd\u00e4n etusivulla olevan portletin kautta: &nbsp; Palautekyselyt on luokiteltu portletissa niiden aukiolon ajankohdan mukaan. \u00a0Avautuvat palautekyselyt \u2022 toteutukset , joissa olet opettajana. Toteutuksen tila pit\u00e4\u00e4 olla \u201dJulkaistu\u201d K\u00e4ynniss\u00e4 olevat palautekyselyt Sulkeutuneet kyselyt &nbsp; P\u00e4\u00e4set opintojaksopalautteeseen my\u00f6s toteutuksen kautta: &nbsp; &nbsp;","og_url":"https:\/\/help.jamk.fi\/peppi-ohjeet-henkilokunnalle\/fi\/opintojaksopalaute\/opettajan-nakyma\/","og_site_name":"Peppi-ohjeet henkil\u00f6kunnalle","article_modified_time":"2023-11-01T14:48:22+00:00","og_image":[{"url":"https:\/\/help.jamk.fi\/peppi-ohjeet-henkilokunnalle\/wp-content\/uploads\/sites\/131\/2021\/03\/portletkuva.jpg","type":"","width":"","height":""}],"twitter_card":"summary_large_image","schema":{"@context":"https:\/\/schema.org","@graph":[{"@type":"WebPage","@id":"https:\/\/help.jamk.fi\/peppi-ohjeet-henkilokunnalle\/fi\/opintojaksopalaute\/opettajan-nakyma\/","url":"https:\/\/help.jamk.fi\/peppi-ohjeet-henkilokunnalle\/fi\/opintojaksopalaute\/opettajan-nakyma\/","name":"Opettajan n\u00e4kym\u00e4 - Peppi-ohjeet henkil\u00f6kunnalle","isPartOf":{"@id":"https:\/\/help.jamk.fi\/peppi-ohjeet-henkilokunnalle\/#website"},"primaryImageOfPage":{"@id":"https:\/\/help.jamk.fi\/peppi-ohjeet-henkilokunnalle\/fi\/opintojaksopalaute\/opettajan-nakyma\/#primaryimage"},"image":{"@id":"https:\/\/help.jamk.fi\/peppi-ohjeet-henkilokunnalle\/fi\/opintojaksopalaute\/opettajan-nakyma\/#primaryimage"},"thumbnailUrl":"https:\/\/help.jamk.fi\/peppi-ohjeet-henkilokunnalle\/wp-content\/uploads\/sites\/131\/2021\/03\/portletkuva.jpg","datePublished":"2021-03-04T03:21:19+00:00","dateModified":"2023-11-01T14:48:22+00:00","breadcrumb":{"@id":"https:\/\/help.jamk.fi\/peppi-ohjeet-henkilokunnalle\/fi\/opintojaksopalaute\/opettajan-nakyma\/#breadcrumb"},"inLanguage":"fi","potentialAction":[{"@type":"ReadAction","target":["https:\/\/help.jamk.fi\/peppi-ohjeet-henkilokunnalle\/fi\/opintojaksopalaute\/opettajan-nakyma\/"]}]},{"@type":"ImageObject","inLanguage":"fi","@id":"https:\/\/help.jamk.fi\/peppi-ohjeet-henkilokunnalle\/fi\/opintojaksopalaute\/opettajan-nakyma\/#primaryimage","url":"https:\/\/help.jamk.fi\/peppi-ohjeet-henkilokunnalle\/wp-content\/uploads\/sites\/131\/2021\/03\/portletkuva.jpg","contentUrl":"https:\/\/help.jamk.fi\/peppi-ohjeet-henkilokunnalle\/wp-content\/uploads\/sites\/131\/2021\/03\/portletkuva.jpg","width":268,"height":137},{"@type":"BreadcrumbList","@id":"https:\/\/help.jamk.fi\/peppi-ohjeet-henkilokunnalle\/fi\/opintojaksopalaute\/opettajan-nakyma\/#breadcrumb","itemListElement":[{"@type":"ListItem","position":1,"name":"Home","item":"https:\/\/help.jamk.fi\/peppi-ohjeet-henkilokunnalle\/en\/"},{"@type":"ListItem","position":2,"name":"Opintojaksopalaute","item":"https:\/\/help.jamk.fi\/peppi-ohjeet-henkilokunnalle\/fi\/opintojaksopalaute\/"},{"@type":"ListItem","position":3,"name":"Opettajan n\u00e4kym\u00e4"}]},{"@type":"WebSite","@id":"https:\/\/help.jamk.fi\/peppi-ohjeet-henkilokunnalle\/#website","url":"https:\/\/help.jamk.fi\/peppi-ohjeet-henkilokunnalle\/","name":"Peppi-ohjeet henkil\u00f6kunnalle","description":"","potentialAction":[{"@type":"SearchAction","target":{"@type":"EntryPoint","urlTemplate":"https:\/\/help.jamk.fi\/peppi-ohjeet-henkilokunnalle\/?s={search_term_string}"},"query-input":{"@type":"PropertyValueSpecification","valueRequired":true,"valueName":"search_term_string"}}],"inLanguage":"fi"}]}},"_links":{"self":[{"href":"https:\/\/help.jamk.fi\/peppi-ohjeet-henkilokunnalle\/wp-json\/wp\/v2\/pages\/4725","targetHints":{"allow":["GET"]}}],"collection":[{"href":"https:\/\/help.jamk.fi\/peppi-ohjeet-henkilokunnalle\/wp-json\/wp\/v2\/pages"}],"about":[{"href":"https:\/\/help.jamk.fi\/peppi-ohjeet-henkilokunnalle\/wp-json\/wp\/v2\/types\/page"}],"author":[{"embeddable":true,"href":"https:\/\/help.jamk.fi\/peppi-ohjeet-henkilokunnalle\/wp-json\/wp\/v2\/users\/78"}],"replies":[{"embeddable":true,"href":"https:\/\/help.jamk.fi\/peppi-ohjeet-henkilokunnalle\/wp-json\/wp\/v2\/comments?post=4725"}],"version-history":[{"count":1,"href":"https:\/\/help.jamk.fi\/peppi-ohjeet-henkilokunnalle\/wp-json\/wp\/v2\/pages\/4725\/revisions"}],"predecessor-version":[{"id":4812,"href":"https:\/\/help.jamk.fi\/peppi-ohjeet-henkilokunnalle\/wp-json\/wp\/v2\/pages\/4725\/revisions\/4812"}],"up":[{"embeddable":true,"href":"https:\/\/help.jamk.fi\/peppi-ohjeet-henkilokunnalle\/wp-json\/wp\/v2\/pages\/4726"}],"wp:attachment":[{"href":"https:\/\/help.jamk.fi\/peppi-ohjeet-henkilokunnalle\/wp-json\/wp\/v2\/media?parent=4725"}],"wp:term":[{"taxonomy":"category","embeddable":true,"href":"https:\/\/help.jamk.fi\/peppi-ohjeet-henkilokunnalle\/wp-json\/wp\/v2\/categories?post=4725"},{"taxonomy":"post_tag","embeddable":true,"href":"https:\/\/help.jamk.fi\/peppi-ohjeet-henkilokunnalle\/wp-json\/wp\/v2\/tags?post=4725"}],"curies":[{"name":"wp","href":"https:\/\/api.w.org\/{rel}","templated":true}]}}