{"id":4728,"date":"2021-03-04T05:48:56","date_gmt":"2021-03-04T03:48:56","guid":{"rendered":"https:\/\/help.jamk.fi\/peppi-ohjeet-henkilokunnalle\/palautteen-avautuminen\/"},"modified":"2024-04-18T08:22:31","modified_gmt":"2024-04-18T05:22:31","slug":"palautteen-avautuminen","status":"publish","type":"page","link":"https:\/\/help.jamk.fi\/peppi-ohjeet-henkilokunnalle\/fi\/opintojaksopalaute\/opettajan-nakyma\/palautteen-avautuminen\/","title":{"rendered":"Palautteen avautuminen"},"content":{"rendered":"\n<p>Palautteet on asetettu avautumaan automaattisesti 21 vrk ennen opintojakson p\u00e4\u00e4ttymist\u00e4 ja palautetta voi antaa 30 vrk siit\u00e4 eteenp\u00e4in.<\/p>\n\n\n\n<p>P\u00e4iv\u00e4m\u00e4\u00e4r\u00e4 katsotaan toteutukseen m\u00e4\u00e4ritellyst\u00e4 toteutusajasta:<\/p>\n\n\n\n<figure class=\"wp-block-image\"><img loading=\"lazy\" decoding=\"async\" width=\"643\" height=\"102\" src=\"https:\/\/help.jamk.fi\/peppi-ohjeet-henkilokunnalle\/wp-content\/uploads\/sites\/131\/2021\/03\/totetusaika.jpg\" alt=\"\" class=\"wp-image-2424\"\/><\/figure>\n\n\n\n<p><strong>Mik\u00e4li huomaat ett\u00e4 oman toteutuksesi toteutusaika on v\u00e4\u00e4rin, niin ole v\u00e4litt\u00f6m\u00e4sti yhteydess\u00e4 oman yksikk\u00f6si vuosisuunnittelijaan ja pyyd\u00e4 muuttamaan toteutusaika oikeaksi.<\/strong><\/p>\n\n\n\n<p><strong>Toistaiseksi palautetta ei voi avata uudelleen mik\u00e4li se on ehtinyt jo sulkeutumaan muuta kuin erikseen pyyt\u00e4m\u00e4ll\u00e4 se Eduixin kautta. T\u00e4m\u00e4 pyynt\u00f6 on aina maksullinen.<\/strong><\/p>\n\n\n\n<p>Ammattikorkeakoulun kysymykset ovat koulun yhteisi\u00e4, ja ne ovat automaattisesti osa palautelomaketta. Ne n\u00e4kyv\u00e4t Loppupalaute-sivulla ja kyselyn esikatselussa.<\/p>\n","protected":false},"excerpt":{"rendered":"<p>Palautteet on asetettu avautumaan automaattisesti 21 vrk ennen opintojakson p\u00e4\u00e4ttymist\u00e4 ja palautetta voi antaa 30 vrk siit\u00e4 eteenp\u00e4in. P\u00e4iv\u00e4m\u00e4\u00e4r\u00e4 katsotaan toteutukseen m\u00e4\u00e4ritellyst\u00e4 toteutusajasta: Mik\u00e4li huomaat ett\u00e4 oman toteutuksesi toteutusaika on v\u00e4\u00e4rin, niin ole v\u00e4litt\u00f6m\u00e4sti yhteydess\u00e4 oman yksikk\u00f6si vuosisuunnittelijaan ja pyyd\u00e4 muuttamaan toteutusaika oikeaksi. Toistaiseksi palautetta ei voi avata uudelleen mik\u00e4li se on ehtinyt jo sulkeutumaan [&hellip;]<\/p>\n","protected":false},"author":78,"featured_media":0,"parent":4725,"menu_order":3,"comment_status":"closed","ping_status":"open","template":"","meta":{"_acf_changed":false,"_relevanssi_hide_post":"","_relevanssi_hide_content":"","_relevanssi_pin_for_all":"","_relevanssi_pin_keywords":"","_relevanssi_unpin_keywords":"","_relevanssi_related_keywords":"","_relevanssi_related_include_ids":"","_relevanssi_related_exclude_ids":"","_relevanssi_related_no_append":"","_relevanssi_related_not_related":"","_relevanssi_related_posts":"","_relevanssi_noindex_reason":"","footnotes":""},"categories":[1],"tags":[],"class_list":["post-4728","page","type-page","status-publish","hentry","category-uncategorised"],"acf":[],"yoast_head":"<!-- This site is optimized with the Yoast SEO plugin v27.3 - https:\/\/yoast.com\/product\/yoast-seo-wordpress\/ -->\n<title>Palautteen avautuminen - Peppi-ohjeet henkil\u00f6kunnalle<\/title>\n<meta name=\"robots\" content=\"index, follow, max-snippet:-1, max-image-preview:large, max-video-preview:-1\" \/>\n<link rel=\"canonical\" href=\"https:\/\/help.jamk.fi\/peppi-ohjeet-henkilokunnalle\/fi\/opintojaksopalaute\/opettajan-nakyma\/palautteen-avautuminen\/\" \/>\n<meta property=\"og:locale\" content=\"fi_FI\" \/>\n<meta property=\"og:type\" content=\"article\" \/>\n<meta property=\"og:title\" content=\"Palautteen avautuminen - Peppi-ohjeet henkil\u00f6kunnalle\" \/>\n<meta property=\"og:description\" content=\"Palautteet on asetettu avautumaan automaattisesti 21 vrk ennen opintojakson p\u00e4\u00e4ttymist\u00e4 ja palautetta voi antaa 30 vrk siit\u00e4 eteenp\u00e4in. P\u00e4iv\u00e4m\u00e4\u00e4r\u00e4 katsotaan toteutukseen m\u00e4\u00e4ritellyst\u00e4 toteutusajasta: Mik\u00e4li huomaat ett\u00e4 oman toteutuksesi toteutusaika on v\u00e4\u00e4rin, niin ole v\u00e4litt\u00f6m\u00e4sti yhteydess\u00e4 oman yksikk\u00f6si vuosisuunnittelijaan ja pyyd\u00e4 muuttamaan toteutusaika oikeaksi. Toistaiseksi palautetta ei voi avata uudelleen mik\u00e4li se on ehtinyt jo sulkeutumaan [&hellip;]\" \/>\n<meta property=\"og:url\" content=\"https:\/\/help.jamk.fi\/peppi-ohjeet-henkilokunnalle\/fi\/opintojaksopalaute\/opettajan-nakyma\/palautteen-avautuminen\/\" \/>\n<meta property=\"og:site_name\" content=\"Peppi-ohjeet henkil\u00f6kunnalle\" \/>\n<meta property=\"article:modified_time\" content=\"2024-04-18T05:22:31+00:00\" \/>\n<meta property=\"og:image\" content=\"https:\/\/help.jamk.fi\/peppi-ohjeet-henkilokunnalle\/wp-content\/uploads\/sites\/131\/2021\/03\/totetusaika.jpg\" \/>\n<meta name=\"twitter:card\" content=\"summary_large_image\" \/>\n<meta name=\"twitter:label1\" content=\"Arvioitu lukuaika\" \/>\n\t<meta name=\"twitter:data1\" content=\"1 minuutti\" \/>\n<script type=\"application\/ld+json\" class=\"yoast-schema-graph\">{\"@context\":\"https:\\\/\\\/schema.org\",\"@graph\":[{\"@type\":\"WebPage\",\"@id\":\"https:\\\/\\\/help.jamk.fi\\\/peppi-ohjeet-henkilokunnalle\\\/fi\\\/opintojaksopalaute\\\/opettajan-nakyma\\\/palautteen-avautuminen\\\/\",\"url\":\"https:\\\/\\\/help.jamk.fi\\\/peppi-ohjeet-henkilokunnalle\\\/fi\\\/opintojaksopalaute\\\/opettajan-nakyma\\\/palautteen-avautuminen\\\/\",\"name\":\"Palautteen avautuminen - Peppi-ohjeet henkil\u00f6kunnalle\",\"isPartOf\":{\"@id\":\"https:\\\/\\\/help.jamk.fi\\\/peppi-ohjeet-henkilokunnalle\\\/#website\"},\"primaryImageOfPage\":{\"@id\":\"https:\\\/\\\/help.jamk.fi\\\/peppi-ohjeet-henkilokunnalle\\\/fi\\\/opintojaksopalaute\\\/opettajan-nakyma\\\/palautteen-avautuminen\\\/#primaryimage\"},\"image\":{\"@id\":\"https:\\\/\\\/help.jamk.fi\\\/peppi-ohjeet-henkilokunnalle\\\/fi\\\/opintojaksopalaute\\\/opettajan-nakyma\\\/palautteen-avautuminen\\\/#primaryimage\"},\"thumbnailUrl\":\"https:\\\/\\\/help.jamk.fi\\\/peppi-ohjeet-henkilokunnalle\\\/wp-content\\\/uploads\\\/sites\\\/131\\\/2021\\\/03\\\/totetusaika.jpg\",\"datePublished\":\"2021-03-04T03:48:56+00:00\",\"dateModified\":\"2024-04-18T05:22:31+00:00\",\"breadcrumb\":{\"@id\":\"https:\\\/\\\/help.jamk.fi\\\/peppi-ohjeet-henkilokunnalle\\\/fi\\\/opintojaksopalaute\\\/opettajan-nakyma\\\/palautteen-avautuminen\\\/#breadcrumb\"},\"inLanguage\":\"fi\",\"potentialAction\":[{\"@type\":\"ReadAction\",\"target\":[\"https:\\\/\\\/help.jamk.fi\\\/peppi-ohjeet-henkilokunnalle\\\/fi\\\/opintojaksopalaute\\\/opettajan-nakyma\\\/palautteen-avautuminen\\\/\"]}]},{\"@type\":\"ImageObject\",\"inLanguage\":\"fi\",\"@id\":\"https:\\\/\\\/help.jamk.fi\\\/peppi-ohjeet-henkilokunnalle\\\/fi\\\/opintojaksopalaute\\\/opettajan-nakyma\\\/palautteen-avautuminen\\\/#primaryimage\",\"url\":\"https:\\\/\\\/help.jamk.fi\\\/peppi-ohjeet-henkilokunnalle\\\/wp-content\\\/uploads\\\/sites\\\/131\\\/2021\\\/03\\\/totetusaika.jpg\",\"contentUrl\":\"https:\\\/\\\/help.jamk.fi\\\/peppi-ohjeet-henkilokunnalle\\\/wp-content\\\/uploads\\\/sites\\\/131\\\/2021\\\/03\\\/totetusaika.jpg\",\"width\":643,\"height\":102},{\"@type\":\"BreadcrumbList\",\"@id\":\"https:\\\/\\\/help.jamk.fi\\\/peppi-ohjeet-henkilokunnalle\\\/fi\\\/opintojaksopalaute\\\/opettajan-nakyma\\\/palautteen-avautuminen\\\/#breadcrumb\",\"itemListElement\":[{\"@type\":\"ListItem\",\"position\":1,\"name\":\"Home\",\"item\":\"https:\\\/\\\/help.jamk.fi\\\/peppi-ohjeet-henkilokunnalle\\\/en\\\/\"},{\"@type\":\"ListItem\",\"position\":2,\"name\":\"Opintojaksopalaute\",\"item\":\"https:\\\/\\\/help.jamk.fi\\\/peppi-ohjeet-henkilokunnalle\\\/fi\\\/opintojaksopalaute\\\/\"},{\"@type\":\"ListItem\",\"position\":3,\"name\":\"Opettajan n\u00e4kym\u00e4\",\"item\":\"https:\\\/\\\/help.jamk.fi\\\/peppi-ohjeet-henkilokunnalle\\\/fi\\\/opintojaksopalaute\\\/opettajan-nakyma\\\/\"},{\"@type\":\"ListItem\",\"position\":4,\"name\":\"Palautteen avautuminen\"}]},{\"@type\":\"WebSite\",\"@id\":\"https:\\\/\\\/help.jamk.fi\\\/peppi-ohjeet-henkilokunnalle\\\/#website\",\"url\":\"https:\\\/\\\/help.jamk.fi\\\/peppi-ohjeet-henkilokunnalle\\\/\",\"name\":\"Peppi-ohjeet henkil\u00f6kunnalle\",\"description\":\"\",\"potentialAction\":[{\"@type\":\"SearchAction\",\"target\":{\"@type\":\"EntryPoint\",\"urlTemplate\":\"https:\\\/\\\/help.jamk.fi\\\/peppi-ohjeet-henkilokunnalle\\\/?s={search_term_string}\"},\"query-input\":{\"@type\":\"PropertyValueSpecification\",\"valueRequired\":true,\"valueName\":\"search_term_string\"}}],\"inLanguage\":\"fi\"}]}<\/script>\n<!-- \/ Yoast SEO plugin. -->","yoast_head_json":{"title":"Palautteen avautuminen - Peppi-ohjeet henkil\u00f6kunnalle","robots":{"index":"index","follow":"follow","max-snippet":"max-snippet:-1","max-image-preview":"max-image-preview:large","max-video-preview":"max-video-preview:-1"},"canonical":"https:\/\/help.jamk.fi\/peppi-ohjeet-henkilokunnalle\/fi\/opintojaksopalaute\/opettajan-nakyma\/palautteen-avautuminen\/","og_locale":"fi_FI","og_type":"article","og_title":"Palautteen avautuminen - Peppi-ohjeet henkil\u00f6kunnalle","og_description":"Palautteet on asetettu avautumaan automaattisesti 21 vrk ennen opintojakson p\u00e4\u00e4ttymist\u00e4 ja palautetta voi antaa 30 vrk siit\u00e4 eteenp\u00e4in. P\u00e4iv\u00e4m\u00e4\u00e4r\u00e4 katsotaan toteutukseen m\u00e4\u00e4ritellyst\u00e4 toteutusajasta: Mik\u00e4li huomaat ett\u00e4 oman toteutuksesi toteutusaika on v\u00e4\u00e4rin, niin ole v\u00e4litt\u00f6m\u00e4sti yhteydess\u00e4 oman yksikk\u00f6si vuosisuunnittelijaan ja pyyd\u00e4 muuttamaan toteutusaika oikeaksi. Toistaiseksi palautetta ei voi avata uudelleen mik\u00e4li se on ehtinyt jo sulkeutumaan [&hellip;]","og_url":"https:\/\/help.jamk.fi\/peppi-ohjeet-henkilokunnalle\/fi\/opintojaksopalaute\/opettajan-nakyma\/palautteen-avautuminen\/","og_site_name":"Peppi-ohjeet henkil\u00f6kunnalle","article_modified_time":"2024-04-18T05:22:31+00:00","og_image":[{"url":"https:\/\/help.jamk.fi\/peppi-ohjeet-henkilokunnalle\/wp-content\/uploads\/sites\/131\/2021\/03\/totetusaika.jpg","type":"","width":"","height":""}],"twitter_card":"summary_large_image","twitter_misc":{"Arvioitu lukuaika":"1 minuutti"},"schema":{"@context":"https:\/\/schema.org","@graph":[{"@type":"WebPage","@id":"https:\/\/help.jamk.fi\/peppi-ohjeet-henkilokunnalle\/fi\/opintojaksopalaute\/opettajan-nakyma\/palautteen-avautuminen\/","url":"https:\/\/help.jamk.fi\/peppi-ohjeet-henkilokunnalle\/fi\/opintojaksopalaute\/opettajan-nakyma\/palautteen-avautuminen\/","name":"Palautteen avautuminen - Peppi-ohjeet henkil\u00f6kunnalle","isPartOf":{"@id":"https:\/\/help.jamk.fi\/peppi-ohjeet-henkilokunnalle\/#website"},"primaryImageOfPage":{"@id":"https:\/\/help.jamk.fi\/peppi-ohjeet-henkilokunnalle\/fi\/opintojaksopalaute\/opettajan-nakyma\/palautteen-avautuminen\/#primaryimage"},"image":{"@id":"https:\/\/help.jamk.fi\/peppi-ohjeet-henkilokunnalle\/fi\/opintojaksopalaute\/opettajan-nakyma\/palautteen-avautuminen\/#primaryimage"},"thumbnailUrl":"https:\/\/help.jamk.fi\/peppi-ohjeet-henkilokunnalle\/wp-content\/uploads\/sites\/131\/2021\/03\/totetusaika.jpg","datePublished":"2021-03-04T03:48:56+00:00","dateModified":"2024-04-18T05:22:31+00:00","breadcrumb":{"@id":"https:\/\/help.jamk.fi\/peppi-ohjeet-henkilokunnalle\/fi\/opintojaksopalaute\/opettajan-nakyma\/palautteen-avautuminen\/#breadcrumb"},"inLanguage":"fi","potentialAction":[{"@type":"ReadAction","target":["https:\/\/help.jamk.fi\/peppi-ohjeet-henkilokunnalle\/fi\/opintojaksopalaute\/opettajan-nakyma\/palautteen-avautuminen\/"]}]},{"@type":"ImageObject","inLanguage":"fi","@id":"https:\/\/help.jamk.fi\/peppi-ohjeet-henkilokunnalle\/fi\/opintojaksopalaute\/opettajan-nakyma\/palautteen-avautuminen\/#primaryimage","url":"https:\/\/help.jamk.fi\/peppi-ohjeet-henkilokunnalle\/wp-content\/uploads\/sites\/131\/2021\/03\/totetusaika.jpg","contentUrl":"https:\/\/help.jamk.fi\/peppi-ohjeet-henkilokunnalle\/wp-content\/uploads\/sites\/131\/2021\/03\/totetusaika.jpg","width":643,"height":102},{"@type":"BreadcrumbList","@id":"https:\/\/help.jamk.fi\/peppi-ohjeet-henkilokunnalle\/fi\/opintojaksopalaute\/opettajan-nakyma\/palautteen-avautuminen\/#breadcrumb","itemListElement":[{"@type":"ListItem","position":1,"name":"Home","item":"https:\/\/help.jamk.fi\/peppi-ohjeet-henkilokunnalle\/en\/"},{"@type":"ListItem","position":2,"name":"Opintojaksopalaute","item":"https:\/\/help.jamk.fi\/peppi-ohjeet-henkilokunnalle\/fi\/opintojaksopalaute\/"},{"@type":"ListItem","position":3,"name":"Opettajan n\u00e4kym\u00e4","item":"https:\/\/help.jamk.fi\/peppi-ohjeet-henkilokunnalle\/fi\/opintojaksopalaute\/opettajan-nakyma\/"},{"@type":"ListItem","position":4,"name":"Palautteen avautuminen"}]},{"@type":"WebSite","@id":"https:\/\/help.jamk.fi\/peppi-ohjeet-henkilokunnalle\/#website","url":"https:\/\/help.jamk.fi\/peppi-ohjeet-henkilokunnalle\/","name":"Peppi-ohjeet henkil\u00f6kunnalle","description":"","potentialAction":[{"@type":"SearchAction","target":{"@type":"EntryPoint","urlTemplate":"https:\/\/help.jamk.fi\/peppi-ohjeet-henkilokunnalle\/?s={search_term_string}"},"query-input":{"@type":"PropertyValueSpecification","valueRequired":true,"valueName":"search_term_string"}}],"inLanguage":"fi"}]}},"_links":{"self":[{"href":"https:\/\/help.jamk.fi\/peppi-ohjeet-henkilokunnalle\/wp-json\/wp\/v2\/pages\/4728","targetHints":{"allow":["GET"]}}],"collection":[{"href":"https:\/\/help.jamk.fi\/peppi-ohjeet-henkilokunnalle\/wp-json\/wp\/v2\/pages"}],"about":[{"href":"https:\/\/help.jamk.fi\/peppi-ohjeet-henkilokunnalle\/wp-json\/wp\/v2\/types\/page"}],"author":[{"embeddable":true,"href":"https:\/\/help.jamk.fi\/peppi-ohjeet-henkilokunnalle\/wp-json\/wp\/v2\/users\/78"}],"replies":[{"embeddable":true,"href":"https:\/\/help.jamk.fi\/peppi-ohjeet-henkilokunnalle\/wp-json\/wp\/v2\/comments?post=4728"}],"version-history":[{"count":5,"href":"https:\/\/help.jamk.fi\/peppi-ohjeet-henkilokunnalle\/wp-json\/wp\/v2\/pages\/4728\/revisions"}],"predecessor-version":[{"id":6581,"href":"https:\/\/help.jamk.fi\/peppi-ohjeet-henkilokunnalle\/wp-json\/wp\/v2\/pages\/4728\/revisions\/6581"}],"up":[{"embeddable":true,"href":"https:\/\/help.jamk.fi\/peppi-ohjeet-henkilokunnalle\/wp-json\/wp\/v2\/pages\/4725"}],"wp:attachment":[{"href":"https:\/\/help.jamk.fi\/peppi-ohjeet-henkilokunnalle\/wp-json\/wp\/v2\/media?parent=4728"}],"wp:term":[{"taxonomy":"category","embeddable":true,"href":"https:\/\/help.jamk.fi\/peppi-ohjeet-henkilokunnalle\/wp-json\/wp\/v2\/categories?post=4728"},{"taxonomy":"post_tag","embeddable":true,"href":"https:\/\/help.jamk.fi\/peppi-ohjeet-henkilokunnalle\/wp-json\/wp\/v2\/tags?post=4728"}],"curies":[{"name":"wp","href":"https:\/\/api.w.org\/{rel}","templated":true}]}}