{"id":4729,"date":"2021-03-04T05:52:52","date_gmt":"2021-03-04T03:52:52","guid":{"rendered":"https:\/\/help.jamk.fi\/peppi-ohjeet-henkilokunnalle\/kyselyn-tietojen-muokkaaminen\/"},"modified":"2024-04-18T08:29:45","modified_gmt":"2024-04-18T05:29:45","slug":"kyselyn-tietojen-muokkaaminen","status":"publish","type":"page","link":"https:\/\/help.jamk.fi\/peppi-ohjeet-henkilokunnalle\/fi\/opintojaksopalaute\/opettajan-nakyma\/kyselyn-tietojen-muokkaaminen\/","title":{"rendered":"Kyselyn tietojen muokkaaminen"},"content":{"rendered":"<p>Kaikki kurssin opettajat voivat muokata kyselyn ajankohtaa ja ker\u00e4ystapoja. Voit ker\u00e4ystapoja m\u00e4\u00e4ritelless\u00e4si valita, ettei opintojaksolta ker\u00e4t\u00e4 palautetta, mik\u00e4li n\u00e4in on sovittu esimiehesi kanssa .<\/p>\n<p>&nbsp;<\/p>\n<p><img loading=\"lazy\" decoding=\"async\" class=\"alignnone size-medium wp-image-2420\" src=\"https:\/\/help.jamk.fi\/peppi-ohjeet-henkilokunnalle\/wp-content\/uploads\/sites\/131\/2021\/03\/palautteen_muokkaus.jpg\" alt=\"\" width=\"300\" height=\"98\" \/><\/p>\n<p><img loading=\"lazy\" decoding=\"async\" class=\"alignnone size-medium wp-image-2419\" src=\"https:\/\/help.jamk.fi\/peppi-ohjeet-henkilokunnalle\/wp-content\/uploads\/sites\/131\/2021\/03\/palautteen_muokkaus-2.jpg\" alt=\"\" width=\"300\" height=\"131\" \/><\/p>\n<p>&nbsp;<\/p>\n<p>Voit muuttaa avautumisp\u00e4iv\u00e4n aikaisintaan muokkaamista seuraavaan p\u00e4iv\u00e4n.<\/p>\n","protected":false},"excerpt":{"rendered":"<p>Kaikki kurssin opettajat voivat muokata kyselyn ajankohtaa ja ker\u00e4ystapoja. Voit ker\u00e4ystapoja m\u00e4\u00e4ritelless\u00e4si valita, ettei opintojaksolta ker\u00e4t\u00e4 palautetta, mik\u00e4li n\u00e4in on sovittu esimiehesi kanssa . &nbsp; &nbsp; Voit muuttaa avautumisp\u00e4iv\u00e4n aikaisintaan muokkaamista seuraavaan p\u00e4iv\u00e4n.<\/p>\n","protected":false},"author":78,"featured_media":0,"parent":4725,"menu_order":3,"comment_status":"closed","ping_status":"open","template":"","meta":{"_acf_changed":false,"_relevanssi_hide_post":"","_relevanssi_hide_content":"","_relevanssi_pin_for_all":"","_relevanssi_pin_keywords":"","_relevanssi_unpin_keywords":"","_relevanssi_related_keywords":"","_relevanssi_related_include_ids":"","_relevanssi_related_exclude_ids":"","_relevanssi_related_no_append":"","_relevanssi_related_not_related":"","_relevanssi_related_posts":"","_relevanssi_noindex_reason":"","footnotes":""},"categories":[1],"tags":[],"class_list":["post-4729","page","type-page","status-publish","hentry","category-uncategorised"],"acf":[],"yoast_head":"<!-- This site is optimized with the Yoast SEO plugin v27.4 - https:\/\/yoast.com\/product\/yoast-seo-wordpress\/ -->\n<title>Kyselyn tietojen muokkaaminen - Peppi-ohjeet henkil\u00f6kunnalle<\/title>\n<meta name=\"robots\" content=\"index, follow, max-snippet:-1, max-image-preview:large, max-video-preview:-1\" \/>\n<link rel=\"canonical\" href=\"https:\/\/help.jamk.fi\/peppi-ohjeet-henkilokunnalle\/fi\/opintojaksopalaute\/opettajan-nakyma\/kyselyn-tietojen-muokkaaminen\/\" \/>\n<meta property=\"og:locale\" content=\"fi_FI\" \/>\n<meta property=\"og:type\" content=\"article\" \/>\n<meta property=\"og:title\" content=\"Kyselyn tietojen muokkaaminen - Peppi-ohjeet henkil\u00f6kunnalle\" \/>\n<meta property=\"og:description\" content=\"Kaikki kurssin opettajat voivat muokata kyselyn ajankohtaa ja ker\u00e4ystapoja. Voit ker\u00e4ystapoja m\u00e4\u00e4ritelless\u00e4si valita, ettei opintojaksolta ker\u00e4t\u00e4 palautetta, mik\u00e4li n\u00e4in on sovittu esimiehesi kanssa . &nbsp; &nbsp; Voit muuttaa avautumisp\u00e4iv\u00e4n aikaisintaan muokkaamista seuraavaan p\u00e4iv\u00e4n.\" \/>\n<meta property=\"og:url\" content=\"https:\/\/help.jamk.fi\/peppi-ohjeet-henkilokunnalle\/fi\/opintojaksopalaute\/opettajan-nakyma\/kyselyn-tietojen-muokkaaminen\/\" \/>\n<meta property=\"og:site_name\" content=\"Peppi-ohjeet henkil\u00f6kunnalle\" \/>\n<meta property=\"article:modified_time\" content=\"2024-04-18T05:29:45+00:00\" \/>\n<meta property=\"og:image\" content=\"https:\/\/help.jamk.fi\/peppi-ohjeet-henkilokunnalle\/wp-content\/uploads\/sites\/131\/2021\/03\/palautteen_muokkaus.jpg\" \/>\n<meta name=\"twitter:card\" content=\"summary_large_image\" \/>\n<meta name=\"twitter:label1\" content=\"Arvioitu lukuaika\" \/>\n\t<meta name=\"twitter:data1\" content=\"1 minuutti\" \/>\n<script type=\"application\/ld+json\" class=\"yoast-schema-graph\">{\"@context\":\"https:\\\/\\\/schema.org\",\"@graph\":[{\"@type\":\"WebPage\",\"@id\":\"https:\\\/\\\/help.jamk.fi\\\/peppi-ohjeet-henkilokunnalle\\\/fi\\\/opintojaksopalaute\\\/opettajan-nakyma\\\/kyselyn-tietojen-muokkaaminen\\\/\",\"url\":\"https:\\\/\\\/help.jamk.fi\\\/peppi-ohjeet-henkilokunnalle\\\/fi\\\/opintojaksopalaute\\\/opettajan-nakyma\\\/kyselyn-tietojen-muokkaaminen\\\/\",\"name\":\"Kyselyn tietojen muokkaaminen - Peppi-ohjeet henkil\u00f6kunnalle\",\"isPartOf\":{\"@id\":\"https:\\\/\\\/help.jamk.fi\\\/peppi-ohjeet-henkilokunnalle\\\/#website\"},\"primaryImageOfPage\":{\"@id\":\"https:\\\/\\\/help.jamk.fi\\\/peppi-ohjeet-henkilokunnalle\\\/fi\\\/opintojaksopalaute\\\/opettajan-nakyma\\\/kyselyn-tietojen-muokkaaminen\\\/#primaryimage\"},\"image\":{\"@id\":\"https:\\\/\\\/help.jamk.fi\\\/peppi-ohjeet-henkilokunnalle\\\/fi\\\/opintojaksopalaute\\\/opettajan-nakyma\\\/kyselyn-tietojen-muokkaaminen\\\/#primaryimage\"},\"thumbnailUrl\":\"https:\\\/\\\/help.jamk.fi\\\/peppi-ohjeet-henkilokunnalle\\\/wp-content\\\/uploads\\\/sites\\\/131\\\/2021\\\/03\\\/palautteen_muokkaus.jpg\",\"datePublished\":\"2021-03-04T03:52:52+00:00\",\"dateModified\":\"2024-04-18T05:29:45+00:00\",\"breadcrumb\":{\"@id\":\"https:\\\/\\\/help.jamk.fi\\\/peppi-ohjeet-henkilokunnalle\\\/fi\\\/opintojaksopalaute\\\/opettajan-nakyma\\\/kyselyn-tietojen-muokkaaminen\\\/#breadcrumb\"},\"inLanguage\":\"fi\",\"potentialAction\":[{\"@type\":\"ReadAction\",\"target\":[\"https:\\\/\\\/help.jamk.fi\\\/peppi-ohjeet-henkilokunnalle\\\/fi\\\/opintojaksopalaute\\\/opettajan-nakyma\\\/kyselyn-tietojen-muokkaaminen\\\/\"]}]},{\"@type\":\"ImageObject\",\"inLanguage\":\"fi\",\"@id\":\"https:\\\/\\\/help.jamk.fi\\\/peppi-ohjeet-henkilokunnalle\\\/fi\\\/opintojaksopalaute\\\/opettajan-nakyma\\\/kyselyn-tietojen-muokkaaminen\\\/#primaryimage\",\"url\":\"https:\\\/\\\/help.jamk.fi\\\/peppi-ohjeet-henkilokunnalle\\\/wp-content\\\/uploads\\\/sites\\\/131\\\/2021\\\/03\\\/palautteen_muokkaus.jpg\",\"contentUrl\":\"https:\\\/\\\/help.jamk.fi\\\/peppi-ohjeet-henkilokunnalle\\\/wp-content\\\/uploads\\\/sites\\\/131\\\/2021\\\/03\\\/palautteen_muokkaus.jpg\",\"width\":643,\"height\":209},{\"@type\":\"BreadcrumbList\",\"@id\":\"https:\\\/\\\/help.jamk.fi\\\/peppi-ohjeet-henkilokunnalle\\\/fi\\\/opintojaksopalaute\\\/opettajan-nakyma\\\/kyselyn-tietojen-muokkaaminen\\\/#breadcrumb\",\"itemListElement\":[{\"@type\":\"ListItem\",\"position\":1,\"name\":\"Home\",\"item\":\"https:\\\/\\\/help.jamk.fi\\\/peppi-ohjeet-henkilokunnalle\\\/en\\\/\"},{\"@type\":\"ListItem\",\"position\":2,\"name\":\"Opintojaksopalaute\",\"item\":\"https:\\\/\\\/help.jamk.fi\\\/peppi-ohjeet-henkilokunnalle\\\/fi\\\/opintojaksopalaute\\\/\"},{\"@type\":\"ListItem\",\"position\":3,\"name\":\"Opettajan n\u00e4kym\u00e4\",\"item\":\"https:\\\/\\\/help.jamk.fi\\\/peppi-ohjeet-henkilokunnalle\\\/fi\\\/opintojaksopalaute\\\/opettajan-nakyma\\\/\"},{\"@type\":\"ListItem\",\"position\":4,\"name\":\"Kyselyn tietojen muokkaaminen\"}]},{\"@type\":\"WebSite\",\"@id\":\"https:\\\/\\\/help.jamk.fi\\\/peppi-ohjeet-henkilokunnalle\\\/#website\",\"url\":\"https:\\\/\\\/help.jamk.fi\\\/peppi-ohjeet-henkilokunnalle\\\/\",\"name\":\"Peppi-ohjeet henkil\u00f6kunnalle\",\"description\":\"\",\"potentialAction\":[{\"@type\":\"SearchAction\",\"target\":{\"@type\":\"EntryPoint\",\"urlTemplate\":\"https:\\\/\\\/help.jamk.fi\\\/peppi-ohjeet-henkilokunnalle\\\/?s={search_term_string}\"},\"query-input\":{\"@type\":\"PropertyValueSpecification\",\"valueRequired\":true,\"valueName\":\"search_term_string\"}}],\"inLanguage\":\"fi\"}]}<\/script>\n<!-- \/ Yoast SEO plugin. -->","yoast_head_json":{"title":"Kyselyn tietojen muokkaaminen - Peppi-ohjeet henkil\u00f6kunnalle","robots":{"index":"index","follow":"follow","max-snippet":"max-snippet:-1","max-image-preview":"max-image-preview:large","max-video-preview":"max-video-preview:-1"},"canonical":"https:\/\/help.jamk.fi\/peppi-ohjeet-henkilokunnalle\/fi\/opintojaksopalaute\/opettajan-nakyma\/kyselyn-tietojen-muokkaaminen\/","og_locale":"fi_FI","og_type":"article","og_title":"Kyselyn tietojen muokkaaminen - Peppi-ohjeet henkil\u00f6kunnalle","og_description":"Kaikki kurssin opettajat voivat muokata kyselyn ajankohtaa ja ker\u00e4ystapoja. Voit ker\u00e4ystapoja m\u00e4\u00e4ritelless\u00e4si valita, ettei opintojaksolta ker\u00e4t\u00e4 palautetta, mik\u00e4li n\u00e4in on sovittu esimiehesi kanssa . &nbsp; &nbsp; Voit muuttaa avautumisp\u00e4iv\u00e4n aikaisintaan muokkaamista seuraavaan p\u00e4iv\u00e4n.","og_url":"https:\/\/help.jamk.fi\/peppi-ohjeet-henkilokunnalle\/fi\/opintojaksopalaute\/opettajan-nakyma\/kyselyn-tietojen-muokkaaminen\/","og_site_name":"Peppi-ohjeet henkil\u00f6kunnalle","article_modified_time":"2024-04-18T05:29:45+00:00","og_image":[{"url":"https:\/\/help.jamk.fi\/peppi-ohjeet-henkilokunnalle\/wp-content\/uploads\/sites\/131\/2021\/03\/palautteen_muokkaus.jpg","type":"","width":"","height":""}],"twitter_card":"summary_large_image","twitter_misc":{"Arvioitu lukuaika":"1 minuutti"},"schema":{"@context":"https:\/\/schema.org","@graph":[{"@type":"WebPage","@id":"https:\/\/help.jamk.fi\/peppi-ohjeet-henkilokunnalle\/fi\/opintojaksopalaute\/opettajan-nakyma\/kyselyn-tietojen-muokkaaminen\/","url":"https:\/\/help.jamk.fi\/peppi-ohjeet-henkilokunnalle\/fi\/opintojaksopalaute\/opettajan-nakyma\/kyselyn-tietojen-muokkaaminen\/","name":"Kyselyn tietojen muokkaaminen - Peppi-ohjeet henkil\u00f6kunnalle","isPartOf":{"@id":"https:\/\/help.jamk.fi\/peppi-ohjeet-henkilokunnalle\/#website"},"primaryImageOfPage":{"@id":"https:\/\/help.jamk.fi\/peppi-ohjeet-henkilokunnalle\/fi\/opintojaksopalaute\/opettajan-nakyma\/kyselyn-tietojen-muokkaaminen\/#primaryimage"},"image":{"@id":"https:\/\/help.jamk.fi\/peppi-ohjeet-henkilokunnalle\/fi\/opintojaksopalaute\/opettajan-nakyma\/kyselyn-tietojen-muokkaaminen\/#primaryimage"},"thumbnailUrl":"https:\/\/help.jamk.fi\/peppi-ohjeet-henkilokunnalle\/wp-content\/uploads\/sites\/131\/2021\/03\/palautteen_muokkaus.jpg","datePublished":"2021-03-04T03:52:52+00:00","dateModified":"2024-04-18T05:29:45+00:00","breadcrumb":{"@id":"https:\/\/help.jamk.fi\/peppi-ohjeet-henkilokunnalle\/fi\/opintojaksopalaute\/opettajan-nakyma\/kyselyn-tietojen-muokkaaminen\/#breadcrumb"},"inLanguage":"fi","potentialAction":[{"@type":"ReadAction","target":["https:\/\/help.jamk.fi\/peppi-ohjeet-henkilokunnalle\/fi\/opintojaksopalaute\/opettajan-nakyma\/kyselyn-tietojen-muokkaaminen\/"]}]},{"@type":"ImageObject","inLanguage":"fi","@id":"https:\/\/help.jamk.fi\/peppi-ohjeet-henkilokunnalle\/fi\/opintojaksopalaute\/opettajan-nakyma\/kyselyn-tietojen-muokkaaminen\/#primaryimage","url":"https:\/\/help.jamk.fi\/peppi-ohjeet-henkilokunnalle\/wp-content\/uploads\/sites\/131\/2021\/03\/palautteen_muokkaus.jpg","contentUrl":"https:\/\/help.jamk.fi\/peppi-ohjeet-henkilokunnalle\/wp-content\/uploads\/sites\/131\/2021\/03\/palautteen_muokkaus.jpg","width":643,"height":209},{"@type":"BreadcrumbList","@id":"https:\/\/help.jamk.fi\/peppi-ohjeet-henkilokunnalle\/fi\/opintojaksopalaute\/opettajan-nakyma\/kyselyn-tietojen-muokkaaminen\/#breadcrumb","itemListElement":[{"@type":"ListItem","position":1,"name":"Home","item":"https:\/\/help.jamk.fi\/peppi-ohjeet-henkilokunnalle\/en\/"},{"@type":"ListItem","position":2,"name":"Opintojaksopalaute","item":"https:\/\/help.jamk.fi\/peppi-ohjeet-henkilokunnalle\/fi\/opintojaksopalaute\/"},{"@type":"ListItem","position":3,"name":"Opettajan n\u00e4kym\u00e4","item":"https:\/\/help.jamk.fi\/peppi-ohjeet-henkilokunnalle\/fi\/opintojaksopalaute\/opettajan-nakyma\/"},{"@type":"ListItem","position":4,"name":"Kyselyn tietojen muokkaaminen"}]},{"@type":"WebSite","@id":"https:\/\/help.jamk.fi\/peppi-ohjeet-henkilokunnalle\/#website","url":"https:\/\/help.jamk.fi\/peppi-ohjeet-henkilokunnalle\/","name":"Peppi-ohjeet henkil\u00f6kunnalle","description":"","potentialAction":[{"@type":"SearchAction","target":{"@type":"EntryPoint","urlTemplate":"https:\/\/help.jamk.fi\/peppi-ohjeet-henkilokunnalle\/?s={search_term_string}"},"query-input":{"@type":"PropertyValueSpecification","valueRequired":true,"valueName":"search_term_string"}}],"inLanguage":"fi"}]}},"_links":{"self":[{"href":"https:\/\/help.jamk.fi\/peppi-ohjeet-henkilokunnalle\/wp-json\/wp\/v2\/pages\/4729","targetHints":{"allow":["GET"]}}],"collection":[{"href":"https:\/\/help.jamk.fi\/peppi-ohjeet-henkilokunnalle\/wp-json\/wp\/v2\/pages"}],"about":[{"href":"https:\/\/help.jamk.fi\/peppi-ohjeet-henkilokunnalle\/wp-json\/wp\/v2\/types\/page"}],"author":[{"embeddable":true,"href":"https:\/\/help.jamk.fi\/peppi-ohjeet-henkilokunnalle\/wp-json\/wp\/v2\/users\/78"}],"replies":[{"embeddable":true,"href":"https:\/\/help.jamk.fi\/peppi-ohjeet-henkilokunnalle\/wp-json\/wp\/v2\/comments?post=4729"}],"version-history":[{"count":3,"href":"https:\/\/help.jamk.fi\/peppi-ohjeet-henkilokunnalle\/wp-json\/wp\/v2\/pages\/4729\/revisions"}],"predecessor-version":[{"id":5228,"href":"https:\/\/help.jamk.fi\/peppi-ohjeet-henkilokunnalle\/wp-json\/wp\/v2\/pages\/4729\/revisions\/5228"}],"up":[{"embeddable":true,"href":"https:\/\/help.jamk.fi\/peppi-ohjeet-henkilokunnalle\/wp-json\/wp\/v2\/pages\/4725"}],"wp:attachment":[{"href":"https:\/\/help.jamk.fi\/peppi-ohjeet-henkilokunnalle\/wp-json\/wp\/v2\/media?parent=4729"}],"wp:term":[{"taxonomy":"category","embeddable":true,"href":"https:\/\/help.jamk.fi\/peppi-ohjeet-henkilokunnalle\/wp-json\/wp\/v2\/categories?post=4729"},{"taxonomy":"post_tag","embeddable":true,"href":"https:\/\/help.jamk.fi\/peppi-ohjeet-henkilokunnalle\/wp-json\/wp\/v2\/tags?post=4729"}],"curies":[{"name":"wp","href":"https:\/\/api.w.org\/{rel}","templated":true}]}}