{"id":4730,"date":"2021-03-04T05:55:05","date_gmt":"2021-03-04T03:55:05","guid":{"rendered":"https:\/\/help.jamk.fi\/peppi-ohjeet-henkilokunnalle\/omien-kysymysten-lisaaminen\/"},"modified":"2024-04-18T08:37:48","modified_gmt":"2024-04-18T05:37:48","slug":"omien-kysymysten-lisaaminen","status":"publish","type":"page","link":"https:\/\/help.jamk.fi\/peppi-ohjeet-henkilokunnalle\/fi\/opintojaksopalaute\/opettajan-nakyma\/omien-kysymysten-lisaaminen\/","title":{"rendered":"Omien kysymysten lis\u00e4\u00e4minen"},"content":{"rendered":"\n<p>Kysymykset m\u00e4\u00e4rittyv\u00e4t ryhmitt\u00e4in ennalta koottujen kysymyspankkien mukaan. Halutessasi omia kysymyksi\u00e4, niin ole yhteydess\u00e4 oman yksikk\u00f6si laatuvastaavaan hyviss\u00e4 ajoin.<\/p>\n\n\n\n<p>Lis\u00e4\u00e4m\u00e4si kysymyspankit n\u00e4kyv\u00e4t opiskelijoille koulun yhteisten kysymysten lis\u00e4ksi. Kysymyspankit n\u00e4kyv\u00e4t my\u00f6s kurssin muille opettajille.<\/p>\n\n\n\n<figure class=\"wp-block-image\"><img loading=\"lazy\" decoding=\"async\" width=\"643\" height=\"277\" src=\"https:\/\/help.jamk.fi\/peppi-ohjeet-henkilokunnalle\/wp-content\/uploads\/sites\/131\/2021\/03\/omat-kysymykset.jpg\" alt=\"\" class=\"wp-image-2418\"\/><\/figure>\n\n\n\n<p><\/p>\n\n\n\n<p>Siirry kohtaa : Omat kysymykset<br>Valitse Muokkaa<br>Valitse pudotusvalikosta haluamasi kysymyspankki ja valitse Tallenna<br>\u2022 Sinun laatikko n\u00e4ytt\u00e4\u00e4 kuinka monta kysymyst\u00e4 voit viel\u00e4 valita (max 20)<br>\u2022 Kysymysten tunnisteet kertovat kuinka niihin voi vastata (tekstikentt\u00e4, valintaruutu, vapaa vastaus)<\/p>\n","protected":false},"excerpt":{"rendered":"<p>Kysymykset m\u00e4\u00e4rittyv\u00e4t ryhmitt\u00e4in ennalta koottujen kysymyspankkien mukaan. Halutessasi omia kysymyksi\u00e4, niin ole yhteydess\u00e4 oman yksikk\u00f6si laatuvastaavaan hyviss\u00e4 ajoin. Lis\u00e4\u00e4m\u00e4si kysymyspankit n\u00e4kyv\u00e4t opiskelijoille koulun yhteisten kysymysten lis\u00e4ksi. Kysymyspankit n\u00e4kyv\u00e4t my\u00f6s kurssin muille opettajille. Siirry kohtaa : Omat kysymyksetValitse MuokkaaValitse pudotusvalikosta haluamasi kysymyspankki ja valitse Tallenna\u2022 Sinun laatikko n\u00e4ytt\u00e4\u00e4 kuinka monta kysymyst\u00e4 voit viel\u00e4 valita (max 20)\u2022 [&hellip;]<\/p>\n","protected":false},"author":78,"featured_media":0,"parent":4725,"menu_order":3,"comment_status":"closed","ping_status":"open","template":"","meta":{"_acf_changed":false,"_relevanssi_hide_post":"","_relevanssi_hide_content":"","_relevanssi_pin_for_all":"","_relevanssi_pin_keywords":"","_relevanssi_unpin_keywords":"","_relevanssi_related_keywords":"","_relevanssi_related_include_ids":"","_relevanssi_related_exclude_ids":"","_relevanssi_related_no_append":"","_relevanssi_related_not_related":"","_relevanssi_related_posts":"","_relevanssi_noindex_reason":"","footnotes":""},"categories":[1],"tags":[],"class_list":["post-4730","page","type-page","status-publish","hentry","category-uncategorised"],"acf":[],"yoast_head":"<!-- This site is optimized with the Yoast SEO plugin v27.4 - https:\/\/yoast.com\/product\/yoast-seo-wordpress\/ -->\n<title>Omien kysymysten lis\u00e4\u00e4minen - Peppi-ohjeet henkil\u00f6kunnalle<\/title>\n<meta name=\"robots\" content=\"index, follow, max-snippet:-1, max-image-preview:large, max-video-preview:-1\" \/>\n<link rel=\"canonical\" href=\"https:\/\/help.jamk.fi\/peppi-ohjeet-henkilokunnalle\/fi\/opintojaksopalaute\/opettajan-nakyma\/omien-kysymysten-lisaaminen\/\" \/>\n<meta property=\"og:locale\" content=\"fi_FI\" \/>\n<meta property=\"og:type\" content=\"article\" \/>\n<meta property=\"og:title\" content=\"Omien kysymysten lis\u00e4\u00e4minen - Peppi-ohjeet henkil\u00f6kunnalle\" \/>\n<meta property=\"og:description\" content=\"Kysymykset m\u00e4\u00e4rittyv\u00e4t ryhmitt\u00e4in ennalta koottujen kysymyspankkien mukaan. Halutessasi omia kysymyksi\u00e4, niin ole yhteydess\u00e4 oman yksikk\u00f6si laatuvastaavaan hyviss\u00e4 ajoin. Lis\u00e4\u00e4m\u00e4si kysymyspankit n\u00e4kyv\u00e4t opiskelijoille koulun yhteisten kysymysten lis\u00e4ksi. Kysymyspankit n\u00e4kyv\u00e4t my\u00f6s kurssin muille opettajille. Siirry kohtaa : Omat kysymyksetValitse MuokkaaValitse pudotusvalikosta haluamasi kysymyspankki ja valitse Tallenna\u2022 Sinun laatikko n\u00e4ytt\u00e4\u00e4 kuinka monta kysymyst\u00e4 voit viel\u00e4 valita (max 20)\u2022 [&hellip;]\" \/>\n<meta property=\"og:url\" content=\"https:\/\/help.jamk.fi\/peppi-ohjeet-henkilokunnalle\/fi\/opintojaksopalaute\/opettajan-nakyma\/omien-kysymysten-lisaaminen\/\" \/>\n<meta property=\"og:site_name\" content=\"Peppi-ohjeet henkil\u00f6kunnalle\" \/>\n<meta property=\"article:modified_time\" content=\"2024-04-18T05:37:48+00:00\" \/>\n<meta property=\"og:image\" content=\"https:\/\/help.jamk.fi\/peppi-ohjeet-henkilokunnalle\/wp-content\/uploads\/sites\/131\/2021\/03\/omat-kysymykset.jpg\" \/>\n<meta name=\"twitter:card\" content=\"summary_large_image\" \/>\n<meta name=\"twitter:label1\" content=\"Arvioitu lukuaika\" \/>\n\t<meta name=\"twitter:data1\" content=\"1 minuutti\" \/>\n<script type=\"application\/ld+json\" class=\"yoast-schema-graph\">{\"@context\":\"https:\\\/\\\/schema.org\",\"@graph\":[{\"@type\":\"WebPage\",\"@id\":\"https:\\\/\\\/help.jamk.fi\\\/peppi-ohjeet-henkilokunnalle\\\/fi\\\/opintojaksopalaute\\\/opettajan-nakyma\\\/omien-kysymysten-lisaaminen\\\/\",\"url\":\"https:\\\/\\\/help.jamk.fi\\\/peppi-ohjeet-henkilokunnalle\\\/fi\\\/opintojaksopalaute\\\/opettajan-nakyma\\\/omien-kysymysten-lisaaminen\\\/\",\"name\":\"Omien kysymysten lis\u00e4\u00e4minen - Peppi-ohjeet henkil\u00f6kunnalle\",\"isPartOf\":{\"@id\":\"https:\\\/\\\/help.jamk.fi\\\/peppi-ohjeet-henkilokunnalle\\\/#website\"},\"primaryImageOfPage\":{\"@id\":\"https:\\\/\\\/help.jamk.fi\\\/peppi-ohjeet-henkilokunnalle\\\/fi\\\/opintojaksopalaute\\\/opettajan-nakyma\\\/omien-kysymysten-lisaaminen\\\/#primaryimage\"},\"image\":{\"@id\":\"https:\\\/\\\/help.jamk.fi\\\/peppi-ohjeet-henkilokunnalle\\\/fi\\\/opintojaksopalaute\\\/opettajan-nakyma\\\/omien-kysymysten-lisaaminen\\\/#primaryimage\"},\"thumbnailUrl\":\"https:\\\/\\\/help.jamk.fi\\\/peppi-ohjeet-henkilokunnalle\\\/wp-content\\\/uploads\\\/sites\\\/131\\\/2021\\\/03\\\/omat-kysymykset.jpg\",\"datePublished\":\"2021-03-04T03:55:05+00:00\",\"dateModified\":\"2024-04-18T05:37:48+00:00\",\"breadcrumb\":{\"@id\":\"https:\\\/\\\/help.jamk.fi\\\/peppi-ohjeet-henkilokunnalle\\\/fi\\\/opintojaksopalaute\\\/opettajan-nakyma\\\/omien-kysymysten-lisaaminen\\\/#breadcrumb\"},\"inLanguage\":\"fi\",\"potentialAction\":[{\"@type\":\"ReadAction\",\"target\":[\"https:\\\/\\\/help.jamk.fi\\\/peppi-ohjeet-henkilokunnalle\\\/fi\\\/opintojaksopalaute\\\/opettajan-nakyma\\\/omien-kysymysten-lisaaminen\\\/\"]}]},{\"@type\":\"ImageObject\",\"inLanguage\":\"fi\",\"@id\":\"https:\\\/\\\/help.jamk.fi\\\/peppi-ohjeet-henkilokunnalle\\\/fi\\\/opintojaksopalaute\\\/opettajan-nakyma\\\/omien-kysymysten-lisaaminen\\\/#primaryimage\",\"url\":\"https:\\\/\\\/help.jamk.fi\\\/peppi-ohjeet-henkilokunnalle\\\/wp-content\\\/uploads\\\/sites\\\/131\\\/2021\\\/03\\\/omat-kysymykset.jpg\",\"contentUrl\":\"https:\\\/\\\/help.jamk.fi\\\/peppi-ohjeet-henkilokunnalle\\\/wp-content\\\/uploads\\\/sites\\\/131\\\/2021\\\/03\\\/omat-kysymykset.jpg\",\"width\":643,\"height\":277},{\"@type\":\"BreadcrumbList\",\"@id\":\"https:\\\/\\\/help.jamk.fi\\\/peppi-ohjeet-henkilokunnalle\\\/fi\\\/opintojaksopalaute\\\/opettajan-nakyma\\\/omien-kysymysten-lisaaminen\\\/#breadcrumb\",\"itemListElement\":[{\"@type\":\"ListItem\",\"position\":1,\"name\":\"Home\",\"item\":\"https:\\\/\\\/help.jamk.fi\\\/peppi-ohjeet-henkilokunnalle\\\/en\\\/\"},{\"@type\":\"ListItem\",\"position\":2,\"name\":\"Opintojaksopalaute\",\"item\":\"https:\\\/\\\/help.jamk.fi\\\/peppi-ohjeet-henkilokunnalle\\\/fi\\\/opintojaksopalaute\\\/\"},{\"@type\":\"ListItem\",\"position\":3,\"name\":\"Opettajan n\u00e4kym\u00e4\",\"item\":\"https:\\\/\\\/help.jamk.fi\\\/peppi-ohjeet-henkilokunnalle\\\/fi\\\/opintojaksopalaute\\\/opettajan-nakyma\\\/\"},{\"@type\":\"ListItem\",\"position\":4,\"name\":\"Omien kysymysten lis\u00e4\u00e4minen\"}]},{\"@type\":\"WebSite\",\"@id\":\"https:\\\/\\\/help.jamk.fi\\\/peppi-ohjeet-henkilokunnalle\\\/#website\",\"url\":\"https:\\\/\\\/help.jamk.fi\\\/peppi-ohjeet-henkilokunnalle\\\/\",\"name\":\"Peppi-ohjeet henkil\u00f6kunnalle\",\"description\":\"\",\"potentialAction\":[{\"@type\":\"SearchAction\",\"target\":{\"@type\":\"EntryPoint\",\"urlTemplate\":\"https:\\\/\\\/help.jamk.fi\\\/peppi-ohjeet-henkilokunnalle\\\/?s={search_term_string}\"},\"query-input\":{\"@type\":\"PropertyValueSpecification\",\"valueRequired\":true,\"valueName\":\"search_term_string\"}}],\"inLanguage\":\"fi\"}]}<\/script>\n<!-- \/ Yoast SEO plugin. -->","yoast_head_json":{"title":"Omien kysymysten lis\u00e4\u00e4minen - Peppi-ohjeet henkil\u00f6kunnalle","robots":{"index":"index","follow":"follow","max-snippet":"max-snippet:-1","max-image-preview":"max-image-preview:large","max-video-preview":"max-video-preview:-1"},"canonical":"https:\/\/help.jamk.fi\/peppi-ohjeet-henkilokunnalle\/fi\/opintojaksopalaute\/opettajan-nakyma\/omien-kysymysten-lisaaminen\/","og_locale":"fi_FI","og_type":"article","og_title":"Omien kysymysten lis\u00e4\u00e4minen - Peppi-ohjeet henkil\u00f6kunnalle","og_description":"Kysymykset m\u00e4\u00e4rittyv\u00e4t ryhmitt\u00e4in ennalta koottujen kysymyspankkien mukaan. Halutessasi omia kysymyksi\u00e4, niin ole yhteydess\u00e4 oman yksikk\u00f6si laatuvastaavaan hyviss\u00e4 ajoin. Lis\u00e4\u00e4m\u00e4si kysymyspankit n\u00e4kyv\u00e4t opiskelijoille koulun yhteisten kysymysten lis\u00e4ksi. Kysymyspankit n\u00e4kyv\u00e4t my\u00f6s kurssin muille opettajille. Siirry kohtaa : Omat kysymyksetValitse MuokkaaValitse pudotusvalikosta haluamasi kysymyspankki ja valitse Tallenna\u2022 Sinun laatikko n\u00e4ytt\u00e4\u00e4 kuinka monta kysymyst\u00e4 voit viel\u00e4 valita (max 20)\u2022 [&hellip;]","og_url":"https:\/\/help.jamk.fi\/peppi-ohjeet-henkilokunnalle\/fi\/opintojaksopalaute\/opettajan-nakyma\/omien-kysymysten-lisaaminen\/","og_site_name":"Peppi-ohjeet henkil\u00f6kunnalle","article_modified_time":"2024-04-18T05:37:48+00:00","og_image":[{"url":"https:\/\/help.jamk.fi\/peppi-ohjeet-henkilokunnalle\/wp-content\/uploads\/sites\/131\/2021\/03\/omat-kysymykset.jpg","type":"","width":"","height":""}],"twitter_card":"summary_large_image","twitter_misc":{"Arvioitu lukuaika":"1 minuutti"},"schema":{"@context":"https:\/\/schema.org","@graph":[{"@type":"WebPage","@id":"https:\/\/help.jamk.fi\/peppi-ohjeet-henkilokunnalle\/fi\/opintojaksopalaute\/opettajan-nakyma\/omien-kysymysten-lisaaminen\/","url":"https:\/\/help.jamk.fi\/peppi-ohjeet-henkilokunnalle\/fi\/opintojaksopalaute\/opettajan-nakyma\/omien-kysymysten-lisaaminen\/","name":"Omien kysymysten lis\u00e4\u00e4minen - Peppi-ohjeet henkil\u00f6kunnalle","isPartOf":{"@id":"https:\/\/help.jamk.fi\/peppi-ohjeet-henkilokunnalle\/#website"},"primaryImageOfPage":{"@id":"https:\/\/help.jamk.fi\/peppi-ohjeet-henkilokunnalle\/fi\/opintojaksopalaute\/opettajan-nakyma\/omien-kysymysten-lisaaminen\/#primaryimage"},"image":{"@id":"https:\/\/help.jamk.fi\/peppi-ohjeet-henkilokunnalle\/fi\/opintojaksopalaute\/opettajan-nakyma\/omien-kysymysten-lisaaminen\/#primaryimage"},"thumbnailUrl":"https:\/\/help.jamk.fi\/peppi-ohjeet-henkilokunnalle\/wp-content\/uploads\/sites\/131\/2021\/03\/omat-kysymykset.jpg","datePublished":"2021-03-04T03:55:05+00:00","dateModified":"2024-04-18T05:37:48+00:00","breadcrumb":{"@id":"https:\/\/help.jamk.fi\/peppi-ohjeet-henkilokunnalle\/fi\/opintojaksopalaute\/opettajan-nakyma\/omien-kysymysten-lisaaminen\/#breadcrumb"},"inLanguage":"fi","potentialAction":[{"@type":"ReadAction","target":["https:\/\/help.jamk.fi\/peppi-ohjeet-henkilokunnalle\/fi\/opintojaksopalaute\/opettajan-nakyma\/omien-kysymysten-lisaaminen\/"]}]},{"@type":"ImageObject","inLanguage":"fi","@id":"https:\/\/help.jamk.fi\/peppi-ohjeet-henkilokunnalle\/fi\/opintojaksopalaute\/opettajan-nakyma\/omien-kysymysten-lisaaminen\/#primaryimage","url":"https:\/\/help.jamk.fi\/peppi-ohjeet-henkilokunnalle\/wp-content\/uploads\/sites\/131\/2021\/03\/omat-kysymykset.jpg","contentUrl":"https:\/\/help.jamk.fi\/peppi-ohjeet-henkilokunnalle\/wp-content\/uploads\/sites\/131\/2021\/03\/omat-kysymykset.jpg","width":643,"height":277},{"@type":"BreadcrumbList","@id":"https:\/\/help.jamk.fi\/peppi-ohjeet-henkilokunnalle\/fi\/opintojaksopalaute\/opettajan-nakyma\/omien-kysymysten-lisaaminen\/#breadcrumb","itemListElement":[{"@type":"ListItem","position":1,"name":"Home","item":"https:\/\/help.jamk.fi\/peppi-ohjeet-henkilokunnalle\/en\/"},{"@type":"ListItem","position":2,"name":"Opintojaksopalaute","item":"https:\/\/help.jamk.fi\/peppi-ohjeet-henkilokunnalle\/fi\/opintojaksopalaute\/"},{"@type":"ListItem","position":3,"name":"Opettajan n\u00e4kym\u00e4","item":"https:\/\/help.jamk.fi\/peppi-ohjeet-henkilokunnalle\/fi\/opintojaksopalaute\/opettajan-nakyma\/"},{"@type":"ListItem","position":4,"name":"Omien kysymysten lis\u00e4\u00e4minen"}]},{"@type":"WebSite","@id":"https:\/\/help.jamk.fi\/peppi-ohjeet-henkilokunnalle\/#website","url":"https:\/\/help.jamk.fi\/peppi-ohjeet-henkilokunnalle\/","name":"Peppi-ohjeet henkil\u00f6kunnalle","description":"","potentialAction":[{"@type":"SearchAction","target":{"@type":"EntryPoint","urlTemplate":"https:\/\/help.jamk.fi\/peppi-ohjeet-henkilokunnalle\/?s={search_term_string}"},"query-input":{"@type":"PropertyValueSpecification","valueRequired":true,"valueName":"search_term_string"}}],"inLanguage":"fi"}]}},"_links":{"self":[{"href":"https:\/\/help.jamk.fi\/peppi-ohjeet-henkilokunnalle\/wp-json\/wp\/v2\/pages\/4730","targetHints":{"allow":["GET"]}}],"collection":[{"href":"https:\/\/help.jamk.fi\/peppi-ohjeet-henkilokunnalle\/wp-json\/wp\/v2\/pages"}],"about":[{"href":"https:\/\/help.jamk.fi\/peppi-ohjeet-henkilokunnalle\/wp-json\/wp\/v2\/types\/page"}],"author":[{"embeddable":true,"href":"https:\/\/help.jamk.fi\/peppi-ohjeet-henkilokunnalle\/wp-json\/wp\/v2\/users\/78"}],"replies":[{"embeddable":true,"href":"https:\/\/help.jamk.fi\/peppi-ohjeet-henkilokunnalle\/wp-json\/wp\/v2\/comments?post=4730"}],"version-history":[{"count":3,"href":"https:\/\/help.jamk.fi\/peppi-ohjeet-henkilokunnalle\/wp-json\/wp\/v2\/pages\/4730\/revisions"}],"predecessor-version":[{"id":6341,"href":"https:\/\/help.jamk.fi\/peppi-ohjeet-henkilokunnalle\/wp-json\/wp\/v2\/pages\/4730\/revisions\/6341"}],"up":[{"embeddable":true,"href":"https:\/\/help.jamk.fi\/peppi-ohjeet-henkilokunnalle\/wp-json\/wp\/v2\/pages\/4725"}],"wp:attachment":[{"href":"https:\/\/help.jamk.fi\/peppi-ohjeet-henkilokunnalle\/wp-json\/wp\/v2\/media?parent=4730"}],"wp:term":[{"taxonomy":"category","embeddable":true,"href":"https:\/\/help.jamk.fi\/peppi-ohjeet-henkilokunnalle\/wp-json\/wp\/v2\/categories?post=4730"},{"taxonomy":"post_tag","embeddable":true,"href":"https:\/\/help.jamk.fi\/peppi-ohjeet-henkilokunnalle\/wp-json\/wp\/v2\/tags?post=4730"}],"curies":[{"name":"wp","href":"https:\/\/api.w.org\/{rel}","templated":true}]}}