{"id":4731,"date":"2021-03-04T07:17:21","date_gmt":"2021-03-04T05:17:21","guid":{"rendered":"https:\/\/help.jamk.fi\/peppi-ohjeet-henkilokunnalle\/palautteiden-nakyvyyden-muokkaaminen\/"},"modified":"2024-01-22T11:52:28","modified_gmt":"2024-01-22T09:52:28","slug":"palautteiden-nakyvyyden-muokkaaminen","status":"publish","type":"page","link":"https:\/\/help.jamk.fi\/peppi-ohjeet-henkilokunnalle\/fi\/opintojaksopalaute\/opettajan-nakyma\/palautteiden-nakyvyyden-muokkaaminen\/","title":{"rendered":"Palautteiden n\u00e4kyvyyden muokkaaminen"},"content":{"rendered":"<p>Kun kysely on alkanut, et voi muokata palautteiden n\u00e4kyvyytt\u00e4.<br \/>\nVoit piilottaa vain sellaisen palautteen, joka n\u00e4kyy Omat kysymykset -otsikon alla.<\/p>\n<p>Opintojakson muut opettajat n\u00e4kev\u00e4t kaikki muut vastaukset, jotka opiskelijat ovat antaneet kyselyyn, mutta voit m\u00e4\u00e4ritell\u00e4, keille opettajakohtaisten kysymysten vastaukset n\u00e4kyv\u00e4t. Opettajat n\u00e4kev\u00e4t asettamasi kysymykset, mutta eiv\u00e4t opiskelijoiden vastauksia niihin.<\/p>\n<p>Siirry kohtaan Palautteiden n\u00e4kyvyys.<\/p>\n<p>Valitse<strong> Muokkaa<\/strong><\/p>\n<ul>\n<li>Palautteiden n\u00e4kyvyys -ponnahdusikkuna aukeaa.\u00a0 Jos haluat piilottaa palautteet kaikilta muilta kurssin opettajilta, valitse Valitse kaikki.<\/li>\n<li>Jos haluat piilottaa palautteet tietyilt\u00e4 opettajilta, valitse nimet listasta.<\/li>\n<\/ul>\n<p>Valitse <strong>Tallenna<\/strong><\/p>\n","protected":false},"excerpt":{"rendered":"<p>Kun kysely on alkanut, et voi muokata palautteiden n\u00e4kyvyytt\u00e4. Voit piilottaa vain sellaisen palautteen, joka n\u00e4kyy Omat kysymykset -otsikon alla. Opintojakson muut opettajat n\u00e4kev\u00e4t kaikki muut vastaukset, jotka opiskelijat ovat antaneet kyselyyn, mutta voit m\u00e4\u00e4ritell\u00e4, keille opettajakohtaisten kysymysten vastaukset n\u00e4kyv\u00e4t. Opettajat n\u00e4kev\u00e4t asettamasi kysymykset, mutta eiv\u00e4t opiskelijoiden vastauksia niihin. Siirry kohtaan Palautteiden n\u00e4kyvyys. Valitse Muokkaa [&hellip;]<\/p>\n","protected":false},"author":78,"featured_media":0,"parent":4725,"menu_order":4,"comment_status":"closed","ping_status":"open","template":"","meta":{"_acf_changed":false,"_relevanssi_hide_post":"","_relevanssi_hide_content":"","_relevanssi_pin_for_all":"","_relevanssi_pin_keywords":"","_relevanssi_unpin_keywords":"","_relevanssi_related_keywords":"","_relevanssi_related_include_ids":"","_relevanssi_related_exclude_ids":"","_relevanssi_related_no_append":"","_relevanssi_related_not_related":"","_relevanssi_related_posts":"","_relevanssi_noindex_reason":"","footnotes":""},"categories":[1],"tags":[],"class_list":["post-4731","page","type-page","status-publish","hentry","category-uncategorised"],"acf":[],"yoast_head":"<!-- This site is optimized with the Yoast SEO plugin v27.3 - https:\/\/yoast.com\/product\/yoast-seo-wordpress\/ -->\n<title>Palautteiden n\u00e4kyvyyden muokkaaminen - Peppi-ohjeet henkil\u00f6kunnalle<\/title>\n<meta name=\"robots\" content=\"index, follow, max-snippet:-1, max-image-preview:large, max-video-preview:-1\" \/>\n<link rel=\"canonical\" href=\"https:\/\/help.jamk.fi\/peppi-ohjeet-henkilokunnalle\/fi\/opintojaksopalaute\/opettajan-nakyma\/palautteiden-nakyvyyden-muokkaaminen\/\" \/>\n<meta property=\"og:locale\" content=\"fi_FI\" \/>\n<meta property=\"og:type\" content=\"article\" \/>\n<meta property=\"og:title\" content=\"Palautteiden n\u00e4kyvyyden muokkaaminen - Peppi-ohjeet henkil\u00f6kunnalle\" \/>\n<meta property=\"og:description\" content=\"Kun kysely on alkanut, et voi muokata palautteiden n\u00e4kyvyytt\u00e4. Voit piilottaa vain sellaisen palautteen, joka n\u00e4kyy Omat kysymykset -otsikon alla. Opintojakson muut opettajat n\u00e4kev\u00e4t kaikki muut vastaukset, jotka opiskelijat ovat antaneet kyselyyn, mutta voit m\u00e4\u00e4ritell\u00e4, keille opettajakohtaisten kysymysten vastaukset n\u00e4kyv\u00e4t. Opettajat n\u00e4kev\u00e4t asettamasi kysymykset, mutta eiv\u00e4t opiskelijoiden vastauksia niihin. Siirry kohtaan Palautteiden n\u00e4kyvyys. Valitse Muokkaa [&hellip;]\" \/>\n<meta property=\"og:url\" content=\"https:\/\/help.jamk.fi\/peppi-ohjeet-henkilokunnalle\/fi\/opintojaksopalaute\/opettajan-nakyma\/palautteiden-nakyvyyden-muokkaaminen\/\" \/>\n<meta property=\"og:site_name\" content=\"Peppi-ohjeet henkil\u00f6kunnalle\" \/>\n<meta property=\"article:modified_time\" content=\"2024-01-22T09:52:28+00:00\" \/>\n<meta name=\"twitter:card\" content=\"summary_large_image\" \/>\n<meta name=\"twitter:label1\" content=\"Arvioitu lukuaika\" \/>\n\t<meta name=\"twitter:data1\" content=\"1 minuutti\" \/>\n<script type=\"application\/ld+json\" class=\"yoast-schema-graph\">{\"@context\":\"https:\\\/\\\/schema.org\",\"@graph\":[{\"@type\":\"WebPage\",\"@id\":\"https:\\\/\\\/help.jamk.fi\\\/peppi-ohjeet-henkilokunnalle\\\/fi\\\/opintojaksopalaute\\\/opettajan-nakyma\\\/palautteiden-nakyvyyden-muokkaaminen\\\/\",\"url\":\"https:\\\/\\\/help.jamk.fi\\\/peppi-ohjeet-henkilokunnalle\\\/fi\\\/opintojaksopalaute\\\/opettajan-nakyma\\\/palautteiden-nakyvyyden-muokkaaminen\\\/\",\"name\":\"Palautteiden n\u00e4kyvyyden muokkaaminen - Peppi-ohjeet henkil\u00f6kunnalle\",\"isPartOf\":{\"@id\":\"https:\\\/\\\/help.jamk.fi\\\/peppi-ohjeet-henkilokunnalle\\\/#website\"},\"datePublished\":\"2021-03-04T05:17:21+00:00\",\"dateModified\":\"2024-01-22T09:52:28+00:00\",\"breadcrumb\":{\"@id\":\"https:\\\/\\\/help.jamk.fi\\\/peppi-ohjeet-henkilokunnalle\\\/fi\\\/opintojaksopalaute\\\/opettajan-nakyma\\\/palautteiden-nakyvyyden-muokkaaminen\\\/#breadcrumb\"},\"inLanguage\":\"fi\",\"potentialAction\":[{\"@type\":\"ReadAction\",\"target\":[\"https:\\\/\\\/help.jamk.fi\\\/peppi-ohjeet-henkilokunnalle\\\/fi\\\/opintojaksopalaute\\\/opettajan-nakyma\\\/palautteiden-nakyvyyden-muokkaaminen\\\/\"]}]},{\"@type\":\"BreadcrumbList\",\"@id\":\"https:\\\/\\\/help.jamk.fi\\\/peppi-ohjeet-henkilokunnalle\\\/fi\\\/opintojaksopalaute\\\/opettajan-nakyma\\\/palautteiden-nakyvyyden-muokkaaminen\\\/#breadcrumb\",\"itemListElement\":[{\"@type\":\"ListItem\",\"position\":1,\"name\":\"Home\",\"item\":\"https:\\\/\\\/help.jamk.fi\\\/peppi-ohjeet-henkilokunnalle\\\/en\\\/\"},{\"@type\":\"ListItem\",\"position\":2,\"name\":\"Opintojaksopalaute\",\"item\":\"https:\\\/\\\/help.jamk.fi\\\/peppi-ohjeet-henkilokunnalle\\\/fi\\\/opintojaksopalaute\\\/\"},{\"@type\":\"ListItem\",\"position\":3,\"name\":\"Opettajan n\u00e4kym\u00e4\",\"item\":\"https:\\\/\\\/help.jamk.fi\\\/peppi-ohjeet-henkilokunnalle\\\/fi\\\/opintojaksopalaute\\\/opettajan-nakyma\\\/\"},{\"@type\":\"ListItem\",\"position\":4,\"name\":\"Palautteiden n\u00e4kyvyyden muokkaaminen\"}]},{\"@type\":\"WebSite\",\"@id\":\"https:\\\/\\\/help.jamk.fi\\\/peppi-ohjeet-henkilokunnalle\\\/#website\",\"url\":\"https:\\\/\\\/help.jamk.fi\\\/peppi-ohjeet-henkilokunnalle\\\/\",\"name\":\"Peppi-ohjeet henkil\u00f6kunnalle\",\"description\":\"\",\"potentialAction\":[{\"@type\":\"SearchAction\",\"target\":{\"@type\":\"EntryPoint\",\"urlTemplate\":\"https:\\\/\\\/help.jamk.fi\\\/peppi-ohjeet-henkilokunnalle\\\/?s={search_term_string}\"},\"query-input\":{\"@type\":\"PropertyValueSpecification\",\"valueRequired\":true,\"valueName\":\"search_term_string\"}}],\"inLanguage\":\"fi\"}]}<\/script>\n<!-- \/ Yoast SEO plugin. -->","yoast_head_json":{"title":"Palautteiden n\u00e4kyvyyden muokkaaminen - Peppi-ohjeet henkil\u00f6kunnalle","robots":{"index":"index","follow":"follow","max-snippet":"max-snippet:-1","max-image-preview":"max-image-preview:large","max-video-preview":"max-video-preview:-1"},"canonical":"https:\/\/help.jamk.fi\/peppi-ohjeet-henkilokunnalle\/fi\/opintojaksopalaute\/opettajan-nakyma\/palautteiden-nakyvyyden-muokkaaminen\/","og_locale":"fi_FI","og_type":"article","og_title":"Palautteiden n\u00e4kyvyyden muokkaaminen - Peppi-ohjeet henkil\u00f6kunnalle","og_description":"Kun kysely on alkanut, et voi muokata palautteiden n\u00e4kyvyytt\u00e4. Voit piilottaa vain sellaisen palautteen, joka n\u00e4kyy Omat kysymykset -otsikon alla. Opintojakson muut opettajat n\u00e4kev\u00e4t kaikki muut vastaukset, jotka opiskelijat ovat antaneet kyselyyn, mutta voit m\u00e4\u00e4ritell\u00e4, keille opettajakohtaisten kysymysten vastaukset n\u00e4kyv\u00e4t. Opettajat n\u00e4kev\u00e4t asettamasi kysymykset, mutta eiv\u00e4t opiskelijoiden vastauksia niihin. Siirry kohtaan Palautteiden n\u00e4kyvyys. Valitse Muokkaa [&hellip;]","og_url":"https:\/\/help.jamk.fi\/peppi-ohjeet-henkilokunnalle\/fi\/opintojaksopalaute\/opettajan-nakyma\/palautteiden-nakyvyyden-muokkaaminen\/","og_site_name":"Peppi-ohjeet henkil\u00f6kunnalle","article_modified_time":"2024-01-22T09:52:28+00:00","twitter_card":"summary_large_image","twitter_misc":{"Arvioitu lukuaika":"1 minuutti"},"schema":{"@context":"https:\/\/schema.org","@graph":[{"@type":"WebPage","@id":"https:\/\/help.jamk.fi\/peppi-ohjeet-henkilokunnalle\/fi\/opintojaksopalaute\/opettajan-nakyma\/palautteiden-nakyvyyden-muokkaaminen\/","url":"https:\/\/help.jamk.fi\/peppi-ohjeet-henkilokunnalle\/fi\/opintojaksopalaute\/opettajan-nakyma\/palautteiden-nakyvyyden-muokkaaminen\/","name":"Palautteiden n\u00e4kyvyyden muokkaaminen - Peppi-ohjeet henkil\u00f6kunnalle","isPartOf":{"@id":"https:\/\/help.jamk.fi\/peppi-ohjeet-henkilokunnalle\/#website"},"datePublished":"2021-03-04T05:17:21+00:00","dateModified":"2024-01-22T09:52:28+00:00","breadcrumb":{"@id":"https:\/\/help.jamk.fi\/peppi-ohjeet-henkilokunnalle\/fi\/opintojaksopalaute\/opettajan-nakyma\/palautteiden-nakyvyyden-muokkaaminen\/#breadcrumb"},"inLanguage":"fi","potentialAction":[{"@type":"ReadAction","target":["https:\/\/help.jamk.fi\/peppi-ohjeet-henkilokunnalle\/fi\/opintojaksopalaute\/opettajan-nakyma\/palautteiden-nakyvyyden-muokkaaminen\/"]}]},{"@type":"BreadcrumbList","@id":"https:\/\/help.jamk.fi\/peppi-ohjeet-henkilokunnalle\/fi\/opintojaksopalaute\/opettajan-nakyma\/palautteiden-nakyvyyden-muokkaaminen\/#breadcrumb","itemListElement":[{"@type":"ListItem","position":1,"name":"Home","item":"https:\/\/help.jamk.fi\/peppi-ohjeet-henkilokunnalle\/en\/"},{"@type":"ListItem","position":2,"name":"Opintojaksopalaute","item":"https:\/\/help.jamk.fi\/peppi-ohjeet-henkilokunnalle\/fi\/opintojaksopalaute\/"},{"@type":"ListItem","position":3,"name":"Opettajan n\u00e4kym\u00e4","item":"https:\/\/help.jamk.fi\/peppi-ohjeet-henkilokunnalle\/fi\/opintojaksopalaute\/opettajan-nakyma\/"},{"@type":"ListItem","position":4,"name":"Palautteiden n\u00e4kyvyyden muokkaaminen"}]},{"@type":"WebSite","@id":"https:\/\/help.jamk.fi\/peppi-ohjeet-henkilokunnalle\/#website","url":"https:\/\/help.jamk.fi\/peppi-ohjeet-henkilokunnalle\/","name":"Peppi-ohjeet henkil\u00f6kunnalle","description":"","potentialAction":[{"@type":"SearchAction","target":{"@type":"EntryPoint","urlTemplate":"https:\/\/help.jamk.fi\/peppi-ohjeet-henkilokunnalle\/?s={search_term_string}"},"query-input":{"@type":"PropertyValueSpecification","valueRequired":true,"valueName":"search_term_string"}}],"inLanguage":"fi"}]}},"_links":{"self":[{"href":"https:\/\/help.jamk.fi\/peppi-ohjeet-henkilokunnalle\/wp-json\/wp\/v2\/pages\/4731","targetHints":{"allow":["GET"]}}],"collection":[{"href":"https:\/\/help.jamk.fi\/peppi-ohjeet-henkilokunnalle\/wp-json\/wp\/v2\/pages"}],"about":[{"href":"https:\/\/help.jamk.fi\/peppi-ohjeet-henkilokunnalle\/wp-json\/wp\/v2\/types\/page"}],"author":[{"embeddable":true,"href":"https:\/\/help.jamk.fi\/peppi-ohjeet-henkilokunnalle\/wp-json\/wp\/v2\/users\/78"}],"replies":[{"embeddable":true,"href":"https:\/\/help.jamk.fi\/peppi-ohjeet-henkilokunnalle\/wp-json\/wp\/v2\/comments?post=4731"}],"version-history":[{"count":1,"href":"https:\/\/help.jamk.fi\/peppi-ohjeet-henkilokunnalle\/wp-json\/wp\/v2\/pages\/4731\/revisions"}],"predecessor-version":[{"id":4817,"href":"https:\/\/help.jamk.fi\/peppi-ohjeet-henkilokunnalle\/wp-json\/wp\/v2\/pages\/4731\/revisions\/4817"}],"up":[{"embeddable":true,"href":"https:\/\/help.jamk.fi\/peppi-ohjeet-henkilokunnalle\/wp-json\/wp\/v2\/pages\/4725"}],"wp:attachment":[{"href":"https:\/\/help.jamk.fi\/peppi-ohjeet-henkilokunnalle\/wp-json\/wp\/v2\/media?parent=4731"}],"wp:term":[{"taxonomy":"category","embeddable":true,"href":"https:\/\/help.jamk.fi\/peppi-ohjeet-henkilokunnalle\/wp-json\/wp\/v2\/categories?post=4731"},{"taxonomy":"post_tag","embeddable":true,"href":"https:\/\/help.jamk.fi\/peppi-ohjeet-henkilokunnalle\/wp-json\/wp\/v2\/tags?post=4731"}],"curies":[{"name":"wp","href":"https:\/\/api.w.org\/{rel}","templated":true}]}}