{"id":4734,"date":"2021-03-04T07:25:58","date_gmt":"2021-03-04T05:25:58","guid":{"rendered":"https:\/\/help.jamk.fi\/peppi-ohjeet-henkilokunnalle\/valipalautteet\/"},"modified":"2024-01-29T13:11:36","modified_gmt":"2024-01-29T11:11:36","slug":"valipalautteet","status":"publish","type":"page","link":"https:\/\/help.jamk.fi\/peppi-ohjeet-henkilokunnalle\/fi\/opintojaksopalaute\/valipalautteet\/","title":{"rendered":"V\u00e4lipalautteen luominen"},"content":{"rendered":"\n<h2 class=\"wp-block-heading\"><strong>V\u00e4lipalautteen luominen<\/strong><\/h2>\n\n\n\n<p>Valitse Uusi v\u00e4lipalaute<br>\u2022 Uusi v\u00e4lipalaute -ponnahdusikkuna aukeaa.<br>\u2022 Anna palautteelle nimi, kuvaus ja palauteaika, valitse Tallenna<\/p>\n\n\n\n<figure class=\"wp-block-image\"><img loading=\"lazy\" decoding=\"async\" width=\"600\" height=\"310\" src=\"https:\/\/help.jamk.fi\/peppi-ohjeet-henkilokunnalle\/wp-content\/uploads\/sites\/131\/2021\/03\/valipalaute.jpg\" alt=\"\" class=\"wp-image-2430\"\/><\/figure>\n\n\n\n<h2 class=\"wp-block-heading\"><strong>Kysymysten lis\u00e4\u00e4minen<\/strong><\/h2>\n\n\n\n<p>V\u00e4lipalautelomakkeella ei ole valmiita kysymyksi\u00e4. Lis\u00e4\u00e4 siihen kysymyspankkeja siirtym\u00e4ll\u00e4 kohtaan Palautelomakkeen kysymykset ja valitsemalla Muokkaa<\/p>\n\n\n\n<figure class=\"wp-block-image\"><img loading=\"lazy\" decoding=\"async\" width=\"463\" height=\"96\" src=\"https:\/\/help.jamk.fi\/peppi-ohjeet-henkilokunnalle\/wp-content\/uploads\/sites\/131\/2021\/03\/Kuva18.jpg\" alt=\"\" class=\"wp-image-2455\"\/><\/figure>\n\n\n\n<p>\u2022 Sininen laatikko n\u00e4ytt\u00e4\u00e4, kuinka monta kysymyst\u00e4 voit viel\u00e4 valita.<br>\u2022 Kysymysten enimm\u00e4ism\u00e4\u00e4r\u00e4 riippuu yll\u00e4pit\u00e4j\u00e4n asetuksista.<br>\u2022 Kysymysten tunnisteet kertovat, kuinka niihin voi vastata (tekstikentt\u00e4, valintaruutu jne.).<\/p>\n\n\n\n<h2 class=\"wp-block-heading\"><strong>V\u00e4lipalautteen muokkaaminen<\/strong><\/h2>\n\n\n\n<figure class=\"wp-block-image\"><img loading=\"lazy\" decoding=\"async\" width=\"489\" height=\"139\" src=\"https:\/\/help.jamk.fi\/peppi-ohjeet-henkilokunnalle\/wp-content\/uploads\/sites\/131\/2021\/03\/Kuva19.jpg\" alt=\"\" class=\"wp-image-2456\"\/><\/figure>\n\n\n\n<p>Siirry kohtaan Perustiedot ja valitse Muokkaa. Voit muokata palautteen nime\u00e4, ajankohtaa ja kuvausta.<\/p>\n\n\n\n<p>Voit valita alkamisp\u00e4iv\u00e4m\u00e4\u00e4r\u00e4ksi aikaisintaan muokkaamista seuraavan p\u00e4iv\u00e4n.<\/p>\n\n\n\n<h2 class=\"wp-block-heading\"><strong>V\u00e4lipalautteen esikatselu ja QR-koodin lataaminen<\/strong><\/h2>\n\n\n\n<figure class=\"wp-block-image\"><img loading=\"lazy\" decoding=\"async\" width=\"378\" height=\"72\" src=\"https:\/\/help.jamk.fi\/peppi-ohjeet-henkilokunnalle\/wp-content\/uploads\/sites\/131\/2021\/03\/qrkoodi.jpg\" alt=\"\" class=\"wp-image-2422\"\/><\/figure>\n\n\n\n<p>Valitse sivun yl\u00e4reunasta N\u00e4yt\u00e4 palautekysely ja esikatselun kieli.<br>\u2022 Kyselyn esikatselu -ponnahdusikkuna aukeaa.<br>Voit kopioida kyselyn osoitteen ja jakaa sen opiskelijoille.<\/p>\n\n\n\n<p>1. Valitse sivun yl\u00e4reunasta QR-koodi ja kyselyn kieli.<br>2. Valitse Lataa kuva.<\/p>\n\n\n\n<p>Koodi latautuu laitteellesi<\/p>\n\n\n\n<h2 class=\"wp-block-heading\"><strong>V\u00e4lipalautteen poistaminen<\/strong><\/h2>\n\n\n\n<figure class=\"wp-block-image\"><img loading=\"lazy\" decoding=\"async\" width=\"643\" height=\"72\" src=\"https:\/\/help.jamk.fi\/peppi-ohjeet-henkilokunnalle\/wp-content\/uploads\/sites\/131\/2021\/03\/Kuva20.jpg\" alt=\"\" class=\"wp-image-2457\"\/><\/figure>\n\n\n\n<p>Valitse roskakorikuvake V\u00e4lipalautteet-v\u00e4lilehdell\u00e4.<\/p>\n\n\n\n<h2 class=\"wp-block-heading\"><strong>Palautteen j\u00e4lkeen<\/strong><\/h2>\n\n\n\n<p>N\u00e4et kyselyn vastausraportin graafisessa muodossa. Graafit ja mahdollinen vapaa palaute tulevat n\u00e4kyviin sen j\u00e4lkeen, kun kolme opiskelijaa on antanut palautetta.<\/p>\n","protected":false},"excerpt":{"rendered":"<p>V\u00e4lipalautteen luominen Valitse Uusi v\u00e4lipalaute\u2022 Uusi v\u00e4lipalaute -ponnahdusikkuna aukeaa.\u2022 Anna palautteelle nimi, kuvaus ja palauteaika, valitse Tallenna Kysymysten lis\u00e4\u00e4minen V\u00e4lipalautelomakkeella ei ole valmiita kysymyksi\u00e4. Lis\u00e4\u00e4 siihen kysymyspankkeja siirtym\u00e4ll\u00e4 kohtaan Palautelomakkeen kysymykset ja valitsemalla Muokkaa \u2022 Sininen laatikko n\u00e4ytt\u00e4\u00e4, kuinka monta kysymyst\u00e4 voit viel\u00e4 valita.\u2022 Kysymysten enimm\u00e4ism\u00e4\u00e4r\u00e4 riippuu yll\u00e4pit\u00e4j\u00e4n asetuksista.\u2022 Kysymysten tunnisteet kertovat, kuinka niihin voi [&hellip;]<\/p>\n","protected":false},"author":78,"featured_media":0,"parent":4726,"menu_order":4,"comment_status":"closed","ping_status":"open","template":"","meta":{"_acf_changed":false,"_relevanssi_hide_post":"","_relevanssi_hide_content":"","_relevanssi_pin_for_all":"","_relevanssi_pin_keywords":"","_relevanssi_unpin_keywords":"","_relevanssi_related_keywords":"","_relevanssi_related_include_ids":"","_relevanssi_related_exclude_ids":"","_relevanssi_related_no_append":"","_relevanssi_related_not_related":"","_relevanssi_related_posts":"","_relevanssi_noindex_reason":"","footnotes":""},"categories":[1],"tags":[],"class_list":["post-4734","page","type-page","status-publish","hentry","category-uncategorised"],"acf":[],"yoast_head":"<!-- This site is optimized with the Yoast SEO plugin v27.3 - https:\/\/yoast.com\/product\/yoast-seo-wordpress\/ -->\n<title>V\u00e4lipalautteen luominen - Peppi-ohjeet henkil\u00f6kunnalle<\/title>\n<meta name=\"robots\" content=\"index, follow, max-snippet:-1, max-image-preview:large, max-video-preview:-1\" \/>\n<link rel=\"canonical\" href=\"https:\/\/help.jamk.fi\/peppi-ohjeet-henkilokunnalle\/fi\/opintojaksopalaute\/valipalautteet\/\" \/>\n<meta property=\"og:locale\" content=\"fi_FI\" \/>\n<meta property=\"og:type\" content=\"article\" \/>\n<meta property=\"og:title\" content=\"V\u00e4lipalautteen luominen - Peppi-ohjeet henkil\u00f6kunnalle\" \/>\n<meta property=\"og:description\" content=\"V\u00e4lipalautteen luominen Valitse Uusi v\u00e4lipalaute\u2022 Uusi v\u00e4lipalaute -ponnahdusikkuna aukeaa.\u2022 Anna palautteelle nimi, kuvaus ja palauteaika, valitse Tallenna Kysymysten lis\u00e4\u00e4minen V\u00e4lipalautelomakkeella ei ole valmiita kysymyksi\u00e4. Lis\u00e4\u00e4 siihen kysymyspankkeja siirtym\u00e4ll\u00e4 kohtaan Palautelomakkeen kysymykset ja valitsemalla Muokkaa \u2022 Sininen laatikko n\u00e4ytt\u00e4\u00e4, kuinka monta kysymyst\u00e4 voit viel\u00e4 valita.\u2022 Kysymysten enimm\u00e4ism\u00e4\u00e4r\u00e4 riippuu yll\u00e4pit\u00e4j\u00e4n asetuksista.\u2022 Kysymysten tunnisteet kertovat, kuinka niihin voi [&hellip;]\" \/>\n<meta property=\"og:url\" content=\"https:\/\/help.jamk.fi\/peppi-ohjeet-henkilokunnalle\/fi\/opintojaksopalaute\/valipalautteet\/\" \/>\n<meta property=\"og:site_name\" content=\"Peppi-ohjeet henkil\u00f6kunnalle\" \/>\n<meta property=\"article:modified_time\" content=\"2024-01-29T11:11:36+00:00\" \/>\n<meta property=\"og:image\" content=\"https:\/\/help.jamk.fi\/peppi-ohjeet-henkilokunnalle\/wp-content\/uploads\/sites\/131\/2021\/03\/valipalaute.jpg\" \/>\n<meta name=\"twitter:card\" content=\"summary_large_image\" \/>\n<meta name=\"twitter:label1\" content=\"Arvioitu lukuaika\" \/>\n\t<meta name=\"twitter:data1\" content=\"2 minuuttia\" \/>\n<script type=\"application\/ld+json\" class=\"yoast-schema-graph\">{\"@context\":\"https:\\\/\\\/schema.org\",\"@graph\":[{\"@type\":\"WebPage\",\"@id\":\"https:\\\/\\\/help.jamk.fi\\\/peppi-ohjeet-henkilokunnalle\\\/fi\\\/opintojaksopalaute\\\/valipalautteet\\\/\",\"url\":\"https:\\\/\\\/help.jamk.fi\\\/peppi-ohjeet-henkilokunnalle\\\/fi\\\/opintojaksopalaute\\\/valipalautteet\\\/\",\"name\":\"V\u00e4lipalautteen luominen - Peppi-ohjeet henkil\u00f6kunnalle\",\"isPartOf\":{\"@id\":\"https:\\\/\\\/help.jamk.fi\\\/peppi-ohjeet-henkilokunnalle\\\/#website\"},\"primaryImageOfPage\":{\"@id\":\"https:\\\/\\\/help.jamk.fi\\\/peppi-ohjeet-henkilokunnalle\\\/fi\\\/opintojaksopalaute\\\/valipalautteet\\\/#primaryimage\"},\"image\":{\"@id\":\"https:\\\/\\\/help.jamk.fi\\\/peppi-ohjeet-henkilokunnalle\\\/fi\\\/opintojaksopalaute\\\/valipalautteet\\\/#primaryimage\"},\"thumbnailUrl\":\"https:\\\/\\\/help.jamk.fi\\\/peppi-ohjeet-henkilokunnalle\\\/wp-content\\\/uploads\\\/sites\\\/131\\\/2021\\\/03\\\/valipalaute.jpg\",\"datePublished\":\"2021-03-04T05:25:58+00:00\",\"dateModified\":\"2024-01-29T11:11:36+00:00\",\"breadcrumb\":{\"@id\":\"https:\\\/\\\/help.jamk.fi\\\/peppi-ohjeet-henkilokunnalle\\\/fi\\\/opintojaksopalaute\\\/valipalautteet\\\/#breadcrumb\"},\"inLanguage\":\"fi\",\"potentialAction\":[{\"@type\":\"ReadAction\",\"target\":[\"https:\\\/\\\/help.jamk.fi\\\/peppi-ohjeet-henkilokunnalle\\\/fi\\\/opintojaksopalaute\\\/valipalautteet\\\/\"]}]},{\"@type\":\"ImageObject\",\"inLanguage\":\"fi\",\"@id\":\"https:\\\/\\\/help.jamk.fi\\\/peppi-ohjeet-henkilokunnalle\\\/fi\\\/opintojaksopalaute\\\/valipalautteet\\\/#primaryimage\",\"url\":\"https:\\\/\\\/help.jamk.fi\\\/peppi-ohjeet-henkilokunnalle\\\/wp-content\\\/uploads\\\/sites\\\/131\\\/2021\\\/03\\\/valipalaute.jpg\",\"contentUrl\":\"https:\\\/\\\/help.jamk.fi\\\/peppi-ohjeet-henkilokunnalle\\\/wp-content\\\/uploads\\\/sites\\\/131\\\/2021\\\/03\\\/valipalaute.jpg\",\"width\":600,\"height\":310},{\"@type\":\"BreadcrumbList\",\"@id\":\"https:\\\/\\\/help.jamk.fi\\\/peppi-ohjeet-henkilokunnalle\\\/fi\\\/opintojaksopalaute\\\/valipalautteet\\\/#breadcrumb\",\"itemListElement\":[{\"@type\":\"ListItem\",\"position\":1,\"name\":\"Home\",\"item\":\"https:\\\/\\\/help.jamk.fi\\\/peppi-ohjeet-henkilokunnalle\\\/en\\\/\"},{\"@type\":\"ListItem\",\"position\":2,\"name\":\"Opintojaksopalaute\",\"item\":\"https:\\\/\\\/help.jamk.fi\\\/peppi-ohjeet-henkilokunnalle\\\/fi\\\/opintojaksopalaute\\\/\"},{\"@type\":\"ListItem\",\"position\":3,\"name\":\"V\u00e4lipalautteen luominen\"}]},{\"@type\":\"WebSite\",\"@id\":\"https:\\\/\\\/help.jamk.fi\\\/peppi-ohjeet-henkilokunnalle\\\/#website\",\"url\":\"https:\\\/\\\/help.jamk.fi\\\/peppi-ohjeet-henkilokunnalle\\\/\",\"name\":\"Peppi-ohjeet henkil\u00f6kunnalle\",\"description\":\"\",\"potentialAction\":[{\"@type\":\"SearchAction\",\"target\":{\"@type\":\"EntryPoint\",\"urlTemplate\":\"https:\\\/\\\/help.jamk.fi\\\/peppi-ohjeet-henkilokunnalle\\\/?s={search_term_string}\"},\"query-input\":{\"@type\":\"PropertyValueSpecification\",\"valueRequired\":true,\"valueName\":\"search_term_string\"}}],\"inLanguage\":\"fi\"}]}<\/script>\n<!-- \/ Yoast SEO plugin. -->","yoast_head_json":{"title":"V\u00e4lipalautteen luominen - Peppi-ohjeet henkil\u00f6kunnalle","robots":{"index":"index","follow":"follow","max-snippet":"max-snippet:-1","max-image-preview":"max-image-preview:large","max-video-preview":"max-video-preview:-1"},"canonical":"https:\/\/help.jamk.fi\/peppi-ohjeet-henkilokunnalle\/fi\/opintojaksopalaute\/valipalautteet\/","og_locale":"fi_FI","og_type":"article","og_title":"V\u00e4lipalautteen luominen - Peppi-ohjeet henkil\u00f6kunnalle","og_description":"V\u00e4lipalautteen luominen Valitse Uusi v\u00e4lipalaute\u2022 Uusi v\u00e4lipalaute -ponnahdusikkuna aukeaa.\u2022 Anna palautteelle nimi, kuvaus ja palauteaika, valitse Tallenna Kysymysten lis\u00e4\u00e4minen V\u00e4lipalautelomakkeella ei ole valmiita kysymyksi\u00e4. Lis\u00e4\u00e4 siihen kysymyspankkeja siirtym\u00e4ll\u00e4 kohtaan Palautelomakkeen kysymykset ja valitsemalla Muokkaa \u2022 Sininen laatikko n\u00e4ytt\u00e4\u00e4, kuinka monta kysymyst\u00e4 voit viel\u00e4 valita.\u2022 Kysymysten enimm\u00e4ism\u00e4\u00e4r\u00e4 riippuu yll\u00e4pit\u00e4j\u00e4n asetuksista.\u2022 Kysymysten tunnisteet kertovat, kuinka niihin voi [&hellip;]","og_url":"https:\/\/help.jamk.fi\/peppi-ohjeet-henkilokunnalle\/fi\/opintojaksopalaute\/valipalautteet\/","og_site_name":"Peppi-ohjeet henkil\u00f6kunnalle","article_modified_time":"2024-01-29T11:11:36+00:00","og_image":[{"url":"https:\/\/help.jamk.fi\/peppi-ohjeet-henkilokunnalle\/wp-content\/uploads\/sites\/131\/2021\/03\/valipalaute.jpg","type":"","width":"","height":""}],"twitter_card":"summary_large_image","twitter_misc":{"Arvioitu lukuaika":"2 minuuttia"},"schema":{"@context":"https:\/\/schema.org","@graph":[{"@type":"WebPage","@id":"https:\/\/help.jamk.fi\/peppi-ohjeet-henkilokunnalle\/fi\/opintojaksopalaute\/valipalautteet\/","url":"https:\/\/help.jamk.fi\/peppi-ohjeet-henkilokunnalle\/fi\/opintojaksopalaute\/valipalautteet\/","name":"V\u00e4lipalautteen luominen - Peppi-ohjeet henkil\u00f6kunnalle","isPartOf":{"@id":"https:\/\/help.jamk.fi\/peppi-ohjeet-henkilokunnalle\/#website"},"primaryImageOfPage":{"@id":"https:\/\/help.jamk.fi\/peppi-ohjeet-henkilokunnalle\/fi\/opintojaksopalaute\/valipalautteet\/#primaryimage"},"image":{"@id":"https:\/\/help.jamk.fi\/peppi-ohjeet-henkilokunnalle\/fi\/opintojaksopalaute\/valipalautteet\/#primaryimage"},"thumbnailUrl":"https:\/\/help.jamk.fi\/peppi-ohjeet-henkilokunnalle\/wp-content\/uploads\/sites\/131\/2021\/03\/valipalaute.jpg","datePublished":"2021-03-04T05:25:58+00:00","dateModified":"2024-01-29T11:11:36+00:00","breadcrumb":{"@id":"https:\/\/help.jamk.fi\/peppi-ohjeet-henkilokunnalle\/fi\/opintojaksopalaute\/valipalautteet\/#breadcrumb"},"inLanguage":"fi","potentialAction":[{"@type":"ReadAction","target":["https:\/\/help.jamk.fi\/peppi-ohjeet-henkilokunnalle\/fi\/opintojaksopalaute\/valipalautteet\/"]}]},{"@type":"ImageObject","inLanguage":"fi","@id":"https:\/\/help.jamk.fi\/peppi-ohjeet-henkilokunnalle\/fi\/opintojaksopalaute\/valipalautteet\/#primaryimage","url":"https:\/\/help.jamk.fi\/peppi-ohjeet-henkilokunnalle\/wp-content\/uploads\/sites\/131\/2021\/03\/valipalaute.jpg","contentUrl":"https:\/\/help.jamk.fi\/peppi-ohjeet-henkilokunnalle\/wp-content\/uploads\/sites\/131\/2021\/03\/valipalaute.jpg","width":600,"height":310},{"@type":"BreadcrumbList","@id":"https:\/\/help.jamk.fi\/peppi-ohjeet-henkilokunnalle\/fi\/opintojaksopalaute\/valipalautteet\/#breadcrumb","itemListElement":[{"@type":"ListItem","position":1,"name":"Home","item":"https:\/\/help.jamk.fi\/peppi-ohjeet-henkilokunnalle\/en\/"},{"@type":"ListItem","position":2,"name":"Opintojaksopalaute","item":"https:\/\/help.jamk.fi\/peppi-ohjeet-henkilokunnalle\/fi\/opintojaksopalaute\/"},{"@type":"ListItem","position":3,"name":"V\u00e4lipalautteen luominen"}]},{"@type":"WebSite","@id":"https:\/\/help.jamk.fi\/peppi-ohjeet-henkilokunnalle\/#website","url":"https:\/\/help.jamk.fi\/peppi-ohjeet-henkilokunnalle\/","name":"Peppi-ohjeet henkil\u00f6kunnalle","description":"","potentialAction":[{"@type":"SearchAction","target":{"@type":"EntryPoint","urlTemplate":"https:\/\/help.jamk.fi\/peppi-ohjeet-henkilokunnalle\/?s={search_term_string}"},"query-input":{"@type":"PropertyValueSpecification","valueRequired":true,"valueName":"search_term_string"}}],"inLanguage":"fi"}]}},"_links":{"self":[{"href":"https:\/\/help.jamk.fi\/peppi-ohjeet-henkilokunnalle\/wp-json\/wp\/v2\/pages\/4734","targetHints":{"allow":["GET"]}}],"collection":[{"href":"https:\/\/help.jamk.fi\/peppi-ohjeet-henkilokunnalle\/wp-json\/wp\/v2\/pages"}],"about":[{"href":"https:\/\/help.jamk.fi\/peppi-ohjeet-henkilokunnalle\/wp-json\/wp\/v2\/types\/page"}],"author":[{"embeddable":true,"href":"https:\/\/help.jamk.fi\/peppi-ohjeet-henkilokunnalle\/wp-json\/wp\/v2\/users\/78"}],"replies":[{"embeddable":true,"href":"https:\/\/help.jamk.fi\/peppi-ohjeet-henkilokunnalle\/wp-json\/wp\/v2\/comments?post=4734"}],"version-history":[{"count":7,"href":"https:\/\/help.jamk.fi\/peppi-ohjeet-henkilokunnalle\/wp-json\/wp\/v2\/pages\/4734\/revisions"}],"predecessor-version":[{"id":6392,"href":"https:\/\/help.jamk.fi\/peppi-ohjeet-henkilokunnalle\/wp-json\/wp\/v2\/pages\/4734\/revisions\/6392"}],"up":[{"embeddable":true,"href":"https:\/\/help.jamk.fi\/peppi-ohjeet-henkilokunnalle\/wp-json\/wp\/v2\/pages\/4726"}],"wp:attachment":[{"href":"https:\/\/help.jamk.fi\/peppi-ohjeet-henkilokunnalle\/wp-json\/wp\/v2\/media?parent=4734"}],"wp:term":[{"taxonomy":"category","embeddable":true,"href":"https:\/\/help.jamk.fi\/peppi-ohjeet-henkilokunnalle\/wp-json\/wp\/v2\/categories?post=4734"},{"taxonomy":"post_tag","embeddable":true,"href":"https:\/\/help.jamk.fi\/peppi-ohjeet-henkilokunnalle\/wp-json\/wp\/v2\/tags?post=4734"}],"curies":[{"name":"wp","href":"https:\/\/api.w.org\/{rel}","templated":true}]}}