{"id":4739,"date":"2021-03-04T08:14:43","date_gmt":"2021-03-04T06:14:43","guid":{"rendered":"https:\/\/help.jamk.fi\/peppi-ohjeet-henkilokunnalle\/vuosisuunnittelu\/opintojaksopalaute-2\/loppupalaute\/"},"modified":"2024-01-19T15:49:01","modified_gmt":"2024-01-19T13:49:01","slug":"loppupalaute","status":"publish","type":"page","link":"https:\/\/help.jamk.fi\/peppi-ohjeet-henkilokunnalle\/fi\/vuosisuunnittelu\/opintojaksopalaute-2\/loppupalaute\/","title":{"rendered":"Loppupalaute (vuosisuunnittelu)"},"content":{"rendered":"\n<p><strong>Palautteen avautuminen<\/strong><\/p>\n\n\n\n<p>Palautteet asetettu avautumaan automaattisesti 7 vrk ennen opintojakson p\u00e4\u00e4ttymist\u00e4 ja palautetta voi antaa 30 vrk siit\u00e4 eteenp\u00e4in. N\u00e4m\u00e4 tiedot voi muuttaa siell\u00e4 opintojaksopalautteen muokkauksessa. Opintojaksolla pit\u00e4\u00e4 olla v\u00e4hint\u00e4\u00e4n yksi opettaja resurssoitu ja opintojakson toteutus pit\u00e4\u00e4 olla julkaistu.<br>P\u00e4iv\u00e4m\u00e4\u00e4r\u00e4 katsotaan toteutukseen m\u00e4\u00e4ritellyst\u00e4 toteutusajasta:<\/p>\n\n\n\n<p>&nbsp;<\/p>\n\n\n\n<figure class=\"wp-block-image size-large\"><img loading=\"lazy\" decoding=\"async\" width=\"683\" height=\"125\" src=\"https:\/\/help.jamk.fi\/peppi-ohjeet-henkilokunnalle\/wp-content\/uploads\/sites\/131\/2021\/03\/kuva24.jpg\" alt=\"\" class=\"wp-image-2477\"\/><\/figure>\n\n\n\n<p><strong>Mik\u00e4li huomaat ett\u00e4 toteutusaika on v\u00e4\u00e4rin, niin se tulisi muuttaa v\u00e4litt\u00f6m\u00e4sti oikeaksi , t\u00e4ll\u00f6in v\u00e4ltet\u00e4\u00e4n turhien palautteen avautumis- ja muistutusviestien l\u00e4hett\u00e4minen opettajille ja opiskelijoille. T\u00e4st\u00e4 on my\u00f6s laitettu maininta opettajien ohjeeseen.<\/strong><\/p>\n\n\n\n<p>Palautteet n\u00e4kyv\u00e4t opettajille OJP:n puolella ja ovat muokattavissa 1 kk ennen opintojakson alkamista ja 6 kk opintojakson p\u00e4\u00e4ttymisen j\u00e4lkeen.<\/p>\n\n\n\n<p><strong>Opintojaksojen toteutukset, joilta ei haluta palautetta<\/strong><\/p>\n\n\n\n<p><p>Opintojakson toteutuksia teht\u00e4ess\u00e4 voidaan toteutuksella lis\u00e4t\u00e4 jo valmiiksi luokitus: Ei opintojakso palautetta<\/p>\n<p>Palautteita ei oteta AOKKin opintojaksoilta, erikoiskoulutusten opintojaksoilta eik\u00e4 t\u00e4ydennyskoulutuksen opintojaksoilta OJP kautta toistaiseksi.<\/p><\/p>\n\n\n\n<figure class=\"wp-block-image size-large\"><img loading=\"lazy\" decoding=\"async\" width=\"481\" height=\"270\" src=\"https:\/\/help.jamk.fi\/peppi-ohjeet-henkilokunnalle\/wp-content\/uploads\/sites\/131\/2021\/03\/kuva25.jpg\" alt=\"\" class=\"wp-image-2478\"\/><\/figure>\n\n\n\n<p><p><strong>Luokituksen lis\u00e4\u00e4minen massamuokkauksella:<\/strong><\/p>\n<p><br>Hae haluamasi toteutukset:<\/p><\/p>\n\n\n\n<figure class=\"wp-block-image size-large\"><img loading=\"lazy\" decoding=\"async\" width=\"643\" height=\"258\" src=\"https:\/\/help.jamk.fi\/peppi-ohjeet-henkilokunnalle\/wp-content\/uploads\/sites\/131\/2021\/03\/toteutusten-haku.jpg\" alt=\"\" class=\"wp-image-2426\"\/><\/figure>\n\n\n\n<p>Tyhjenn\u00e4 ensin nuo valinnat&nbsp;&nbsp; tai voit ker\u00e4t\u00e4 tuonne muokkaukseen useampia opintojaksoja eri hakuehdoille valitse sen j\u00e4lkeen Siirry muokkaamaan toteutuksia:<\/p>\n\n\n\n<p>&nbsp;<\/p>\n\n\n\n<figure class=\"wp-block-image size-large\"><img loading=\"lazy\" decoding=\"async\" width=\"643\" height=\"73\" src=\"https:\/\/help.jamk.fi\/peppi-ohjeet-henkilokunnalle\/wp-content\/uploads\/sites\/131\/2021\/03\/toteutusten_muokkaus.jpg\" alt=\"\" class=\"wp-image-2428\"\/><\/figure>\n\n\n\n<p>Valitse haluamasi opintojakso tai poista ruksit niiden opintojaksojen kohdalta joita et halua muokata ja valitse Tee massamuokkaus<\/p>\n\n\n\n<figure class=\"wp-block-image size-large\"><img loading=\"lazy\" decoding=\"async\" width=\"254\" height=\"377\" src=\"https:\/\/help.jamk.fi\/peppi-ohjeet-henkilokunnalle\/wp-content\/uploads\/sites\/131\/2021\/03\/toteutusten-haku3.jpg\" alt=\"\" class=\"wp-image-2427\"\/><\/figure>\n\n\n\n<p>Lis\u00e4\u00e4 tunniste ja tunniste kohtaan Ei opintojaksopalautetta<\/p>\n\n\n\n<p>&nbsp;<\/p>\n\n\n\n<figure class=\"wp-block-image size-large\"><img loading=\"lazy\" decoding=\"async\" width=\"634\" height=\"81\" src=\"https:\/\/help.jamk.fi\/peppi-ohjeet-henkilokunnalle\/wp-content\/uploads\/sites\/131\/2021\/03\/tunnisteen-lisays.jpg\" alt=\"\" class=\"wp-image-2429\"\/><\/figure>\n\n\n\n<p>ja valitse Tee muutokset sivun loppuosasta<\/p>\n\n\n\n<p><br>T\u00e4m\u00e4 j\u00e4lkeen n\u00e4m\u00e4 toteutukset eiv\u00e4t siirry OJP:n puolelle, mik\u00e4li merkint\u00e4 on tehty 1 kk ennen toteutuksen alkamista.<br>Jos toteutus on jo siirtynyt OJP:n puolelle, niin t\u00e4m\u00e4 voidaan tehd\u00e4 yksitt\u00e4iselle opintojaksolle menem\u00e4ss\u00e4 toteutuksen kohdalta opintojaksopalautteeseen<\/p>\n\n\n\n<figure class=\"wp-block-image size-large\"><img loading=\"lazy\" decoding=\"async\" width=\"185\" height=\"249\" src=\"https:\/\/help.jamk.fi\/peppi-ohjeet-henkilokunnalle\/wp-content\/uploads\/sites\/131\/2021\/03\/Capture.jpg\" alt=\"\" class=\"wp-image-2409\"\/><\/figure>\n\n\n\n<p>&nbsp;<\/p>\n\n\n\n<p>ottamalla sielt\u00e4 muokkaus ja lis\u00e4\u00e4m\u00e4ll\u00e4 t\u00e4h\u00e4n kohtaan Ei ker\u00e4t\u00e4 palautetta.<br>HUOM! Opettajat p\u00e4\u00e4set my\u00f6s itse muuttamaan t\u00e4m\u00e4n kohdan.<\/p>\n\n\n\n<p>&nbsp;<\/p>\n\n\n\n<figure class=\"wp-block-image size-large is-resized\"><img loading=\"lazy\" decoding=\"async\" width=\"564\" height=\"320\" src=\"https:\/\/help.jamk.fi\/peppi-ohjeet-henkilokunnalle\/wp-content\/uploads\/sites\/131\/2021\/03\/kuva26.jpg\" alt=\"\" class=\"wp-image-2479\" style=\"width:515px;height:292px\"\/><\/figure>\n\n\n\n<p>Kaikki kurssin opettajat voivat muokata kyselyn ajankohtaa ja ker\u00e4ystapoja.<\/p>\n\n\n\n<p>Ammattikorkeakoulun kysymykset ovat koulun yhteisi\u00e4, ja ne ovat automaattisesti osa palautelomaketta. Ne n\u00e4kyv\u00e4t Loppupalaute-sivulla ja kyselyn esikatselussa.<br>Kyselyn tietojen muokkaaminen<\/p>\n\n\n\n<p>Kaikki kurssin opettajat voivat muokata kyselyn ajankohtaa ja ker\u00e4ystapoja. Voit ker\u00e4ystapoja m\u00e4\u00e4ritelless\u00e4si valita, ettei kurssilla ker\u00e4t\u00e4 palautetta,<\/p>\n\n\n\n<p>Voit muuttaa avautumisp\u00e4iv\u00e4n aikaisintaan muokkaamista seuraavaan p\u00e4iv\u00e4n.<\/p>\n\n\n\n<p><strong>Omien kysymysten lis\u00e4\u00e4minen<\/strong><\/p>\n\n\n\n<p>Opettajat voivat halutessaan lis\u00e4t\u00e4 omia kysymyksi\u00e4 kysymyspankin kautta.<\/p>\n\n\n\n<p>Kysymykset m\u00e4\u00e4rittyv\u00e4t ryhmitt\u00e4in ennalta koottujen kysymyspankkien mukaan. Mik\u00e4li opettaja haluaa omia kysymyksi\u00e4, niin pyyd\u00e4 h\u00e4nt\u00e4 olemaan yhteydess\u00e4 oman yksikk\u00f6si laatuvastaavaan.<\/p>\n<p><br>Lis\u00e4tyt kysymyspankit n\u00e4kyv\u00e4t opiskelijoille koulun yhteisten kysymysten lis\u00e4ksi. Kysymyspankit n\u00e4kyv\u00e4t my\u00f6s kurssin muille opettajille.<\/p>\n\n\n\n<p><strong>Palautteen j\u00e4lkeen<\/strong><\/p>\n\n\n\n<p>N\u00e4et kyselyn vastausraportin graafisessa muodossa. Graafit ja mahdollinen vapaa palaute tulevat n\u00e4kyviin sen j\u00e4lkeen, kun kolme opiskelijaa on antanut palautetta.<\/p>\n\n\n\n<p><strong>Palauteraportit<\/strong><\/p>\n\n\n\n<p><strong>T\u00e4ll\u00e4 hetkell\u00e4 palauteraportit ja graafit n\u00e4kyv\u00e4t vain opintojakson opettaja(i)lle, opiskelijoille sek\u00e4 yksik\u00f6n laatuvastaaville. <\/strong><\/p>\n\n\n\n<p>Jotta graafeja voidaan rajata tarkemmin niin toteutukseen kannattaa lis\u00e4t\u00e4 my\u00f6s toimipiste, joka voidaan tehd\u00e4 my\u00f6s massamuokkauksella samoin kuin tuon luokituksen lis\u00e4ys<br>\u2003<\/p>\n","protected":false},"excerpt":{"rendered":"<p>Palautteen avautuminen Palautteet asetettu avautumaan automaattisesti 7 vrk ennen opintojakson p\u00e4\u00e4ttymist\u00e4 ja palautetta voi antaa 30 vrk siit\u00e4 eteenp\u00e4in. N\u00e4m\u00e4 tiedot voi muuttaa siell\u00e4 opintojaksopalautteen muokkauksessa. Opintojaksolla pit\u00e4\u00e4 olla v\u00e4hint\u00e4\u00e4n yksi opettaja resurssoitu ja opintojakson toteutus pit\u00e4\u00e4 olla julkaistu.P\u00e4iv\u00e4m\u00e4\u00e4r\u00e4 katsotaan toteutukseen m\u00e4\u00e4ritellyst\u00e4 toteutusajasta: &nbsp; Mik\u00e4li huomaat ett\u00e4 toteutusaika on v\u00e4\u00e4rin, niin se tulisi muuttaa v\u00e4litt\u00f6m\u00e4sti [&hellip;]<\/p>\n","protected":false},"author":78,"featured_media":0,"parent":4738,"menu_order":0,"comment_status":"closed","ping_status":"open","template":"","meta":{"_acf_changed":false,"_relevanssi_hide_post":"","_relevanssi_hide_content":"","_relevanssi_pin_for_all":"","_relevanssi_pin_keywords":"","_relevanssi_unpin_keywords":"","_relevanssi_related_keywords":"","_relevanssi_related_include_ids":"","_relevanssi_related_exclude_ids":"","_relevanssi_related_no_append":"","_relevanssi_related_not_related":"","_relevanssi_related_posts":"","_relevanssi_noindex_reason":"","footnotes":""},"categories":[1],"tags":[],"class_list":["post-4739","page","type-page","status-publish","hentry","category-uncategorised"],"acf":[],"yoast_head":"<!-- This site is optimized with the Yoast SEO plugin v27.3 - https:\/\/yoast.com\/product\/yoast-seo-wordpress\/ -->\n<title>Loppupalaute (vuosisuunnittelu) - Peppi-ohjeet henkil\u00f6kunnalle<\/title>\n<meta name=\"robots\" content=\"index, follow, max-snippet:-1, max-image-preview:large, max-video-preview:-1\" \/>\n<link rel=\"canonical\" href=\"https:\/\/help.jamk.fi\/peppi-ohjeet-henkilokunnalle\/fi\/vuosisuunnittelu\/opintojaksopalaute-2\/loppupalaute\/\" \/>\n<meta property=\"og:locale\" content=\"fi_FI\" \/>\n<meta property=\"og:type\" content=\"article\" \/>\n<meta property=\"og:title\" content=\"Loppupalaute (vuosisuunnittelu) - Peppi-ohjeet henkil\u00f6kunnalle\" \/>\n<meta property=\"og:description\" content=\"Palautteen avautuminen Palautteet asetettu avautumaan automaattisesti 7 vrk ennen opintojakson p\u00e4\u00e4ttymist\u00e4 ja palautetta voi antaa 30 vrk siit\u00e4 eteenp\u00e4in. N\u00e4m\u00e4 tiedot voi muuttaa siell\u00e4 opintojaksopalautteen muokkauksessa. Opintojaksolla pit\u00e4\u00e4 olla v\u00e4hint\u00e4\u00e4n yksi opettaja resurssoitu ja opintojakson toteutus pit\u00e4\u00e4 olla julkaistu.P\u00e4iv\u00e4m\u00e4\u00e4r\u00e4 katsotaan toteutukseen m\u00e4\u00e4ritellyst\u00e4 toteutusajasta: &nbsp; Mik\u00e4li huomaat ett\u00e4 toteutusaika on v\u00e4\u00e4rin, niin se tulisi muuttaa v\u00e4litt\u00f6m\u00e4sti [&hellip;]\" \/>\n<meta property=\"og:url\" content=\"https:\/\/help.jamk.fi\/peppi-ohjeet-henkilokunnalle\/fi\/vuosisuunnittelu\/opintojaksopalaute-2\/loppupalaute\/\" \/>\n<meta property=\"og:site_name\" content=\"Peppi-ohjeet henkil\u00f6kunnalle\" \/>\n<meta property=\"article:modified_time\" content=\"2024-01-19T13:49:01+00:00\" \/>\n<meta property=\"og:image\" content=\"https:\/\/help.jamk.fi\/peppi-ohjeet-henkilokunnalle\/wp-content\/uploads\/sites\/131\/2021\/03\/kuva24.jpg\" \/>\n<meta name=\"twitter:card\" content=\"summary_large_image\" \/>\n<meta name=\"twitter:label1\" content=\"Arvioitu lukuaika\" \/>\n\t<meta name=\"twitter:data1\" content=\"4 minuuttia\" \/>\n<script type=\"application\/ld+json\" class=\"yoast-schema-graph\">{\"@context\":\"https:\\\/\\\/schema.org\",\"@graph\":[{\"@type\":\"WebPage\",\"@id\":\"https:\\\/\\\/help.jamk.fi\\\/peppi-ohjeet-henkilokunnalle\\\/fi\\\/vuosisuunnittelu\\\/opintojaksopalaute-2\\\/loppupalaute\\\/\",\"url\":\"https:\\\/\\\/help.jamk.fi\\\/peppi-ohjeet-henkilokunnalle\\\/fi\\\/vuosisuunnittelu\\\/opintojaksopalaute-2\\\/loppupalaute\\\/\",\"name\":\"Loppupalaute (vuosisuunnittelu) - Peppi-ohjeet henkil\u00f6kunnalle\",\"isPartOf\":{\"@id\":\"https:\\\/\\\/help.jamk.fi\\\/peppi-ohjeet-henkilokunnalle\\\/#website\"},\"primaryImageOfPage\":{\"@id\":\"https:\\\/\\\/help.jamk.fi\\\/peppi-ohjeet-henkilokunnalle\\\/fi\\\/vuosisuunnittelu\\\/opintojaksopalaute-2\\\/loppupalaute\\\/#primaryimage\"},\"image\":{\"@id\":\"https:\\\/\\\/help.jamk.fi\\\/peppi-ohjeet-henkilokunnalle\\\/fi\\\/vuosisuunnittelu\\\/opintojaksopalaute-2\\\/loppupalaute\\\/#primaryimage\"},\"thumbnailUrl\":\"https:\\\/\\\/help.jamk.fi\\\/peppi-ohjeet-henkilokunnalle\\\/wp-content\\\/uploads\\\/sites\\\/131\\\/2021\\\/03\\\/kuva24.jpg\",\"datePublished\":\"2021-03-04T06:14:43+00:00\",\"dateModified\":\"2024-01-19T13:49:01+00:00\",\"breadcrumb\":{\"@id\":\"https:\\\/\\\/help.jamk.fi\\\/peppi-ohjeet-henkilokunnalle\\\/fi\\\/vuosisuunnittelu\\\/opintojaksopalaute-2\\\/loppupalaute\\\/#breadcrumb\"},\"inLanguage\":\"fi\",\"potentialAction\":[{\"@type\":\"ReadAction\",\"target\":[\"https:\\\/\\\/help.jamk.fi\\\/peppi-ohjeet-henkilokunnalle\\\/fi\\\/vuosisuunnittelu\\\/opintojaksopalaute-2\\\/loppupalaute\\\/\"]}]},{\"@type\":\"ImageObject\",\"inLanguage\":\"fi\",\"@id\":\"https:\\\/\\\/help.jamk.fi\\\/peppi-ohjeet-henkilokunnalle\\\/fi\\\/vuosisuunnittelu\\\/opintojaksopalaute-2\\\/loppupalaute\\\/#primaryimage\",\"url\":\"https:\\\/\\\/help.jamk.fi\\\/peppi-ohjeet-henkilokunnalle\\\/wp-content\\\/uploads\\\/sites\\\/131\\\/2021\\\/03\\\/kuva24.jpg\",\"contentUrl\":\"https:\\\/\\\/help.jamk.fi\\\/peppi-ohjeet-henkilokunnalle\\\/wp-content\\\/uploads\\\/sites\\\/131\\\/2021\\\/03\\\/kuva24.jpg\",\"width\":683,\"height\":125},{\"@type\":\"BreadcrumbList\",\"@id\":\"https:\\\/\\\/help.jamk.fi\\\/peppi-ohjeet-henkilokunnalle\\\/fi\\\/vuosisuunnittelu\\\/opintojaksopalaute-2\\\/loppupalaute\\\/#breadcrumb\",\"itemListElement\":[{\"@type\":\"ListItem\",\"position\":1,\"name\":\"Home\",\"item\":\"https:\\\/\\\/help.jamk.fi\\\/peppi-ohjeet-henkilokunnalle\\\/en\\\/\"},{\"@type\":\"ListItem\",\"position\":2,\"name\":\"Vuosisuunnittelu\",\"item\":\"https:\\\/\\\/help.jamk.fi\\\/peppi-ohjeet-henkilokunnalle\\\/fi\\\/vuosisuunnittelu\\\/\"},{\"@type\":\"ListItem\",\"position\":3,\"name\":\"Opintojaksopalaute (vuosisuunnittelu)\",\"item\":\"https:\\\/\\\/help.jamk.fi\\\/peppi-ohjeet-henkilokunnalle\\\/fi\\\/vuosisuunnittelu\\\/opintojaksopalaute-2\\\/\"},{\"@type\":\"ListItem\",\"position\":4,\"name\":\"Loppupalaute (vuosisuunnittelu)\"}]},{\"@type\":\"WebSite\",\"@id\":\"https:\\\/\\\/help.jamk.fi\\\/peppi-ohjeet-henkilokunnalle\\\/#website\",\"url\":\"https:\\\/\\\/help.jamk.fi\\\/peppi-ohjeet-henkilokunnalle\\\/\",\"name\":\"Peppi-ohjeet henkil\u00f6kunnalle\",\"description\":\"\",\"potentialAction\":[{\"@type\":\"SearchAction\",\"target\":{\"@type\":\"EntryPoint\",\"urlTemplate\":\"https:\\\/\\\/help.jamk.fi\\\/peppi-ohjeet-henkilokunnalle\\\/?s={search_term_string}\"},\"query-input\":{\"@type\":\"PropertyValueSpecification\",\"valueRequired\":true,\"valueName\":\"search_term_string\"}}],\"inLanguage\":\"fi\"}]}<\/script>\n<!-- \/ Yoast SEO plugin. -->","yoast_head_json":{"title":"Loppupalaute (vuosisuunnittelu) - Peppi-ohjeet henkil\u00f6kunnalle","robots":{"index":"index","follow":"follow","max-snippet":"max-snippet:-1","max-image-preview":"max-image-preview:large","max-video-preview":"max-video-preview:-1"},"canonical":"https:\/\/help.jamk.fi\/peppi-ohjeet-henkilokunnalle\/fi\/vuosisuunnittelu\/opintojaksopalaute-2\/loppupalaute\/","og_locale":"fi_FI","og_type":"article","og_title":"Loppupalaute (vuosisuunnittelu) - Peppi-ohjeet henkil\u00f6kunnalle","og_description":"Palautteen avautuminen Palautteet asetettu avautumaan automaattisesti 7 vrk ennen opintojakson p\u00e4\u00e4ttymist\u00e4 ja palautetta voi antaa 30 vrk siit\u00e4 eteenp\u00e4in. N\u00e4m\u00e4 tiedot voi muuttaa siell\u00e4 opintojaksopalautteen muokkauksessa. Opintojaksolla pit\u00e4\u00e4 olla v\u00e4hint\u00e4\u00e4n yksi opettaja resurssoitu ja opintojakson toteutus pit\u00e4\u00e4 olla julkaistu.P\u00e4iv\u00e4m\u00e4\u00e4r\u00e4 katsotaan toteutukseen m\u00e4\u00e4ritellyst\u00e4 toteutusajasta: &nbsp; Mik\u00e4li huomaat ett\u00e4 toteutusaika on v\u00e4\u00e4rin, niin se tulisi muuttaa v\u00e4litt\u00f6m\u00e4sti [&hellip;]","og_url":"https:\/\/help.jamk.fi\/peppi-ohjeet-henkilokunnalle\/fi\/vuosisuunnittelu\/opintojaksopalaute-2\/loppupalaute\/","og_site_name":"Peppi-ohjeet henkil\u00f6kunnalle","article_modified_time":"2024-01-19T13:49:01+00:00","og_image":[{"url":"https:\/\/help.jamk.fi\/peppi-ohjeet-henkilokunnalle\/wp-content\/uploads\/sites\/131\/2021\/03\/kuva24.jpg","type":"","width":"","height":""}],"twitter_card":"summary_large_image","twitter_misc":{"Arvioitu lukuaika":"4 minuuttia"},"schema":{"@context":"https:\/\/schema.org","@graph":[{"@type":"WebPage","@id":"https:\/\/help.jamk.fi\/peppi-ohjeet-henkilokunnalle\/fi\/vuosisuunnittelu\/opintojaksopalaute-2\/loppupalaute\/","url":"https:\/\/help.jamk.fi\/peppi-ohjeet-henkilokunnalle\/fi\/vuosisuunnittelu\/opintojaksopalaute-2\/loppupalaute\/","name":"Loppupalaute (vuosisuunnittelu) - Peppi-ohjeet henkil\u00f6kunnalle","isPartOf":{"@id":"https:\/\/help.jamk.fi\/peppi-ohjeet-henkilokunnalle\/#website"},"primaryImageOfPage":{"@id":"https:\/\/help.jamk.fi\/peppi-ohjeet-henkilokunnalle\/fi\/vuosisuunnittelu\/opintojaksopalaute-2\/loppupalaute\/#primaryimage"},"image":{"@id":"https:\/\/help.jamk.fi\/peppi-ohjeet-henkilokunnalle\/fi\/vuosisuunnittelu\/opintojaksopalaute-2\/loppupalaute\/#primaryimage"},"thumbnailUrl":"https:\/\/help.jamk.fi\/peppi-ohjeet-henkilokunnalle\/wp-content\/uploads\/sites\/131\/2021\/03\/kuva24.jpg","datePublished":"2021-03-04T06:14:43+00:00","dateModified":"2024-01-19T13:49:01+00:00","breadcrumb":{"@id":"https:\/\/help.jamk.fi\/peppi-ohjeet-henkilokunnalle\/fi\/vuosisuunnittelu\/opintojaksopalaute-2\/loppupalaute\/#breadcrumb"},"inLanguage":"fi","potentialAction":[{"@type":"ReadAction","target":["https:\/\/help.jamk.fi\/peppi-ohjeet-henkilokunnalle\/fi\/vuosisuunnittelu\/opintojaksopalaute-2\/loppupalaute\/"]}]},{"@type":"ImageObject","inLanguage":"fi","@id":"https:\/\/help.jamk.fi\/peppi-ohjeet-henkilokunnalle\/fi\/vuosisuunnittelu\/opintojaksopalaute-2\/loppupalaute\/#primaryimage","url":"https:\/\/help.jamk.fi\/peppi-ohjeet-henkilokunnalle\/wp-content\/uploads\/sites\/131\/2021\/03\/kuva24.jpg","contentUrl":"https:\/\/help.jamk.fi\/peppi-ohjeet-henkilokunnalle\/wp-content\/uploads\/sites\/131\/2021\/03\/kuva24.jpg","width":683,"height":125},{"@type":"BreadcrumbList","@id":"https:\/\/help.jamk.fi\/peppi-ohjeet-henkilokunnalle\/fi\/vuosisuunnittelu\/opintojaksopalaute-2\/loppupalaute\/#breadcrumb","itemListElement":[{"@type":"ListItem","position":1,"name":"Home","item":"https:\/\/help.jamk.fi\/peppi-ohjeet-henkilokunnalle\/en\/"},{"@type":"ListItem","position":2,"name":"Vuosisuunnittelu","item":"https:\/\/help.jamk.fi\/peppi-ohjeet-henkilokunnalle\/fi\/vuosisuunnittelu\/"},{"@type":"ListItem","position":3,"name":"Opintojaksopalaute (vuosisuunnittelu)","item":"https:\/\/help.jamk.fi\/peppi-ohjeet-henkilokunnalle\/fi\/vuosisuunnittelu\/opintojaksopalaute-2\/"},{"@type":"ListItem","position":4,"name":"Loppupalaute (vuosisuunnittelu)"}]},{"@type":"WebSite","@id":"https:\/\/help.jamk.fi\/peppi-ohjeet-henkilokunnalle\/#website","url":"https:\/\/help.jamk.fi\/peppi-ohjeet-henkilokunnalle\/","name":"Peppi-ohjeet henkil\u00f6kunnalle","description":"","potentialAction":[{"@type":"SearchAction","target":{"@type":"EntryPoint","urlTemplate":"https:\/\/help.jamk.fi\/peppi-ohjeet-henkilokunnalle\/?s={search_term_string}"},"query-input":{"@type":"PropertyValueSpecification","valueRequired":true,"valueName":"search_term_string"}}],"inLanguage":"fi"}]}},"_links":{"self":[{"href":"https:\/\/help.jamk.fi\/peppi-ohjeet-henkilokunnalle\/wp-json\/wp\/v2\/pages\/4739","targetHints":{"allow":["GET"]}}],"collection":[{"href":"https:\/\/help.jamk.fi\/peppi-ohjeet-henkilokunnalle\/wp-json\/wp\/v2\/pages"}],"about":[{"href":"https:\/\/help.jamk.fi\/peppi-ohjeet-henkilokunnalle\/wp-json\/wp\/v2\/types\/page"}],"author":[{"embeddable":true,"href":"https:\/\/help.jamk.fi\/peppi-ohjeet-henkilokunnalle\/wp-json\/wp\/v2\/users\/78"}],"replies":[{"embeddable":true,"href":"https:\/\/help.jamk.fi\/peppi-ohjeet-henkilokunnalle\/wp-json\/wp\/v2\/comments?post=4739"}],"version-history":[{"count":3,"href":"https:\/\/help.jamk.fi\/peppi-ohjeet-henkilokunnalle\/wp-json\/wp\/v2\/pages\/4739\/revisions"}],"predecessor-version":[{"id":6318,"href":"https:\/\/help.jamk.fi\/peppi-ohjeet-henkilokunnalle\/wp-json\/wp\/v2\/pages\/4739\/revisions\/6318"}],"up":[{"embeddable":true,"href":"https:\/\/help.jamk.fi\/peppi-ohjeet-henkilokunnalle\/wp-json\/wp\/v2\/pages\/4738"}],"wp:attachment":[{"href":"https:\/\/help.jamk.fi\/peppi-ohjeet-henkilokunnalle\/wp-json\/wp\/v2\/media?parent=4739"}],"wp:term":[{"taxonomy":"category","embeddable":true,"href":"https:\/\/help.jamk.fi\/peppi-ohjeet-henkilokunnalle\/wp-json\/wp\/v2\/categories?post=4739"},{"taxonomy":"post_tag","embeddable":true,"href":"https:\/\/help.jamk.fi\/peppi-ohjeet-henkilokunnalle\/wp-json\/wp\/v2\/tags?post=4739"}],"curies":[{"name":"wp","href":"https:\/\/api.w.org\/{rel}","templated":true}]}}