{"id":4744,"date":"2022-10-18T05:37:02","date_gmt":"2022-10-18T02:37:02","guid":{"rendered":"https:\/\/help.jamk.fi\/peppi-ohjeet-henkilokunnalle\/vuosisuunnittelu\/virtuaalihenkilon-lisaaminen-peppiin\/"},"modified":"2024-04-23T10:53:21","modified_gmt":"2024-04-23T07:53:21","slug":"virtuaalihenkilon-lisaaminen-peppiin","status":"publish","type":"page","link":"https:\/\/help.jamk.fi\/peppi-ohjeet-henkilokunnalle\/fi\/vuosisuunnittelu\/virtuaalihenkilon-lisaaminen-peppiin\/","title":{"rendered":"Virtuaalihenkil\u00f6n lis\u00e4\u00e4minen Peppiin"},"content":{"rendered":"\n<p>Valitse suunnittelijan ty\u00f6p\u00f6yd\u00e4lt\u00e4 Yksik\u00f6t valikosta Yksik\u00f6t<\/p>\n\n\n\n<figure class=\"wp-block-image is-resized\"><img decoding=\"async\" src=\"https:\/\/help.jamk.fi\/peppi-ohjeet-henkilokunnalle\/wp-content\/uploads\/sites\/131\/2022\/10\/image.png\" alt=\"T\u00e4m\u00e4n kuvan alt-attribuutti on tyhj\u00e4; Tiedoston nimi on image.png\"\/><\/figure>\n\n\n\n<p><\/p>\n\n\n\n<p>Valitse Yksikk\u00f6listauksen kautta oikea yksikk\u00f6 mihin olet virtuaalihenkil\u00f6\u00e4 perustamassa<\/p>\n\n\n\n<figure class=\"wp-block-image is-resized\"><img decoding=\"async\" src=\"https:\/\/help.jamk.fi\/peppi-ohjeet-henkilokunnalle\/wp-content\/uploads\/sites\/131\/2022\/10\/image-1.png\" alt=\"T\u00e4m\u00e4n kuvan alt-attribuutti on tyhj\u00e4; Tiedoston nimi on image-1.png\"\/><\/figure>\n\n\n\n<p>Siirry valinnan j\u00e4lkeen valikon alareunaan ja valitse sielt\u00e4 Henkil\u00f6kunta<\/p>\n\n\n\n<figure class=\"wp-block-image size-full is-resized\"><img loading=\"lazy\" decoding=\"async\" width=\"281\" height=\"174\" src=\"https:\/\/help.jamk.fi\/peppi-ohjeet-henkilokunnalle\/wp-content\/uploads\/sites\/131\/2022\/10\/image-2.png\" alt=\"\" class=\"wp-image-3602\"\/><\/figure>\n\n\n\n<p>Valitse Lis\u00e4\u00e4 virtuaalihenkil\u00f6 ja lis\u00e4\u00e4 henkil\u00f6n tiedot. Muista aina lis\u00e4t\u00e4 ty\u00f6rooli (esim st-opettaja, projektihenkil\u00f6 jne) sill\u00e4 muutoin henkil\u00f6\u00e4 ei voi kiinnitt\u00e4\u00e4 opintojaksoille.<\/p>\n\n\n\n<p><strong>Henkil\u00f6n sukunimikentt\u00e4\u00e4n tulee ehdottomasti lis\u00e4t\u00e4 kustannuspaikan numero, joka tulee olemaan virtuaalihenkil\u00f6n peruskustannuspaikka. <\/strong>Muutoin virtuaalihenkil\u00f6lle ei  pystyt\u00e4 TE Planissa lis\u00e4\u00e4m\u00e4\u00e4n kustannuspaikkaa. T\u00e4ll\u00e4 tiedolla on vaikutus budjetointiohjelman FPM siirtoihin.<\/p>\n\n\n\n<p><\/p>\n\n\n\n<figure class=\"wp-block-image size-full\"><img loading=\"lazy\" decoding=\"async\" width=\"729\" height=\"572\" src=\"https:\/\/help.jamk.fi\/peppi-ohjeet-henkilokunnalle\/wp-content\/uploads\/sites\/131\/2024\/04\/virtuaalihen.png\" alt=\"\" class=\"wp-image-6585\" srcset=\"https:\/\/help.jamk.fi\/peppi-ohjeet-henkilokunnalle\/wp-content\/uploads\/sites\/131\/2024\/04\/virtuaalihen.png 729w, https:\/\/help.jamk.fi\/peppi-ohjeet-henkilokunnalle\/wp-content\/uploads\/sites\/131\/2024\/04\/virtuaalihen-300x235.png 300w\" sizes=\"auto, (max-width: 729px) 100vw, 729px\" \/><\/figure>\n\n\n\n<p><\/p>\n\n\n\n<p>Huomioi ettet itse p\u00e4\u00e4se en\u00e4\u00e4 perustamisen j\u00e4lkeen muokkaamaan tai poistamaan virtuaalihenkil\u00f6n tietoja. N\u00e4iss\u00e4 tapauksissa tee palvelupyynt\u00f6 Helpiss\u00e4, jossa kerrot mit\u00e4 muutetaan tai kuka poistetaan n\u00e4kyvist\u00e4.<\/p>\n","protected":false},"excerpt":{"rendered":"<p>Valitse suunnittelijan ty\u00f6p\u00f6yd\u00e4lt\u00e4 Yksik\u00f6t valikosta Yksik\u00f6t Valitse Yksikk\u00f6listauksen kautta oikea yksikk\u00f6 mihin olet virtuaalihenkil\u00f6\u00e4 perustamassa Siirry valinnan j\u00e4lkeen valikon alareunaan ja valitse sielt\u00e4 Henkil\u00f6kunta Valitse Lis\u00e4\u00e4 virtuaalihenkil\u00f6 ja lis\u00e4\u00e4 henkil\u00f6n tiedot. Muista aina lis\u00e4t\u00e4 ty\u00f6rooli (esim st-opettaja, projektihenkil\u00f6 jne) sill\u00e4 muutoin henkil\u00f6\u00e4 ei voi kiinnitt\u00e4\u00e4 opintojaksoille. Henkil\u00f6n sukunimikentt\u00e4\u00e4n tulee ehdottomasti lis\u00e4t\u00e4 kustannuspaikan numero, joka tulee [&hellip;]<\/p>\n","protected":false},"author":78,"featured_media":0,"parent":4522,"menu_order":15,"comment_status":"closed","ping_status":"open","template":"","meta":{"_acf_changed":false,"_relevanssi_hide_post":"","_relevanssi_hide_content":"","_relevanssi_pin_for_all":"","_relevanssi_pin_keywords":"","_relevanssi_unpin_keywords":"","_relevanssi_related_keywords":"","_relevanssi_related_include_ids":"","_relevanssi_related_exclude_ids":"","_relevanssi_related_no_append":"","_relevanssi_related_not_related":"","_relevanssi_related_posts":"","_relevanssi_noindex_reason":"","footnotes":""},"categories":[1],"tags":[],"class_list":["post-4744","page","type-page","status-publish","hentry","category-uncategorised"],"acf":[],"yoast_head":"<!-- This site is optimized with the Yoast SEO plugin v27.3 - https:\/\/yoast.com\/product\/yoast-seo-wordpress\/ -->\n<title>Virtuaalihenkil\u00f6n lis\u00e4\u00e4minen Peppiin - Peppi-ohjeet henkil\u00f6kunnalle<\/title>\n<meta name=\"robots\" content=\"index, follow, max-snippet:-1, max-image-preview:large, max-video-preview:-1\" \/>\n<link rel=\"canonical\" href=\"https:\/\/help.jamk.fi\/peppi-ohjeet-henkilokunnalle\/fi\/vuosisuunnittelu\/virtuaalihenkilon-lisaaminen-peppiin\/\" \/>\n<meta property=\"og:locale\" content=\"fi_FI\" \/>\n<meta property=\"og:type\" content=\"article\" \/>\n<meta property=\"og:title\" content=\"Virtuaalihenkil\u00f6n lis\u00e4\u00e4minen Peppiin - Peppi-ohjeet henkil\u00f6kunnalle\" \/>\n<meta property=\"og:description\" content=\"Valitse suunnittelijan ty\u00f6p\u00f6yd\u00e4lt\u00e4 Yksik\u00f6t valikosta Yksik\u00f6t Valitse Yksikk\u00f6listauksen kautta oikea yksikk\u00f6 mihin olet virtuaalihenkil\u00f6\u00e4 perustamassa Siirry valinnan j\u00e4lkeen valikon alareunaan ja valitse sielt\u00e4 Henkil\u00f6kunta Valitse Lis\u00e4\u00e4 virtuaalihenkil\u00f6 ja lis\u00e4\u00e4 henkil\u00f6n tiedot. Muista aina lis\u00e4t\u00e4 ty\u00f6rooli (esim st-opettaja, projektihenkil\u00f6 jne) sill\u00e4 muutoin henkil\u00f6\u00e4 ei voi kiinnitt\u00e4\u00e4 opintojaksoille. Henkil\u00f6n sukunimikentt\u00e4\u00e4n tulee ehdottomasti lis\u00e4t\u00e4 kustannuspaikan numero, joka tulee [&hellip;]\" \/>\n<meta property=\"og:url\" content=\"https:\/\/help.jamk.fi\/peppi-ohjeet-henkilokunnalle\/fi\/vuosisuunnittelu\/virtuaalihenkilon-lisaaminen-peppiin\/\" \/>\n<meta property=\"og:site_name\" content=\"Peppi-ohjeet henkil\u00f6kunnalle\" \/>\n<meta property=\"article:modified_time\" content=\"2024-04-23T07:53:21+00:00\" \/>\n<meta property=\"og:image\" content=\"https:\/\/help.jamk.fi\/peppi-ohjeet-henkilokunnalle\/wp-content\/uploads\/sites\/131\/2022\/10\/image.png\" \/>\n<meta name=\"twitter:card\" content=\"summary_large_image\" \/>\n<meta name=\"twitter:label1\" content=\"Arvioitu lukuaika\" \/>\n\t<meta name=\"twitter:data1\" content=\"2 minuuttia\" \/>\n<script type=\"application\/ld+json\" class=\"yoast-schema-graph\">{\"@context\":\"https:\\\/\\\/schema.org\",\"@graph\":[{\"@type\":\"WebPage\",\"@id\":\"https:\\\/\\\/help.jamk.fi\\\/peppi-ohjeet-henkilokunnalle\\\/fi\\\/vuosisuunnittelu\\\/virtuaalihenkilon-lisaaminen-peppiin\\\/\",\"url\":\"https:\\\/\\\/help.jamk.fi\\\/peppi-ohjeet-henkilokunnalle\\\/fi\\\/vuosisuunnittelu\\\/virtuaalihenkilon-lisaaminen-peppiin\\\/\",\"name\":\"Virtuaalihenkil\u00f6n lis\u00e4\u00e4minen Peppiin - Peppi-ohjeet henkil\u00f6kunnalle\",\"isPartOf\":{\"@id\":\"https:\\\/\\\/help.jamk.fi\\\/peppi-ohjeet-henkilokunnalle\\\/#website\"},\"primaryImageOfPage\":{\"@id\":\"https:\\\/\\\/help.jamk.fi\\\/peppi-ohjeet-henkilokunnalle\\\/fi\\\/vuosisuunnittelu\\\/virtuaalihenkilon-lisaaminen-peppiin\\\/#primaryimage\"},\"image\":{\"@id\":\"https:\\\/\\\/help.jamk.fi\\\/peppi-ohjeet-henkilokunnalle\\\/fi\\\/vuosisuunnittelu\\\/virtuaalihenkilon-lisaaminen-peppiin\\\/#primaryimage\"},\"thumbnailUrl\":\"https:\\\/\\\/help.jamk.fi\\\/peppi-ohjeet-henkilokunnalle\\\/wp-content\\\/uploads\\\/sites\\\/131\\\/2022\\\/10\\\/image.png\",\"datePublished\":\"2022-10-18T02:37:02+00:00\",\"dateModified\":\"2024-04-23T07:53:21+00:00\",\"breadcrumb\":{\"@id\":\"https:\\\/\\\/help.jamk.fi\\\/peppi-ohjeet-henkilokunnalle\\\/fi\\\/vuosisuunnittelu\\\/virtuaalihenkilon-lisaaminen-peppiin\\\/#breadcrumb\"},\"inLanguage\":\"fi\",\"potentialAction\":[{\"@type\":\"ReadAction\",\"target\":[\"https:\\\/\\\/help.jamk.fi\\\/peppi-ohjeet-henkilokunnalle\\\/fi\\\/vuosisuunnittelu\\\/virtuaalihenkilon-lisaaminen-peppiin\\\/\"]}]},{\"@type\":\"ImageObject\",\"inLanguage\":\"fi\",\"@id\":\"https:\\\/\\\/help.jamk.fi\\\/peppi-ohjeet-henkilokunnalle\\\/fi\\\/vuosisuunnittelu\\\/virtuaalihenkilon-lisaaminen-peppiin\\\/#primaryimage\",\"url\":\"https:\\\/\\\/help.jamk.fi\\\/peppi-ohjeet-henkilokunnalle\\\/wp-content\\\/uploads\\\/sites\\\/131\\\/2022\\\/10\\\/image.png\",\"contentUrl\":\"https:\\\/\\\/help.jamk.fi\\\/peppi-ohjeet-henkilokunnalle\\\/wp-content\\\/uploads\\\/sites\\\/131\\\/2022\\\/10\\\/image.png\",\"width\":331,\"height\":143},{\"@type\":\"BreadcrumbList\",\"@id\":\"https:\\\/\\\/help.jamk.fi\\\/peppi-ohjeet-henkilokunnalle\\\/fi\\\/vuosisuunnittelu\\\/virtuaalihenkilon-lisaaminen-peppiin\\\/#breadcrumb\",\"itemListElement\":[{\"@type\":\"ListItem\",\"position\":1,\"name\":\"Home\",\"item\":\"https:\\\/\\\/help.jamk.fi\\\/peppi-ohjeet-henkilokunnalle\\\/en\\\/\"},{\"@type\":\"ListItem\",\"position\":2,\"name\":\"Vuosisuunnittelu\",\"item\":\"https:\\\/\\\/help.jamk.fi\\\/peppi-ohjeet-henkilokunnalle\\\/fi\\\/vuosisuunnittelu\\\/\"},{\"@type\":\"ListItem\",\"position\":3,\"name\":\"Virtuaalihenkil\u00f6n lis\u00e4\u00e4minen Peppiin\"}]},{\"@type\":\"WebSite\",\"@id\":\"https:\\\/\\\/help.jamk.fi\\\/peppi-ohjeet-henkilokunnalle\\\/#website\",\"url\":\"https:\\\/\\\/help.jamk.fi\\\/peppi-ohjeet-henkilokunnalle\\\/\",\"name\":\"Peppi-ohjeet henkil\u00f6kunnalle\",\"description\":\"\",\"potentialAction\":[{\"@type\":\"SearchAction\",\"target\":{\"@type\":\"EntryPoint\",\"urlTemplate\":\"https:\\\/\\\/help.jamk.fi\\\/peppi-ohjeet-henkilokunnalle\\\/?s={search_term_string}\"},\"query-input\":{\"@type\":\"PropertyValueSpecification\",\"valueRequired\":true,\"valueName\":\"search_term_string\"}}],\"inLanguage\":\"fi\"}]}<\/script>\n<!-- \/ Yoast SEO plugin. -->","yoast_head_json":{"title":"Virtuaalihenkil\u00f6n lis\u00e4\u00e4minen Peppiin - Peppi-ohjeet henkil\u00f6kunnalle","robots":{"index":"index","follow":"follow","max-snippet":"max-snippet:-1","max-image-preview":"max-image-preview:large","max-video-preview":"max-video-preview:-1"},"canonical":"https:\/\/help.jamk.fi\/peppi-ohjeet-henkilokunnalle\/fi\/vuosisuunnittelu\/virtuaalihenkilon-lisaaminen-peppiin\/","og_locale":"fi_FI","og_type":"article","og_title":"Virtuaalihenkil\u00f6n lis\u00e4\u00e4minen Peppiin - Peppi-ohjeet henkil\u00f6kunnalle","og_description":"Valitse suunnittelijan ty\u00f6p\u00f6yd\u00e4lt\u00e4 Yksik\u00f6t valikosta Yksik\u00f6t Valitse Yksikk\u00f6listauksen kautta oikea yksikk\u00f6 mihin olet virtuaalihenkil\u00f6\u00e4 perustamassa Siirry valinnan j\u00e4lkeen valikon alareunaan ja valitse sielt\u00e4 Henkil\u00f6kunta Valitse Lis\u00e4\u00e4 virtuaalihenkil\u00f6 ja lis\u00e4\u00e4 henkil\u00f6n tiedot. Muista aina lis\u00e4t\u00e4 ty\u00f6rooli (esim st-opettaja, projektihenkil\u00f6 jne) sill\u00e4 muutoin henkil\u00f6\u00e4 ei voi kiinnitt\u00e4\u00e4 opintojaksoille. Henkil\u00f6n sukunimikentt\u00e4\u00e4n tulee ehdottomasti lis\u00e4t\u00e4 kustannuspaikan numero, joka tulee [&hellip;]","og_url":"https:\/\/help.jamk.fi\/peppi-ohjeet-henkilokunnalle\/fi\/vuosisuunnittelu\/virtuaalihenkilon-lisaaminen-peppiin\/","og_site_name":"Peppi-ohjeet henkil\u00f6kunnalle","article_modified_time":"2024-04-23T07:53:21+00:00","og_image":[{"url":"https:\/\/help.jamk.fi\/peppi-ohjeet-henkilokunnalle\/wp-content\/uploads\/sites\/131\/2022\/10\/image.png","type":"","width":"","height":""}],"twitter_card":"summary_large_image","twitter_misc":{"Arvioitu lukuaika":"2 minuuttia"},"schema":{"@context":"https:\/\/schema.org","@graph":[{"@type":"WebPage","@id":"https:\/\/help.jamk.fi\/peppi-ohjeet-henkilokunnalle\/fi\/vuosisuunnittelu\/virtuaalihenkilon-lisaaminen-peppiin\/","url":"https:\/\/help.jamk.fi\/peppi-ohjeet-henkilokunnalle\/fi\/vuosisuunnittelu\/virtuaalihenkilon-lisaaminen-peppiin\/","name":"Virtuaalihenkil\u00f6n lis\u00e4\u00e4minen Peppiin - Peppi-ohjeet henkil\u00f6kunnalle","isPartOf":{"@id":"https:\/\/help.jamk.fi\/peppi-ohjeet-henkilokunnalle\/#website"},"primaryImageOfPage":{"@id":"https:\/\/help.jamk.fi\/peppi-ohjeet-henkilokunnalle\/fi\/vuosisuunnittelu\/virtuaalihenkilon-lisaaminen-peppiin\/#primaryimage"},"image":{"@id":"https:\/\/help.jamk.fi\/peppi-ohjeet-henkilokunnalle\/fi\/vuosisuunnittelu\/virtuaalihenkilon-lisaaminen-peppiin\/#primaryimage"},"thumbnailUrl":"https:\/\/help.jamk.fi\/peppi-ohjeet-henkilokunnalle\/wp-content\/uploads\/sites\/131\/2022\/10\/image.png","datePublished":"2022-10-18T02:37:02+00:00","dateModified":"2024-04-23T07:53:21+00:00","breadcrumb":{"@id":"https:\/\/help.jamk.fi\/peppi-ohjeet-henkilokunnalle\/fi\/vuosisuunnittelu\/virtuaalihenkilon-lisaaminen-peppiin\/#breadcrumb"},"inLanguage":"fi","potentialAction":[{"@type":"ReadAction","target":["https:\/\/help.jamk.fi\/peppi-ohjeet-henkilokunnalle\/fi\/vuosisuunnittelu\/virtuaalihenkilon-lisaaminen-peppiin\/"]}]},{"@type":"ImageObject","inLanguage":"fi","@id":"https:\/\/help.jamk.fi\/peppi-ohjeet-henkilokunnalle\/fi\/vuosisuunnittelu\/virtuaalihenkilon-lisaaminen-peppiin\/#primaryimage","url":"https:\/\/help.jamk.fi\/peppi-ohjeet-henkilokunnalle\/wp-content\/uploads\/sites\/131\/2022\/10\/image.png","contentUrl":"https:\/\/help.jamk.fi\/peppi-ohjeet-henkilokunnalle\/wp-content\/uploads\/sites\/131\/2022\/10\/image.png","width":331,"height":143},{"@type":"BreadcrumbList","@id":"https:\/\/help.jamk.fi\/peppi-ohjeet-henkilokunnalle\/fi\/vuosisuunnittelu\/virtuaalihenkilon-lisaaminen-peppiin\/#breadcrumb","itemListElement":[{"@type":"ListItem","position":1,"name":"Home","item":"https:\/\/help.jamk.fi\/peppi-ohjeet-henkilokunnalle\/en\/"},{"@type":"ListItem","position":2,"name":"Vuosisuunnittelu","item":"https:\/\/help.jamk.fi\/peppi-ohjeet-henkilokunnalle\/fi\/vuosisuunnittelu\/"},{"@type":"ListItem","position":3,"name":"Virtuaalihenkil\u00f6n lis\u00e4\u00e4minen Peppiin"}]},{"@type":"WebSite","@id":"https:\/\/help.jamk.fi\/peppi-ohjeet-henkilokunnalle\/#website","url":"https:\/\/help.jamk.fi\/peppi-ohjeet-henkilokunnalle\/","name":"Peppi-ohjeet henkil\u00f6kunnalle","description":"","potentialAction":[{"@type":"SearchAction","target":{"@type":"EntryPoint","urlTemplate":"https:\/\/help.jamk.fi\/peppi-ohjeet-henkilokunnalle\/?s={search_term_string}"},"query-input":{"@type":"PropertyValueSpecification","valueRequired":true,"valueName":"search_term_string"}}],"inLanguage":"fi"}]}},"_links":{"self":[{"href":"https:\/\/help.jamk.fi\/peppi-ohjeet-henkilokunnalle\/wp-json\/wp\/v2\/pages\/4744","targetHints":{"allow":["GET"]}}],"collection":[{"href":"https:\/\/help.jamk.fi\/peppi-ohjeet-henkilokunnalle\/wp-json\/wp\/v2\/pages"}],"about":[{"href":"https:\/\/help.jamk.fi\/peppi-ohjeet-henkilokunnalle\/wp-json\/wp\/v2\/types\/page"}],"author":[{"embeddable":true,"href":"https:\/\/help.jamk.fi\/peppi-ohjeet-henkilokunnalle\/wp-json\/wp\/v2\/users\/78"}],"replies":[{"embeddable":true,"href":"https:\/\/help.jamk.fi\/peppi-ohjeet-henkilokunnalle\/wp-json\/wp\/v2\/comments?post=4744"}],"version-history":[{"count":3,"href":"https:\/\/help.jamk.fi\/peppi-ohjeet-henkilokunnalle\/wp-json\/wp\/v2\/pages\/4744\/revisions"}],"predecessor-version":[{"id":6601,"href":"https:\/\/help.jamk.fi\/peppi-ohjeet-henkilokunnalle\/wp-json\/wp\/v2\/pages\/4744\/revisions\/6601"}],"up":[{"embeddable":true,"href":"https:\/\/help.jamk.fi\/peppi-ohjeet-henkilokunnalle\/wp-json\/wp\/v2\/pages\/4522"}],"wp:attachment":[{"href":"https:\/\/help.jamk.fi\/peppi-ohjeet-henkilokunnalle\/wp-json\/wp\/v2\/media?parent=4744"}],"wp:term":[{"taxonomy":"category","embeddable":true,"href":"https:\/\/help.jamk.fi\/peppi-ohjeet-henkilokunnalle\/wp-json\/wp\/v2\/categories?post=4744"},{"taxonomy":"post_tag","embeddable":true,"href":"https:\/\/help.jamk.fi\/peppi-ohjeet-henkilokunnalle\/wp-json\/wp\/v2\/tags?post=4744"}],"curies":[{"name":"wp","href":"https:\/\/api.w.org\/{rel}","templated":true}]}}