{"id":4746,"date":"2023-04-04T08:58:02","date_gmt":"2023-04-04T05:58:02","guid":{"rendered":"https:\/\/help.jamk.fi\/peppi-ohjeet-henkilokunnalle\/etusivu\/hyvaksilukeminen\/eahot-hakemus-pepissa\/"},"modified":"2026-04-02T08:43:48","modified_gmt":"2026-04-02T05:43:48","slug":"eahot-hakemus-pepissa","status":"publish","type":"page","link":"https:\/\/help.jamk.fi\/peppi-ohjeet-henkilokunnalle\/fi\/hyvaksilukeminen\/eahot-hakemus-pepissa\/","title":{"rendered":"eAHOT-hakemus Pepiss\u00e4"},"content":{"rendered":"\n<p><strong>Opettaja on vastuussa siit\u00e4, ett\u00e4 hyv\u00e4ksilukukirjaukset tulevat oikein opiskelijan HOPSille ja opintosuoritusotteelle.<\/strong><\/p>\n\n\n\n<p>L\u00f6yd\u00e4t kaikki opiskelijan sinulle osoittamat AHOT-hakemukset Pepist\u00e4 Opettajan ty\u00f6p\u00f6yd\u00e4lt\u00e4 <strong>eAHOT-hyv\u00e4ksilukeminen-valikosta<\/strong>. Sinulle osoitetuista uusista AHOT-hakemuksista tulee s\u00e4hk\u00f6postiisi j\u00e4rjestelm\u00e4n l\u00e4hett\u00e4m\u00e4 automaattinen viesti. <\/p>\n\n\n<div id=\"info-lift-block_e5bd66d082b41b7e79a7618e8e9d4eee\" class=\"block-info-lift block-info-lift\">\n  <div class=\"row\">\n    <div class=\"col-12\">\n              <div class=\"block-info-lift__content\">\n          <div class=\"block-info-lift__content__icon\">\n            <span>!<\/span>\n          <\/div>\n          <p class=\"block-info-lift__content__text\">Jos saat s\u00e4hk\u00f6postinotifikaatioita hakemuksista, jotka mielest\u00e4si ovat k\u00e4siteltyj\u00e4, tarkista, ett\u00e4 hakemuksen tila on &quot;arkistoitu&quot; (kuvio 1). Jos ei ole, k\u00e4sittele hakemus loppuun tekem\u00e4ll\u00e4 hyv\u00e4ksiluku tai merkitsem\u00e4ll\u00e4 hakemus k\u00e4sitellyksi. Katso tarkemmat ohjeet hakemuksen k\u00e4sittelyohjeista.<\/p>\n        <\/div>\n          <\/div>\n  <\/div>\n<\/div>\n\n\n<figure class=\"wp-block-image size-large\"><a href=\"https:\/\/help.jamk.fi\/peppi-ohjeet-henkilokunnalle\/wp-content\/uploads\/sites\/131\/2025\/06\/Hakemuksen-tila.png\"><img loading=\"lazy\" decoding=\"async\" width=\"1024\" height=\"271\" src=\"https:\/\/help.jamk.fi\/peppi-ohjeet-henkilokunnalle\/wp-content\/uploads\/sites\/131\/2025\/06\/Hakemuksen-tila-1024x271.png\" alt=\"Hakemuksen tila n\u00e4kyy tekstin\u00e4 &quot;opinto on arkistoitu&quot;.\" class=\"wp-image-7557\" srcset=\"https:\/\/help.jamk.fi\/peppi-ohjeet-henkilokunnalle\/wp-content\/uploads\/sites\/131\/2025\/06\/Hakemuksen-tila-1024x271.png 1024w, https:\/\/help.jamk.fi\/peppi-ohjeet-henkilokunnalle\/wp-content\/uploads\/sites\/131\/2025\/06\/Hakemuksen-tila-300x79.png 300w, https:\/\/help.jamk.fi\/peppi-ohjeet-henkilokunnalle\/wp-content\/uploads\/sites\/131\/2025\/06\/Hakemuksen-tila-768x203.png 768w, https:\/\/help.jamk.fi\/peppi-ohjeet-henkilokunnalle\/wp-content\/uploads\/sites\/131\/2025\/06\/Hakemuksen-tila-1536x406.png 1536w, https:\/\/help.jamk.fi\/peppi-ohjeet-henkilokunnalle\/wp-content\/uploads\/sites\/131\/2025\/06\/Hakemuksen-tila-2048x541.png 2048w\" sizes=\"auto, (max-width: 1024px) 100vw, 1024px\" \/><\/a><figcaption class=\"wp-element-caption\">Kuvio 1. Hakemuksen tila<\/figcaption><\/figure>\n\n\n\n<h2 class=\"wp-block-heading\">S\u00e4hk\u00f6postiviestit<\/h2>\n\n\n\n<p>Alla lueteltuna s\u00e4hk\u00f6postiviestit, joita j\u00e4rjestelm\u00e4 l\u00e4hett\u00e4\u00e4 opiskelijalle ja k\u00e4sittelij\u00e4lle.<\/p>\n\n\n\n<h3 class=\"wp-block-heading\">K\u00e4sittelij\u00e4n saamat viestit<\/h3>\n\n\n\n<ul class=\"wp-block-list\">\n<li>Opiskelija l\u00e4hett\u00e4\u00e4 hakemuksen k\u00e4sittelyyn.<\/li>\n\n\n\n<li>K\u00e4sittelij\u00e4 ottaa hakemuksen osan itselleen k\u00e4sittelyyn. Edellinen k\u00e4sittelij\u00e4 saa notifikaation.<\/li>\n\n\n\n<li>Hakemuksen ensimm\u00e4inen k\u00e4sittelij\u00e4 siirt\u00e4\u00e4 hakemuksen p\u00e4\u00e4tett\u00e4v\u00e4ksi ja\/tai tallennettavaksi seuraavalle k\u00e4sittelij\u00e4lle. Tai hakemuksen k\u00e4sittelij\u00e4ksi vaihdetaan kokonaan uusi k\u00e4sittelij\u00e4. Seuraava k\u00e4sittelij\u00e4 saa notifikaation.<\/li>\n\n\n\n<li>Opiskelija palauttaa hakemuksen osan takaisin k\u00e4sittelyyn<\/li>\n\n\n\n<li>Opiskelija peruu hakemuksensa<\/li>\n\n\n\n<li>K\u00e4sittelij\u00e4 hylk\u00e4\u00e4 opiskelijan hyv\u00e4ksilukuhakemuksen. Hakemuksen osien k\u00e4sittelij\u00f6ille l\u00e4htee notifikaatio.<\/li>\n\n\n\n<li>Muistutusviesti k\u00e4sittelyss\u00e4 olevista hakemuksista k\u00e4sittelij\u00f6ille (ns. koontiviesti)<\/li>\n<\/ul>\n\n\n\n<h3 class=\"wp-block-heading\">Opiskelijan saamat viestit<\/h3>\n\n\n\n<ul class=\"wp-block-list\">\n<li>Kun opiskelija l\u00e4hett\u00e4\u00e4 hakemuksen k\u00e4sittelyyn<\/li>\n\n\n\n<li>Hakemuksen tila muuttuu<\/li>\n\n\n\n<li>Kun hakemuksen osa palautetaan opiskelijalle t\u00e4ydennett\u00e4v\u00e4ksi<\/li>\n\n\n\n<li>Kun hakemuksen opinnosta\/osaamisesta annetaan p\u00e4\u00e4t\u00f6s<\/li>\n\n\n\n<li>K\u00e4sittelij\u00e4 hylk\u00e4\u00e4 opiskelijan hyv\u00e4ksilukuhakemuksen<\/li>\n<\/ul>\n\n\n\n<h2 class=\"wp-block-heading\">Hakemus-ikkuna<\/h2>\n\n\n\n<p>Ensimm\u00e4isell\u00e4 v\u00e4lilehdell\u00e4 n\u00e4et ne hakemukset, joille sinun tulee tehd\u00e4 hyv\u00e4ksilukuk\u00e4sittely. K\u00e4sitellyt hakemukset siirtyv\u00e4t seuraavalle v\u00e4lilehdelle. Esiahothakemuksille on omat v\u00e4lilehtens\u00e4.<\/p>\n\n\n\n<p>Opiskelijan sinulle l\u00e4hett\u00e4m\u00e4n eAHOT-hakemuksen tila voi olla uusi hakemus, k\u00e4sittelyss\u00e4 tai k\u00e4sitelty. Tila muuttuu sit\u00e4 mukaa, kun k\u00e4sittely etenee (kuvio 2).<\/p>\n\n\n\n<figure class=\"wp-block-image size-large\"><img loading=\"lazy\" decoding=\"async\" width=\"1427\" height=\"607\" src=\"https:\/\/help.jamk.fi\/peppi-ohjeet-henkilokunnalle\/wp-content\/uploads\/sites\/131\/2023\/04\/3-opettajan-tyopoyta-kasiteltavat-hakemukset-ja-hakemuksen-tilat.png\" alt=\"\" class=\"wp-image-3695\"\/><figcaption class=\"wp-element-caption\">Kuvio 2. eAHOT-hakemukset ja niiden tilat<\/figcaption><\/figure>\n\n\n\n<h2 class=\"wp-block-heading\">Hakemuksen osat<\/h2>\n\n\n\n<p>Avaa hakemus hakemusrivin oikeassa reunassa olevasta Toiminnot-valikosta. Valitse \u201d<strong>K\u00e4sittele<\/strong>\u201d.<\/p>\n\n\n\n<p>Hakemus jakautuu kolmeen osaan. Ylimm\u00e4ss\u00e4 osassa ovat opiskelijan tiedot, keskell\u00e4 suorituspaikan tiedot ja alimpana ne opinnot tai osaaminen, jolla opiskelija hyv\u00e4ksilukua hakee. <strong>Huomaa liitetiedosto<\/strong> (kuvio 3).<\/p>\n\n\n\n<figure class=\"wp-block-image size-large\"><a href=\"https:\/\/help.jamk.fi\/peppi-ohjeet-henkilokunnalle\/wp-content\/uploads\/sites\/131\/2023\/04\/AHOT-hakemus-1.png\"><img loading=\"lazy\" decoding=\"async\" width=\"1771\" height=\"833\" src=\"https:\/\/help.jamk.fi\/peppi-ohjeet-henkilokunnalle\/wp-content\/uploads\/sites\/131\/2023\/04\/AHOT-hakemus-1.png\" alt=\"\" class=\"wp-image-3710\"\/><\/a><figcaption class=\"wp-element-caption\">Kuvio 3. Hakemuksen p\u00e4\u00e4ikkunan yl\u00e4osa<\/figcaption><\/figure>\n\n\n\n<h2 class=\"wp-block-heading\">Opinnot ja p\u00e4\u00e4t\u00f6kset -osio<\/h2>\n\n\n\n<h3 class=\"wp-block-heading\">Opinnon tietojen tuominen Emrex-palvelun kautta<\/h3>\n\n\n\n<p>Opiskelija tuo aiemmin suoritetun korkeakouluopinnon tiedot hakemukselle ensisijaisesti k\u00e4ytt\u00e4en Emrex-palvelua. Emrexin avulla opinnon tiedot haetaan valtakunnallisesta tietovarannosta. T\u00e4ll\u00f6in opiskelijan ei tarvitse t\u00e4ytt\u00e4\u00e4 hakemukselle suorituspaikan tietoja eik\u00e4 liitt\u00e4\u00e4 hakemukselle opintosuoritusotetta. Emrex-palvelu tuo aiemmin suoritetusta opinnosta opinnon nimen, laajuuden, arvioinnin, suoritusp\u00e4iv\u00e4m\u00e4\u00e4r\u00e4n, suorituskielen ja suorituspaikan. Opiskelija ei voi muokata tietoja, mutta h\u00e4n voi lis\u00e4t\u00e4 hakemukselle lis\u00e4tietoja suorituksesta.<\/p>\n\n\n\n<p>N\u00e4et opinnon tiedoissa Emrex-ikonin silloin, kun opiskelija on hakenut tiedot Emrexill\u00e4 (kuvio 4).<\/p>\n\n\n\n<figure class=\"wp-block-image size-full\"><img loading=\"lazy\" decoding=\"async\" width=\"743\" height=\"612\" src=\"https:\/\/help.jamk.fi\/peppi-ohjeet-henkilokunnalle\/wp-content\/uploads\/sites\/131\/2026\/03\/Opinnon-tiedot-hakemuksella-jos-tuotu-Emrexilla.png\" alt=\"Opinnon tiedot hakemuksella, jos tiedot tuotu Emrexill\u00e4\" class=\"wp-image-7985\" srcset=\"https:\/\/help.jamk.fi\/peppi-ohjeet-henkilokunnalle\/wp-content\/uploads\/sites\/131\/2026\/03\/Opinnon-tiedot-hakemuksella-jos-tuotu-Emrexilla.png 743w, https:\/\/help.jamk.fi\/peppi-ohjeet-henkilokunnalle\/wp-content\/uploads\/sites\/131\/2026\/03\/Opinnon-tiedot-hakemuksella-jos-tuotu-Emrexilla-300x247.png 300w\" sizes=\"auto, (max-width: 743px) 100vw, 743px\" \/><figcaption class=\"wp-element-caption\">Kuvio 4. Opinnon tiedot hakemuksella, jos tiedot tuotu Emrexill\u00e4<\/figcaption><\/figure>\n\n\n\n<p><strong>Ty\u00f6kalut, joita k\u00e4yt\u00e4t hyv\u00e4ksiluvun k\u00e4sittelyss\u00e4, l\u00f6ytyv\u00e4t Opinnot ja p\u00e4\u00e4t\u00f6kset -osion oikeasta reunasta<\/strong> (kuvio 5). Hakemuksen k\u00e4sittelyohjeet l\u00f6yd\u00e4t korvaamisen, sis\u00e4llytt\u00e4misen ja ahotin sivuilta.<\/p>\n\n\n\n<p><strong>Opinnot ja p\u00e4\u00e4t\u00f6kset<\/strong> -otsikon alta n\u00e4et my\u00f6s varsinaisen opinnon tai osaamisen tarkkojen tietojen lis\u00e4ksi <strong>hyv\u00e4ksilukemisen tyypin<\/strong>.<\/p>\n\n\n\n<figure class=\"wp-block-image size-large\"><a href=\"https:\/\/help.jamk.fi\/peppi-ohjeet-henkilokunnalle\/wp-content\/uploads\/sites\/131\/2023\/04\/5-opettajan-tyopoyta-hakemuksen-opinnot-ja-paatos.png\"><img loading=\"lazy\" decoding=\"async\" width=\"1616\" height=\"609\" src=\"https:\/\/help.jamk.fi\/peppi-ohjeet-henkilokunnalle\/wp-content\/uploads\/sites\/131\/2023\/04\/5-opettajan-tyopoyta-hakemuksen-opinnot-ja-paatos.png\" alt=\"\" class=\"wp-image-3711\"\/><\/a><figcaption class=\"wp-element-caption\">Kuvio 5. Hakemuksen opinnot ja p\u00e4\u00e4t\u00f6kset -osio<\/figcaption><\/figure>\n\n\n\n<p>Muiden henkil\u00f6iden hakemukseen kirjoittamat viestit n\u00e4kyv\u00e4t hyv\u00e4ksilukemisen ty\u00f6kalujen yl\u00e4puolella. N\u00e4m\u00e4 viestit l\u00e4hetet\u00e4\u00e4n my\u00f6s s\u00e4hk\u00f6postiisi.<\/p>\n\n\n\n<p>Hakemuksen alaosasta n\u00e4et hakemuksen muutoshistorian.<\/p>\n\n\n\n<h2 class=\"wp-block-heading\">Hakemuksen palauttaminen tai siirt\u00e4minen<\/h2>\n\n\n\n<p>Jos n\u00e4ytt\u00e4\u00e4 silt\u00e4, ett\u00e4 opiskelijan tulisi viel\u00e4 t\u00e4ydent\u00e4\u00e4 tai korjata hakemustaan, l\u00e4het\u00e4 se h\u00e4nelle takaisin <strong>Palauta<\/strong>-v\u00e4lilehdelt\u00e4 (kuvio 6). Valitse \u201dOpiskelijalle muokattavaksi\u201d ja kirjoita Viesti-kentt\u00e4\u00e4n, mit\u00e4 odotat opiskelijan hakemukselle viel\u00e4 tekev\u00e4n. Klikkaa lopuksi <strong>Tallenna<\/strong>.<\/p>\n\n\n\n<figure class=\"wp-block-image size-full\"><img loading=\"lazy\" decoding=\"async\" width=\"774\" height=\"299\" src=\"https:\/\/help.jamk.fi\/peppi-ohjeet-henkilokunnalle\/wp-content\/uploads\/sites\/131\/2023\/04\/Hakemuksen-palauttaminen-opiskelijalle.png\" alt=\"\" class=\"wp-image-3714\"\/><figcaption class=\"wp-element-caption\">Kuvio 6. Hakemuksen palauttaminen opiskelijalle<\/figcaption><\/figure>\n\n\n\n<p>Voit siirt\u00e4\u00e4 hakemuksen toisen henkil\u00f6n k\u00e4sitelt\u00e4v\u00e4ksi, jos hakemuksen k\u00e4sittely ei kuulu sinulle. Tee se <strong>K\u00e4sittelyketju \/ siirto toiselle<\/strong> -v\u00e4lilehdelt\u00e4 (kuvio 7). Kirjoita Uusi k\u00e4sittelij\u00e4 -valikkoon henkil\u00f6, jolle hakemuksen haluat siirt\u00e4\u00e4 ja kirjoita h\u00e4nelle viesti. Klikkaa <strong>Tallenna<\/strong>.<\/p>\n\n\n\n<figure class=\"wp-block-image size-full\"><img loading=\"lazy\" decoding=\"async\" width=\"773\" height=\"334\" src=\"https:\/\/help.jamk.fi\/peppi-ohjeet-henkilokunnalle\/wp-content\/uploads\/sites\/131\/2023\/04\/Hakemuksen-siirtaminen-toiselle-kasittelijalle.png\" alt=\"\" class=\"wp-image-3715\"\/><figcaption class=\"wp-element-caption\">Kuvio 7. Hakemuksen siirt\u00e4minen toiselle k\u00e4sittelij\u00e4lle<\/figcaption><\/figure>\n\n\n<div id=\"link-lifts-block_8ab1e88ee5428cd2d12ad32ee8d095e4\" class=\"link-lifts block-link-lifts\">\n  <div class=\"row\">\n            <div class=\"col-12 col-lg-4 block-link-lifts__column\">\n          <div class=\"block-link-lifts__item pink\">\n            <h3 class=\"block-link-lifts__item--heading\">Hakemuksen k\u00e4sittelyohjeet<\/h3>\n                          <ul class=\"block-link-lifts__item--link-list\">\n                                                                        <li>\n                                              <a class=\"link-list\" href=\"https:\/\/help.jamk.fi\/peppi-ohjeet-henkilokunnalle\/fi\/hyvaksilukeminen\/korvaaminen\/\" target=\"_self\">Korvaaminen<\/a>\n                                          <\/li>\n                                                                                          <li>\n                                              <a class=\"link-list\" href=\"https:\/\/help.jamk.fi\/peppi-ohjeet-henkilokunnalle\/fi\/hyvaksilukeminen\/sisallyttaminen\/\" target=\"_self\">Sis\u00e4llytt\u00e4minen<\/a>\n                                          <\/li>\n                                                                                          <li>\n                                              <a class=\"link-list\" href=\"https:\/\/help.jamk.fi\/peppi-ohjeet-henkilokunnalle\/fi\/hyvaksilukeminen\/aiemmin-hankittu-muu-osaaminen-korvaaminen\/\" target=\"_self\">Aiemmin hankittu muu osaaminen (ahot) \u2013 korvaaminen<\/a>\n                                          <\/li>\n                                                                                          <li>\n                                              <a class=\"link-list\" href=\"https:\/\/help.jamk.fi\/peppi-ohjeet-henkilokunnalle\/fi\/hyvaksilukeminen\/aiemmin-hankittu-muu-osaaminen-sisallyttaminen\/\" target=\"_self\">Aiemmin hankittu muu osaaminen (ahot) \u2013 sis\u00e4llytt\u00e4minen<\/a>\n                                          <\/li>\n                                                <\/ul>\n            \n          <\/div>\n        <\/div>\n      <\/div>\n<\/div>","protected":false},"excerpt":{"rendered":"<p>Opettaja on vastuussa siit\u00e4, ett\u00e4 hyv\u00e4ksilukukirjaukset tulevat oikein opiskelijan HOPSille ja opintosuoritusotteelle. L\u00f6yd\u00e4t kaikki opiskelijan sinulle osoittamat AHOT-hakemukset Pepist\u00e4 Opettajan ty\u00f6p\u00f6yd\u00e4lt\u00e4 eAHOT-hyv\u00e4ksilukeminen-valikosta. Sinulle osoitetuista uusista AHOT-hakemuksista tulee s\u00e4hk\u00f6postiisi j\u00e4rjestelm\u00e4n l\u00e4hett\u00e4m\u00e4 automaattinen viesti. S\u00e4hk\u00f6postiviestit Alla lueteltuna s\u00e4hk\u00f6postiviestit, joita j\u00e4rjestelm\u00e4 l\u00e4hett\u00e4\u00e4 opiskelijalle ja k\u00e4sittelij\u00e4lle. K\u00e4sittelij\u00e4n saamat viestit Opiskelijan saamat viestit Hakemus-ikkuna Ensimm\u00e4isell\u00e4 v\u00e4lilehdell\u00e4 n\u00e4et ne hakemukset, joille [&hellip;]<\/p>\n","protected":false},"author":79,"featured_media":0,"parent":4745,"menu_order":1,"comment_status":"closed","ping_status":"open","template":"","meta":{"_acf_changed":false,"_relevanssi_hide_post":"","_relevanssi_hide_content":"","_relevanssi_pin_for_all":"","_relevanssi_pin_keywords":"","_relevanssi_unpin_keywords":"","_relevanssi_related_keywords":"","_relevanssi_related_include_ids":"","_relevanssi_related_exclude_ids":"","_relevanssi_related_no_append":"","_relevanssi_related_not_related":"","_relevanssi_related_posts":"","_relevanssi_noindex_reason":"","footnotes":""},"categories":[10],"tags":[14,16,18,20],"class_list":["post-4746","page","type-page","status-publish","hentry","category-opettajan-tyopoyta","tag-ahot","tag-eahot","tag-hyvaksilukeminen","tag-peppi"],"acf":[],"yoast_head":"<!-- This site is optimized with the Yoast SEO plugin v27.3 - https:\/\/yoast.com\/product\/yoast-seo-wordpress\/ -->\n<title>eAHOT-hakemus Pepiss\u00e4 - Peppi-ohjeet henkil\u00f6kunnalle<\/title>\n<meta name=\"robots\" content=\"index, follow, max-snippet:-1, max-image-preview:large, max-video-preview:-1\" \/>\n<link rel=\"canonical\" href=\"https:\/\/help.jamk.fi\/peppi-ohjeet-henkilokunnalle\/fi\/hyvaksilukeminen\/eahot-hakemus-pepissa\/\" \/>\n<meta property=\"og:locale\" content=\"fi_FI\" \/>\n<meta property=\"og:type\" content=\"article\" \/>\n<meta property=\"og:title\" content=\"eAHOT-hakemus Pepiss\u00e4 - Peppi-ohjeet henkil\u00f6kunnalle\" \/>\n<meta property=\"og:description\" content=\"Opettaja on vastuussa siit\u00e4, ett\u00e4 hyv\u00e4ksilukukirjaukset tulevat oikein opiskelijan HOPSille ja opintosuoritusotteelle. L\u00f6yd\u00e4t kaikki opiskelijan sinulle osoittamat AHOT-hakemukset Pepist\u00e4 Opettajan ty\u00f6p\u00f6yd\u00e4lt\u00e4 eAHOT-hyv\u00e4ksilukeminen-valikosta. Sinulle osoitetuista uusista AHOT-hakemuksista tulee s\u00e4hk\u00f6postiisi j\u00e4rjestelm\u00e4n l\u00e4hett\u00e4m\u00e4 automaattinen viesti. S\u00e4hk\u00f6postiviestit Alla lueteltuna s\u00e4hk\u00f6postiviestit, joita j\u00e4rjestelm\u00e4 l\u00e4hett\u00e4\u00e4 opiskelijalle ja k\u00e4sittelij\u00e4lle. K\u00e4sittelij\u00e4n saamat viestit Opiskelijan saamat viestit Hakemus-ikkuna Ensimm\u00e4isell\u00e4 v\u00e4lilehdell\u00e4 n\u00e4et ne hakemukset, joille [&hellip;]\" \/>\n<meta property=\"og:url\" content=\"https:\/\/help.jamk.fi\/peppi-ohjeet-henkilokunnalle\/fi\/hyvaksilukeminen\/eahot-hakemus-pepissa\/\" \/>\n<meta property=\"og:site_name\" content=\"Peppi-ohjeet henkil\u00f6kunnalle\" \/>\n<meta property=\"article:modified_time\" content=\"2026-04-02T05:43:48+00:00\" \/>\n<meta property=\"og:image\" content=\"https:\/\/help.jamk.fi\/peppi-ohjeet-henkilokunnalle\/wp-content\/uploads\/sites\/131\/2025\/06\/Hakemuksen-tila.png\" \/>\n\t<meta property=\"og:image:width\" content=\"2512\" \/>\n\t<meta property=\"og:image:height\" content=\"664\" \/>\n\t<meta property=\"og:image:type\" content=\"image\/png\" \/>\n<meta name=\"twitter:card\" content=\"summary_large_image\" \/>\n<meta name=\"twitter:label1\" content=\"Arvioitu lukuaika\" \/>\n\t<meta name=\"twitter:data1\" content=\"5 minuuttia\" \/>\n<script type=\"application\/ld+json\" class=\"yoast-schema-graph\">{\"@context\":\"https:\\\/\\\/schema.org\",\"@graph\":[{\"@type\":\"WebPage\",\"@id\":\"https:\\\/\\\/help.jamk.fi\\\/peppi-ohjeet-henkilokunnalle\\\/fi\\\/hyvaksilukeminen\\\/eahot-hakemus-pepissa\\\/\",\"url\":\"https:\\\/\\\/help.jamk.fi\\\/peppi-ohjeet-henkilokunnalle\\\/fi\\\/hyvaksilukeminen\\\/eahot-hakemus-pepissa\\\/\",\"name\":\"eAHOT-hakemus Pepiss\u00e4 - Peppi-ohjeet henkil\u00f6kunnalle\",\"isPartOf\":{\"@id\":\"https:\\\/\\\/help.jamk.fi\\\/peppi-ohjeet-henkilokunnalle\\\/#website\"},\"primaryImageOfPage\":{\"@id\":\"https:\\\/\\\/help.jamk.fi\\\/peppi-ohjeet-henkilokunnalle\\\/fi\\\/hyvaksilukeminen\\\/eahot-hakemus-pepissa\\\/#primaryimage\"},\"image\":{\"@id\":\"https:\\\/\\\/help.jamk.fi\\\/peppi-ohjeet-henkilokunnalle\\\/fi\\\/hyvaksilukeminen\\\/eahot-hakemus-pepissa\\\/#primaryimage\"},\"thumbnailUrl\":\"https:\\\/\\\/help.jamk.fi\\\/peppi-ohjeet-henkilokunnalle\\\/wp-content\\\/uploads\\\/sites\\\/131\\\/2025\\\/06\\\/Hakemuksen-tila-1024x271.png\",\"datePublished\":\"2023-04-04T05:58:02+00:00\",\"dateModified\":\"2026-04-02T05:43:48+00:00\",\"breadcrumb\":{\"@id\":\"https:\\\/\\\/help.jamk.fi\\\/peppi-ohjeet-henkilokunnalle\\\/fi\\\/hyvaksilukeminen\\\/eahot-hakemus-pepissa\\\/#breadcrumb\"},\"inLanguage\":\"fi\",\"potentialAction\":[{\"@type\":\"ReadAction\",\"target\":[\"https:\\\/\\\/help.jamk.fi\\\/peppi-ohjeet-henkilokunnalle\\\/fi\\\/hyvaksilukeminen\\\/eahot-hakemus-pepissa\\\/\"]}]},{\"@type\":\"ImageObject\",\"inLanguage\":\"fi\",\"@id\":\"https:\\\/\\\/help.jamk.fi\\\/peppi-ohjeet-henkilokunnalle\\\/fi\\\/hyvaksilukeminen\\\/eahot-hakemus-pepissa\\\/#primaryimage\",\"url\":\"https:\\\/\\\/help.jamk.fi\\\/peppi-ohjeet-henkilokunnalle\\\/wp-content\\\/uploads\\\/sites\\\/131\\\/2025\\\/06\\\/Hakemuksen-tila.png\",\"contentUrl\":\"https:\\\/\\\/help.jamk.fi\\\/peppi-ohjeet-henkilokunnalle\\\/wp-content\\\/uploads\\\/sites\\\/131\\\/2025\\\/06\\\/Hakemuksen-tila.png\",\"width\":2512,\"height\":664,\"caption\":\"Kuvio 1. Hakemuksen tila\"},{\"@type\":\"BreadcrumbList\",\"@id\":\"https:\\\/\\\/help.jamk.fi\\\/peppi-ohjeet-henkilokunnalle\\\/fi\\\/hyvaksilukeminen\\\/eahot-hakemus-pepissa\\\/#breadcrumb\",\"itemListElement\":[{\"@type\":\"ListItem\",\"position\":1,\"name\":\"Home\",\"item\":\"https:\\\/\\\/help.jamk.fi\\\/peppi-ohjeet-henkilokunnalle\\\/en\\\/\"},{\"@type\":\"ListItem\",\"position\":2,\"name\":\"eAHOT &#8211; hyv\u00e4ksilukeminen\",\"item\":\"https:\\\/\\\/help.jamk.fi\\\/peppi-ohjeet-henkilokunnalle\\\/fi\\\/hyvaksilukeminen\\\/\"},{\"@type\":\"ListItem\",\"position\":3,\"name\":\"eAHOT-hakemus Pepiss\u00e4\"}]},{\"@type\":\"WebSite\",\"@id\":\"https:\\\/\\\/help.jamk.fi\\\/peppi-ohjeet-henkilokunnalle\\\/#website\",\"url\":\"https:\\\/\\\/help.jamk.fi\\\/peppi-ohjeet-henkilokunnalle\\\/\",\"name\":\"Peppi-ohjeet henkil\u00f6kunnalle\",\"description\":\"\",\"potentialAction\":[{\"@type\":\"SearchAction\",\"target\":{\"@type\":\"EntryPoint\",\"urlTemplate\":\"https:\\\/\\\/help.jamk.fi\\\/peppi-ohjeet-henkilokunnalle\\\/?s={search_term_string}\"},\"query-input\":{\"@type\":\"PropertyValueSpecification\",\"valueRequired\":true,\"valueName\":\"search_term_string\"}}],\"inLanguage\":\"fi\"}]}<\/script>\n<!-- \/ Yoast SEO plugin. -->","yoast_head_json":{"title":"eAHOT-hakemus Pepiss\u00e4 - Peppi-ohjeet henkil\u00f6kunnalle","robots":{"index":"index","follow":"follow","max-snippet":"max-snippet:-1","max-image-preview":"max-image-preview:large","max-video-preview":"max-video-preview:-1"},"canonical":"https:\/\/help.jamk.fi\/peppi-ohjeet-henkilokunnalle\/fi\/hyvaksilukeminen\/eahot-hakemus-pepissa\/","og_locale":"fi_FI","og_type":"article","og_title":"eAHOT-hakemus Pepiss\u00e4 - Peppi-ohjeet henkil\u00f6kunnalle","og_description":"Opettaja on vastuussa siit\u00e4, ett\u00e4 hyv\u00e4ksilukukirjaukset tulevat oikein opiskelijan HOPSille ja opintosuoritusotteelle. L\u00f6yd\u00e4t kaikki opiskelijan sinulle osoittamat AHOT-hakemukset Pepist\u00e4 Opettajan ty\u00f6p\u00f6yd\u00e4lt\u00e4 eAHOT-hyv\u00e4ksilukeminen-valikosta. Sinulle osoitetuista uusista AHOT-hakemuksista tulee s\u00e4hk\u00f6postiisi j\u00e4rjestelm\u00e4n l\u00e4hett\u00e4m\u00e4 automaattinen viesti. S\u00e4hk\u00f6postiviestit Alla lueteltuna s\u00e4hk\u00f6postiviestit, joita j\u00e4rjestelm\u00e4 l\u00e4hett\u00e4\u00e4 opiskelijalle ja k\u00e4sittelij\u00e4lle. K\u00e4sittelij\u00e4n saamat viestit Opiskelijan saamat viestit Hakemus-ikkuna Ensimm\u00e4isell\u00e4 v\u00e4lilehdell\u00e4 n\u00e4et ne hakemukset, joille [&hellip;]","og_url":"https:\/\/help.jamk.fi\/peppi-ohjeet-henkilokunnalle\/fi\/hyvaksilukeminen\/eahot-hakemus-pepissa\/","og_site_name":"Peppi-ohjeet henkil\u00f6kunnalle","article_modified_time":"2026-04-02T05:43:48+00:00","og_image":[{"width":2512,"height":664,"url":"https:\/\/help.jamk.fi\/peppi-ohjeet-henkilokunnalle\/wp-content\/uploads\/sites\/131\/2025\/06\/Hakemuksen-tila.png","type":"image\/png"}],"twitter_card":"summary_large_image","twitter_misc":{"Arvioitu lukuaika":"5 minuuttia"},"schema":{"@context":"https:\/\/schema.org","@graph":[{"@type":"WebPage","@id":"https:\/\/help.jamk.fi\/peppi-ohjeet-henkilokunnalle\/fi\/hyvaksilukeminen\/eahot-hakemus-pepissa\/","url":"https:\/\/help.jamk.fi\/peppi-ohjeet-henkilokunnalle\/fi\/hyvaksilukeminen\/eahot-hakemus-pepissa\/","name":"eAHOT-hakemus Pepiss\u00e4 - Peppi-ohjeet henkil\u00f6kunnalle","isPartOf":{"@id":"https:\/\/help.jamk.fi\/peppi-ohjeet-henkilokunnalle\/#website"},"primaryImageOfPage":{"@id":"https:\/\/help.jamk.fi\/peppi-ohjeet-henkilokunnalle\/fi\/hyvaksilukeminen\/eahot-hakemus-pepissa\/#primaryimage"},"image":{"@id":"https:\/\/help.jamk.fi\/peppi-ohjeet-henkilokunnalle\/fi\/hyvaksilukeminen\/eahot-hakemus-pepissa\/#primaryimage"},"thumbnailUrl":"https:\/\/help.jamk.fi\/peppi-ohjeet-henkilokunnalle\/wp-content\/uploads\/sites\/131\/2025\/06\/Hakemuksen-tila-1024x271.png","datePublished":"2023-04-04T05:58:02+00:00","dateModified":"2026-04-02T05:43:48+00:00","breadcrumb":{"@id":"https:\/\/help.jamk.fi\/peppi-ohjeet-henkilokunnalle\/fi\/hyvaksilukeminen\/eahot-hakemus-pepissa\/#breadcrumb"},"inLanguage":"fi","potentialAction":[{"@type":"ReadAction","target":["https:\/\/help.jamk.fi\/peppi-ohjeet-henkilokunnalle\/fi\/hyvaksilukeminen\/eahot-hakemus-pepissa\/"]}]},{"@type":"ImageObject","inLanguage":"fi","@id":"https:\/\/help.jamk.fi\/peppi-ohjeet-henkilokunnalle\/fi\/hyvaksilukeminen\/eahot-hakemus-pepissa\/#primaryimage","url":"https:\/\/help.jamk.fi\/peppi-ohjeet-henkilokunnalle\/wp-content\/uploads\/sites\/131\/2025\/06\/Hakemuksen-tila.png","contentUrl":"https:\/\/help.jamk.fi\/peppi-ohjeet-henkilokunnalle\/wp-content\/uploads\/sites\/131\/2025\/06\/Hakemuksen-tila.png","width":2512,"height":664,"caption":"Kuvio 1. Hakemuksen tila"},{"@type":"BreadcrumbList","@id":"https:\/\/help.jamk.fi\/peppi-ohjeet-henkilokunnalle\/fi\/hyvaksilukeminen\/eahot-hakemus-pepissa\/#breadcrumb","itemListElement":[{"@type":"ListItem","position":1,"name":"Home","item":"https:\/\/help.jamk.fi\/peppi-ohjeet-henkilokunnalle\/en\/"},{"@type":"ListItem","position":2,"name":"eAHOT &#8211; hyv\u00e4ksilukeminen","item":"https:\/\/help.jamk.fi\/peppi-ohjeet-henkilokunnalle\/fi\/hyvaksilukeminen\/"},{"@type":"ListItem","position":3,"name":"eAHOT-hakemus Pepiss\u00e4"}]},{"@type":"WebSite","@id":"https:\/\/help.jamk.fi\/peppi-ohjeet-henkilokunnalle\/#website","url":"https:\/\/help.jamk.fi\/peppi-ohjeet-henkilokunnalle\/","name":"Peppi-ohjeet henkil\u00f6kunnalle","description":"","potentialAction":[{"@type":"SearchAction","target":{"@type":"EntryPoint","urlTemplate":"https:\/\/help.jamk.fi\/peppi-ohjeet-henkilokunnalle\/?s={search_term_string}"},"query-input":{"@type":"PropertyValueSpecification","valueRequired":true,"valueName":"search_term_string"}}],"inLanguage":"fi"}]}},"_links":{"self":[{"href":"https:\/\/help.jamk.fi\/peppi-ohjeet-henkilokunnalle\/wp-json\/wp\/v2\/pages\/4746","targetHints":{"allow":["GET"]}}],"collection":[{"href":"https:\/\/help.jamk.fi\/peppi-ohjeet-henkilokunnalle\/wp-json\/wp\/v2\/pages"}],"about":[{"href":"https:\/\/help.jamk.fi\/peppi-ohjeet-henkilokunnalle\/wp-json\/wp\/v2\/types\/page"}],"author":[{"embeddable":true,"href":"https:\/\/help.jamk.fi\/peppi-ohjeet-henkilokunnalle\/wp-json\/wp\/v2\/users\/79"}],"replies":[{"embeddable":true,"href":"https:\/\/help.jamk.fi\/peppi-ohjeet-henkilokunnalle\/wp-json\/wp\/v2\/comments?post=4746"}],"version-history":[{"count":18,"href":"https:\/\/help.jamk.fi\/peppi-ohjeet-henkilokunnalle\/wp-json\/wp\/v2\/pages\/4746\/revisions"}],"predecessor-version":[{"id":8008,"href":"https:\/\/help.jamk.fi\/peppi-ohjeet-henkilokunnalle\/wp-json\/wp\/v2\/pages\/4746\/revisions\/8008"}],"up":[{"embeddable":true,"href":"https:\/\/help.jamk.fi\/peppi-ohjeet-henkilokunnalle\/wp-json\/wp\/v2\/pages\/4745"}],"wp:attachment":[{"href":"https:\/\/help.jamk.fi\/peppi-ohjeet-henkilokunnalle\/wp-json\/wp\/v2\/media?parent=4746"}],"wp:term":[{"taxonomy":"category","embeddable":true,"href":"https:\/\/help.jamk.fi\/peppi-ohjeet-henkilokunnalle\/wp-json\/wp\/v2\/categories?post=4746"},{"taxonomy":"post_tag","embeddable":true,"href":"https:\/\/help.jamk.fi\/peppi-ohjeet-henkilokunnalle\/wp-json\/wp\/v2\/tags?post=4746"}],"curies":[{"name":"wp","href":"https:\/\/api.w.org\/{rel}","templated":true}]}}