{"id":4748,"date":"2023-04-06T11:55:25","date_gmt":"2023-04-06T08:55:25","guid":{"rendered":"https:\/\/help.jamk.fi\/peppi-ohjeet-henkilokunnalle\/etusivu\/hyvaksilukeminen\/sisallyttaminen\/"},"modified":"2026-02-05T12:52:59","modified_gmt":"2026-02-05T10:52:59","slug":"sisallyttaminen","status":"publish","type":"page","link":"https:\/\/help.jamk.fi\/peppi-ohjeet-henkilokunnalle\/fi\/hyvaksilukeminen\/sisallyttaminen\/","title":{"rendered":"Sis\u00e4llytt\u00e4minen"},"content":{"rendered":"\n<blockquote class=\"wp-block-quote is-layout-flow wp-block-quote-is-layout-flow\">\n<p><strong>Sis\u00e4llytt\u00e4mist\u00e4 k\u00e4ytet\u00e4\u00e4n silloin, kun halutaan hyv\u00e4ksilukea opintoja vaihtoehtoisiin tai vapaasti valittaviin opintoihin. Sis\u00e4llytt\u00e4mist\u00e4 k\u00e4ytet\u00e4\u00e4n my\u00f6s silloin, kun ollaan hyv\u00e4ksilukemassa opintoja pakollisiin opintoihin ja niit\u00e4 on suoritettu yli 15 opintopistett\u00e4.  Hakemuksen k\u00e4sittelee koulutuksesta vastaava henkil\u00f6 tai h\u00e4nen nime\u00e4m\u00e4ns\u00e4 vastuuhenkil\u00f6. <\/strong><\/p>\n\n\n\n<p><strong>Opintokokonaisuuden osalta hakemukset ohjataan opintokokonaisuuden tiimiss\u00e4 olevalle vastuuopettajalle. Jos opiskelija hakee hyv\u00e4ksilukua <strong>aiemmilla opinnoilla<\/strong>, joiden laajuus on yli 30 op, hakemukset ohjataan koulutuksesta vastaavalle henkil\u00f6lle tai h\u00e4nen nime\u00e4m\u00e4lleen vastuuhenkil\u00f6lle.<\/strong><\/p>\n<\/blockquote>\n\n\n\n<ul class=\"wp-block-list\">\n<li>Koulutuksesta vastaava henkil\u00f6 k\u00e4y opiskelijan aiemmin suorittamat opinnot l\u00e4pi ja tekee p\u00e4\u00e4t\u00f6ksen, mitk\u00e4 opinnot voidaan sis\u00e4llytt\u00e4\u00e4 tutkintoon.<\/li>\n\n\n\n<li>&#8221;Ylim\u00e4\u00e4r\u00e4iset&#8221; Jamkin opinnot siivotaan HOPSilta, jotta tutkinnon laajuus ei ylity. T\u00e4m\u00e4n voi tehd\u00e4 alan k\u00e4yt\u00e4nn\u00f6ist\u00e4 ja Peppi-oikeuksista riippuen joko koulutuksesta vastaava henkil\u00f6 tai opettajatutor yhdess\u00e4 opiskelijan kanssa.<\/li>\n<\/ul>\n\n\n<div id=\"link-lifts-block_f8108d8c1d1678062c70f1b27594063f\" class=\"link-lifts block-link-lifts\">\n  <div class=\"row\">\n            <div class=\"col-12 col-lg-4 block-link-lifts__column\">\n          <div class=\"block-link-lifts__item pink\">\n            <h3 class=\"block-link-lifts__item--heading\">Katso ohjeet yli 30 op sis\u00e4llytt\u00e4misest\u00e4<\/h3>\n                          <ul class=\"block-link-lifts__item--link-list\">\n                                                                        <li>\n                                              <a class=\"link-list\" href=\"https:\/\/help.jamk.fi\/peppi-ohjeet-henkilokunnalle\/fi\/hyvaksilukeminen\/sisallyttaminen-yli-30-opintopistetta\/\" target=\"_self\">Sis\u00e4llytt\u00e4minen \u2013 yli 30 opintopistett\u00e4<\/a>\n                                          <\/li>\n                                                <\/ul>\n            \n          <\/div>\n        <\/div>\n      <\/div>\n<\/div>\n\n\n<p>Ennen hakemuksen k\u00e4sittely\u00e4, tutustu t\u00e4m\u00e4n ohjeen aiemmilla sivuilla oleviin ohjeisiin: <a href=\"https:\/\/help.jamk.fi\/peppi-ohjeet-henkilokunnalle\/fi\/hyvaksilukeminen\/\">eAHOT \u2013 hyv\u00e4ksilukeminen<\/a> ja <a href=\"https:\/\/help.jamk.fi\/peppi-ohjeet-henkilokunnalle\/fi\/hyvaksilukeminen\/eahot-hakemus-pepissa\/\">eAHOT-hakemus Pepiss\u00e4<\/a>.<\/p>\n\n\n\n<h2 class=\"wp-block-heading\">Hakemuksen k\u00e4sittely<\/h2>\n\n\n\n<p>Avaa hakemus hakemusrivin oikeassa reunassa olevasta Toiminnot-valikosta. Valitse \u201d<strong>K\u00e4sittele<\/strong>\u201d.<\/p>\n\n\n\n<p>Opiskelijan tulee tehd\u00e4 opintokokonaisuuden hakemus siten, ett\u00e4 h\u00e4n on sy\u00f6tt\u00e4nyt jokaisen opintojakson tiedot hakemukselle erikseen (ei siis varsinaisena opintokokonaisuutena). Hakemuksen tulee n\u00e4ytt\u00e4\u00e4 alla olevan kuvan mukaiselta (kuvio 1).<\/p>\n\n\n\n<figure class=\"wp-block-image size-large\"><img loading=\"lazy\" decoding=\"async\" width=\"1613\" height=\"756\" src=\"https:\/\/help.jamk.fi\/peppi-ohjeet-henkilokunnalle\/wp-content\/uploads\/sites\/131\/2023\/04\/AHOT-sisallyttaminen-opintokokonaisuuden-opinnot-erikseen-hakemuksella.png\" alt=\"\" class=\"wp-image-3818\"\/><figcaption class=\"wp-element-caption\">Kuvio 1. Opintokokonaisuuden opinnot erikseen hakemuksella<\/figcaption><\/figure>\n\n\n\n<p>Jos opiskelija ei ole n\u00e4in tehnyt, palauta hakemus takaisin opiskelijalle. Lue ohje kohdasta <a href=\"https:\/\/help.jamk.fi\/peppi-ohjeet-henkilokunnalle\/fi\/hyvaksilukeminen\/eahot-hakemus-pepissa\/\">eAHOT-hakemus Pepiss\u00e4<\/a>.<\/p>\n\n\n\n<h2 class=\"wp-block-heading\">P\u00e4\u00e4t\u00f6ksen tekeminen<\/h2>\n\n\n\n<p>Klikkaa K\u00e4sittele-v\u00e4lilehdelt\u00e4 <strong>Siirry suoraan p\u00e4\u00e4t\u00f6ksentekoon<\/strong> -painiketta. Tee p\u00e4\u00e4t\u00f6s jokaisesta opintojaksosta erikseen (kuvio 2).<\/p>\n\n\n\n<p>Valitse p\u00e4\u00e4t\u00f6s alasvetovalikosta:<\/p>\n\n\n\n<ul class=\"wp-block-list\">\n<li>Hyv\u00e4ksytty kokonaan<\/li>\n\n\n\n<li>Hyv\u00e4ksyn osittain<\/li>\n\n\n\n<li>Hyv\u00e4ksyn, mutta osaaminen on osoitettava (k\u00e4ytet\u00e4\u00e4n vain ahotoinnissa, <a href=\"https:\/\/help.jamk.fi\/peppi-ohjeet-henkilokunnalle\/fi\/hyvaksilukeminen\/aiemmin-hankittu-muu-osaaminen-korvaaminen\/\">katso erillinen ohje ahot-sivulta<\/a>)<\/li>\n\n\n\n<li>Hylk\u00e4\u00e4n (katso ohje alempaa t\u00e4lt\u00e4 sivulta)<\/li>\n<\/ul>\n\n\n\n<figure class=\"wp-block-image size-large\"><img loading=\"lazy\" decoding=\"async\" width=\"1570\" height=\"765\" src=\"https:\/\/help.jamk.fi\/peppi-ohjeet-henkilokunnalle\/wp-content\/uploads\/sites\/131\/2023\/04\/AHOT-sisallyttaminen-paatoksenteko-jokaisesta-opinnosta-erikseen-2.png\" alt=\"\" class=\"wp-image-3833\"\/><figcaption class=\"wp-element-caption\">Kuvio 2. P\u00e4\u00e4t\u00f6s jokaisesta opintojaksosta erikseen<\/figcaption><\/figure>\n\n\n\n<h3 class=\"wp-block-heading\">Hyv\u00e4ksytty kokonaan -p\u00e4\u00e4t\u00f6s<\/h3>\n\n\n\n<p><strong>Huom. Sis\u00e4llytt\u00e4misess\u00e4 k\u00e4ytet\u00e4\u00e4n p\u00e4\u00e4s\u00e4\u00e4nt\u00f6isesti &#8221;hyv\u00e4ksytty kokonaan&#8221; -p\u00e4\u00e4t\u00f6st\u00e4.<\/strong> Katso ohjeet osittaiselle hyv\u00e4ksilukemiselle t\u00e4m\u00e4n sivun alaosasta.<\/p>\n\n\n\n<p>Sy\u00f6t\u00e4 <strong>K\u00e4sittele<\/strong>-v\u00e4lilehdell\u00e4 alla olevat tiedot (kuvio 3):<\/p>\n\n\n\n<ul class=\"wp-block-list\">\n<li>p\u00e4\u00e4t\u00f6s &#8221;hyv\u00e4ksytty kokonaan&#8221;<\/li>\n\n\n\n<li>opintopisteet (ks. ohje alta)<\/li>\n\n\n\n<li>arviointi (sis\u00e4llytett\u00e4v\u00e4n opinnon arviointi)<\/li>\n\n\n\n<li>viesti opiskelijalle (perustelut hyv\u00e4ksiluvulle)<\/li>\n\n\n\n<li>tallentaja (valitse t\u00e4h\u00e4n itsesi)<\/li>\n\n\n\n<li>viesti tallentajalle -kentt\u00e4\u00e4n voit halutessasi muistiinpanoja, jotka n\u00e4kyv\u00e4t vain sinulle.<\/li>\n<\/ul>\n\n\n\n<figure class=\"wp-block-image size-full\"><img loading=\"lazy\" decoding=\"async\" width=\"410\" height=\"767\" src=\"https:\/\/help.jamk.fi\/peppi-ohjeet-henkilokunnalle\/wp-content\/uploads\/sites\/131\/2023\/04\/AHOT-sisallyttaminen-paatoksenteko-jokaisesta-opinnosta-erikseen-4.png\" alt=\"\" class=\"wp-image-3842\"\/><figcaption class=\"wp-element-caption\">Kuvio 3. P\u00e4\u00e4t\u00f6kseen liittyvien tietojen kirjaaminen<\/figcaption><\/figure>\n\n\n\n<h4 class=\"wp-block-heading\">Ohjeita opintopisteiden merkitsemiseksi<\/h4>\n\n\n\n<p>Opintopisteet-kentt\u00e4\u00e4n voi kirjoittaa mink\u00e4 tahansa laajuuden. Jos p\u00e4\u00e4t\u00f6s on \u201dHyv\u00e4ksytty kokonaan\u201d, merkitse kentt\u00e4\u00e4n sis\u00e4llytett\u00e4v\u00e4n opintojakson laajuus. Peppi ei valita, vaikka laajuus olisi pienempi kuin sis\u00e4llytett\u00e4v\u00e4ll\u00e4 opintojaksolla.<\/p>\n\n\n\n<h4 class=\"wp-block-heading\">Ohjeita arvioinnin merkitsemiseksi<\/h4>\n\n\n\n<p>Kirjoita Arviointi-kentt\u00e4\u00e4n se arvosana (kokonaisluku 1-5), jonka opiskelija on saanut opintojaksosta, jolla h\u00e4n hakee hyv\u00e4ksilukua. Jos arviointi on \u201dhyv\u00e4ksytty\u201d, merkitse kentt\u00e4\u00e4n H.<\/p>\n\n\n\n<p>Ulkomailla suoritetut opinnot kirjataan alkuper\u00e4isell\u00e4 arvosanalla 1-5, mik\u00e4li arviointiasteikko on ollut sama. Muussa tapauksessa k\u00e4ytet\u00e4\u00e4n kirjainta H.<\/p>\n\n\n\n<p>Jos kyseess\u00e4 on osaamisen sis\u00e4llytt\u00e4minen, valitse H (hyv\u00e4ksytty).<\/p>\n\n\n\n<p>Klikkaa lopuksi <strong>Tallenna<\/strong>.<\/p>\n\n\n\n<h3 class=\"wp-block-heading\">Hyl\u00e4tty-p\u00e4\u00e4t\u00f6s<\/h3>\n\n\n\n<p>Sis\u00e4llytt\u00e4misess\u00e4 et voi tehd\u00e4 hyl\u00e4tty\u00e4 p\u00e4\u00e4t\u00f6st\u00e4, vaan sinun tulee hyl\u00e4t\u00e4 koko hakemus. T\u00e4m\u00e4n voit tehd\u00e4 hakemuksen yl\u00e4osassa olevasta <strong>Hylk\u00e4\u00e4 hakemus<\/strong> -painikkeesta.<\/p>\n\n\n\n<h2 class=\"wp-block-heading\">Hakemuksen asiasanojen valitseminen<\/h2>\n\n\n\n<p>Valitse Hakemuksen asiasanat -ikkunassa ne asiasanat, jotka parhaiten kuvaavat hakemuksessa olevaa osaamista (kuvio 4). Voit valita useamman asiasanan. Voit my\u00f6s suodattaa asiasanalistaa kirjoittamalla Ohjauksen ala -kentt\u00e4\u00e4n ensin oman alasi, jolloin n\u00e4et vain oman alasi asiasanat. Huom. T\u00e4ll\u00f6in et voi l\u00f6yt\u00e4\u00e4 ns. yleisi\u00e4 asiasanoja. Asiasanat kerrytt\u00e4v\u00e4t hakemuksia hyv\u00e4ksilukupankkiin, josta voit halutessasi etsi\u00e4 jo tehtyj\u00e4 hyv\u00e4ksilukuja asiasanoilla.<\/p>\n\n\n\n<figure class=\"wp-block-image size-full\"><img loading=\"lazy\" decoding=\"async\" width=\"593\" height=\"490\" src=\"https:\/\/help.jamk.fi\/peppi-ohjeet-henkilokunnalle\/wp-content\/uploads\/sites\/131\/2023\/04\/AHOT-korvaaminen-5a.png\" alt=\"\" class=\"wp-image-3851\"\/><figcaption class=\"wp-element-caption\">Kuvio 4. Asiasanojen lis\u00e4\u00e4minen hakemukselle<\/figcaption><\/figure>\n\n\n\n<p>Siirry eteenp\u00e4in klikkaamalla <strong>Tallenna asiasanat ja p\u00e4\u00e4t\u00f6s<\/strong>. Nyt siirryt Pepiss\u00e4 hyv\u00e4ksilukemisen kirjaamiseen.<\/p>\n\n\n\n<div class=\"wp-block-buttons is-layout-flex wp-block-buttons-is-layout-flex\">\n<div class=\"wp-block-button is-style-outline is-style-outline--2\"><a class=\"wp-block-button__link wp-element-button\" href=\"https:\/\/help.jamk.fi\/peppi-ohjeet-henkilokunnalle\/fi\/hyvaksilukeminen\/sisallyttamisen-kirjaaminen-opintorekisteriin\/\">Siirry Sis\u00e4llytt\u00e4misen kirjaaminen opintorekisteriin -ohjeisiin<\/a><\/div>\n<\/div>\n\n\n\n<p><\/p>\n\n\n\n<h2 class=\"wp-block-heading\">Hakemuksen osittainen hyv\u00e4ksilukeminen<\/h2>\n\n\n\n<p>Hakemuksen osittainen hyv\u00e4ksilukeminen vaatii sopimuksen tekemist\u00e4. Jos valitset yhteenkin opintokokonaisuuden opintojaksoista ko. vaihtoehdon, on sen osalta sopimus teht\u00e4v\u00e4 (kuvio 5.). Jokaiselle opintojaksolle voidaan tarvittaessa tehd\u00e4 erillinen sopimus (kuvio 6). <\/p>\n\n\n\n<ul class=\"wp-block-list\">\n<li>Tee sopimus <strong>Sopimukset<\/strong>-v\u00e4lilehdelt\u00e4 ennen p\u00e4\u00e4t\u00f6ksentekoa. <\/li>\n\n\n\n<li>Valitse sopimuksen vaativa opintojakso Valitse sis\u00e4llytett\u00e4v\u00e4 opinto\/osaaminen -valikosta. <\/li>\n\n\n\n<li>Kirjaa Uuden sopimuksen kuvaus -kentt\u00e4\u00e4n, mit\u00e4 opiskelijan tulee tehd\u00e4, jotta koko opintojakso olisi hyv\u00e4ksytty. <\/li>\n\n\n\n<li>Klikkaa <strong>Luo uusi<\/strong> -painiketta. Tarkista sopimuksen tiedot. T\u00e4ss\u00e4 n\u00e4kym\u00e4ss\u00e4 voit esim. jakaa sopimuksen tiedot jollekin muulle opettajalle lis\u00e4\u00e4m\u00e4ll\u00e4 henkil\u00f6n Muut opettajat -kentt\u00e4\u00e4n. <\/li>\n\n\n\n<li>Klikkaa <strong>Tallenna<\/strong>. <\/li>\n<\/ul>\n\n\n\n<p>Jatka t\u00e4m\u00e4n j\u00e4lkeen hakemuksen k\u00e4sittely\u00e4 K\u00e4sittele-v\u00e4lilehdell\u00e4.<\/p>\n\n\n\n<figure class=\"wp-block-image size-full\"><img loading=\"lazy\" decoding=\"async\" width=\"514\" height=\"284\" src=\"https:\/\/help.jamk.fi\/peppi-ohjeet-henkilokunnalle\/wp-content\/uploads\/sites\/131\/2023\/04\/AHOT-hakemus-uusi-sopimus.png\" alt=\"\" class=\"wp-image-3870\"\/><figcaption class=\"wp-element-caption\">Kuvio 5. Sopimuksen laatiminen hyv\u00e4ksiluvussa<\/figcaption><\/figure>\n\n\n\n<figure class=\"wp-block-image size-full\"><img loading=\"lazy\" decoding=\"async\" width=\"478\" height=\"262\" src=\"https:\/\/help.jamk.fi\/peppi-ohjeet-henkilokunnalle\/wp-content\/uploads\/sites\/131\/2023\/04\/AHOT-hakemus-8.png\" alt=\"\" class=\"wp-image-3868\"\/><figcaption class=\"wp-element-caption\">Kuvio 6. Opintojakson valitseminen Sopimukset-v\u00e4lilehdell\u00e4<\/figcaption><\/figure>\n\n\n\n<p>Klikkaa K\u00e4sittele-v\u00e4lilehdelt\u00e4 <strong>Siirry suoraan p\u00e4\u00e4t\u00f6ksentekoon<\/strong> -painiketta.<\/p>\n\n\n\n<p>Valitse hakemuksen P\u00e4\u00e4t\u00f6s &#8221;hyv\u00e4ksyn osittain&#8221;, kirjoita viesti opiskelijalle, merkitse hyv\u00e4ksytyt opintopisteet ja aiemmin suoritetun opinnon arviointi, valitse tallentaja (sin\u00e4 itse) ja klikkaa <strong>Tallenna.<\/strong><\/p>\n\n\n\n<p>Huomaa, ett\u00e4 kirjaat nyt opintopisteiksi vain sen osan opintojakson laajuudesta, mik\u00e4 hyv\u00e4ksiluvussa hyv\u00e4ksyt\u00e4\u00e4n.<\/p>\n\n\n\n<p>Sinun tulee viel\u00e4 lis\u00e4t\u00e4 hakemuksen asiasanat (ohje aiemmin t\u00e4ll\u00e4 sivulla).<\/p>\n\n\n\n<p>T\u00e4m\u00e4n j\u00e4lkeen siirryt Pepiss\u00e4 hyv\u00e4ksilukemisen kirjaamiseen.<\/p>\n\n\n\n<div class=\"wp-block-buttons is-layout-flex wp-block-buttons-is-layout-flex\">\n<div class=\"wp-block-button is-style-outline is-style-outline--3\"><a class=\"wp-block-button__link wp-element-button\" href=\"https:\/\/help.jamk.fi\/peppi-ohjeet-henkilokunnalle\/fi\/hyvaksilukeminen\/sisallyttamisen-kirjaaminen-opintorekisteriin\/\">Siirry Sis\u00e4llytt\u00e4misen kirjaaminen opintorekisteriin -ohjeisiin<\/a><\/div>\n<\/div>\n","protected":false},"excerpt":{"rendered":"<p>Sis\u00e4llytt\u00e4mist\u00e4 k\u00e4ytet\u00e4\u00e4n silloin, kun halutaan hyv\u00e4ksilukea opintoja vaihtoehtoisiin tai vapaasti valittaviin opintoihin. Sis\u00e4llytt\u00e4mist\u00e4 k\u00e4ytet\u00e4\u00e4n my\u00f6s silloin, kun ollaan hyv\u00e4ksilukemassa opintoja pakollisiin opintoihin ja niit\u00e4 on suoritettu yli 15 opintopistett\u00e4. Hakemuksen k\u00e4sittelee koulutuksesta vastaava henkil\u00f6 tai h\u00e4nen nime\u00e4m\u00e4ns\u00e4 vastuuhenkil\u00f6. Opintokokonaisuuden osalta hakemukset ohjataan opintokokonaisuuden tiimiss\u00e4 olevalle vastuuopettajalle. Jos opiskelija hakee hyv\u00e4ksilukua aiemmilla opinnoilla, joiden laajuus on [&hellip;]<\/p>\n","protected":false},"author":79,"featured_media":0,"parent":4745,"menu_order":4,"comment_status":"closed","ping_status":"open","template":"","meta":{"_acf_changed":false,"_relevanssi_hide_post":"","_relevanssi_hide_content":"","_relevanssi_pin_for_all":"","_relevanssi_pin_keywords":"","_relevanssi_unpin_keywords":"","_relevanssi_related_keywords":"","_relevanssi_related_include_ids":"","_relevanssi_related_exclude_ids":"","_relevanssi_related_no_append":"","_relevanssi_related_not_related":"","_relevanssi_related_posts":"","_relevanssi_noindex_reason":"","footnotes":""},"categories":[10],"tags":[14,16,18,24],"class_list":["post-4748","page","type-page","status-publish","hentry","category-opettajan-tyopoyta","tag-ahot","tag-eahot","tag-hyvaksilukeminen","tag-sisallyttaminen"],"acf":[],"yoast_head":"<!-- This site is optimized with the Yoast SEO plugin v27.3 - https:\/\/yoast.com\/product\/yoast-seo-wordpress\/ -->\n<title>Sis\u00e4llytt\u00e4minen - Peppi-ohjeet henkil\u00f6kunnalle<\/title>\n<meta name=\"robots\" content=\"index, follow, max-snippet:-1, max-image-preview:large, max-video-preview:-1\" \/>\n<link rel=\"canonical\" href=\"https:\/\/help.jamk.fi\/peppi-ohjeet-henkilokunnalle\/fi\/hyvaksilukeminen\/sisallyttaminen\/\" \/>\n<meta property=\"og:locale\" content=\"fi_FI\" \/>\n<meta property=\"og:type\" content=\"article\" \/>\n<meta property=\"og:title\" content=\"Sis\u00e4llytt\u00e4minen - Peppi-ohjeet henkil\u00f6kunnalle\" \/>\n<meta property=\"og:description\" content=\"Sis\u00e4llytt\u00e4mist\u00e4 k\u00e4ytet\u00e4\u00e4n silloin, kun halutaan hyv\u00e4ksilukea opintoja vaihtoehtoisiin tai vapaasti valittaviin opintoihin. Sis\u00e4llytt\u00e4mist\u00e4 k\u00e4ytet\u00e4\u00e4n my\u00f6s silloin, kun ollaan hyv\u00e4ksilukemassa opintoja pakollisiin opintoihin ja niit\u00e4 on suoritettu yli 15 opintopistett\u00e4. Hakemuksen k\u00e4sittelee koulutuksesta vastaava henkil\u00f6 tai h\u00e4nen nime\u00e4m\u00e4ns\u00e4 vastuuhenkil\u00f6. Opintokokonaisuuden osalta hakemukset ohjataan opintokokonaisuuden tiimiss\u00e4 olevalle vastuuopettajalle. Jos opiskelija hakee hyv\u00e4ksilukua aiemmilla opinnoilla, joiden laajuus on [&hellip;]\" \/>\n<meta property=\"og:url\" content=\"https:\/\/help.jamk.fi\/peppi-ohjeet-henkilokunnalle\/fi\/hyvaksilukeminen\/sisallyttaminen\/\" \/>\n<meta property=\"og:site_name\" content=\"Peppi-ohjeet henkil\u00f6kunnalle\" \/>\n<meta property=\"article:modified_time\" content=\"2026-02-05T10:52:59+00:00\" \/>\n<meta property=\"og:image\" content=\"https:\/\/help.jamk.fi\/peppi-ohjeet-henkilokunnalle\/wp-content\/uploads\/sites\/131\/2023\/04\/AHOT-sisallyttaminen-opintokokonaisuuden-opinnot-erikseen-hakemuksella.png\" \/>\n\t<meta property=\"og:image:width\" content=\"1613\" \/>\n\t<meta property=\"og:image:height\" content=\"756\" \/>\n\t<meta property=\"og:image:type\" content=\"image\/png\" \/>\n<meta name=\"twitter:card\" content=\"summary_large_image\" \/>\n<meta name=\"twitter:label1\" content=\"Arvioitu lukuaika\" \/>\n\t<meta name=\"twitter:data1\" content=\"5 minuuttia\" \/>\n<script type=\"application\/ld+json\" class=\"yoast-schema-graph\">{\"@context\":\"https:\\\/\\\/schema.org\",\"@graph\":[{\"@type\":\"WebPage\",\"@id\":\"https:\\\/\\\/help.jamk.fi\\\/peppi-ohjeet-henkilokunnalle\\\/fi\\\/hyvaksilukeminen\\\/sisallyttaminen\\\/\",\"url\":\"https:\\\/\\\/help.jamk.fi\\\/peppi-ohjeet-henkilokunnalle\\\/fi\\\/hyvaksilukeminen\\\/sisallyttaminen\\\/\",\"name\":\"Sis\u00e4llytt\u00e4minen - Peppi-ohjeet henkil\u00f6kunnalle\",\"isPartOf\":{\"@id\":\"https:\\\/\\\/help.jamk.fi\\\/peppi-ohjeet-henkilokunnalle\\\/#website\"},\"primaryImageOfPage\":{\"@id\":\"https:\\\/\\\/help.jamk.fi\\\/peppi-ohjeet-henkilokunnalle\\\/fi\\\/hyvaksilukeminen\\\/sisallyttaminen\\\/#primaryimage\"},\"image\":{\"@id\":\"https:\\\/\\\/help.jamk.fi\\\/peppi-ohjeet-henkilokunnalle\\\/fi\\\/hyvaksilukeminen\\\/sisallyttaminen\\\/#primaryimage\"},\"thumbnailUrl\":\"https:\\\/\\\/help.jamk.fi\\\/peppi-ohjeet-henkilokunnalle\\\/wp-content\\\/uploads\\\/sites\\\/131\\\/2023\\\/04\\\/AHOT-sisallyttaminen-opintokokonaisuuden-opinnot-erikseen-hakemuksella.png\",\"datePublished\":\"2023-04-06T08:55:25+00:00\",\"dateModified\":\"2026-02-05T10:52:59+00:00\",\"breadcrumb\":{\"@id\":\"https:\\\/\\\/help.jamk.fi\\\/peppi-ohjeet-henkilokunnalle\\\/fi\\\/hyvaksilukeminen\\\/sisallyttaminen\\\/#breadcrumb\"},\"inLanguage\":\"fi\",\"potentialAction\":[{\"@type\":\"ReadAction\",\"target\":[\"https:\\\/\\\/help.jamk.fi\\\/peppi-ohjeet-henkilokunnalle\\\/fi\\\/hyvaksilukeminen\\\/sisallyttaminen\\\/\"]}]},{\"@type\":\"ImageObject\",\"inLanguage\":\"fi\",\"@id\":\"https:\\\/\\\/help.jamk.fi\\\/peppi-ohjeet-henkilokunnalle\\\/fi\\\/hyvaksilukeminen\\\/sisallyttaminen\\\/#primaryimage\",\"url\":\"https:\\\/\\\/help.jamk.fi\\\/peppi-ohjeet-henkilokunnalle\\\/wp-content\\\/uploads\\\/sites\\\/131\\\/2023\\\/04\\\/AHOT-sisallyttaminen-opintokokonaisuuden-opinnot-erikseen-hakemuksella.png\",\"contentUrl\":\"https:\\\/\\\/help.jamk.fi\\\/peppi-ohjeet-henkilokunnalle\\\/wp-content\\\/uploads\\\/sites\\\/131\\\/2023\\\/04\\\/AHOT-sisallyttaminen-opintokokonaisuuden-opinnot-erikseen-hakemuksella.png\",\"width\":1613,\"height\":756,\"caption\":\"Kuvio 1. Opintokokonaisuuden opinnot erikseen hakemuksella\"},{\"@type\":\"BreadcrumbList\",\"@id\":\"https:\\\/\\\/help.jamk.fi\\\/peppi-ohjeet-henkilokunnalle\\\/fi\\\/hyvaksilukeminen\\\/sisallyttaminen\\\/#breadcrumb\",\"itemListElement\":[{\"@type\":\"ListItem\",\"position\":1,\"name\":\"Home\",\"item\":\"https:\\\/\\\/help.jamk.fi\\\/peppi-ohjeet-henkilokunnalle\\\/en\\\/\"},{\"@type\":\"ListItem\",\"position\":2,\"name\":\"eAHOT &#8211; hyv\u00e4ksilukeminen\",\"item\":\"https:\\\/\\\/help.jamk.fi\\\/peppi-ohjeet-henkilokunnalle\\\/fi\\\/hyvaksilukeminen\\\/\"},{\"@type\":\"ListItem\",\"position\":3,\"name\":\"Sis\u00e4llytt\u00e4minen\"}]},{\"@type\":\"WebSite\",\"@id\":\"https:\\\/\\\/help.jamk.fi\\\/peppi-ohjeet-henkilokunnalle\\\/#website\",\"url\":\"https:\\\/\\\/help.jamk.fi\\\/peppi-ohjeet-henkilokunnalle\\\/\",\"name\":\"Peppi-ohjeet henkil\u00f6kunnalle\",\"description\":\"\",\"potentialAction\":[{\"@type\":\"SearchAction\",\"target\":{\"@type\":\"EntryPoint\",\"urlTemplate\":\"https:\\\/\\\/help.jamk.fi\\\/peppi-ohjeet-henkilokunnalle\\\/?s={search_term_string}\"},\"query-input\":{\"@type\":\"PropertyValueSpecification\",\"valueRequired\":true,\"valueName\":\"search_term_string\"}}],\"inLanguage\":\"fi\"}]}<\/script>\n<!-- \/ Yoast SEO plugin. -->","yoast_head_json":{"title":"Sis\u00e4llytt\u00e4minen - Peppi-ohjeet henkil\u00f6kunnalle","robots":{"index":"index","follow":"follow","max-snippet":"max-snippet:-1","max-image-preview":"max-image-preview:large","max-video-preview":"max-video-preview:-1"},"canonical":"https:\/\/help.jamk.fi\/peppi-ohjeet-henkilokunnalle\/fi\/hyvaksilukeminen\/sisallyttaminen\/","og_locale":"fi_FI","og_type":"article","og_title":"Sis\u00e4llytt\u00e4minen - Peppi-ohjeet henkil\u00f6kunnalle","og_description":"Sis\u00e4llytt\u00e4mist\u00e4 k\u00e4ytet\u00e4\u00e4n silloin, kun halutaan hyv\u00e4ksilukea opintoja vaihtoehtoisiin tai vapaasti valittaviin opintoihin. Sis\u00e4llytt\u00e4mist\u00e4 k\u00e4ytet\u00e4\u00e4n my\u00f6s silloin, kun ollaan hyv\u00e4ksilukemassa opintoja pakollisiin opintoihin ja niit\u00e4 on suoritettu yli 15 opintopistett\u00e4. Hakemuksen k\u00e4sittelee koulutuksesta vastaava henkil\u00f6 tai h\u00e4nen nime\u00e4m\u00e4ns\u00e4 vastuuhenkil\u00f6. Opintokokonaisuuden osalta hakemukset ohjataan opintokokonaisuuden tiimiss\u00e4 olevalle vastuuopettajalle. Jos opiskelija hakee hyv\u00e4ksilukua aiemmilla opinnoilla, joiden laajuus on [&hellip;]","og_url":"https:\/\/help.jamk.fi\/peppi-ohjeet-henkilokunnalle\/fi\/hyvaksilukeminen\/sisallyttaminen\/","og_site_name":"Peppi-ohjeet henkil\u00f6kunnalle","article_modified_time":"2026-02-05T10:52:59+00:00","og_image":[{"width":1613,"height":756,"url":"https:\/\/help.jamk.fi\/peppi-ohjeet-henkilokunnalle\/wp-content\/uploads\/sites\/131\/2023\/04\/AHOT-sisallyttaminen-opintokokonaisuuden-opinnot-erikseen-hakemuksella.png","type":"image\/png"}],"twitter_card":"summary_large_image","twitter_misc":{"Arvioitu lukuaika":"5 minuuttia"},"schema":{"@context":"https:\/\/schema.org","@graph":[{"@type":"WebPage","@id":"https:\/\/help.jamk.fi\/peppi-ohjeet-henkilokunnalle\/fi\/hyvaksilukeminen\/sisallyttaminen\/","url":"https:\/\/help.jamk.fi\/peppi-ohjeet-henkilokunnalle\/fi\/hyvaksilukeminen\/sisallyttaminen\/","name":"Sis\u00e4llytt\u00e4minen - Peppi-ohjeet henkil\u00f6kunnalle","isPartOf":{"@id":"https:\/\/help.jamk.fi\/peppi-ohjeet-henkilokunnalle\/#website"},"primaryImageOfPage":{"@id":"https:\/\/help.jamk.fi\/peppi-ohjeet-henkilokunnalle\/fi\/hyvaksilukeminen\/sisallyttaminen\/#primaryimage"},"image":{"@id":"https:\/\/help.jamk.fi\/peppi-ohjeet-henkilokunnalle\/fi\/hyvaksilukeminen\/sisallyttaminen\/#primaryimage"},"thumbnailUrl":"https:\/\/help.jamk.fi\/peppi-ohjeet-henkilokunnalle\/wp-content\/uploads\/sites\/131\/2023\/04\/AHOT-sisallyttaminen-opintokokonaisuuden-opinnot-erikseen-hakemuksella.png","datePublished":"2023-04-06T08:55:25+00:00","dateModified":"2026-02-05T10:52:59+00:00","breadcrumb":{"@id":"https:\/\/help.jamk.fi\/peppi-ohjeet-henkilokunnalle\/fi\/hyvaksilukeminen\/sisallyttaminen\/#breadcrumb"},"inLanguage":"fi","potentialAction":[{"@type":"ReadAction","target":["https:\/\/help.jamk.fi\/peppi-ohjeet-henkilokunnalle\/fi\/hyvaksilukeminen\/sisallyttaminen\/"]}]},{"@type":"ImageObject","inLanguage":"fi","@id":"https:\/\/help.jamk.fi\/peppi-ohjeet-henkilokunnalle\/fi\/hyvaksilukeminen\/sisallyttaminen\/#primaryimage","url":"https:\/\/help.jamk.fi\/peppi-ohjeet-henkilokunnalle\/wp-content\/uploads\/sites\/131\/2023\/04\/AHOT-sisallyttaminen-opintokokonaisuuden-opinnot-erikseen-hakemuksella.png","contentUrl":"https:\/\/help.jamk.fi\/peppi-ohjeet-henkilokunnalle\/wp-content\/uploads\/sites\/131\/2023\/04\/AHOT-sisallyttaminen-opintokokonaisuuden-opinnot-erikseen-hakemuksella.png","width":1613,"height":756,"caption":"Kuvio 1. Opintokokonaisuuden opinnot erikseen hakemuksella"},{"@type":"BreadcrumbList","@id":"https:\/\/help.jamk.fi\/peppi-ohjeet-henkilokunnalle\/fi\/hyvaksilukeminen\/sisallyttaminen\/#breadcrumb","itemListElement":[{"@type":"ListItem","position":1,"name":"Home","item":"https:\/\/help.jamk.fi\/peppi-ohjeet-henkilokunnalle\/en\/"},{"@type":"ListItem","position":2,"name":"eAHOT &#8211; hyv\u00e4ksilukeminen","item":"https:\/\/help.jamk.fi\/peppi-ohjeet-henkilokunnalle\/fi\/hyvaksilukeminen\/"},{"@type":"ListItem","position":3,"name":"Sis\u00e4llytt\u00e4minen"}]},{"@type":"WebSite","@id":"https:\/\/help.jamk.fi\/peppi-ohjeet-henkilokunnalle\/#website","url":"https:\/\/help.jamk.fi\/peppi-ohjeet-henkilokunnalle\/","name":"Peppi-ohjeet henkil\u00f6kunnalle","description":"","potentialAction":[{"@type":"SearchAction","target":{"@type":"EntryPoint","urlTemplate":"https:\/\/help.jamk.fi\/peppi-ohjeet-henkilokunnalle\/?s={search_term_string}"},"query-input":{"@type":"PropertyValueSpecification","valueRequired":true,"valueName":"search_term_string"}}],"inLanguage":"fi"}]}},"_links":{"self":[{"href":"https:\/\/help.jamk.fi\/peppi-ohjeet-henkilokunnalle\/wp-json\/wp\/v2\/pages\/4748","targetHints":{"allow":["GET"]}}],"collection":[{"href":"https:\/\/help.jamk.fi\/peppi-ohjeet-henkilokunnalle\/wp-json\/wp\/v2\/pages"}],"about":[{"href":"https:\/\/help.jamk.fi\/peppi-ohjeet-henkilokunnalle\/wp-json\/wp\/v2\/types\/page"}],"author":[{"embeddable":true,"href":"https:\/\/help.jamk.fi\/peppi-ohjeet-henkilokunnalle\/wp-json\/wp\/v2\/users\/79"}],"replies":[{"embeddable":true,"href":"https:\/\/help.jamk.fi\/peppi-ohjeet-henkilokunnalle\/wp-json\/wp\/v2\/comments?post=4748"}],"version-history":[{"count":21,"href":"https:\/\/help.jamk.fi\/peppi-ohjeet-henkilokunnalle\/wp-json\/wp\/v2\/pages\/4748\/revisions"}],"predecessor-version":[{"id":7928,"href":"https:\/\/help.jamk.fi\/peppi-ohjeet-henkilokunnalle\/wp-json\/wp\/v2\/pages\/4748\/revisions\/7928"}],"up":[{"embeddable":true,"href":"https:\/\/help.jamk.fi\/peppi-ohjeet-henkilokunnalle\/wp-json\/wp\/v2\/pages\/4745"}],"wp:attachment":[{"href":"https:\/\/help.jamk.fi\/peppi-ohjeet-henkilokunnalle\/wp-json\/wp\/v2\/media?parent=4748"}],"wp:term":[{"taxonomy":"category","embeddable":true,"href":"https:\/\/help.jamk.fi\/peppi-ohjeet-henkilokunnalle\/wp-json\/wp\/v2\/categories?post=4748"},{"taxonomy":"post_tag","embeddable":true,"href":"https:\/\/help.jamk.fi\/peppi-ohjeet-henkilokunnalle\/wp-json\/wp\/v2\/tags?post=4748"}],"curies":[{"name":"wp","href":"https:\/\/api.w.org\/{rel}","templated":true}]}}