{"id":4749,"date":"2023-04-06T12:03:58","date_gmt":"2023-04-06T09:03:58","guid":{"rendered":"https:\/\/help.jamk.fi\/peppi-ohjeet-henkilokunnalle\/etusivu\/hyvaksilukeminen\/korvaaminen\/"},"modified":"2025-08-22T08:27:48","modified_gmt":"2025-08-22T05:27:48","slug":"korvaaminen","status":"publish","type":"page","link":"https:\/\/help.jamk.fi\/peppi-ohjeet-henkilokunnalle\/fi\/hyvaksilukeminen\/korvaaminen\/","title":{"rendered":"Korvaaminen"},"content":{"rendered":"\n<blockquote class=\"wp-block-quote is-layout-flow wp-block-quote-is-layout-flow\">\n<p><strong>Korvaamista k\u00e4ytet\u00e4\u00e4n p\u00e4\u00e4s\u00e4\u00e4nt\u00f6isesti vain yksitt\u00e4isiin pakollisiin opintoihin (alle 15 op). Hakemuksen k\u00e4sittelee opintojakson vastuuhenkil\u00f6.<\/strong><\/p>\n<\/blockquote>\n\n\n<div id=\"info-lift-block_be52d8a4c6e68e340c0218e8459a52b5\" class=\"block-info-lift block-info-lift\">\n  <div class=\"row\">\n    <div class=\"col-12\">\n              <div class=\"block-info-lift__content\">\n          <div class=\"block-info-lift__content__icon\">\n            <span>!<\/span>\n          <\/div>\n          <p class=\"block-info-lift__content__text\">Osittaisen hyv\u00e4ksilukemisen ohjeet l\u00f6ytyv\u00e4t sivun alaosasta.<\/p>\n        <\/div>\n          <\/div>\n  <\/div>\n<\/div>\n\n\n<p>Ennen hakemuksen k\u00e4sittely\u00e4, tutustu t\u00e4m\u00e4n ohjeen aiemmilla sivuilla oleviin ohjeisiin: <a href=\"https:\/\/help.jamk.fi\/peppi-ohjeet-henkilokunnalle\/fi\/hyvaksilukeminen\/\">eAHOT &#8211; hyv\u00e4ksilukeminen<\/a> ja <a href=\"https:\/\/help.jamk.fi\/peppi-ohjeet-henkilokunnalle\/fi\/hyvaksilukeminen\/eahot-hakemus-pepissa\/\">eAHOT-hakemus Pepiss\u00e4<\/a>.<\/p>\n\n\n\n<p>Avaa hakemus hakemusrivin oikeassa reunassa olevasta Toiminnot-valikosta. Valitse \u201d<strong>K\u00e4sittele<\/strong>\u201d.<\/p>\n\n\n\n<h2 class=\"wp-block-heading\">P\u00e4\u00e4t\u00f6ksen tekeminen<\/h2>\n\n\n\n<p>Klikkaa <strong>K\u00e4sittele<\/strong>-v\u00e4lilehdelt\u00e4 <strong>Siirry suoraan p\u00e4\u00e4t\u00f6ksentekoon<\/strong> -painiketta. Valitse p\u00e4\u00e4t\u00f6s alasvetovalikosta:<\/p>\n\n\n\n<ul class=\"wp-block-list\">\n<li>Hyv\u00e4ksytty kokonaan<\/li>\n\n\n\n<li>Hyv\u00e4ksyn osittain (katso ohje alempaa t\u00e4lt\u00e4 sivulta)<\/li>\n\n\n\n<li>Hyv\u00e4ksyn, mutta osaaminen on osoitettava (k\u00e4ytet\u00e4\u00e4n vain ahotoinnissa, <a href=\"https:\/\/help.jamk.fi\/peppi-ohjeet-henkilokunnalle\/fi\/hyvaksilukeminen\/aiemmin-hankittu-muu-osaaminen-korvaaminen\/\">katso erillinen ohje ahot-sivulta<\/a>)<\/li>\n\n\n\n<li>Hylk\u00e4\u00e4n (katso ohje alempaa t\u00e4lt\u00e4 sivulta)<\/li>\n<\/ul>\n\n\n\n<h3 class=\"wp-block-heading\">Hyv\u00e4ksytty kokonaan -p\u00e4\u00e4t\u00f6s<\/h3>\n\n\n\n<p>Jos p\u00e4\u00e4t\u00f6ksesi on \u201dhyv\u00e4ksytty kokonaan\u201d, sy\u00f6t\u00e4 <strong>K\u00e4sittele<\/strong>-v\u00e4lilehdell\u00e4 alla olevat tiedot (kuvio 1):<\/p>\n\n\n\n<ul class=\"wp-block-list\">\n<li>viesti opiskelijalle (perustelut hyv\u00e4ksiluvulle)<\/li>\n\n\n\n<li>opintopisteet (ks. ohje alta)<\/li>\n\n\n\n<li>arviointi (korvaavan opinnon arviointi)<\/li>\n\n\n\n<li>tallentaja (valitse t\u00e4h\u00e4n itsesi)<\/li>\n\n\n\n<li>viesti tallentajalle -kentt\u00e4\u00e4n voit halutessasi muistiinpanoja, jotka n\u00e4kyv\u00e4t vain sinulle.<\/li>\n<\/ul>\n\n\n\n<figure class=\"wp-block-image size-full\"><img loading=\"lazy\" decoding=\"async\" width=\"478\" height=\"595\" src=\"https:\/\/help.jamk.fi\/peppi-ohjeet-henkilokunnalle\/wp-content\/uploads\/sites\/131\/2023\/04\/AHOT-hakemus-5.png\" alt=\"\" class=\"wp-image-3731\"\/><figcaption class=\"wp-element-caption\">Kuvio 1. P\u00e4\u00e4t\u00f6ksen tiedot<\/figcaption><\/figure>\n\n\n\n<h4 class=\"wp-block-heading\">Ohjeita opintopisteiden merkitsemiseksi<\/h4>\n\n\n\n<p>Opintopisteet-kentt\u00e4\u00e4n voi kirjoittaa mink\u00e4 tahansa laajuuden. Jos p\u00e4\u00e4t\u00f6s on \u201dHyv\u00e4ksytty kokonaan\u201d, merkitse kentt\u00e4\u00e4n korvattavan Jamkin opintojakson tai opintojaksojen (jos yhden suhde moneen tai monen suhde moneen) laajuus. Peppi ei valita, vaikka laajuus olisi eri kuin korvattavalla opintojaksolla. Katso ohjeet osittaiselle hyv\u00e4ksilukemiselle Hakemuksen osittainen hyv\u00e4ksilukeminen -kohdasta.<\/p>\n\n\n\n<p>Opintopisteet kirjataan 0,5 op tarkkuudella.<\/p>\n\n\n\n<p>Jos opiskelijalla on enemm\u00e4n osaamista ja h\u00e4nen aiemmin suorittamansa opintojakson laajuus on isompi kuin mit\u00e4 Jamkin opintojaksossa vaaditaan, opiskelija saa korvaavuuden Jamkin laajuuden mukaan. Opiskelija voi halutessaan hakea loppuosalla hyv\u00e4ksilukua esim. vapaasti valittaviin opintoihin.<\/p>\n\n\n\n<h4 class=\"wp-block-heading\">Ohjeita arvioinnin merkitsemiseksi<\/h4>\n\n\n\n<p>Valitse Arviointi-kentt\u00e4\u00e4n se arvosana (1-5), jonka opiskelija on saanut opintojaksosta, jolla h\u00e4n hakee hyv\u00e4ksilukua. Jos arviointi on \u201dhyv\u00e4ksytty\u201d, valitse kentt\u00e4\u00e4n H (hyv\u00e4ksytty). Jos opintojaksoja on useita (monen suhde yhteen tai monen suhde moneen), laske niiden keskiarvo. Korota puolikkaat arvosanat yl\u00f6sp\u00e4in laskemisen j\u00e4lkeen.<\/p>\n\n\n\n<p>Ulkomailla suoritetut opinnot kirjataan alkuper\u00e4isell\u00e4 arvosanalla 1-5, mik\u00e4li arviointiasteikko on ollut sama. Muussa tapauksessa k\u00e4ytet\u00e4\u00e4n kirjainta H.<\/p>\n\n\n\n<p>Jos kyseess\u00e4 on osaamisen korvaaminen, valitse arvioinniksi H (hyv\u00e4ksytty).<\/p>\n\n\n\n<p>Klikkaa lopuksi <strong>Tallenna<\/strong>.<\/p>\n\n\n\n<h3 class=\"wp-block-heading\">Hyl\u00e4tty-p\u00e4\u00e4t\u00f6s<\/h3>\n\n\n\n<p>Jos p\u00e4\u00e4t\u00f6ksesi on &#8221;hylk\u00e4\u00e4n&#8221;, toimi seuraavasti: <\/p>\n\n\n\n<ul class=\"wp-block-list\">\n<li>Hyl\u00e4tty-p\u00e4\u00e4t\u00f6s edellytt\u00e4\u00e4 sopimuksen tekemist\u00e4. Sopimuksen laatimiseksi siirry <strong>Sopimukset<\/strong>-v\u00e4lilehdelle. Kirjaa <strong>Uuden sopimuksen kuvaus <\/strong>-kentt\u00e4\u00e4n, miksi hakemus on hyl\u00e4tty.<\/li>\n\n\n\n<li>Klikkaa <strong>Luo uusi<\/strong> -painiketta. Tarkista sopimuksen tiedot. T\u00e4ss\u00e4 n\u00e4kym\u00e4ss\u00e4 voit esim. jakaa sopimuksen tiedot jollekin muulle opettajalle lis\u00e4\u00e4m\u00e4ll\u00e4 henkil\u00f6n Muut opettajat -kentt\u00e4\u00e4n. Hyv\u00e4ksy sopimus klikkaamalla <strong>Tallenna<\/strong>. Jatka t\u00e4m\u00e4n j\u00e4lkeen hakemuksen k\u00e4sittely\u00e4 <strong>K\u00e4sittele<\/strong>-v\u00e4lilehdell\u00e4.<\/li>\n\n\n\n<li>Valitse <strong>P\u00e4\u00e4t\u00f6s<\/strong>-kentt\u00e4\u00e4n &#8221;Hylk\u00e4\u00e4n&#8221;.<\/li>\n\n\n\n<li>Kirjoita <strong>Viesti opiskelijalle<\/strong> -kentt\u00e4\u00e4n sama teksti, jonka lis\u00e4sit sopimukselle (kuvio 2).<\/li>\n\n\n\n<li>Valitse tallentajaksi itsesi.<\/li>\n\n\n\n<li>Klikkaa <strong>Tallenna<\/strong>.<\/li>\n\n\n\n<li>Valitse asiasanat (katso ohje alta).<\/li>\n\n\n\n<li>Klikkaa hakemus k\u00e4sitellyksi <strong>Merkitse k\u00e4sitellyksi<\/strong> -painikkeesta.<\/li>\n<\/ul>\n\n\n\n<figure class=\"wp-block-image size-full\"><img loading=\"lazy\" decoding=\"async\" width=\"588\" height=\"511\" src=\"https:\/\/help.jamk.fi\/peppi-ohjeet-henkilokunnalle\/wp-content\/uploads\/sites\/131\/2025\/06\/Hakemuksen-hylkaaminen.png\" alt=\"Hakemuksen hylk\u00e4\u00e4minen\" class=\"wp-image-7569\" srcset=\"https:\/\/help.jamk.fi\/peppi-ohjeet-henkilokunnalle\/wp-content\/uploads\/sites\/131\/2025\/06\/Hakemuksen-hylkaaminen.png 588w, https:\/\/help.jamk.fi\/peppi-ohjeet-henkilokunnalle\/wp-content\/uploads\/sites\/131\/2025\/06\/Hakemuksen-hylkaaminen-300x261.png 300w\" sizes=\"auto, (max-width: 588px) 100vw, 588px\" \/><figcaption class=\"wp-element-caption\">Kuvio 2. Hakemuksen hylk\u00e4\u00e4minen <\/figcaption><\/figure>\n\n\n\n<h3 class=\"wp-block-heading\">Hakemuksen asiasanojen valitseminen<\/h3>\n\n\n\n<p>Valitse <strong>Hakemuksen asiasanat<\/strong> -ikkunassa ne asiasanat, jotka parhaiten kuvaavat hakemuksessa olevaa osaamista (kuvio 3). Voit valita useamman asiasanan. Voit my\u00f6s suodattaa asiasanalistaa kirjoittamalla Ohjauksen ala -kentt\u00e4\u00e4n ensin oman alasi, jolloin n\u00e4et vain oman alasi asiasanat. Huom. T\u00e4ll\u00f6in et voi l\u00f6yt\u00e4\u00e4 ns. yleisi\u00e4 asiasanoja. Asiasanat kerrytt\u00e4v\u00e4t hakemuksia hyv\u00e4ksilukupankkiin, josta voit halutessasi etsi\u00e4 jo tehtyj\u00e4 hyv\u00e4ksilukuja asiasanoilla.<\/p>\n\n\n\n<figure class=\"wp-block-image size-full\"><img loading=\"lazy\" decoding=\"async\" width=\"594\" height=\"488\" src=\"https:\/\/help.jamk.fi\/peppi-ohjeet-henkilokunnalle\/wp-content\/uploads\/sites\/131\/2023\/04\/AHOT-sisallyttaminen-5.png\" alt=\"\" class=\"wp-image-3748\"\/><figcaption class=\"wp-element-caption\">Kuvio 3. Asiasanojen lis\u00e4\u00e4minen hakemukselle<\/figcaption><\/figure>\n\n\n\n<p>Siirry eteenp\u00e4in klikkaamalla <strong>Tallenna asiasanat ja p\u00e4\u00e4t\u00f6s<\/strong>. Nyt siirryt Pepiss\u00e4 hyv\u00e4ksilukemisen kirjaamiseen.<\/p>\n\n\n\n<div class=\"wp-block-buttons is-layout-flex wp-block-buttons-is-layout-flex\">\n<div class=\"wp-block-button is-style-outline is-style-outline--2\"><a class=\"wp-block-button__link wp-element-button\" href=\"https:\/\/help.jamk.fi\/peppi-ohjeet-henkilokunnalle\/fi\/hyvaksilukeminen\/korvaamisen-kirjaaminen-opintorekisteriin\/\">Siirry Korvaamisen kirjaaminen opintorekisteriin -ohjeisiin.<\/a><\/div>\n<\/div>\n\n\n\n<p><\/p>\n\n\n\n<h2 class=\"wp-block-heading\">Hakemuksen osittainen hyv\u00e4ksilukeminen<\/h2>\n\n\n\n<p>Hakemuksen osittainen hyv\u00e4ksilukeminen vaatii sopimuksen tekemist\u00e4.<\/p>\n\n\n\n<ul class=\"wp-block-list\">\n<li>Tee sopimus <strong>Sopimukset<\/strong>-v\u00e4lilehdelt\u00e4 ennen p\u00e4\u00e4t\u00f6ksentekoa (kuvio 4). Kirjaa Uuden sopimuksen kuvaus -kentt\u00e4\u00e4n, mit\u00e4 opiskelijan tulee tehd\u00e4, jotta koko opintojakso olisi hyv\u00e4ksytty.<\/li>\n\n\n\n<li>Klikkaa <strong>Luo uusi<\/strong> -painiketta. Tarkista sopimuksen tiedot. T\u00e4ss\u00e4 n\u00e4kym\u00e4ss\u00e4 voit esim. jakaa sopimuksen tiedot jollekin muulle opettajalle lis\u00e4\u00e4m\u00e4ll\u00e4 henkil\u00f6n Muut opettajat -kentt\u00e4\u00e4n. <\/li>\n\n\n\n<li>Klikkaa <strong>Tallenna<\/strong>.<br><\/li>\n<\/ul>\n\n\n\n<p>Jatka t\u00e4m\u00e4n j\u00e4lkeen hakemuksen k\u00e4sittely\u00e4 K\u00e4sittele-v\u00e4lilehdell\u00e4.<\/p>\n\n\n\n<figure class=\"wp-block-image size-full\"><img loading=\"lazy\" decoding=\"async\" width=\"514\" height=\"284\" src=\"https:\/\/help.jamk.fi\/peppi-ohjeet-henkilokunnalle\/wp-content\/uploads\/sites\/131\/2023\/04\/AHOT-hakemus-7.png\" alt=\"\" class=\"wp-image-3726\"\/><figcaption class=\"wp-element-caption\">Kuvio 4. Sopimuksen laatiminen hyv\u00e4ksiluvussa<\/figcaption><\/figure>\n\n\n\n<p>Klikkaa K\u00e4sittele-v\u00e4lilehdelt\u00e4 <strong>Siirry suoraan p\u00e4\u00e4t\u00f6ksentekoon<\/strong> -painiketta.<\/p>\n\n\n\n<p>Valitse hakemuksen P\u00e4\u00e4t\u00f6kseksi &#8221;hyv\u00e4ksyn osittain&#8221;, kirjoita viesti opiskelijalle, merkitse hyv\u00e4ksytyt opintopisteet ja aiemmin suoritetun opinnon arviointi, valitse tallentaja (sin\u00e4 itse) ja klikkaa <strong>Tallenna.<\/strong><\/p>\n\n\n\n<p>Sinun tulee viel\u00e4 lis\u00e4t\u00e4 hakemuksen asiasanat (ohje aiemmin t\u00e4ll\u00e4 sivulla).<\/p>\n\n\n\n<p>Kun olet valinnut korvaavuuden p\u00e4\u00e4t\u00f6kseksi \u201dHyv\u00e4ksyn osittain\u201d, et voi tehd\u00e4 varsinaista hyv\u00e4ksilukup\u00e4\u00e4t\u00f6st\u00e4, vaan merkitset hyv\u00e4ksiluvun vain k\u00e4sitellyksi klikkaamalla <strong>Merkitse k\u00e4sitellyksi<\/strong> -painiketta (kuvio 5). Opinto on t\u00e4m\u00e4n j\u00e4lkeen arkistoitu Peppiin. Opiskelijan HOPSilla n\u00e4kyy osittainen hyv\u00e4ksiluku sek\u00e4 sopimuksen tiedot.<\/p>\n\n\n\n<p>Kirjaa t\u00e4m\u00e4n j\u00e4lkeen hyv\u00e4ksiluvussa saadut opintopisteet ja arviointi opiskelijalle opintojakson jonkin toteutuksen kautta. N\u00e4in opiskelijan opintopistesaldo n\u00e4ytt\u00e4\u00e4 todellista lukua, eik\u00e4 h\u00e4nen tarvitse odotella puuttuvia opintopisteit\u00e4 siihen saakka, kunnes loppusuoritus on kirjattu. Jos toteutuksella ei ole olemassa toteutuksen osia, tee toteutuksen osa opiskelijalle ja kirjaa arviointi siihen.<\/p>\n\n\n\n<p>Opiskelijan tulee tehd\u00e4 opettajan vaatimat teht\u00e4v\u00e4t, jonka j\u00e4lkeen kirjaat lopullisen arvioinnin ja opintopisteet opiskelijalle. Opintojakso arvioidaan aiemmin suoritetun opintojakson ja t\u00e4ydent\u00e4v\u00e4n suorituksen perusteella.<\/p>\n\n\n\n<figure class=\"wp-block-image size-large\"><img loading=\"lazy\" decoding=\"async\" width=\"1561\" height=\"531\" src=\"https:\/\/help.jamk.fi\/peppi-ohjeet-henkilokunnalle\/wp-content\/uploads\/sites\/131\/2023\/04\/AHOT-korvaaminen-osittainen-hyvaksiluku-paatos.png\" alt=\"\" class=\"wp-image-3745\"\/><figcaption class=\"wp-element-caption\">Kuvio 5. Osittaisen korvaamisen p\u00e4\u00e4t\u00f6s<\/figcaption><\/figure>\n","protected":false},"excerpt":{"rendered":"<p>Korvaamista k\u00e4ytet\u00e4\u00e4n p\u00e4\u00e4s\u00e4\u00e4nt\u00f6isesti vain yksitt\u00e4isiin pakollisiin opintoihin (alle 15 op). Hakemuksen k\u00e4sittelee opintojakson vastuuhenkil\u00f6. Ennen hakemuksen k\u00e4sittely\u00e4, tutustu t\u00e4m\u00e4n ohjeen aiemmilla sivuilla oleviin ohjeisiin: eAHOT &#8211; hyv\u00e4ksilukeminen ja eAHOT-hakemus Pepiss\u00e4. Avaa hakemus hakemusrivin oikeassa reunassa olevasta Toiminnot-valikosta. Valitse \u201dK\u00e4sittele\u201d. P\u00e4\u00e4t\u00f6ksen tekeminen Klikkaa K\u00e4sittele-v\u00e4lilehdelt\u00e4 Siirry suoraan p\u00e4\u00e4t\u00f6ksentekoon -painiketta. Valitse p\u00e4\u00e4t\u00f6s alasvetovalikosta: Hyv\u00e4ksytty kokonaan -p\u00e4\u00e4t\u00f6s Jos p\u00e4\u00e4t\u00f6ksesi [&hellip;]<\/p>\n","protected":false},"author":79,"featured_media":0,"parent":4745,"menu_order":3,"comment_status":"closed","ping_status":"open","template":"","meta":{"_acf_changed":false,"_relevanssi_hide_post":"","_relevanssi_hide_content":"","_relevanssi_pin_for_all":"","_relevanssi_pin_keywords":"","_relevanssi_unpin_keywords":"","_relevanssi_related_keywords":"","_relevanssi_related_include_ids":"","_relevanssi_related_exclude_ids":"","_relevanssi_related_no_append":"","_relevanssi_related_not_related":"","_relevanssi_related_posts":"","_relevanssi_noindex_reason":"","footnotes":""},"categories":[10],"tags":[14,16,18,26],"class_list":["post-4749","page","type-page","status-publish","hentry","category-opettajan-tyopoyta","tag-ahot","tag-eahot","tag-hyvaksilukeminen","tag-korvaaminen"],"acf":[],"yoast_head":"<!-- This site is optimized with the Yoast SEO plugin v27.3 - https:\/\/yoast.com\/product\/yoast-seo-wordpress\/ -->\n<title>Korvaaminen - Peppi-ohjeet henkil\u00f6kunnalle<\/title>\n<meta name=\"robots\" content=\"index, follow, max-snippet:-1, max-image-preview:large, max-video-preview:-1\" \/>\n<link rel=\"canonical\" href=\"https:\/\/help.jamk.fi\/peppi-ohjeet-henkilokunnalle\/fi\/hyvaksilukeminen\/korvaaminen\/\" \/>\n<meta property=\"og:locale\" content=\"fi_FI\" \/>\n<meta property=\"og:type\" content=\"article\" \/>\n<meta property=\"og:title\" content=\"Korvaaminen - Peppi-ohjeet henkil\u00f6kunnalle\" \/>\n<meta property=\"og:description\" content=\"Korvaamista k\u00e4ytet\u00e4\u00e4n p\u00e4\u00e4s\u00e4\u00e4nt\u00f6isesti vain yksitt\u00e4isiin pakollisiin opintoihin (alle 15 op). Hakemuksen k\u00e4sittelee opintojakson vastuuhenkil\u00f6. Ennen hakemuksen k\u00e4sittely\u00e4, tutustu t\u00e4m\u00e4n ohjeen aiemmilla sivuilla oleviin ohjeisiin: eAHOT &#8211; hyv\u00e4ksilukeminen ja eAHOT-hakemus Pepiss\u00e4. Avaa hakemus hakemusrivin oikeassa reunassa olevasta Toiminnot-valikosta. Valitse \u201dK\u00e4sittele\u201d. P\u00e4\u00e4t\u00f6ksen tekeminen Klikkaa K\u00e4sittele-v\u00e4lilehdelt\u00e4 Siirry suoraan p\u00e4\u00e4t\u00f6ksentekoon -painiketta. Valitse p\u00e4\u00e4t\u00f6s alasvetovalikosta: Hyv\u00e4ksytty kokonaan -p\u00e4\u00e4t\u00f6s Jos p\u00e4\u00e4t\u00f6ksesi [&hellip;]\" \/>\n<meta property=\"og:url\" content=\"https:\/\/help.jamk.fi\/peppi-ohjeet-henkilokunnalle\/fi\/hyvaksilukeminen\/korvaaminen\/\" \/>\n<meta property=\"og:site_name\" content=\"Peppi-ohjeet henkil\u00f6kunnalle\" \/>\n<meta property=\"article:modified_time\" content=\"2025-08-22T05:27:48+00:00\" \/>\n<meta property=\"og:image\" content=\"https:\/\/help.jamk.fi\/peppi-ohjeet-henkilokunnalle\/wp-content\/uploads\/sites\/131\/2023\/04\/AHOT-hakemus-5.png\" \/>\n\t<meta property=\"og:image:width\" content=\"478\" \/>\n\t<meta property=\"og:image:height\" content=\"595\" \/>\n\t<meta property=\"og:image:type\" content=\"image\/png\" \/>\n<meta name=\"twitter:card\" content=\"summary_large_image\" \/>\n<meta name=\"twitter:label1\" content=\"Arvioitu lukuaika\" \/>\n\t<meta name=\"twitter:data1\" content=\"6 minuuttia\" \/>\n<script type=\"application\/ld+json\" class=\"yoast-schema-graph\">{\"@context\":\"https:\\\/\\\/schema.org\",\"@graph\":[{\"@type\":\"WebPage\",\"@id\":\"https:\\\/\\\/help.jamk.fi\\\/peppi-ohjeet-henkilokunnalle\\\/fi\\\/hyvaksilukeminen\\\/korvaaminen\\\/\",\"url\":\"https:\\\/\\\/help.jamk.fi\\\/peppi-ohjeet-henkilokunnalle\\\/fi\\\/hyvaksilukeminen\\\/korvaaminen\\\/\",\"name\":\"Korvaaminen - Peppi-ohjeet henkil\u00f6kunnalle\",\"isPartOf\":{\"@id\":\"https:\\\/\\\/help.jamk.fi\\\/peppi-ohjeet-henkilokunnalle\\\/#website\"},\"primaryImageOfPage\":{\"@id\":\"https:\\\/\\\/help.jamk.fi\\\/peppi-ohjeet-henkilokunnalle\\\/fi\\\/hyvaksilukeminen\\\/korvaaminen\\\/#primaryimage\"},\"image\":{\"@id\":\"https:\\\/\\\/help.jamk.fi\\\/peppi-ohjeet-henkilokunnalle\\\/fi\\\/hyvaksilukeminen\\\/korvaaminen\\\/#primaryimage\"},\"thumbnailUrl\":\"https:\\\/\\\/help.jamk.fi\\\/peppi-ohjeet-henkilokunnalle\\\/wp-content\\\/uploads\\\/sites\\\/131\\\/2023\\\/04\\\/AHOT-hakemus-5.png\",\"datePublished\":\"2023-04-06T09:03:58+00:00\",\"dateModified\":\"2025-08-22T05:27:48+00:00\",\"breadcrumb\":{\"@id\":\"https:\\\/\\\/help.jamk.fi\\\/peppi-ohjeet-henkilokunnalle\\\/fi\\\/hyvaksilukeminen\\\/korvaaminen\\\/#breadcrumb\"},\"inLanguage\":\"fi\",\"potentialAction\":[{\"@type\":\"ReadAction\",\"target\":[\"https:\\\/\\\/help.jamk.fi\\\/peppi-ohjeet-henkilokunnalle\\\/fi\\\/hyvaksilukeminen\\\/korvaaminen\\\/\"]}]},{\"@type\":\"ImageObject\",\"inLanguage\":\"fi\",\"@id\":\"https:\\\/\\\/help.jamk.fi\\\/peppi-ohjeet-henkilokunnalle\\\/fi\\\/hyvaksilukeminen\\\/korvaaminen\\\/#primaryimage\",\"url\":\"https:\\\/\\\/help.jamk.fi\\\/peppi-ohjeet-henkilokunnalle\\\/wp-content\\\/uploads\\\/sites\\\/131\\\/2023\\\/04\\\/AHOT-hakemus-5.png\",\"contentUrl\":\"https:\\\/\\\/help.jamk.fi\\\/peppi-ohjeet-henkilokunnalle\\\/wp-content\\\/uploads\\\/sites\\\/131\\\/2023\\\/04\\\/AHOT-hakemus-5.png\",\"width\":478,\"height\":595,\"caption\":\"Kuvio 1. P\u00e4\u00e4t\u00f6ksen tiedot\"},{\"@type\":\"BreadcrumbList\",\"@id\":\"https:\\\/\\\/help.jamk.fi\\\/peppi-ohjeet-henkilokunnalle\\\/fi\\\/hyvaksilukeminen\\\/korvaaminen\\\/#breadcrumb\",\"itemListElement\":[{\"@type\":\"ListItem\",\"position\":1,\"name\":\"Home\",\"item\":\"https:\\\/\\\/help.jamk.fi\\\/peppi-ohjeet-henkilokunnalle\\\/en\\\/\"},{\"@type\":\"ListItem\",\"position\":2,\"name\":\"eAHOT &#8211; hyv\u00e4ksilukeminen\",\"item\":\"https:\\\/\\\/help.jamk.fi\\\/peppi-ohjeet-henkilokunnalle\\\/fi\\\/hyvaksilukeminen\\\/\"},{\"@type\":\"ListItem\",\"position\":3,\"name\":\"Korvaaminen\"}]},{\"@type\":\"WebSite\",\"@id\":\"https:\\\/\\\/help.jamk.fi\\\/peppi-ohjeet-henkilokunnalle\\\/#website\",\"url\":\"https:\\\/\\\/help.jamk.fi\\\/peppi-ohjeet-henkilokunnalle\\\/\",\"name\":\"Peppi-ohjeet henkil\u00f6kunnalle\",\"description\":\"\",\"potentialAction\":[{\"@type\":\"SearchAction\",\"target\":{\"@type\":\"EntryPoint\",\"urlTemplate\":\"https:\\\/\\\/help.jamk.fi\\\/peppi-ohjeet-henkilokunnalle\\\/?s={search_term_string}\"},\"query-input\":{\"@type\":\"PropertyValueSpecification\",\"valueRequired\":true,\"valueName\":\"search_term_string\"}}],\"inLanguage\":\"fi\"}]}<\/script>\n<!-- \/ Yoast SEO plugin. -->","yoast_head_json":{"title":"Korvaaminen - Peppi-ohjeet henkil\u00f6kunnalle","robots":{"index":"index","follow":"follow","max-snippet":"max-snippet:-1","max-image-preview":"max-image-preview:large","max-video-preview":"max-video-preview:-1"},"canonical":"https:\/\/help.jamk.fi\/peppi-ohjeet-henkilokunnalle\/fi\/hyvaksilukeminen\/korvaaminen\/","og_locale":"fi_FI","og_type":"article","og_title":"Korvaaminen - Peppi-ohjeet henkil\u00f6kunnalle","og_description":"Korvaamista k\u00e4ytet\u00e4\u00e4n p\u00e4\u00e4s\u00e4\u00e4nt\u00f6isesti vain yksitt\u00e4isiin pakollisiin opintoihin (alle 15 op). Hakemuksen k\u00e4sittelee opintojakson vastuuhenkil\u00f6. Ennen hakemuksen k\u00e4sittely\u00e4, tutustu t\u00e4m\u00e4n ohjeen aiemmilla sivuilla oleviin ohjeisiin: eAHOT &#8211; hyv\u00e4ksilukeminen ja eAHOT-hakemus Pepiss\u00e4. Avaa hakemus hakemusrivin oikeassa reunassa olevasta Toiminnot-valikosta. Valitse \u201dK\u00e4sittele\u201d. P\u00e4\u00e4t\u00f6ksen tekeminen Klikkaa K\u00e4sittele-v\u00e4lilehdelt\u00e4 Siirry suoraan p\u00e4\u00e4t\u00f6ksentekoon -painiketta. Valitse p\u00e4\u00e4t\u00f6s alasvetovalikosta: Hyv\u00e4ksytty kokonaan -p\u00e4\u00e4t\u00f6s Jos p\u00e4\u00e4t\u00f6ksesi [&hellip;]","og_url":"https:\/\/help.jamk.fi\/peppi-ohjeet-henkilokunnalle\/fi\/hyvaksilukeminen\/korvaaminen\/","og_site_name":"Peppi-ohjeet henkil\u00f6kunnalle","article_modified_time":"2025-08-22T05:27:48+00:00","og_image":[{"width":478,"height":595,"url":"https:\/\/help.jamk.fi\/peppi-ohjeet-henkilokunnalle\/wp-content\/uploads\/sites\/131\/2023\/04\/AHOT-hakemus-5.png","type":"image\/png"}],"twitter_card":"summary_large_image","twitter_misc":{"Arvioitu lukuaika":"6 minuuttia"},"schema":{"@context":"https:\/\/schema.org","@graph":[{"@type":"WebPage","@id":"https:\/\/help.jamk.fi\/peppi-ohjeet-henkilokunnalle\/fi\/hyvaksilukeminen\/korvaaminen\/","url":"https:\/\/help.jamk.fi\/peppi-ohjeet-henkilokunnalle\/fi\/hyvaksilukeminen\/korvaaminen\/","name":"Korvaaminen - Peppi-ohjeet henkil\u00f6kunnalle","isPartOf":{"@id":"https:\/\/help.jamk.fi\/peppi-ohjeet-henkilokunnalle\/#website"},"primaryImageOfPage":{"@id":"https:\/\/help.jamk.fi\/peppi-ohjeet-henkilokunnalle\/fi\/hyvaksilukeminen\/korvaaminen\/#primaryimage"},"image":{"@id":"https:\/\/help.jamk.fi\/peppi-ohjeet-henkilokunnalle\/fi\/hyvaksilukeminen\/korvaaminen\/#primaryimage"},"thumbnailUrl":"https:\/\/help.jamk.fi\/peppi-ohjeet-henkilokunnalle\/wp-content\/uploads\/sites\/131\/2023\/04\/AHOT-hakemus-5.png","datePublished":"2023-04-06T09:03:58+00:00","dateModified":"2025-08-22T05:27:48+00:00","breadcrumb":{"@id":"https:\/\/help.jamk.fi\/peppi-ohjeet-henkilokunnalle\/fi\/hyvaksilukeminen\/korvaaminen\/#breadcrumb"},"inLanguage":"fi","potentialAction":[{"@type":"ReadAction","target":["https:\/\/help.jamk.fi\/peppi-ohjeet-henkilokunnalle\/fi\/hyvaksilukeminen\/korvaaminen\/"]}]},{"@type":"ImageObject","inLanguage":"fi","@id":"https:\/\/help.jamk.fi\/peppi-ohjeet-henkilokunnalle\/fi\/hyvaksilukeminen\/korvaaminen\/#primaryimage","url":"https:\/\/help.jamk.fi\/peppi-ohjeet-henkilokunnalle\/wp-content\/uploads\/sites\/131\/2023\/04\/AHOT-hakemus-5.png","contentUrl":"https:\/\/help.jamk.fi\/peppi-ohjeet-henkilokunnalle\/wp-content\/uploads\/sites\/131\/2023\/04\/AHOT-hakemus-5.png","width":478,"height":595,"caption":"Kuvio 1. P\u00e4\u00e4t\u00f6ksen tiedot"},{"@type":"BreadcrumbList","@id":"https:\/\/help.jamk.fi\/peppi-ohjeet-henkilokunnalle\/fi\/hyvaksilukeminen\/korvaaminen\/#breadcrumb","itemListElement":[{"@type":"ListItem","position":1,"name":"Home","item":"https:\/\/help.jamk.fi\/peppi-ohjeet-henkilokunnalle\/en\/"},{"@type":"ListItem","position":2,"name":"eAHOT &#8211; hyv\u00e4ksilukeminen","item":"https:\/\/help.jamk.fi\/peppi-ohjeet-henkilokunnalle\/fi\/hyvaksilukeminen\/"},{"@type":"ListItem","position":3,"name":"Korvaaminen"}]},{"@type":"WebSite","@id":"https:\/\/help.jamk.fi\/peppi-ohjeet-henkilokunnalle\/#website","url":"https:\/\/help.jamk.fi\/peppi-ohjeet-henkilokunnalle\/","name":"Peppi-ohjeet henkil\u00f6kunnalle","description":"","potentialAction":[{"@type":"SearchAction","target":{"@type":"EntryPoint","urlTemplate":"https:\/\/help.jamk.fi\/peppi-ohjeet-henkilokunnalle\/?s={search_term_string}"},"query-input":{"@type":"PropertyValueSpecification","valueRequired":true,"valueName":"search_term_string"}}],"inLanguage":"fi"}]}},"_links":{"self":[{"href":"https:\/\/help.jamk.fi\/peppi-ohjeet-henkilokunnalle\/wp-json\/wp\/v2\/pages\/4749","targetHints":{"allow":["GET"]}}],"collection":[{"href":"https:\/\/help.jamk.fi\/peppi-ohjeet-henkilokunnalle\/wp-json\/wp\/v2\/pages"}],"about":[{"href":"https:\/\/help.jamk.fi\/peppi-ohjeet-henkilokunnalle\/wp-json\/wp\/v2\/types\/page"}],"author":[{"embeddable":true,"href":"https:\/\/help.jamk.fi\/peppi-ohjeet-henkilokunnalle\/wp-json\/wp\/v2\/users\/79"}],"replies":[{"embeddable":true,"href":"https:\/\/help.jamk.fi\/peppi-ohjeet-henkilokunnalle\/wp-json\/wp\/v2\/comments?post=4749"}],"version-history":[{"count":28,"href":"https:\/\/help.jamk.fi\/peppi-ohjeet-henkilokunnalle\/wp-json\/wp\/v2\/pages\/4749\/revisions"}],"predecessor-version":[{"id":7714,"href":"https:\/\/help.jamk.fi\/peppi-ohjeet-henkilokunnalle\/wp-json\/wp\/v2\/pages\/4749\/revisions\/7714"}],"up":[{"embeddable":true,"href":"https:\/\/help.jamk.fi\/peppi-ohjeet-henkilokunnalle\/wp-json\/wp\/v2\/pages\/4745"}],"wp:attachment":[{"href":"https:\/\/help.jamk.fi\/peppi-ohjeet-henkilokunnalle\/wp-json\/wp\/v2\/media?parent=4749"}],"wp:term":[{"taxonomy":"category","embeddable":true,"href":"https:\/\/help.jamk.fi\/peppi-ohjeet-henkilokunnalle\/wp-json\/wp\/v2\/categories?post=4749"},{"taxonomy":"post_tag","embeddable":true,"href":"https:\/\/help.jamk.fi\/peppi-ohjeet-henkilokunnalle\/wp-json\/wp\/v2\/tags?post=4749"}],"curies":[{"name":"wp","href":"https:\/\/api.w.org\/{rel}","templated":true}]}}