{"id":4750,"date":"2023-04-12T11:34:47","date_gmt":"2023-04-12T08:34:47","guid":{"rendered":"https:\/\/help.jamk.fi\/peppi-ohjeet-henkilokunnalle\/etusivu\/hyvaksilukeminen\/aiemmin-hankittu-muu-osaaminen-korvaaminen\/"},"modified":"2026-01-26T10:50:48","modified_gmt":"2026-01-26T08:50:48","slug":"aiemmin-hankittu-muu-osaaminen-korvaaminen","status":"publish","type":"page","link":"https:\/\/help.jamk.fi\/peppi-ohjeet-henkilokunnalle\/fi\/hyvaksilukeminen\/aiemmin-hankittu-muu-osaaminen-korvaaminen\/","title":{"rendered":"Aiemmin hankittu muu osaaminen (ahot) &#8211; korvaaminen"},"content":{"rendered":"\n<blockquote class=\"wp-block-quote is-layout-flow wp-block-quote-is-layout-flow\">\n<p><strong>Aiemmin hankittua muuta osaamista voidaan hyv\u00e4ksilukea joko korvaamalla tai sis\u00e4llytt\u00e4m\u00e4ll\u00e4. Sis\u00e4llytt\u00e4m\u00e4ll\u00e4 voidaan hyv\u00e4ksilukea vain vapaasti valittaviin opintoihin liittyv\u00e4\u00e4 osaamista. Muut hyv\u00e4ksiluetaan korvaamalla<\/strong>.<strong> Tyypillinen tapaus on harjoittelun korvaaminen ty\u00f6kokemuksessa hankitulla osaamisella.<\/strong><\/p>\n<\/blockquote>\n\n\n\n<p>Alla olevissa videoissa kuvataan ahotointia osana osaamisen tunnistamista ja tunnustamista. Esimerkkin\u00e4 videoissa on ty\u00f6kokemuksen ahotointi Harjoittelu-opintojaksoihin.<\/p>\n\n\n\r\n<div id=\"embed-block_4354df73fa618eda5326f66d11b5f42a\" class=\"embed block-embed\">\r\n      <div class=\"block-embed__wrapper\">\r\n\r\n      \r\n          <div class=\"block-embed__cookie-notice--wrapper\" id=\"cookie-notice\">\r\n              <div class=\"block-embed__cookie-notice--text\">\r\n                                    <p>Hyv\u00e4ksy v\u00e4ltt\u00e4m\u00e4tt\u00f6m\u00e4t ev\u00e4steet n\u00e4hd\u00e4ksesi upotetun sis\u00e4ll\u00f6n: marketing, analytics, preferences.<\/p>\r\n                  <a href=\"#\" class=\"ch2-open-settings-btn\"> Hyv\u00e4ksy v\u00e4ltt\u00e4m\u00e4tt\u00f6m\u00e4t ev\u00e4steet<\/a>\r\n              <\/div>\r\n              <div class=\"block-embed__cookie-reload-notice\">\r\n                  <p class=\"cookie-reload-text\">\r\n                    (Jos olet hyv\u00e4ksynyt ev\u00e4steet, mutta n\u00e4et silti t\u00e4m\u00e4n viestin, lataa sivu uudelleen.)                  <\/p>\r\n                  <a href=\"#\" onclick=\"location.reload(); return false;\">\r\n                    Lataa sivu uudelleen                  <\/a>\r\n              <\/div>\r\n          <\/div>\r\n\r\n      \r\n      <\/div>\r\n<\/div>\r\n\n\n\r\n<div id=\"embed-block_f774df2303f58bf864ce115e36cd1a4b\" class=\"embed block-embed\">\r\n      <div class=\"block-embed__wrapper\">\r\n\r\n      \r\n          <div class=\"block-embed__cookie-notice--wrapper\" id=\"cookie-notice\">\r\n              <div class=\"block-embed__cookie-notice--text\">\r\n                                    <p>Hyv\u00e4ksy v\u00e4ltt\u00e4m\u00e4tt\u00f6m\u00e4t ev\u00e4steet n\u00e4hd\u00e4ksesi upotetun sis\u00e4ll\u00f6n: marketing, analytics, preferences.<\/p>\r\n                  <a href=\"#\" class=\"ch2-open-settings-btn\"> Hyv\u00e4ksy v\u00e4ltt\u00e4m\u00e4tt\u00f6m\u00e4t ev\u00e4steet<\/a>\r\n              <\/div>\r\n              <div class=\"block-embed__cookie-reload-notice\">\r\n                  <p class=\"cookie-reload-text\">\r\n                    (Jos olet hyv\u00e4ksynyt ev\u00e4steet, mutta n\u00e4et silti t\u00e4m\u00e4n viestin, lataa sivu uudelleen.)                  <\/p>\r\n                  <a href=\"#\" onclick=\"location.reload(); return false;\">\r\n                    Lataa sivu uudelleen                  <\/a>\r\n              <\/div>\r\n          <\/div>\r\n\r\n      \r\n      <\/div>\r\n<\/div>\r\n\n\n\n<h2 class=\"wp-block-heading\">Ahot-prosessi Pepiss\u00e4 (pakolliset tai vaihtoehtoiset opinnot)<\/h2>\n\n\n\n<ol class=\"wp-block-list\">\n<li>Opiskelija l\u00e4hett\u00e4\u00e4 Ahot-hakemuksen aiemmin hankitun osaamisen tunnistamista\/tunnustamista varten opintojakson vastuuopettajalle Pepin eAHOT-ty\u00f6kalun kautta tarvittavine tietoineen \/ liitteineen.<\/li>\n\n\n\n<li>Opettaja k\u00e4sittelee ja tekee p\u00e4\u00e4t\u00f6ksen sek\u00e4 sopimuksen eAHOT-ty\u00f6kalun kautta. <strong>Huom! Hyv\u00e4ksytyn p\u00e4\u00e4t\u00f6ksen tulee olla: Hyv\u00e4ksyn, mutta osaaminen on osoitettava.<\/strong><\/li>\n\n\n\n<li>Opettaja merkitsee eAHOTin k\u00e4sitellyksi Pepin eAHOT-ty\u00f6kalun kautta.<\/li>\n\n\n\n<li>Opettaja kirjaa suorituksen Peppiin opintojakson toteutukselle, jonne opiskelija on ilmoittautunut tai nostettu muiden toimijoiden toimesta. <strong>Huom. opintojakson vastuuhenkil\u00f6n tulee olla toteutuksen opettajana, jotta h\u00e4n p\u00e4\u00e4see arvioimaan suorituksen.<\/strong><\/li>\n<\/ol>\n\n\n\n<p>Lue tarkemmat ohjeet alta.<\/p>\n\n\n\n<h2 class=\"wp-block-heading\">Korvaavat aiemmin hankitut osaamiset<\/h2>\n\n\n\n<p>Ennen hakemuksen k\u00e4sittely\u00e4, tutustu t\u00e4m\u00e4n ohjeen aiemmilla sivuilla oleviin ohjeisiin: <a href=\"https:\/\/help.jamk.fi\/peppi-ohjeet-henkilokunnalle\/fi\/hyvaksilukeminen\/\">eAHOT \u2013 hyv\u00e4ksilukeminen<\/a> ja <a href=\"https:\/\/help.jamk.fi\/peppi-ohjeet-henkilokunnalle\/fi\/hyvaksilukeminen\/eahot-hakemus-pepissa\/\">eAHOT-hakemus Pepiss\u00e4<\/a>.<\/p>\n\n\n\n<p>Opiskelijan tulee aina osoittaa hankkimansa osaaminen. Se voi tapahtua esim. kirjallisella dokumentilla, haastattelulla, videolla, oppimisp\u00e4iv\u00e4kirjalla tai portfoliolla tms. tavalla. Osaamisen osoittaminen ei vaadi j\u00e4lkik\u00e4teen tehty\u00e4 suoritusta, jos hakemukselle liitetyt asiakirjat riitt\u00e4v\u00e4t osaamisen toteamiseksi.<\/p>\n\n\n\n<p>Avaa hakemus hakemusrivin oikeassa reunassa olevasta Toiminnot-valikosta. Valitse \u201d<strong>K\u00e4sittele<\/strong>\u201d.<\/p>\n\n\n\n<h3 class=\"wp-block-heading\">Sopimuksen laadinta<\/h3>\n\n\n\n<p>Huom. Ahot-p\u00e4\u00e4t\u00f6s edellytt\u00e4\u00e4 sopimuksen tekemist\u00e4.<\/p>\n\n\n\n<p>Klikkaa <strong>K\u00e4sittele<\/strong>-v\u00e4lilehdelt\u00e4 <strong>Siirry suoraan p\u00e4\u00e4t\u00f6ksentekoon<\/strong> -painiketta. <\/p>\n\n\n\n<p>Sopimuksen laatimiseksi siirry <strong>Sopimukset<\/strong>-v\u00e4lilehdelle. Kirjaa <strong>Uuden sopimuksen kuvaus<\/strong> -kentt\u00e4\u00e4n, millainen n\u00e4ytt\u00f6 ja\/tai lis\u00e4ty\u00f6 opiskelijan tulee tehd\u00e4, jotta opinto olisi hyv\u00e4ksytty (kuvio 1).<\/p>\n\n\n\n<p>Klikkaa <strong>Luo uusi<\/strong> -painiketta. Tarkista sopimuksen tiedot. T\u00e4ss\u00e4 n\u00e4kym\u00e4ss\u00e4 voit esim. jakaa sopimuksen tiedot jollekin muulle opettajalle lis\u00e4\u00e4m\u00e4ll\u00e4 henkil\u00f6n Muut opettajat -kentt\u00e4\u00e4n. Hyv\u00e4ksy sopimus klikkaamalla <strong>Tallenna<\/strong>. Jatka t\u00e4m\u00e4n j\u00e4lkeen hakemuksen k\u00e4sittely\u00e4 <strong>K\u00e4sittele<\/strong>-v\u00e4lilehdell\u00e4.<\/p>\n\n\n\n<figure class=\"wp-block-image size-full\"><img loading=\"lazy\" decoding=\"async\" width=\"470\" height=\"271\" src=\"https:\/\/help.jamk.fi\/peppi-ohjeet-henkilokunnalle\/wp-content\/uploads\/sites\/131\/2023\/04\/AHOT-sopimukset-osaaminen.png\" alt=\"\" class=\"wp-image-3885\"\/><figcaption class=\"wp-element-caption\">Kuvio 1. Sopimuksen laatiminen ahotoinnissa<\/figcaption><\/figure>\n\n\n\n<h3 class=\"wp-block-heading\">P\u00e4\u00e4t\u00f6ksen tekeminen<\/h3>\n\n\n\n<p>Klikkaa K\u00e4sittele-v\u00e4lilehdelt\u00e4 <strong>Siirry suoraan p\u00e4\u00e4t\u00f6ksentekoon<\/strong> -painiketta. Valitse p\u00e4\u00e4t\u00f6s alasvetovalikosta (kuvio 2). <\/p>\n\n\n<div id=\"info-lift-block_471f5e9ff662c5da39dc075bf0e193fb\" class=\"block-info-lift block-info-lift\">\n  <div class=\"row\">\n    <div class=\"col-12\">\n              <div class=\"block-info-lift__content\">\n          <div class=\"block-info-lift__content__icon\">\n            <span>!<\/span>\n          <\/div>\n          <p class=\"block-info-lift__content__text\">Ahotissa p\u00e4\u00e4t\u00f6kseksi valitaan aina &quot;Hyv\u00e4ksyn, mutta osaaminen on osoitettava&quot;. Ahotista ei siis tehd\u00e4 koskaan hyv\u00e4ksilukumerkint\u00e4\u00e4, vaan suoritus arvioidaan normaalisti Pepin toteutuksen kautta.<\/p>\n        <\/div>\n          <\/div>\n  <\/div>\n<\/div>\n\n\n<p><\/p>\n\n\n\n<figure class=\"wp-block-image size-full\"><img loading=\"lazy\" decoding=\"async\" width=\"507\" height=\"608\" src=\"https:\/\/help.jamk.fi\/peppi-ohjeet-henkilokunnalle\/wp-content\/uploads\/sites\/131\/2023\/04\/AHOT-hakemus-4-1.png\" alt=\"\" class=\"wp-image-3880\"\/><figcaption class=\"wp-element-caption\">Kuvio 2. AHOT-hakemuksen p\u00e4\u00e4t\u00f6svalikko<\/figcaption><\/figure>\n\n\n\n<p><\/p>\n\n\n\n<p>Sy\u00f6t\u00e4 seuraavat tiedot:<\/p>\n\n\n\n<ul class=\"wp-block-list\">\n<li>p\u00e4\u00e4t\u00f6s (hyv\u00e4ksyn, mutta osaaminen osoitettava)<\/li>\n\n\n\n<li>viesti opiskelijalle (perustelut hyv\u00e4ksiluvulle)<\/li>\n\n\n\n<li>tallentaja (valitse t\u00e4h\u00e4n itsesi)<\/li>\n\n\n\n<li>viesti tallentajalle -kentt\u00e4\u00e4n voit kirjoittaa halutessasi muistiinpanoja, jotka n\u00e4kyv\u00e4t vain sinulle.<\/li>\n<\/ul>\n\n\n\n<p>Klikkaa lopuksi <strong>Tallenna.<\/strong><\/p>\n\n\n\n<h3 class=\"wp-block-heading\">Hakemuksen asiasanojen valitseminen<\/h3>\n\n\n\n<p>Hyv\u00e4ksilukemisen k\u00e4sittely etenee seuraavaksi siten, ett\u00e4 valitset Hakemuksen asiasanat -ikkunassa ne asiasanat, jotka parhaiten kuvaavat hakemuksessa olevaa osaamista (kuvio 3). Voit valita useamman asiasanan. Voit my\u00f6s suodattaa asiasanalistaa kirjoittamalla Ohjauksen ala -kentt\u00e4\u00e4n ensin oman alasi, jolloin n\u00e4et vain oman alasi asiasanat. Huom. T\u00e4ll\u00f6in et voi l\u00f6yt\u00e4\u00e4 ns. yleisi\u00e4 asiasanoja. Asiasanat kerrytt\u00e4v\u00e4t hakemuksia hyv\u00e4ksilukupankkiin, josta voit halutessasi etsi\u00e4 jo tehtyj\u00e4 hyv\u00e4ksilukuja asiasanoilla.<\/p>\n\n\n\n<figure class=\"wp-block-image size-full\"><img loading=\"lazy\" decoding=\"async\" width=\"593\" height=\"490\" src=\"https:\/\/help.jamk.fi\/peppi-ohjeet-henkilokunnalle\/wp-content\/uploads\/sites\/131\/2023\/04\/AHOT-korvaaminen-5a.png\" alt=\"\" class=\"wp-image-3851\"\/><figcaption class=\"wp-element-caption\">Kuvio 3. Asiasanojen lis\u00e4\u00e4minen hakemukselle<\/figcaption><\/figure>\n\n\n\n<p>Siirry eteenp\u00e4in klikkaamalla <strong>Tallenna asiasanat ja p\u00e4\u00e4t\u00f6s<\/strong>.<\/p>\n\n\n\n<h3 class=\"wp-block-heading\">Arviointip\u00e4\u00e4t\u00f6s<\/h3>\n\n\n\n<p>Koska p\u00e4\u00e4t\u00f6ksen\u00e4 on \u201dHyv\u00e4ksyn, mutta osaaminen on osoitettava\u201d, et voi tehd\u00e4 varsinaista hyv\u00e4ksilukup\u00e4\u00e4t\u00f6st\u00e4, vaan merkitset hyv\u00e4ksiluvun vain k\u00e4sitellyksi klikkaamalla <strong>Merkitse k\u00e4sitellyksi<\/strong> -painiketta (kuvio 4). Opinto on nyt arkistoitu Pepiss\u00e4. Opiskelijan HOPSille korvattavalle opintojaksolle ei t\u00e4ss\u00e4 vaiheessa viel\u00e4 siirry arviointia, mutta sinne ilmestyy sopimuksesta kertova merkint\u00e4.<\/p>\n\n\n\n<p>T\u00e4m\u00e4n j\u00e4lkeen kirjaa hyv\u00e4ksiluvussa saadut opintopisteet ja arviointi opiskelijalle opintojakson jonkin toteutuksen kautta. <strong>Arvosana on aina HYV<\/strong> (hyv\u00e4ksytty).<\/p>\n\n\n\n<figure class=\"wp-block-image size-full\"><img loading=\"lazy\" decoding=\"async\" width=\"568\" height=\"386\" src=\"https:\/\/help.jamk.fi\/peppi-ohjeet-henkilokunnalle\/wp-content\/uploads\/sites\/131\/2023\/04\/AHOT-aiemmin-hankittu-muu-osaaminen-paatos-hyvaksyn-mutta-osaaminen-osoitettava.png\" alt=\"\" class=\"wp-image-3894\"\/><figcaption class=\"wp-element-caption\">Kuvio 4. P\u00e4\u00e4t\u00f6s &#8221;vaaditaan osaamisen osoittamista&#8221;<\/figcaption><\/figure>\n\n\n\n<p><\/p>\n\n\n\n<p><\/p>\n","protected":false},"excerpt":{"rendered":"<p>Aiemmin hankittua muuta osaamista voidaan hyv\u00e4ksilukea joko korvaamalla tai sis\u00e4llytt\u00e4m\u00e4ll\u00e4. Sis\u00e4llytt\u00e4m\u00e4ll\u00e4 voidaan hyv\u00e4ksilukea vain vapaasti valittaviin opintoihin liittyv\u00e4\u00e4 osaamista. Muut hyv\u00e4ksiluetaan korvaamalla. Tyypillinen tapaus on harjoittelun korvaaminen ty\u00f6kokemuksessa hankitulla osaamisella. Alla olevissa videoissa kuvataan ahotointia osana osaamisen tunnistamista ja tunnustamista. Esimerkkin\u00e4 videoissa on ty\u00f6kokemuksen ahotointi Harjoittelu-opintojaksoihin. Ahot-prosessi Pepiss\u00e4 (pakolliset tai vaihtoehtoiset opinnot) Lue tarkemmat ohjeet [&hellip;]<\/p>\n","protected":false},"author":79,"featured_media":0,"parent":4745,"menu_order":5,"comment_status":"closed","ping_status":"closed","template":"","meta":{"_acf_changed":false,"_relevanssi_hide_post":"","_relevanssi_hide_content":"","_relevanssi_pin_for_all":"","_relevanssi_pin_keywords":"","_relevanssi_unpin_keywords":"","_relevanssi_related_keywords":"","_relevanssi_related_include_ids":"","_relevanssi_related_exclude_ids":"","_relevanssi_related_no_append":"","_relevanssi_related_not_related":"","_relevanssi_related_posts":"","_relevanssi_noindex_reason":"","footnotes":""},"categories":[10],"tags":[14,28,16,18],"class_list":["post-4750","page","type-page","status-publish","hentry","category-opettajan-tyopoyta","tag-ahot","tag-aiemmin-hankittu-muu-osaaminen","tag-eahot","tag-hyvaksilukeminen"],"acf":[],"yoast_head":"<!-- This site is optimized with the Yoast SEO plugin v27.4 - https:\/\/yoast.com\/product\/yoast-seo-wordpress\/ -->\n<title>Aiemmin hankittu muu osaaminen (ahot) - korvaaminen - Peppi-ohjeet henkil\u00f6kunnalle<\/title>\n<meta name=\"robots\" content=\"index, follow, max-snippet:-1, max-image-preview:large, max-video-preview:-1\" \/>\n<link rel=\"canonical\" href=\"https:\/\/help.jamk.fi\/peppi-ohjeet-henkilokunnalle\/fi\/hyvaksilukeminen\/aiemmin-hankittu-muu-osaaminen-korvaaminen\/\" \/>\n<meta property=\"og:locale\" content=\"fi_FI\" \/>\n<meta property=\"og:type\" content=\"article\" \/>\n<meta property=\"og:title\" content=\"Aiemmin hankittu muu osaaminen (ahot) - korvaaminen - Peppi-ohjeet henkil\u00f6kunnalle\" \/>\n<meta property=\"og:description\" content=\"Aiemmin hankittua muuta osaamista voidaan hyv\u00e4ksilukea joko korvaamalla tai sis\u00e4llytt\u00e4m\u00e4ll\u00e4. Sis\u00e4llytt\u00e4m\u00e4ll\u00e4 voidaan hyv\u00e4ksilukea vain vapaasti valittaviin opintoihin liittyv\u00e4\u00e4 osaamista. Muut hyv\u00e4ksiluetaan korvaamalla. Tyypillinen tapaus on harjoittelun korvaaminen ty\u00f6kokemuksessa hankitulla osaamisella. Alla olevissa videoissa kuvataan ahotointia osana osaamisen tunnistamista ja tunnustamista. Esimerkkin\u00e4 videoissa on ty\u00f6kokemuksen ahotointi Harjoittelu-opintojaksoihin. Ahot-prosessi Pepiss\u00e4 (pakolliset tai vaihtoehtoiset opinnot) Lue tarkemmat ohjeet [&hellip;]\" \/>\n<meta property=\"og:url\" content=\"https:\/\/help.jamk.fi\/peppi-ohjeet-henkilokunnalle\/fi\/hyvaksilukeminen\/aiemmin-hankittu-muu-osaaminen-korvaaminen\/\" \/>\n<meta property=\"og:site_name\" content=\"Peppi-ohjeet henkil\u00f6kunnalle\" \/>\n<meta property=\"article:modified_time\" content=\"2026-01-26T08:50:48+00:00\" \/>\n<meta property=\"og:image\" content=\"https:\/\/help.jamk.fi\/peppi-ohjeet-henkilokunnalle\/wp-content\/uploads\/sites\/131\/2023\/04\/AHOT-sopimukset-osaaminen.png\" \/>\n\t<meta property=\"og:image:width\" content=\"470\" \/>\n\t<meta property=\"og:image:height\" content=\"271\" \/>\n\t<meta property=\"og:image:type\" content=\"image\/png\" \/>\n<meta name=\"twitter:card\" content=\"summary_large_image\" \/>\n<meta name=\"twitter:label1\" content=\"Arvioitu lukuaika\" \/>\n\t<meta name=\"twitter:data1\" content=\"4 minuuttia\" \/>\n<script type=\"application\/ld+json\" class=\"yoast-schema-graph\">{\"@context\":\"https:\\\/\\\/schema.org\",\"@graph\":[{\"@type\":\"WebPage\",\"@id\":\"https:\\\/\\\/help.jamk.fi\\\/peppi-ohjeet-henkilokunnalle\\\/fi\\\/hyvaksilukeminen\\\/aiemmin-hankittu-muu-osaaminen-korvaaminen\\\/\",\"url\":\"https:\\\/\\\/help.jamk.fi\\\/peppi-ohjeet-henkilokunnalle\\\/fi\\\/hyvaksilukeminen\\\/aiemmin-hankittu-muu-osaaminen-korvaaminen\\\/\",\"name\":\"Aiemmin hankittu muu osaaminen (ahot) - korvaaminen - Peppi-ohjeet henkil\u00f6kunnalle\",\"isPartOf\":{\"@id\":\"https:\\\/\\\/help.jamk.fi\\\/peppi-ohjeet-henkilokunnalle\\\/#website\"},\"primaryImageOfPage\":{\"@id\":\"https:\\\/\\\/help.jamk.fi\\\/peppi-ohjeet-henkilokunnalle\\\/fi\\\/hyvaksilukeminen\\\/aiemmin-hankittu-muu-osaaminen-korvaaminen\\\/#primaryimage\"},\"image\":{\"@id\":\"https:\\\/\\\/help.jamk.fi\\\/peppi-ohjeet-henkilokunnalle\\\/fi\\\/hyvaksilukeminen\\\/aiemmin-hankittu-muu-osaaminen-korvaaminen\\\/#primaryimage\"},\"thumbnailUrl\":\"https:\\\/\\\/help.jamk.fi\\\/peppi-ohjeet-henkilokunnalle\\\/wp-content\\\/uploads\\\/sites\\\/131\\\/2023\\\/04\\\/AHOT-sopimukset-osaaminen.png\",\"datePublished\":\"2023-04-12T08:34:47+00:00\",\"dateModified\":\"2026-01-26T08:50:48+00:00\",\"breadcrumb\":{\"@id\":\"https:\\\/\\\/help.jamk.fi\\\/peppi-ohjeet-henkilokunnalle\\\/fi\\\/hyvaksilukeminen\\\/aiemmin-hankittu-muu-osaaminen-korvaaminen\\\/#breadcrumb\"},\"inLanguage\":\"fi\",\"potentialAction\":[{\"@type\":\"ReadAction\",\"target\":[\"https:\\\/\\\/help.jamk.fi\\\/peppi-ohjeet-henkilokunnalle\\\/fi\\\/hyvaksilukeminen\\\/aiemmin-hankittu-muu-osaaminen-korvaaminen\\\/\"]}]},{\"@type\":\"ImageObject\",\"inLanguage\":\"fi\",\"@id\":\"https:\\\/\\\/help.jamk.fi\\\/peppi-ohjeet-henkilokunnalle\\\/fi\\\/hyvaksilukeminen\\\/aiemmin-hankittu-muu-osaaminen-korvaaminen\\\/#primaryimage\",\"url\":\"https:\\\/\\\/help.jamk.fi\\\/peppi-ohjeet-henkilokunnalle\\\/wp-content\\\/uploads\\\/sites\\\/131\\\/2023\\\/04\\\/AHOT-sopimukset-osaaminen.png\",\"contentUrl\":\"https:\\\/\\\/help.jamk.fi\\\/peppi-ohjeet-henkilokunnalle\\\/wp-content\\\/uploads\\\/sites\\\/131\\\/2023\\\/04\\\/AHOT-sopimukset-osaaminen.png\",\"width\":470,\"height\":271,\"caption\":\"Kuvio 3. Sopimuksen laatiminen ahotoinnissa\"},{\"@type\":\"BreadcrumbList\",\"@id\":\"https:\\\/\\\/help.jamk.fi\\\/peppi-ohjeet-henkilokunnalle\\\/fi\\\/hyvaksilukeminen\\\/aiemmin-hankittu-muu-osaaminen-korvaaminen\\\/#breadcrumb\",\"itemListElement\":[{\"@type\":\"ListItem\",\"position\":1,\"name\":\"Home\",\"item\":\"https:\\\/\\\/help.jamk.fi\\\/peppi-ohjeet-henkilokunnalle\\\/en\\\/\"},{\"@type\":\"ListItem\",\"position\":2,\"name\":\"eAHOT &#8211; hyv\u00e4ksilukeminen\",\"item\":\"https:\\\/\\\/help.jamk.fi\\\/peppi-ohjeet-henkilokunnalle\\\/fi\\\/hyvaksilukeminen\\\/\"},{\"@type\":\"ListItem\",\"position\":3,\"name\":\"Aiemmin hankittu muu osaaminen (ahot) &#8211; korvaaminen\"}]},{\"@type\":\"WebSite\",\"@id\":\"https:\\\/\\\/help.jamk.fi\\\/peppi-ohjeet-henkilokunnalle\\\/#website\",\"url\":\"https:\\\/\\\/help.jamk.fi\\\/peppi-ohjeet-henkilokunnalle\\\/\",\"name\":\"Peppi-ohjeet henkil\u00f6kunnalle\",\"description\":\"\",\"potentialAction\":[{\"@type\":\"SearchAction\",\"target\":{\"@type\":\"EntryPoint\",\"urlTemplate\":\"https:\\\/\\\/help.jamk.fi\\\/peppi-ohjeet-henkilokunnalle\\\/?s={search_term_string}\"},\"query-input\":{\"@type\":\"PropertyValueSpecification\",\"valueRequired\":true,\"valueName\":\"search_term_string\"}}],\"inLanguage\":\"fi\"}]}<\/script>\n<!-- \/ Yoast SEO plugin. -->","yoast_head_json":{"title":"Aiemmin hankittu muu osaaminen (ahot) - korvaaminen - Peppi-ohjeet henkil\u00f6kunnalle","robots":{"index":"index","follow":"follow","max-snippet":"max-snippet:-1","max-image-preview":"max-image-preview:large","max-video-preview":"max-video-preview:-1"},"canonical":"https:\/\/help.jamk.fi\/peppi-ohjeet-henkilokunnalle\/fi\/hyvaksilukeminen\/aiemmin-hankittu-muu-osaaminen-korvaaminen\/","og_locale":"fi_FI","og_type":"article","og_title":"Aiemmin hankittu muu osaaminen (ahot) - korvaaminen - Peppi-ohjeet henkil\u00f6kunnalle","og_description":"Aiemmin hankittua muuta osaamista voidaan hyv\u00e4ksilukea joko korvaamalla tai sis\u00e4llytt\u00e4m\u00e4ll\u00e4. Sis\u00e4llytt\u00e4m\u00e4ll\u00e4 voidaan hyv\u00e4ksilukea vain vapaasti valittaviin opintoihin liittyv\u00e4\u00e4 osaamista. Muut hyv\u00e4ksiluetaan korvaamalla. Tyypillinen tapaus on harjoittelun korvaaminen ty\u00f6kokemuksessa hankitulla osaamisella. Alla olevissa videoissa kuvataan ahotointia osana osaamisen tunnistamista ja tunnustamista. Esimerkkin\u00e4 videoissa on ty\u00f6kokemuksen ahotointi Harjoittelu-opintojaksoihin. Ahot-prosessi Pepiss\u00e4 (pakolliset tai vaihtoehtoiset opinnot) Lue tarkemmat ohjeet [&hellip;]","og_url":"https:\/\/help.jamk.fi\/peppi-ohjeet-henkilokunnalle\/fi\/hyvaksilukeminen\/aiemmin-hankittu-muu-osaaminen-korvaaminen\/","og_site_name":"Peppi-ohjeet henkil\u00f6kunnalle","article_modified_time":"2026-01-26T08:50:48+00:00","og_image":[{"width":470,"height":271,"url":"https:\/\/help.jamk.fi\/peppi-ohjeet-henkilokunnalle\/wp-content\/uploads\/sites\/131\/2023\/04\/AHOT-sopimukset-osaaminen.png","type":"image\/png"}],"twitter_card":"summary_large_image","twitter_misc":{"Arvioitu lukuaika":"4 minuuttia"},"schema":{"@context":"https:\/\/schema.org","@graph":[{"@type":"WebPage","@id":"https:\/\/help.jamk.fi\/peppi-ohjeet-henkilokunnalle\/fi\/hyvaksilukeminen\/aiemmin-hankittu-muu-osaaminen-korvaaminen\/","url":"https:\/\/help.jamk.fi\/peppi-ohjeet-henkilokunnalle\/fi\/hyvaksilukeminen\/aiemmin-hankittu-muu-osaaminen-korvaaminen\/","name":"Aiemmin hankittu muu osaaminen (ahot) - korvaaminen - Peppi-ohjeet henkil\u00f6kunnalle","isPartOf":{"@id":"https:\/\/help.jamk.fi\/peppi-ohjeet-henkilokunnalle\/#website"},"primaryImageOfPage":{"@id":"https:\/\/help.jamk.fi\/peppi-ohjeet-henkilokunnalle\/fi\/hyvaksilukeminen\/aiemmin-hankittu-muu-osaaminen-korvaaminen\/#primaryimage"},"image":{"@id":"https:\/\/help.jamk.fi\/peppi-ohjeet-henkilokunnalle\/fi\/hyvaksilukeminen\/aiemmin-hankittu-muu-osaaminen-korvaaminen\/#primaryimage"},"thumbnailUrl":"https:\/\/help.jamk.fi\/peppi-ohjeet-henkilokunnalle\/wp-content\/uploads\/sites\/131\/2023\/04\/AHOT-sopimukset-osaaminen.png","datePublished":"2023-04-12T08:34:47+00:00","dateModified":"2026-01-26T08:50:48+00:00","breadcrumb":{"@id":"https:\/\/help.jamk.fi\/peppi-ohjeet-henkilokunnalle\/fi\/hyvaksilukeminen\/aiemmin-hankittu-muu-osaaminen-korvaaminen\/#breadcrumb"},"inLanguage":"fi","potentialAction":[{"@type":"ReadAction","target":["https:\/\/help.jamk.fi\/peppi-ohjeet-henkilokunnalle\/fi\/hyvaksilukeminen\/aiemmin-hankittu-muu-osaaminen-korvaaminen\/"]}]},{"@type":"ImageObject","inLanguage":"fi","@id":"https:\/\/help.jamk.fi\/peppi-ohjeet-henkilokunnalle\/fi\/hyvaksilukeminen\/aiemmin-hankittu-muu-osaaminen-korvaaminen\/#primaryimage","url":"https:\/\/help.jamk.fi\/peppi-ohjeet-henkilokunnalle\/wp-content\/uploads\/sites\/131\/2023\/04\/AHOT-sopimukset-osaaminen.png","contentUrl":"https:\/\/help.jamk.fi\/peppi-ohjeet-henkilokunnalle\/wp-content\/uploads\/sites\/131\/2023\/04\/AHOT-sopimukset-osaaminen.png","width":470,"height":271,"caption":"Kuvio 3. Sopimuksen laatiminen ahotoinnissa"},{"@type":"BreadcrumbList","@id":"https:\/\/help.jamk.fi\/peppi-ohjeet-henkilokunnalle\/fi\/hyvaksilukeminen\/aiemmin-hankittu-muu-osaaminen-korvaaminen\/#breadcrumb","itemListElement":[{"@type":"ListItem","position":1,"name":"Home","item":"https:\/\/help.jamk.fi\/peppi-ohjeet-henkilokunnalle\/en\/"},{"@type":"ListItem","position":2,"name":"eAHOT &#8211; hyv\u00e4ksilukeminen","item":"https:\/\/help.jamk.fi\/peppi-ohjeet-henkilokunnalle\/fi\/hyvaksilukeminen\/"},{"@type":"ListItem","position":3,"name":"Aiemmin hankittu muu osaaminen (ahot) &#8211; korvaaminen"}]},{"@type":"WebSite","@id":"https:\/\/help.jamk.fi\/peppi-ohjeet-henkilokunnalle\/#website","url":"https:\/\/help.jamk.fi\/peppi-ohjeet-henkilokunnalle\/","name":"Peppi-ohjeet henkil\u00f6kunnalle","description":"","potentialAction":[{"@type":"SearchAction","target":{"@type":"EntryPoint","urlTemplate":"https:\/\/help.jamk.fi\/peppi-ohjeet-henkilokunnalle\/?s={search_term_string}"},"query-input":{"@type":"PropertyValueSpecification","valueRequired":true,"valueName":"search_term_string"}}],"inLanguage":"fi"}]}},"_links":{"self":[{"href":"https:\/\/help.jamk.fi\/peppi-ohjeet-henkilokunnalle\/wp-json\/wp\/v2\/pages\/4750","targetHints":{"allow":["GET"]}}],"collection":[{"href":"https:\/\/help.jamk.fi\/peppi-ohjeet-henkilokunnalle\/wp-json\/wp\/v2\/pages"}],"about":[{"href":"https:\/\/help.jamk.fi\/peppi-ohjeet-henkilokunnalle\/wp-json\/wp\/v2\/types\/page"}],"author":[{"embeddable":true,"href":"https:\/\/help.jamk.fi\/peppi-ohjeet-henkilokunnalle\/wp-json\/wp\/v2\/users\/79"}],"replies":[{"embeddable":true,"href":"https:\/\/help.jamk.fi\/peppi-ohjeet-henkilokunnalle\/wp-json\/wp\/v2\/comments?post=4750"}],"version-history":[{"count":25,"href":"https:\/\/help.jamk.fi\/peppi-ohjeet-henkilokunnalle\/wp-json\/wp\/v2\/pages\/4750\/revisions"}],"predecessor-version":[{"id":7922,"href":"https:\/\/help.jamk.fi\/peppi-ohjeet-henkilokunnalle\/wp-json\/wp\/v2\/pages\/4750\/revisions\/7922"}],"up":[{"embeddable":true,"href":"https:\/\/help.jamk.fi\/peppi-ohjeet-henkilokunnalle\/wp-json\/wp\/v2\/pages\/4745"}],"wp:attachment":[{"href":"https:\/\/help.jamk.fi\/peppi-ohjeet-henkilokunnalle\/wp-json\/wp\/v2\/media?parent=4750"}],"wp:term":[{"taxonomy":"category","embeddable":true,"href":"https:\/\/help.jamk.fi\/peppi-ohjeet-henkilokunnalle\/wp-json\/wp\/v2\/categories?post=4750"},{"taxonomy":"post_tag","embeddable":true,"href":"https:\/\/help.jamk.fi\/peppi-ohjeet-henkilokunnalle\/wp-json\/wp\/v2\/tags?post=4750"}],"curies":[{"name":"wp","href":"https:\/\/api.w.org\/{rel}","templated":true}]}}