{"id":4751,"date":"2023-04-13T07:47:06","date_gmt":"2023-04-13T04:47:06","guid":{"rendered":"https:\/\/help.jamk.fi\/peppi-ohjeet-henkilokunnalle\/etusivu\/hyvaksilukeminen\/korvaamisen-kirjaaminen-opintorekisteriin\/"},"modified":"2025-06-18T15:06:01","modified_gmt":"2025-06-18T12:06:01","slug":"korvaamisen-kirjaaminen-opintorekisteriin","status":"publish","type":"page","link":"https:\/\/help.jamk.fi\/peppi-ohjeet-henkilokunnalle\/fi\/hyvaksilukeminen\/korvaamisen-kirjaaminen-opintorekisteriin\/","title":{"rendered":"Korvaamisen kirjaaminen opintorekisteriin"},"content":{"rendered":"\n<p>Hakemuksen k\u00e4sittelyn j\u00e4lkeen sinun tulee viel\u00e4 siirt\u00e4\u00e4 hyv\u00e4ksilukup\u00e4\u00e4t\u00f6ksen tiedot opiskelijan opintorekisteriin. Tee t\u00e4m\u00e4 klikkaamalla <strong>Hyv\u00e4ksiluku<\/strong>-painiketta (kuvio 1), mik\u00e4li Lis\u00e4\u00e4 hyv\u00e4ksiluku -ikkuna ei aukea automaattisesti.<\/p>\n\n\n\n<p><strong>Huom. Jos p\u00e4\u00e4t\u00f6ksesi on &#8221;hyv\u00e4ksytty kokonaan&#8221;, \u00e4l\u00e4 klilkkaa Merkitse k\u00e4sitellyksi -painiketta, sill\u00e4 opiskelija ei saa silloin merkint\u00e4\u00e4 hyv\u00e4ksiluvusta HOPSilleen.<\/strong><\/p>\n\n\n\n<figure class=\"wp-block-image size-large\"><img decoding=\"async\" src=\"https:\/\/help.jamk.fi\/peppi-ohjeet-henkilokunnalle\/wp-content\/uploads\/sites\/131\/2023\/04\/AHOT-korvaaminen-hyvaksiluvun-vieminen-rekisteriin.png\" alt=\"\"\/><figcaption class=\"wp-element-caption\">Kuvio 1. Hyv\u00e4ksiluku-painike<\/figcaption><\/figure>\n\n\n\n<h2 class=\"wp-block-heading\">Hyv\u00e4ksiluvun kirjaaminen<\/h2>\n\n\n\n<p><strong>Tarkista ensin, ett\u00e4 opiskelija on t\u00e4ytt\u00e4nyt oman opintonsa tiedot oikein, sill\u00e4 my\u00f6s ne vaikuttavat suorituksen kirjaamiseen opintosuoritusotteelle ja HOPSille. Esim. opinnon laajuus- ja nimi -kent\u00e4t on oltava oikein t\u00e4ytettyj\u00e4.<\/strong> <strong><a href=\"https:\/\/help.jamk.fi\/peppi-ohjeet-henkilokunnalle\/fi\/hyvaksilukeminen\/opettajan-tarkistuslista\/\">Lue lis\u00e4\u00e4 opettajan tarkistuslistalta<\/a>.<\/strong><\/p>\n\n\n\n<p>Alla olevassa kuvassa opiskelijan t\u00e4ytt\u00e4m\u00e4t tiedot ovat ikkunan vasemassa reunassa. Kirjataksesi hyv\u00e4ksiluvun opiskelijan HOPSille klikkaa <strong>korvattavan<\/strong> <strong>opinnon <\/strong>(ikkunan oikeassa reunassa) yl\u00e4nurkan <strong>kyn\u00e4-ikonia<\/strong> (kuvio 2).<\/p>\n\n\n\n<p>Huom. Jos korvaamisen tyyppi on yhden suhde moneen tai monen suhde moneen, t\u00e4ytyy jokaiselle korvattavalle opinnolle kirjata tiedot erikseen (kuvio 2).<\/p>\n\n\n\n<figure class=\"wp-block-image size-large\"><img loading=\"lazy\" decoding=\"async\" width=\"1796\" height=\"733\" src=\"https:\/\/help.jamk.fi\/peppi-ohjeet-henkilokunnalle\/wp-content\/uploads\/sites\/131\/2023\/04\/AHOT-korvaaminen-yhden-suhde-moneen-lisaa-hyvaksiluku-ikkuna.png\" alt=\"\" class=\"wp-image-3763\"\/><figcaption class=\"wp-element-caption\">Kuvio 2. Korvaaminen &#8211; yhden suhde moneen<\/figcaption><\/figure>\n\n\n\n<p>Tarkista ja lis\u00e4\u00e4 seuraavat tiedot (kuvio 3):<\/p>\n\n\n\n<ul class=\"wp-block-list\">\n<li>opinto (joka korvataan)<\/li>\n\n\n\n<li>opintopisteet, jotka hyv\u00e4ksyt\u00e4\u00e4n (katso <a href=\"https:\/\/help.jamk.fi\/peppi-ohjeet-henkilokunnalle\/fi\/hyvaksilukeminen\/korvaaminen\/\">ohje<\/a>)<\/li>\n\n\n\n<li>suoritusotteessa n\u00e4ytett\u00e4v\u00e4t nimet (suorituksen nimi)<\/li>\n\n\n\n<li>kieli<\/li>\n\n\n\n<li>kunta (kunta, jossa hyv\u00e4ksiluku tapahtuu, l\u00e4hes aina siis Jyv\u00e4skyl\u00e4)<\/li>\n\n\n\n<li>arviointi (katso ohje alta)<\/li>\n\n\n\n<li>hyv\u00e4ksilukup\u00e4iv\u00e4 (p\u00e4iv\u00e4, jolloin hyv\u00e4ksiluku kirjataan)<\/li>\n\n\n\n<li>suoritusmerkinn\u00e4n antaja (omat tietosi)<\/li>\n\n\n\n<li>opintojakson tarkentava tyyppi (katso ohje alta)<\/li>\n\n\n\n<li>koulutusala (opiskelijan koulutusala)<\/li>\n<\/ul>\n\n\n\n<figure class=\"wp-block-image size-full\"><img loading=\"lazy\" decoding=\"async\" width=\"583\" height=\"914\" src=\"https:\/\/help.jamk.fi\/peppi-ohjeet-henkilokunnalle\/wp-content\/uploads\/sites\/131\/2023\/04\/AHOT-korvaaminen-hyvaksiluvun-kirjaaminen-1.png\" alt=\"\" class=\"wp-image-3764\"\/><figcaption class=\"wp-element-caption\">Kuvio 3. Opintojakson tietojen muokkaaminen<\/figcaption><\/figure>\n\n\n\n<p><strong>Huom. Eth\u00e4n kirjoita mit\u00e4\u00e4n Lis\u00e4tietoja suoritusotteelle -kentt\u00e4\u00e4n, sill\u00e4 teksti n\u00e4kyy opiskelijan opintosuoritusotteella.<\/strong><\/p>\n\n\n\n<h3 class=\"wp-block-heading\">Arvioinnin merkitseminen<\/h3>\n\n\n\n<p>Valitse Arviointi-kentt\u00e4\u00e4n se arvosana (1-5), jonka opiskelija on saanut opintojaksosta, jolla h\u00e4n hakee hyv\u00e4ksilukua. Jos arviointi on \u201dhyv\u00e4ksytty\u201d, valitse kentt\u00e4\u00e4n H (hyv\u00e4ksytty). Jos opintojaksoja on useita (monen suhde yhteen tai monen suhde moneen), laske niiden keskiarvo. Korota puolikkaat arvosanat yl\u00f6sp\u00e4in laskemisen j\u00e4lkeen.<\/p>\n\n\n\n<p>Ulkomailla suoritetut opinnot kirjataan alkuper\u00e4isell\u00e4 arvosanalla 1-5, mik\u00e4li arviointiasteikko on ollut sama. Muussa tapauksessa arviointi on &#8221;hyv\u00e4ksytty&#8221; H.<\/p>\n\n\n\n<p>Jos kyseess\u00e4 on osaamisen korvaaminen, valitse arvioinniksi H (hyv\u00e4ksytty).<\/p>\n\n\n\n<h3 class=\"wp-block-heading\">Opintojakson tarkentava tyyppi<\/h3>\n\n\n\n<p>Opintojakson tarkentava tyyppi on p\u00e4\u00e4s\u00e4\u00e4nt\u00f6isesti se tyyppi, joka OPSissa on valittu ko. opinnon \u201dopintojen tyyppi\u201d -j\u00e4sentelyss\u00e4. Huomaa, ett\u00e4 harjoittelu on eroteltu kotimaiseen ja ulkomaiseen harjoitteluun. Lis\u00e4ksi oma tyyppins\u00e4 on ruotsi toisena tai vieraana kielen\u00e4- sek\u00e4 suomi toisena tai vieraana kielen\u00e4 -opinnoilla. YAMK-tutkinnossa k\u00e4ytet\u00e4\u00e4n vain tyyppej\u00e4 ammattiopinto, opinn\u00e4ytety\u00f6 tai vapaasti valittava opinto.<\/p>\n\n\n\n<p>Klikkaa t\u00e4m\u00e4n j\u00e4lkeen <strong>Tallenna<\/strong> ja viel\u00e4 p\u00e4\u00e4ikkunassa <strong>Tallenna<\/strong>. Hyv\u00e4ksiluku siirtyy opiskelijan opintorekisteriin ja opinto arkistoidaan Peppiin.<\/p>\n","protected":false},"excerpt":{"rendered":"<p>Hakemuksen k\u00e4sittelyn j\u00e4lkeen sinun tulee viel\u00e4 siirt\u00e4\u00e4 hyv\u00e4ksilukup\u00e4\u00e4t\u00f6ksen tiedot opiskelijan opintorekisteriin. Tee t\u00e4m\u00e4 klikkaamalla Hyv\u00e4ksiluku-painiketta (kuvio 1), mik\u00e4li Lis\u00e4\u00e4 hyv\u00e4ksiluku -ikkuna ei aukea automaattisesti. Huom. Jos p\u00e4\u00e4t\u00f6ksesi on &#8221;hyv\u00e4ksytty kokonaan&#8221;, \u00e4l\u00e4 klilkkaa Merkitse k\u00e4sitellyksi -painiketta, sill\u00e4 opiskelija ei saa silloin merkint\u00e4\u00e4 hyv\u00e4ksiluvusta HOPSilleen. Hyv\u00e4ksiluvun kirjaaminen Alla olevassa kuvassa opiskelijan t\u00e4ytt\u00e4m\u00e4t tiedot ovat ikkunan vasemassa reunassa. [&hellip;]<\/p>\n","protected":false},"author":79,"featured_media":0,"parent":4745,"menu_order":7,"comment_status":"closed","ping_status":"closed","template":"","meta":{"_acf_changed":false,"_relevanssi_hide_post":"","_relevanssi_hide_content":"","_relevanssi_pin_for_all":"","_relevanssi_pin_keywords":"","_relevanssi_unpin_keywords":"","_relevanssi_related_keywords":"","_relevanssi_related_include_ids":"","_relevanssi_related_exclude_ids":"","_relevanssi_related_no_append":"","_relevanssi_related_not_related":"","_relevanssi_related_posts":"","_relevanssi_noindex_reason":"","footnotes":""},"categories":[10],"tags":[14,16,18,26],"class_list":["post-4751","page","type-page","status-publish","hentry","category-opettajan-tyopoyta","tag-ahot","tag-eahot","tag-hyvaksilukeminen","tag-korvaaminen"],"acf":[],"yoast_head":"<!-- This site is optimized with the Yoast SEO plugin v27.3 - https:\/\/yoast.com\/product\/yoast-seo-wordpress\/ -->\n<title>Korvaamisen kirjaaminen opintorekisteriin - Peppi-ohjeet henkil\u00f6kunnalle<\/title>\n<meta name=\"robots\" content=\"index, follow, max-snippet:-1, max-image-preview:large, max-video-preview:-1\" \/>\n<link rel=\"canonical\" href=\"https:\/\/help.jamk.fi\/peppi-ohjeet-henkilokunnalle\/fi\/hyvaksilukeminen\/korvaamisen-kirjaaminen-opintorekisteriin\/\" \/>\n<meta property=\"og:locale\" content=\"fi_FI\" \/>\n<meta property=\"og:type\" content=\"article\" \/>\n<meta property=\"og:title\" content=\"Korvaamisen kirjaaminen opintorekisteriin - Peppi-ohjeet henkil\u00f6kunnalle\" \/>\n<meta property=\"og:description\" content=\"Hakemuksen k\u00e4sittelyn j\u00e4lkeen sinun tulee viel\u00e4 siirt\u00e4\u00e4 hyv\u00e4ksilukup\u00e4\u00e4t\u00f6ksen tiedot opiskelijan opintorekisteriin. Tee t\u00e4m\u00e4 klikkaamalla Hyv\u00e4ksiluku-painiketta (kuvio 1), mik\u00e4li Lis\u00e4\u00e4 hyv\u00e4ksiluku -ikkuna ei aukea automaattisesti. Huom. Jos p\u00e4\u00e4t\u00f6ksesi on &#8221;hyv\u00e4ksytty kokonaan&#8221;, \u00e4l\u00e4 klilkkaa Merkitse k\u00e4sitellyksi -painiketta, sill\u00e4 opiskelija ei saa silloin merkint\u00e4\u00e4 hyv\u00e4ksiluvusta HOPSilleen. Hyv\u00e4ksiluvun kirjaaminen Alla olevassa kuvassa opiskelijan t\u00e4ytt\u00e4m\u00e4t tiedot ovat ikkunan vasemassa reunassa. [&hellip;]\" \/>\n<meta property=\"og:url\" content=\"https:\/\/help.jamk.fi\/peppi-ohjeet-henkilokunnalle\/fi\/hyvaksilukeminen\/korvaamisen-kirjaaminen-opintorekisteriin\/\" \/>\n<meta property=\"og:site_name\" content=\"Peppi-ohjeet henkil\u00f6kunnalle\" \/>\n<meta property=\"article:modified_time\" content=\"2025-06-18T12:06:01+00:00\" \/>\n<meta property=\"og:image\" content=\"https:\/\/help.jamk.fi\/peppi-ohjeet-henkilokunnalle\/wp-content\/uploads\/sites\/131\/2023\/04\/AHOT-korvaaminen-hyvaksiluvun-vieminen-rekisteriin.png\" \/>\n<meta name=\"twitter:card\" content=\"summary_large_image\" \/>\n<meta name=\"twitter:label1\" content=\"Arvioitu lukuaika\" \/>\n\t<meta name=\"twitter:data1\" content=\"3 minuuttia\" \/>\n<script type=\"application\/ld+json\" class=\"yoast-schema-graph\">{\"@context\":\"https:\\\/\\\/schema.org\",\"@graph\":[{\"@type\":\"WebPage\",\"@id\":\"https:\\\/\\\/help.jamk.fi\\\/peppi-ohjeet-henkilokunnalle\\\/fi\\\/hyvaksilukeminen\\\/korvaamisen-kirjaaminen-opintorekisteriin\\\/\",\"url\":\"https:\\\/\\\/help.jamk.fi\\\/peppi-ohjeet-henkilokunnalle\\\/fi\\\/hyvaksilukeminen\\\/korvaamisen-kirjaaminen-opintorekisteriin\\\/\",\"name\":\"Korvaamisen kirjaaminen opintorekisteriin - Peppi-ohjeet henkil\u00f6kunnalle\",\"isPartOf\":{\"@id\":\"https:\\\/\\\/help.jamk.fi\\\/peppi-ohjeet-henkilokunnalle\\\/#website\"},\"primaryImageOfPage\":{\"@id\":\"https:\\\/\\\/help.jamk.fi\\\/peppi-ohjeet-henkilokunnalle\\\/fi\\\/hyvaksilukeminen\\\/korvaamisen-kirjaaminen-opintorekisteriin\\\/#primaryimage\"},\"image\":{\"@id\":\"https:\\\/\\\/help.jamk.fi\\\/peppi-ohjeet-henkilokunnalle\\\/fi\\\/hyvaksilukeminen\\\/korvaamisen-kirjaaminen-opintorekisteriin\\\/#primaryimage\"},\"thumbnailUrl\":\"https:\\\/\\\/help.jamk.fi\\\/peppi-ohjeet-henkilokunnalle\\\/wp-content\\\/uploads\\\/sites\\\/131\\\/2023\\\/04\\\/AHOT-korvaaminen-hyvaksiluvun-vieminen-rekisteriin.png\",\"datePublished\":\"2023-04-13T04:47:06+00:00\",\"dateModified\":\"2025-06-18T12:06:01+00:00\",\"breadcrumb\":{\"@id\":\"https:\\\/\\\/help.jamk.fi\\\/peppi-ohjeet-henkilokunnalle\\\/fi\\\/hyvaksilukeminen\\\/korvaamisen-kirjaaminen-opintorekisteriin\\\/#breadcrumb\"},\"inLanguage\":\"fi\",\"potentialAction\":[{\"@type\":\"ReadAction\",\"target\":[\"https:\\\/\\\/help.jamk.fi\\\/peppi-ohjeet-henkilokunnalle\\\/fi\\\/hyvaksilukeminen\\\/korvaamisen-kirjaaminen-opintorekisteriin\\\/\"]}]},{\"@type\":\"ImageObject\",\"inLanguage\":\"fi\",\"@id\":\"https:\\\/\\\/help.jamk.fi\\\/peppi-ohjeet-henkilokunnalle\\\/fi\\\/hyvaksilukeminen\\\/korvaamisen-kirjaaminen-opintorekisteriin\\\/#primaryimage\",\"url\":\"https:\\\/\\\/help.jamk.fi\\\/peppi-ohjeet-henkilokunnalle\\\/wp-content\\\/uploads\\\/sites\\\/131\\\/2023\\\/04\\\/AHOT-korvaaminen-hyvaksiluvun-vieminen-rekisteriin.png\",\"contentUrl\":\"https:\\\/\\\/help.jamk.fi\\\/peppi-ohjeet-henkilokunnalle\\\/wp-content\\\/uploads\\\/sites\\\/131\\\/2023\\\/04\\\/AHOT-korvaaminen-hyvaksiluvun-vieminen-rekisteriin.png\",\"width\":1538,\"height\":537,\"caption\":\"Kuvio 1. Hyv\u00e4ksiluku-toiminto korvaamisessa\"},{\"@type\":\"BreadcrumbList\",\"@id\":\"https:\\\/\\\/help.jamk.fi\\\/peppi-ohjeet-henkilokunnalle\\\/fi\\\/hyvaksilukeminen\\\/korvaamisen-kirjaaminen-opintorekisteriin\\\/#breadcrumb\",\"itemListElement\":[{\"@type\":\"ListItem\",\"position\":1,\"name\":\"Home\",\"item\":\"https:\\\/\\\/help.jamk.fi\\\/peppi-ohjeet-henkilokunnalle\\\/en\\\/\"},{\"@type\":\"ListItem\",\"position\":2,\"name\":\"eAHOT &#8211; hyv\u00e4ksilukeminen\",\"item\":\"https:\\\/\\\/help.jamk.fi\\\/peppi-ohjeet-henkilokunnalle\\\/fi\\\/hyvaksilukeminen\\\/\"},{\"@type\":\"ListItem\",\"position\":3,\"name\":\"Korvaamisen kirjaaminen opintorekisteriin\"}]},{\"@type\":\"WebSite\",\"@id\":\"https:\\\/\\\/help.jamk.fi\\\/peppi-ohjeet-henkilokunnalle\\\/#website\",\"url\":\"https:\\\/\\\/help.jamk.fi\\\/peppi-ohjeet-henkilokunnalle\\\/\",\"name\":\"Peppi-ohjeet henkil\u00f6kunnalle\",\"description\":\"\",\"potentialAction\":[{\"@type\":\"SearchAction\",\"target\":{\"@type\":\"EntryPoint\",\"urlTemplate\":\"https:\\\/\\\/help.jamk.fi\\\/peppi-ohjeet-henkilokunnalle\\\/?s={search_term_string}\"},\"query-input\":{\"@type\":\"PropertyValueSpecification\",\"valueRequired\":true,\"valueName\":\"search_term_string\"}}],\"inLanguage\":\"fi\"}]}<\/script>\n<!-- \/ Yoast SEO plugin. -->","yoast_head_json":{"title":"Korvaamisen kirjaaminen opintorekisteriin - Peppi-ohjeet henkil\u00f6kunnalle","robots":{"index":"index","follow":"follow","max-snippet":"max-snippet:-1","max-image-preview":"max-image-preview:large","max-video-preview":"max-video-preview:-1"},"canonical":"https:\/\/help.jamk.fi\/peppi-ohjeet-henkilokunnalle\/fi\/hyvaksilukeminen\/korvaamisen-kirjaaminen-opintorekisteriin\/","og_locale":"fi_FI","og_type":"article","og_title":"Korvaamisen kirjaaminen opintorekisteriin - Peppi-ohjeet henkil\u00f6kunnalle","og_description":"Hakemuksen k\u00e4sittelyn j\u00e4lkeen sinun tulee viel\u00e4 siirt\u00e4\u00e4 hyv\u00e4ksilukup\u00e4\u00e4t\u00f6ksen tiedot opiskelijan opintorekisteriin. Tee t\u00e4m\u00e4 klikkaamalla Hyv\u00e4ksiluku-painiketta (kuvio 1), mik\u00e4li Lis\u00e4\u00e4 hyv\u00e4ksiluku -ikkuna ei aukea automaattisesti. Huom. Jos p\u00e4\u00e4t\u00f6ksesi on &#8221;hyv\u00e4ksytty kokonaan&#8221;, \u00e4l\u00e4 klilkkaa Merkitse k\u00e4sitellyksi -painiketta, sill\u00e4 opiskelija ei saa silloin merkint\u00e4\u00e4 hyv\u00e4ksiluvusta HOPSilleen. Hyv\u00e4ksiluvun kirjaaminen Alla olevassa kuvassa opiskelijan t\u00e4ytt\u00e4m\u00e4t tiedot ovat ikkunan vasemassa reunassa. [&hellip;]","og_url":"https:\/\/help.jamk.fi\/peppi-ohjeet-henkilokunnalle\/fi\/hyvaksilukeminen\/korvaamisen-kirjaaminen-opintorekisteriin\/","og_site_name":"Peppi-ohjeet henkil\u00f6kunnalle","article_modified_time":"2025-06-18T12:06:01+00:00","og_image":[{"url":"https:\/\/help.jamk.fi\/peppi-ohjeet-henkilokunnalle\/wp-content\/uploads\/sites\/131\/2023\/04\/AHOT-korvaaminen-hyvaksiluvun-vieminen-rekisteriin.png","type":"","width":"","height":""}],"twitter_card":"summary_large_image","twitter_misc":{"Arvioitu lukuaika":"3 minuuttia"},"schema":{"@context":"https:\/\/schema.org","@graph":[{"@type":"WebPage","@id":"https:\/\/help.jamk.fi\/peppi-ohjeet-henkilokunnalle\/fi\/hyvaksilukeminen\/korvaamisen-kirjaaminen-opintorekisteriin\/","url":"https:\/\/help.jamk.fi\/peppi-ohjeet-henkilokunnalle\/fi\/hyvaksilukeminen\/korvaamisen-kirjaaminen-opintorekisteriin\/","name":"Korvaamisen kirjaaminen opintorekisteriin - Peppi-ohjeet henkil\u00f6kunnalle","isPartOf":{"@id":"https:\/\/help.jamk.fi\/peppi-ohjeet-henkilokunnalle\/#website"},"primaryImageOfPage":{"@id":"https:\/\/help.jamk.fi\/peppi-ohjeet-henkilokunnalle\/fi\/hyvaksilukeminen\/korvaamisen-kirjaaminen-opintorekisteriin\/#primaryimage"},"image":{"@id":"https:\/\/help.jamk.fi\/peppi-ohjeet-henkilokunnalle\/fi\/hyvaksilukeminen\/korvaamisen-kirjaaminen-opintorekisteriin\/#primaryimage"},"thumbnailUrl":"https:\/\/help.jamk.fi\/peppi-ohjeet-henkilokunnalle\/wp-content\/uploads\/sites\/131\/2023\/04\/AHOT-korvaaminen-hyvaksiluvun-vieminen-rekisteriin.png","datePublished":"2023-04-13T04:47:06+00:00","dateModified":"2025-06-18T12:06:01+00:00","breadcrumb":{"@id":"https:\/\/help.jamk.fi\/peppi-ohjeet-henkilokunnalle\/fi\/hyvaksilukeminen\/korvaamisen-kirjaaminen-opintorekisteriin\/#breadcrumb"},"inLanguage":"fi","potentialAction":[{"@type":"ReadAction","target":["https:\/\/help.jamk.fi\/peppi-ohjeet-henkilokunnalle\/fi\/hyvaksilukeminen\/korvaamisen-kirjaaminen-opintorekisteriin\/"]}]},{"@type":"ImageObject","inLanguage":"fi","@id":"https:\/\/help.jamk.fi\/peppi-ohjeet-henkilokunnalle\/fi\/hyvaksilukeminen\/korvaamisen-kirjaaminen-opintorekisteriin\/#primaryimage","url":"https:\/\/help.jamk.fi\/peppi-ohjeet-henkilokunnalle\/wp-content\/uploads\/sites\/131\/2023\/04\/AHOT-korvaaminen-hyvaksiluvun-vieminen-rekisteriin.png","contentUrl":"https:\/\/help.jamk.fi\/peppi-ohjeet-henkilokunnalle\/wp-content\/uploads\/sites\/131\/2023\/04\/AHOT-korvaaminen-hyvaksiluvun-vieminen-rekisteriin.png","width":1538,"height":537,"caption":"Kuvio 1. Hyv\u00e4ksiluku-toiminto korvaamisessa"},{"@type":"BreadcrumbList","@id":"https:\/\/help.jamk.fi\/peppi-ohjeet-henkilokunnalle\/fi\/hyvaksilukeminen\/korvaamisen-kirjaaminen-opintorekisteriin\/#breadcrumb","itemListElement":[{"@type":"ListItem","position":1,"name":"Home","item":"https:\/\/help.jamk.fi\/peppi-ohjeet-henkilokunnalle\/en\/"},{"@type":"ListItem","position":2,"name":"eAHOT &#8211; hyv\u00e4ksilukeminen","item":"https:\/\/help.jamk.fi\/peppi-ohjeet-henkilokunnalle\/fi\/hyvaksilukeminen\/"},{"@type":"ListItem","position":3,"name":"Korvaamisen kirjaaminen opintorekisteriin"}]},{"@type":"WebSite","@id":"https:\/\/help.jamk.fi\/peppi-ohjeet-henkilokunnalle\/#website","url":"https:\/\/help.jamk.fi\/peppi-ohjeet-henkilokunnalle\/","name":"Peppi-ohjeet henkil\u00f6kunnalle","description":"","potentialAction":[{"@type":"SearchAction","target":{"@type":"EntryPoint","urlTemplate":"https:\/\/help.jamk.fi\/peppi-ohjeet-henkilokunnalle\/?s={search_term_string}"},"query-input":{"@type":"PropertyValueSpecification","valueRequired":true,"valueName":"search_term_string"}}],"inLanguage":"fi"}]}},"_links":{"self":[{"href":"https:\/\/help.jamk.fi\/peppi-ohjeet-henkilokunnalle\/wp-json\/wp\/v2\/pages\/4751","targetHints":{"allow":["GET"]}}],"collection":[{"href":"https:\/\/help.jamk.fi\/peppi-ohjeet-henkilokunnalle\/wp-json\/wp\/v2\/pages"}],"about":[{"href":"https:\/\/help.jamk.fi\/peppi-ohjeet-henkilokunnalle\/wp-json\/wp\/v2\/types\/page"}],"author":[{"embeddable":true,"href":"https:\/\/help.jamk.fi\/peppi-ohjeet-henkilokunnalle\/wp-json\/wp\/v2\/users\/79"}],"replies":[{"embeddable":true,"href":"https:\/\/help.jamk.fi\/peppi-ohjeet-henkilokunnalle\/wp-json\/wp\/v2\/comments?post=4751"}],"version-history":[{"count":17,"href":"https:\/\/help.jamk.fi\/peppi-ohjeet-henkilokunnalle\/wp-json\/wp\/v2\/pages\/4751\/revisions"}],"predecessor-version":[{"id":7601,"href":"https:\/\/help.jamk.fi\/peppi-ohjeet-henkilokunnalle\/wp-json\/wp\/v2\/pages\/4751\/revisions\/7601"}],"up":[{"embeddable":true,"href":"https:\/\/help.jamk.fi\/peppi-ohjeet-henkilokunnalle\/wp-json\/wp\/v2\/pages\/4745"}],"wp:attachment":[{"href":"https:\/\/help.jamk.fi\/peppi-ohjeet-henkilokunnalle\/wp-json\/wp\/v2\/media?parent=4751"}],"wp:term":[{"taxonomy":"category","embeddable":true,"href":"https:\/\/help.jamk.fi\/peppi-ohjeet-henkilokunnalle\/wp-json\/wp\/v2\/categories?post=4751"},{"taxonomy":"post_tag","embeddable":true,"href":"https:\/\/help.jamk.fi\/peppi-ohjeet-henkilokunnalle\/wp-json\/wp\/v2\/tags?post=4751"}],"curies":[{"name":"wp","href":"https:\/\/api.w.org\/{rel}","templated":true}]}}