{"id":4753,"date":"2023-04-13T09:18:27","date_gmt":"2023-04-13T06:18:27","guid":{"rendered":"https:\/\/help.jamk.fi\/peppi-ohjeet-henkilokunnalle\/etusivu\/hyvaksilukeminen\/aiemmin-hankittu-muu-osaaminen-sisallyttaminen\/"},"modified":"2025-06-24T08:30:11","modified_gmt":"2025-06-24T05:30:11","slug":"aiemmin-hankittu-muu-osaaminen-sisallyttaminen","status":"publish","type":"page","link":"https:\/\/help.jamk.fi\/peppi-ohjeet-henkilokunnalle\/fi\/hyvaksilukeminen\/aiemmin-hankittu-muu-osaaminen-sisallyttaminen\/","title":{"rendered":"Aiemmin hankittu muu osaaminen (ahot) \u2013 sis\u00e4llytt\u00e4minen"},"content":{"rendered":"\n<blockquote class=\"wp-block-quote is-layout-flow wp-block-quote-is-layout-flow\">\n<p><strong>Aiemmin hankittua muuta osaamista voidaan hyv\u00e4ksilukea joko korvaamalla tai sis\u00e4llytt\u00e4m\u00e4ll\u00e4. Sis\u00e4llytt\u00e4m\u00e4ll\u00e4 voidaan hyv\u00e4ksilukea vain vapaasti valittaviin opintoihin liittyv\u00e4\u00e4 osaamista. Muut hyv\u00e4ksiluetaan korvaamalla.<\/strong><\/p>\n<\/blockquote>\n\n\n\n<h2 class=\"wp-block-heading\">Sis\u00e4llytett\u00e4v\u00e4t aiemmin hankitut osaamiset<\/h2>\n\n\n\n<p>Ennen hakemuksen k\u00e4sittely\u00e4, tutustu t\u00e4m\u00e4n ohjeen aiemmilla sivuilla oleviin ohjeisiin: <a href=\"https:\/\/help.jamk.fi\/peppi-ohjeet-henkilokunnalle\/fi\/hyvaksilukeminen\/\">eAHOT \u2013 hyv\u00e4ksilukeminen<\/a> ja <a href=\"https:\/\/help.jamk.fi\/peppi-ohjeet-henkilokunnalle\/fi\/hyvaksilukeminen\/eahot-hakemus-pepissa\/\">eAHOT-hakemus Pepiss\u00e4<\/a>.<\/p>\n\n\n\n<p>Avaa hakemus hakemusrivin oikeassa reunassa olevasta Toiminnot-valikosta. Valitse \u201d<strong>K\u00e4sittele<\/strong>\u201d.<\/p>\n\n\n\n<h2 class=\"wp-block-heading\">P\u00e4\u00e4t\u00f6ksen tekeminen<\/h2>\n\n\n\n<p>Klikkaa <strong>K\u00e4sittele<\/strong>-v\u00e4lilehdelt\u00e4 <strong>Siirry suoraan p\u00e4\u00e4t\u00f6ksentekoon<\/strong> -painiketta (kuvio 1).<\/p>\n\n\n\n<figure class=\"wp-block-image size-large\"><img loading=\"lazy\" decoding=\"async\" width=\"1609\" height=\"592\" src=\"https:\/\/help.jamk.fi\/peppi-ohjeet-henkilokunnalle\/wp-content\/uploads\/sites\/131\/2023\/04\/AHOT-aiemmin-hankittu-muu-osaaminen-sisallyttaminen-1.png\" alt=\"\" class=\"wp-image-3927\"\/><figcaption class=\"wp-element-caption\">Kuvio 1. Opinnot ja p\u00e4\u00e4t\u00f6kset -osio hakemuksella<\/figcaption><\/figure>\n\n\n\n<p>Valitse p\u00e4\u00e4t\u00f6s alasvetovalikosta (kuvio 2):<\/p>\n\n\n\n<ul class=\"wp-block-list\">\n<li>Hyv\u00e4ksytty kokonaan<\/li>\n\n\n\n<li>Hyv\u00e4ksyn osittain<\/li>\n\n\n\n<li>Hyv\u00e4ksyn, mutta osaaminen on osoitettava (katso ohje alempaa t\u00e4lt\u00e4 sivulta)<\/li>\n\n\n\n<li>Hylk\u00e4\u00e4n (katso ohje alempaa t\u00e4lt\u00e4 sivulta)<\/li>\n<\/ul>\n\n\n\n<figure class=\"wp-block-image size-full\"><img loading=\"lazy\" decoding=\"async\" width=\"507\" height=\"608\" src=\"https:\/\/help.jamk.fi\/peppi-ohjeet-henkilokunnalle\/wp-content\/uploads\/sites\/131\/2023\/04\/AHOT-hakemus-4-1.png\" alt=\"\" class=\"wp-image-3880\"\/><figcaption class=\"wp-element-caption\">Kuvio 2. AHOT-hakemuksen p\u00e4\u00e4t\u00f6svalikko<\/figcaption><\/figure>\n\n\n\n<p>Opiskelijan tulee aina osoittaa hankkimansa osaaminen. Se voi tapahtua esim. kirjallisella dokumentilla, haastattelulla, videolla, oppimisp\u00e4iv\u00e4kirjalla tai portfoliolla tms. tavalla.<\/p>\n\n\n\n<h3 class=\"wp-block-heading\">Hyv\u00e4ksytty kokonaan -p\u00e4\u00e4t\u00f6s<\/h3>\n\n\n\n<p><strong>Huom. Sis\u00e4llytt\u00e4misess\u00e4 k\u00e4ytet\u00e4\u00e4n p\u00e4\u00e4s\u00e4\u00e4nt\u00f6isesti \u201dhyv\u00e4ksytty kokonaan\u201d -p\u00e4\u00e4t\u00f6st\u00e4.<\/strong><\/p>\n\n\n\n<h4 class=\"wp-block-heading\">Osaamisen muuttaminen opintopisteiksi<\/h4>\n\n\n\n<p>Huom. Jotta p\u00e4\u00e4t\u00f6s voisi olla \u201dhyv\u00e4ksytty kokonaan\u201d, opiskelijan on t\u00e4ytynyt tehd\u00e4 hankkimastaan osaamisesta sek\u00e4 osaamisen kuvaus ett\u00e4 tuntilaskelma, josta selvi\u00e4\u00e4 kuinka monta opintopistett\u00e4 ko. osaamisella voidaan korvata (1 op = 27 tuntia opiskelijan ty\u00f6t\u00e4). Osaamisen on oltava AMK- tai YAMK-tutkinnon tasoista.<\/p>\n\n\n\n<h4 class=\"wp-block-heading\">P\u00e4\u00e4t\u00f6ksen tiedot<\/h4>\n\n\n\n<p>Sy\u00f6t\u00e4 <strong>K\u00e4sittele<\/strong>-v\u00e4lilehdell\u00e4 alla olevat tiedot (kuvio 3):<\/p>\n\n\n\n<ul class=\"wp-block-list\">\n<li>p\u00e4\u00e4t\u00f6s (hyv\u00e4ksytty kokonaan)<\/li>\n\n\n\n<li>viesti opiskelijalle (perustelut hyv\u00e4ksiluvulle)<\/li>\n\n\n\n<li>tallentaja (valitse t\u00e4h\u00e4n itsesi)<\/li>\n\n\n\n<li>viesti tallentajalle -kentt\u00e4\u00e4n voit kirjoittaa halutessasi muistiinpanoja, jotka n\u00e4kyv\u00e4t vain sinulle.<\/li>\n<\/ul>\n\n\n\n<p>Klikkaa <strong>Tallenna<\/strong>.<\/p>\n\n\n\n<figure class=\"wp-block-image size-large\"><img loading=\"lazy\" decoding=\"async\" width=\"1583\" height=\"682\" src=\"https:\/\/help.jamk.fi\/peppi-ohjeet-henkilokunnalle\/wp-content\/uploads\/sites\/131\/2023\/04\/AHOT-aiemmin-hankittu-muu-osaaminen-sisallyttaminen-2.png\" alt=\"\" class=\"wp-image-3929\"\/><figcaption class=\"wp-element-caption\">Kuvio 3. P\u00e4\u00e4t\u00f6kseen liittyvien tietojen kirjaaminen<\/figcaption><\/figure>\n\n\n\n<h3 class=\"wp-block-heading\">Hyl\u00e4tty-p\u00e4\u00e4t\u00f6s<\/h3>\n\n\n\n<p>Sis\u00e4llytt\u00e4misess\u00e4 et voi tehd\u00e4 hyl\u00e4tty\u00e4 p\u00e4\u00e4t\u00f6st\u00e4, vaan sinun tulee hyl\u00e4t\u00e4 koko hakemus. T\u00e4m\u00e4n voit tehd\u00e4 hakemuksen yl\u00e4osassa olevasta <strong>Hylk\u00e4\u00e4 hakemus<\/strong> -painikkeesta.<\/p>\n\n\n\n<h3 class=\"wp-block-heading\">Hyv\u00e4ksyn, mutta osaaminen on osoitettava -p\u00e4\u00e4t\u00f6s<\/h3>\n\n\n\n<p>Hakemuksen hyv\u00e4ksyminen siten, ett\u00e4 osaaminen on osoitettava, vaatii sopimuksen tekemist\u00e4.<\/p>\n\n\n\n<p>Sopimus tehd\u00e4\u00e4n hakemuksen k\u00e4sittelyn <strong>Sopimukset<\/strong>-v\u00e4lilehdelt\u00e4 ennen p\u00e4\u00e4t\u00f6ksentekoa. Kirjaa Uuden sopimuksen kuvaus -kentt\u00e4\u00e4n, millainen n\u00e4ytt\u00f6 ja\/tai lis\u00e4ty\u00f6 opiskelijan tulee tehd\u00e4, jotta koko opintojakso olisi hyv\u00e4ksytty (kuvio 4). Klikkaa lopuksi <strong>Luo uusi<\/strong> -painiketta. Tarkista sopimuksen tiedot. T\u00e4ss\u00e4 n\u00e4kym\u00e4ss\u00e4 voit esim. jakaa sopimuksen tiedot jollekin muulle opettajalle lis\u00e4\u00e4m\u00e4ll\u00e4 henkil\u00f6n Muut opettajat -kentt\u00e4\u00e4n. Hyv\u00e4ksy sopimus klikkaamalla <strong>Tallenna<\/strong>. Jatka t\u00e4m\u00e4n j\u00e4lkeen hakemuksen k\u00e4sittely\u00e4 <strong>K\u00e4sittele<\/strong>-v\u00e4lilehdell\u00e4.<\/p>\n\n\n\n<figure class=\"wp-block-image size-full\"><img loading=\"lazy\" decoding=\"async\" width=\"470\" height=\"271\" src=\"https:\/\/help.jamk.fi\/peppi-ohjeet-henkilokunnalle\/wp-content\/uploads\/sites\/131\/2023\/04\/AHOT-sopimukset-osaaminen.png\" alt=\"\" class=\"wp-image-3885\"\/><figcaption class=\"wp-element-caption\">Kuvio 4. Sopimuksen laatiminen ahotoinnissa<\/figcaption><\/figure>\n\n\n\n<p>Klikkaa K\u00e4sittele-v\u00e4lilehdelt\u00e4 <strong>Siirry suoraan p\u00e4\u00e4t\u00f6ksentekoon<\/strong> -painiketta.<\/p>\n\n\n\n<p>Sy\u00f6t\u00e4 seuraavat tiedot (ks. ylt\u00e4 kuvio 3):<\/p>\n\n\n\n<ul class=\"wp-block-list\">\n<li>p\u00e4\u00e4t\u00f6s (hyv\u00e4ksyn, mutta osaaminen osoitettava)<\/li>\n\n\n\n<li>viesti opiskelijalle (perustelut hyv\u00e4ksiluvulle)<\/li>\n\n\n\n<li>tallentaja (valitse t\u00e4h\u00e4n itsesi)<\/li>\n\n\n\n<li>viesti tallentajalle -kentt\u00e4\u00e4n voit kirjoittaa halutessasi muistiinpanoja, jotka n\u00e4kyv\u00e4t vain sinulle.<\/li>\n<\/ul>\n\n\n\n<p>Klikkaa lopuksi <strong>Tallenna.<\/strong><\/p>\n\n\n\n<p><strong>Huom. Vaadithan opiskelijalta osaamisen n\u00e4yt\u00f6n tai osaamisen t\u00e4ydent\u00e4misen ennen hyv\u00e4ksiluvun kirjaamista, koska kirjaaminen siirt\u00e4\u00e4 suorituksen opiskelijan opintosuorituksiin.<\/strong><\/p>\n\n\n\n<h2 class=\"wp-block-heading\">Hakemuksen asiasanojen valitseminen<\/h2>\n\n\n\n<p>Hyv\u00e4ksilukemisen k\u00e4sittely etenee seuraavaksi siten, ett\u00e4 valitset Hakemuksen asiasanat -ikkunassa ne asiasanat, jotka parhaiten kuvaavat hakemuksessa olevaa osaamista (kuvio 5). Voit valita useamman asiasanan. Voit my\u00f6s suodattaa asiasanalistaa kirjoittamalla Ohjauksen ala -kentt\u00e4\u00e4n ensin oman alasi, jolloin n\u00e4et vain oman alasi asiasanat. Huom. T\u00e4ll\u00f6in et voi l\u00f6yt\u00e4\u00e4 ns. yleisi\u00e4 asiasanoja. Asiasanat kerrytt\u00e4v\u00e4t hakemuksia hyv\u00e4ksilukupankkiin, josta voit halutessasi etsi\u00e4 jo tehtyj\u00e4 hyv\u00e4ksilukuja asiasanoilla.<\/p>\n\n\n\n<figure class=\"wp-block-image size-full\"><img loading=\"lazy\" decoding=\"async\" width=\"594\" height=\"488\" src=\"https:\/\/help.jamk.fi\/peppi-ohjeet-henkilokunnalle\/wp-content\/uploads\/sites\/131\/2023\/04\/AHOT-sisallyttaminen-5.png\" alt=\"\" class=\"wp-image-3748\"\/><figcaption class=\"wp-element-caption\">Kuvio 5. Asiasanojen lis\u00e4\u00e4minen hakemukselle<\/figcaption><\/figure>\n\n\n\n<p>Siirry eteenp\u00e4in klikkaamalla <strong>Tallenna asiasanat ja p\u00e4\u00e4t\u00f6s<\/strong>. Nyt siirryt Pepiss\u00e4 hyv\u00e4ksilukemisen kirjaamiseen.<\/p>\n\n\n\n<div class=\"wp-block-buttons is-layout-flex wp-block-buttons-is-layout-flex\">\n<div class=\"wp-block-button is-style-outline is-style-outline--2\"><a class=\"wp-block-button__link wp-element-button\" href=\"https:\/\/help.jamk.fi\/peppi-ohjeet-henkilokunnalle\/fi\/hyvaksilukeminen\/sisallyttamisen-kirjaaminen-opintorekisteriin\/\">Siirry Sis\u00e4llytt\u00e4misen kirjaaminen opintorekisteriin -ohjeisiin<\/a><\/div>\n<\/div>\n\n\n\n<p><\/p>\n","protected":false},"excerpt":{"rendered":"<p>Aiemmin hankittua muuta osaamista voidaan hyv\u00e4ksilukea joko korvaamalla tai sis\u00e4llytt\u00e4m\u00e4ll\u00e4. Sis\u00e4llytt\u00e4m\u00e4ll\u00e4 voidaan hyv\u00e4ksilukea vain vapaasti valittaviin opintoihin liittyv\u00e4\u00e4 osaamista. Muut hyv\u00e4ksiluetaan korvaamalla. Sis\u00e4llytett\u00e4v\u00e4t aiemmin hankitut osaamiset Ennen hakemuksen k\u00e4sittely\u00e4, tutustu t\u00e4m\u00e4n ohjeen aiemmilla sivuilla oleviin ohjeisiin: eAHOT \u2013 hyv\u00e4ksilukeminen ja eAHOT-hakemus Pepiss\u00e4. Avaa hakemus hakemusrivin oikeassa reunassa olevasta Toiminnot-valikosta. Valitse \u201dK\u00e4sittele\u201d. P\u00e4\u00e4t\u00f6ksen tekeminen Klikkaa K\u00e4sittele-v\u00e4lilehdelt\u00e4 [&hellip;]<\/p>\n","protected":false},"author":79,"featured_media":0,"parent":4745,"menu_order":6,"comment_status":"closed","ping_status":"closed","template":"","meta":{"_acf_changed":false,"_relevanssi_hide_post":"","_relevanssi_hide_content":"","_relevanssi_pin_for_all":"","_relevanssi_pin_keywords":"","_relevanssi_unpin_keywords":"","_relevanssi_related_keywords":"","_relevanssi_related_include_ids":"","_relevanssi_related_exclude_ids":"","_relevanssi_related_no_append":"","_relevanssi_related_not_related":"","_relevanssi_related_posts":"","_relevanssi_noindex_reason":"","footnotes":""},"categories":[10],"tags":[14,28,16,18,24],"class_list":["post-4753","page","type-page","status-publish","hentry","category-opettajan-tyopoyta","tag-ahot","tag-aiemmin-hankittu-muu-osaaminen","tag-eahot","tag-hyvaksilukeminen","tag-sisallyttaminen"],"acf":[],"yoast_head":"<!-- This site is optimized with the Yoast SEO plugin v27.3 - https:\/\/yoast.com\/product\/yoast-seo-wordpress\/ -->\n<title>Aiemmin hankittu muu osaaminen (ahot) \u2013 sis\u00e4llytt\u00e4minen - Peppi-ohjeet henkil\u00f6kunnalle<\/title>\n<meta name=\"robots\" content=\"index, follow, max-snippet:-1, max-image-preview:large, max-video-preview:-1\" \/>\n<link rel=\"canonical\" href=\"https:\/\/help.jamk.fi\/peppi-ohjeet-henkilokunnalle\/fi\/hyvaksilukeminen\/aiemmin-hankittu-muu-osaaminen-sisallyttaminen\/\" \/>\n<meta property=\"og:locale\" content=\"fi_FI\" \/>\n<meta property=\"og:type\" content=\"article\" \/>\n<meta property=\"og:title\" content=\"Aiemmin hankittu muu osaaminen (ahot) \u2013 sis\u00e4llytt\u00e4minen - Peppi-ohjeet henkil\u00f6kunnalle\" \/>\n<meta property=\"og:description\" content=\"Aiemmin hankittua muuta osaamista voidaan hyv\u00e4ksilukea joko korvaamalla tai sis\u00e4llytt\u00e4m\u00e4ll\u00e4. Sis\u00e4llytt\u00e4m\u00e4ll\u00e4 voidaan hyv\u00e4ksilukea vain vapaasti valittaviin opintoihin liittyv\u00e4\u00e4 osaamista. Muut hyv\u00e4ksiluetaan korvaamalla. Sis\u00e4llytett\u00e4v\u00e4t aiemmin hankitut osaamiset Ennen hakemuksen k\u00e4sittely\u00e4, tutustu t\u00e4m\u00e4n ohjeen aiemmilla sivuilla oleviin ohjeisiin: eAHOT \u2013 hyv\u00e4ksilukeminen ja eAHOT-hakemus Pepiss\u00e4. Avaa hakemus hakemusrivin oikeassa reunassa olevasta Toiminnot-valikosta. Valitse \u201dK\u00e4sittele\u201d. P\u00e4\u00e4t\u00f6ksen tekeminen Klikkaa K\u00e4sittele-v\u00e4lilehdelt\u00e4 [&hellip;]\" \/>\n<meta property=\"og:url\" content=\"https:\/\/help.jamk.fi\/peppi-ohjeet-henkilokunnalle\/fi\/hyvaksilukeminen\/aiemmin-hankittu-muu-osaaminen-sisallyttaminen\/\" \/>\n<meta property=\"og:site_name\" content=\"Peppi-ohjeet henkil\u00f6kunnalle\" \/>\n<meta property=\"article:modified_time\" content=\"2025-06-24T05:30:11+00:00\" \/>\n<meta property=\"og:image\" content=\"https:\/\/help.jamk.fi\/peppi-ohjeet-henkilokunnalle\/wp-content\/uploads\/sites\/131\/2023\/04\/AHOT-aiemmin-hankittu-muu-osaaminen-sisallyttaminen-1.png\" \/>\n\t<meta property=\"og:image:width\" content=\"1609\" \/>\n\t<meta property=\"og:image:height\" content=\"592\" \/>\n\t<meta property=\"og:image:type\" content=\"image\/png\" \/>\n<meta name=\"twitter:card\" content=\"summary_large_image\" \/>\n<meta name=\"twitter:label1\" content=\"Arvioitu lukuaika\" \/>\n\t<meta name=\"twitter:data1\" content=\"4 minuuttia\" \/>\n<script type=\"application\/ld+json\" class=\"yoast-schema-graph\">{\"@context\":\"https:\\\/\\\/schema.org\",\"@graph\":[{\"@type\":\"WebPage\",\"@id\":\"https:\\\/\\\/help.jamk.fi\\\/peppi-ohjeet-henkilokunnalle\\\/fi\\\/hyvaksilukeminen\\\/aiemmin-hankittu-muu-osaaminen-sisallyttaminen\\\/\",\"url\":\"https:\\\/\\\/help.jamk.fi\\\/peppi-ohjeet-henkilokunnalle\\\/fi\\\/hyvaksilukeminen\\\/aiemmin-hankittu-muu-osaaminen-sisallyttaminen\\\/\",\"name\":\"Aiemmin hankittu muu osaaminen (ahot) \u2013 sis\u00e4llytt\u00e4minen - Peppi-ohjeet henkil\u00f6kunnalle\",\"isPartOf\":{\"@id\":\"https:\\\/\\\/help.jamk.fi\\\/peppi-ohjeet-henkilokunnalle\\\/#website\"},\"primaryImageOfPage\":{\"@id\":\"https:\\\/\\\/help.jamk.fi\\\/peppi-ohjeet-henkilokunnalle\\\/fi\\\/hyvaksilukeminen\\\/aiemmin-hankittu-muu-osaaminen-sisallyttaminen\\\/#primaryimage\"},\"image\":{\"@id\":\"https:\\\/\\\/help.jamk.fi\\\/peppi-ohjeet-henkilokunnalle\\\/fi\\\/hyvaksilukeminen\\\/aiemmin-hankittu-muu-osaaminen-sisallyttaminen\\\/#primaryimage\"},\"thumbnailUrl\":\"https:\\\/\\\/help.jamk.fi\\\/peppi-ohjeet-henkilokunnalle\\\/wp-content\\\/uploads\\\/sites\\\/131\\\/2023\\\/04\\\/AHOT-aiemmin-hankittu-muu-osaaminen-sisallyttaminen-1.png\",\"datePublished\":\"2023-04-13T06:18:27+00:00\",\"dateModified\":\"2025-06-24T05:30:11+00:00\",\"breadcrumb\":{\"@id\":\"https:\\\/\\\/help.jamk.fi\\\/peppi-ohjeet-henkilokunnalle\\\/fi\\\/hyvaksilukeminen\\\/aiemmin-hankittu-muu-osaaminen-sisallyttaminen\\\/#breadcrumb\"},\"inLanguage\":\"fi\",\"potentialAction\":[{\"@type\":\"ReadAction\",\"target\":[\"https:\\\/\\\/help.jamk.fi\\\/peppi-ohjeet-henkilokunnalle\\\/fi\\\/hyvaksilukeminen\\\/aiemmin-hankittu-muu-osaaminen-sisallyttaminen\\\/\"]}]},{\"@type\":\"ImageObject\",\"inLanguage\":\"fi\",\"@id\":\"https:\\\/\\\/help.jamk.fi\\\/peppi-ohjeet-henkilokunnalle\\\/fi\\\/hyvaksilukeminen\\\/aiemmin-hankittu-muu-osaaminen-sisallyttaminen\\\/#primaryimage\",\"url\":\"https:\\\/\\\/help.jamk.fi\\\/peppi-ohjeet-henkilokunnalle\\\/wp-content\\\/uploads\\\/sites\\\/131\\\/2023\\\/04\\\/AHOT-aiemmin-hankittu-muu-osaaminen-sisallyttaminen-1.png\",\"contentUrl\":\"https:\\\/\\\/help.jamk.fi\\\/peppi-ohjeet-henkilokunnalle\\\/wp-content\\\/uploads\\\/sites\\\/131\\\/2023\\\/04\\\/AHOT-aiemmin-hankittu-muu-osaaminen-sisallyttaminen-1.png\",\"width\":1609,\"height\":592,\"caption\":\"Kuvio 1. Opinnot ja p\u00e4\u00e4t\u00f6kset -osio hakemuksella\"},{\"@type\":\"BreadcrumbList\",\"@id\":\"https:\\\/\\\/help.jamk.fi\\\/peppi-ohjeet-henkilokunnalle\\\/fi\\\/hyvaksilukeminen\\\/aiemmin-hankittu-muu-osaaminen-sisallyttaminen\\\/#breadcrumb\",\"itemListElement\":[{\"@type\":\"ListItem\",\"position\":1,\"name\":\"Home\",\"item\":\"https:\\\/\\\/help.jamk.fi\\\/peppi-ohjeet-henkilokunnalle\\\/en\\\/\"},{\"@type\":\"ListItem\",\"position\":2,\"name\":\"eAHOT &#8211; hyv\u00e4ksilukeminen\",\"item\":\"https:\\\/\\\/help.jamk.fi\\\/peppi-ohjeet-henkilokunnalle\\\/fi\\\/hyvaksilukeminen\\\/\"},{\"@type\":\"ListItem\",\"position\":3,\"name\":\"Aiemmin hankittu muu osaaminen (ahot) \u2013 sis\u00e4llytt\u00e4minen\"}]},{\"@type\":\"WebSite\",\"@id\":\"https:\\\/\\\/help.jamk.fi\\\/peppi-ohjeet-henkilokunnalle\\\/#website\",\"url\":\"https:\\\/\\\/help.jamk.fi\\\/peppi-ohjeet-henkilokunnalle\\\/\",\"name\":\"Peppi-ohjeet henkil\u00f6kunnalle\",\"description\":\"\",\"potentialAction\":[{\"@type\":\"SearchAction\",\"target\":{\"@type\":\"EntryPoint\",\"urlTemplate\":\"https:\\\/\\\/help.jamk.fi\\\/peppi-ohjeet-henkilokunnalle\\\/?s={search_term_string}\"},\"query-input\":{\"@type\":\"PropertyValueSpecification\",\"valueRequired\":true,\"valueName\":\"search_term_string\"}}],\"inLanguage\":\"fi\"}]}<\/script>\n<!-- \/ Yoast SEO plugin. -->","yoast_head_json":{"title":"Aiemmin hankittu muu osaaminen (ahot) \u2013 sis\u00e4llytt\u00e4minen - Peppi-ohjeet henkil\u00f6kunnalle","robots":{"index":"index","follow":"follow","max-snippet":"max-snippet:-1","max-image-preview":"max-image-preview:large","max-video-preview":"max-video-preview:-1"},"canonical":"https:\/\/help.jamk.fi\/peppi-ohjeet-henkilokunnalle\/fi\/hyvaksilukeminen\/aiemmin-hankittu-muu-osaaminen-sisallyttaminen\/","og_locale":"fi_FI","og_type":"article","og_title":"Aiemmin hankittu muu osaaminen (ahot) \u2013 sis\u00e4llytt\u00e4minen - Peppi-ohjeet henkil\u00f6kunnalle","og_description":"Aiemmin hankittua muuta osaamista voidaan hyv\u00e4ksilukea joko korvaamalla tai sis\u00e4llytt\u00e4m\u00e4ll\u00e4. Sis\u00e4llytt\u00e4m\u00e4ll\u00e4 voidaan hyv\u00e4ksilukea vain vapaasti valittaviin opintoihin liittyv\u00e4\u00e4 osaamista. Muut hyv\u00e4ksiluetaan korvaamalla. Sis\u00e4llytett\u00e4v\u00e4t aiemmin hankitut osaamiset Ennen hakemuksen k\u00e4sittely\u00e4, tutustu t\u00e4m\u00e4n ohjeen aiemmilla sivuilla oleviin ohjeisiin: eAHOT \u2013 hyv\u00e4ksilukeminen ja eAHOT-hakemus Pepiss\u00e4. Avaa hakemus hakemusrivin oikeassa reunassa olevasta Toiminnot-valikosta. Valitse \u201dK\u00e4sittele\u201d. P\u00e4\u00e4t\u00f6ksen tekeminen Klikkaa K\u00e4sittele-v\u00e4lilehdelt\u00e4 [&hellip;]","og_url":"https:\/\/help.jamk.fi\/peppi-ohjeet-henkilokunnalle\/fi\/hyvaksilukeminen\/aiemmin-hankittu-muu-osaaminen-sisallyttaminen\/","og_site_name":"Peppi-ohjeet henkil\u00f6kunnalle","article_modified_time":"2025-06-24T05:30:11+00:00","og_image":[{"width":1609,"height":592,"url":"https:\/\/help.jamk.fi\/peppi-ohjeet-henkilokunnalle\/wp-content\/uploads\/sites\/131\/2023\/04\/AHOT-aiemmin-hankittu-muu-osaaminen-sisallyttaminen-1.png","type":"image\/png"}],"twitter_card":"summary_large_image","twitter_misc":{"Arvioitu lukuaika":"4 minuuttia"},"schema":{"@context":"https:\/\/schema.org","@graph":[{"@type":"WebPage","@id":"https:\/\/help.jamk.fi\/peppi-ohjeet-henkilokunnalle\/fi\/hyvaksilukeminen\/aiemmin-hankittu-muu-osaaminen-sisallyttaminen\/","url":"https:\/\/help.jamk.fi\/peppi-ohjeet-henkilokunnalle\/fi\/hyvaksilukeminen\/aiemmin-hankittu-muu-osaaminen-sisallyttaminen\/","name":"Aiemmin hankittu muu osaaminen (ahot) \u2013 sis\u00e4llytt\u00e4minen - Peppi-ohjeet henkil\u00f6kunnalle","isPartOf":{"@id":"https:\/\/help.jamk.fi\/peppi-ohjeet-henkilokunnalle\/#website"},"primaryImageOfPage":{"@id":"https:\/\/help.jamk.fi\/peppi-ohjeet-henkilokunnalle\/fi\/hyvaksilukeminen\/aiemmin-hankittu-muu-osaaminen-sisallyttaminen\/#primaryimage"},"image":{"@id":"https:\/\/help.jamk.fi\/peppi-ohjeet-henkilokunnalle\/fi\/hyvaksilukeminen\/aiemmin-hankittu-muu-osaaminen-sisallyttaminen\/#primaryimage"},"thumbnailUrl":"https:\/\/help.jamk.fi\/peppi-ohjeet-henkilokunnalle\/wp-content\/uploads\/sites\/131\/2023\/04\/AHOT-aiemmin-hankittu-muu-osaaminen-sisallyttaminen-1.png","datePublished":"2023-04-13T06:18:27+00:00","dateModified":"2025-06-24T05:30:11+00:00","breadcrumb":{"@id":"https:\/\/help.jamk.fi\/peppi-ohjeet-henkilokunnalle\/fi\/hyvaksilukeminen\/aiemmin-hankittu-muu-osaaminen-sisallyttaminen\/#breadcrumb"},"inLanguage":"fi","potentialAction":[{"@type":"ReadAction","target":["https:\/\/help.jamk.fi\/peppi-ohjeet-henkilokunnalle\/fi\/hyvaksilukeminen\/aiemmin-hankittu-muu-osaaminen-sisallyttaminen\/"]}]},{"@type":"ImageObject","inLanguage":"fi","@id":"https:\/\/help.jamk.fi\/peppi-ohjeet-henkilokunnalle\/fi\/hyvaksilukeminen\/aiemmin-hankittu-muu-osaaminen-sisallyttaminen\/#primaryimage","url":"https:\/\/help.jamk.fi\/peppi-ohjeet-henkilokunnalle\/wp-content\/uploads\/sites\/131\/2023\/04\/AHOT-aiemmin-hankittu-muu-osaaminen-sisallyttaminen-1.png","contentUrl":"https:\/\/help.jamk.fi\/peppi-ohjeet-henkilokunnalle\/wp-content\/uploads\/sites\/131\/2023\/04\/AHOT-aiemmin-hankittu-muu-osaaminen-sisallyttaminen-1.png","width":1609,"height":592,"caption":"Kuvio 1. Opinnot ja p\u00e4\u00e4t\u00f6kset -osio hakemuksella"},{"@type":"BreadcrumbList","@id":"https:\/\/help.jamk.fi\/peppi-ohjeet-henkilokunnalle\/fi\/hyvaksilukeminen\/aiemmin-hankittu-muu-osaaminen-sisallyttaminen\/#breadcrumb","itemListElement":[{"@type":"ListItem","position":1,"name":"Home","item":"https:\/\/help.jamk.fi\/peppi-ohjeet-henkilokunnalle\/en\/"},{"@type":"ListItem","position":2,"name":"eAHOT &#8211; hyv\u00e4ksilukeminen","item":"https:\/\/help.jamk.fi\/peppi-ohjeet-henkilokunnalle\/fi\/hyvaksilukeminen\/"},{"@type":"ListItem","position":3,"name":"Aiemmin hankittu muu osaaminen (ahot) \u2013 sis\u00e4llytt\u00e4minen"}]},{"@type":"WebSite","@id":"https:\/\/help.jamk.fi\/peppi-ohjeet-henkilokunnalle\/#website","url":"https:\/\/help.jamk.fi\/peppi-ohjeet-henkilokunnalle\/","name":"Peppi-ohjeet henkil\u00f6kunnalle","description":"","potentialAction":[{"@type":"SearchAction","target":{"@type":"EntryPoint","urlTemplate":"https:\/\/help.jamk.fi\/peppi-ohjeet-henkilokunnalle\/?s={search_term_string}"},"query-input":{"@type":"PropertyValueSpecification","valueRequired":true,"valueName":"search_term_string"}}],"inLanguage":"fi"}]}},"_links":{"self":[{"href":"https:\/\/help.jamk.fi\/peppi-ohjeet-henkilokunnalle\/wp-json\/wp\/v2\/pages\/4753","targetHints":{"allow":["GET"]}}],"collection":[{"href":"https:\/\/help.jamk.fi\/peppi-ohjeet-henkilokunnalle\/wp-json\/wp\/v2\/pages"}],"about":[{"href":"https:\/\/help.jamk.fi\/peppi-ohjeet-henkilokunnalle\/wp-json\/wp\/v2\/types\/page"}],"author":[{"embeddable":true,"href":"https:\/\/help.jamk.fi\/peppi-ohjeet-henkilokunnalle\/wp-json\/wp\/v2\/users\/79"}],"replies":[{"embeddable":true,"href":"https:\/\/help.jamk.fi\/peppi-ohjeet-henkilokunnalle\/wp-json\/wp\/v2\/comments?post=4753"}],"version-history":[{"count":19,"href":"https:\/\/help.jamk.fi\/peppi-ohjeet-henkilokunnalle\/wp-json\/wp\/v2\/pages\/4753\/revisions"}],"predecessor-version":[{"id":7620,"href":"https:\/\/help.jamk.fi\/peppi-ohjeet-henkilokunnalle\/wp-json\/wp\/v2\/pages\/4753\/revisions\/7620"}],"up":[{"embeddable":true,"href":"https:\/\/help.jamk.fi\/peppi-ohjeet-henkilokunnalle\/wp-json\/wp\/v2\/pages\/4745"}],"wp:attachment":[{"href":"https:\/\/help.jamk.fi\/peppi-ohjeet-henkilokunnalle\/wp-json\/wp\/v2\/media?parent=4753"}],"wp:term":[{"taxonomy":"category","embeddable":true,"href":"https:\/\/help.jamk.fi\/peppi-ohjeet-henkilokunnalle\/wp-json\/wp\/v2\/categories?post=4753"},{"taxonomy":"post_tag","embeddable":true,"href":"https:\/\/help.jamk.fi\/peppi-ohjeet-henkilokunnalle\/wp-json\/wp\/v2\/tags?post=4753"}],"curies":[{"name":"wp","href":"https:\/\/api.w.org\/{rel}","templated":true}]}}