{"id":4761,"date":"2023-05-08T11:24:34","date_gmt":"2023-05-08T08:24:34","guid":{"rendered":"https:\/\/help.jamk.fi\/peppi-ohjeet-henkilokunnalle\/prior-acquired-other-competence-replacement\/"},"modified":"2026-01-26T10:52:36","modified_gmt":"2026-01-26T08:52:36","slug":"prior-acquired-other-competence-replacement","status":"publish","type":"page","link":"https:\/\/help.jamk.fi\/peppi-ohjeet-henkilokunnalle\/en\/erpl-accreditation\/prior-acquired-other-competence-replacement\/","title":{"rendered":"Prior acquired other competence &#8211; replacement"},"content":{"rendered":"\n<blockquote class=\"wp-block-quote is-layout-flow wp-block-quote-is-layout-flow\">\n<p><strong>Prior acquired other competences can be accredited either by replacement or inclusion. Only competence related to elective studies can be accredited through inclusion. Others are accredited through Replacement. A typical case is the replacement of practical training with competence acquired in work experience.<\/strong><\/p>\n<\/blockquote>\n\n\n\n<p>The videos below illustrate the process of prior acquired other competences as part of recognition of prior learning and experience. The example used in the videos is the recognition of prior acquired work experience towards practical training courses.<\/p>\n\n\n\r\n<div id=\"embed-block_605783074e2458ae6ef7859b1b243d50\" class=\"embed block-embed\">\r\n      <div class=\"block-embed__wrapper\">\r\n\r\n      \r\n          <div class=\"block-embed__cookie-notice--wrapper\" id=\"cookie-notice\">\r\n              <div class=\"block-embed__cookie-notice--text\">\r\n                                    <p>Hyv\u00e4ksy v\u00e4ltt\u00e4m\u00e4tt\u00f6m\u00e4t ev\u00e4steet n\u00e4hd\u00e4ksesi upotetun sis\u00e4ll\u00f6n: marketing, analytics, preferences.<\/p>\r\n                  <a href=\"#\" class=\"ch2-open-settings-btn\"> Hyv\u00e4ksy v\u00e4ltt\u00e4m\u00e4tt\u00f6m\u00e4t ev\u00e4steet<\/a>\r\n              <\/div>\r\n              <div class=\"block-embed__cookie-reload-notice\">\r\n                  <p class=\"cookie-reload-text\">\r\n                    (Jos olet hyv\u00e4ksynyt ev\u00e4steet, mutta n\u00e4et silti t\u00e4m\u00e4n viestin, lataa sivu uudelleen.)                  <\/p>\r\n                  <a href=\"#\" onclick=\"location.reload(); return false;\">\r\n                    Lataa sivu uudelleen                  <\/a>\r\n              <\/div>\r\n          <\/div>\r\n\r\n      \r\n      <\/div>\r\n<\/div>\r\n\n\n\r\n<div id=\"embed-block_20a540bb9c6c7cc093e7e663c1327161\" class=\"embed block-embed\">\r\n      <div class=\"block-embed__wrapper\">\r\n\r\n      \r\n          <div class=\"block-embed__cookie-notice--wrapper\" id=\"cookie-notice\">\r\n              <div class=\"block-embed__cookie-notice--text\">\r\n                                    <p>Hyv\u00e4ksy v\u00e4ltt\u00e4m\u00e4tt\u00f6m\u00e4t ev\u00e4steet n\u00e4hd\u00e4ksesi upotetun sis\u00e4ll\u00f6n: marketing, analytics, preferences.<\/p>\r\n                  <a href=\"#\" class=\"ch2-open-settings-btn\"> Hyv\u00e4ksy v\u00e4ltt\u00e4m\u00e4tt\u00f6m\u00e4t ev\u00e4steet<\/a>\r\n              <\/div>\r\n              <div class=\"block-embed__cookie-reload-notice\">\r\n                  <p class=\"cookie-reload-text\">\r\n                    (Jos olet hyv\u00e4ksynyt ev\u00e4steet, mutta n\u00e4et silti t\u00e4m\u00e4n viestin, lataa sivu uudelleen.)                  <\/p>\r\n                  <a href=\"#\" onclick=\"location.reload(); return false;\">\r\n                    Lataa sivu uudelleen                  <\/a>\r\n              <\/div>\r\n          <\/div>\r\n\r\n      \r\n      <\/div>\r\n<\/div>\r\n\n\n\n<h2 class=\"wp-block-heading\">Prior acquired competences process in Peppi (compulsory or optional studies)<\/h2>\n\n\n\n<ol class=\"wp-block-list\">\n<li>The student sends the accreditation application for the identification and recognition of previously acquired competence to the teacher in charge of the course via Peppi eRPL accreditation tool with the necessary information and attachments.<\/li>\n\n\n\n<li>The teacher processes and makes the decision and the agreement through the eRPL accreditation tool. <strong>Note! The accepted decision should be: Approved, but competence must be demonstrated.<\/strong><\/li>\n\n\n\n<li>The teacher marks the accreditation as handled through Peppi eRPL accreditation tool.<\/li>\n\n\n\n<li>The teacher records the study attainment in Peppi for the course implementation where the student has enrolled or been transferred by other operators. <strong>Note! The person in charge of the course must be the teacher of the implementation so that he\/she can evaluate the study attainment.<\/strong><\/li>\n<\/ol>\n\n\n\n<p>Read more detailed instructions below.<\/p>\n\n\n\n<h2 class=\"wp-block-heading\">Prior acquired competences by replacement<\/h2>\n\n\n\n<p>Before processing the application, read the instructions on the previous pages of this guide: <a href=\"https:\/\/help.jamk.fi\/peppi-ohjeet-henkilokunnalle\/en\/erpl-accreditation\/\">eRPL \u2013 Accreditation<\/a> and <a href=\"https:\/\/help.jamk.fi\/peppi-ohjeet-henkilokunnalle\/en\/erpl-accreditation\/erpl-application-in-peppi\/\">eRPL application in Peppi<\/a>.<\/p>\n\n\n\n<p>The student must always demonstrate the competence they have acquired. This can be done, for example, by means of a written document, interview, video, learning diary or a portfolio, etc. Demonstration of competence does not require an attainment which be done afterwards if the documents attached to the application are sufficient to prove competence.<\/p>\n\n\n\n<p>Open the application from the \u2018Actions\u2019 drop-down menu on the right side of the application line. Select \u2018<strong>Process<\/strong>\u2019.<\/p>\n\n\n\n<h3 class=\"wp-block-heading\">Drafting of the agreement<\/h3>\n\n\n\n<p>Approval of the application provided that the competence is demonstrated requires an agreement to be drawn up.<\/p>\n\n\n\n<p>Click \u2018<strong>Go Directly to Decision-Making<\/strong>\u2019 on the \u2018<strong>Process<\/strong>\u2019 tab.<\/p>\n\n\n\n<p>To draw up an agreement, go to the <strong>Agreements<\/strong> tab. Enter what the student must do to have the entire course approved in the \u2018<strong>Description of the New Agreement\u2019<\/strong> field (figure 1). <\/p>\n\n\n\n<p>Click \u2018<strong>Add new agreement<\/strong>\u2019. Check the information on the agreement. In this section, you can, for example, share the information on the agreement with another teacher by adding them in the \u2018Other Teachers\u2019 field. Click \u2018<strong>Save<\/strong>\u2019 to approve the agreement. Then continue processing the application on the \u2018<strong>Process<\/strong>\u2019 tab.<\/p>\n\n\n\n<figure class=\"wp-block-image size-large\"><img decoding=\"async\" src=\"https:\/\/help.jamk.fi\/peppi-ohjeet-henkilokunnalle\/wp-content\/uploads\/sites\/131\/2023\/04\/Sopimuksen-tekeminen.png\" alt=\"\"\/><figcaption class=\"wp-element-caption\">Figure 1. Drafting of the agreement in accreditation<\/figcaption><\/figure>\n\n\n\n<h3 class=\"wp-block-heading\">Making a decision<\/h3>\n\n\n\n<p>Click \u2018<strong>Go Directly to Decision-Making<\/strong>\u2019 on the \u2018<strong>Process<\/strong>\u2019 tab. Now you can make the actual decision (figure 2).<\/p>\n\n\n<div id=\"info-lift-block_c34a1fd792d8670f12d63643bf8082b9\" class=\"block-info-lift block-info-lift\">\n  <div class=\"row\">\n    <div class=\"col-12\">\n              <div class=\"block-info-lift__content\">\n          <div class=\"block-info-lift__content__icon\">\n            <span>!<\/span>\n          <\/div>\n          <p class=\"block-info-lift__content__text\">In this case, the decision is always &#039;Approved, but competence must be demonstrated&#039;. Prior acquired competence is never given an accreditation, but the study attainment is normally assessed through Peppi implementation.<\/p>\n        <\/div>\n          <\/div>\n  <\/div>\n<\/div>\n\n\n<figure class=\"wp-block-image size-large\"><img decoding=\"async\" src=\"https:\/\/help.jamk.fi\/peppi-ohjeet-henkilokunnalle\/wp-content\/uploads\/sites\/131\/2023\/05\/AHOT-hakemuksen-paatos.png\" alt=\"\"\/><figcaption class=\"wp-element-caption\">Figure 2. Decision on the application for prior acquired competence<\/figcaption><\/figure>\n\n\n\n<p><\/p>\n\n\n\n<p>Enter the following information:<\/p>\n\n\n\n<ul class=\"wp-block-list\">\n<li>Decision &#8217;Approved but competence must be demonstrated&#8217;<\/li>\n\n\n\n<li>a message to the student (justifications for the accreditation)<\/li>\n\n\n\n<li>the registrar (choose yourself here)<\/li>\n\n\n\n<li>message to registrar field you can write notes that are only visible to you. <\/li>\n<\/ul>\n\n\n\n<p>Click &#8217;<strong>Save<\/strong>&#8217;.<\/p>\n\n\n\n<h3 class=\"wp-block-heading\">Choosing the application keywords<\/h3>\n\n\n\n<p>The next step in recording accreditation is to select the keywords that best describe the competence in the application from the \u2018Hakemuksen asiasanat\u2019 window (figure 3). Note: The window is only in Finnish. You can select more than one keyword. You can also filter the keyword list by first typing your field of study in the \u2018Ohjauksen ala\u2019 field to see only the keywords related to your field. Note: In this case, you cannot find so-called general keywords. Keywords gather applications in an accreditation bank, where you can search for accreditations already made using keywords. <\/p>\n\n\n\n<figure class=\"wp-block-image size-large\"><img decoding=\"async\" src=\"https:\/\/help.jamk.fi\/peppi-ohjeet-henkilokunnalle\/wp-content\/uploads\/sites\/131\/2023\/04\/AHOT-korvaaminen-5a.png\" alt=\"\"\/><figcaption class=\"wp-element-caption\">Figure 3. Adding keywords to the application<\/figcaption><\/figure>\n\n\n\n<p>Click \u2018<strong>Tallenna asiasanat ja p\u00e4\u00e4t\u00f6s<\/strong>\u2019 to move forward. <\/p>\n\n\n\n<h3 class=\"wp-block-heading\">Assessment decision<\/h3>\n\n\n\n<p>Since your decision is \u2018Approved, but competence must be demonstrated\u2019, you must click \u2018<strong>Mark as handled<\/strong>\u2019 to finish the accreditation (figure 4). The studies have now been archived in Peppi. At this stage, no evaluation will be transferred to the student\u2019s personal learning plan for the course that is accredited, but an entry about the agreement will appear there.<\/p>\n\n\n\n<p>After that, record the credits and the assessment received in the accreditation for the student through some implementation of the course. The grade is always HYV (passed).<\/p>\n\n\n\n<figure class=\"wp-block-image size-large\"><img decoding=\"async\" src=\"https:\/\/help.jamk.fi\/peppi-ohjeet-henkilokunnalle\/wp-content\/uploads\/sites\/131\/2023\/05\/Paatos-vaaditaan-osaamisen-osoittamista.png\" alt=\"\"\/><figcaption class=\"wp-element-caption\">Figure 4. Decision &#8221;Requires demonstration of competence&#8221;<\/figcaption><\/figure>\n\n\n\n<p><\/p>\n\n\n\n<p><\/p>\n","protected":false},"excerpt":{"rendered":"<p>Prior acquired other competences can be accredited either by replacement or inclusion. Only competence related to elective studies can be accredited through inclusion. Others are accredited through Replacement. A typical case is the replacement of practical training with competence acquired in work experience. The videos below illustrate the process of prior acquired other competences as [&hellip;]<\/p>\n","protected":false},"author":79,"featured_media":0,"parent":4754,"menu_order":5,"comment_status":"closed","ping_status":"open","template":"","meta":{"_acf_changed":false,"_relevanssi_hide_post":"","_relevanssi_hide_content":"","_relevanssi_pin_for_all":"","_relevanssi_pin_keywords":"","_relevanssi_unpin_keywords":"","_relevanssi_related_keywords":"","_relevanssi_related_include_ids":"","_relevanssi_related_exclude_ids":"","_relevanssi_related_no_append":"","_relevanssi_related_not_related":"","_relevanssi_related_posts":"","_relevanssi_noindex_reason":"","footnotes":""},"categories":[36],"tags":[34],"class_list":["post-4761","page","type-page","status-publish","hentry","category-opettajan-tyopoyta-en","tag-eahot-en"],"acf":[],"yoast_head":"<!-- This site is optimized with the Yoast SEO plugin v27.3 - https:\/\/yoast.com\/product\/yoast-seo-wordpress\/ -->\n<title>Prior acquired other competence - replacement - Peppi-ohjeet henkil\u00f6kunnalle<\/title>\n<meta name=\"robots\" content=\"index, follow, max-snippet:-1, max-image-preview:large, max-video-preview:-1\" \/>\n<link rel=\"canonical\" href=\"https:\/\/help.jamk.fi\/peppi-ohjeet-henkilokunnalle\/en\/erpl-accreditation\/prior-acquired-other-competence-replacement\/\" \/>\n<meta property=\"og:locale\" content=\"fi_FI\" \/>\n<meta property=\"og:type\" content=\"article\" \/>\n<meta property=\"og:title\" content=\"Prior acquired other competence - replacement - Peppi-ohjeet henkil\u00f6kunnalle\" \/>\n<meta property=\"og:description\" content=\"Prior acquired other competences can be accredited either by replacement or inclusion. Only competence related to elective studies can be accredited through inclusion. Others are accredited through Replacement. A typical case is the replacement of practical training with competence acquired in work experience. The videos below illustrate the process of prior acquired other competences as [&hellip;]\" \/>\n<meta property=\"og:url\" content=\"https:\/\/help.jamk.fi\/peppi-ohjeet-henkilokunnalle\/en\/erpl-accreditation\/prior-acquired-other-competence-replacement\/\" \/>\n<meta property=\"og:site_name\" content=\"Peppi-ohjeet henkil\u00f6kunnalle\" \/>\n<meta property=\"article:modified_time\" content=\"2026-01-26T08:52:36+00:00\" \/>\n<meta property=\"og:image\" content=\"https:\/\/help.jamk.fi\/peppi-ohjeet-henkilokunnalle\/wp-content\/uploads\/sites\/131\/2023\/04\/Sopimuksen-tekeminen.png\" \/>\n<meta name=\"twitter:card\" content=\"summary_large_image\" \/>\n<meta name=\"twitter:label1\" content=\"Arvioitu lukuaika\" \/>\n\t<meta name=\"twitter:data1\" content=\"5 minuuttia\" \/>\n<script type=\"application\/ld+json\" class=\"yoast-schema-graph\">{\"@context\":\"https:\\\/\\\/schema.org\",\"@graph\":[{\"@type\":\"WebPage\",\"@id\":\"https:\\\/\\\/help.jamk.fi\\\/peppi-ohjeet-henkilokunnalle\\\/en\\\/erpl-accreditation\\\/prior-acquired-other-competence-replacement\\\/\",\"url\":\"https:\\\/\\\/help.jamk.fi\\\/peppi-ohjeet-henkilokunnalle\\\/en\\\/erpl-accreditation\\\/prior-acquired-other-competence-replacement\\\/\",\"name\":\"Prior acquired other competence - replacement - Peppi-ohjeet henkil\u00f6kunnalle\",\"isPartOf\":{\"@id\":\"https:\\\/\\\/help.jamk.fi\\\/peppi-ohjeet-henkilokunnalle\\\/#website\"},\"primaryImageOfPage\":{\"@id\":\"https:\\\/\\\/help.jamk.fi\\\/peppi-ohjeet-henkilokunnalle\\\/en\\\/erpl-accreditation\\\/prior-acquired-other-competence-replacement\\\/#primaryimage\"},\"image\":{\"@id\":\"https:\\\/\\\/help.jamk.fi\\\/peppi-ohjeet-henkilokunnalle\\\/en\\\/erpl-accreditation\\\/prior-acquired-other-competence-replacement\\\/#primaryimage\"},\"thumbnailUrl\":\"https:\\\/\\\/help.jamk.fi\\\/peppi-ohjeet-henkilokunnalle\\\/wp-content\\\/uploads\\\/sites\\\/131\\\/2023\\\/04\\\/Sopimuksen-tekeminen.png\",\"datePublished\":\"2023-05-08T08:24:34+00:00\",\"dateModified\":\"2026-01-26T08:52:36+00:00\",\"breadcrumb\":{\"@id\":\"https:\\\/\\\/help.jamk.fi\\\/peppi-ohjeet-henkilokunnalle\\\/en\\\/erpl-accreditation\\\/prior-acquired-other-competence-replacement\\\/#breadcrumb\"},\"inLanguage\":\"fi\",\"potentialAction\":[{\"@type\":\"ReadAction\",\"target\":[\"https:\\\/\\\/help.jamk.fi\\\/peppi-ohjeet-henkilokunnalle\\\/en\\\/erpl-accreditation\\\/prior-acquired-other-competence-replacement\\\/\"]}]},{\"@type\":\"ImageObject\",\"inLanguage\":\"fi\",\"@id\":\"https:\\\/\\\/help.jamk.fi\\\/peppi-ohjeet-henkilokunnalle\\\/en\\\/erpl-accreditation\\\/prior-acquired-other-competence-replacement\\\/#primaryimage\",\"url\":\"https:\\\/\\\/help.jamk.fi\\\/peppi-ohjeet-henkilokunnalle\\\/wp-content\\\/uploads\\\/sites\\\/131\\\/2023\\\/04\\\/Sopimuksen-tekeminen.png\",\"contentUrl\":\"https:\\\/\\\/help.jamk.fi\\\/peppi-ohjeet-henkilokunnalle\\\/wp-content\\\/uploads\\\/sites\\\/131\\\/2023\\\/04\\\/Sopimuksen-tekeminen.png\",\"width\":431,\"height\":275,\"caption\":\"Figure 3. Preparation of the agreement\"},{\"@type\":\"BreadcrumbList\",\"@id\":\"https:\\\/\\\/help.jamk.fi\\\/peppi-ohjeet-henkilokunnalle\\\/en\\\/erpl-accreditation\\\/prior-acquired-other-competence-replacement\\\/#breadcrumb\",\"itemListElement\":[{\"@type\":\"ListItem\",\"position\":1,\"name\":\"Home\",\"item\":\"https:\\\/\\\/help.jamk.fi\\\/peppi-ohjeet-henkilokunnalle\\\/en\\\/\"},{\"@type\":\"ListItem\",\"position\":2,\"name\":\"eRPL &#8211; Accreditation\",\"item\":\"https:\\\/\\\/help.jamk.fi\\\/peppi-ohjeet-henkilokunnalle\\\/en\\\/erpl-accreditation\\\/\"},{\"@type\":\"ListItem\",\"position\":3,\"name\":\"Prior acquired other competence &#8211; replacement\"}]},{\"@type\":\"WebSite\",\"@id\":\"https:\\\/\\\/help.jamk.fi\\\/peppi-ohjeet-henkilokunnalle\\\/#website\",\"url\":\"https:\\\/\\\/help.jamk.fi\\\/peppi-ohjeet-henkilokunnalle\\\/\",\"name\":\"Peppi-ohjeet henkil\u00f6kunnalle\",\"description\":\"\",\"potentialAction\":[{\"@type\":\"SearchAction\",\"target\":{\"@type\":\"EntryPoint\",\"urlTemplate\":\"https:\\\/\\\/help.jamk.fi\\\/peppi-ohjeet-henkilokunnalle\\\/?s={search_term_string}\"},\"query-input\":{\"@type\":\"PropertyValueSpecification\",\"valueRequired\":true,\"valueName\":\"search_term_string\"}}],\"inLanguage\":\"fi\"}]}<\/script>\n<!-- \/ Yoast SEO plugin. -->","yoast_head_json":{"title":"Prior acquired other competence - replacement - Peppi-ohjeet henkil\u00f6kunnalle","robots":{"index":"index","follow":"follow","max-snippet":"max-snippet:-1","max-image-preview":"max-image-preview:large","max-video-preview":"max-video-preview:-1"},"canonical":"https:\/\/help.jamk.fi\/peppi-ohjeet-henkilokunnalle\/en\/erpl-accreditation\/prior-acquired-other-competence-replacement\/","og_locale":"fi_FI","og_type":"article","og_title":"Prior acquired other competence - replacement - Peppi-ohjeet henkil\u00f6kunnalle","og_description":"Prior acquired other competences can be accredited either by replacement or inclusion. Only competence related to elective studies can be accredited through inclusion. Others are accredited through Replacement. A typical case is the replacement of practical training with competence acquired in work experience. The videos below illustrate the process of prior acquired other competences as [&hellip;]","og_url":"https:\/\/help.jamk.fi\/peppi-ohjeet-henkilokunnalle\/en\/erpl-accreditation\/prior-acquired-other-competence-replacement\/","og_site_name":"Peppi-ohjeet henkil\u00f6kunnalle","article_modified_time":"2026-01-26T08:52:36+00:00","og_image":[{"url":"https:\/\/help.jamk.fi\/peppi-ohjeet-henkilokunnalle\/wp-content\/uploads\/sites\/131\/2023\/04\/Sopimuksen-tekeminen.png","type":"","width":"","height":""}],"twitter_card":"summary_large_image","twitter_misc":{"Arvioitu lukuaika":"5 minuuttia"},"schema":{"@context":"https:\/\/schema.org","@graph":[{"@type":"WebPage","@id":"https:\/\/help.jamk.fi\/peppi-ohjeet-henkilokunnalle\/en\/erpl-accreditation\/prior-acquired-other-competence-replacement\/","url":"https:\/\/help.jamk.fi\/peppi-ohjeet-henkilokunnalle\/en\/erpl-accreditation\/prior-acquired-other-competence-replacement\/","name":"Prior acquired other competence - replacement - Peppi-ohjeet henkil\u00f6kunnalle","isPartOf":{"@id":"https:\/\/help.jamk.fi\/peppi-ohjeet-henkilokunnalle\/#website"},"primaryImageOfPage":{"@id":"https:\/\/help.jamk.fi\/peppi-ohjeet-henkilokunnalle\/en\/erpl-accreditation\/prior-acquired-other-competence-replacement\/#primaryimage"},"image":{"@id":"https:\/\/help.jamk.fi\/peppi-ohjeet-henkilokunnalle\/en\/erpl-accreditation\/prior-acquired-other-competence-replacement\/#primaryimage"},"thumbnailUrl":"https:\/\/help.jamk.fi\/peppi-ohjeet-henkilokunnalle\/wp-content\/uploads\/sites\/131\/2023\/04\/Sopimuksen-tekeminen.png","datePublished":"2023-05-08T08:24:34+00:00","dateModified":"2026-01-26T08:52:36+00:00","breadcrumb":{"@id":"https:\/\/help.jamk.fi\/peppi-ohjeet-henkilokunnalle\/en\/erpl-accreditation\/prior-acquired-other-competence-replacement\/#breadcrumb"},"inLanguage":"fi","potentialAction":[{"@type":"ReadAction","target":["https:\/\/help.jamk.fi\/peppi-ohjeet-henkilokunnalle\/en\/erpl-accreditation\/prior-acquired-other-competence-replacement\/"]}]},{"@type":"ImageObject","inLanguage":"fi","@id":"https:\/\/help.jamk.fi\/peppi-ohjeet-henkilokunnalle\/en\/erpl-accreditation\/prior-acquired-other-competence-replacement\/#primaryimage","url":"https:\/\/help.jamk.fi\/peppi-ohjeet-henkilokunnalle\/wp-content\/uploads\/sites\/131\/2023\/04\/Sopimuksen-tekeminen.png","contentUrl":"https:\/\/help.jamk.fi\/peppi-ohjeet-henkilokunnalle\/wp-content\/uploads\/sites\/131\/2023\/04\/Sopimuksen-tekeminen.png","width":431,"height":275,"caption":"Figure 3. Preparation of the agreement"},{"@type":"BreadcrumbList","@id":"https:\/\/help.jamk.fi\/peppi-ohjeet-henkilokunnalle\/en\/erpl-accreditation\/prior-acquired-other-competence-replacement\/#breadcrumb","itemListElement":[{"@type":"ListItem","position":1,"name":"Home","item":"https:\/\/help.jamk.fi\/peppi-ohjeet-henkilokunnalle\/en\/"},{"@type":"ListItem","position":2,"name":"eRPL &#8211; Accreditation","item":"https:\/\/help.jamk.fi\/peppi-ohjeet-henkilokunnalle\/en\/erpl-accreditation\/"},{"@type":"ListItem","position":3,"name":"Prior acquired other competence &#8211; replacement"}]},{"@type":"WebSite","@id":"https:\/\/help.jamk.fi\/peppi-ohjeet-henkilokunnalle\/#website","url":"https:\/\/help.jamk.fi\/peppi-ohjeet-henkilokunnalle\/","name":"Peppi-ohjeet henkil\u00f6kunnalle","description":"","potentialAction":[{"@type":"SearchAction","target":{"@type":"EntryPoint","urlTemplate":"https:\/\/help.jamk.fi\/peppi-ohjeet-henkilokunnalle\/?s={search_term_string}"},"query-input":{"@type":"PropertyValueSpecification","valueRequired":true,"valueName":"search_term_string"}}],"inLanguage":"fi"}]}},"_links":{"self":[{"href":"https:\/\/help.jamk.fi\/peppi-ohjeet-henkilokunnalle\/wp-json\/wp\/v2\/pages\/4761","targetHints":{"allow":["GET"]}}],"collection":[{"href":"https:\/\/help.jamk.fi\/peppi-ohjeet-henkilokunnalle\/wp-json\/wp\/v2\/pages"}],"about":[{"href":"https:\/\/help.jamk.fi\/peppi-ohjeet-henkilokunnalle\/wp-json\/wp\/v2\/types\/page"}],"author":[{"embeddable":true,"href":"https:\/\/help.jamk.fi\/peppi-ohjeet-henkilokunnalle\/wp-json\/wp\/v2\/users\/79"}],"replies":[{"embeddable":true,"href":"https:\/\/help.jamk.fi\/peppi-ohjeet-henkilokunnalle\/wp-json\/wp\/v2\/comments?post=4761"}],"version-history":[{"count":22,"href":"https:\/\/help.jamk.fi\/peppi-ohjeet-henkilokunnalle\/wp-json\/wp\/v2\/pages\/4761\/revisions"}],"predecessor-version":[{"id":7923,"href":"https:\/\/help.jamk.fi\/peppi-ohjeet-henkilokunnalle\/wp-json\/wp\/v2\/pages\/4761\/revisions\/7923"}],"up":[{"embeddable":true,"href":"https:\/\/help.jamk.fi\/peppi-ohjeet-henkilokunnalle\/wp-json\/wp\/v2\/pages\/4754"}],"wp:attachment":[{"href":"https:\/\/help.jamk.fi\/peppi-ohjeet-henkilokunnalle\/wp-json\/wp\/v2\/media?parent=4761"}],"wp:term":[{"taxonomy":"category","embeddable":true,"href":"https:\/\/help.jamk.fi\/peppi-ohjeet-henkilokunnalle\/wp-json\/wp\/v2\/categories?post=4761"},{"taxonomy":"post_tag","embeddable":true,"href":"https:\/\/help.jamk.fi\/peppi-ohjeet-henkilokunnalle\/wp-json\/wp\/v2\/tags?post=4761"}],"curies":[{"name":"wp","href":"https:\/\/api.w.org\/{rel}","templated":true}]}}