{"id":5385,"date":"2023-11-10T13:45:45","date_gmt":"2023-11-10T11:45:45","guid":{"rendered":"https:\/\/help.jamk.fi\/peppi-ohjeet-henkilokunnalle\/?page_id=5385"},"modified":"2024-01-09T13:33:14","modified_gmt":"2024-01-09T11:33:14","slug":"tietosuoja-ja-saavutettavuus","status":"publish","type":"page","link":"https:\/\/help.jamk.fi\/peppi-ohjeet-henkilokunnalle\/fi\/tietosuoja-ja-saavutettavuus\/","title":{"rendered":"Tietosuoja ja saavutettavuus"},"content":{"rendered":"\n<p>Jyv\u00e4skyl\u00e4n ammattikorkeakoulu k\u00e4sittelee kaikkia antamiasi henkil\u00f6tietoja luottamuksellisesti. Tiedot on asianmukaisesti suojattu ja niihin on p\u00e4\u00e4sy vain asianosaisilla henkil\u00f6ill\u00e4. Tarkemmat henkil\u00f6tietojen k\u00e4ytt\u00f6- ja s\u00e4ilytysperiaatteet l\u00f6ytyv\u00e4t <a href=\"https:\/\/help.jamk.fi\/tietosuoja\/fi\/\">tietosuojaselosteista<\/a>.<\/p>\n\n\n\n<h2 class=\"wp-block-heading\">Ohjeet henkil\u00f6tietojen k\u00e4sittelij\u00e4lle Pepiss\u00e4<\/h2>\n\n\n\n<p><a href=\"https:\/\/help.jamk.fi\/peppi-ohjeet-henkilokunnalle\/fi\/tietosuoja-ja-saavutettavuus\/ohjeet-henkilotietojen-kasittelijalle-pepissa\/\">Ohjeet henkil\u00f6tietojen k\u00e4sittelij\u00e4lle<\/a> -sivulle on ker\u00e4tty tietoa siit\u00e4 kuinka k\u00e4ytt\u00e4jien tulisi k\u00e4sitell\u00e4 henkil\u00f6tietoja Peppi-j\u00e4rjestelm\u00e4ss\u00e4. N\u00e4iden k\u00e4sittelyohjeiden lis\u00e4ksi noudata voimassa olevaa lains\u00e4\u00e4d\u00e4nt\u00f6\u00e4 koskien henkil\u00f6tietoja. <\/p>\n\n\n\n<h2 class=\"wp-block-heading\">Saavutettavuusseloste<\/h2>\n\n\n\n<p>T\u00e4m\u00e4 <a href=\"https:\/\/help.jamk.fi\/peppi-ohjeet-henkilokunnalle\/fi\/tietosuoja-ja-saavutettavuus\/saavutettavuusseloste\/\">saavutettavuusseloste<\/a> koskee PEPPI \u2013 Opettajan ty\u00f6p\u00f6yt\u00e4\u00e4 (opettaja.peppi.jamk.fi).<\/p>\n","protected":false},"excerpt":{"rendered":"<p>Jyv\u00e4skyl\u00e4n ammattikorkeakoulu k\u00e4sittelee kaikkia antamiasi henkil\u00f6tietoja luottamuksellisesti. Tiedot on asianmukaisesti suojattu ja niihin on p\u00e4\u00e4sy vain asianosaisilla henkil\u00f6ill\u00e4. Tarkemmat henkil\u00f6tietojen k\u00e4ytt\u00f6- ja s\u00e4ilytysperiaatteet l\u00f6ytyv\u00e4t tietosuojaselosteista. Ohjeet henkil\u00f6tietojen k\u00e4sittelij\u00e4lle Pepiss\u00e4 Ohjeet henkil\u00f6tietojen k\u00e4sittelij\u00e4lle -sivulle on ker\u00e4tty tietoa siit\u00e4 kuinka k\u00e4ytt\u00e4jien tulisi k\u00e4sitell\u00e4 henkil\u00f6tietoja Peppi-j\u00e4rjestelm\u00e4ss\u00e4. N\u00e4iden k\u00e4sittelyohjeiden lis\u00e4ksi noudata voimassa olevaa lains\u00e4\u00e4d\u00e4nt\u00f6\u00e4 koskien henkil\u00f6tietoja. Saavutettavuusseloste T\u00e4m\u00e4 saavutettavuusseloste [&hellip;]<\/p>\n","protected":false},"author":77,"featured_media":0,"parent":0,"menu_order":0,"comment_status":"closed","ping_status":"closed","template":"","meta":{"_acf_changed":false,"_relevanssi_hide_post":"","_relevanssi_hide_content":"","_relevanssi_pin_for_all":"","_relevanssi_pin_keywords":"","_relevanssi_unpin_keywords":"","_relevanssi_related_keywords":"","_relevanssi_related_include_ids":"","_relevanssi_related_exclude_ids":"","_relevanssi_related_no_append":"","_relevanssi_related_not_related":"","_relevanssi_related_posts":"","_relevanssi_noindex_reason":"","footnotes":""},"categories":[30],"tags":[],"class_list":["post-5385","page","type-page","status-publish","hentry","category-yleinen"],"acf":[],"yoast_head":"<!-- This site is optimized with the Yoast SEO plugin v27.4 - https:\/\/yoast.com\/product\/yoast-seo-wordpress\/ -->\n<title>Tietosuoja ja saavutettavuus - Peppi-ohjeet henkil\u00f6kunnalle<\/title>\n<meta name=\"robots\" content=\"index, follow, max-snippet:-1, max-image-preview:large, max-video-preview:-1\" \/>\n<link rel=\"canonical\" href=\"https:\/\/help.jamk.fi\/peppi-ohjeet-henkilokunnalle\/fi\/tietosuoja-ja-saavutettavuus\/\" \/>\n<meta property=\"og:locale\" content=\"fi_FI\" \/>\n<meta property=\"og:type\" content=\"article\" \/>\n<meta property=\"og:title\" content=\"Tietosuoja ja saavutettavuus - Peppi-ohjeet henkil\u00f6kunnalle\" \/>\n<meta property=\"og:description\" content=\"Jyv\u00e4skyl\u00e4n ammattikorkeakoulu k\u00e4sittelee kaikkia antamiasi henkil\u00f6tietoja luottamuksellisesti. Tiedot on asianmukaisesti suojattu ja niihin on p\u00e4\u00e4sy vain asianosaisilla henkil\u00f6ill\u00e4. Tarkemmat henkil\u00f6tietojen k\u00e4ytt\u00f6- ja s\u00e4ilytysperiaatteet l\u00f6ytyv\u00e4t tietosuojaselosteista. Ohjeet henkil\u00f6tietojen k\u00e4sittelij\u00e4lle Pepiss\u00e4 Ohjeet henkil\u00f6tietojen k\u00e4sittelij\u00e4lle -sivulle on ker\u00e4tty tietoa siit\u00e4 kuinka k\u00e4ytt\u00e4jien tulisi k\u00e4sitell\u00e4 henkil\u00f6tietoja Peppi-j\u00e4rjestelm\u00e4ss\u00e4. N\u00e4iden k\u00e4sittelyohjeiden lis\u00e4ksi noudata voimassa olevaa lains\u00e4\u00e4d\u00e4nt\u00f6\u00e4 koskien henkil\u00f6tietoja. Saavutettavuusseloste T\u00e4m\u00e4 saavutettavuusseloste [&hellip;]\" \/>\n<meta property=\"og:url\" content=\"https:\/\/help.jamk.fi\/peppi-ohjeet-henkilokunnalle\/fi\/tietosuoja-ja-saavutettavuus\/\" \/>\n<meta property=\"og:site_name\" content=\"Peppi-ohjeet henkil\u00f6kunnalle\" \/>\n<meta property=\"article:modified_time\" content=\"2024-01-09T11:33:14+00:00\" \/>\n<meta name=\"twitter:card\" content=\"summary_large_image\" \/>\n<meta name=\"twitter:label1\" content=\"Arvioitu lukuaika\" \/>\n\t<meta name=\"twitter:data1\" content=\"1 minuutti\" \/>\n<script type=\"application\/ld+json\" class=\"yoast-schema-graph\">{\"@context\":\"https:\\\/\\\/schema.org\",\"@graph\":[{\"@type\":\"WebPage\",\"@id\":\"https:\\\/\\\/help.jamk.fi\\\/peppi-ohjeet-henkilokunnalle\\\/fi\\\/tietosuoja-ja-saavutettavuus\\\/\",\"url\":\"https:\\\/\\\/help.jamk.fi\\\/peppi-ohjeet-henkilokunnalle\\\/fi\\\/tietosuoja-ja-saavutettavuus\\\/\",\"name\":\"Tietosuoja ja saavutettavuus - Peppi-ohjeet henkil\u00f6kunnalle\",\"isPartOf\":{\"@id\":\"https:\\\/\\\/help.jamk.fi\\\/peppi-ohjeet-henkilokunnalle\\\/#website\"},\"datePublished\":\"2023-11-10T11:45:45+00:00\",\"dateModified\":\"2024-01-09T11:33:14+00:00\",\"breadcrumb\":{\"@id\":\"https:\\\/\\\/help.jamk.fi\\\/peppi-ohjeet-henkilokunnalle\\\/fi\\\/tietosuoja-ja-saavutettavuus\\\/#breadcrumb\"},\"inLanguage\":\"fi\",\"potentialAction\":[{\"@type\":\"ReadAction\",\"target\":[\"https:\\\/\\\/help.jamk.fi\\\/peppi-ohjeet-henkilokunnalle\\\/fi\\\/tietosuoja-ja-saavutettavuus\\\/\"]}]},{\"@type\":\"BreadcrumbList\",\"@id\":\"https:\\\/\\\/help.jamk.fi\\\/peppi-ohjeet-henkilokunnalle\\\/fi\\\/tietosuoja-ja-saavutettavuus\\\/#breadcrumb\",\"itemListElement\":[{\"@type\":\"ListItem\",\"position\":1,\"name\":\"Home\",\"item\":\"https:\\\/\\\/help.jamk.fi\\\/peppi-ohjeet-henkilokunnalle\\\/en\\\/\"},{\"@type\":\"ListItem\",\"position\":2,\"name\":\"Tietosuoja ja saavutettavuus\"}]},{\"@type\":\"WebSite\",\"@id\":\"https:\\\/\\\/help.jamk.fi\\\/peppi-ohjeet-henkilokunnalle\\\/#website\",\"url\":\"https:\\\/\\\/help.jamk.fi\\\/peppi-ohjeet-henkilokunnalle\\\/\",\"name\":\"Peppi-ohjeet henkil\u00f6kunnalle\",\"description\":\"\",\"potentialAction\":[{\"@type\":\"SearchAction\",\"target\":{\"@type\":\"EntryPoint\",\"urlTemplate\":\"https:\\\/\\\/help.jamk.fi\\\/peppi-ohjeet-henkilokunnalle\\\/?s={search_term_string}\"},\"query-input\":{\"@type\":\"PropertyValueSpecification\",\"valueRequired\":true,\"valueName\":\"search_term_string\"}}],\"inLanguage\":\"fi\"}]}<\/script>\n<!-- \/ Yoast SEO plugin. -->","yoast_head_json":{"title":"Tietosuoja ja saavutettavuus - Peppi-ohjeet henkil\u00f6kunnalle","robots":{"index":"index","follow":"follow","max-snippet":"max-snippet:-1","max-image-preview":"max-image-preview:large","max-video-preview":"max-video-preview:-1"},"canonical":"https:\/\/help.jamk.fi\/peppi-ohjeet-henkilokunnalle\/fi\/tietosuoja-ja-saavutettavuus\/","og_locale":"fi_FI","og_type":"article","og_title":"Tietosuoja ja saavutettavuus - Peppi-ohjeet henkil\u00f6kunnalle","og_description":"Jyv\u00e4skyl\u00e4n ammattikorkeakoulu k\u00e4sittelee kaikkia antamiasi henkil\u00f6tietoja luottamuksellisesti. Tiedot on asianmukaisesti suojattu ja niihin on p\u00e4\u00e4sy vain asianosaisilla henkil\u00f6ill\u00e4. Tarkemmat henkil\u00f6tietojen k\u00e4ytt\u00f6- ja s\u00e4ilytysperiaatteet l\u00f6ytyv\u00e4t tietosuojaselosteista. Ohjeet henkil\u00f6tietojen k\u00e4sittelij\u00e4lle Pepiss\u00e4 Ohjeet henkil\u00f6tietojen k\u00e4sittelij\u00e4lle -sivulle on ker\u00e4tty tietoa siit\u00e4 kuinka k\u00e4ytt\u00e4jien tulisi k\u00e4sitell\u00e4 henkil\u00f6tietoja Peppi-j\u00e4rjestelm\u00e4ss\u00e4. N\u00e4iden k\u00e4sittelyohjeiden lis\u00e4ksi noudata voimassa olevaa lains\u00e4\u00e4d\u00e4nt\u00f6\u00e4 koskien henkil\u00f6tietoja. Saavutettavuusseloste T\u00e4m\u00e4 saavutettavuusseloste [&hellip;]","og_url":"https:\/\/help.jamk.fi\/peppi-ohjeet-henkilokunnalle\/fi\/tietosuoja-ja-saavutettavuus\/","og_site_name":"Peppi-ohjeet henkil\u00f6kunnalle","article_modified_time":"2024-01-09T11:33:14+00:00","twitter_card":"summary_large_image","twitter_misc":{"Arvioitu lukuaika":"1 minuutti"},"schema":{"@context":"https:\/\/schema.org","@graph":[{"@type":"WebPage","@id":"https:\/\/help.jamk.fi\/peppi-ohjeet-henkilokunnalle\/fi\/tietosuoja-ja-saavutettavuus\/","url":"https:\/\/help.jamk.fi\/peppi-ohjeet-henkilokunnalle\/fi\/tietosuoja-ja-saavutettavuus\/","name":"Tietosuoja ja saavutettavuus - Peppi-ohjeet henkil\u00f6kunnalle","isPartOf":{"@id":"https:\/\/help.jamk.fi\/peppi-ohjeet-henkilokunnalle\/#website"},"datePublished":"2023-11-10T11:45:45+00:00","dateModified":"2024-01-09T11:33:14+00:00","breadcrumb":{"@id":"https:\/\/help.jamk.fi\/peppi-ohjeet-henkilokunnalle\/fi\/tietosuoja-ja-saavutettavuus\/#breadcrumb"},"inLanguage":"fi","potentialAction":[{"@type":"ReadAction","target":["https:\/\/help.jamk.fi\/peppi-ohjeet-henkilokunnalle\/fi\/tietosuoja-ja-saavutettavuus\/"]}]},{"@type":"BreadcrumbList","@id":"https:\/\/help.jamk.fi\/peppi-ohjeet-henkilokunnalle\/fi\/tietosuoja-ja-saavutettavuus\/#breadcrumb","itemListElement":[{"@type":"ListItem","position":1,"name":"Home","item":"https:\/\/help.jamk.fi\/peppi-ohjeet-henkilokunnalle\/en\/"},{"@type":"ListItem","position":2,"name":"Tietosuoja ja saavutettavuus"}]},{"@type":"WebSite","@id":"https:\/\/help.jamk.fi\/peppi-ohjeet-henkilokunnalle\/#website","url":"https:\/\/help.jamk.fi\/peppi-ohjeet-henkilokunnalle\/","name":"Peppi-ohjeet henkil\u00f6kunnalle","description":"","potentialAction":[{"@type":"SearchAction","target":{"@type":"EntryPoint","urlTemplate":"https:\/\/help.jamk.fi\/peppi-ohjeet-henkilokunnalle\/?s={search_term_string}"},"query-input":{"@type":"PropertyValueSpecification","valueRequired":true,"valueName":"search_term_string"}}],"inLanguage":"fi"}]}},"_links":{"self":[{"href":"https:\/\/help.jamk.fi\/peppi-ohjeet-henkilokunnalle\/wp-json\/wp\/v2\/pages\/5385","targetHints":{"allow":["GET"]}}],"collection":[{"href":"https:\/\/help.jamk.fi\/peppi-ohjeet-henkilokunnalle\/wp-json\/wp\/v2\/pages"}],"about":[{"href":"https:\/\/help.jamk.fi\/peppi-ohjeet-henkilokunnalle\/wp-json\/wp\/v2\/types\/page"}],"author":[{"embeddable":true,"href":"https:\/\/help.jamk.fi\/peppi-ohjeet-henkilokunnalle\/wp-json\/wp\/v2\/users\/77"}],"replies":[{"embeddable":true,"href":"https:\/\/help.jamk.fi\/peppi-ohjeet-henkilokunnalle\/wp-json\/wp\/v2\/comments?post=5385"}],"version-history":[{"count":6,"href":"https:\/\/help.jamk.fi\/peppi-ohjeet-henkilokunnalle\/wp-json\/wp\/v2\/pages\/5385\/revisions"}],"predecessor-version":[{"id":6169,"href":"https:\/\/help.jamk.fi\/peppi-ohjeet-henkilokunnalle\/wp-json\/wp\/v2\/pages\/5385\/revisions\/6169"}],"wp:attachment":[{"href":"https:\/\/help.jamk.fi\/peppi-ohjeet-henkilokunnalle\/wp-json\/wp\/v2\/media?parent=5385"}],"wp:term":[{"taxonomy":"category","embeddable":true,"href":"https:\/\/help.jamk.fi\/peppi-ohjeet-henkilokunnalle\/wp-json\/wp\/v2\/categories?post=5385"},{"taxonomy":"post_tag","embeddable":true,"href":"https:\/\/help.jamk.fi\/peppi-ohjeet-henkilokunnalle\/wp-json\/wp\/v2\/tags?post=5385"}],"curies":[{"name":"wp","href":"https:\/\/api.w.org\/{rel}","templated":true}]}}