{"id":6609,"date":"2024-04-24T11:08:16","date_gmt":"2024-04-24T08:08:16","guid":{"rendered":"https:\/\/help.jamk.fi\/peppi-ohjeet-henkilokunnalle\/?page_id=6609"},"modified":"2024-11-11T10:40:37","modified_gmt":"2024-11-11T08:40:37","slug":"verkoston-ja-sen-keston-lisaaminen-manuaalisesti-opintoelementtiin","status":"publish","type":"page","link":"https:\/\/help.jamk.fi\/peppi-ohjeet-henkilokunnalle\/fi\/ristiinopiskeluun-liittyvat-ohjeistukset\/ristiinopiskelun-suunnittelijan-ohjeet\/verkoston-ja-sen-keston-lisaaminen-manuaalisesti-opintoelementtiin\/","title":{"rendered":"Verkoston ja sen keston lis\u00e4\u00e4minen manuaalisesti opintoelementtiin"},"content":{"rendered":"\n<p>Manuaalinen verkosto ja sen kesto lis\u00e4t\u00e4\u00e4n samassa n\u00e4kym\u00e4ss\u00e4 miss\u00e4 listataan liitetyt verkostot (<strong>Muokkaa suoria liitoksia<\/strong> -painike). Mukana on validointi, joka varmistaa, ett\u00e4 verkostoliitoksen p\u00e4iv\u00e4m\u00e4\u00e4r\u00e4 on verkoston voimassaoloajan sis\u00e4ll\u00e4.\u00a0 Kansalliseen palveluun vied\u00e4\u00e4n summatietona verkostokohtaisesti voimassaoloaika (min\/max) (kuvio 1).<\/p>\n\n\n\n<figure class=\"wp-block-image size-full is-resized\"><img loading=\"lazy\" decoding=\"async\" width=\"790\" height=\"397\" src=\"https:\/\/help.jamk.fi\/peppi-ohjeet-henkilokunnalle\/wp-content\/uploads\/sites\/131\/2024\/04\/Suorat_liitokset.png\" alt=\"\" class=\"wp-image-6599\" style=\"width:453px;height:auto\" srcset=\"https:\/\/help.jamk.fi\/peppi-ohjeet-henkilokunnalle\/wp-content\/uploads\/sites\/131\/2024\/04\/Suorat_liitokset.png 790w, https:\/\/help.jamk.fi\/peppi-ohjeet-henkilokunnalle\/wp-content\/uploads\/sites\/131\/2024\/04\/Suorat_liitokset-300x151.png 300w, https:\/\/help.jamk.fi\/peppi-ohjeet-henkilokunnalle\/wp-content\/uploads\/sites\/131\/2024\/04\/Suorat_liitokset-768x386.png 768w\" sizes=\"auto, (max-width: 790px) 100vw, 790px\" \/><figcaption class=\"wp-element-caption\">Kuvio 1. EOKin suorien liitoksien muokkaaminen<\/figcaption><\/figure>\n","protected":false},"excerpt":{"rendered":"<p>Manuaalinen verkosto ja sen kesto lis\u00e4t\u00e4\u00e4n samassa n\u00e4kym\u00e4ss\u00e4 miss\u00e4 listataan liitetyt verkostot (Muokkaa suoria liitoksia -painike). Mukana on validointi, joka varmistaa, ett\u00e4 verkostoliitoksen p\u00e4iv\u00e4m\u00e4\u00e4r\u00e4 on verkoston voimassaoloajan sis\u00e4ll\u00e4.\u00a0 Kansalliseen palveluun vied\u00e4\u00e4n summatietona verkostokohtaisesti voimassaoloaika (min\/max) (kuvio 1).<\/p>\n","protected":false},"author":78,"featured_media":0,"parent":6604,"menu_order":2,"comment_status":"closed","ping_status":"closed","template":"","meta":{"_acf_changed":false,"_relevanssi_hide_post":"","_relevanssi_hide_content":"","_relevanssi_pin_for_all":"","_relevanssi_pin_keywords":"","_relevanssi_unpin_keywords":"","_relevanssi_related_keywords":"","_relevanssi_related_include_ids":"","_relevanssi_related_exclude_ids":"","_relevanssi_related_no_append":"","_relevanssi_related_not_related":"","_relevanssi_related_posts":"","_relevanssi_noindex_reason":"","footnotes":""},"categories":[],"tags":[],"class_list":["post-6609","page","type-page","status-publish","hentry"],"acf":[],"yoast_head":"<!-- This site is optimized with the Yoast SEO plugin v27.4 - https:\/\/yoast.com\/product\/yoast-seo-wordpress\/ -->\n<title>Verkoston ja sen keston lis\u00e4\u00e4minen manuaalisesti opintoelementtiin - Peppi-ohjeet henkil\u00f6kunnalle<\/title>\n<meta name=\"robots\" content=\"index, follow, max-snippet:-1, max-image-preview:large, max-video-preview:-1\" \/>\n<link rel=\"canonical\" href=\"https:\/\/help.jamk.fi\/peppi-ohjeet-henkilokunnalle\/fi\/ristiinopiskeluun-liittyvat-ohjeistukset\/ristiinopiskelun-suunnittelijan-ohjeet\/verkoston-ja-sen-keston-lisaaminen-manuaalisesti-opintoelementtiin\/\" \/>\n<meta property=\"og:locale\" content=\"fi_FI\" \/>\n<meta property=\"og:type\" content=\"article\" \/>\n<meta property=\"og:title\" content=\"Verkoston ja sen keston lis\u00e4\u00e4minen manuaalisesti opintoelementtiin - Peppi-ohjeet henkil\u00f6kunnalle\" \/>\n<meta property=\"og:description\" content=\"Manuaalinen verkosto ja sen kesto lis\u00e4t\u00e4\u00e4n samassa n\u00e4kym\u00e4ss\u00e4 miss\u00e4 listataan liitetyt verkostot (Muokkaa suoria liitoksia -painike). Mukana on validointi, joka varmistaa, ett\u00e4 verkostoliitoksen p\u00e4iv\u00e4m\u00e4\u00e4r\u00e4 on verkoston voimassaoloajan sis\u00e4ll\u00e4.\u00a0 Kansalliseen palveluun vied\u00e4\u00e4n summatietona verkostokohtaisesti voimassaoloaika (min\/max) (kuvio 1).\" \/>\n<meta property=\"og:url\" content=\"https:\/\/help.jamk.fi\/peppi-ohjeet-henkilokunnalle\/fi\/ristiinopiskeluun-liittyvat-ohjeistukset\/ristiinopiskelun-suunnittelijan-ohjeet\/verkoston-ja-sen-keston-lisaaminen-manuaalisesti-opintoelementtiin\/\" \/>\n<meta property=\"og:site_name\" content=\"Peppi-ohjeet henkil\u00f6kunnalle\" \/>\n<meta property=\"article:modified_time\" content=\"2024-11-11T08:40:37+00:00\" \/>\n<meta property=\"og:image\" content=\"https:\/\/help.jamk.fi\/peppi-ohjeet-henkilokunnalle\/wp-content\/uploads\/sites\/131\/2024\/04\/Suorat_liitokset.png\" \/>\n<meta name=\"twitter:card\" content=\"summary_large_image\" \/>\n<meta name=\"twitter:label1\" content=\"Arvioitu lukuaika\" \/>\n\t<meta name=\"twitter:data1\" content=\"1 minuutti\" \/>\n<script type=\"application\/ld+json\" class=\"yoast-schema-graph\">{\"@context\":\"https:\\\/\\\/schema.org\",\"@graph\":[{\"@type\":\"WebPage\",\"@id\":\"https:\\\/\\\/help.jamk.fi\\\/peppi-ohjeet-henkilokunnalle\\\/fi\\\/ristiinopiskeluun-liittyvat-ohjeistukset\\\/ristiinopiskelun-suunnittelijan-ohjeet\\\/verkoston-ja-sen-keston-lisaaminen-manuaalisesti-opintoelementtiin\\\/\",\"url\":\"https:\\\/\\\/help.jamk.fi\\\/peppi-ohjeet-henkilokunnalle\\\/fi\\\/ristiinopiskeluun-liittyvat-ohjeistukset\\\/ristiinopiskelun-suunnittelijan-ohjeet\\\/verkoston-ja-sen-keston-lisaaminen-manuaalisesti-opintoelementtiin\\\/\",\"name\":\"Verkoston ja sen keston lis\u00e4\u00e4minen manuaalisesti opintoelementtiin - Peppi-ohjeet henkil\u00f6kunnalle\",\"isPartOf\":{\"@id\":\"https:\\\/\\\/help.jamk.fi\\\/peppi-ohjeet-henkilokunnalle\\\/#website\"},\"primaryImageOfPage\":{\"@id\":\"https:\\\/\\\/help.jamk.fi\\\/peppi-ohjeet-henkilokunnalle\\\/fi\\\/ristiinopiskeluun-liittyvat-ohjeistukset\\\/ristiinopiskelun-suunnittelijan-ohjeet\\\/verkoston-ja-sen-keston-lisaaminen-manuaalisesti-opintoelementtiin\\\/#primaryimage\"},\"image\":{\"@id\":\"https:\\\/\\\/help.jamk.fi\\\/peppi-ohjeet-henkilokunnalle\\\/fi\\\/ristiinopiskeluun-liittyvat-ohjeistukset\\\/ristiinopiskelun-suunnittelijan-ohjeet\\\/verkoston-ja-sen-keston-lisaaminen-manuaalisesti-opintoelementtiin\\\/#primaryimage\"},\"thumbnailUrl\":\"https:\\\/\\\/help.jamk.fi\\\/peppi-ohjeet-henkilokunnalle\\\/wp-content\\\/uploads\\\/sites\\\/131\\\/2024\\\/04\\\/Suorat_liitokset.png\",\"datePublished\":\"2024-04-24T08:08:16+00:00\",\"dateModified\":\"2024-11-11T08:40:37+00:00\",\"breadcrumb\":{\"@id\":\"https:\\\/\\\/help.jamk.fi\\\/peppi-ohjeet-henkilokunnalle\\\/fi\\\/ristiinopiskeluun-liittyvat-ohjeistukset\\\/ristiinopiskelun-suunnittelijan-ohjeet\\\/verkoston-ja-sen-keston-lisaaminen-manuaalisesti-opintoelementtiin\\\/#breadcrumb\"},\"inLanguage\":\"fi\",\"potentialAction\":[{\"@type\":\"ReadAction\",\"target\":[\"https:\\\/\\\/help.jamk.fi\\\/peppi-ohjeet-henkilokunnalle\\\/fi\\\/ristiinopiskeluun-liittyvat-ohjeistukset\\\/ristiinopiskelun-suunnittelijan-ohjeet\\\/verkoston-ja-sen-keston-lisaaminen-manuaalisesti-opintoelementtiin\\\/\"]}]},{\"@type\":\"ImageObject\",\"inLanguage\":\"fi\",\"@id\":\"https:\\\/\\\/help.jamk.fi\\\/peppi-ohjeet-henkilokunnalle\\\/fi\\\/ristiinopiskeluun-liittyvat-ohjeistukset\\\/ristiinopiskelun-suunnittelijan-ohjeet\\\/verkoston-ja-sen-keston-lisaaminen-manuaalisesti-opintoelementtiin\\\/#primaryimage\",\"url\":\"https:\\\/\\\/help.jamk.fi\\\/peppi-ohjeet-henkilokunnalle\\\/wp-content\\\/uploads\\\/sites\\\/131\\\/2024\\\/04\\\/Suorat_liitokset.png\",\"contentUrl\":\"https:\\\/\\\/help.jamk.fi\\\/peppi-ohjeet-henkilokunnalle\\\/wp-content\\\/uploads\\\/sites\\\/131\\\/2024\\\/04\\\/Suorat_liitokset.png\",\"width\":790,\"height\":397,\"caption\":\"Kuvio 1. EOKin suorien liitoksien muokkaaminen\"},{\"@type\":\"BreadcrumbList\",\"@id\":\"https:\\\/\\\/help.jamk.fi\\\/peppi-ohjeet-henkilokunnalle\\\/fi\\\/ristiinopiskeluun-liittyvat-ohjeistukset\\\/ristiinopiskelun-suunnittelijan-ohjeet\\\/verkoston-ja-sen-keston-lisaaminen-manuaalisesti-opintoelementtiin\\\/#breadcrumb\",\"itemListElement\":[{\"@type\":\"ListItem\",\"position\":1,\"name\":\"Home\",\"item\":\"https:\\\/\\\/help.jamk.fi\\\/peppi-ohjeet-henkilokunnalle\\\/en\\\/\"},{\"@type\":\"ListItem\",\"position\":2,\"name\":\"Ristiinopiskelu\",\"item\":\"https:\\\/\\\/help.jamk.fi\\\/peppi-ohjeet-henkilokunnalle\\\/fi\\\/ristiinopiskeluun-liittyvat-ohjeistukset\\\/\"},{\"@type\":\"ListItem\",\"position\":3,\"name\":\"Ristiinopiskelun suunnittelijan ohjeet\",\"item\":\"https:\\\/\\\/help.jamk.fi\\\/peppi-ohjeet-henkilokunnalle\\\/fi\\\/ristiinopiskeluun-liittyvat-ohjeistukset\\\/ristiinopiskelun-suunnittelijan-ohjeet\\\/\"},{\"@type\":\"ListItem\",\"position\":4,\"name\":\"Verkoston ja sen keston lis\u00e4\u00e4minen manuaalisesti opintoelementtiin\"}]},{\"@type\":\"WebSite\",\"@id\":\"https:\\\/\\\/help.jamk.fi\\\/peppi-ohjeet-henkilokunnalle\\\/#website\",\"url\":\"https:\\\/\\\/help.jamk.fi\\\/peppi-ohjeet-henkilokunnalle\\\/\",\"name\":\"Peppi-ohjeet henkil\u00f6kunnalle\",\"description\":\"\",\"potentialAction\":[{\"@type\":\"SearchAction\",\"target\":{\"@type\":\"EntryPoint\",\"urlTemplate\":\"https:\\\/\\\/help.jamk.fi\\\/peppi-ohjeet-henkilokunnalle\\\/?s={search_term_string}\"},\"query-input\":{\"@type\":\"PropertyValueSpecification\",\"valueRequired\":true,\"valueName\":\"search_term_string\"}}],\"inLanguage\":\"fi\"}]}<\/script>\n<!-- \/ Yoast SEO plugin. -->","yoast_head_json":{"title":"Verkoston ja sen keston lis\u00e4\u00e4minen manuaalisesti opintoelementtiin - Peppi-ohjeet henkil\u00f6kunnalle","robots":{"index":"index","follow":"follow","max-snippet":"max-snippet:-1","max-image-preview":"max-image-preview:large","max-video-preview":"max-video-preview:-1"},"canonical":"https:\/\/help.jamk.fi\/peppi-ohjeet-henkilokunnalle\/fi\/ristiinopiskeluun-liittyvat-ohjeistukset\/ristiinopiskelun-suunnittelijan-ohjeet\/verkoston-ja-sen-keston-lisaaminen-manuaalisesti-opintoelementtiin\/","og_locale":"fi_FI","og_type":"article","og_title":"Verkoston ja sen keston lis\u00e4\u00e4minen manuaalisesti opintoelementtiin - Peppi-ohjeet henkil\u00f6kunnalle","og_description":"Manuaalinen verkosto ja sen kesto lis\u00e4t\u00e4\u00e4n samassa n\u00e4kym\u00e4ss\u00e4 miss\u00e4 listataan liitetyt verkostot (Muokkaa suoria liitoksia -painike). Mukana on validointi, joka varmistaa, ett\u00e4 verkostoliitoksen p\u00e4iv\u00e4m\u00e4\u00e4r\u00e4 on verkoston voimassaoloajan sis\u00e4ll\u00e4.\u00a0 Kansalliseen palveluun vied\u00e4\u00e4n summatietona verkostokohtaisesti voimassaoloaika (min\/max) (kuvio 1).","og_url":"https:\/\/help.jamk.fi\/peppi-ohjeet-henkilokunnalle\/fi\/ristiinopiskeluun-liittyvat-ohjeistukset\/ristiinopiskelun-suunnittelijan-ohjeet\/verkoston-ja-sen-keston-lisaaminen-manuaalisesti-opintoelementtiin\/","og_site_name":"Peppi-ohjeet henkil\u00f6kunnalle","article_modified_time":"2024-11-11T08:40:37+00:00","og_image":[{"url":"https:\/\/help.jamk.fi\/peppi-ohjeet-henkilokunnalle\/wp-content\/uploads\/sites\/131\/2024\/04\/Suorat_liitokset.png","type":"","width":"","height":""}],"twitter_card":"summary_large_image","twitter_misc":{"Arvioitu lukuaika":"1 minuutti"},"schema":{"@context":"https:\/\/schema.org","@graph":[{"@type":"WebPage","@id":"https:\/\/help.jamk.fi\/peppi-ohjeet-henkilokunnalle\/fi\/ristiinopiskeluun-liittyvat-ohjeistukset\/ristiinopiskelun-suunnittelijan-ohjeet\/verkoston-ja-sen-keston-lisaaminen-manuaalisesti-opintoelementtiin\/","url":"https:\/\/help.jamk.fi\/peppi-ohjeet-henkilokunnalle\/fi\/ristiinopiskeluun-liittyvat-ohjeistukset\/ristiinopiskelun-suunnittelijan-ohjeet\/verkoston-ja-sen-keston-lisaaminen-manuaalisesti-opintoelementtiin\/","name":"Verkoston ja sen keston lis\u00e4\u00e4minen manuaalisesti opintoelementtiin - Peppi-ohjeet henkil\u00f6kunnalle","isPartOf":{"@id":"https:\/\/help.jamk.fi\/peppi-ohjeet-henkilokunnalle\/#website"},"primaryImageOfPage":{"@id":"https:\/\/help.jamk.fi\/peppi-ohjeet-henkilokunnalle\/fi\/ristiinopiskeluun-liittyvat-ohjeistukset\/ristiinopiskelun-suunnittelijan-ohjeet\/verkoston-ja-sen-keston-lisaaminen-manuaalisesti-opintoelementtiin\/#primaryimage"},"image":{"@id":"https:\/\/help.jamk.fi\/peppi-ohjeet-henkilokunnalle\/fi\/ristiinopiskeluun-liittyvat-ohjeistukset\/ristiinopiskelun-suunnittelijan-ohjeet\/verkoston-ja-sen-keston-lisaaminen-manuaalisesti-opintoelementtiin\/#primaryimage"},"thumbnailUrl":"https:\/\/help.jamk.fi\/peppi-ohjeet-henkilokunnalle\/wp-content\/uploads\/sites\/131\/2024\/04\/Suorat_liitokset.png","datePublished":"2024-04-24T08:08:16+00:00","dateModified":"2024-11-11T08:40:37+00:00","breadcrumb":{"@id":"https:\/\/help.jamk.fi\/peppi-ohjeet-henkilokunnalle\/fi\/ristiinopiskeluun-liittyvat-ohjeistukset\/ristiinopiskelun-suunnittelijan-ohjeet\/verkoston-ja-sen-keston-lisaaminen-manuaalisesti-opintoelementtiin\/#breadcrumb"},"inLanguage":"fi","potentialAction":[{"@type":"ReadAction","target":["https:\/\/help.jamk.fi\/peppi-ohjeet-henkilokunnalle\/fi\/ristiinopiskeluun-liittyvat-ohjeistukset\/ristiinopiskelun-suunnittelijan-ohjeet\/verkoston-ja-sen-keston-lisaaminen-manuaalisesti-opintoelementtiin\/"]}]},{"@type":"ImageObject","inLanguage":"fi","@id":"https:\/\/help.jamk.fi\/peppi-ohjeet-henkilokunnalle\/fi\/ristiinopiskeluun-liittyvat-ohjeistukset\/ristiinopiskelun-suunnittelijan-ohjeet\/verkoston-ja-sen-keston-lisaaminen-manuaalisesti-opintoelementtiin\/#primaryimage","url":"https:\/\/help.jamk.fi\/peppi-ohjeet-henkilokunnalle\/wp-content\/uploads\/sites\/131\/2024\/04\/Suorat_liitokset.png","contentUrl":"https:\/\/help.jamk.fi\/peppi-ohjeet-henkilokunnalle\/wp-content\/uploads\/sites\/131\/2024\/04\/Suorat_liitokset.png","width":790,"height":397,"caption":"Kuvio 1. EOKin suorien liitoksien muokkaaminen"},{"@type":"BreadcrumbList","@id":"https:\/\/help.jamk.fi\/peppi-ohjeet-henkilokunnalle\/fi\/ristiinopiskeluun-liittyvat-ohjeistukset\/ristiinopiskelun-suunnittelijan-ohjeet\/verkoston-ja-sen-keston-lisaaminen-manuaalisesti-opintoelementtiin\/#breadcrumb","itemListElement":[{"@type":"ListItem","position":1,"name":"Home","item":"https:\/\/help.jamk.fi\/peppi-ohjeet-henkilokunnalle\/en\/"},{"@type":"ListItem","position":2,"name":"Ristiinopiskelu","item":"https:\/\/help.jamk.fi\/peppi-ohjeet-henkilokunnalle\/fi\/ristiinopiskeluun-liittyvat-ohjeistukset\/"},{"@type":"ListItem","position":3,"name":"Ristiinopiskelun suunnittelijan ohjeet","item":"https:\/\/help.jamk.fi\/peppi-ohjeet-henkilokunnalle\/fi\/ristiinopiskeluun-liittyvat-ohjeistukset\/ristiinopiskelun-suunnittelijan-ohjeet\/"},{"@type":"ListItem","position":4,"name":"Verkoston ja sen keston lis\u00e4\u00e4minen manuaalisesti opintoelementtiin"}]},{"@type":"WebSite","@id":"https:\/\/help.jamk.fi\/peppi-ohjeet-henkilokunnalle\/#website","url":"https:\/\/help.jamk.fi\/peppi-ohjeet-henkilokunnalle\/","name":"Peppi-ohjeet henkil\u00f6kunnalle","description":"","potentialAction":[{"@type":"SearchAction","target":{"@type":"EntryPoint","urlTemplate":"https:\/\/help.jamk.fi\/peppi-ohjeet-henkilokunnalle\/?s={search_term_string}"},"query-input":{"@type":"PropertyValueSpecification","valueRequired":true,"valueName":"search_term_string"}}],"inLanguage":"fi"}]}},"_links":{"self":[{"href":"https:\/\/help.jamk.fi\/peppi-ohjeet-henkilokunnalle\/wp-json\/wp\/v2\/pages\/6609","targetHints":{"allow":["GET"]}}],"collection":[{"href":"https:\/\/help.jamk.fi\/peppi-ohjeet-henkilokunnalle\/wp-json\/wp\/v2\/pages"}],"about":[{"href":"https:\/\/help.jamk.fi\/peppi-ohjeet-henkilokunnalle\/wp-json\/wp\/v2\/types\/page"}],"author":[{"embeddable":true,"href":"https:\/\/help.jamk.fi\/peppi-ohjeet-henkilokunnalle\/wp-json\/wp\/v2\/users\/78"}],"replies":[{"embeddable":true,"href":"https:\/\/help.jamk.fi\/peppi-ohjeet-henkilokunnalle\/wp-json\/wp\/v2\/comments?post=6609"}],"version-history":[{"count":4,"href":"https:\/\/help.jamk.fi\/peppi-ohjeet-henkilokunnalle\/wp-json\/wp\/v2\/pages\/6609\/revisions"}],"predecessor-version":[{"id":7327,"href":"https:\/\/help.jamk.fi\/peppi-ohjeet-henkilokunnalle\/wp-json\/wp\/v2\/pages\/6609\/revisions\/7327"}],"up":[{"embeddable":true,"href":"https:\/\/help.jamk.fi\/peppi-ohjeet-henkilokunnalle\/wp-json\/wp\/v2\/pages\/6604"}],"wp:attachment":[{"href":"https:\/\/help.jamk.fi\/peppi-ohjeet-henkilokunnalle\/wp-json\/wp\/v2\/media?parent=6609"}],"wp:term":[{"taxonomy":"category","embeddable":true,"href":"https:\/\/help.jamk.fi\/peppi-ohjeet-henkilokunnalle\/wp-json\/wp\/v2\/categories?post=6609"},{"taxonomy":"post_tag","embeddable":true,"href":"https:\/\/help.jamk.fi\/peppi-ohjeet-henkilokunnalle\/wp-json\/wp\/v2\/tags?post=6609"}],"curies":[{"name":"wp","href":"https:\/\/api.w.org\/{rel}","templated":true}]}}