{"id":6614,"date":"2024-04-24T11:12:47","date_gmt":"2024-04-24T08:12:47","guid":{"rendered":"https:\/\/help.jamk.fi\/peppi-ohjeet-henkilokunnalle\/?page_id=6614"},"modified":"2024-06-07T10:13:20","modified_gmt":"2024-06-07T07:13:20","slug":"ristiinopiskeluverkostojen-periytyminen","status":"publish","type":"page","link":"https:\/\/help.jamk.fi\/peppi-ohjeet-henkilokunnalle\/fi\/ristiinopiskeluun-liittyvat-ohjeistukset\/ristiinopiskelun-suunnittelijan-ohjeet\/ristiinopiskeluverkostojen-periytyminen\/","title":{"rendered":"Ristiinopiskeluverkostojen periytyminen"},"content":{"rendered":"\n<p>Vain voimassaolevat verkostot haetaan erillisen opintokokonaisuuden, opintokokonaisuuden, opintojakson ja toteutuksen tietoihin.<\/p>\n\n\n\n<p>Ristiinopiskeluverkostot periytyv\u00e4t opintoelementtien v\u00e4lill\u00e4 seuraavalla tavalla:<\/p>\n\n\n\n<p>Tieto periytyy opintokokonaisuudelta ko. opintokokonaisuuteen liitettyihin opintojaksoihin ja opintokokonaisuuksiin<\/p>\n\n\n\n<ul class=\"wp-block-list\">\n<li>Jos opintokokonaisuus on rakenteellinen, sen sis\u00e4lt\u00e4m\u00e4t elementit periv\u00e4t tiedon<\/li>\n\n\n\n<li>Opiskelija voi poimia HOPSiinsa vain ylimm\u00e4n tason<\/li>\n\n\n\n<li>Opintokokonaisuuden sis\u00e4lt\u00e4m\u00e4t opintojaksot voi lis\u00e4t\u00e4 my\u00f6s erikseen verkostotarjontaan, jolloin opiskelija voi valita ne HOPSiinsa erikseen<\/li>\n<\/ul>\n\n\n\n<p>Verkostotieto periytyy opintojaksolta toteutukselle<\/p>\n\n\n\n<ul class=\"wp-block-list\">\n<li><strong>Jotta toteutus siirtyy kansalliseen palveluun, sille t\u00e4ytyy lis\u00e4t\u00e4 paikkoja ristiinopiskeluverkoston opiskelijoille<\/strong><\/li>\n\n\n\n<li>Jos toteutukselta poistaa ristiinopiskelun kiinti\u00f6ryhm\u00e4n ja toteutus poistuu siten palvelusta, sen poistuminen ei vaikuta opintojaksoon<\/li>\n<\/ul>\n\n\n\n<p>Verkostotietojen periytyminen opintokokonaisuudelta sen alla oleville erillisille opintokokonaisuuksille&nbsp;&nbsp;&nbsp;&nbsp;<\/p>\n\n\n\n<ul class=\"wp-block-list\">\n<li>Oletuksena verkostotiedot eiv\u00e4t periydy erillisille opintokokonaisuuksille, mutta k\u00e4ytt\u00e4j\u00e4 saa siit\u00e4 ilmoituksen esim. tilanteessa, jossa k\u00e4ytt\u00e4j\u00e4 lis\u00e4\u00e4 verkoston yl\u00e4tasolle ja tason alla on erillisi\u00e4 opintokokonaisuuksia<\/li>\n<\/ul>\n\n\n\n<p>&nbsp;Opintokokonaisuuden haku toisesta OPSista<\/p>\n\n\n\n<ul class=\"wp-block-list\">\n<li>Jos haettavilla elementeill\u00e4 on ristiinopiskelun verkostotietoja, k\u00e4ytt\u00e4j\u00e4lt\u00e4 kysyt\u00e4\u00e4n, tuodaanko my\u00f6s verkostotiedot<\/li>\n<\/ul>\n\n\n\n<p>Verkostotieto <strong>ei periydy ryhmittelyille<\/strong>, koska ryhmittely ei ole opintokokonaisuus eik\u00e4 opintojakso. Kansallinen palvelu ei tue sen tyyppisi\u00e4 elementtej\u00e4.<\/p>\n","protected":false},"excerpt":{"rendered":"<p>Vain voimassaolevat verkostot haetaan erillisen opintokokonaisuuden, opintokokonaisuuden, opintojakson ja toteutuksen tietoihin. Ristiinopiskeluverkostot periytyv\u00e4t opintoelementtien v\u00e4lill\u00e4 seuraavalla tavalla: Tieto periytyy opintokokonaisuudelta ko. opintokokonaisuuteen liitettyihin opintojaksoihin ja opintokokonaisuuksiin Verkostotieto periytyy opintojaksolta toteutukselle Verkostotietojen periytyminen opintokokonaisuudelta sen alla oleville erillisille opintokokonaisuuksille&nbsp;&nbsp;&nbsp;&nbsp; &nbsp;Opintokokonaisuuden haku toisesta OPSista Verkostotieto ei periydy ryhmittelyille, koska ryhmittely ei ole opintokokonaisuus eik\u00e4 opintojakso. Kansallinen palvelu [&hellip;]<\/p>\n","protected":false},"author":78,"featured_media":0,"parent":6604,"menu_order":3,"comment_status":"closed","ping_status":"closed","template":"","meta":{"_acf_changed":false,"_relevanssi_hide_post":"","_relevanssi_hide_content":"","_relevanssi_pin_for_all":"","_relevanssi_pin_keywords":"","_relevanssi_unpin_keywords":"","_relevanssi_related_keywords":"","_relevanssi_related_include_ids":"","_relevanssi_related_exclude_ids":"","_relevanssi_related_no_append":"","_relevanssi_related_not_related":"","_relevanssi_related_posts":"","_relevanssi_noindex_reason":"","footnotes":""},"categories":[],"tags":[],"class_list":["post-6614","page","type-page","status-publish","hentry"],"acf":[],"yoast_head":"<!-- This site is optimized with the Yoast SEO plugin v27.3 - https:\/\/yoast.com\/product\/yoast-seo-wordpress\/ -->\n<title>Ristiinopiskeluverkostojen periytyminen - Peppi-ohjeet henkil\u00f6kunnalle<\/title>\n<meta name=\"robots\" content=\"index, follow, max-snippet:-1, max-image-preview:large, max-video-preview:-1\" \/>\n<link rel=\"canonical\" href=\"https:\/\/help.jamk.fi\/peppi-ohjeet-henkilokunnalle\/fi\/ristiinopiskeluun-liittyvat-ohjeistukset\/ristiinopiskelun-suunnittelijan-ohjeet\/ristiinopiskeluverkostojen-periytyminen\/\" \/>\n<meta property=\"og:locale\" content=\"fi_FI\" \/>\n<meta property=\"og:type\" content=\"article\" \/>\n<meta property=\"og:title\" content=\"Ristiinopiskeluverkostojen periytyminen - Peppi-ohjeet henkil\u00f6kunnalle\" \/>\n<meta property=\"og:description\" content=\"Vain voimassaolevat verkostot haetaan erillisen opintokokonaisuuden, opintokokonaisuuden, opintojakson ja toteutuksen tietoihin. Ristiinopiskeluverkostot periytyv\u00e4t opintoelementtien v\u00e4lill\u00e4 seuraavalla tavalla: Tieto periytyy opintokokonaisuudelta ko. opintokokonaisuuteen liitettyihin opintojaksoihin ja opintokokonaisuuksiin Verkostotieto periytyy opintojaksolta toteutukselle Verkostotietojen periytyminen opintokokonaisuudelta sen alla oleville erillisille opintokokonaisuuksille&nbsp;&nbsp;&nbsp;&nbsp; &nbsp;Opintokokonaisuuden haku toisesta OPSista Verkostotieto ei periydy ryhmittelyille, koska ryhmittely ei ole opintokokonaisuus eik\u00e4 opintojakso. Kansallinen palvelu [&hellip;]\" \/>\n<meta property=\"og:url\" content=\"https:\/\/help.jamk.fi\/peppi-ohjeet-henkilokunnalle\/fi\/ristiinopiskeluun-liittyvat-ohjeistukset\/ristiinopiskelun-suunnittelijan-ohjeet\/ristiinopiskeluverkostojen-periytyminen\/\" \/>\n<meta property=\"og:site_name\" content=\"Peppi-ohjeet henkil\u00f6kunnalle\" \/>\n<meta property=\"article:modified_time\" content=\"2024-06-07T07:13:20+00:00\" \/>\n<meta name=\"twitter:card\" content=\"summary_large_image\" \/>\n<meta name=\"twitter:label1\" content=\"Arvioitu lukuaika\" \/>\n\t<meta name=\"twitter:data1\" content=\"1 minuutti\" \/>\n<script type=\"application\/ld+json\" class=\"yoast-schema-graph\">{\"@context\":\"https:\\\/\\\/schema.org\",\"@graph\":[{\"@type\":\"WebPage\",\"@id\":\"https:\\\/\\\/help.jamk.fi\\\/peppi-ohjeet-henkilokunnalle\\\/fi\\\/ristiinopiskeluun-liittyvat-ohjeistukset\\\/ristiinopiskelun-suunnittelijan-ohjeet\\\/ristiinopiskeluverkostojen-periytyminen\\\/\",\"url\":\"https:\\\/\\\/help.jamk.fi\\\/peppi-ohjeet-henkilokunnalle\\\/fi\\\/ristiinopiskeluun-liittyvat-ohjeistukset\\\/ristiinopiskelun-suunnittelijan-ohjeet\\\/ristiinopiskeluverkostojen-periytyminen\\\/\",\"name\":\"Ristiinopiskeluverkostojen periytyminen - Peppi-ohjeet henkil\u00f6kunnalle\",\"isPartOf\":{\"@id\":\"https:\\\/\\\/help.jamk.fi\\\/peppi-ohjeet-henkilokunnalle\\\/#website\"},\"datePublished\":\"2024-04-24T08:12:47+00:00\",\"dateModified\":\"2024-06-07T07:13:20+00:00\",\"breadcrumb\":{\"@id\":\"https:\\\/\\\/help.jamk.fi\\\/peppi-ohjeet-henkilokunnalle\\\/fi\\\/ristiinopiskeluun-liittyvat-ohjeistukset\\\/ristiinopiskelun-suunnittelijan-ohjeet\\\/ristiinopiskeluverkostojen-periytyminen\\\/#breadcrumb\"},\"inLanguage\":\"fi\",\"potentialAction\":[{\"@type\":\"ReadAction\",\"target\":[\"https:\\\/\\\/help.jamk.fi\\\/peppi-ohjeet-henkilokunnalle\\\/fi\\\/ristiinopiskeluun-liittyvat-ohjeistukset\\\/ristiinopiskelun-suunnittelijan-ohjeet\\\/ristiinopiskeluverkostojen-periytyminen\\\/\"]}]},{\"@type\":\"BreadcrumbList\",\"@id\":\"https:\\\/\\\/help.jamk.fi\\\/peppi-ohjeet-henkilokunnalle\\\/fi\\\/ristiinopiskeluun-liittyvat-ohjeistukset\\\/ristiinopiskelun-suunnittelijan-ohjeet\\\/ristiinopiskeluverkostojen-periytyminen\\\/#breadcrumb\",\"itemListElement\":[{\"@type\":\"ListItem\",\"position\":1,\"name\":\"Home\",\"item\":\"https:\\\/\\\/help.jamk.fi\\\/peppi-ohjeet-henkilokunnalle\\\/en\\\/\"},{\"@type\":\"ListItem\",\"position\":2,\"name\":\"Ristiinopiskelu\",\"item\":\"https:\\\/\\\/help.jamk.fi\\\/peppi-ohjeet-henkilokunnalle\\\/fi\\\/ristiinopiskeluun-liittyvat-ohjeistukset\\\/\"},{\"@type\":\"ListItem\",\"position\":3,\"name\":\"Ristiinopiskelun suunnittelijan ohjeet\",\"item\":\"https:\\\/\\\/help.jamk.fi\\\/peppi-ohjeet-henkilokunnalle\\\/fi\\\/ristiinopiskeluun-liittyvat-ohjeistukset\\\/ristiinopiskelun-suunnittelijan-ohjeet\\\/\"},{\"@type\":\"ListItem\",\"position\":4,\"name\":\"Ristiinopiskeluverkostojen periytyminen\"}]},{\"@type\":\"WebSite\",\"@id\":\"https:\\\/\\\/help.jamk.fi\\\/peppi-ohjeet-henkilokunnalle\\\/#website\",\"url\":\"https:\\\/\\\/help.jamk.fi\\\/peppi-ohjeet-henkilokunnalle\\\/\",\"name\":\"Peppi-ohjeet henkil\u00f6kunnalle\",\"description\":\"\",\"potentialAction\":[{\"@type\":\"SearchAction\",\"target\":{\"@type\":\"EntryPoint\",\"urlTemplate\":\"https:\\\/\\\/help.jamk.fi\\\/peppi-ohjeet-henkilokunnalle\\\/?s={search_term_string}\"},\"query-input\":{\"@type\":\"PropertyValueSpecification\",\"valueRequired\":true,\"valueName\":\"search_term_string\"}}],\"inLanguage\":\"fi\"}]}<\/script>\n<!-- \/ Yoast SEO plugin. -->","yoast_head_json":{"title":"Ristiinopiskeluverkostojen periytyminen - Peppi-ohjeet henkil\u00f6kunnalle","robots":{"index":"index","follow":"follow","max-snippet":"max-snippet:-1","max-image-preview":"max-image-preview:large","max-video-preview":"max-video-preview:-1"},"canonical":"https:\/\/help.jamk.fi\/peppi-ohjeet-henkilokunnalle\/fi\/ristiinopiskeluun-liittyvat-ohjeistukset\/ristiinopiskelun-suunnittelijan-ohjeet\/ristiinopiskeluverkostojen-periytyminen\/","og_locale":"fi_FI","og_type":"article","og_title":"Ristiinopiskeluverkostojen periytyminen - Peppi-ohjeet henkil\u00f6kunnalle","og_description":"Vain voimassaolevat verkostot haetaan erillisen opintokokonaisuuden, opintokokonaisuuden, opintojakson ja toteutuksen tietoihin. Ristiinopiskeluverkostot periytyv\u00e4t opintoelementtien v\u00e4lill\u00e4 seuraavalla tavalla: Tieto periytyy opintokokonaisuudelta ko. opintokokonaisuuteen liitettyihin opintojaksoihin ja opintokokonaisuuksiin Verkostotieto periytyy opintojaksolta toteutukselle Verkostotietojen periytyminen opintokokonaisuudelta sen alla oleville erillisille opintokokonaisuuksille&nbsp;&nbsp;&nbsp;&nbsp; &nbsp;Opintokokonaisuuden haku toisesta OPSista Verkostotieto ei periydy ryhmittelyille, koska ryhmittely ei ole opintokokonaisuus eik\u00e4 opintojakso. Kansallinen palvelu [&hellip;]","og_url":"https:\/\/help.jamk.fi\/peppi-ohjeet-henkilokunnalle\/fi\/ristiinopiskeluun-liittyvat-ohjeistukset\/ristiinopiskelun-suunnittelijan-ohjeet\/ristiinopiskeluverkostojen-periytyminen\/","og_site_name":"Peppi-ohjeet henkil\u00f6kunnalle","article_modified_time":"2024-06-07T07:13:20+00:00","twitter_card":"summary_large_image","twitter_misc":{"Arvioitu lukuaika":"1 minuutti"},"schema":{"@context":"https:\/\/schema.org","@graph":[{"@type":"WebPage","@id":"https:\/\/help.jamk.fi\/peppi-ohjeet-henkilokunnalle\/fi\/ristiinopiskeluun-liittyvat-ohjeistukset\/ristiinopiskelun-suunnittelijan-ohjeet\/ristiinopiskeluverkostojen-periytyminen\/","url":"https:\/\/help.jamk.fi\/peppi-ohjeet-henkilokunnalle\/fi\/ristiinopiskeluun-liittyvat-ohjeistukset\/ristiinopiskelun-suunnittelijan-ohjeet\/ristiinopiskeluverkostojen-periytyminen\/","name":"Ristiinopiskeluverkostojen periytyminen - Peppi-ohjeet henkil\u00f6kunnalle","isPartOf":{"@id":"https:\/\/help.jamk.fi\/peppi-ohjeet-henkilokunnalle\/#website"},"datePublished":"2024-04-24T08:12:47+00:00","dateModified":"2024-06-07T07:13:20+00:00","breadcrumb":{"@id":"https:\/\/help.jamk.fi\/peppi-ohjeet-henkilokunnalle\/fi\/ristiinopiskeluun-liittyvat-ohjeistukset\/ristiinopiskelun-suunnittelijan-ohjeet\/ristiinopiskeluverkostojen-periytyminen\/#breadcrumb"},"inLanguage":"fi","potentialAction":[{"@type":"ReadAction","target":["https:\/\/help.jamk.fi\/peppi-ohjeet-henkilokunnalle\/fi\/ristiinopiskeluun-liittyvat-ohjeistukset\/ristiinopiskelun-suunnittelijan-ohjeet\/ristiinopiskeluverkostojen-periytyminen\/"]}]},{"@type":"BreadcrumbList","@id":"https:\/\/help.jamk.fi\/peppi-ohjeet-henkilokunnalle\/fi\/ristiinopiskeluun-liittyvat-ohjeistukset\/ristiinopiskelun-suunnittelijan-ohjeet\/ristiinopiskeluverkostojen-periytyminen\/#breadcrumb","itemListElement":[{"@type":"ListItem","position":1,"name":"Home","item":"https:\/\/help.jamk.fi\/peppi-ohjeet-henkilokunnalle\/en\/"},{"@type":"ListItem","position":2,"name":"Ristiinopiskelu","item":"https:\/\/help.jamk.fi\/peppi-ohjeet-henkilokunnalle\/fi\/ristiinopiskeluun-liittyvat-ohjeistukset\/"},{"@type":"ListItem","position":3,"name":"Ristiinopiskelun suunnittelijan ohjeet","item":"https:\/\/help.jamk.fi\/peppi-ohjeet-henkilokunnalle\/fi\/ristiinopiskeluun-liittyvat-ohjeistukset\/ristiinopiskelun-suunnittelijan-ohjeet\/"},{"@type":"ListItem","position":4,"name":"Ristiinopiskeluverkostojen periytyminen"}]},{"@type":"WebSite","@id":"https:\/\/help.jamk.fi\/peppi-ohjeet-henkilokunnalle\/#website","url":"https:\/\/help.jamk.fi\/peppi-ohjeet-henkilokunnalle\/","name":"Peppi-ohjeet henkil\u00f6kunnalle","description":"","potentialAction":[{"@type":"SearchAction","target":{"@type":"EntryPoint","urlTemplate":"https:\/\/help.jamk.fi\/peppi-ohjeet-henkilokunnalle\/?s={search_term_string}"},"query-input":{"@type":"PropertyValueSpecification","valueRequired":true,"valueName":"search_term_string"}}],"inLanguage":"fi"}]}},"_links":{"self":[{"href":"https:\/\/help.jamk.fi\/peppi-ohjeet-henkilokunnalle\/wp-json\/wp\/v2\/pages\/6614","targetHints":{"allow":["GET"]}}],"collection":[{"href":"https:\/\/help.jamk.fi\/peppi-ohjeet-henkilokunnalle\/wp-json\/wp\/v2\/pages"}],"about":[{"href":"https:\/\/help.jamk.fi\/peppi-ohjeet-henkilokunnalle\/wp-json\/wp\/v2\/types\/page"}],"author":[{"embeddable":true,"href":"https:\/\/help.jamk.fi\/peppi-ohjeet-henkilokunnalle\/wp-json\/wp\/v2\/users\/78"}],"replies":[{"embeddable":true,"href":"https:\/\/help.jamk.fi\/peppi-ohjeet-henkilokunnalle\/wp-json\/wp\/v2\/comments?post=6614"}],"version-history":[{"count":2,"href":"https:\/\/help.jamk.fi\/peppi-ohjeet-henkilokunnalle\/wp-json\/wp\/v2\/pages\/6614\/revisions"}],"predecessor-version":[{"id":6751,"href":"https:\/\/help.jamk.fi\/peppi-ohjeet-henkilokunnalle\/wp-json\/wp\/v2\/pages\/6614\/revisions\/6751"}],"up":[{"embeddable":true,"href":"https:\/\/help.jamk.fi\/peppi-ohjeet-henkilokunnalle\/wp-json\/wp\/v2\/pages\/6604"}],"wp:attachment":[{"href":"https:\/\/help.jamk.fi\/peppi-ohjeet-henkilokunnalle\/wp-json\/wp\/v2\/media?parent=6614"}],"wp:term":[{"taxonomy":"category","embeddable":true,"href":"https:\/\/help.jamk.fi\/peppi-ohjeet-henkilokunnalle\/wp-json\/wp\/v2\/categories?post=6614"},{"taxonomy":"post_tag","embeddable":true,"href":"https:\/\/help.jamk.fi\/peppi-ohjeet-henkilokunnalle\/wp-json\/wp\/v2\/tags?post=6614"}],"curies":[{"name":"wp","href":"https:\/\/api.w.org\/{rel}","templated":true}]}}