{"id":6616,"date":"2024-04-24T11:14:42","date_gmt":"2024-04-24T08:14:42","guid":{"rendered":"https:\/\/help.jamk.fi\/peppi-ohjeet-henkilokunnalle\/?page_id=6616"},"modified":"2024-11-11T10:47:05","modified_gmt":"2024-11-11T08:47:05","slug":"opintojakson-lisaaminen-verkostoon","status":"publish","type":"page","link":"https:\/\/help.jamk.fi\/peppi-ohjeet-henkilokunnalle\/fi\/ristiinopiskeluun-liittyvat-ohjeistukset\/ristiinopiskelun-suunnittelijan-ohjeet\/opintojakson-lisaaminen-verkostoon\/","title":{"rendered":"Opintojakson lis\u00e4\u00e4minen ja poistaminen verkostosta"},"content":{"rendered":"\n<p><\/p>\n\n\n\n<h2 class=\"wp-block-heading\"><strong>Opintojakson lis\u00e4\u00e4minen verkostoon OPSin kautta<\/strong><\/h2>\n\n\n\n<ul class=\"wp-block-list\">\n<li>Siirry opetussuunnitelman tietoihin.<\/li>\n\n\n\n<li>Siirry Rakenne-v\u00e4lilehdelle.<\/li>\n<\/ul>\n\n\n\n<ul class=\"wp-block-list\">\n<li>Napsauta painiketta haluamasi opintojakson nimen vieress\u00e4 ja valitse Liitokset ristiinopiskeluverkostoihin (kuvio 1).\n<ul class=\"wp-block-list\">\n<li>&#8221;OPS:n opintojakson liitokset ristiinopiskeluverkostoihin&#8221; -ponnahdusikkuna aukeaa.\n<ul class=\"wp-block-list\">\n<li>\u00a0Valitse Muokkaa opetussuunnitelman opintojakson liitoksia (kuvio 2).<\/li>\n<\/ul>\n<\/li>\n\n\n\n<li>&nbsp;Toinen &#8221;OPSin opintojakson liitokset ristiinopiskeluverkostoihin&#8221; -ponnahdusikkuna aukeaa.\n<ul class=\"wp-block-list\">\n<li>\u00a0Etsi haluamasi verkosto &#8221;Lis\u00e4\u00e4 verkostoja&#8221; -pudotusvalikosta ja tallenna valintasi.<\/li>\n<\/ul>\n<\/li>\n<\/ul>\n<\/li>\n<\/ul>\n\n\n\n<figure class=\"wp-block-image size-large is-resized\"><img loading=\"lazy\" decoding=\"async\" width=\"1024\" height=\"252\" src=\"https:\/\/help.jamk.fi\/peppi-ohjeet-henkilokunnalle\/wp-content\/uploads\/sites\/131\/2024\/04\/opintojakso_liitokset-1024x252.png\" alt=\"\" class=\"wp-image-6654\" style=\"width:595px;height:auto\" srcset=\"https:\/\/help.jamk.fi\/peppi-ohjeet-henkilokunnalle\/wp-content\/uploads\/sites\/131\/2024\/04\/opintojakso_liitokset-1024x252.png 1024w, https:\/\/help.jamk.fi\/peppi-ohjeet-henkilokunnalle\/wp-content\/uploads\/sites\/131\/2024\/04\/opintojakso_liitokset-300x74.png 300w, https:\/\/help.jamk.fi\/peppi-ohjeet-henkilokunnalle\/wp-content\/uploads\/sites\/131\/2024\/04\/opintojakso_liitokset-768x189.png 768w, https:\/\/help.jamk.fi\/peppi-ohjeet-henkilokunnalle\/wp-content\/uploads\/sites\/131\/2024\/04\/opintojakso_liitokset.png 1517w\" sizes=\"auto, (max-width: 1024px) 100vw, 1024px\" \/><figcaption class=\"wp-element-caption\">Kuvio 1. Opintojakson liitokset ristiinopiskeluverkostoihin<\/figcaption><\/figure>\n\n\n\n<p><\/p>\n\n\n\n<figure class=\"wp-block-image size-large is-resized\"><img loading=\"lazy\" decoding=\"async\" width=\"1024\" height=\"274\" src=\"https:\/\/help.jamk.fi\/peppi-ohjeet-henkilokunnalle\/wp-content\/uploads\/sites\/131\/2024\/04\/muokkaa_liitoksia-1024x274.png\" alt=\"\" class=\"wp-image-6656\" style=\"width:754px;height:auto\" srcset=\"https:\/\/help.jamk.fi\/peppi-ohjeet-henkilokunnalle\/wp-content\/uploads\/sites\/131\/2024\/04\/muokkaa_liitoksia-1024x274.png 1024w, https:\/\/help.jamk.fi\/peppi-ohjeet-henkilokunnalle\/wp-content\/uploads\/sites\/131\/2024\/04\/muokkaa_liitoksia-300x80.png 300w, https:\/\/help.jamk.fi\/peppi-ohjeet-henkilokunnalle\/wp-content\/uploads\/sites\/131\/2024\/04\/muokkaa_liitoksia-768x206.png 768w, https:\/\/help.jamk.fi\/peppi-ohjeet-henkilokunnalle\/wp-content\/uploads\/sites\/131\/2024\/04\/muokkaa_liitoksia-1536x411.png 1536w, https:\/\/help.jamk.fi\/peppi-ohjeet-henkilokunnalle\/wp-content\/uploads\/sites\/131\/2024\/04\/muokkaa_liitoksia.png 1603w\" sizes=\"auto, (max-width: 1024px) 100vw, 1024px\" \/><figcaption class=\"wp-element-caption\">Kuvio 2. Muokkaa opetussuunnitelman opintojakson liitoksia -painike<\/figcaption><\/figure>\n\n\n\n<p>&nbsp;<\/p>\n\n\n\n<p>N\u00e4et opintojakson aiemmat verkostot yliviivattuina valitsemalla N\u00e4yt\u00e4 historiatiedot -valintaruudun.<\/p>\n\n\n\n<p><\/p>\n\n\n\n<h2 class=\"wp-block-heading\"><strong>Opintojakson poistaminen verkostosta<\/strong><\/h2>\n\n\n\n<p>T\u00e4m\u00e4 tapaa toimii vain, jos opintojakso on liitetty verkostoon suoraan. Jos liitos on periytynyt opintojaksolle \u00e4itiopinnolta, et voi poistaa sit\u00e4.<\/p>\n\n\n\n<ul class=\"wp-block-list\">\n<li>&nbsp;&nbsp;&nbsp; Siirry opintojakson tiedoista Liitokset ristiinopiskeluverkostoihin -v\u00e4lilehdelle.<\/li>\n\n\n\n<li>&nbsp;&nbsp;&nbsp; Valitse Muokkaa suoria liitoksia.<\/li>\n\n\n\n<li>&nbsp;&nbsp;&nbsp; Napsauta rastia haluamasi verkoston vieress\u00e4, vahvista valintasi ja tallenna.<\/li>\n\n\n\n<li>&nbsp;&nbsp;&nbsp; N\u00e4et poistamasi verkoston liitoslistassa, kun napsautat N\u00e4yt\u00e4 historiatiedot -valintaruutua.<\/li>\n<\/ul>\n","protected":false},"excerpt":{"rendered":"<p>Opintojakson lis\u00e4\u00e4minen verkostoon OPSin kautta &nbsp; N\u00e4et opintojakson aiemmat verkostot yliviivattuina valitsemalla N\u00e4yt\u00e4 historiatiedot -valintaruudun. Opintojakson poistaminen verkostosta T\u00e4m\u00e4 tapaa toimii vain, jos opintojakso on liitetty verkostoon suoraan. Jos liitos on periytynyt opintojaksolle \u00e4itiopinnolta, et voi poistaa sit\u00e4.<\/p>\n","protected":false},"author":78,"featured_media":0,"parent":6604,"menu_order":4,"comment_status":"closed","ping_status":"closed","template":"","meta":{"_acf_changed":false,"_relevanssi_hide_post":"","_relevanssi_hide_content":"","_relevanssi_pin_for_all":"","_relevanssi_pin_keywords":"","_relevanssi_unpin_keywords":"","_relevanssi_related_keywords":"","_relevanssi_related_include_ids":"","_relevanssi_related_exclude_ids":"","_relevanssi_related_no_append":"","_relevanssi_related_not_related":"","_relevanssi_related_posts":"","_relevanssi_noindex_reason":"","footnotes":""},"categories":[],"tags":[],"class_list":["post-6616","page","type-page","status-publish","hentry"],"acf":[],"yoast_head":"<!-- This site is optimized with the Yoast SEO plugin v27.3 - https:\/\/yoast.com\/product\/yoast-seo-wordpress\/ -->\n<title>Opintojakson lis\u00e4\u00e4minen ja poistaminen verkostosta - Peppi-ohjeet henkil\u00f6kunnalle<\/title>\n<meta name=\"robots\" content=\"index, follow, max-snippet:-1, max-image-preview:large, max-video-preview:-1\" \/>\n<link rel=\"canonical\" href=\"https:\/\/help.jamk.fi\/peppi-ohjeet-henkilokunnalle\/fi\/ristiinopiskeluun-liittyvat-ohjeistukset\/ristiinopiskelun-suunnittelijan-ohjeet\/opintojakson-lisaaminen-verkostoon\/\" \/>\n<meta property=\"og:locale\" content=\"fi_FI\" \/>\n<meta property=\"og:type\" content=\"article\" \/>\n<meta property=\"og:title\" content=\"Opintojakson lis\u00e4\u00e4minen ja poistaminen verkostosta - Peppi-ohjeet henkil\u00f6kunnalle\" \/>\n<meta property=\"og:description\" content=\"Opintojakson lis\u00e4\u00e4minen verkostoon OPSin kautta &nbsp; N\u00e4et opintojakson aiemmat verkostot yliviivattuina valitsemalla N\u00e4yt\u00e4 historiatiedot -valintaruudun. Opintojakson poistaminen verkostosta T\u00e4m\u00e4 tapaa toimii vain, jos opintojakso on liitetty verkostoon suoraan. Jos liitos on periytynyt opintojaksolle \u00e4itiopinnolta, et voi poistaa sit\u00e4.\" \/>\n<meta property=\"og:url\" content=\"https:\/\/help.jamk.fi\/peppi-ohjeet-henkilokunnalle\/fi\/ristiinopiskeluun-liittyvat-ohjeistukset\/ristiinopiskelun-suunnittelijan-ohjeet\/opintojakson-lisaaminen-verkostoon\/\" \/>\n<meta property=\"og:site_name\" content=\"Peppi-ohjeet henkil\u00f6kunnalle\" \/>\n<meta property=\"article:modified_time\" content=\"2024-11-11T08:47:05+00:00\" \/>\n<meta property=\"og:image\" content=\"https:\/\/help.jamk.fi\/peppi-ohjeet-henkilokunnalle\/wp-content\/uploads\/sites\/131\/2024\/04\/opintojakso_liitokset-1024x252.png\" \/>\n<meta name=\"twitter:card\" content=\"summary_large_image\" \/>\n<meta name=\"twitter:label1\" content=\"Arvioitu lukuaika\" \/>\n\t<meta name=\"twitter:data1\" content=\"2 minuuttia\" \/>\n<script type=\"application\/ld+json\" class=\"yoast-schema-graph\">{\"@context\":\"https:\\\/\\\/schema.org\",\"@graph\":[{\"@type\":\"WebPage\",\"@id\":\"https:\\\/\\\/help.jamk.fi\\\/peppi-ohjeet-henkilokunnalle\\\/fi\\\/ristiinopiskeluun-liittyvat-ohjeistukset\\\/ristiinopiskelun-suunnittelijan-ohjeet\\\/opintojakson-lisaaminen-verkostoon\\\/\",\"url\":\"https:\\\/\\\/help.jamk.fi\\\/peppi-ohjeet-henkilokunnalle\\\/fi\\\/ristiinopiskeluun-liittyvat-ohjeistukset\\\/ristiinopiskelun-suunnittelijan-ohjeet\\\/opintojakson-lisaaminen-verkostoon\\\/\",\"name\":\"Opintojakson lis\u00e4\u00e4minen ja poistaminen verkostosta - Peppi-ohjeet henkil\u00f6kunnalle\",\"isPartOf\":{\"@id\":\"https:\\\/\\\/help.jamk.fi\\\/peppi-ohjeet-henkilokunnalle\\\/#website\"},\"primaryImageOfPage\":{\"@id\":\"https:\\\/\\\/help.jamk.fi\\\/peppi-ohjeet-henkilokunnalle\\\/fi\\\/ristiinopiskeluun-liittyvat-ohjeistukset\\\/ristiinopiskelun-suunnittelijan-ohjeet\\\/opintojakson-lisaaminen-verkostoon\\\/#primaryimage\"},\"image\":{\"@id\":\"https:\\\/\\\/help.jamk.fi\\\/peppi-ohjeet-henkilokunnalle\\\/fi\\\/ristiinopiskeluun-liittyvat-ohjeistukset\\\/ristiinopiskelun-suunnittelijan-ohjeet\\\/opintojakson-lisaaminen-verkostoon\\\/#primaryimage\"},\"thumbnailUrl\":\"https:\\\/\\\/help.jamk.fi\\\/peppi-ohjeet-henkilokunnalle\\\/wp-content\\\/uploads\\\/sites\\\/131\\\/2024\\\/04\\\/opintojakso_liitokset-1024x252.png\",\"datePublished\":\"2024-04-24T08:14:42+00:00\",\"dateModified\":\"2024-11-11T08:47:05+00:00\",\"breadcrumb\":{\"@id\":\"https:\\\/\\\/help.jamk.fi\\\/peppi-ohjeet-henkilokunnalle\\\/fi\\\/ristiinopiskeluun-liittyvat-ohjeistukset\\\/ristiinopiskelun-suunnittelijan-ohjeet\\\/opintojakson-lisaaminen-verkostoon\\\/#breadcrumb\"},\"inLanguage\":\"fi\",\"potentialAction\":[{\"@type\":\"ReadAction\",\"target\":[\"https:\\\/\\\/help.jamk.fi\\\/peppi-ohjeet-henkilokunnalle\\\/fi\\\/ristiinopiskeluun-liittyvat-ohjeistukset\\\/ristiinopiskelun-suunnittelijan-ohjeet\\\/opintojakson-lisaaminen-verkostoon\\\/\"]}]},{\"@type\":\"ImageObject\",\"inLanguage\":\"fi\",\"@id\":\"https:\\\/\\\/help.jamk.fi\\\/peppi-ohjeet-henkilokunnalle\\\/fi\\\/ristiinopiskeluun-liittyvat-ohjeistukset\\\/ristiinopiskelun-suunnittelijan-ohjeet\\\/opintojakson-lisaaminen-verkostoon\\\/#primaryimage\",\"url\":\"https:\\\/\\\/help.jamk.fi\\\/peppi-ohjeet-henkilokunnalle\\\/wp-content\\\/uploads\\\/sites\\\/131\\\/2024\\\/04\\\/opintojakso_liitokset.png\",\"contentUrl\":\"https:\\\/\\\/help.jamk.fi\\\/peppi-ohjeet-henkilokunnalle\\\/wp-content\\\/uploads\\\/sites\\\/131\\\/2024\\\/04\\\/opintojakso_liitokset.png\",\"width\":1517,\"height\":374,\"caption\":\"Kuvio 1. Opintojakson liitokset ristiinopiskeluverkostoihin\"},{\"@type\":\"BreadcrumbList\",\"@id\":\"https:\\\/\\\/help.jamk.fi\\\/peppi-ohjeet-henkilokunnalle\\\/fi\\\/ristiinopiskeluun-liittyvat-ohjeistukset\\\/ristiinopiskelun-suunnittelijan-ohjeet\\\/opintojakson-lisaaminen-verkostoon\\\/#breadcrumb\",\"itemListElement\":[{\"@type\":\"ListItem\",\"position\":1,\"name\":\"Home\",\"item\":\"https:\\\/\\\/help.jamk.fi\\\/peppi-ohjeet-henkilokunnalle\\\/en\\\/\"},{\"@type\":\"ListItem\",\"position\":2,\"name\":\"Ristiinopiskelu\",\"item\":\"https:\\\/\\\/help.jamk.fi\\\/peppi-ohjeet-henkilokunnalle\\\/fi\\\/ristiinopiskeluun-liittyvat-ohjeistukset\\\/\"},{\"@type\":\"ListItem\",\"position\":3,\"name\":\"Ristiinopiskelun suunnittelijan ohjeet\",\"item\":\"https:\\\/\\\/help.jamk.fi\\\/peppi-ohjeet-henkilokunnalle\\\/fi\\\/ristiinopiskeluun-liittyvat-ohjeistukset\\\/ristiinopiskelun-suunnittelijan-ohjeet\\\/\"},{\"@type\":\"ListItem\",\"position\":4,\"name\":\"Opintojakson lis\u00e4\u00e4minen ja poistaminen verkostosta\"}]},{\"@type\":\"WebSite\",\"@id\":\"https:\\\/\\\/help.jamk.fi\\\/peppi-ohjeet-henkilokunnalle\\\/#website\",\"url\":\"https:\\\/\\\/help.jamk.fi\\\/peppi-ohjeet-henkilokunnalle\\\/\",\"name\":\"Peppi-ohjeet henkil\u00f6kunnalle\",\"description\":\"\",\"potentialAction\":[{\"@type\":\"SearchAction\",\"target\":{\"@type\":\"EntryPoint\",\"urlTemplate\":\"https:\\\/\\\/help.jamk.fi\\\/peppi-ohjeet-henkilokunnalle\\\/?s={search_term_string}\"},\"query-input\":{\"@type\":\"PropertyValueSpecification\",\"valueRequired\":true,\"valueName\":\"search_term_string\"}}],\"inLanguage\":\"fi\"}]}<\/script>\n<!-- \/ Yoast SEO plugin. -->","yoast_head_json":{"title":"Opintojakson lis\u00e4\u00e4minen ja poistaminen verkostosta - Peppi-ohjeet henkil\u00f6kunnalle","robots":{"index":"index","follow":"follow","max-snippet":"max-snippet:-1","max-image-preview":"max-image-preview:large","max-video-preview":"max-video-preview:-1"},"canonical":"https:\/\/help.jamk.fi\/peppi-ohjeet-henkilokunnalle\/fi\/ristiinopiskeluun-liittyvat-ohjeistukset\/ristiinopiskelun-suunnittelijan-ohjeet\/opintojakson-lisaaminen-verkostoon\/","og_locale":"fi_FI","og_type":"article","og_title":"Opintojakson lis\u00e4\u00e4minen ja poistaminen verkostosta - Peppi-ohjeet henkil\u00f6kunnalle","og_description":"Opintojakson lis\u00e4\u00e4minen verkostoon OPSin kautta &nbsp; N\u00e4et opintojakson aiemmat verkostot yliviivattuina valitsemalla N\u00e4yt\u00e4 historiatiedot -valintaruudun. Opintojakson poistaminen verkostosta T\u00e4m\u00e4 tapaa toimii vain, jos opintojakso on liitetty verkostoon suoraan. Jos liitos on periytynyt opintojaksolle \u00e4itiopinnolta, et voi poistaa sit\u00e4.","og_url":"https:\/\/help.jamk.fi\/peppi-ohjeet-henkilokunnalle\/fi\/ristiinopiskeluun-liittyvat-ohjeistukset\/ristiinopiskelun-suunnittelijan-ohjeet\/opintojakson-lisaaminen-verkostoon\/","og_site_name":"Peppi-ohjeet henkil\u00f6kunnalle","article_modified_time":"2024-11-11T08:47:05+00:00","og_image":[{"url":"https:\/\/help.jamk.fi\/peppi-ohjeet-henkilokunnalle\/wp-content\/uploads\/sites\/131\/2024\/04\/opintojakso_liitokset-1024x252.png","type":"","width":"","height":""}],"twitter_card":"summary_large_image","twitter_misc":{"Arvioitu lukuaika":"2 minuuttia"},"schema":{"@context":"https:\/\/schema.org","@graph":[{"@type":"WebPage","@id":"https:\/\/help.jamk.fi\/peppi-ohjeet-henkilokunnalle\/fi\/ristiinopiskeluun-liittyvat-ohjeistukset\/ristiinopiskelun-suunnittelijan-ohjeet\/opintojakson-lisaaminen-verkostoon\/","url":"https:\/\/help.jamk.fi\/peppi-ohjeet-henkilokunnalle\/fi\/ristiinopiskeluun-liittyvat-ohjeistukset\/ristiinopiskelun-suunnittelijan-ohjeet\/opintojakson-lisaaminen-verkostoon\/","name":"Opintojakson lis\u00e4\u00e4minen ja poistaminen verkostosta - Peppi-ohjeet henkil\u00f6kunnalle","isPartOf":{"@id":"https:\/\/help.jamk.fi\/peppi-ohjeet-henkilokunnalle\/#website"},"primaryImageOfPage":{"@id":"https:\/\/help.jamk.fi\/peppi-ohjeet-henkilokunnalle\/fi\/ristiinopiskeluun-liittyvat-ohjeistukset\/ristiinopiskelun-suunnittelijan-ohjeet\/opintojakson-lisaaminen-verkostoon\/#primaryimage"},"image":{"@id":"https:\/\/help.jamk.fi\/peppi-ohjeet-henkilokunnalle\/fi\/ristiinopiskeluun-liittyvat-ohjeistukset\/ristiinopiskelun-suunnittelijan-ohjeet\/opintojakson-lisaaminen-verkostoon\/#primaryimage"},"thumbnailUrl":"https:\/\/help.jamk.fi\/peppi-ohjeet-henkilokunnalle\/wp-content\/uploads\/sites\/131\/2024\/04\/opintojakso_liitokset-1024x252.png","datePublished":"2024-04-24T08:14:42+00:00","dateModified":"2024-11-11T08:47:05+00:00","breadcrumb":{"@id":"https:\/\/help.jamk.fi\/peppi-ohjeet-henkilokunnalle\/fi\/ristiinopiskeluun-liittyvat-ohjeistukset\/ristiinopiskelun-suunnittelijan-ohjeet\/opintojakson-lisaaminen-verkostoon\/#breadcrumb"},"inLanguage":"fi","potentialAction":[{"@type":"ReadAction","target":["https:\/\/help.jamk.fi\/peppi-ohjeet-henkilokunnalle\/fi\/ristiinopiskeluun-liittyvat-ohjeistukset\/ristiinopiskelun-suunnittelijan-ohjeet\/opintojakson-lisaaminen-verkostoon\/"]}]},{"@type":"ImageObject","inLanguage":"fi","@id":"https:\/\/help.jamk.fi\/peppi-ohjeet-henkilokunnalle\/fi\/ristiinopiskeluun-liittyvat-ohjeistukset\/ristiinopiskelun-suunnittelijan-ohjeet\/opintojakson-lisaaminen-verkostoon\/#primaryimage","url":"https:\/\/help.jamk.fi\/peppi-ohjeet-henkilokunnalle\/wp-content\/uploads\/sites\/131\/2024\/04\/opintojakso_liitokset.png","contentUrl":"https:\/\/help.jamk.fi\/peppi-ohjeet-henkilokunnalle\/wp-content\/uploads\/sites\/131\/2024\/04\/opintojakso_liitokset.png","width":1517,"height":374,"caption":"Kuvio 1. Opintojakson liitokset ristiinopiskeluverkostoihin"},{"@type":"BreadcrumbList","@id":"https:\/\/help.jamk.fi\/peppi-ohjeet-henkilokunnalle\/fi\/ristiinopiskeluun-liittyvat-ohjeistukset\/ristiinopiskelun-suunnittelijan-ohjeet\/opintojakson-lisaaminen-verkostoon\/#breadcrumb","itemListElement":[{"@type":"ListItem","position":1,"name":"Home","item":"https:\/\/help.jamk.fi\/peppi-ohjeet-henkilokunnalle\/en\/"},{"@type":"ListItem","position":2,"name":"Ristiinopiskelu","item":"https:\/\/help.jamk.fi\/peppi-ohjeet-henkilokunnalle\/fi\/ristiinopiskeluun-liittyvat-ohjeistukset\/"},{"@type":"ListItem","position":3,"name":"Ristiinopiskelun suunnittelijan ohjeet","item":"https:\/\/help.jamk.fi\/peppi-ohjeet-henkilokunnalle\/fi\/ristiinopiskeluun-liittyvat-ohjeistukset\/ristiinopiskelun-suunnittelijan-ohjeet\/"},{"@type":"ListItem","position":4,"name":"Opintojakson lis\u00e4\u00e4minen ja poistaminen verkostosta"}]},{"@type":"WebSite","@id":"https:\/\/help.jamk.fi\/peppi-ohjeet-henkilokunnalle\/#website","url":"https:\/\/help.jamk.fi\/peppi-ohjeet-henkilokunnalle\/","name":"Peppi-ohjeet henkil\u00f6kunnalle","description":"","potentialAction":[{"@type":"SearchAction","target":{"@type":"EntryPoint","urlTemplate":"https:\/\/help.jamk.fi\/peppi-ohjeet-henkilokunnalle\/?s={search_term_string}"},"query-input":{"@type":"PropertyValueSpecification","valueRequired":true,"valueName":"search_term_string"}}],"inLanguage":"fi"}]}},"_links":{"self":[{"href":"https:\/\/help.jamk.fi\/peppi-ohjeet-henkilokunnalle\/wp-json\/wp\/v2\/pages\/6616","targetHints":{"allow":["GET"]}}],"collection":[{"href":"https:\/\/help.jamk.fi\/peppi-ohjeet-henkilokunnalle\/wp-json\/wp\/v2\/pages"}],"about":[{"href":"https:\/\/help.jamk.fi\/peppi-ohjeet-henkilokunnalle\/wp-json\/wp\/v2\/types\/page"}],"author":[{"embeddable":true,"href":"https:\/\/help.jamk.fi\/peppi-ohjeet-henkilokunnalle\/wp-json\/wp\/v2\/users\/78"}],"replies":[{"embeddable":true,"href":"https:\/\/help.jamk.fi\/peppi-ohjeet-henkilokunnalle\/wp-json\/wp\/v2\/comments?post=6616"}],"version-history":[{"count":6,"href":"https:\/\/help.jamk.fi\/peppi-ohjeet-henkilokunnalle\/wp-json\/wp\/v2\/pages\/6616\/revisions"}],"predecessor-version":[{"id":7329,"href":"https:\/\/help.jamk.fi\/peppi-ohjeet-henkilokunnalle\/wp-json\/wp\/v2\/pages\/6616\/revisions\/7329"}],"up":[{"embeddable":true,"href":"https:\/\/help.jamk.fi\/peppi-ohjeet-henkilokunnalle\/wp-json\/wp\/v2\/pages\/6604"}],"wp:attachment":[{"href":"https:\/\/help.jamk.fi\/peppi-ohjeet-henkilokunnalle\/wp-json\/wp\/v2\/media?parent=6616"}],"wp:term":[{"taxonomy":"category","embeddable":true,"href":"https:\/\/help.jamk.fi\/peppi-ohjeet-henkilokunnalle\/wp-json\/wp\/v2\/categories?post=6616"},{"taxonomy":"post_tag","embeddable":true,"href":"https:\/\/help.jamk.fi\/peppi-ohjeet-henkilokunnalle\/wp-json\/wp\/v2\/tags?post=6616"}],"curies":[{"name":"wp","href":"https:\/\/api.w.org\/{rel}","templated":true}]}}