{"id":6626,"date":"2024-04-24T12:30:44","date_gmt":"2024-04-24T09:30:44","guid":{"rendered":"https:\/\/help.jamk.fi\/peppi-ohjeet-henkilokunnalle\/?page_id=6626"},"modified":"2024-11-11T10:59:23","modified_gmt":"2024-11-11T08:59:23","slug":"toteutuksen-verkostotieto","status":"publish","type":"page","link":"https:\/\/help.jamk.fi\/peppi-ohjeet-henkilokunnalle\/fi\/ristiinopiskeluun-liittyvat-ohjeistukset\/ristiinopiskelun-suunnittelijan-ohjeet\/toteutuksen-verkostotieto\/","title":{"rendered":"Toteutuksen verkostotieto ja kiinti\u00f6ryhm\u00e4t"},"content":{"rendered":"\n<p>Verkostotieto n\u00e4kyy toteutuksen Kiinti\u00f6ryhm\u00e4t-v\u00e4lilehdell\u00e4 (kuvio 1).<\/p>\n\n\n\n<figure class=\"wp-block-image size-large is-resized\"><img loading=\"lazy\" decoding=\"async\" width=\"1024\" height=\"350\" src=\"https:\/\/help.jamk.fi\/peppi-ohjeet-henkilokunnalle\/wp-content\/uploads\/sites\/131\/2024\/04\/toteutuksen-kiintioryhmat-1024x350.png\" alt=\"\" class=\"wp-image-6600\" style=\"width:586px;height:auto\" srcset=\"https:\/\/help.jamk.fi\/peppi-ohjeet-henkilokunnalle\/wp-content\/uploads\/sites\/131\/2024\/04\/toteutuksen-kiintioryhmat-1024x350.png 1024w, https:\/\/help.jamk.fi\/peppi-ohjeet-henkilokunnalle\/wp-content\/uploads\/sites\/131\/2024\/04\/toteutuksen-kiintioryhmat-300x102.png 300w, https:\/\/help.jamk.fi\/peppi-ohjeet-henkilokunnalle\/wp-content\/uploads\/sites\/131\/2024\/04\/toteutuksen-kiintioryhmat-768x262.png 768w, https:\/\/help.jamk.fi\/peppi-ohjeet-henkilokunnalle\/wp-content\/uploads\/sites\/131\/2024\/04\/toteutuksen-kiintioryhmat.png 1403w\" sizes=\"auto, (max-width: 1024px) 100vw, 1024px\" \/><figcaption class=\"wp-element-caption\">Kuvio 1. Toteutuksen kiinti\u00f6ryhm\u00e4t-v\u00e4lilehti<\/figcaption><\/figure>\n\n\n\n<p>\u00a0V\u00e4lilehdell\u00e4 on kolme tasoa:<\/p>\n\n\n\n<ul class=\"wp-block-list\">\n<li>Tutkinto-opiskelijoiden kiinti\u00f6ryhm\u00e4 (oman organisaatiosi)<\/li>\n\n\n\n<li>Ristiinopiskelun kiinti\u00f6ryhm\u00e4t<\/li>\n\n\n\n<li>Maksullisen koulutuksen kiinti\u00f6ryhm\u00e4t <\/li>\n<\/ul>\n\n\n\n<p>V\u00e4lilehdell\u00e4 n\u00e4kyy toteutuksen perustiedoissa asetettu toteutuksen paikkam\u00e4\u00e4r\u00e4 (v\u00e4hint\u00e4\u00e4n &#8211; enint\u00e4\u00e4n) (kuvio 2). Voit muokata sit\u00e4 t\u00e4ss\u00e4 n\u00e4kym\u00e4ss\u00e4, josta se v\u00e4littyy &#8221;Toteutuksen perustiedot&#8221; -n\u00e4kym\u00e4\u00e4n.<\/p>\n\n\n\n<figure class=\"wp-block-image size-full is-resized\"><img loading=\"lazy\" decoding=\"async\" width=\"819\" height=\"333\" src=\"https:\/\/help.jamk.fi\/peppi-ohjeet-henkilokunnalle\/wp-content\/uploads\/sites\/131\/2024\/04\/muokkaa-kokonaiskiintiota.png\" alt=\"\" class=\"wp-image-6586\" style=\"width:539px;height:auto\" srcset=\"https:\/\/help.jamk.fi\/peppi-ohjeet-henkilokunnalle\/wp-content\/uploads\/sites\/131\/2024\/04\/muokkaa-kokonaiskiintiota.png 819w, https:\/\/help.jamk.fi\/peppi-ohjeet-henkilokunnalle\/wp-content\/uploads\/sites\/131\/2024\/04\/muokkaa-kokonaiskiintiota-300x122.png 300w, https:\/\/help.jamk.fi\/peppi-ohjeet-henkilokunnalle\/wp-content\/uploads\/sites\/131\/2024\/04\/muokkaa-kokonaiskiintiota-768x312.png 768w\" sizes=\"auto, (max-width: 819px) 100vw, 819px\" \/><figcaption class=\"wp-element-caption\">Kuvio 2. Toteutuksen kokonaiskiinti\u00f6n paikkam\u00e4\u00e4r\u00e4t (min-max)<\/figcaption><\/figure>\n\n\n\n<p>Esimerkkitapaus:<\/p>\n\n\n\n<ul class=\"wp-block-list\">\n<li>Toteutuksella ABC on yhteens\u00e4 50 paikkaa.<\/li>\n\n\n\n<li>J\u00e4rjestelm\u00e4 laskee automaattisesti tutkinto-opiskelijoiden paikkojen m\u00e4\u00e4r\u00e4n v\u00e4hent\u00e4m\u00e4ll\u00e4 kokonaism\u00e4\u00e4r\u00e4st\u00e4 muille kiinti\u00f6ryhmille asetetut paikat.<\/li>\n\n\n\n<li>Asetat ristiinopiskeluun\n<ul class=\"wp-block-list\">\n<li>Verkostolle X 10 paikkaa<\/li>\n\n\n\n<li>Verkostolle Y 10 paikkaa<\/li>\n\n\n\n<li>Asetat maksullisen koulutuksen kiinti\u00f6ryhm\u00e4lle Z 10 paikkaa<\/li>\n<\/ul>\n<\/li>\n\n\n\n<li>T\u00e4ll\u00f6in tutkinto-opiskelijoille j\u00e4\u00e4 20 paikkaa.<\/li>\n<\/ul>\n\n\n\n<p>Kiinti\u00f6iden koko ei voi ylitt\u00e4\u00e4 toteutuksen kokonaispaikkam\u00e4\u00e4r\u00e4\u00e4. Jos yrit\u00e4t antaa kiinti\u00f6ryhm\u00e4lle koon, jonka seurauksena toteutuksen kokonaispaikkam\u00e4\u00e4r\u00e4 on ylittym\u00e4ss\u00e4, Peppi antaa siit\u00e4 huomautuksen (&#8221;Kiinti\u00f6n koko ei voi olla j\u00e4ljell\u00e4 olevaa paikkam\u00e4\u00e4r\u00e4\u00e4 suurempi.&#8221;).<\/p>\n\n\n\n<p>Kun olet lis\u00e4nnyt toteutukselle ristiinopiskelun kiinti\u00f6ryhm\u00e4n ja julkaissut toteutuksen, se n\u00e4kyy niiden kumppanikorkeakoulujen Peppi-instansseissa, jotka kuuluvat ko. verkostoon. Lis\u00e4ksi kumppanikorkeakoulun Pepiss\u00e4 n\u00e4kyy, mink\u00e4 organisaation toteutus on kyseess\u00e4. J\u00e4rjestelm\u00e4 voi p\u00e4\u00e4tell\u00e4 toteutuksesta automaattisesti, mink\u00e4 organisaation j\u00e4rjest\u00e4m\u00e4 toteutus on. Tietoa hy\u00f6dynnet\u00e4\u00e4n mm. opintohaussa.<\/p>\n\n\n\n<p>K\u00e4ytt\u00f6oikeuksista riippuen voit lis\u00e4t\u00e4 kiinti\u00f6ryhm\u00e4tiedon, vaikka ilmoittautuminen olisi jo k\u00e4ynniss\u00e4 ja toteutukselle on jo ilmoittautuneita. Voit muokata toteutuksen ristiinopiskelun kiinti\u00f6ryhm\u00e4tietoja seuraavissa tapauksissa:<\/p>\n\n\n\n<ul class=\"wp-block-list\">\n<li>&nbsp;&nbsp;&nbsp; Ilmoittautumisaika ei ole alkanut<\/li>\n\n\n\n<li>&nbsp;&nbsp;&nbsp; Ilmoittautumisaika on alkanut, mutta toteutukselle ei ole ilmoittautuneita<\/li>\n\n\n\n<li>&nbsp;&nbsp;&nbsp; Ilmoittautumisaika on alkanut ja toteutuksella on ilmoittautuneita<\/li>\n<\/ul>\n\n\n\n<p><strong>Huom! T\u00e4ss\u00e4 tapauksessa et voi poistaa kiinti\u00f6ryhm\u00e4\u00e4 ennen kuin olet poistanut ilmoittautuneet opiskelijat<\/strong>.<\/p>\n\n\n\n<p>J\u00e4rjestelm\u00e4 huomauttaa, mutta ei est\u00e4 toimintoa, jos yrit\u00e4t muokata tai poistaa kohderyhm\u00e4tietoja kun ilmoittautumisaika on alkanut ja ilmoittautuneita ei viel\u00e4 ole.<\/p>\n","protected":false},"excerpt":{"rendered":"<p>Verkostotieto n\u00e4kyy toteutuksen Kiinti\u00f6ryhm\u00e4t-v\u00e4lilehdell\u00e4 (kuvio 1). \u00a0V\u00e4lilehdell\u00e4 on kolme tasoa: V\u00e4lilehdell\u00e4 n\u00e4kyy toteutuksen perustiedoissa asetettu toteutuksen paikkam\u00e4\u00e4r\u00e4 (v\u00e4hint\u00e4\u00e4n &#8211; enint\u00e4\u00e4n) (kuvio 2). Voit muokata sit\u00e4 t\u00e4ss\u00e4 n\u00e4kym\u00e4ss\u00e4, josta se v\u00e4littyy &#8221;Toteutuksen perustiedot&#8221; -n\u00e4kym\u00e4\u00e4n. Esimerkkitapaus: Kiinti\u00f6iden koko ei voi ylitt\u00e4\u00e4 toteutuksen kokonaispaikkam\u00e4\u00e4r\u00e4\u00e4. Jos yrit\u00e4t antaa kiinti\u00f6ryhm\u00e4lle koon, jonka seurauksena toteutuksen kokonaispaikkam\u00e4\u00e4r\u00e4 on ylittym\u00e4ss\u00e4, Peppi antaa siit\u00e4 [&hellip;]<\/p>\n","protected":false},"author":78,"featured_media":0,"parent":6604,"menu_order":10,"comment_status":"closed","ping_status":"closed","template":"","meta":{"_acf_changed":false,"_relevanssi_hide_post":"","_relevanssi_hide_content":"","_relevanssi_pin_for_all":"","_relevanssi_pin_keywords":"","_relevanssi_unpin_keywords":"","_relevanssi_related_keywords":"","_relevanssi_related_include_ids":"","_relevanssi_related_exclude_ids":"","_relevanssi_related_no_append":"","_relevanssi_related_not_related":"","_relevanssi_related_posts":"","_relevanssi_noindex_reason":"","footnotes":""},"categories":[],"tags":[],"class_list":["post-6626","page","type-page","status-publish","hentry"],"acf":[],"yoast_head":"<!-- This site is optimized with the Yoast SEO plugin v27.5 - https:\/\/yoast.com\/product\/yoast-seo-wordpress\/ -->\n<title>Toteutuksen verkostotieto ja kiinti\u00f6ryhm\u00e4t - Peppi-ohjeet henkil\u00f6kunnalle<\/title>\n<meta name=\"robots\" content=\"index, follow, max-snippet:-1, max-image-preview:large, max-video-preview:-1\" \/>\n<link rel=\"canonical\" href=\"https:\/\/help.jamk.fi\/peppi-ohjeet-henkilokunnalle\/fi\/ristiinopiskeluun-liittyvat-ohjeistukset\/ristiinopiskelun-suunnittelijan-ohjeet\/toteutuksen-verkostotieto\/\" \/>\n<meta property=\"og:locale\" content=\"fi_FI\" \/>\n<meta property=\"og:type\" content=\"article\" \/>\n<meta property=\"og:title\" content=\"Toteutuksen verkostotieto ja kiinti\u00f6ryhm\u00e4t - Peppi-ohjeet henkil\u00f6kunnalle\" \/>\n<meta property=\"og:description\" content=\"Verkostotieto n\u00e4kyy toteutuksen Kiinti\u00f6ryhm\u00e4t-v\u00e4lilehdell\u00e4 (kuvio 1). \u00a0V\u00e4lilehdell\u00e4 on kolme tasoa: V\u00e4lilehdell\u00e4 n\u00e4kyy toteutuksen perustiedoissa asetettu toteutuksen paikkam\u00e4\u00e4r\u00e4 (v\u00e4hint\u00e4\u00e4n &#8211; enint\u00e4\u00e4n) (kuvio 2). Voit muokata sit\u00e4 t\u00e4ss\u00e4 n\u00e4kym\u00e4ss\u00e4, josta se v\u00e4littyy &#8221;Toteutuksen perustiedot&#8221; -n\u00e4kym\u00e4\u00e4n. Esimerkkitapaus: Kiinti\u00f6iden koko ei voi ylitt\u00e4\u00e4 toteutuksen kokonaispaikkam\u00e4\u00e4r\u00e4\u00e4. Jos yrit\u00e4t antaa kiinti\u00f6ryhm\u00e4lle koon, jonka seurauksena toteutuksen kokonaispaikkam\u00e4\u00e4r\u00e4 on ylittym\u00e4ss\u00e4, Peppi antaa siit\u00e4 [&hellip;]\" \/>\n<meta property=\"og:url\" content=\"https:\/\/help.jamk.fi\/peppi-ohjeet-henkilokunnalle\/fi\/ristiinopiskeluun-liittyvat-ohjeistukset\/ristiinopiskelun-suunnittelijan-ohjeet\/toteutuksen-verkostotieto\/\" \/>\n<meta property=\"og:site_name\" content=\"Peppi-ohjeet henkil\u00f6kunnalle\" \/>\n<meta property=\"article:modified_time\" content=\"2024-11-11T08:59:23+00:00\" \/>\n<meta property=\"og:image\" content=\"https:\/\/help.jamk.fi\/peppi-ohjeet-henkilokunnalle\/wp-content\/uploads\/sites\/131\/2024\/04\/toteutuksen-kiintioryhmat-1024x350.png\" \/>\n<meta name=\"twitter:card\" content=\"summary_large_image\" \/>\n<meta name=\"twitter:label1\" content=\"Arvioitu lukuaika\" \/>\n\t<meta name=\"twitter:data1\" content=\"2 minuuttia\" \/>\n<script type=\"application\/ld+json\" class=\"yoast-schema-graph\">{\"@context\":\"https:\\\/\\\/schema.org\",\"@graph\":[{\"@type\":\"WebPage\",\"@id\":\"https:\\\/\\\/help.jamk.fi\\\/peppi-ohjeet-henkilokunnalle\\\/fi\\\/ristiinopiskeluun-liittyvat-ohjeistukset\\\/ristiinopiskelun-suunnittelijan-ohjeet\\\/toteutuksen-verkostotieto\\\/\",\"url\":\"https:\\\/\\\/help.jamk.fi\\\/peppi-ohjeet-henkilokunnalle\\\/fi\\\/ristiinopiskeluun-liittyvat-ohjeistukset\\\/ristiinopiskelun-suunnittelijan-ohjeet\\\/toteutuksen-verkostotieto\\\/\",\"name\":\"Toteutuksen verkostotieto ja kiinti\u00f6ryhm\u00e4t - Peppi-ohjeet henkil\u00f6kunnalle\",\"isPartOf\":{\"@id\":\"https:\\\/\\\/help.jamk.fi\\\/peppi-ohjeet-henkilokunnalle\\\/#website\"},\"primaryImageOfPage\":{\"@id\":\"https:\\\/\\\/help.jamk.fi\\\/peppi-ohjeet-henkilokunnalle\\\/fi\\\/ristiinopiskeluun-liittyvat-ohjeistukset\\\/ristiinopiskelun-suunnittelijan-ohjeet\\\/toteutuksen-verkostotieto\\\/#primaryimage\"},\"image\":{\"@id\":\"https:\\\/\\\/help.jamk.fi\\\/peppi-ohjeet-henkilokunnalle\\\/fi\\\/ristiinopiskeluun-liittyvat-ohjeistukset\\\/ristiinopiskelun-suunnittelijan-ohjeet\\\/toteutuksen-verkostotieto\\\/#primaryimage\"},\"thumbnailUrl\":\"https:\\\/\\\/help.jamk.fi\\\/peppi-ohjeet-henkilokunnalle\\\/wp-content\\\/uploads\\\/sites\\\/131\\\/2024\\\/04\\\/toteutuksen-kiintioryhmat-1024x350.png\",\"datePublished\":\"2024-04-24T09:30:44+00:00\",\"dateModified\":\"2024-11-11T08:59:23+00:00\",\"breadcrumb\":{\"@id\":\"https:\\\/\\\/help.jamk.fi\\\/peppi-ohjeet-henkilokunnalle\\\/fi\\\/ristiinopiskeluun-liittyvat-ohjeistukset\\\/ristiinopiskelun-suunnittelijan-ohjeet\\\/toteutuksen-verkostotieto\\\/#breadcrumb\"},\"inLanguage\":\"fi\",\"potentialAction\":[{\"@type\":\"ReadAction\",\"target\":[\"https:\\\/\\\/help.jamk.fi\\\/peppi-ohjeet-henkilokunnalle\\\/fi\\\/ristiinopiskeluun-liittyvat-ohjeistukset\\\/ristiinopiskelun-suunnittelijan-ohjeet\\\/toteutuksen-verkostotieto\\\/\"]}]},{\"@type\":\"ImageObject\",\"inLanguage\":\"fi\",\"@id\":\"https:\\\/\\\/help.jamk.fi\\\/peppi-ohjeet-henkilokunnalle\\\/fi\\\/ristiinopiskeluun-liittyvat-ohjeistukset\\\/ristiinopiskelun-suunnittelijan-ohjeet\\\/toteutuksen-verkostotieto\\\/#primaryimage\",\"url\":\"https:\\\/\\\/help.jamk.fi\\\/peppi-ohjeet-henkilokunnalle\\\/wp-content\\\/uploads\\\/sites\\\/131\\\/2024\\\/04\\\/toteutuksen-kiintioryhmat.png\",\"contentUrl\":\"https:\\\/\\\/help.jamk.fi\\\/peppi-ohjeet-henkilokunnalle\\\/wp-content\\\/uploads\\\/sites\\\/131\\\/2024\\\/04\\\/toteutuksen-kiintioryhmat.png\",\"width\":1403,\"height\":479,\"caption\":\"Kuvio 1. Toteutuksen kiinti\u00f6ryhm\u00e4t-v\u00e4lilehti\"},{\"@type\":\"BreadcrumbList\",\"@id\":\"https:\\\/\\\/help.jamk.fi\\\/peppi-ohjeet-henkilokunnalle\\\/fi\\\/ristiinopiskeluun-liittyvat-ohjeistukset\\\/ristiinopiskelun-suunnittelijan-ohjeet\\\/toteutuksen-verkostotieto\\\/#breadcrumb\",\"itemListElement\":[{\"@type\":\"ListItem\",\"position\":1,\"name\":\"Home\",\"item\":\"https:\\\/\\\/help.jamk.fi\\\/peppi-ohjeet-henkilokunnalle\\\/en\\\/\"},{\"@type\":\"ListItem\",\"position\":2,\"name\":\"Ristiinopiskelu\",\"item\":\"https:\\\/\\\/help.jamk.fi\\\/peppi-ohjeet-henkilokunnalle\\\/fi\\\/ristiinopiskeluun-liittyvat-ohjeistukset\\\/\"},{\"@type\":\"ListItem\",\"position\":3,\"name\":\"Ristiinopiskelun suunnittelijan ohjeet\",\"item\":\"https:\\\/\\\/help.jamk.fi\\\/peppi-ohjeet-henkilokunnalle\\\/fi\\\/ristiinopiskeluun-liittyvat-ohjeistukset\\\/ristiinopiskelun-suunnittelijan-ohjeet\\\/\"},{\"@type\":\"ListItem\",\"position\":4,\"name\":\"Toteutuksen verkostotieto ja kiinti\u00f6ryhm\u00e4t\"}]},{\"@type\":\"WebSite\",\"@id\":\"https:\\\/\\\/help.jamk.fi\\\/peppi-ohjeet-henkilokunnalle\\\/#website\",\"url\":\"https:\\\/\\\/help.jamk.fi\\\/peppi-ohjeet-henkilokunnalle\\\/\",\"name\":\"Peppi-ohjeet henkil\u00f6kunnalle\",\"description\":\"\",\"potentialAction\":[{\"@type\":\"SearchAction\",\"target\":{\"@type\":\"EntryPoint\",\"urlTemplate\":\"https:\\\/\\\/help.jamk.fi\\\/peppi-ohjeet-henkilokunnalle\\\/?s={search_term_string}\"},\"query-input\":{\"@type\":\"PropertyValueSpecification\",\"valueRequired\":true,\"valueName\":\"search_term_string\"}}],\"inLanguage\":\"fi\"}]}<\/script>\n<!-- \/ Yoast SEO plugin. -->","yoast_head_json":{"title":"Toteutuksen verkostotieto ja kiinti\u00f6ryhm\u00e4t - Peppi-ohjeet henkil\u00f6kunnalle","robots":{"index":"index","follow":"follow","max-snippet":"max-snippet:-1","max-image-preview":"max-image-preview:large","max-video-preview":"max-video-preview:-1"},"canonical":"https:\/\/help.jamk.fi\/peppi-ohjeet-henkilokunnalle\/fi\/ristiinopiskeluun-liittyvat-ohjeistukset\/ristiinopiskelun-suunnittelijan-ohjeet\/toteutuksen-verkostotieto\/","og_locale":"fi_FI","og_type":"article","og_title":"Toteutuksen verkostotieto ja kiinti\u00f6ryhm\u00e4t - Peppi-ohjeet henkil\u00f6kunnalle","og_description":"Verkostotieto n\u00e4kyy toteutuksen Kiinti\u00f6ryhm\u00e4t-v\u00e4lilehdell\u00e4 (kuvio 1). \u00a0V\u00e4lilehdell\u00e4 on kolme tasoa: V\u00e4lilehdell\u00e4 n\u00e4kyy toteutuksen perustiedoissa asetettu toteutuksen paikkam\u00e4\u00e4r\u00e4 (v\u00e4hint\u00e4\u00e4n &#8211; enint\u00e4\u00e4n) (kuvio 2). Voit muokata sit\u00e4 t\u00e4ss\u00e4 n\u00e4kym\u00e4ss\u00e4, josta se v\u00e4littyy &#8221;Toteutuksen perustiedot&#8221; -n\u00e4kym\u00e4\u00e4n. Esimerkkitapaus: Kiinti\u00f6iden koko ei voi ylitt\u00e4\u00e4 toteutuksen kokonaispaikkam\u00e4\u00e4r\u00e4\u00e4. Jos yrit\u00e4t antaa kiinti\u00f6ryhm\u00e4lle koon, jonka seurauksena toteutuksen kokonaispaikkam\u00e4\u00e4r\u00e4 on ylittym\u00e4ss\u00e4, Peppi antaa siit\u00e4 [&hellip;]","og_url":"https:\/\/help.jamk.fi\/peppi-ohjeet-henkilokunnalle\/fi\/ristiinopiskeluun-liittyvat-ohjeistukset\/ristiinopiskelun-suunnittelijan-ohjeet\/toteutuksen-verkostotieto\/","og_site_name":"Peppi-ohjeet henkil\u00f6kunnalle","article_modified_time":"2024-11-11T08:59:23+00:00","og_image":[{"url":"https:\/\/help.jamk.fi\/peppi-ohjeet-henkilokunnalle\/wp-content\/uploads\/sites\/131\/2024\/04\/toteutuksen-kiintioryhmat-1024x350.png","type":"","width":"","height":""}],"twitter_card":"summary_large_image","twitter_misc":{"Arvioitu lukuaika":"2 minuuttia"},"schema":{"@context":"https:\/\/schema.org","@graph":[{"@type":"WebPage","@id":"https:\/\/help.jamk.fi\/peppi-ohjeet-henkilokunnalle\/fi\/ristiinopiskeluun-liittyvat-ohjeistukset\/ristiinopiskelun-suunnittelijan-ohjeet\/toteutuksen-verkostotieto\/","url":"https:\/\/help.jamk.fi\/peppi-ohjeet-henkilokunnalle\/fi\/ristiinopiskeluun-liittyvat-ohjeistukset\/ristiinopiskelun-suunnittelijan-ohjeet\/toteutuksen-verkostotieto\/","name":"Toteutuksen verkostotieto ja kiinti\u00f6ryhm\u00e4t - Peppi-ohjeet henkil\u00f6kunnalle","isPartOf":{"@id":"https:\/\/help.jamk.fi\/peppi-ohjeet-henkilokunnalle\/#website"},"primaryImageOfPage":{"@id":"https:\/\/help.jamk.fi\/peppi-ohjeet-henkilokunnalle\/fi\/ristiinopiskeluun-liittyvat-ohjeistukset\/ristiinopiskelun-suunnittelijan-ohjeet\/toteutuksen-verkostotieto\/#primaryimage"},"image":{"@id":"https:\/\/help.jamk.fi\/peppi-ohjeet-henkilokunnalle\/fi\/ristiinopiskeluun-liittyvat-ohjeistukset\/ristiinopiskelun-suunnittelijan-ohjeet\/toteutuksen-verkostotieto\/#primaryimage"},"thumbnailUrl":"https:\/\/help.jamk.fi\/peppi-ohjeet-henkilokunnalle\/wp-content\/uploads\/sites\/131\/2024\/04\/toteutuksen-kiintioryhmat-1024x350.png","datePublished":"2024-04-24T09:30:44+00:00","dateModified":"2024-11-11T08:59:23+00:00","breadcrumb":{"@id":"https:\/\/help.jamk.fi\/peppi-ohjeet-henkilokunnalle\/fi\/ristiinopiskeluun-liittyvat-ohjeistukset\/ristiinopiskelun-suunnittelijan-ohjeet\/toteutuksen-verkostotieto\/#breadcrumb"},"inLanguage":"fi","potentialAction":[{"@type":"ReadAction","target":["https:\/\/help.jamk.fi\/peppi-ohjeet-henkilokunnalle\/fi\/ristiinopiskeluun-liittyvat-ohjeistukset\/ristiinopiskelun-suunnittelijan-ohjeet\/toteutuksen-verkostotieto\/"]}]},{"@type":"ImageObject","inLanguage":"fi","@id":"https:\/\/help.jamk.fi\/peppi-ohjeet-henkilokunnalle\/fi\/ristiinopiskeluun-liittyvat-ohjeistukset\/ristiinopiskelun-suunnittelijan-ohjeet\/toteutuksen-verkostotieto\/#primaryimage","url":"https:\/\/help.jamk.fi\/peppi-ohjeet-henkilokunnalle\/wp-content\/uploads\/sites\/131\/2024\/04\/toteutuksen-kiintioryhmat.png","contentUrl":"https:\/\/help.jamk.fi\/peppi-ohjeet-henkilokunnalle\/wp-content\/uploads\/sites\/131\/2024\/04\/toteutuksen-kiintioryhmat.png","width":1403,"height":479,"caption":"Kuvio 1. Toteutuksen kiinti\u00f6ryhm\u00e4t-v\u00e4lilehti"},{"@type":"BreadcrumbList","@id":"https:\/\/help.jamk.fi\/peppi-ohjeet-henkilokunnalle\/fi\/ristiinopiskeluun-liittyvat-ohjeistukset\/ristiinopiskelun-suunnittelijan-ohjeet\/toteutuksen-verkostotieto\/#breadcrumb","itemListElement":[{"@type":"ListItem","position":1,"name":"Home","item":"https:\/\/help.jamk.fi\/peppi-ohjeet-henkilokunnalle\/en\/"},{"@type":"ListItem","position":2,"name":"Ristiinopiskelu","item":"https:\/\/help.jamk.fi\/peppi-ohjeet-henkilokunnalle\/fi\/ristiinopiskeluun-liittyvat-ohjeistukset\/"},{"@type":"ListItem","position":3,"name":"Ristiinopiskelun suunnittelijan ohjeet","item":"https:\/\/help.jamk.fi\/peppi-ohjeet-henkilokunnalle\/fi\/ristiinopiskeluun-liittyvat-ohjeistukset\/ristiinopiskelun-suunnittelijan-ohjeet\/"},{"@type":"ListItem","position":4,"name":"Toteutuksen verkostotieto ja kiinti\u00f6ryhm\u00e4t"}]},{"@type":"WebSite","@id":"https:\/\/help.jamk.fi\/peppi-ohjeet-henkilokunnalle\/#website","url":"https:\/\/help.jamk.fi\/peppi-ohjeet-henkilokunnalle\/","name":"Peppi-ohjeet henkil\u00f6kunnalle","description":"","potentialAction":[{"@type":"SearchAction","target":{"@type":"EntryPoint","urlTemplate":"https:\/\/help.jamk.fi\/peppi-ohjeet-henkilokunnalle\/?s={search_term_string}"},"query-input":{"@type":"PropertyValueSpecification","valueRequired":true,"valueName":"search_term_string"}}],"inLanguage":"fi"}]}},"_links":{"self":[{"href":"https:\/\/help.jamk.fi\/peppi-ohjeet-henkilokunnalle\/wp-json\/wp\/v2\/pages\/6626","targetHints":{"allow":["GET"]}}],"collection":[{"href":"https:\/\/help.jamk.fi\/peppi-ohjeet-henkilokunnalle\/wp-json\/wp\/v2\/pages"}],"about":[{"href":"https:\/\/help.jamk.fi\/peppi-ohjeet-henkilokunnalle\/wp-json\/wp\/v2\/types\/page"}],"author":[{"embeddable":true,"href":"https:\/\/help.jamk.fi\/peppi-ohjeet-henkilokunnalle\/wp-json\/wp\/v2\/users\/78"}],"replies":[{"embeddable":true,"href":"https:\/\/help.jamk.fi\/peppi-ohjeet-henkilokunnalle\/wp-json\/wp\/v2\/comments?post=6626"}],"version-history":[{"count":5,"href":"https:\/\/help.jamk.fi\/peppi-ohjeet-henkilokunnalle\/wp-json\/wp\/v2\/pages\/6626\/revisions"}],"predecessor-version":[{"id":7339,"href":"https:\/\/help.jamk.fi\/peppi-ohjeet-henkilokunnalle\/wp-json\/wp\/v2\/pages\/6626\/revisions\/7339"}],"up":[{"embeddable":true,"href":"https:\/\/help.jamk.fi\/peppi-ohjeet-henkilokunnalle\/wp-json\/wp\/v2\/pages\/6604"}],"wp:attachment":[{"href":"https:\/\/help.jamk.fi\/peppi-ohjeet-henkilokunnalle\/wp-json\/wp\/v2\/media?parent=6626"}],"wp:term":[{"taxonomy":"category","embeddable":true,"href":"https:\/\/help.jamk.fi\/peppi-ohjeet-henkilokunnalle\/wp-json\/wp\/v2\/categories?post=6626"},{"taxonomy":"post_tag","embeddable":true,"href":"https:\/\/help.jamk.fi\/peppi-ohjeet-henkilokunnalle\/wp-json\/wp\/v2\/tags?post=6626"}],"curies":[{"name":"wp","href":"https:\/\/api.w.org\/{rel}","templated":true}]}}