{"id":6630,"date":"2024-04-24T12:34:49","date_gmt":"2024-04-24T09:34:49","guid":{"rendered":"https:\/\/help.jamk.fi\/peppi-ohjeet-henkilokunnalle\/?page_id=6630"},"modified":"2024-11-11T11:04:10","modified_gmt":"2024-11-11T09:04:10","slug":"toteutuksen-lisaaminen-ja-poistaminen-verkostosta","status":"publish","type":"page","link":"https:\/\/help.jamk.fi\/peppi-ohjeet-henkilokunnalle\/fi\/ristiinopiskeluun-liittyvat-ohjeistukset\/ristiinopiskelun-suunnittelijan-ohjeet\/toteutuksen-lisaaminen-ja-poistaminen-verkostosta\/","title":{"rendered":"Uuden toteutuksen luominen sek\u00e4 toteutuksen lis\u00e4\u00e4minen ja poistaminen verkostosta"},"content":{"rendered":"\n<p>Jos opintojakso, josta toteutus luodaan, sis\u00e4lt\u00e4\u00e4 tiedon jakson kuulumisesta ristiinopiskeluverkostoon, tieto periytyy toteutukselle.<\/p>\n\n\n\n<p>Oletuksena on, ett\u00e4 suorat liitokset ovat periytyneet toteutukselle sen \u00e4itiopinnolta.<\/p>\n\n\n\n<ol class=\"wp-block-list\">\n<li>Tee toteutus normaalisti.<\/li>\n\n\n\n<li>Siirry toteutuksen tiedoissa <strong>Kiinti\u00f6ryhm\u00e4t<\/strong>-v\u00e4lilehdelle.<\/li>\n\n\n\n<li>Napsauta silm\u00e4kuvaketta (kuvio 1).\n<ul class=\"wp-block-list\">\n<li>Liitokset ristiinopiskeluverkostoihin -v\u00e4lilehti aukeaa.<\/li>\n<\/ul>\n<\/li>\n\n\n\n<li>Valitse <strong>Muokkaa suoria liitoksia<\/strong>.<\/li>\n\n\n\n<li>Valitse verkosto &#8221;Lis\u00e4\u00e4 verkostoja&#8221; -pudotusvalikosta ja tallenna.<\/li>\n\n\n\n<li>Valitse <strong>Lis\u00e4\u00e4 ristiinopiskelun kiinti\u00f6<\/strong> ja sy\u00f6t\u00e4 ponnahdusikkunaan kiinti\u00f6n opiskelijam\u00e4\u00e4r\u00e4.<\/li>\n<\/ol>\n\n\n\n<figure class=\"wp-block-image size-large\"><img loading=\"lazy\" decoding=\"async\" width=\"1024\" height=\"232\" src=\"https:\/\/help.jamk.fi\/peppi-ohjeet-henkilokunnalle\/wp-content\/uploads\/sites\/131\/2024\/06\/Toteutuksen-kiintioryhmat-1-1024x232.png\" alt=\"Toteutuksen kiinti\u00f6ryhm\u00e4t\" class=\"wp-image-6767\" srcset=\"https:\/\/help.jamk.fi\/peppi-ohjeet-henkilokunnalle\/wp-content\/uploads\/sites\/131\/2024\/06\/Toteutuksen-kiintioryhmat-1-1024x232.png 1024w, https:\/\/help.jamk.fi\/peppi-ohjeet-henkilokunnalle\/wp-content\/uploads\/sites\/131\/2024\/06\/Toteutuksen-kiintioryhmat-1-300x68.png 300w, https:\/\/help.jamk.fi\/peppi-ohjeet-henkilokunnalle\/wp-content\/uploads\/sites\/131\/2024\/06\/Toteutuksen-kiintioryhmat-1-768x174.png 768w, https:\/\/help.jamk.fi\/peppi-ohjeet-henkilokunnalle\/wp-content\/uploads\/sites\/131\/2024\/06\/Toteutuksen-kiintioryhmat-1.png 1347w\" sizes=\"auto, (max-width: 1024px) 100vw, 1024px\" \/><figcaption class=\"wp-element-caption\">Kuvio1. Toteutuksen liitt\u00e4minen verkostoon<\/figcaption><\/figure>\n\n\n\n<p><\/p>\n\n\n\n<h2 class=\"wp-block-heading\">Toteutuksen siirtyminen kansalliseen palveluun<\/h2>\n\n\n\n<p>Toteutus siirtyy kansalliseen palveluun (ja sielt\u00e4 eteenp\u00e4in verkostoon kuuluvien korkeakoulujen perusj\u00e4rjestelmiin), <strong>kun se on Julkaistu-tilassa ja sille on m\u00e4\u00e4ritetty ristiinopiskelun kiinti\u00f6ryhm\u00e4t.<\/strong> Toteutuksen tiedot siirtyv\u00e4t kansalliseen palveluun (ml. aika- ja paikkatiedot) (kuvio 2). Jos joku skeeman kentist\u00e4 on tyhj\u00e4, tieto ei siirry.<\/p>\n\n\n\n<p><strong>Huom. my\u00f6s rakenne, jossa opintojakso on, tulee julkaista.<\/strong><\/p>\n\n\n\n<p><strong>Huom. opiskelija n\u00e4kee toteutuksen vasta sen j\u00e4lkeen, kun ilmoittautumisaika on lis\u00e4tty.<\/strong><\/p>\n\n\n\n<figure class=\"wp-block-image size-large\"><img loading=\"lazy\" decoding=\"async\" width=\"1024\" height=\"350\" src=\"https:\/\/help.jamk.fi\/peppi-ohjeet-henkilokunnalle\/wp-content\/uploads\/sites\/131\/2024\/04\/toteutuksen-kiintioryhmat-1024x350.png\" alt=\"\" class=\"wp-image-6600\" srcset=\"https:\/\/help.jamk.fi\/peppi-ohjeet-henkilokunnalle\/wp-content\/uploads\/sites\/131\/2024\/04\/toteutuksen-kiintioryhmat-1024x350.png 1024w, https:\/\/help.jamk.fi\/peppi-ohjeet-henkilokunnalle\/wp-content\/uploads\/sites\/131\/2024\/04\/toteutuksen-kiintioryhmat-300x102.png 300w, https:\/\/help.jamk.fi\/peppi-ohjeet-henkilokunnalle\/wp-content\/uploads\/sites\/131\/2024\/04\/toteutuksen-kiintioryhmat-768x262.png 768w, https:\/\/help.jamk.fi\/peppi-ohjeet-henkilokunnalle\/wp-content\/uploads\/sites\/131\/2024\/04\/toteutuksen-kiintioryhmat.png 1403w\" sizes=\"auto, (max-width: 1024px) 100vw, 1024px\" \/><figcaption class=\"wp-element-caption\">Kuvio 2. Toteutus liitetty verkostoon ja kiinti\u00f6ryhm\u00e4t m\u00e4\u00e4ritelty<\/figcaption><\/figure>\n\n\n\n<h2 class=\"wp-block-heading\">Toteutuksen poistaminen verkostosta<\/h2>\n\n\n\n<p>Toteutus poistuu ristiinopiskelutarjonnasta, kun poistat silt\u00e4 ristiinopiskelun kiinti\u00f6ryhm\u00e4t.<\/p>\n\n\n\n<ul class=\"wp-block-list\">\n<li>&nbsp;&nbsp;&nbsp; Siirry toteutuksen tiedoissa Kiinti\u00f6ryhm\u00e4t-v\u00e4lilehdelle.<\/li>\n\n\n\n<li>&nbsp;&nbsp;&nbsp; Poista kiinti\u00f6ryhm\u00e4 napsauttamalla rastia.<\/li>\n<\/ul>\n\n\n\n<p>Ristiinopiskeluverkosto n\u00e4kyy kiinti\u00f6n poistamisen j\u00e4lkeen &#8221;Ristiinopiskeluverkostot ilman kiinti\u00f6ryhm\u00e4\u00e4&#8221; -otsikon alla.<\/p>\n\n\n\n<p>Toteutuksen ristiinopiskelun kiinti\u00f6ryhm\u00e4tietoja ei kuitenkaan voi poistaa ilmoittautumisajan alkamisen j\u00e4lkeen, jos toteutukselle on ilmoittautuneita. J\u00e4rjestelm\u00e4 antaa t\u00e4st\u00e4 huomautuksen.<\/p>\n","protected":false},"excerpt":{"rendered":"<p>Jos opintojakso, josta toteutus luodaan, sis\u00e4lt\u00e4\u00e4 tiedon jakson kuulumisesta ristiinopiskeluverkostoon, tieto periytyy toteutukselle. Oletuksena on, ett\u00e4 suorat liitokset ovat periytyneet toteutukselle sen \u00e4itiopinnolta. Toteutuksen siirtyminen kansalliseen palveluun Toteutus siirtyy kansalliseen palveluun (ja sielt\u00e4 eteenp\u00e4in verkostoon kuuluvien korkeakoulujen perusj\u00e4rjestelmiin), kun se on Julkaistu-tilassa ja sille on m\u00e4\u00e4ritetty ristiinopiskelun kiinti\u00f6ryhm\u00e4t. Toteutuksen tiedot siirtyv\u00e4t kansalliseen palveluun (ml. aika- [&hellip;]<\/p>\n","protected":false},"author":78,"featured_media":0,"parent":6604,"menu_order":11,"comment_status":"closed","ping_status":"closed","template":"","meta":{"_acf_changed":false,"_relevanssi_hide_post":"","_relevanssi_hide_content":"","_relevanssi_pin_for_all":"","_relevanssi_pin_keywords":"","_relevanssi_unpin_keywords":"","_relevanssi_related_keywords":"","_relevanssi_related_include_ids":"","_relevanssi_related_exclude_ids":"","_relevanssi_related_no_append":"","_relevanssi_related_not_related":"","_relevanssi_related_posts":"","_relevanssi_noindex_reason":"","footnotes":""},"categories":[],"tags":[],"class_list":["post-6630","page","type-page","status-publish","hentry"],"acf":[],"yoast_head":"<!-- This site is optimized with the Yoast SEO plugin v27.3 - https:\/\/yoast.com\/product\/yoast-seo-wordpress\/ -->\n<title>Uuden toteutuksen luominen sek\u00e4 toteutuksen lis\u00e4\u00e4minen ja poistaminen verkostosta - Peppi-ohjeet henkil\u00f6kunnalle<\/title>\n<meta name=\"robots\" content=\"index, follow, max-snippet:-1, max-image-preview:large, max-video-preview:-1\" \/>\n<link rel=\"canonical\" href=\"https:\/\/help.jamk.fi\/peppi-ohjeet-henkilokunnalle\/fi\/ristiinopiskeluun-liittyvat-ohjeistukset\/ristiinopiskelun-suunnittelijan-ohjeet\/toteutuksen-lisaaminen-ja-poistaminen-verkostosta\/\" \/>\n<meta property=\"og:locale\" content=\"fi_FI\" \/>\n<meta property=\"og:type\" content=\"article\" \/>\n<meta property=\"og:title\" content=\"Uuden toteutuksen luominen sek\u00e4 toteutuksen lis\u00e4\u00e4minen ja poistaminen verkostosta - Peppi-ohjeet henkil\u00f6kunnalle\" \/>\n<meta property=\"og:description\" content=\"Jos opintojakso, josta toteutus luodaan, sis\u00e4lt\u00e4\u00e4 tiedon jakson kuulumisesta ristiinopiskeluverkostoon, tieto periytyy toteutukselle. Oletuksena on, ett\u00e4 suorat liitokset ovat periytyneet toteutukselle sen \u00e4itiopinnolta. Toteutuksen siirtyminen kansalliseen palveluun Toteutus siirtyy kansalliseen palveluun (ja sielt\u00e4 eteenp\u00e4in verkostoon kuuluvien korkeakoulujen perusj\u00e4rjestelmiin), kun se on Julkaistu-tilassa ja sille on m\u00e4\u00e4ritetty ristiinopiskelun kiinti\u00f6ryhm\u00e4t. Toteutuksen tiedot siirtyv\u00e4t kansalliseen palveluun (ml. aika- [&hellip;]\" \/>\n<meta property=\"og:url\" content=\"https:\/\/help.jamk.fi\/peppi-ohjeet-henkilokunnalle\/fi\/ristiinopiskeluun-liittyvat-ohjeistukset\/ristiinopiskelun-suunnittelijan-ohjeet\/toteutuksen-lisaaminen-ja-poistaminen-verkostosta\/\" \/>\n<meta property=\"og:site_name\" content=\"Peppi-ohjeet henkil\u00f6kunnalle\" \/>\n<meta property=\"article:modified_time\" content=\"2024-11-11T09:04:10+00:00\" \/>\n<meta property=\"og:image\" content=\"https:\/\/help.jamk.fi\/peppi-ohjeet-henkilokunnalle\/wp-content\/uploads\/sites\/131\/2024\/06\/Toteutuksen-kiintioryhmat-1-1024x232.png\" \/>\n<meta name=\"twitter:card\" content=\"summary_large_image\" \/>\n<meta name=\"twitter:label1\" content=\"Arvioitu lukuaika\" \/>\n\t<meta name=\"twitter:data1\" content=\"2 minuuttia\" \/>\n<script type=\"application\/ld+json\" class=\"yoast-schema-graph\">{\"@context\":\"https:\\\/\\\/schema.org\",\"@graph\":[{\"@type\":\"WebPage\",\"@id\":\"https:\\\/\\\/help.jamk.fi\\\/peppi-ohjeet-henkilokunnalle\\\/fi\\\/ristiinopiskeluun-liittyvat-ohjeistukset\\\/ristiinopiskelun-suunnittelijan-ohjeet\\\/toteutuksen-lisaaminen-ja-poistaminen-verkostosta\\\/\",\"url\":\"https:\\\/\\\/help.jamk.fi\\\/peppi-ohjeet-henkilokunnalle\\\/fi\\\/ristiinopiskeluun-liittyvat-ohjeistukset\\\/ristiinopiskelun-suunnittelijan-ohjeet\\\/toteutuksen-lisaaminen-ja-poistaminen-verkostosta\\\/\",\"name\":\"Uuden toteutuksen luominen sek\u00e4 toteutuksen lis\u00e4\u00e4minen ja poistaminen verkostosta - Peppi-ohjeet henkil\u00f6kunnalle\",\"isPartOf\":{\"@id\":\"https:\\\/\\\/help.jamk.fi\\\/peppi-ohjeet-henkilokunnalle\\\/#website\"},\"primaryImageOfPage\":{\"@id\":\"https:\\\/\\\/help.jamk.fi\\\/peppi-ohjeet-henkilokunnalle\\\/fi\\\/ristiinopiskeluun-liittyvat-ohjeistukset\\\/ristiinopiskelun-suunnittelijan-ohjeet\\\/toteutuksen-lisaaminen-ja-poistaminen-verkostosta\\\/#primaryimage\"},\"image\":{\"@id\":\"https:\\\/\\\/help.jamk.fi\\\/peppi-ohjeet-henkilokunnalle\\\/fi\\\/ristiinopiskeluun-liittyvat-ohjeistukset\\\/ristiinopiskelun-suunnittelijan-ohjeet\\\/toteutuksen-lisaaminen-ja-poistaminen-verkostosta\\\/#primaryimage\"},\"thumbnailUrl\":\"https:\\\/\\\/help.jamk.fi\\\/peppi-ohjeet-henkilokunnalle\\\/wp-content\\\/uploads\\\/sites\\\/131\\\/2024\\\/06\\\/Toteutuksen-kiintioryhmat-1-1024x232.png\",\"datePublished\":\"2024-04-24T09:34:49+00:00\",\"dateModified\":\"2024-11-11T09:04:10+00:00\",\"breadcrumb\":{\"@id\":\"https:\\\/\\\/help.jamk.fi\\\/peppi-ohjeet-henkilokunnalle\\\/fi\\\/ristiinopiskeluun-liittyvat-ohjeistukset\\\/ristiinopiskelun-suunnittelijan-ohjeet\\\/toteutuksen-lisaaminen-ja-poistaminen-verkostosta\\\/#breadcrumb\"},\"inLanguage\":\"fi\",\"potentialAction\":[{\"@type\":\"ReadAction\",\"target\":[\"https:\\\/\\\/help.jamk.fi\\\/peppi-ohjeet-henkilokunnalle\\\/fi\\\/ristiinopiskeluun-liittyvat-ohjeistukset\\\/ristiinopiskelun-suunnittelijan-ohjeet\\\/toteutuksen-lisaaminen-ja-poistaminen-verkostosta\\\/\"]}]},{\"@type\":\"ImageObject\",\"inLanguage\":\"fi\",\"@id\":\"https:\\\/\\\/help.jamk.fi\\\/peppi-ohjeet-henkilokunnalle\\\/fi\\\/ristiinopiskeluun-liittyvat-ohjeistukset\\\/ristiinopiskelun-suunnittelijan-ohjeet\\\/toteutuksen-lisaaminen-ja-poistaminen-verkostosta\\\/#primaryimage\",\"url\":\"https:\\\/\\\/help.jamk.fi\\\/peppi-ohjeet-henkilokunnalle\\\/wp-content\\\/uploads\\\/sites\\\/131\\\/2024\\\/06\\\/Toteutuksen-kiintioryhmat-1.png\",\"contentUrl\":\"https:\\\/\\\/help.jamk.fi\\\/peppi-ohjeet-henkilokunnalle\\\/wp-content\\\/uploads\\\/sites\\\/131\\\/2024\\\/06\\\/Toteutuksen-kiintioryhmat-1.png\",\"width\":1347,\"height\":305,\"caption\":\"Kuvio1. Toteutuksen liitt\u00e4minen verkostoon\"},{\"@type\":\"BreadcrumbList\",\"@id\":\"https:\\\/\\\/help.jamk.fi\\\/peppi-ohjeet-henkilokunnalle\\\/fi\\\/ristiinopiskeluun-liittyvat-ohjeistukset\\\/ristiinopiskelun-suunnittelijan-ohjeet\\\/toteutuksen-lisaaminen-ja-poistaminen-verkostosta\\\/#breadcrumb\",\"itemListElement\":[{\"@type\":\"ListItem\",\"position\":1,\"name\":\"Home\",\"item\":\"https:\\\/\\\/help.jamk.fi\\\/peppi-ohjeet-henkilokunnalle\\\/en\\\/\"},{\"@type\":\"ListItem\",\"position\":2,\"name\":\"Ristiinopiskelu\",\"item\":\"https:\\\/\\\/help.jamk.fi\\\/peppi-ohjeet-henkilokunnalle\\\/fi\\\/ristiinopiskeluun-liittyvat-ohjeistukset\\\/\"},{\"@type\":\"ListItem\",\"position\":3,\"name\":\"Ristiinopiskelun suunnittelijan ohjeet\",\"item\":\"https:\\\/\\\/help.jamk.fi\\\/peppi-ohjeet-henkilokunnalle\\\/fi\\\/ristiinopiskeluun-liittyvat-ohjeistukset\\\/ristiinopiskelun-suunnittelijan-ohjeet\\\/\"},{\"@type\":\"ListItem\",\"position\":4,\"name\":\"Uuden toteutuksen luominen sek\u00e4 toteutuksen lis\u00e4\u00e4minen ja poistaminen verkostosta\"}]},{\"@type\":\"WebSite\",\"@id\":\"https:\\\/\\\/help.jamk.fi\\\/peppi-ohjeet-henkilokunnalle\\\/#website\",\"url\":\"https:\\\/\\\/help.jamk.fi\\\/peppi-ohjeet-henkilokunnalle\\\/\",\"name\":\"Peppi-ohjeet henkil\u00f6kunnalle\",\"description\":\"\",\"potentialAction\":[{\"@type\":\"SearchAction\",\"target\":{\"@type\":\"EntryPoint\",\"urlTemplate\":\"https:\\\/\\\/help.jamk.fi\\\/peppi-ohjeet-henkilokunnalle\\\/?s={search_term_string}\"},\"query-input\":{\"@type\":\"PropertyValueSpecification\",\"valueRequired\":true,\"valueName\":\"search_term_string\"}}],\"inLanguage\":\"fi\"}]}<\/script>\n<!-- \/ Yoast SEO plugin. -->","yoast_head_json":{"title":"Uuden toteutuksen luominen sek\u00e4 toteutuksen lis\u00e4\u00e4minen ja poistaminen verkostosta - Peppi-ohjeet henkil\u00f6kunnalle","robots":{"index":"index","follow":"follow","max-snippet":"max-snippet:-1","max-image-preview":"max-image-preview:large","max-video-preview":"max-video-preview:-1"},"canonical":"https:\/\/help.jamk.fi\/peppi-ohjeet-henkilokunnalle\/fi\/ristiinopiskeluun-liittyvat-ohjeistukset\/ristiinopiskelun-suunnittelijan-ohjeet\/toteutuksen-lisaaminen-ja-poistaminen-verkostosta\/","og_locale":"fi_FI","og_type":"article","og_title":"Uuden toteutuksen luominen sek\u00e4 toteutuksen lis\u00e4\u00e4minen ja poistaminen verkostosta - Peppi-ohjeet henkil\u00f6kunnalle","og_description":"Jos opintojakso, josta toteutus luodaan, sis\u00e4lt\u00e4\u00e4 tiedon jakson kuulumisesta ristiinopiskeluverkostoon, tieto periytyy toteutukselle. Oletuksena on, ett\u00e4 suorat liitokset ovat periytyneet toteutukselle sen \u00e4itiopinnolta. Toteutuksen siirtyminen kansalliseen palveluun Toteutus siirtyy kansalliseen palveluun (ja sielt\u00e4 eteenp\u00e4in verkostoon kuuluvien korkeakoulujen perusj\u00e4rjestelmiin), kun se on Julkaistu-tilassa ja sille on m\u00e4\u00e4ritetty ristiinopiskelun kiinti\u00f6ryhm\u00e4t. Toteutuksen tiedot siirtyv\u00e4t kansalliseen palveluun (ml. aika- [&hellip;]","og_url":"https:\/\/help.jamk.fi\/peppi-ohjeet-henkilokunnalle\/fi\/ristiinopiskeluun-liittyvat-ohjeistukset\/ristiinopiskelun-suunnittelijan-ohjeet\/toteutuksen-lisaaminen-ja-poistaminen-verkostosta\/","og_site_name":"Peppi-ohjeet henkil\u00f6kunnalle","article_modified_time":"2024-11-11T09:04:10+00:00","og_image":[{"url":"https:\/\/help.jamk.fi\/peppi-ohjeet-henkilokunnalle\/wp-content\/uploads\/sites\/131\/2024\/06\/Toteutuksen-kiintioryhmat-1-1024x232.png","type":"","width":"","height":""}],"twitter_card":"summary_large_image","twitter_misc":{"Arvioitu lukuaika":"2 minuuttia"},"schema":{"@context":"https:\/\/schema.org","@graph":[{"@type":"WebPage","@id":"https:\/\/help.jamk.fi\/peppi-ohjeet-henkilokunnalle\/fi\/ristiinopiskeluun-liittyvat-ohjeistukset\/ristiinopiskelun-suunnittelijan-ohjeet\/toteutuksen-lisaaminen-ja-poistaminen-verkostosta\/","url":"https:\/\/help.jamk.fi\/peppi-ohjeet-henkilokunnalle\/fi\/ristiinopiskeluun-liittyvat-ohjeistukset\/ristiinopiskelun-suunnittelijan-ohjeet\/toteutuksen-lisaaminen-ja-poistaminen-verkostosta\/","name":"Uuden toteutuksen luominen sek\u00e4 toteutuksen lis\u00e4\u00e4minen ja poistaminen verkostosta - Peppi-ohjeet henkil\u00f6kunnalle","isPartOf":{"@id":"https:\/\/help.jamk.fi\/peppi-ohjeet-henkilokunnalle\/#website"},"primaryImageOfPage":{"@id":"https:\/\/help.jamk.fi\/peppi-ohjeet-henkilokunnalle\/fi\/ristiinopiskeluun-liittyvat-ohjeistukset\/ristiinopiskelun-suunnittelijan-ohjeet\/toteutuksen-lisaaminen-ja-poistaminen-verkostosta\/#primaryimage"},"image":{"@id":"https:\/\/help.jamk.fi\/peppi-ohjeet-henkilokunnalle\/fi\/ristiinopiskeluun-liittyvat-ohjeistukset\/ristiinopiskelun-suunnittelijan-ohjeet\/toteutuksen-lisaaminen-ja-poistaminen-verkostosta\/#primaryimage"},"thumbnailUrl":"https:\/\/help.jamk.fi\/peppi-ohjeet-henkilokunnalle\/wp-content\/uploads\/sites\/131\/2024\/06\/Toteutuksen-kiintioryhmat-1-1024x232.png","datePublished":"2024-04-24T09:34:49+00:00","dateModified":"2024-11-11T09:04:10+00:00","breadcrumb":{"@id":"https:\/\/help.jamk.fi\/peppi-ohjeet-henkilokunnalle\/fi\/ristiinopiskeluun-liittyvat-ohjeistukset\/ristiinopiskelun-suunnittelijan-ohjeet\/toteutuksen-lisaaminen-ja-poistaminen-verkostosta\/#breadcrumb"},"inLanguage":"fi","potentialAction":[{"@type":"ReadAction","target":["https:\/\/help.jamk.fi\/peppi-ohjeet-henkilokunnalle\/fi\/ristiinopiskeluun-liittyvat-ohjeistukset\/ristiinopiskelun-suunnittelijan-ohjeet\/toteutuksen-lisaaminen-ja-poistaminen-verkostosta\/"]}]},{"@type":"ImageObject","inLanguage":"fi","@id":"https:\/\/help.jamk.fi\/peppi-ohjeet-henkilokunnalle\/fi\/ristiinopiskeluun-liittyvat-ohjeistukset\/ristiinopiskelun-suunnittelijan-ohjeet\/toteutuksen-lisaaminen-ja-poistaminen-verkostosta\/#primaryimage","url":"https:\/\/help.jamk.fi\/peppi-ohjeet-henkilokunnalle\/wp-content\/uploads\/sites\/131\/2024\/06\/Toteutuksen-kiintioryhmat-1.png","contentUrl":"https:\/\/help.jamk.fi\/peppi-ohjeet-henkilokunnalle\/wp-content\/uploads\/sites\/131\/2024\/06\/Toteutuksen-kiintioryhmat-1.png","width":1347,"height":305,"caption":"Kuvio1. Toteutuksen liitt\u00e4minen verkostoon"},{"@type":"BreadcrumbList","@id":"https:\/\/help.jamk.fi\/peppi-ohjeet-henkilokunnalle\/fi\/ristiinopiskeluun-liittyvat-ohjeistukset\/ristiinopiskelun-suunnittelijan-ohjeet\/toteutuksen-lisaaminen-ja-poistaminen-verkostosta\/#breadcrumb","itemListElement":[{"@type":"ListItem","position":1,"name":"Home","item":"https:\/\/help.jamk.fi\/peppi-ohjeet-henkilokunnalle\/en\/"},{"@type":"ListItem","position":2,"name":"Ristiinopiskelu","item":"https:\/\/help.jamk.fi\/peppi-ohjeet-henkilokunnalle\/fi\/ristiinopiskeluun-liittyvat-ohjeistukset\/"},{"@type":"ListItem","position":3,"name":"Ristiinopiskelun suunnittelijan ohjeet","item":"https:\/\/help.jamk.fi\/peppi-ohjeet-henkilokunnalle\/fi\/ristiinopiskeluun-liittyvat-ohjeistukset\/ristiinopiskelun-suunnittelijan-ohjeet\/"},{"@type":"ListItem","position":4,"name":"Uuden toteutuksen luominen sek\u00e4 toteutuksen lis\u00e4\u00e4minen ja poistaminen verkostosta"}]},{"@type":"WebSite","@id":"https:\/\/help.jamk.fi\/peppi-ohjeet-henkilokunnalle\/#website","url":"https:\/\/help.jamk.fi\/peppi-ohjeet-henkilokunnalle\/","name":"Peppi-ohjeet henkil\u00f6kunnalle","description":"","potentialAction":[{"@type":"SearchAction","target":{"@type":"EntryPoint","urlTemplate":"https:\/\/help.jamk.fi\/peppi-ohjeet-henkilokunnalle\/?s={search_term_string}"},"query-input":{"@type":"PropertyValueSpecification","valueRequired":true,"valueName":"search_term_string"}}],"inLanguage":"fi"}]}},"_links":{"self":[{"href":"https:\/\/help.jamk.fi\/peppi-ohjeet-henkilokunnalle\/wp-json\/wp\/v2\/pages\/6630","targetHints":{"allow":["GET"]}}],"collection":[{"href":"https:\/\/help.jamk.fi\/peppi-ohjeet-henkilokunnalle\/wp-json\/wp\/v2\/pages"}],"about":[{"href":"https:\/\/help.jamk.fi\/peppi-ohjeet-henkilokunnalle\/wp-json\/wp\/v2\/types\/page"}],"author":[{"embeddable":true,"href":"https:\/\/help.jamk.fi\/peppi-ohjeet-henkilokunnalle\/wp-json\/wp\/v2\/users\/78"}],"replies":[{"embeddable":true,"href":"https:\/\/help.jamk.fi\/peppi-ohjeet-henkilokunnalle\/wp-json\/wp\/v2\/comments?post=6630"}],"version-history":[{"count":5,"href":"https:\/\/help.jamk.fi\/peppi-ohjeet-henkilokunnalle\/wp-json\/wp\/v2\/pages\/6630\/revisions"}],"predecessor-version":[{"id":7341,"href":"https:\/\/help.jamk.fi\/peppi-ohjeet-henkilokunnalle\/wp-json\/wp\/v2\/pages\/6630\/revisions\/7341"}],"up":[{"embeddable":true,"href":"https:\/\/help.jamk.fi\/peppi-ohjeet-henkilokunnalle\/wp-json\/wp\/v2\/pages\/6604"}],"wp:attachment":[{"href":"https:\/\/help.jamk.fi\/peppi-ohjeet-henkilokunnalle\/wp-json\/wp\/v2\/media?parent=6630"}],"wp:term":[{"taxonomy":"category","embeddable":true,"href":"https:\/\/help.jamk.fi\/peppi-ohjeet-henkilokunnalle\/wp-json\/wp\/v2\/categories?post=6630"},{"taxonomy":"post_tag","embeddable":true,"href":"https:\/\/help.jamk.fi\/peppi-ohjeet-henkilokunnalle\/wp-json\/wp\/v2\/tags?post=6630"}],"curies":[{"name":"wp","href":"https:\/\/api.w.org\/{rel}","templated":true}]}}