{"id":6641,"date":"2024-04-25T09:19:51","date_gmt":"2024-04-25T06:19:51","guid":{"rendered":"https:\/\/help.jamk.fi\/peppi-ohjeet-henkilokunnalle\/?page_id=6641"},"modified":"2024-11-11T12:42:06","modified_gmt":"2024-11-11T10:42:06","slug":"ilmoittautumisten-kasittely","status":"publish","type":"page","link":"https:\/\/help.jamk.fi\/peppi-ohjeet-henkilokunnalle\/fi\/ristiinopiskeluun-liittyvat-ohjeistukset\/ristiinopiskelun-opettajan-ohjeet\/ilmoittautumisten-kasittely\/","title":{"rendered":"Ilmoittautumisten k\u00e4sittely"},"content":{"rendered":"\n<p>Opiskelijan tiedot n\u00e4kyv\u00e4t kumppanikorkeakoulun Pepiss\u00e4 (ilmoittautumisrekisteri ja toteutus) sen j\u00e4lkeen, kun opiskelija on ilmoittautunut ensimm\u00e4ist\u00e4 kertaa ko. korkeakoulun j\u00e4rjest\u00e4m\u00e4lle toteutukselle.<\/p>\n\n\n\n<p>Muiden korkeakoulujen opiskelijat n\u00e4kyv\u00e4t toteutuksen ilmoittautumisn\u00e4kym\u00e4ss\u00e4. Opiskelijat erottuvat oman korkeakoulusi opiskelijoista Tila-sarakkeen ikonin edess\u00e4 olevasta merkist\u00e4 (kuvio 1):<\/p>\n\n\n\n<figure class=\"wp-block-image size-full is-resized\"><img loading=\"lazy\" decoding=\"async\" width=\"517\" height=\"193\" src=\"https:\/\/help.jamk.fi\/peppi-ohjeet-henkilokunnalle\/wp-content\/uploads\/sites\/131\/2024\/04\/opettaja_opiskelijan-tila.png\" alt=\"\" class=\"wp-image-6589\" style=\"width:614px;height:auto\" srcset=\"https:\/\/help.jamk.fi\/peppi-ohjeet-henkilokunnalle\/wp-content\/uploads\/sites\/131\/2024\/04\/opettaja_opiskelijan-tila.png 517w, https:\/\/help.jamk.fi\/peppi-ohjeet-henkilokunnalle\/wp-content\/uploads\/sites\/131\/2024\/04\/opettaja_opiskelijan-tila-300x112.png 300w\" sizes=\"auto, (max-width: 517px) 100vw, 517px\" \/><figcaption class=\"wp-element-caption\">Kuvio 1. Toteutuksen ilmoittautumisn\u00e4kym\u00e4<\/figcaption><\/figure>\n\n\n\n<p>N\u00e4et kotikorkeakoulun opiskeluoikeustiedot viem\u00e4ll\u00e4 osoittimen ikonin p\u00e4\u00e4lle (kuvio 2).<\/p>\n\n\n\n<figure class=\"wp-block-image size-full is-resized\"><img loading=\"lazy\" decoding=\"async\" width=\"569\" height=\"297\" src=\"https:\/\/help.jamk.fi\/peppi-ohjeet-henkilokunnalle\/wp-content\/uploads\/sites\/131\/2024\/04\/opettaja_opiskelijan_oj.png\" alt=\"\" class=\"wp-image-6590\" style=\"width:773px;height:auto\" srcset=\"https:\/\/help.jamk.fi\/peppi-ohjeet-henkilokunnalle\/wp-content\/uploads\/sites\/131\/2024\/04\/opettaja_opiskelijan_oj.png 569w, https:\/\/help.jamk.fi\/peppi-ohjeet-henkilokunnalle\/wp-content\/uploads\/sites\/131\/2024\/04\/opettaja_opiskelijan_oj-300x157.png 300w\" sizes=\"auto, (max-width: 569px) 100vw, 569px\" \/><figcaption class=\"wp-element-caption\">Kuvio 2. Kotikorkeakoulun tiedot avattuna ilmoittautumisn\u00e4kym\u00e4ss\u00e4<\/figcaption><\/figure>\n\n\n\n<p>Opiskelija voi perua hyv\u00e4ksytyn ilmoittautumisensa ilmoittautumisajan puitteissa. H\u00e4nen opiskeluoikeutensa j\u00e4\u00e4 kuitenkin voimaan kohdekorkeakouluun.<\/p>\n\n\n\n<p>Opiskelija voi perua ilmoittautumisen, jota ei ole hyv\u00e4ksytty, vaikka ilmoittautumisaika on loppunut.<\/p>\n\n\n\n<p><strong>Et voi lis\u00e4t\u00e4 ristiinopiskelijaa suoraan toteutukselle ilmoittautumis- tai arviointin\u00e4kym\u00e4ss\u00e4 tai opintojaksolle, vaan h\u00e4nen t\u00e4ytyy ilmoittautua oman korkeakoulunsa kautta<\/strong>.<\/p>\n\n\n\n<p>Ristiinopiskeluoikeus my\u00f6nnet\u00e4\u00e4n toteutuksen loppup\u00e4iv\u00e4n sis\u00e4lt\u00e4v\u00e4n lukuvuoden loppuun saakka. Jos opiskelija ilmoittautuu toteutukselle, joka p\u00e4\u00e4ttyy t\u00e4t\u00e4 my\u00f6hemmin, opiskeluoikeusaika muuttuu sen j\u00e4lkeen, kun h\u00e4net on hyv\u00e4ksytty toteutukselle. Opiskeluoikeuden p\u00e4\u00e4ttymisp\u00e4iv\u00e4m\u00e4\u00e4r\u00e4 ei voi kuitenkaan olla my\u00f6h\u00e4isempi kuin kotikorkeakoulussa.<\/p>\n\n\n\n<h2 class=\"wp-block-heading\">Opiskelijakiinti\u00f6t<\/h2>\n\n\n\n<p>Voit tarkastella ryhmien opiskelijam\u00e4\u00e4ri\u00e4 tarkemmin valitsemalla  <strong>Ilmoittautumistilanne<\/strong> toteutuksen <strong>Ilmoittautumiset-n\u00e4kym\u00e4ss\u00e4<\/strong> (kuvio 3).<\/p>\n\n\n\n<figure class=\"wp-block-image size-large\"><img loading=\"lazy\" decoding=\"async\" width=\"1024\" height=\"310\" src=\"https:\/\/help.jamk.fi\/peppi-ohjeet-henkilokunnalle\/wp-content\/uploads\/sites\/131\/2024\/04\/Opettaja_kiintioryhmat._lkm-1024x310.png\" alt=\"\" class=\"wp-image-6587\" srcset=\"https:\/\/help.jamk.fi\/peppi-ohjeet-henkilokunnalle\/wp-content\/uploads\/sites\/131\/2024\/04\/Opettaja_kiintioryhmat._lkm-1024x310.png 1024w, https:\/\/help.jamk.fi\/peppi-ohjeet-henkilokunnalle\/wp-content\/uploads\/sites\/131\/2024\/04\/Opettaja_kiintioryhmat._lkm-300x91.png 300w, https:\/\/help.jamk.fi\/peppi-ohjeet-henkilokunnalle\/wp-content\/uploads\/sites\/131\/2024\/04\/Opettaja_kiintioryhmat._lkm-768x232.png 768w, https:\/\/help.jamk.fi\/peppi-ohjeet-henkilokunnalle\/wp-content\/uploads\/sites\/131\/2024\/04\/Opettaja_kiintioryhmat._lkm.png 1164w\" sizes=\"auto, (max-width: 1024px) 100vw, 1024px\" \/><figcaption class=\"wp-element-caption\">Kuvio 3. Toteutuksen Ilmoittautumistilanne -n\u00e4kym\u00e4<\/figcaption><\/figure>\n","protected":false},"excerpt":{"rendered":"<p>Opiskelijan tiedot n\u00e4kyv\u00e4t kumppanikorkeakoulun Pepiss\u00e4 (ilmoittautumisrekisteri ja toteutus) sen j\u00e4lkeen, kun opiskelija on ilmoittautunut ensimm\u00e4ist\u00e4 kertaa ko. korkeakoulun j\u00e4rjest\u00e4m\u00e4lle toteutukselle. Muiden korkeakoulujen opiskelijat n\u00e4kyv\u00e4t toteutuksen ilmoittautumisn\u00e4kym\u00e4ss\u00e4. Opiskelijat erottuvat oman korkeakoulusi opiskelijoista Tila-sarakkeen ikonin edess\u00e4 olevasta merkist\u00e4 (kuvio 1): N\u00e4et kotikorkeakoulun opiskeluoikeustiedot viem\u00e4ll\u00e4 osoittimen ikonin p\u00e4\u00e4lle (kuvio 2). Opiskelija voi perua hyv\u00e4ksytyn ilmoittautumisensa ilmoittautumisajan puitteissa. H\u00e4nen [&hellip;]<\/p>\n","protected":false},"author":78,"featured_media":0,"parent":6635,"menu_order":2,"comment_status":"closed","ping_status":"closed","template":"","meta":{"_acf_changed":false,"_relevanssi_hide_post":"","_relevanssi_hide_content":"","_relevanssi_pin_for_all":"","_relevanssi_pin_keywords":"","_relevanssi_unpin_keywords":"","_relevanssi_related_keywords":"","_relevanssi_related_include_ids":"","_relevanssi_related_exclude_ids":"","_relevanssi_related_no_append":"","_relevanssi_related_not_related":"","_relevanssi_related_posts":"","_relevanssi_noindex_reason":"","footnotes":""},"categories":[],"tags":[],"class_list":["post-6641","page","type-page","status-publish","hentry"],"acf":[],"yoast_head":"<!-- This site is optimized with the Yoast SEO plugin v27.3 - https:\/\/yoast.com\/product\/yoast-seo-wordpress\/ -->\n<title>Ilmoittautumisten k\u00e4sittely - Peppi-ohjeet henkil\u00f6kunnalle<\/title>\n<meta name=\"robots\" content=\"index, follow, max-snippet:-1, max-image-preview:large, max-video-preview:-1\" \/>\n<link rel=\"canonical\" href=\"https:\/\/help.jamk.fi\/peppi-ohjeet-henkilokunnalle\/fi\/ristiinopiskeluun-liittyvat-ohjeistukset\/ristiinopiskelun-opettajan-ohjeet\/ilmoittautumisten-kasittely\/\" \/>\n<meta property=\"og:locale\" content=\"fi_FI\" \/>\n<meta property=\"og:type\" content=\"article\" \/>\n<meta property=\"og:title\" content=\"Ilmoittautumisten k\u00e4sittely - Peppi-ohjeet henkil\u00f6kunnalle\" \/>\n<meta property=\"og:description\" content=\"Opiskelijan tiedot n\u00e4kyv\u00e4t kumppanikorkeakoulun Pepiss\u00e4 (ilmoittautumisrekisteri ja toteutus) sen j\u00e4lkeen, kun opiskelija on ilmoittautunut ensimm\u00e4ist\u00e4 kertaa ko. korkeakoulun j\u00e4rjest\u00e4m\u00e4lle toteutukselle. Muiden korkeakoulujen opiskelijat n\u00e4kyv\u00e4t toteutuksen ilmoittautumisn\u00e4kym\u00e4ss\u00e4. Opiskelijat erottuvat oman korkeakoulusi opiskelijoista Tila-sarakkeen ikonin edess\u00e4 olevasta merkist\u00e4 (kuvio 1): N\u00e4et kotikorkeakoulun opiskeluoikeustiedot viem\u00e4ll\u00e4 osoittimen ikonin p\u00e4\u00e4lle (kuvio 2). Opiskelija voi perua hyv\u00e4ksytyn ilmoittautumisensa ilmoittautumisajan puitteissa. H\u00e4nen [&hellip;]\" \/>\n<meta property=\"og:url\" content=\"https:\/\/help.jamk.fi\/peppi-ohjeet-henkilokunnalle\/fi\/ristiinopiskeluun-liittyvat-ohjeistukset\/ristiinopiskelun-opettajan-ohjeet\/ilmoittautumisten-kasittely\/\" \/>\n<meta property=\"og:site_name\" content=\"Peppi-ohjeet henkil\u00f6kunnalle\" \/>\n<meta property=\"article:modified_time\" content=\"2024-11-11T10:42:06+00:00\" \/>\n<meta property=\"og:image\" content=\"https:\/\/help.jamk.fi\/peppi-ohjeet-henkilokunnalle\/wp-content\/uploads\/sites\/131\/2024\/04\/opettaja_opiskelijan-tila.png\" \/>\n<meta name=\"twitter:card\" content=\"summary_large_image\" \/>\n<meta name=\"twitter:label1\" content=\"Arvioitu lukuaika\" \/>\n\t<meta name=\"twitter:data1\" content=\"2 minuuttia\" \/>\n<script type=\"application\/ld+json\" class=\"yoast-schema-graph\">{\"@context\":\"https:\\\/\\\/schema.org\",\"@graph\":[{\"@type\":\"WebPage\",\"@id\":\"https:\\\/\\\/help.jamk.fi\\\/peppi-ohjeet-henkilokunnalle\\\/fi\\\/ristiinopiskeluun-liittyvat-ohjeistukset\\\/ristiinopiskelun-opettajan-ohjeet\\\/ilmoittautumisten-kasittely\\\/\",\"url\":\"https:\\\/\\\/help.jamk.fi\\\/peppi-ohjeet-henkilokunnalle\\\/fi\\\/ristiinopiskeluun-liittyvat-ohjeistukset\\\/ristiinopiskelun-opettajan-ohjeet\\\/ilmoittautumisten-kasittely\\\/\",\"name\":\"Ilmoittautumisten k\u00e4sittely - Peppi-ohjeet henkil\u00f6kunnalle\",\"isPartOf\":{\"@id\":\"https:\\\/\\\/help.jamk.fi\\\/peppi-ohjeet-henkilokunnalle\\\/#website\"},\"primaryImageOfPage\":{\"@id\":\"https:\\\/\\\/help.jamk.fi\\\/peppi-ohjeet-henkilokunnalle\\\/fi\\\/ristiinopiskeluun-liittyvat-ohjeistukset\\\/ristiinopiskelun-opettajan-ohjeet\\\/ilmoittautumisten-kasittely\\\/#primaryimage\"},\"image\":{\"@id\":\"https:\\\/\\\/help.jamk.fi\\\/peppi-ohjeet-henkilokunnalle\\\/fi\\\/ristiinopiskeluun-liittyvat-ohjeistukset\\\/ristiinopiskelun-opettajan-ohjeet\\\/ilmoittautumisten-kasittely\\\/#primaryimage\"},\"thumbnailUrl\":\"https:\\\/\\\/help.jamk.fi\\\/peppi-ohjeet-henkilokunnalle\\\/wp-content\\\/uploads\\\/sites\\\/131\\\/2024\\\/04\\\/opettaja_opiskelijan-tila.png\",\"datePublished\":\"2024-04-25T06:19:51+00:00\",\"dateModified\":\"2024-11-11T10:42:06+00:00\",\"breadcrumb\":{\"@id\":\"https:\\\/\\\/help.jamk.fi\\\/peppi-ohjeet-henkilokunnalle\\\/fi\\\/ristiinopiskeluun-liittyvat-ohjeistukset\\\/ristiinopiskelun-opettajan-ohjeet\\\/ilmoittautumisten-kasittely\\\/#breadcrumb\"},\"inLanguage\":\"fi\",\"potentialAction\":[{\"@type\":\"ReadAction\",\"target\":[\"https:\\\/\\\/help.jamk.fi\\\/peppi-ohjeet-henkilokunnalle\\\/fi\\\/ristiinopiskeluun-liittyvat-ohjeistukset\\\/ristiinopiskelun-opettajan-ohjeet\\\/ilmoittautumisten-kasittely\\\/\"]}]},{\"@type\":\"ImageObject\",\"inLanguage\":\"fi\",\"@id\":\"https:\\\/\\\/help.jamk.fi\\\/peppi-ohjeet-henkilokunnalle\\\/fi\\\/ristiinopiskeluun-liittyvat-ohjeistukset\\\/ristiinopiskelun-opettajan-ohjeet\\\/ilmoittautumisten-kasittely\\\/#primaryimage\",\"url\":\"https:\\\/\\\/help.jamk.fi\\\/peppi-ohjeet-henkilokunnalle\\\/wp-content\\\/uploads\\\/sites\\\/131\\\/2024\\\/04\\\/opettaja_opiskelijan-tila.png\",\"contentUrl\":\"https:\\\/\\\/help.jamk.fi\\\/peppi-ohjeet-henkilokunnalle\\\/wp-content\\\/uploads\\\/sites\\\/131\\\/2024\\\/04\\\/opettaja_opiskelijan-tila.png\",\"width\":517,\"height\":193,\"caption\":\"Kuvio 1. Toteutuksen ilmoittautumisn\u00e4kym\u00e4\"},{\"@type\":\"BreadcrumbList\",\"@id\":\"https:\\\/\\\/help.jamk.fi\\\/peppi-ohjeet-henkilokunnalle\\\/fi\\\/ristiinopiskeluun-liittyvat-ohjeistukset\\\/ristiinopiskelun-opettajan-ohjeet\\\/ilmoittautumisten-kasittely\\\/#breadcrumb\",\"itemListElement\":[{\"@type\":\"ListItem\",\"position\":1,\"name\":\"Home\",\"item\":\"https:\\\/\\\/help.jamk.fi\\\/peppi-ohjeet-henkilokunnalle\\\/en\\\/\"},{\"@type\":\"ListItem\",\"position\":2,\"name\":\"Ristiinopiskelu\",\"item\":\"https:\\\/\\\/help.jamk.fi\\\/peppi-ohjeet-henkilokunnalle\\\/fi\\\/ristiinopiskeluun-liittyvat-ohjeistukset\\\/\"},{\"@type\":\"ListItem\",\"position\":3,\"name\":\"Ristiinopiskelun opettajan ohjeet\",\"item\":\"https:\\\/\\\/help.jamk.fi\\\/peppi-ohjeet-henkilokunnalle\\\/fi\\\/ristiinopiskeluun-liittyvat-ohjeistukset\\\/ristiinopiskelun-opettajan-ohjeet\\\/\"},{\"@type\":\"ListItem\",\"position\":4,\"name\":\"Ilmoittautumisten k\u00e4sittely\"}]},{\"@type\":\"WebSite\",\"@id\":\"https:\\\/\\\/help.jamk.fi\\\/peppi-ohjeet-henkilokunnalle\\\/#website\",\"url\":\"https:\\\/\\\/help.jamk.fi\\\/peppi-ohjeet-henkilokunnalle\\\/\",\"name\":\"Peppi-ohjeet henkil\u00f6kunnalle\",\"description\":\"\",\"potentialAction\":[{\"@type\":\"SearchAction\",\"target\":{\"@type\":\"EntryPoint\",\"urlTemplate\":\"https:\\\/\\\/help.jamk.fi\\\/peppi-ohjeet-henkilokunnalle\\\/?s={search_term_string}\"},\"query-input\":{\"@type\":\"PropertyValueSpecification\",\"valueRequired\":true,\"valueName\":\"search_term_string\"}}],\"inLanguage\":\"fi\"}]}<\/script>\n<!-- \/ Yoast SEO plugin. -->","yoast_head_json":{"title":"Ilmoittautumisten k\u00e4sittely - Peppi-ohjeet henkil\u00f6kunnalle","robots":{"index":"index","follow":"follow","max-snippet":"max-snippet:-1","max-image-preview":"max-image-preview:large","max-video-preview":"max-video-preview:-1"},"canonical":"https:\/\/help.jamk.fi\/peppi-ohjeet-henkilokunnalle\/fi\/ristiinopiskeluun-liittyvat-ohjeistukset\/ristiinopiskelun-opettajan-ohjeet\/ilmoittautumisten-kasittely\/","og_locale":"fi_FI","og_type":"article","og_title":"Ilmoittautumisten k\u00e4sittely - Peppi-ohjeet henkil\u00f6kunnalle","og_description":"Opiskelijan tiedot n\u00e4kyv\u00e4t kumppanikorkeakoulun Pepiss\u00e4 (ilmoittautumisrekisteri ja toteutus) sen j\u00e4lkeen, kun opiskelija on ilmoittautunut ensimm\u00e4ist\u00e4 kertaa ko. korkeakoulun j\u00e4rjest\u00e4m\u00e4lle toteutukselle. Muiden korkeakoulujen opiskelijat n\u00e4kyv\u00e4t toteutuksen ilmoittautumisn\u00e4kym\u00e4ss\u00e4. Opiskelijat erottuvat oman korkeakoulusi opiskelijoista Tila-sarakkeen ikonin edess\u00e4 olevasta merkist\u00e4 (kuvio 1): N\u00e4et kotikorkeakoulun opiskeluoikeustiedot viem\u00e4ll\u00e4 osoittimen ikonin p\u00e4\u00e4lle (kuvio 2). Opiskelija voi perua hyv\u00e4ksytyn ilmoittautumisensa ilmoittautumisajan puitteissa. H\u00e4nen [&hellip;]","og_url":"https:\/\/help.jamk.fi\/peppi-ohjeet-henkilokunnalle\/fi\/ristiinopiskeluun-liittyvat-ohjeistukset\/ristiinopiskelun-opettajan-ohjeet\/ilmoittautumisten-kasittely\/","og_site_name":"Peppi-ohjeet henkil\u00f6kunnalle","article_modified_time":"2024-11-11T10:42:06+00:00","og_image":[{"url":"https:\/\/help.jamk.fi\/peppi-ohjeet-henkilokunnalle\/wp-content\/uploads\/sites\/131\/2024\/04\/opettaja_opiskelijan-tila.png","type":"","width":"","height":""}],"twitter_card":"summary_large_image","twitter_misc":{"Arvioitu lukuaika":"2 minuuttia"},"schema":{"@context":"https:\/\/schema.org","@graph":[{"@type":"WebPage","@id":"https:\/\/help.jamk.fi\/peppi-ohjeet-henkilokunnalle\/fi\/ristiinopiskeluun-liittyvat-ohjeistukset\/ristiinopiskelun-opettajan-ohjeet\/ilmoittautumisten-kasittely\/","url":"https:\/\/help.jamk.fi\/peppi-ohjeet-henkilokunnalle\/fi\/ristiinopiskeluun-liittyvat-ohjeistukset\/ristiinopiskelun-opettajan-ohjeet\/ilmoittautumisten-kasittely\/","name":"Ilmoittautumisten k\u00e4sittely - Peppi-ohjeet henkil\u00f6kunnalle","isPartOf":{"@id":"https:\/\/help.jamk.fi\/peppi-ohjeet-henkilokunnalle\/#website"},"primaryImageOfPage":{"@id":"https:\/\/help.jamk.fi\/peppi-ohjeet-henkilokunnalle\/fi\/ristiinopiskeluun-liittyvat-ohjeistukset\/ristiinopiskelun-opettajan-ohjeet\/ilmoittautumisten-kasittely\/#primaryimage"},"image":{"@id":"https:\/\/help.jamk.fi\/peppi-ohjeet-henkilokunnalle\/fi\/ristiinopiskeluun-liittyvat-ohjeistukset\/ristiinopiskelun-opettajan-ohjeet\/ilmoittautumisten-kasittely\/#primaryimage"},"thumbnailUrl":"https:\/\/help.jamk.fi\/peppi-ohjeet-henkilokunnalle\/wp-content\/uploads\/sites\/131\/2024\/04\/opettaja_opiskelijan-tila.png","datePublished":"2024-04-25T06:19:51+00:00","dateModified":"2024-11-11T10:42:06+00:00","breadcrumb":{"@id":"https:\/\/help.jamk.fi\/peppi-ohjeet-henkilokunnalle\/fi\/ristiinopiskeluun-liittyvat-ohjeistukset\/ristiinopiskelun-opettajan-ohjeet\/ilmoittautumisten-kasittely\/#breadcrumb"},"inLanguage":"fi","potentialAction":[{"@type":"ReadAction","target":["https:\/\/help.jamk.fi\/peppi-ohjeet-henkilokunnalle\/fi\/ristiinopiskeluun-liittyvat-ohjeistukset\/ristiinopiskelun-opettajan-ohjeet\/ilmoittautumisten-kasittely\/"]}]},{"@type":"ImageObject","inLanguage":"fi","@id":"https:\/\/help.jamk.fi\/peppi-ohjeet-henkilokunnalle\/fi\/ristiinopiskeluun-liittyvat-ohjeistukset\/ristiinopiskelun-opettajan-ohjeet\/ilmoittautumisten-kasittely\/#primaryimage","url":"https:\/\/help.jamk.fi\/peppi-ohjeet-henkilokunnalle\/wp-content\/uploads\/sites\/131\/2024\/04\/opettaja_opiskelijan-tila.png","contentUrl":"https:\/\/help.jamk.fi\/peppi-ohjeet-henkilokunnalle\/wp-content\/uploads\/sites\/131\/2024\/04\/opettaja_opiskelijan-tila.png","width":517,"height":193,"caption":"Kuvio 1. Toteutuksen ilmoittautumisn\u00e4kym\u00e4"},{"@type":"BreadcrumbList","@id":"https:\/\/help.jamk.fi\/peppi-ohjeet-henkilokunnalle\/fi\/ristiinopiskeluun-liittyvat-ohjeistukset\/ristiinopiskelun-opettajan-ohjeet\/ilmoittautumisten-kasittely\/#breadcrumb","itemListElement":[{"@type":"ListItem","position":1,"name":"Home","item":"https:\/\/help.jamk.fi\/peppi-ohjeet-henkilokunnalle\/en\/"},{"@type":"ListItem","position":2,"name":"Ristiinopiskelu","item":"https:\/\/help.jamk.fi\/peppi-ohjeet-henkilokunnalle\/fi\/ristiinopiskeluun-liittyvat-ohjeistukset\/"},{"@type":"ListItem","position":3,"name":"Ristiinopiskelun opettajan ohjeet","item":"https:\/\/help.jamk.fi\/peppi-ohjeet-henkilokunnalle\/fi\/ristiinopiskeluun-liittyvat-ohjeistukset\/ristiinopiskelun-opettajan-ohjeet\/"},{"@type":"ListItem","position":4,"name":"Ilmoittautumisten k\u00e4sittely"}]},{"@type":"WebSite","@id":"https:\/\/help.jamk.fi\/peppi-ohjeet-henkilokunnalle\/#website","url":"https:\/\/help.jamk.fi\/peppi-ohjeet-henkilokunnalle\/","name":"Peppi-ohjeet henkil\u00f6kunnalle","description":"","potentialAction":[{"@type":"SearchAction","target":{"@type":"EntryPoint","urlTemplate":"https:\/\/help.jamk.fi\/peppi-ohjeet-henkilokunnalle\/?s={search_term_string}"},"query-input":{"@type":"PropertyValueSpecification","valueRequired":true,"valueName":"search_term_string"}}],"inLanguage":"fi"}]}},"_links":{"self":[{"href":"https:\/\/help.jamk.fi\/peppi-ohjeet-henkilokunnalle\/wp-json\/wp\/v2\/pages\/6641","targetHints":{"allow":["GET"]}}],"collection":[{"href":"https:\/\/help.jamk.fi\/peppi-ohjeet-henkilokunnalle\/wp-json\/wp\/v2\/pages"}],"about":[{"href":"https:\/\/help.jamk.fi\/peppi-ohjeet-henkilokunnalle\/wp-json\/wp\/v2\/types\/page"}],"author":[{"embeddable":true,"href":"https:\/\/help.jamk.fi\/peppi-ohjeet-henkilokunnalle\/wp-json\/wp\/v2\/users\/78"}],"replies":[{"embeddable":true,"href":"https:\/\/help.jamk.fi\/peppi-ohjeet-henkilokunnalle\/wp-json\/wp\/v2\/comments?post=6641"}],"version-history":[{"count":3,"href":"https:\/\/help.jamk.fi\/peppi-ohjeet-henkilokunnalle\/wp-json\/wp\/v2\/pages\/6641\/revisions"}],"predecessor-version":[{"id":7349,"href":"https:\/\/help.jamk.fi\/peppi-ohjeet-henkilokunnalle\/wp-json\/wp\/v2\/pages\/6641\/revisions\/7349"}],"up":[{"embeddable":true,"href":"https:\/\/help.jamk.fi\/peppi-ohjeet-henkilokunnalle\/wp-json\/wp\/v2\/pages\/6635"}],"wp:attachment":[{"href":"https:\/\/help.jamk.fi\/peppi-ohjeet-henkilokunnalle\/wp-json\/wp\/v2\/media?parent=6641"}],"wp:term":[{"taxonomy":"category","embeddable":true,"href":"https:\/\/help.jamk.fi\/peppi-ohjeet-henkilokunnalle\/wp-json\/wp\/v2\/categories?post=6641"},{"taxonomy":"post_tag","embeddable":true,"href":"https:\/\/help.jamk.fi\/peppi-ohjeet-henkilokunnalle\/wp-json\/wp\/v2\/tags?post=6641"}],"curies":[{"name":"wp","href":"https:\/\/api.w.org\/{rel}","templated":true}]}}