{"id":6645,"date":"2024-04-25T09:21:47","date_gmt":"2024-04-25T06:21:47","guid":{"rendered":"https:\/\/help.jamk.fi\/peppi-ohjeet-henkilokunnalle\/?page_id=6645"},"modified":"2024-11-11T12:46:00","modified_gmt":"2024-11-11T10:46:00","slug":"ristiinopiskelusuoritukset","status":"publish","type":"page","link":"https:\/\/help.jamk.fi\/peppi-ohjeet-henkilokunnalle\/fi\/ristiinopiskeluun-liittyvat-ohjeistukset\/ristiinopiskelun-opettajan-ohjeet\/ristiinopiskelusuoritukset\/","title":{"rendered":"Ristiinopiskelusuoritukset"},"content":{"rendered":"\n<p>Ristiinopiskeluun liittyv\u00e4t suoritukset merkit\u00e4\u00e4n ikonilla kotikorkeakoulun seuraavissa n\u00e4kymiss\u00e4:<\/p>\n\n\n\n<ul class=\"wp-block-list\">\n<li>&nbsp;&nbsp;&nbsp; Suorituksen HOPS-n\u00e4kym\u00e4<\/li>\n\n\n\n<li>&nbsp;&nbsp;&nbsp; Opiskelijan opintosuoritusote<\/li>\n\n\n\n<li>&nbsp;&nbsp;&nbsp; Virkailijan Opintosuoritukset-n\u00e4kym\u00e4<\/li>\n<\/ul>\n\n\n\n<p>Alla kuvassa esimerkki opiskelijan <strong>Opintosuoritukset<\/strong> -n\u00e4kym\u00e4st\u00e4.<\/p>\n\n\n\n<p>N\u00e4et mist\u00e4 korkeakoulusta suoritus on tullut viem\u00e4ll\u00e4 hiiren ikonin p\u00e4\u00e4lle (kuvio 1).<\/p>\n\n\n\n<figure class=\"wp-block-image size-full\"><img loading=\"lazy\" decoding=\"async\" width=\"708\" height=\"142\" src=\"https:\/\/help.jamk.fi\/peppi-ohjeet-henkilokunnalle\/wp-content\/uploads\/sites\/131\/2024\/04\/Opettaja_suoritustieto.png\" alt=\"\" class=\"wp-image-6591\" srcset=\"https:\/\/help.jamk.fi\/peppi-ohjeet-henkilokunnalle\/wp-content\/uploads\/sites\/131\/2024\/04\/Opettaja_suoritustieto.png 708w, https:\/\/help.jamk.fi\/peppi-ohjeet-henkilokunnalle\/wp-content\/uploads\/sites\/131\/2024\/04\/Opettaja_suoritustieto-300x60.png 300w\" sizes=\"auto, (max-width: 708px) 100vw, 708px\" \/><figcaption class=\"wp-element-caption\">Kuvio 1. Kotikorkeakoulun tiedot opintosuoritukset-n\u00e4kym\u00e4ss\u00e4<\/figcaption><\/figure>\n","protected":false},"excerpt":{"rendered":"<p>Ristiinopiskeluun liittyv\u00e4t suoritukset merkit\u00e4\u00e4n ikonilla kotikorkeakoulun seuraavissa n\u00e4kymiss\u00e4: Alla kuvassa esimerkki opiskelijan Opintosuoritukset -n\u00e4kym\u00e4st\u00e4. N\u00e4et mist\u00e4 korkeakoulusta suoritus on tullut viem\u00e4ll\u00e4 hiiren ikonin p\u00e4\u00e4lle (kuvio 1).<\/p>\n","protected":false},"author":78,"featured_media":0,"parent":6635,"menu_order":3,"comment_status":"closed","ping_status":"closed","template":"","meta":{"_acf_changed":false,"_relevanssi_hide_post":"","_relevanssi_hide_content":"","_relevanssi_pin_for_all":"","_relevanssi_pin_keywords":"","_relevanssi_unpin_keywords":"","_relevanssi_related_keywords":"","_relevanssi_related_include_ids":"","_relevanssi_related_exclude_ids":"","_relevanssi_related_no_append":"","_relevanssi_related_not_related":"","_relevanssi_related_posts":"","_relevanssi_noindex_reason":"","footnotes":""},"categories":[],"tags":[],"class_list":["post-6645","page","type-page","status-publish","hentry"],"acf":[],"yoast_head":"<!-- This site is optimized with the Yoast SEO plugin v27.5 - https:\/\/yoast.com\/product\/yoast-seo-wordpress\/ -->\n<title>Ristiinopiskelusuoritukset - Peppi-ohjeet henkil\u00f6kunnalle<\/title>\n<meta name=\"robots\" content=\"index, follow, max-snippet:-1, max-image-preview:large, max-video-preview:-1\" \/>\n<link rel=\"canonical\" href=\"https:\/\/help.jamk.fi\/peppi-ohjeet-henkilokunnalle\/fi\/ristiinopiskeluun-liittyvat-ohjeistukset\/ristiinopiskelun-opettajan-ohjeet\/ristiinopiskelusuoritukset\/\" \/>\n<meta property=\"og:locale\" content=\"fi_FI\" \/>\n<meta property=\"og:type\" content=\"article\" \/>\n<meta property=\"og:title\" content=\"Ristiinopiskelusuoritukset - Peppi-ohjeet henkil\u00f6kunnalle\" \/>\n<meta property=\"og:description\" content=\"Ristiinopiskeluun liittyv\u00e4t suoritukset merkit\u00e4\u00e4n ikonilla kotikorkeakoulun seuraavissa n\u00e4kymiss\u00e4: Alla kuvassa esimerkki opiskelijan Opintosuoritukset -n\u00e4kym\u00e4st\u00e4. N\u00e4et mist\u00e4 korkeakoulusta suoritus on tullut viem\u00e4ll\u00e4 hiiren ikonin p\u00e4\u00e4lle (kuvio 1).\" \/>\n<meta property=\"og:url\" content=\"https:\/\/help.jamk.fi\/peppi-ohjeet-henkilokunnalle\/fi\/ristiinopiskeluun-liittyvat-ohjeistukset\/ristiinopiskelun-opettajan-ohjeet\/ristiinopiskelusuoritukset\/\" \/>\n<meta property=\"og:site_name\" content=\"Peppi-ohjeet henkil\u00f6kunnalle\" \/>\n<meta property=\"article:modified_time\" content=\"2024-11-11T10:46:00+00:00\" \/>\n<meta property=\"og:image\" content=\"https:\/\/help.jamk.fi\/peppi-ohjeet-henkilokunnalle\/wp-content\/uploads\/sites\/131\/2024\/04\/Opettaja_suoritustieto.png\" \/>\n<meta name=\"twitter:card\" content=\"summary_large_image\" \/>\n<meta name=\"twitter:label1\" content=\"Arvioitu lukuaika\" \/>\n\t<meta name=\"twitter:data1\" content=\"1 minuutti\" \/>\n<script type=\"application\/ld+json\" class=\"yoast-schema-graph\">{\"@context\":\"https:\\\/\\\/schema.org\",\"@graph\":[{\"@type\":\"WebPage\",\"@id\":\"https:\\\/\\\/help.jamk.fi\\\/peppi-ohjeet-henkilokunnalle\\\/fi\\\/ristiinopiskeluun-liittyvat-ohjeistukset\\\/ristiinopiskelun-opettajan-ohjeet\\\/ristiinopiskelusuoritukset\\\/\",\"url\":\"https:\\\/\\\/help.jamk.fi\\\/peppi-ohjeet-henkilokunnalle\\\/fi\\\/ristiinopiskeluun-liittyvat-ohjeistukset\\\/ristiinopiskelun-opettajan-ohjeet\\\/ristiinopiskelusuoritukset\\\/\",\"name\":\"Ristiinopiskelusuoritukset - Peppi-ohjeet henkil\u00f6kunnalle\",\"isPartOf\":{\"@id\":\"https:\\\/\\\/help.jamk.fi\\\/peppi-ohjeet-henkilokunnalle\\\/#website\"},\"primaryImageOfPage\":{\"@id\":\"https:\\\/\\\/help.jamk.fi\\\/peppi-ohjeet-henkilokunnalle\\\/fi\\\/ristiinopiskeluun-liittyvat-ohjeistukset\\\/ristiinopiskelun-opettajan-ohjeet\\\/ristiinopiskelusuoritukset\\\/#primaryimage\"},\"image\":{\"@id\":\"https:\\\/\\\/help.jamk.fi\\\/peppi-ohjeet-henkilokunnalle\\\/fi\\\/ristiinopiskeluun-liittyvat-ohjeistukset\\\/ristiinopiskelun-opettajan-ohjeet\\\/ristiinopiskelusuoritukset\\\/#primaryimage\"},\"thumbnailUrl\":\"https:\\\/\\\/help.jamk.fi\\\/peppi-ohjeet-henkilokunnalle\\\/wp-content\\\/uploads\\\/sites\\\/131\\\/2024\\\/04\\\/Opettaja_suoritustieto.png\",\"datePublished\":\"2024-04-25T06:21:47+00:00\",\"dateModified\":\"2024-11-11T10:46:00+00:00\",\"breadcrumb\":{\"@id\":\"https:\\\/\\\/help.jamk.fi\\\/peppi-ohjeet-henkilokunnalle\\\/fi\\\/ristiinopiskeluun-liittyvat-ohjeistukset\\\/ristiinopiskelun-opettajan-ohjeet\\\/ristiinopiskelusuoritukset\\\/#breadcrumb\"},\"inLanguage\":\"fi\",\"potentialAction\":[{\"@type\":\"ReadAction\",\"target\":[\"https:\\\/\\\/help.jamk.fi\\\/peppi-ohjeet-henkilokunnalle\\\/fi\\\/ristiinopiskeluun-liittyvat-ohjeistukset\\\/ristiinopiskelun-opettajan-ohjeet\\\/ristiinopiskelusuoritukset\\\/\"]}]},{\"@type\":\"ImageObject\",\"inLanguage\":\"fi\",\"@id\":\"https:\\\/\\\/help.jamk.fi\\\/peppi-ohjeet-henkilokunnalle\\\/fi\\\/ristiinopiskeluun-liittyvat-ohjeistukset\\\/ristiinopiskelun-opettajan-ohjeet\\\/ristiinopiskelusuoritukset\\\/#primaryimage\",\"url\":\"https:\\\/\\\/help.jamk.fi\\\/peppi-ohjeet-henkilokunnalle\\\/wp-content\\\/uploads\\\/sites\\\/131\\\/2024\\\/04\\\/Opettaja_suoritustieto.png\",\"contentUrl\":\"https:\\\/\\\/help.jamk.fi\\\/peppi-ohjeet-henkilokunnalle\\\/wp-content\\\/uploads\\\/sites\\\/131\\\/2024\\\/04\\\/Opettaja_suoritustieto.png\",\"width\":708,\"height\":142,\"caption\":\"Kuvio 1. Kotikorkeakoulun tiedot opintosuoritukset-n\u00e4kym\u00e4ss\u00e4\"},{\"@type\":\"BreadcrumbList\",\"@id\":\"https:\\\/\\\/help.jamk.fi\\\/peppi-ohjeet-henkilokunnalle\\\/fi\\\/ristiinopiskeluun-liittyvat-ohjeistukset\\\/ristiinopiskelun-opettajan-ohjeet\\\/ristiinopiskelusuoritukset\\\/#breadcrumb\",\"itemListElement\":[{\"@type\":\"ListItem\",\"position\":1,\"name\":\"Home\",\"item\":\"https:\\\/\\\/help.jamk.fi\\\/peppi-ohjeet-henkilokunnalle\\\/en\\\/\"},{\"@type\":\"ListItem\",\"position\":2,\"name\":\"Ristiinopiskelu\",\"item\":\"https:\\\/\\\/help.jamk.fi\\\/peppi-ohjeet-henkilokunnalle\\\/fi\\\/ristiinopiskeluun-liittyvat-ohjeistukset\\\/\"},{\"@type\":\"ListItem\",\"position\":3,\"name\":\"Ristiinopiskelun opettajan ohjeet\",\"item\":\"https:\\\/\\\/help.jamk.fi\\\/peppi-ohjeet-henkilokunnalle\\\/fi\\\/ristiinopiskeluun-liittyvat-ohjeistukset\\\/ristiinopiskelun-opettajan-ohjeet\\\/\"},{\"@type\":\"ListItem\",\"position\":4,\"name\":\"Ristiinopiskelusuoritukset\"}]},{\"@type\":\"WebSite\",\"@id\":\"https:\\\/\\\/help.jamk.fi\\\/peppi-ohjeet-henkilokunnalle\\\/#website\",\"url\":\"https:\\\/\\\/help.jamk.fi\\\/peppi-ohjeet-henkilokunnalle\\\/\",\"name\":\"Peppi-ohjeet henkil\u00f6kunnalle\",\"description\":\"\",\"potentialAction\":[{\"@type\":\"SearchAction\",\"target\":{\"@type\":\"EntryPoint\",\"urlTemplate\":\"https:\\\/\\\/help.jamk.fi\\\/peppi-ohjeet-henkilokunnalle\\\/?s={search_term_string}\"},\"query-input\":{\"@type\":\"PropertyValueSpecification\",\"valueRequired\":true,\"valueName\":\"search_term_string\"}}],\"inLanguage\":\"fi\"}]}<\/script>\n<!-- \/ Yoast SEO plugin. -->","yoast_head_json":{"title":"Ristiinopiskelusuoritukset - Peppi-ohjeet henkil\u00f6kunnalle","robots":{"index":"index","follow":"follow","max-snippet":"max-snippet:-1","max-image-preview":"max-image-preview:large","max-video-preview":"max-video-preview:-1"},"canonical":"https:\/\/help.jamk.fi\/peppi-ohjeet-henkilokunnalle\/fi\/ristiinopiskeluun-liittyvat-ohjeistukset\/ristiinopiskelun-opettajan-ohjeet\/ristiinopiskelusuoritukset\/","og_locale":"fi_FI","og_type":"article","og_title":"Ristiinopiskelusuoritukset - Peppi-ohjeet henkil\u00f6kunnalle","og_description":"Ristiinopiskeluun liittyv\u00e4t suoritukset merkit\u00e4\u00e4n ikonilla kotikorkeakoulun seuraavissa n\u00e4kymiss\u00e4: Alla kuvassa esimerkki opiskelijan Opintosuoritukset -n\u00e4kym\u00e4st\u00e4. N\u00e4et mist\u00e4 korkeakoulusta suoritus on tullut viem\u00e4ll\u00e4 hiiren ikonin p\u00e4\u00e4lle (kuvio 1).","og_url":"https:\/\/help.jamk.fi\/peppi-ohjeet-henkilokunnalle\/fi\/ristiinopiskeluun-liittyvat-ohjeistukset\/ristiinopiskelun-opettajan-ohjeet\/ristiinopiskelusuoritukset\/","og_site_name":"Peppi-ohjeet henkil\u00f6kunnalle","article_modified_time":"2024-11-11T10:46:00+00:00","og_image":[{"url":"https:\/\/help.jamk.fi\/peppi-ohjeet-henkilokunnalle\/wp-content\/uploads\/sites\/131\/2024\/04\/Opettaja_suoritustieto.png","type":"","width":"","height":""}],"twitter_card":"summary_large_image","twitter_misc":{"Arvioitu lukuaika":"1 minuutti"},"schema":{"@context":"https:\/\/schema.org","@graph":[{"@type":"WebPage","@id":"https:\/\/help.jamk.fi\/peppi-ohjeet-henkilokunnalle\/fi\/ristiinopiskeluun-liittyvat-ohjeistukset\/ristiinopiskelun-opettajan-ohjeet\/ristiinopiskelusuoritukset\/","url":"https:\/\/help.jamk.fi\/peppi-ohjeet-henkilokunnalle\/fi\/ristiinopiskeluun-liittyvat-ohjeistukset\/ristiinopiskelun-opettajan-ohjeet\/ristiinopiskelusuoritukset\/","name":"Ristiinopiskelusuoritukset - Peppi-ohjeet henkil\u00f6kunnalle","isPartOf":{"@id":"https:\/\/help.jamk.fi\/peppi-ohjeet-henkilokunnalle\/#website"},"primaryImageOfPage":{"@id":"https:\/\/help.jamk.fi\/peppi-ohjeet-henkilokunnalle\/fi\/ristiinopiskeluun-liittyvat-ohjeistukset\/ristiinopiskelun-opettajan-ohjeet\/ristiinopiskelusuoritukset\/#primaryimage"},"image":{"@id":"https:\/\/help.jamk.fi\/peppi-ohjeet-henkilokunnalle\/fi\/ristiinopiskeluun-liittyvat-ohjeistukset\/ristiinopiskelun-opettajan-ohjeet\/ristiinopiskelusuoritukset\/#primaryimage"},"thumbnailUrl":"https:\/\/help.jamk.fi\/peppi-ohjeet-henkilokunnalle\/wp-content\/uploads\/sites\/131\/2024\/04\/Opettaja_suoritustieto.png","datePublished":"2024-04-25T06:21:47+00:00","dateModified":"2024-11-11T10:46:00+00:00","breadcrumb":{"@id":"https:\/\/help.jamk.fi\/peppi-ohjeet-henkilokunnalle\/fi\/ristiinopiskeluun-liittyvat-ohjeistukset\/ristiinopiskelun-opettajan-ohjeet\/ristiinopiskelusuoritukset\/#breadcrumb"},"inLanguage":"fi","potentialAction":[{"@type":"ReadAction","target":["https:\/\/help.jamk.fi\/peppi-ohjeet-henkilokunnalle\/fi\/ristiinopiskeluun-liittyvat-ohjeistukset\/ristiinopiskelun-opettajan-ohjeet\/ristiinopiskelusuoritukset\/"]}]},{"@type":"ImageObject","inLanguage":"fi","@id":"https:\/\/help.jamk.fi\/peppi-ohjeet-henkilokunnalle\/fi\/ristiinopiskeluun-liittyvat-ohjeistukset\/ristiinopiskelun-opettajan-ohjeet\/ristiinopiskelusuoritukset\/#primaryimage","url":"https:\/\/help.jamk.fi\/peppi-ohjeet-henkilokunnalle\/wp-content\/uploads\/sites\/131\/2024\/04\/Opettaja_suoritustieto.png","contentUrl":"https:\/\/help.jamk.fi\/peppi-ohjeet-henkilokunnalle\/wp-content\/uploads\/sites\/131\/2024\/04\/Opettaja_suoritustieto.png","width":708,"height":142,"caption":"Kuvio 1. Kotikorkeakoulun tiedot opintosuoritukset-n\u00e4kym\u00e4ss\u00e4"},{"@type":"BreadcrumbList","@id":"https:\/\/help.jamk.fi\/peppi-ohjeet-henkilokunnalle\/fi\/ristiinopiskeluun-liittyvat-ohjeistukset\/ristiinopiskelun-opettajan-ohjeet\/ristiinopiskelusuoritukset\/#breadcrumb","itemListElement":[{"@type":"ListItem","position":1,"name":"Home","item":"https:\/\/help.jamk.fi\/peppi-ohjeet-henkilokunnalle\/en\/"},{"@type":"ListItem","position":2,"name":"Ristiinopiskelu","item":"https:\/\/help.jamk.fi\/peppi-ohjeet-henkilokunnalle\/fi\/ristiinopiskeluun-liittyvat-ohjeistukset\/"},{"@type":"ListItem","position":3,"name":"Ristiinopiskelun opettajan ohjeet","item":"https:\/\/help.jamk.fi\/peppi-ohjeet-henkilokunnalle\/fi\/ristiinopiskeluun-liittyvat-ohjeistukset\/ristiinopiskelun-opettajan-ohjeet\/"},{"@type":"ListItem","position":4,"name":"Ristiinopiskelusuoritukset"}]},{"@type":"WebSite","@id":"https:\/\/help.jamk.fi\/peppi-ohjeet-henkilokunnalle\/#website","url":"https:\/\/help.jamk.fi\/peppi-ohjeet-henkilokunnalle\/","name":"Peppi-ohjeet henkil\u00f6kunnalle","description":"","potentialAction":[{"@type":"SearchAction","target":{"@type":"EntryPoint","urlTemplate":"https:\/\/help.jamk.fi\/peppi-ohjeet-henkilokunnalle\/?s={search_term_string}"},"query-input":{"@type":"PropertyValueSpecification","valueRequired":true,"valueName":"search_term_string"}}],"inLanguage":"fi"}]}},"_links":{"self":[{"href":"https:\/\/help.jamk.fi\/peppi-ohjeet-henkilokunnalle\/wp-json\/wp\/v2\/pages\/6645","targetHints":{"allow":["GET"]}}],"collection":[{"href":"https:\/\/help.jamk.fi\/peppi-ohjeet-henkilokunnalle\/wp-json\/wp\/v2\/pages"}],"about":[{"href":"https:\/\/help.jamk.fi\/peppi-ohjeet-henkilokunnalle\/wp-json\/wp\/v2\/types\/page"}],"author":[{"embeddable":true,"href":"https:\/\/help.jamk.fi\/peppi-ohjeet-henkilokunnalle\/wp-json\/wp\/v2\/users\/78"}],"replies":[{"embeddable":true,"href":"https:\/\/help.jamk.fi\/peppi-ohjeet-henkilokunnalle\/wp-json\/wp\/v2\/comments?post=6645"}],"version-history":[{"count":4,"href":"https:\/\/help.jamk.fi\/peppi-ohjeet-henkilokunnalle\/wp-json\/wp\/v2\/pages\/6645\/revisions"}],"predecessor-version":[{"id":7353,"href":"https:\/\/help.jamk.fi\/peppi-ohjeet-henkilokunnalle\/wp-json\/wp\/v2\/pages\/6645\/revisions\/7353"}],"up":[{"embeddable":true,"href":"https:\/\/help.jamk.fi\/peppi-ohjeet-henkilokunnalle\/wp-json\/wp\/v2\/pages\/6635"}],"wp:attachment":[{"href":"https:\/\/help.jamk.fi\/peppi-ohjeet-henkilokunnalle\/wp-json\/wp\/v2\/media?parent=6645"}],"wp:term":[{"taxonomy":"category","embeddable":true,"href":"https:\/\/help.jamk.fi\/peppi-ohjeet-henkilokunnalle\/wp-json\/wp\/v2\/categories?post=6645"},{"taxonomy":"post_tag","embeddable":true,"href":"https:\/\/help.jamk.fi\/peppi-ohjeet-henkilokunnalle\/wp-json\/wp\/v2\/tags?post=6645"}],"curies":[{"name":"wp","href":"https:\/\/api.w.org\/{rel}","templated":true}]}}