{"id":6649,"date":"2024-04-25T09:23:28","date_gmt":"2024-04-25T06:23:28","guid":{"rendered":"https:\/\/help.jamk.fi\/peppi-ohjeet-henkilokunnalle\/?page_id=6649"},"modified":"2024-11-11T12:53:02","modified_gmt":"2024-11-11T10:53:02","slug":"ristiinopiskelusuoritusten-arviointi","status":"publish","type":"page","link":"https:\/\/help.jamk.fi\/peppi-ohjeet-henkilokunnalle\/fi\/ristiinopiskeluun-liittyvat-ohjeistukset\/ristiinopiskelun-opettajan-ohjeet\/ristiinopiskelusuoritusten-arviointi\/","title":{"rendered":"Ristiinopiskelusuoritusten arviointi"},"content":{"rendered":"\n<p>Voit arvioida ristiinopiskelijoiden suoritukset ja muokata tai korjata niit\u00e4 toteutuksen arviointin\u00e4kymiss\u00e4 samoin kuin oman korkeakoulun opiskelijoiden suorituksia. Ristiinopiskelijan erottaa omasta ikonistaan (kuvio 1).<\/p>\n\n\n\n<figure class=\"wp-block-image size-full is-resized\"><img loading=\"lazy\" decoding=\"async\" width=\"569\" height=\"297\" src=\"https:\/\/help.jamk.fi\/peppi-ohjeet-henkilokunnalle\/wp-content\/uploads\/sites\/131\/2024\/04\/opettaja_opiskelijan_oj.png\" alt=\"\" class=\"wp-image-6590\" style=\"width:579px;height:auto\" srcset=\"https:\/\/help.jamk.fi\/peppi-ohjeet-henkilokunnalle\/wp-content\/uploads\/sites\/131\/2024\/04\/opettaja_opiskelijan_oj.png 569w, https:\/\/help.jamk.fi\/peppi-ohjeet-henkilokunnalle\/wp-content\/uploads\/sites\/131\/2024\/04\/opettaja_opiskelijan_oj-300x157.png 300w\" sizes=\"auto, (max-width: 569px) 100vw, 569px\" \/><figcaption class=\"wp-element-caption\">Kuvio 1. Toteutuksen arviointin\u00e4kym\u00e4ss\u00e4 ristiinopiskelijan tietoja osoittava symboli<\/figcaption><\/figure>\n\n\n\n<p>HOPSin kautta tai Opintojaksojen arviointi -n\u00e4kym\u00e4ss\u00e4 ristiinopiskelijoille ei voi antaa suorituksia.<\/p>\n\n\n\n<p>Voit muokata toteutuksilla annettuja suorituksia HOPS-n\u00e4kym\u00e4ss\u00e4 tai Opintosuoritukset-n\u00e4kym\u00e4ss\u00e4 vain, jos sinulla on &#8221;Saapuvien ristiinopiskelusuoritusten muokkaaminen&#8221;-oikeus.<\/p>\n\n\n\n<p>Arvioidut suoritukset ja niiden muokkaukset tai korjaukset siirtyv\u00e4t automaattisesti opiskelijan kotikorkeakouluun normaaleina suorituksina.<\/p>\n\n\n\n<p>Kohdekorkeakoulusta suoritukset siirtyv\u00e4t VIRTAan normaaleina ristiinopiskelijan suorituksina. Kotikorkeakoulusta ristiinopiskelusuoritukset siirtyv\u00e4t VIRTAan hyv\u00e4ksiluettuina suorituksina.<\/p>\n","protected":false},"excerpt":{"rendered":"<p>Voit arvioida ristiinopiskelijoiden suoritukset ja muokata tai korjata niit\u00e4 toteutuksen arviointin\u00e4kymiss\u00e4 samoin kuin oman korkeakoulun opiskelijoiden suorituksia. Ristiinopiskelijan erottaa omasta ikonistaan (kuvio 1). HOPSin kautta tai Opintojaksojen arviointi -n\u00e4kym\u00e4ss\u00e4 ristiinopiskelijoille ei voi antaa suorituksia. Voit muokata toteutuksilla annettuja suorituksia HOPS-n\u00e4kym\u00e4ss\u00e4 tai Opintosuoritukset-n\u00e4kym\u00e4ss\u00e4 vain, jos sinulla on &#8221;Saapuvien ristiinopiskelusuoritusten muokkaaminen&#8221;-oikeus. Arvioidut suoritukset ja niiden muokkaukset tai [&hellip;]<\/p>\n","protected":false},"author":78,"featured_media":0,"parent":6635,"menu_order":4,"comment_status":"closed","ping_status":"closed","template":"","meta":{"_acf_changed":false,"_relevanssi_hide_post":"","_relevanssi_hide_content":"","_relevanssi_pin_for_all":"","_relevanssi_pin_keywords":"","_relevanssi_unpin_keywords":"","_relevanssi_related_keywords":"","_relevanssi_related_include_ids":"","_relevanssi_related_exclude_ids":"","_relevanssi_related_no_append":"","_relevanssi_related_not_related":"","_relevanssi_related_posts":"","_relevanssi_noindex_reason":"","footnotes":""},"categories":[],"tags":[],"class_list":["post-6649","page","type-page","status-publish","hentry"],"acf":[],"yoast_head":"<!-- This site is optimized with the Yoast SEO plugin v27.4 - https:\/\/yoast.com\/product\/yoast-seo-wordpress\/ -->\n<title>Ristiinopiskelusuoritusten arviointi - Peppi-ohjeet henkil\u00f6kunnalle<\/title>\n<meta name=\"robots\" content=\"index, follow, max-snippet:-1, max-image-preview:large, max-video-preview:-1\" \/>\n<link rel=\"canonical\" href=\"https:\/\/help.jamk.fi\/peppi-ohjeet-henkilokunnalle\/fi\/ristiinopiskeluun-liittyvat-ohjeistukset\/ristiinopiskelun-opettajan-ohjeet\/ristiinopiskelusuoritusten-arviointi\/\" \/>\n<meta property=\"og:locale\" content=\"fi_FI\" \/>\n<meta property=\"og:type\" content=\"article\" \/>\n<meta property=\"og:title\" content=\"Ristiinopiskelusuoritusten arviointi - Peppi-ohjeet henkil\u00f6kunnalle\" \/>\n<meta property=\"og:description\" content=\"Voit arvioida ristiinopiskelijoiden suoritukset ja muokata tai korjata niit\u00e4 toteutuksen arviointin\u00e4kymiss\u00e4 samoin kuin oman korkeakoulun opiskelijoiden suorituksia. Ristiinopiskelijan erottaa omasta ikonistaan (kuvio 1). HOPSin kautta tai Opintojaksojen arviointi -n\u00e4kym\u00e4ss\u00e4 ristiinopiskelijoille ei voi antaa suorituksia. Voit muokata toteutuksilla annettuja suorituksia HOPS-n\u00e4kym\u00e4ss\u00e4 tai Opintosuoritukset-n\u00e4kym\u00e4ss\u00e4 vain, jos sinulla on &#8221;Saapuvien ristiinopiskelusuoritusten muokkaaminen&#8221;-oikeus. Arvioidut suoritukset ja niiden muokkaukset tai [&hellip;]\" \/>\n<meta property=\"og:url\" content=\"https:\/\/help.jamk.fi\/peppi-ohjeet-henkilokunnalle\/fi\/ristiinopiskeluun-liittyvat-ohjeistukset\/ristiinopiskelun-opettajan-ohjeet\/ristiinopiskelusuoritusten-arviointi\/\" \/>\n<meta property=\"og:site_name\" content=\"Peppi-ohjeet henkil\u00f6kunnalle\" \/>\n<meta property=\"article:modified_time\" content=\"2024-11-11T10:53:02+00:00\" \/>\n<meta property=\"og:image\" content=\"https:\/\/help.jamk.fi\/peppi-ohjeet-henkilokunnalle\/wp-content\/uploads\/sites\/131\/2024\/04\/opettaja_opiskelijan_oj.png\" \/>\n<meta name=\"twitter:card\" content=\"summary_large_image\" \/>\n<meta name=\"twitter:label1\" content=\"Arvioitu lukuaika\" \/>\n\t<meta name=\"twitter:data1\" content=\"1 minuutti\" \/>\n<script type=\"application\/ld+json\" class=\"yoast-schema-graph\">{\"@context\":\"https:\\\/\\\/schema.org\",\"@graph\":[{\"@type\":\"WebPage\",\"@id\":\"https:\\\/\\\/help.jamk.fi\\\/peppi-ohjeet-henkilokunnalle\\\/fi\\\/ristiinopiskeluun-liittyvat-ohjeistukset\\\/ristiinopiskelun-opettajan-ohjeet\\\/ristiinopiskelusuoritusten-arviointi\\\/\",\"url\":\"https:\\\/\\\/help.jamk.fi\\\/peppi-ohjeet-henkilokunnalle\\\/fi\\\/ristiinopiskeluun-liittyvat-ohjeistukset\\\/ristiinopiskelun-opettajan-ohjeet\\\/ristiinopiskelusuoritusten-arviointi\\\/\",\"name\":\"Ristiinopiskelusuoritusten arviointi - Peppi-ohjeet henkil\u00f6kunnalle\",\"isPartOf\":{\"@id\":\"https:\\\/\\\/help.jamk.fi\\\/peppi-ohjeet-henkilokunnalle\\\/#website\"},\"primaryImageOfPage\":{\"@id\":\"https:\\\/\\\/help.jamk.fi\\\/peppi-ohjeet-henkilokunnalle\\\/fi\\\/ristiinopiskeluun-liittyvat-ohjeistukset\\\/ristiinopiskelun-opettajan-ohjeet\\\/ristiinopiskelusuoritusten-arviointi\\\/#primaryimage\"},\"image\":{\"@id\":\"https:\\\/\\\/help.jamk.fi\\\/peppi-ohjeet-henkilokunnalle\\\/fi\\\/ristiinopiskeluun-liittyvat-ohjeistukset\\\/ristiinopiskelun-opettajan-ohjeet\\\/ristiinopiskelusuoritusten-arviointi\\\/#primaryimage\"},\"thumbnailUrl\":\"https:\\\/\\\/help.jamk.fi\\\/peppi-ohjeet-henkilokunnalle\\\/wp-content\\\/uploads\\\/sites\\\/131\\\/2024\\\/04\\\/opettaja_opiskelijan_oj.png\",\"datePublished\":\"2024-04-25T06:23:28+00:00\",\"dateModified\":\"2024-11-11T10:53:02+00:00\",\"breadcrumb\":{\"@id\":\"https:\\\/\\\/help.jamk.fi\\\/peppi-ohjeet-henkilokunnalle\\\/fi\\\/ristiinopiskeluun-liittyvat-ohjeistukset\\\/ristiinopiskelun-opettajan-ohjeet\\\/ristiinopiskelusuoritusten-arviointi\\\/#breadcrumb\"},\"inLanguage\":\"fi\",\"potentialAction\":[{\"@type\":\"ReadAction\",\"target\":[\"https:\\\/\\\/help.jamk.fi\\\/peppi-ohjeet-henkilokunnalle\\\/fi\\\/ristiinopiskeluun-liittyvat-ohjeistukset\\\/ristiinopiskelun-opettajan-ohjeet\\\/ristiinopiskelusuoritusten-arviointi\\\/\"]}]},{\"@type\":\"ImageObject\",\"inLanguage\":\"fi\",\"@id\":\"https:\\\/\\\/help.jamk.fi\\\/peppi-ohjeet-henkilokunnalle\\\/fi\\\/ristiinopiskeluun-liittyvat-ohjeistukset\\\/ristiinopiskelun-opettajan-ohjeet\\\/ristiinopiskelusuoritusten-arviointi\\\/#primaryimage\",\"url\":\"https:\\\/\\\/help.jamk.fi\\\/peppi-ohjeet-henkilokunnalle\\\/wp-content\\\/uploads\\\/sites\\\/131\\\/2024\\\/04\\\/opettaja_opiskelijan_oj.png\",\"contentUrl\":\"https:\\\/\\\/help.jamk.fi\\\/peppi-ohjeet-henkilokunnalle\\\/wp-content\\\/uploads\\\/sites\\\/131\\\/2024\\\/04\\\/opettaja_opiskelijan_oj.png\",\"width\":569,\"height\":297,\"caption\":\"Kuvio 2. Kotikorkeakoulun tiedot avattuna ilmoittautumisn\u00e4kym\u00e4ss\u00e4\"},{\"@type\":\"BreadcrumbList\",\"@id\":\"https:\\\/\\\/help.jamk.fi\\\/peppi-ohjeet-henkilokunnalle\\\/fi\\\/ristiinopiskeluun-liittyvat-ohjeistukset\\\/ristiinopiskelun-opettajan-ohjeet\\\/ristiinopiskelusuoritusten-arviointi\\\/#breadcrumb\",\"itemListElement\":[{\"@type\":\"ListItem\",\"position\":1,\"name\":\"Home\",\"item\":\"https:\\\/\\\/help.jamk.fi\\\/peppi-ohjeet-henkilokunnalle\\\/en\\\/\"},{\"@type\":\"ListItem\",\"position\":2,\"name\":\"Ristiinopiskelu\",\"item\":\"https:\\\/\\\/help.jamk.fi\\\/peppi-ohjeet-henkilokunnalle\\\/fi\\\/ristiinopiskeluun-liittyvat-ohjeistukset\\\/\"},{\"@type\":\"ListItem\",\"position\":3,\"name\":\"Ristiinopiskelun opettajan ohjeet\",\"item\":\"https:\\\/\\\/help.jamk.fi\\\/peppi-ohjeet-henkilokunnalle\\\/fi\\\/ristiinopiskeluun-liittyvat-ohjeistukset\\\/ristiinopiskelun-opettajan-ohjeet\\\/\"},{\"@type\":\"ListItem\",\"position\":4,\"name\":\"Ristiinopiskelusuoritusten arviointi\"}]},{\"@type\":\"WebSite\",\"@id\":\"https:\\\/\\\/help.jamk.fi\\\/peppi-ohjeet-henkilokunnalle\\\/#website\",\"url\":\"https:\\\/\\\/help.jamk.fi\\\/peppi-ohjeet-henkilokunnalle\\\/\",\"name\":\"Peppi-ohjeet henkil\u00f6kunnalle\",\"description\":\"\",\"potentialAction\":[{\"@type\":\"SearchAction\",\"target\":{\"@type\":\"EntryPoint\",\"urlTemplate\":\"https:\\\/\\\/help.jamk.fi\\\/peppi-ohjeet-henkilokunnalle\\\/?s={search_term_string}\"},\"query-input\":{\"@type\":\"PropertyValueSpecification\",\"valueRequired\":true,\"valueName\":\"search_term_string\"}}],\"inLanguage\":\"fi\"}]}<\/script>\n<!-- \/ Yoast SEO plugin. -->","yoast_head_json":{"title":"Ristiinopiskelusuoritusten arviointi - Peppi-ohjeet henkil\u00f6kunnalle","robots":{"index":"index","follow":"follow","max-snippet":"max-snippet:-1","max-image-preview":"max-image-preview:large","max-video-preview":"max-video-preview:-1"},"canonical":"https:\/\/help.jamk.fi\/peppi-ohjeet-henkilokunnalle\/fi\/ristiinopiskeluun-liittyvat-ohjeistukset\/ristiinopiskelun-opettajan-ohjeet\/ristiinopiskelusuoritusten-arviointi\/","og_locale":"fi_FI","og_type":"article","og_title":"Ristiinopiskelusuoritusten arviointi - Peppi-ohjeet henkil\u00f6kunnalle","og_description":"Voit arvioida ristiinopiskelijoiden suoritukset ja muokata tai korjata niit\u00e4 toteutuksen arviointin\u00e4kymiss\u00e4 samoin kuin oman korkeakoulun opiskelijoiden suorituksia. Ristiinopiskelijan erottaa omasta ikonistaan (kuvio 1). HOPSin kautta tai Opintojaksojen arviointi -n\u00e4kym\u00e4ss\u00e4 ristiinopiskelijoille ei voi antaa suorituksia. Voit muokata toteutuksilla annettuja suorituksia HOPS-n\u00e4kym\u00e4ss\u00e4 tai Opintosuoritukset-n\u00e4kym\u00e4ss\u00e4 vain, jos sinulla on &#8221;Saapuvien ristiinopiskelusuoritusten muokkaaminen&#8221;-oikeus. Arvioidut suoritukset ja niiden muokkaukset tai [&hellip;]","og_url":"https:\/\/help.jamk.fi\/peppi-ohjeet-henkilokunnalle\/fi\/ristiinopiskeluun-liittyvat-ohjeistukset\/ristiinopiskelun-opettajan-ohjeet\/ristiinopiskelusuoritusten-arviointi\/","og_site_name":"Peppi-ohjeet henkil\u00f6kunnalle","article_modified_time":"2024-11-11T10:53:02+00:00","og_image":[{"url":"https:\/\/help.jamk.fi\/peppi-ohjeet-henkilokunnalle\/wp-content\/uploads\/sites\/131\/2024\/04\/opettaja_opiskelijan_oj.png","type":"","width":"","height":""}],"twitter_card":"summary_large_image","twitter_misc":{"Arvioitu lukuaika":"1 minuutti"},"schema":{"@context":"https:\/\/schema.org","@graph":[{"@type":"WebPage","@id":"https:\/\/help.jamk.fi\/peppi-ohjeet-henkilokunnalle\/fi\/ristiinopiskeluun-liittyvat-ohjeistukset\/ristiinopiskelun-opettajan-ohjeet\/ristiinopiskelusuoritusten-arviointi\/","url":"https:\/\/help.jamk.fi\/peppi-ohjeet-henkilokunnalle\/fi\/ristiinopiskeluun-liittyvat-ohjeistukset\/ristiinopiskelun-opettajan-ohjeet\/ristiinopiskelusuoritusten-arviointi\/","name":"Ristiinopiskelusuoritusten arviointi - Peppi-ohjeet henkil\u00f6kunnalle","isPartOf":{"@id":"https:\/\/help.jamk.fi\/peppi-ohjeet-henkilokunnalle\/#website"},"primaryImageOfPage":{"@id":"https:\/\/help.jamk.fi\/peppi-ohjeet-henkilokunnalle\/fi\/ristiinopiskeluun-liittyvat-ohjeistukset\/ristiinopiskelun-opettajan-ohjeet\/ristiinopiskelusuoritusten-arviointi\/#primaryimage"},"image":{"@id":"https:\/\/help.jamk.fi\/peppi-ohjeet-henkilokunnalle\/fi\/ristiinopiskeluun-liittyvat-ohjeistukset\/ristiinopiskelun-opettajan-ohjeet\/ristiinopiskelusuoritusten-arviointi\/#primaryimage"},"thumbnailUrl":"https:\/\/help.jamk.fi\/peppi-ohjeet-henkilokunnalle\/wp-content\/uploads\/sites\/131\/2024\/04\/opettaja_opiskelijan_oj.png","datePublished":"2024-04-25T06:23:28+00:00","dateModified":"2024-11-11T10:53:02+00:00","breadcrumb":{"@id":"https:\/\/help.jamk.fi\/peppi-ohjeet-henkilokunnalle\/fi\/ristiinopiskeluun-liittyvat-ohjeistukset\/ristiinopiskelun-opettajan-ohjeet\/ristiinopiskelusuoritusten-arviointi\/#breadcrumb"},"inLanguage":"fi","potentialAction":[{"@type":"ReadAction","target":["https:\/\/help.jamk.fi\/peppi-ohjeet-henkilokunnalle\/fi\/ristiinopiskeluun-liittyvat-ohjeistukset\/ristiinopiskelun-opettajan-ohjeet\/ristiinopiskelusuoritusten-arviointi\/"]}]},{"@type":"ImageObject","inLanguage":"fi","@id":"https:\/\/help.jamk.fi\/peppi-ohjeet-henkilokunnalle\/fi\/ristiinopiskeluun-liittyvat-ohjeistukset\/ristiinopiskelun-opettajan-ohjeet\/ristiinopiskelusuoritusten-arviointi\/#primaryimage","url":"https:\/\/help.jamk.fi\/peppi-ohjeet-henkilokunnalle\/wp-content\/uploads\/sites\/131\/2024\/04\/opettaja_opiskelijan_oj.png","contentUrl":"https:\/\/help.jamk.fi\/peppi-ohjeet-henkilokunnalle\/wp-content\/uploads\/sites\/131\/2024\/04\/opettaja_opiskelijan_oj.png","width":569,"height":297,"caption":"Kuvio 2. Kotikorkeakoulun tiedot avattuna ilmoittautumisn\u00e4kym\u00e4ss\u00e4"},{"@type":"BreadcrumbList","@id":"https:\/\/help.jamk.fi\/peppi-ohjeet-henkilokunnalle\/fi\/ristiinopiskeluun-liittyvat-ohjeistukset\/ristiinopiskelun-opettajan-ohjeet\/ristiinopiskelusuoritusten-arviointi\/#breadcrumb","itemListElement":[{"@type":"ListItem","position":1,"name":"Home","item":"https:\/\/help.jamk.fi\/peppi-ohjeet-henkilokunnalle\/en\/"},{"@type":"ListItem","position":2,"name":"Ristiinopiskelu","item":"https:\/\/help.jamk.fi\/peppi-ohjeet-henkilokunnalle\/fi\/ristiinopiskeluun-liittyvat-ohjeistukset\/"},{"@type":"ListItem","position":3,"name":"Ristiinopiskelun opettajan ohjeet","item":"https:\/\/help.jamk.fi\/peppi-ohjeet-henkilokunnalle\/fi\/ristiinopiskeluun-liittyvat-ohjeistukset\/ristiinopiskelun-opettajan-ohjeet\/"},{"@type":"ListItem","position":4,"name":"Ristiinopiskelusuoritusten arviointi"}]},{"@type":"WebSite","@id":"https:\/\/help.jamk.fi\/peppi-ohjeet-henkilokunnalle\/#website","url":"https:\/\/help.jamk.fi\/peppi-ohjeet-henkilokunnalle\/","name":"Peppi-ohjeet henkil\u00f6kunnalle","description":"","potentialAction":[{"@type":"SearchAction","target":{"@type":"EntryPoint","urlTemplate":"https:\/\/help.jamk.fi\/peppi-ohjeet-henkilokunnalle\/?s={search_term_string}"},"query-input":{"@type":"PropertyValueSpecification","valueRequired":true,"valueName":"search_term_string"}}],"inLanguage":"fi"}]}},"_links":{"self":[{"href":"https:\/\/help.jamk.fi\/peppi-ohjeet-henkilokunnalle\/wp-json\/wp\/v2\/pages\/6649","targetHints":{"allow":["GET"]}}],"collection":[{"href":"https:\/\/help.jamk.fi\/peppi-ohjeet-henkilokunnalle\/wp-json\/wp\/v2\/pages"}],"about":[{"href":"https:\/\/help.jamk.fi\/peppi-ohjeet-henkilokunnalle\/wp-json\/wp\/v2\/types\/page"}],"author":[{"embeddable":true,"href":"https:\/\/help.jamk.fi\/peppi-ohjeet-henkilokunnalle\/wp-json\/wp\/v2\/users\/78"}],"replies":[{"embeddable":true,"href":"https:\/\/help.jamk.fi\/peppi-ohjeet-henkilokunnalle\/wp-json\/wp\/v2\/comments?post=6649"}],"version-history":[{"count":2,"href":"https:\/\/help.jamk.fi\/peppi-ohjeet-henkilokunnalle\/wp-json\/wp\/v2\/pages\/6649\/revisions"}],"predecessor-version":[{"id":7357,"href":"https:\/\/help.jamk.fi\/peppi-ohjeet-henkilokunnalle\/wp-json\/wp\/v2\/pages\/6649\/revisions\/7357"}],"up":[{"embeddable":true,"href":"https:\/\/help.jamk.fi\/peppi-ohjeet-henkilokunnalle\/wp-json\/wp\/v2\/pages\/6635"}],"wp:attachment":[{"href":"https:\/\/help.jamk.fi\/peppi-ohjeet-henkilokunnalle\/wp-json\/wp\/v2\/media?parent=6649"}],"wp:term":[{"taxonomy":"category","embeddable":true,"href":"https:\/\/help.jamk.fi\/peppi-ohjeet-henkilokunnalle\/wp-json\/wp\/v2\/categories?post=6649"},{"taxonomy":"post_tag","embeddable":true,"href":"https:\/\/help.jamk.fi\/peppi-ohjeet-henkilokunnalle\/wp-json\/wp\/v2\/tags?post=6649"}],"curies":[{"name":"wp","href":"https:\/\/api.w.org\/{rel}","templated":true}]}}