{"id":6725,"date":"2024-06-03T15:33:56","date_gmt":"2024-06-03T12:33:56","guid":{"rendered":"https:\/\/help.jamk.fi\/peppi-ohjeet-henkilokunnalle\/?page_id=6725"},"modified":"2025-06-24T10:30:40","modified_gmt":"2025-06-24T07:30:40","slug":"esiahothakemus","status":"publish","type":"page","link":"https:\/\/help.jamk.fi\/peppi-ohjeet-henkilokunnalle\/fi\/hyvaksilukeminen\/esiahothakemus\/","title":{"rendered":"Esiahothakemus"},"content":{"rendered":"\n<p>Esiahot tarkoittaa etuk\u00e4teen teht\u00e4v\u00e4\u00e4 hyv\u00e4ksilukua opinnoille, jotka aiotaan suorittaa toisessa oppilaitoksessa opintojen aikana.<\/p>\n\n\n\n<p><strong>Opiskelijan tulee tehd\u00e4 esiahothakemus vain, jos muualla suoritettavilla opinnoilla on tarkoitus korvata tutkinnon pakollisia opintojaksoja tai jos h\u00e4n aikoo suorittaa muita kuin korkeakouluopintoja (esim. Gradian opintoja).<\/strong><\/p>\n\n\n\n<p>Opiskelijan tulee hakea esiahot mahdollisimman aikaisessa vaiheessa. Huomioithan opintojakson ilmoittautumisajat hakemuksen k\u00e4sittelyss\u00e4.<\/p>\n\n\n\n<p>Saat s\u00e4hk\u00f6postiisi ilmoituksen uudesta esiahothakemuksesta, jonka opiskelija on sinulle l\u00e4hett\u00e4nyt.<\/p>\n\n\n\n<h2 class=\"wp-block-heading\">Hakemuksen k\u00e4sittely<\/h2>\n\n\n\n<p>Opintojakson vastuuopettaja k\u00e4sittelee esiahothakemukset.<\/p>\n\n\n\n<p>Kirjaudu Peppiin ja klikkaa opettajan ty\u00f6p\u00f6yd\u00e4ll\u00e4 <strong>Eahot-Hyv\u00e4ksilukeminen-valikon<\/strong> otsikkoa tai E-ikonia. Valitse <strong>K\u00e4sittelyss\u00e4si olevat esiahothakemukset<\/strong> -v\u00e4lilehti. T\u00e4\u00e4lt\u00e4 n\u00e4et kaikki sinulle tulleet esiahothakemukset.<\/p>\n\n\n\n<p>Valitse k\u00e4sitelt\u00e4v\u00e4lt\u00e4 hakemusrivilt\u00e4 <strong>Toiminnot<\/strong> &gt; <strong>K\u00e4sittele<\/strong> (kuvio 1).<\/p>\n\n\n\n<figure class=\"wp-block-image size-large\"><img loading=\"lazy\" decoding=\"async\" width=\"1024\" height=\"180\" src=\"https:\/\/help.jamk.fi\/peppi-ohjeet-henkilokunnalle\/wp-content\/uploads\/sites\/131\/2024\/06\/Esiahothakemuksen-avaaminen-1024x180.png\" alt=\"Esiahothakemuksen avaaminen\" class=\"wp-image-6727\" srcset=\"https:\/\/help.jamk.fi\/peppi-ohjeet-henkilokunnalle\/wp-content\/uploads\/sites\/131\/2024\/06\/Esiahothakemuksen-avaaminen-1024x180.png 1024w, https:\/\/help.jamk.fi\/peppi-ohjeet-henkilokunnalle\/wp-content\/uploads\/sites\/131\/2024\/06\/Esiahothakemuksen-avaaminen-300x53.png 300w, https:\/\/help.jamk.fi\/peppi-ohjeet-henkilokunnalle\/wp-content\/uploads\/sites\/131\/2024\/06\/Esiahothakemuksen-avaaminen-768x135.png 768w, https:\/\/help.jamk.fi\/peppi-ohjeet-henkilokunnalle\/wp-content\/uploads\/sites\/131\/2024\/06\/Esiahothakemuksen-avaaminen.png 1437w\" sizes=\"auto, (max-width: 1024px) 100vw, 1024px\" \/><figcaption class=\"wp-element-caption\">Kuvio 1. Esiahothakemuksen avaaminen<\/figcaption><\/figure>\n\n\n\n<p>Tutustu aina opiskelijan l\u00e4hett\u00e4m\u00e4\u00e4n hakemukseen huolellisesti. Katso my\u00f6s mahdolliset opiskelijan aiemmat hakemukset ja opintosuoritukset, jottei samaa osaamista hyv\u00e4ksilueta kahdesti.<\/p>\n\n\n\n<p>Jos n\u00e4ytt\u00e4\u00e4 silt\u00e4, ett\u00e4 opiskelijan tulisi viel\u00e4 t\u00e4ydent\u00e4\u00e4 tai korjata hakemustaan, l\u00e4het\u00e4 se h\u00e4nelle takaisin <strong>Palauta<\/strong>-v\u00e4lilehdelt\u00e4 (kuvio 2). Valitse \u201dOpiskelijalle muokattavaksi\u201d ja kirjoita Viesti-kentt\u00e4\u00e4n, mit\u00e4 odotat opiskelijan hakemukselle viel\u00e4 tekev\u00e4n. Klikkaa lopuksi <strong>Tallenna<\/strong>.<\/p>\n\n\n\n<figure class=\"wp-block-image size-full\"><img loading=\"lazy\" decoding=\"async\" width=\"774\" height=\"299\" src=\"https:\/\/help.jamk.fi\/peppi-ohjeet-henkilokunnalle\/wp-content\/uploads\/sites\/131\/2023\/04\/Hakemuksen-palauttaminen-opiskelijalle.png\" alt=\"\" class=\"wp-image-3714\"\/><figcaption class=\"wp-element-caption\">Kuvio 2. Hakemuksen palauttaminen opiskelijalle<\/figcaption><\/figure>\n\n\n\n<p>Voit siirt\u00e4\u00e4 hakemuksen toisen henkil\u00f6n k\u00e4sitelt\u00e4v\u00e4ksi, jos hakemuksen k\u00e4sittely ei kuulu sinulle. Tee se <strong>K\u00e4sittelyketju \/ siirto toiselle<\/strong> -v\u00e4lilehdelt\u00e4 (kuvio 3). Kirjoita Uusi k\u00e4sittelij\u00e4 -valikkoon henkil\u00f6, jolle hakemuksen haluat siirt\u00e4\u00e4 ja kirjoita h\u00e4nelle viesti. Klikkaa <strong>Tallenna<\/strong>.<\/p>\n\n\n\n<figure class=\"wp-block-image size-full\"><img loading=\"lazy\" decoding=\"async\" width=\"773\" height=\"334\" src=\"https:\/\/help.jamk.fi\/peppi-ohjeet-henkilokunnalle\/wp-content\/uploads\/sites\/131\/2023\/04\/Hakemuksen-siirtaminen-toiselle-kasittelijalle.png\" alt=\"\" class=\"wp-image-3715\"\/><figcaption class=\"wp-element-caption\">Kuvio 3. Hakemuksen siirt\u00e4minen toiselle k\u00e4sittelij\u00e4lle<\/figcaption><\/figure>\n\n\n\n<h2 class=\"wp-block-heading\">Sopimuksen laadinta<\/h2>\n\n\n\n<p>Esiahothakemuksen hyv\u00e4ksyminen vaatii sopimuksen tekemist\u00e4. <\/p>\n\n\n\n<p>Tee sopimus <strong>Sopimukset<\/strong>-v\u00e4lilehdelt\u00e4 ennen p\u00e4\u00e4t\u00f6ksentekoa. Kirjaa Uuden sopimuksen kuvaus -kentt\u00e4\u00e4n, mit\u00e4 olette opinnosta sopineet opiskelijan kanssa (kuvio 4). Klikkaa lopuksi <strong>Luo uusi<\/strong> -painiketta. Tarkista sopimuksen tiedot. T\u00e4ss\u00e4 n\u00e4kym\u00e4ss\u00e4 voit esim. jakaa sopimuksen tiedot jollekin muulle opettajalle lis\u00e4\u00e4m\u00e4ll\u00e4 henkil\u00f6n Muut opettajat -kentt\u00e4\u00e4n. Hyv\u00e4ksy sopimus klikkaamalla <strong>Tallenna<\/strong>. <\/p>\n\n\n\n<figure class=\"wp-block-image size-full\"><img loading=\"lazy\" decoding=\"async\" width=\"528\" height=\"258\" src=\"https:\/\/help.jamk.fi\/peppi-ohjeet-henkilokunnalle\/wp-content\/uploads\/sites\/131\/2024\/06\/Esiahothakemuksen-sopimus.png\" alt=\"Esiahothakemuksen sopimus\" class=\"wp-image-6729\" srcset=\"https:\/\/help.jamk.fi\/peppi-ohjeet-henkilokunnalle\/wp-content\/uploads\/sites\/131\/2024\/06\/Esiahothakemuksen-sopimus.png 528w, https:\/\/help.jamk.fi\/peppi-ohjeet-henkilokunnalle\/wp-content\/uploads\/sites\/131\/2024\/06\/Esiahothakemuksen-sopimus-300x147.png 300w\" sizes=\"auto, (max-width: 528px) 100vw, 528px\" \/><figcaption class=\"wp-element-caption\">Kuvio 4. Esiahothakemuksen sopimus<\/figcaption><\/figure>\n\n\n\n<h2 class=\"wp-block-heading\">P\u00e4\u00e4t\u00f6ksen tekeminen<\/h2>\n\n\n\n<p>Etene t\u00e4m\u00e4n j\u00e4lkeen hakemuksen k\u00e4sittelyyn kohdasta <strong>K\u00e4sittele<\/strong>. <\/p>\n\n\n\n<p>Valitse hakemuksen <strong>P\u00e4\u00e4t\u00f6s<\/strong> (Hyv\u00e4ksytty tai Hyl\u00e4tty). <\/p>\n\n\n\n<p>Kirjoita <strong>Viesti opiskelijalle<\/strong> -kentt\u00e4\u00e4n sama teksti kuin sopimuksen kuvaukseen kirjoitit. <\/p>\n\n\n\n<p>Jos p\u00e4\u00e4t\u00f6ksesi on Hyv\u00e4ksytty, merkitse <strong>hyv\u00e4ksytyt opintopisteet<\/strong>. <\/p>\n\n\n\n<p>Klikkaa <strong>Tallenna<\/strong> (kuvio 5).<\/p>\n\n\n\n<figure class=\"wp-block-image size-large\"><img loading=\"lazy\" decoding=\"async\" width=\"1024\" height=\"439\" src=\"https:\/\/help.jamk.fi\/peppi-ohjeet-henkilokunnalle\/wp-content\/uploads\/sites\/131\/2024\/06\/Esiahothakemuksen-paatoksen-kirjaaminen--1024x439.png\" alt=\"Esiahothakemuksen p\u00e4\u00e4t\u00f6ksen kirjaaminen\" class=\"wp-image-6730\" srcset=\"https:\/\/help.jamk.fi\/peppi-ohjeet-henkilokunnalle\/wp-content\/uploads\/sites\/131\/2024\/06\/Esiahothakemuksen-paatoksen-kirjaaminen--1024x439.png 1024w, https:\/\/help.jamk.fi\/peppi-ohjeet-henkilokunnalle\/wp-content\/uploads\/sites\/131\/2024\/06\/Esiahothakemuksen-paatoksen-kirjaaminen--300x129.png 300w, https:\/\/help.jamk.fi\/peppi-ohjeet-henkilokunnalle\/wp-content\/uploads\/sites\/131\/2024\/06\/Esiahothakemuksen-paatoksen-kirjaaminen--768x330.png 768w, https:\/\/help.jamk.fi\/peppi-ohjeet-henkilokunnalle\/wp-content\/uploads\/sites\/131\/2024\/06\/Esiahothakemuksen-paatoksen-kirjaaminen--1536x659.png 1536w, https:\/\/help.jamk.fi\/peppi-ohjeet-henkilokunnalle\/wp-content\/uploads\/sites\/131\/2024\/06\/Esiahothakemuksen-paatoksen-kirjaaminen-.png 1594w\" sizes=\"auto, (max-width: 1024px) 100vw, 1024px\" \/><figcaption class=\"wp-element-caption\">Kuvio 5. Esiahothakemuksen p\u00e4\u00e4t\u00f6ksen kirjaaminen<\/figcaption><\/figure>\n\n\n\n<h2 class=\"wp-block-heading\">Hakemuksen asiasanojen valitseminen<\/h2>\n\n\n\n<p>Esiahotk\u00e4sittely etenee seuraavaksi siten, ett\u00e4 valitset <strong>Hakemuksen asiasanat<\/strong> -ikkunassa ne asiasanat, jotka parhaiten kuvaavat hakemuksessa olevaa osaamista (kuvio 6). Voit valita useamman asiasanan. Voit my\u00f6s suodattaa asiasanalistaa kirjoittamalla Ohjauksen ala -kentt\u00e4\u00e4n ensin oman alasi, jolloin n\u00e4et vain oman alasi asiasanat. Huom. T\u00e4ll\u00f6in et voi l\u00f6yt\u00e4\u00e4 ns. yleisi\u00e4 asiasanoja. Asiasanat kerrytt\u00e4v\u00e4t hakemuksia hyv\u00e4ksilukupankkiin, josta voit halutessasi etsi\u00e4 jo tehtyj\u00e4 hyv\u00e4ksilukuja asiasanoilla. Siirry eteenp\u00e4in klikkaamalla <strong>Tallenna asiasanat ja p\u00e4\u00e4t\u00f6s<\/strong>.<\/p>\n\n\n\n<figure class=\"wp-block-image size-full\"><img loading=\"lazy\" decoding=\"async\" width=\"593\" height=\"490\" src=\"https:\/\/help.jamk.fi\/peppi-ohjeet-henkilokunnalle\/wp-content\/uploads\/sites\/131\/2023\/04\/AHOT-korvaaminen-5a.png\" alt=\"\" class=\"wp-image-3851\"\/><figcaption class=\"wp-element-caption\">Kuvio 6. Asiasanojen lis\u00e4\u00e4minen hakemukselle<\/figcaption><\/figure>\n\n\n\n<p>Hakemus on nyt k\u00e4sitelty ja opiskelija on saanut tiedon esiahotoinnin p\u00e4\u00e4t\u00f6ksest\u00e4.<\/p>\n","protected":false},"excerpt":{"rendered":"<p>Esiahot tarkoittaa etuk\u00e4teen teht\u00e4v\u00e4\u00e4 hyv\u00e4ksilukua opinnoille, jotka aiotaan suorittaa toisessa oppilaitoksessa opintojen aikana. Opiskelijan tulee tehd\u00e4 esiahothakemus vain, jos muualla suoritettavilla opinnoilla on tarkoitus korvata tutkinnon pakollisia opintojaksoja tai jos h\u00e4n aikoo suorittaa muita kuin korkeakouluopintoja (esim. Gradian opintoja). Opiskelijan tulee hakea esiahot mahdollisimman aikaisessa vaiheessa. Huomioithan opintojakson ilmoittautumisajat hakemuksen k\u00e4sittelyss\u00e4. Saat s\u00e4hk\u00f6postiisi ilmoituksen uudesta [&hellip;]<\/p>\n","protected":false},"author":79,"featured_media":0,"parent":4745,"menu_order":9,"comment_status":"closed","ping_status":"closed","template":"","meta":{"_acf_changed":false,"_relevanssi_hide_post":"","_relevanssi_hide_content":"","_relevanssi_pin_for_all":"","_relevanssi_pin_keywords":"","_relevanssi_unpin_keywords":"","_relevanssi_related_keywords":"","_relevanssi_related_include_ids":"","_relevanssi_related_exclude_ids":"","_relevanssi_related_no_append":"","_relevanssi_related_not_related":"","_relevanssi_related_posts":"","_relevanssi_noindex_reason":"","footnotes":""},"categories":[],"tags":[],"class_list":["post-6725","page","type-page","status-publish","hentry"],"acf":[],"yoast_head":"<!-- This site is optimized with the Yoast SEO plugin v27.4 - https:\/\/yoast.com\/product\/yoast-seo-wordpress\/ -->\n<title>Esiahothakemus - Peppi-ohjeet henkil\u00f6kunnalle<\/title>\n<meta name=\"robots\" content=\"index, follow, max-snippet:-1, max-image-preview:large, max-video-preview:-1\" \/>\n<link rel=\"canonical\" href=\"https:\/\/help.jamk.fi\/peppi-ohjeet-henkilokunnalle\/fi\/hyvaksilukeminen\/esiahothakemus\/\" \/>\n<meta property=\"og:locale\" content=\"fi_FI\" \/>\n<meta property=\"og:type\" content=\"article\" \/>\n<meta property=\"og:title\" content=\"Esiahothakemus - Peppi-ohjeet henkil\u00f6kunnalle\" \/>\n<meta property=\"og:description\" content=\"Esiahot tarkoittaa etuk\u00e4teen teht\u00e4v\u00e4\u00e4 hyv\u00e4ksilukua opinnoille, jotka aiotaan suorittaa toisessa oppilaitoksessa opintojen aikana. Opiskelijan tulee tehd\u00e4 esiahothakemus vain, jos muualla suoritettavilla opinnoilla on tarkoitus korvata tutkinnon pakollisia opintojaksoja tai jos h\u00e4n aikoo suorittaa muita kuin korkeakouluopintoja (esim. Gradian opintoja). Opiskelijan tulee hakea esiahot mahdollisimman aikaisessa vaiheessa. Huomioithan opintojakson ilmoittautumisajat hakemuksen k\u00e4sittelyss\u00e4. Saat s\u00e4hk\u00f6postiisi ilmoituksen uudesta [&hellip;]\" \/>\n<meta property=\"og:url\" content=\"https:\/\/help.jamk.fi\/peppi-ohjeet-henkilokunnalle\/fi\/hyvaksilukeminen\/esiahothakemus\/\" \/>\n<meta property=\"og:site_name\" content=\"Peppi-ohjeet henkil\u00f6kunnalle\" \/>\n<meta property=\"article:modified_time\" content=\"2025-06-24T07:30:40+00:00\" \/>\n<meta property=\"og:image\" content=\"https:\/\/help.jamk.fi\/peppi-ohjeet-henkilokunnalle\/wp-content\/uploads\/sites\/131\/2024\/06\/Esiahothakemuksen-avaaminen.png\" \/>\n\t<meta property=\"og:image:width\" content=\"1437\" \/>\n\t<meta property=\"og:image:height\" content=\"253\" \/>\n\t<meta property=\"og:image:type\" content=\"image\/png\" \/>\n<meta name=\"twitter:card\" content=\"summary_large_image\" \/>\n<meta name=\"twitter:label1\" content=\"Arvioitu lukuaika\" \/>\n\t<meta name=\"twitter:data1\" content=\"4 minuuttia\" \/>\n<script type=\"application\/ld+json\" class=\"yoast-schema-graph\">{\"@context\":\"https:\\\/\\\/schema.org\",\"@graph\":[{\"@type\":\"WebPage\",\"@id\":\"https:\\\/\\\/help.jamk.fi\\\/peppi-ohjeet-henkilokunnalle\\\/fi\\\/hyvaksilukeminen\\\/esiahothakemus\\\/\",\"url\":\"https:\\\/\\\/help.jamk.fi\\\/peppi-ohjeet-henkilokunnalle\\\/fi\\\/hyvaksilukeminen\\\/esiahothakemus\\\/\",\"name\":\"Esiahothakemus - Peppi-ohjeet henkil\u00f6kunnalle\",\"isPartOf\":{\"@id\":\"https:\\\/\\\/help.jamk.fi\\\/peppi-ohjeet-henkilokunnalle\\\/#website\"},\"primaryImageOfPage\":{\"@id\":\"https:\\\/\\\/help.jamk.fi\\\/peppi-ohjeet-henkilokunnalle\\\/fi\\\/hyvaksilukeminen\\\/esiahothakemus\\\/#primaryimage\"},\"image\":{\"@id\":\"https:\\\/\\\/help.jamk.fi\\\/peppi-ohjeet-henkilokunnalle\\\/fi\\\/hyvaksilukeminen\\\/esiahothakemus\\\/#primaryimage\"},\"thumbnailUrl\":\"https:\\\/\\\/help.jamk.fi\\\/peppi-ohjeet-henkilokunnalle\\\/wp-content\\\/uploads\\\/sites\\\/131\\\/2024\\\/06\\\/Esiahothakemuksen-avaaminen-1024x180.png\",\"datePublished\":\"2024-06-03T12:33:56+00:00\",\"dateModified\":\"2025-06-24T07:30:40+00:00\",\"breadcrumb\":{\"@id\":\"https:\\\/\\\/help.jamk.fi\\\/peppi-ohjeet-henkilokunnalle\\\/fi\\\/hyvaksilukeminen\\\/esiahothakemus\\\/#breadcrumb\"},\"inLanguage\":\"fi\",\"potentialAction\":[{\"@type\":\"ReadAction\",\"target\":[\"https:\\\/\\\/help.jamk.fi\\\/peppi-ohjeet-henkilokunnalle\\\/fi\\\/hyvaksilukeminen\\\/esiahothakemus\\\/\"]}]},{\"@type\":\"ImageObject\",\"inLanguage\":\"fi\",\"@id\":\"https:\\\/\\\/help.jamk.fi\\\/peppi-ohjeet-henkilokunnalle\\\/fi\\\/hyvaksilukeminen\\\/esiahothakemus\\\/#primaryimage\",\"url\":\"https:\\\/\\\/help.jamk.fi\\\/peppi-ohjeet-henkilokunnalle\\\/wp-content\\\/uploads\\\/sites\\\/131\\\/2024\\\/06\\\/Esiahothakemuksen-avaaminen.png\",\"contentUrl\":\"https:\\\/\\\/help.jamk.fi\\\/peppi-ohjeet-henkilokunnalle\\\/wp-content\\\/uploads\\\/sites\\\/131\\\/2024\\\/06\\\/Esiahothakemuksen-avaaminen.png\",\"width\":1437,\"height\":253,\"caption\":\"Kuvio 1. Esiahothakemuksen avaaminen\"},{\"@type\":\"BreadcrumbList\",\"@id\":\"https:\\\/\\\/help.jamk.fi\\\/peppi-ohjeet-henkilokunnalle\\\/fi\\\/hyvaksilukeminen\\\/esiahothakemus\\\/#breadcrumb\",\"itemListElement\":[{\"@type\":\"ListItem\",\"position\":1,\"name\":\"Home\",\"item\":\"https:\\\/\\\/help.jamk.fi\\\/peppi-ohjeet-henkilokunnalle\\\/en\\\/\"},{\"@type\":\"ListItem\",\"position\":2,\"name\":\"eAHOT &#8211; hyv\u00e4ksilukeminen\",\"item\":\"https:\\\/\\\/help.jamk.fi\\\/peppi-ohjeet-henkilokunnalle\\\/fi\\\/hyvaksilukeminen\\\/\"},{\"@type\":\"ListItem\",\"position\":3,\"name\":\"Esiahothakemus\"}]},{\"@type\":\"WebSite\",\"@id\":\"https:\\\/\\\/help.jamk.fi\\\/peppi-ohjeet-henkilokunnalle\\\/#website\",\"url\":\"https:\\\/\\\/help.jamk.fi\\\/peppi-ohjeet-henkilokunnalle\\\/\",\"name\":\"Peppi-ohjeet henkil\u00f6kunnalle\",\"description\":\"\",\"potentialAction\":[{\"@type\":\"SearchAction\",\"target\":{\"@type\":\"EntryPoint\",\"urlTemplate\":\"https:\\\/\\\/help.jamk.fi\\\/peppi-ohjeet-henkilokunnalle\\\/?s={search_term_string}\"},\"query-input\":{\"@type\":\"PropertyValueSpecification\",\"valueRequired\":true,\"valueName\":\"search_term_string\"}}],\"inLanguage\":\"fi\"}]}<\/script>\n<!-- \/ Yoast SEO plugin. -->","yoast_head_json":{"title":"Esiahothakemus - Peppi-ohjeet henkil\u00f6kunnalle","robots":{"index":"index","follow":"follow","max-snippet":"max-snippet:-1","max-image-preview":"max-image-preview:large","max-video-preview":"max-video-preview:-1"},"canonical":"https:\/\/help.jamk.fi\/peppi-ohjeet-henkilokunnalle\/fi\/hyvaksilukeminen\/esiahothakemus\/","og_locale":"fi_FI","og_type":"article","og_title":"Esiahothakemus - Peppi-ohjeet henkil\u00f6kunnalle","og_description":"Esiahot tarkoittaa etuk\u00e4teen teht\u00e4v\u00e4\u00e4 hyv\u00e4ksilukua opinnoille, jotka aiotaan suorittaa toisessa oppilaitoksessa opintojen aikana. Opiskelijan tulee tehd\u00e4 esiahothakemus vain, jos muualla suoritettavilla opinnoilla on tarkoitus korvata tutkinnon pakollisia opintojaksoja tai jos h\u00e4n aikoo suorittaa muita kuin korkeakouluopintoja (esim. Gradian opintoja). Opiskelijan tulee hakea esiahot mahdollisimman aikaisessa vaiheessa. Huomioithan opintojakson ilmoittautumisajat hakemuksen k\u00e4sittelyss\u00e4. Saat s\u00e4hk\u00f6postiisi ilmoituksen uudesta [&hellip;]","og_url":"https:\/\/help.jamk.fi\/peppi-ohjeet-henkilokunnalle\/fi\/hyvaksilukeminen\/esiahothakemus\/","og_site_name":"Peppi-ohjeet henkil\u00f6kunnalle","article_modified_time":"2025-06-24T07:30:40+00:00","og_image":[{"width":1437,"height":253,"url":"https:\/\/help.jamk.fi\/peppi-ohjeet-henkilokunnalle\/wp-content\/uploads\/sites\/131\/2024\/06\/Esiahothakemuksen-avaaminen.png","type":"image\/png"}],"twitter_card":"summary_large_image","twitter_misc":{"Arvioitu lukuaika":"4 minuuttia"},"schema":{"@context":"https:\/\/schema.org","@graph":[{"@type":"WebPage","@id":"https:\/\/help.jamk.fi\/peppi-ohjeet-henkilokunnalle\/fi\/hyvaksilukeminen\/esiahothakemus\/","url":"https:\/\/help.jamk.fi\/peppi-ohjeet-henkilokunnalle\/fi\/hyvaksilukeminen\/esiahothakemus\/","name":"Esiahothakemus - Peppi-ohjeet henkil\u00f6kunnalle","isPartOf":{"@id":"https:\/\/help.jamk.fi\/peppi-ohjeet-henkilokunnalle\/#website"},"primaryImageOfPage":{"@id":"https:\/\/help.jamk.fi\/peppi-ohjeet-henkilokunnalle\/fi\/hyvaksilukeminen\/esiahothakemus\/#primaryimage"},"image":{"@id":"https:\/\/help.jamk.fi\/peppi-ohjeet-henkilokunnalle\/fi\/hyvaksilukeminen\/esiahothakemus\/#primaryimage"},"thumbnailUrl":"https:\/\/help.jamk.fi\/peppi-ohjeet-henkilokunnalle\/wp-content\/uploads\/sites\/131\/2024\/06\/Esiahothakemuksen-avaaminen-1024x180.png","datePublished":"2024-06-03T12:33:56+00:00","dateModified":"2025-06-24T07:30:40+00:00","breadcrumb":{"@id":"https:\/\/help.jamk.fi\/peppi-ohjeet-henkilokunnalle\/fi\/hyvaksilukeminen\/esiahothakemus\/#breadcrumb"},"inLanguage":"fi","potentialAction":[{"@type":"ReadAction","target":["https:\/\/help.jamk.fi\/peppi-ohjeet-henkilokunnalle\/fi\/hyvaksilukeminen\/esiahothakemus\/"]}]},{"@type":"ImageObject","inLanguage":"fi","@id":"https:\/\/help.jamk.fi\/peppi-ohjeet-henkilokunnalle\/fi\/hyvaksilukeminen\/esiahothakemus\/#primaryimage","url":"https:\/\/help.jamk.fi\/peppi-ohjeet-henkilokunnalle\/wp-content\/uploads\/sites\/131\/2024\/06\/Esiahothakemuksen-avaaminen.png","contentUrl":"https:\/\/help.jamk.fi\/peppi-ohjeet-henkilokunnalle\/wp-content\/uploads\/sites\/131\/2024\/06\/Esiahothakemuksen-avaaminen.png","width":1437,"height":253,"caption":"Kuvio 1. Esiahothakemuksen avaaminen"},{"@type":"BreadcrumbList","@id":"https:\/\/help.jamk.fi\/peppi-ohjeet-henkilokunnalle\/fi\/hyvaksilukeminen\/esiahothakemus\/#breadcrumb","itemListElement":[{"@type":"ListItem","position":1,"name":"Home","item":"https:\/\/help.jamk.fi\/peppi-ohjeet-henkilokunnalle\/en\/"},{"@type":"ListItem","position":2,"name":"eAHOT &#8211; hyv\u00e4ksilukeminen","item":"https:\/\/help.jamk.fi\/peppi-ohjeet-henkilokunnalle\/fi\/hyvaksilukeminen\/"},{"@type":"ListItem","position":3,"name":"Esiahothakemus"}]},{"@type":"WebSite","@id":"https:\/\/help.jamk.fi\/peppi-ohjeet-henkilokunnalle\/#website","url":"https:\/\/help.jamk.fi\/peppi-ohjeet-henkilokunnalle\/","name":"Peppi-ohjeet henkil\u00f6kunnalle","description":"","potentialAction":[{"@type":"SearchAction","target":{"@type":"EntryPoint","urlTemplate":"https:\/\/help.jamk.fi\/peppi-ohjeet-henkilokunnalle\/?s={search_term_string}"},"query-input":{"@type":"PropertyValueSpecification","valueRequired":true,"valueName":"search_term_string"}}],"inLanguage":"fi"}]}},"_links":{"self":[{"href":"https:\/\/help.jamk.fi\/peppi-ohjeet-henkilokunnalle\/wp-json\/wp\/v2\/pages\/6725","targetHints":{"allow":["GET"]}}],"collection":[{"href":"https:\/\/help.jamk.fi\/peppi-ohjeet-henkilokunnalle\/wp-json\/wp\/v2\/pages"}],"about":[{"href":"https:\/\/help.jamk.fi\/peppi-ohjeet-henkilokunnalle\/wp-json\/wp\/v2\/types\/page"}],"author":[{"embeddable":true,"href":"https:\/\/help.jamk.fi\/peppi-ohjeet-henkilokunnalle\/wp-json\/wp\/v2\/users\/79"}],"replies":[{"embeddable":true,"href":"https:\/\/help.jamk.fi\/peppi-ohjeet-henkilokunnalle\/wp-json\/wp\/v2\/comments?post=6725"}],"version-history":[{"count":10,"href":"https:\/\/help.jamk.fi\/peppi-ohjeet-henkilokunnalle\/wp-json\/wp\/v2\/pages\/6725\/revisions"}],"predecessor-version":[{"id":7644,"href":"https:\/\/help.jamk.fi\/peppi-ohjeet-henkilokunnalle\/wp-json\/wp\/v2\/pages\/6725\/revisions\/7644"}],"up":[{"embeddable":true,"href":"https:\/\/help.jamk.fi\/peppi-ohjeet-henkilokunnalle\/wp-json\/wp\/v2\/pages\/4745"}],"wp:attachment":[{"href":"https:\/\/help.jamk.fi\/peppi-ohjeet-henkilokunnalle\/wp-json\/wp\/v2\/media?parent=6725"}],"wp:term":[{"taxonomy":"category","embeddable":true,"href":"https:\/\/help.jamk.fi\/peppi-ohjeet-henkilokunnalle\/wp-json\/wp\/v2\/categories?post=6725"},{"taxonomy":"post_tag","embeddable":true,"href":"https:\/\/help.jamk.fi\/peppi-ohjeet-henkilokunnalle\/wp-json\/wp\/v2\/tags?post=6725"}],"curies":[{"name":"wp","href":"https:\/\/api.w.org\/{rel}","templated":true}]}}