{"id":6733,"date":"2024-06-04T12:14:46","date_gmt":"2024-06-04T09:14:46","guid":{"rendered":"https:\/\/help.jamk.fi\/peppi-ohjeet-henkilokunnalle\/?page_id=6733"},"modified":"2025-06-24T10:30:10","modified_gmt":"2025-06-24T07:30:10","slug":"application-for-pre-accreditation","status":"publish","type":"page","link":"https:\/\/help.jamk.fi\/peppi-ohjeet-henkilokunnalle\/en\/erpl-accreditation\/application-for-pre-accreditation\/","title":{"rendered":"Application for pre-accreditation"},"content":{"rendered":"\n<p>Pre-accreditation means an preliminary approval for studies that are planned to be completed at another educational institution during the studies.<\/p>\n\n\n\n<p><strong>An application for pre-accreditation is only made if the studies carried out elsewhere are intended to replace the mandatory courses of your degree or if you intend to complete studies other than higher education (e.g. Gradia studies).<\/strong><\/p>\n\n\n\n<p>The student must apply for the application for pre-accreditation as early as possible. Please note the enrolment times for the course when processing the application.<\/p>\n\n\n\n<p>You will receive a notification in your e-mail about a new application for pre-accreditation that the student has sent you.<\/p>\n\n\n\n<h2 class=\"wp-block-heading\">Application processing<\/h2>\n\n\n\n<p>The teacher in charge of the course processes the applications for pre-accreditation.<\/p>\n\n\n\n<p>Log in to Peppi and click on the <strong>Recognition of prior learning<\/strong> menu title or the E-icon on the teacher&#8217;s desktop. Select the <strong>Your ongoing applications for pre-accreditation<\/strong> under processing tab. Here you can see all the applications for pre-accreditation you have received.<\/p>\n\n\n\n<p>From the application line to be processed, select <strong>Actions <\/strong>&gt; <strong>Process<\/strong> (Figure 1).<\/p>\n\n\n\n<figure class=\"wp-block-image size-full\"><img loading=\"lazy\" decoding=\"async\" width=\"1897\" height=\"311\" src=\"https:\/\/help.jamk.fi\/peppi-ohjeet-henkilokunnalle\/wp-content\/uploads\/sites\/131\/2024\/06\/Esiahothakemuksen-avaaminen-EN.png\" alt=\"Opening the application\" class=\"wp-image-6739\" srcset=\"https:\/\/help.jamk.fi\/peppi-ohjeet-henkilokunnalle\/wp-content\/uploads\/sites\/131\/2024\/06\/Esiahothakemuksen-avaaminen-EN.png 1897w, https:\/\/help.jamk.fi\/peppi-ohjeet-henkilokunnalle\/wp-content\/uploads\/sites\/131\/2024\/06\/Esiahothakemuksen-avaaminen-EN-300x49.png 300w, https:\/\/help.jamk.fi\/peppi-ohjeet-henkilokunnalle\/wp-content\/uploads\/sites\/131\/2024\/06\/Esiahothakemuksen-avaaminen-EN-1024x168.png 1024w, https:\/\/help.jamk.fi\/peppi-ohjeet-henkilokunnalle\/wp-content\/uploads\/sites\/131\/2024\/06\/Esiahothakemuksen-avaaminen-EN-768x126.png 768w, https:\/\/help.jamk.fi\/peppi-ohjeet-henkilokunnalle\/wp-content\/uploads\/sites\/131\/2024\/06\/Esiahothakemuksen-avaaminen-EN-1536x252.png 1536w\" sizes=\"auto, (max-width: 1897px) 100vw, 1897px\" \/><figcaption class=\"wp-element-caption\">Figure 1. Opening the application for pre-accreditation<\/figcaption><\/figure>\n\n\n\n<p>Always read the application submitted by the student carefully. Also check any previous applications and the completed studies of the student so that the same competence is not accredited twice.<\/p>\n\n\n\n<p>If it seems that the student should still complete or correct their application, send it back from the \u2018<strong>Return<\/strong>\u2019 tab (figure 2). Select \u2018Student for editing\u2019 and enter what you expect the student to do with the application in the Message field. Finally, click \u2018<strong>Save<\/strong>\u2019.<\/p>\n\n\n\n<figure class=\"wp-block-image size-full\"><img loading=\"lazy\" decoding=\"async\" width=\"750\" height=\"279\" src=\"https:\/\/help.jamk.fi\/peppi-ohjeet-henkilokunnalle\/wp-content\/uploads\/sites\/131\/2023\/04\/Hakemuksen-palauttaminen-opiskelijalle-1.png\" alt=\"\" class=\"wp-image-3997\"\/><figcaption class=\"wp-element-caption\">Figure 2. Returning the application to the student<\/figcaption><\/figure>\n\n\n\n<p>You can transfer the application to another person for processing if you are not responsible for processing the application. Do this from the <strong>Workflow\/transfer to<\/strong> -tab (Figure 3). In the \u2018Select new handler\u2019 drop-down menu, type the person to whom you want to transfer the application and write a message to them. Click \u2018<strong>Save<\/strong>\u2019.<\/p>\n\n\n\n<figure class=\"wp-block-image size-full\"><img loading=\"lazy\" decoding=\"async\" width=\"516\" height=\"327\" src=\"https:\/\/help.jamk.fi\/peppi-ohjeet-henkilokunnalle\/wp-content\/uploads\/sites\/131\/2023\/04\/Hakemuksen-valittaminen-toiselle-kasittelijalle.png\" alt=\"\" class=\"wp-image-4001\"\/><figcaption class=\"wp-element-caption\">Figure 3. Transfer of the application to another processor<\/figcaption><\/figure>\n\n\n\n<h2 class=\"wp-block-heading\">Drafting of the agreement<\/h2>\n\n\n\n<p>The application for pre-accreditation requires an agreement to be drawn up.<\/p>\n\n\n\n<p>The agreement is made on the <strong>Agreements<\/strong> tab of the processing of the application before the decision is made. Enter what you have agreed with the student about the study in the \u2018Description of new agreement\u2019 field (Figure 4). Finally, click \u2018<strong>Add new agreement<\/strong>\u2019. Check the information on the agreement. In this section, you can, for example, share the information on the agreement with another teacher by adding them in the \u2018Other teachers\u2019 field. Click \u2018<strong>Save<\/strong>\u2019 to approve the agreement.<\/p>\n\n\n\n<figure class=\"wp-block-image size-full\"><img loading=\"lazy\" decoding=\"async\" width=\"548\" height=\"257\" src=\"https:\/\/help.jamk.fi\/peppi-ohjeet-henkilokunnalle\/wp-content\/uploads\/sites\/131\/2024\/06\/Esiahothakemuksen-sopimus-EN.png\" alt=\"Agreement of the pre-accreditation\" class=\"wp-image-6740\" srcset=\"https:\/\/help.jamk.fi\/peppi-ohjeet-henkilokunnalle\/wp-content\/uploads\/sites\/131\/2024\/06\/Esiahothakemuksen-sopimus-EN.png 548w, https:\/\/help.jamk.fi\/peppi-ohjeet-henkilokunnalle\/wp-content\/uploads\/sites\/131\/2024\/06\/Esiahothakemuksen-sopimus-EN-300x141.png 300w\" sizes=\"auto, (max-width: 548px) 100vw, 548px\" \/><figcaption class=\"wp-element-caption\">Figure 4. Agreement of the pre-accreditation<\/figcaption><\/figure>\n\n\n\n<h2 class=\"wp-block-heading\">Making a decision<\/h2>\n\n\n\n<p>After this, go to the processing of the application from the section <strong>Process<\/strong>.<\/p>\n\n\n\n<p>Select the <strong>Decision<\/strong> of the application (Approved or Rejected). <\/p>\n\n\n\n<p>Write the same text in the <strong>Message for the student<\/strong> field as you wrote in the Description of new agreement field. <\/p>\n\n\n\n<p>If your decision is Approved, mark the <strong>approved credits<\/strong>. <\/p>\n\n\n\n<p>Click <strong>Save<\/strong> (Figure 5).<\/p>\n\n\n\n<figure class=\"wp-block-image size-full\"><img loading=\"lazy\" decoding=\"async\" width=\"513\" height=\"417\" src=\"https:\/\/help.jamk.fi\/peppi-ohjeet-henkilokunnalle\/wp-content\/uploads\/sites\/131\/2024\/06\/Esiahothakemuksen-paatoksen-kirjaaminen-EN-.png\" alt=\"Recording the decision on the pre-accreditation application\" class=\"wp-image-6741\" srcset=\"https:\/\/help.jamk.fi\/peppi-ohjeet-henkilokunnalle\/wp-content\/uploads\/sites\/131\/2024\/06\/Esiahothakemuksen-paatoksen-kirjaaminen-EN-.png 513w, https:\/\/help.jamk.fi\/peppi-ohjeet-henkilokunnalle\/wp-content\/uploads\/sites\/131\/2024\/06\/Esiahothakemuksen-paatoksen-kirjaaminen-EN--300x244.png 300w\" sizes=\"auto, (max-width: 513px) 100vw, 513px\" \/><figcaption class=\"wp-element-caption\">Figure 5. Recording the decision on the pre-accreditation application<\/figcaption><\/figure>\n\n\n\n<h2 class=\"wp-block-heading\">Choosing the application keywords<\/h2>\n\n\n\n<p>The next step in pre-accreditation is to select the keywords that best describe the competence in the application from the \u2018<strong>Hakemuksen asiasanat<\/strong>\u2019 window (Figure 6). Note: The window is only in Finnish. You can select more than one keyword. You can also filter the keyword list by first typing your field of study in the \u2018Ohjauksen ala\u2019 field to see only the keywords related to your field. Note: In this case, you cannot find so-called general keywords. Keywords gather applications in an accreditation bank, where you can search for accreditations already made using keywords. Click \u2018<strong>Tallenna asiasanat ja p\u00e4\u00e4t\u00f6s<\/strong>\u2019 to move forward.<\/p>\n\n\n\n<figure class=\"wp-block-image size-full\"><img loading=\"lazy\" decoding=\"async\" width=\"593\" height=\"490\" src=\"https:\/\/help.jamk.fi\/peppi-ohjeet-henkilokunnalle\/wp-content\/uploads\/sites\/131\/2023\/04\/AHOT-korvaaminen-5a.png\" alt=\"\" class=\"wp-image-3851\"\/><figcaption class=\"wp-element-caption\">Figure 6. Adding keyword to the application<\/figcaption><\/figure>\n\n\n\n<p>The application has now been processed and the student has received information about the decision on the pre-accreditation.<\/p>\n","protected":false},"excerpt":{"rendered":"<p>Pre-accreditation means an preliminary approval for studies that are planned to be completed at another educational institution during the studies. An application for pre-accreditation is only made if the studies carried out elsewhere are intended to replace the mandatory courses of your degree or if you intend to complete studies other than higher education (e.g. [&hellip;]<\/p>\n","protected":false},"author":79,"featured_media":0,"parent":4754,"menu_order":9,"comment_status":"closed","ping_status":"closed","template":"","meta":{"_acf_changed":false,"_relevanssi_hide_post":"","_relevanssi_hide_content":"","_relevanssi_pin_for_all":"","_relevanssi_pin_keywords":"","_relevanssi_unpin_keywords":"","_relevanssi_related_keywords":"","_relevanssi_related_include_ids":"","_relevanssi_related_exclude_ids":"","_relevanssi_related_no_append":"","_relevanssi_related_not_related":"","_relevanssi_related_posts":"","_relevanssi_noindex_reason":"","footnotes":""},"categories":[],"tags":[],"class_list":["post-6733","page","type-page","status-publish","hentry"],"acf":[],"yoast_head":"<!-- This site is optimized with the Yoast SEO plugin v27.3 - https:\/\/yoast.com\/product\/yoast-seo-wordpress\/ -->\n<title>Application for pre-accreditation - Peppi-ohjeet henkil\u00f6kunnalle<\/title>\n<meta name=\"robots\" content=\"index, follow, max-snippet:-1, max-image-preview:large, max-video-preview:-1\" \/>\n<link rel=\"canonical\" href=\"https:\/\/help.jamk.fi\/peppi-ohjeet-henkilokunnalle\/en\/erpl-accreditation\/application-for-pre-accreditation\/\" \/>\n<meta property=\"og:locale\" content=\"fi_FI\" \/>\n<meta property=\"og:type\" content=\"article\" \/>\n<meta property=\"og:title\" content=\"Application for pre-accreditation - Peppi-ohjeet henkil\u00f6kunnalle\" \/>\n<meta property=\"og:description\" content=\"Pre-accreditation means an preliminary approval for studies that are planned to be completed at another educational institution during the studies. An application for pre-accreditation is only made if the studies carried out elsewhere are intended to replace the mandatory courses of your degree or if you intend to complete studies other than higher education (e.g. [&hellip;]\" \/>\n<meta property=\"og:url\" content=\"https:\/\/help.jamk.fi\/peppi-ohjeet-henkilokunnalle\/en\/erpl-accreditation\/application-for-pre-accreditation\/\" \/>\n<meta property=\"og:site_name\" content=\"Peppi-ohjeet henkil\u00f6kunnalle\" \/>\n<meta property=\"article:modified_time\" content=\"2025-06-24T07:30:10+00:00\" \/>\n<meta property=\"og:image\" content=\"https:\/\/help.jamk.fi\/peppi-ohjeet-henkilokunnalle\/wp-content\/uploads\/sites\/131\/2024\/06\/Esiahothakemuksen-avaaminen-EN.png\" \/>\n\t<meta property=\"og:image:width\" content=\"1897\" \/>\n\t<meta property=\"og:image:height\" content=\"311\" \/>\n\t<meta property=\"og:image:type\" content=\"image\/png\" \/>\n<meta name=\"twitter:card\" content=\"summary_large_image\" \/>\n<meta name=\"twitter:label1\" content=\"Arvioitu lukuaika\" \/>\n\t<meta name=\"twitter:data1\" content=\"6 minuuttia\" \/>\n<script type=\"application\/ld+json\" class=\"yoast-schema-graph\">{\"@context\":\"https:\\\/\\\/schema.org\",\"@graph\":[{\"@type\":\"WebPage\",\"@id\":\"https:\\\/\\\/help.jamk.fi\\\/peppi-ohjeet-henkilokunnalle\\\/en\\\/erpl-accreditation\\\/application-for-pre-accreditation\\\/\",\"url\":\"https:\\\/\\\/help.jamk.fi\\\/peppi-ohjeet-henkilokunnalle\\\/en\\\/erpl-accreditation\\\/application-for-pre-accreditation\\\/\",\"name\":\"Application for pre-accreditation - Peppi-ohjeet henkil\u00f6kunnalle\",\"isPartOf\":{\"@id\":\"https:\\\/\\\/help.jamk.fi\\\/peppi-ohjeet-henkilokunnalle\\\/#website\"},\"primaryImageOfPage\":{\"@id\":\"https:\\\/\\\/help.jamk.fi\\\/peppi-ohjeet-henkilokunnalle\\\/en\\\/erpl-accreditation\\\/application-for-pre-accreditation\\\/#primaryimage\"},\"image\":{\"@id\":\"https:\\\/\\\/help.jamk.fi\\\/peppi-ohjeet-henkilokunnalle\\\/en\\\/erpl-accreditation\\\/application-for-pre-accreditation\\\/#primaryimage\"},\"thumbnailUrl\":\"https:\\\/\\\/help.jamk.fi\\\/peppi-ohjeet-henkilokunnalle\\\/wp-content\\\/uploads\\\/sites\\\/131\\\/2024\\\/06\\\/Esiahothakemuksen-avaaminen-EN.png\",\"datePublished\":\"2024-06-04T09:14:46+00:00\",\"dateModified\":\"2025-06-24T07:30:10+00:00\",\"breadcrumb\":{\"@id\":\"https:\\\/\\\/help.jamk.fi\\\/peppi-ohjeet-henkilokunnalle\\\/en\\\/erpl-accreditation\\\/application-for-pre-accreditation\\\/#breadcrumb\"},\"inLanguage\":\"fi\",\"potentialAction\":[{\"@type\":\"ReadAction\",\"target\":[\"https:\\\/\\\/help.jamk.fi\\\/peppi-ohjeet-henkilokunnalle\\\/en\\\/erpl-accreditation\\\/application-for-pre-accreditation\\\/\"]}]},{\"@type\":\"ImageObject\",\"inLanguage\":\"fi\",\"@id\":\"https:\\\/\\\/help.jamk.fi\\\/peppi-ohjeet-henkilokunnalle\\\/en\\\/erpl-accreditation\\\/application-for-pre-accreditation\\\/#primaryimage\",\"url\":\"https:\\\/\\\/help.jamk.fi\\\/peppi-ohjeet-henkilokunnalle\\\/wp-content\\\/uploads\\\/sites\\\/131\\\/2024\\\/06\\\/Esiahothakemuksen-avaaminen-EN.png\",\"contentUrl\":\"https:\\\/\\\/help.jamk.fi\\\/peppi-ohjeet-henkilokunnalle\\\/wp-content\\\/uploads\\\/sites\\\/131\\\/2024\\\/06\\\/Esiahothakemuksen-avaaminen-EN.png\",\"width\":1897,\"height\":311,\"caption\":\"Opening the application for pre-accreditation\"},{\"@type\":\"BreadcrumbList\",\"@id\":\"https:\\\/\\\/help.jamk.fi\\\/peppi-ohjeet-henkilokunnalle\\\/en\\\/erpl-accreditation\\\/application-for-pre-accreditation\\\/#breadcrumb\",\"itemListElement\":[{\"@type\":\"ListItem\",\"position\":1,\"name\":\"Home\",\"item\":\"https:\\\/\\\/help.jamk.fi\\\/peppi-ohjeet-henkilokunnalle\\\/en\\\/\"},{\"@type\":\"ListItem\",\"position\":2,\"name\":\"eRPL &#8211; Accreditation\",\"item\":\"https:\\\/\\\/help.jamk.fi\\\/peppi-ohjeet-henkilokunnalle\\\/en\\\/erpl-accreditation\\\/\"},{\"@type\":\"ListItem\",\"position\":3,\"name\":\"Application for pre-accreditation\"}]},{\"@type\":\"WebSite\",\"@id\":\"https:\\\/\\\/help.jamk.fi\\\/peppi-ohjeet-henkilokunnalle\\\/#website\",\"url\":\"https:\\\/\\\/help.jamk.fi\\\/peppi-ohjeet-henkilokunnalle\\\/\",\"name\":\"Peppi-ohjeet henkil\u00f6kunnalle\",\"description\":\"\",\"potentialAction\":[{\"@type\":\"SearchAction\",\"target\":{\"@type\":\"EntryPoint\",\"urlTemplate\":\"https:\\\/\\\/help.jamk.fi\\\/peppi-ohjeet-henkilokunnalle\\\/?s={search_term_string}\"},\"query-input\":{\"@type\":\"PropertyValueSpecification\",\"valueRequired\":true,\"valueName\":\"search_term_string\"}}],\"inLanguage\":\"fi\"}]}<\/script>\n<!-- \/ Yoast SEO plugin. -->","yoast_head_json":{"title":"Application for pre-accreditation - Peppi-ohjeet henkil\u00f6kunnalle","robots":{"index":"index","follow":"follow","max-snippet":"max-snippet:-1","max-image-preview":"max-image-preview:large","max-video-preview":"max-video-preview:-1"},"canonical":"https:\/\/help.jamk.fi\/peppi-ohjeet-henkilokunnalle\/en\/erpl-accreditation\/application-for-pre-accreditation\/","og_locale":"fi_FI","og_type":"article","og_title":"Application for pre-accreditation - Peppi-ohjeet henkil\u00f6kunnalle","og_description":"Pre-accreditation means an preliminary approval for studies that are planned to be completed at another educational institution during the studies. An application for pre-accreditation is only made if the studies carried out elsewhere are intended to replace the mandatory courses of your degree or if you intend to complete studies other than higher education (e.g. [&hellip;]","og_url":"https:\/\/help.jamk.fi\/peppi-ohjeet-henkilokunnalle\/en\/erpl-accreditation\/application-for-pre-accreditation\/","og_site_name":"Peppi-ohjeet henkil\u00f6kunnalle","article_modified_time":"2025-06-24T07:30:10+00:00","og_image":[{"width":1897,"height":311,"url":"https:\/\/help.jamk.fi\/peppi-ohjeet-henkilokunnalle\/wp-content\/uploads\/sites\/131\/2024\/06\/Esiahothakemuksen-avaaminen-EN.png","type":"image\/png"}],"twitter_card":"summary_large_image","twitter_misc":{"Arvioitu lukuaika":"6 minuuttia"},"schema":{"@context":"https:\/\/schema.org","@graph":[{"@type":"WebPage","@id":"https:\/\/help.jamk.fi\/peppi-ohjeet-henkilokunnalle\/en\/erpl-accreditation\/application-for-pre-accreditation\/","url":"https:\/\/help.jamk.fi\/peppi-ohjeet-henkilokunnalle\/en\/erpl-accreditation\/application-for-pre-accreditation\/","name":"Application for pre-accreditation - Peppi-ohjeet henkil\u00f6kunnalle","isPartOf":{"@id":"https:\/\/help.jamk.fi\/peppi-ohjeet-henkilokunnalle\/#website"},"primaryImageOfPage":{"@id":"https:\/\/help.jamk.fi\/peppi-ohjeet-henkilokunnalle\/en\/erpl-accreditation\/application-for-pre-accreditation\/#primaryimage"},"image":{"@id":"https:\/\/help.jamk.fi\/peppi-ohjeet-henkilokunnalle\/en\/erpl-accreditation\/application-for-pre-accreditation\/#primaryimage"},"thumbnailUrl":"https:\/\/help.jamk.fi\/peppi-ohjeet-henkilokunnalle\/wp-content\/uploads\/sites\/131\/2024\/06\/Esiahothakemuksen-avaaminen-EN.png","datePublished":"2024-06-04T09:14:46+00:00","dateModified":"2025-06-24T07:30:10+00:00","breadcrumb":{"@id":"https:\/\/help.jamk.fi\/peppi-ohjeet-henkilokunnalle\/en\/erpl-accreditation\/application-for-pre-accreditation\/#breadcrumb"},"inLanguage":"fi","potentialAction":[{"@type":"ReadAction","target":["https:\/\/help.jamk.fi\/peppi-ohjeet-henkilokunnalle\/en\/erpl-accreditation\/application-for-pre-accreditation\/"]}]},{"@type":"ImageObject","inLanguage":"fi","@id":"https:\/\/help.jamk.fi\/peppi-ohjeet-henkilokunnalle\/en\/erpl-accreditation\/application-for-pre-accreditation\/#primaryimage","url":"https:\/\/help.jamk.fi\/peppi-ohjeet-henkilokunnalle\/wp-content\/uploads\/sites\/131\/2024\/06\/Esiahothakemuksen-avaaminen-EN.png","contentUrl":"https:\/\/help.jamk.fi\/peppi-ohjeet-henkilokunnalle\/wp-content\/uploads\/sites\/131\/2024\/06\/Esiahothakemuksen-avaaminen-EN.png","width":1897,"height":311,"caption":"Opening the application for pre-accreditation"},{"@type":"BreadcrumbList","@id":"https:\/\/help.jamk.fi\/peppi-ohjeet-henkilokunnalle\/en\/erpl-accreditation\/application-for-pre-accreditation\/#breadcrumb","itemListElement":[{"@type":"ListItem","position":1,"name":"Home","item":"https:\/\/help.jamk.fi\/peppi-ohjeet-henkilokunnalle\/en\/"},{"@type":"ListItem","position":2,"name":"eRPL &#8211; Accreditation","item":"https:\/\/help.jamk.fi\/peppi-ohjeet-henkilokunnalle\/en\/erpl-accreditation\/"},{"@type":"ListItem","position":3,"name":"Application for pre-accreditation"}]},{"@type":"WebSite","@id":"https:\/\/help.jamk.fi\/peppi-ohjeet-henkilokunnalle\/#website","url":"https:\/\/help.jamk.fi\/peppi-ohjeet-henkilokunnalle\/","name":"Peppi-ohjeet henkil\u00f6kunnalle","description":"","potentialAction":[{"@type":"SearchAction","target":{"@type":"EntryPoint","urlTemplate":"https:\/\/help.jamk.fi\/peppi-ohjeet-henkilokunnalle\/?s={search_term_string}"},"query-input":{"@type":"PropertyValueSpecification","valueRequired":true,"valueName":"search_term_string"}}],"inLanguage":"fi"}]}},"_links":{"self":[{"href":"https:\/\/help.jamk.fi\/peppi-ohjeet-henkilokunnalle\/wp-json\/wp\/v2\/pages\/6733","targetHints":{"allow":["GET"]}}],"collection":[{"href":"https:\/\/help.jamk.fi\/peppi-ohjeet-henkilokunnalle\/wp-json\/wp\/v2\/pages"}],"about":[{"href":"https:\/\/help.jamk.fi\/peppi-ohjeet-henkilokunnalle\/wp-json\/wp\/v2\/types\/page"}],"author":[{"embeddable":true,"href":"https:\/\/help.jamk.fi\/peppi-ohjeet-henkilokunnalle\/wp-json\/wp\/v2\/users\/79"}],"replies":[{"embeddable":true,"href":"https:\/\/help.jamk.fi\/peppi-ohjeet-henkilokunnalle\/wp-json\/wp\/v2\/comments?post=6733"}],"version-history":[{"count":5,"href":"https:\/\/help.jamk.fi\/peppi-ohjeet-henkilokunnalle\/wp-json\/wp\/v2\/pages\/6733\/revisions"}],"predecessor-version":[{"id":7643,"href":"https:\/\/help.jamk.fi\/peppi-ohjeet-henkilokunnalle\/wp-json\/wp\/v2\/pages\/6733\/revisions\/7643"}],"up":[{"embeddable":true,"href":"https:\/\/help.jamk.fi\/peppi-ohjeet-henkilokunnalle\/wp-json\/wp\/v2\/pages\/4754"}],"wp:attachment":[{"href":"https:\/\/help.jamk.fi\/peppi-ohjeet-henkilokunnalle\/wp-json\/wp\/v2\/media?parent=6733"}],"wp:term":[{"taxonomy":"category","embeddable":true,"href":"https:\/\/help.jamk.fi\/peppi-ohjeet-henkilokunnalle\/wp-json\/wp\/v2\/categories?post=6733"},{"taxonomy":"post_tag","embeddable":true,"href":"https:\/\/help.jamk.fi\/peppi-ohjeet-henkilokunnalle\/wp-json\/wp\/v2\/tags?post=6733"}],"curies":[{"name":"wp","href":"https:\/\/api.w.org\/{rel}","templated":true}]}}