{"id":6935,"date":"2024-08-28T15:06:32","date_gmt":"2024-08-28T12:06:32","guid":{"rendered":"https:\/\/help.jamk.fi\/peppi-ohjeet-henkilokunnalle\/?page_id=6935"},"modified":"2025-03-04T10:27:01","modified_gmt":"2025-03-04T08:27:01","slug":"toteutussuunnitelman-perustiedot","status":"publish","type":"page","link":"https:\/\/help.jamk.fi\/peppi-ohjeet-henkilokunnalle\/fi\/vuosisuunnittelu\/toteutussuunnitelman-perustiedot\/","title":{"rendered":"Toteutussuunnitelman perustiedot"},"content":{"rendered":"\n<p>Toteutussuunnitelman perustietoihin kirjataan mm. tutkinto-ohjelma, toimipiste, opetuskieli ja virtuaaliosuus -tiedot. Tiedot vaikuttavat Pepin sis\u00e4isiss\u00e4 hakutoiminnoissa, esim. toteutussuunnitelmien haku eri kriteereill\u00e4. N\u00e4m\u00e4 tiedot toteutukseen lis\u00e4\u00e4 <strong>yksik\u00f6n koulutuskoordinaattori tai muu vastaava henkil\u00f6<\/strong>. <\/p>\n\n\n\n<p><a href=\"https:\/\/help.jamk.fi\/peppi-ohjeet-henkilokunnalle\/fi\/maksullinen-koulutus\/toteutukselle-vaadittavien-tietojen-asettaminen\/\">Tsekkaa maksullisen koulutuksen (esim. avoin ammattikorkeakoulu) luomiseen tarvittavat tiedot t\u00e4\u00e4lt\u00e4.<\/a><\/p>\n\n\n<div id=\"info-lift-block_e7e6530637c33bc623f71b46ec7e5818\" class=\"block-info-lift block-info-lift\">\n  <div class=\"row\">\n    <div class=\"col-12\">\n              <div class=\"block-info-lift__content\">\n          <div class=\"block-info-lift__content__icon\">\n            <span>!<\/span>\n          <\/div>\n          <p class=\"block-info-lift__content__text\">Opintojakson nimi (suomi\/englanti) sek\u00e4 laajuus tulevat opintojaksolta ja niit\u00e4 EI SAA muuttaa!!<\/p>\n        <\/div>\n          <\/div>\n  <\/div>\n<\/div>\n\n\n<h2 class=\"wp-block-heading\">Luokittelu<\/h2>\n\n\n\n<p>Luokittelu-kent\u00e4ss\u00e4 kerrotaan toteutuksen kohderyhm\u00e4t. Tagien perusteella toteutuksia haetaan my\u00f6s Opintohaku ja Opin.fi -palveluissa sek\u00e4 tuodaan erilaisiin Pepin raportteihin. Lis\u00e4\u00e4 \u201dEi opintojakso palautetta\u201d tagi tarvittaessa.<\/p>\n\n\n\n<p>Toteutukselle valittavat tagit ovat: <\/p>\n\n\n\n<ul class=\"wp-block-list\">\n<li>&#8221;Tutkintokoulutus&#8221;<\/li>\n\n\n\n<li>&#8221;Avoin AMK&#8221; <\/li>\n\n\n\n<li>&#8221;CampusOnline&#8221; <\/li>\n\n\n\n<li>&#8221;EduJyv\u00e4skyl\u00e4&#8221;<\/li>\n\n\n\n<li>&#8221;ExhangeStudent&#8221;<\/li>\n\n\n\n<li>&#8221;Ei opintojakso palautetta&#8221;<\/li>\n\n\n\n<li>&#8221;T\u00e4ydennyskoulutus&#8221; ja <\/li>\n\n\n\n<li>&#8221;Vapaasti valittavat opinnot&#8221;.<\/li>\n<\/ul>\n\n\n\n<h3 class=\"wp-block-heading\">Opin.fi-palvelua varten tarvittavat luokittelut<\/h3>\n\n\n\n<ul class=\"wp-block-list\">\n<li>&#8221;opin.fi&#8221; -tagi kaikkiin toteutuksiin, jotka halutaan nostaa opin.fi-palveluun.<\/li>\n\n\n\n<li>Milloin ja Miten -luokittelut asetetaan tarvittaessa: &#8221;Omaan tahtiin joustavasti&#8221;, &#8221;P\u00e4iv\u00e4saikaan&#8221;, &#8221;Iltaisin&#8221;, &#8221;Arkisin&#8221; ja &#8221;Viikonloppuisin&#8221;. <\/li>\n<\/ul>\n\n\n\n<h2 class=\"wp-block-heading\">Koulutusohjelma<\/h2>\n\n\n\n<p>Tulee opintojaksolta, jos on sinne merkitty. Useamman tutkinto-ohjelman yhteisiss\u00e4 opintojaksoissa t\u00e4h\u00e4n kentt\u00e4\u00e4n j\u00e4tet\u00e4\u00e4n vain ne tutkinto-ohjelmat, joita ko. toteutus koskee.<\/p>\n\n\n\n<h2 class=\"wp-block-heading\">Toimipiste<\/h2>\n\n\n\n<p>Valitse toteutuksen toimipiste alasvetovalikosta. HUOM. kentt\u00e4\u00e4 ei t\u00e4ytet\u00e4, jos on kyse t\u00e4ysin verkossa toteutettavasta opinnosta.<\/p>\n\n\n\n<h2 class=\"wp-block-heading\">Suorituskieli \/-kielet<\/h2>\n\n\n\n<p>Tieto periytyy opintojaksolta. Tieto ei n\u00e4y opiskelijalle. J\u00e4t\u00e4 toteutukselle vain yksi kieli, mik\u00e4li opintojaksolla on useita.<\/p>\n\n\n\n<h2 class=\"wp-block-heading\">Opetussuunnitelma<\/h2>\n\n\n\n<p>Tulee opintojaksolta, jos on sinne merkitty. Useamman tutkinto-ohjelman yhteisiss\u00e4 opintojaksoissa j\u00e4t\u00e4 t\u00e4h\u00e4n kentt\u00e4\u00e4n vain ne opetussuunnitelmat, joita ko. toteutus koskee.<\/p>\n\n\n\n<h2 class=\"wp-block-heading\" id=\"virtuaali\">Virtuaaliosuus<\/h2>\n\n\n\n<p>Merkitse, kuinka monta opintopistett\u00e4 toteutetaan kokonaan verkossa.<\/p>\n\n\n\n<h2 class=\"wp-block-heading\">Paikkoja (min \u2013 max)<\/h2>\n\n\n\n<p>Merkitse, kuinka monta opiskelijaa toteutukselle otetaan. Minimi voi olla my\u00f6s nolla. <\/p>\n\n\n\n<p>T\u00e4h\u00e4n m\u00e4\u00e4r\u00e4\u00e4n lasketaan kaikki opiskelijaryhm\u00e4t, joita ovat esimerkiksi meid\u00e4n omat tutkinto-opiskelijat, avoimen v\u00e4yl\u00e4opiskelijat, yksitt\u00e4iset avoimen opiskelijat ja ristiinopiskelijat. <\/p>\n\n\n\n<p>Minimipaikkam\u00e4\u00e4r\u00e4 Jamkissa on 20.<\/p>\n\n\n\n<p>Paikkam\u00e4\u00e4r\u00e4t jaetaan eri koulutusmuodoille toteutuksen <strong>Kiinti\u00f6ryhm\u00e4t<\/strong>-v\u00e4lilehdell\u00e4. Katso ohjeet <a href=\"https:\/\/help.jamk.fi\/peppi-ohjeet-henkilokunnalle\/fi\/ristiinopiskeluun-liittyvat-ohjeistukset\/ristiinopiskelun-suunnittelijan-ohjeet\/toteutuksen-verkostotieto\/\">Ristiinopiskelun suunnittelijan ohjeista<\/a> ja <a href=\"https:\/\/help.jamk.fi\/peppi-ohjeet-henkilokunnalle\/fi\/maksullinen-koulutus\/koulutuksen-suunnittelu-suunnittelijan-tyopoyta\/toteutukselle-vaadittavien-tietojen-asettaminen\/\">Maksullisen suunnittelijan ty\u00f6p\u00f6yd\u00e4n ohjeista<\/a>.<\/p>\n\n\n\n<h2 class=\"wp-block-heading\">Tyyppi<\/h2>\n\n\n\n<p>Kentt\u00e4\u00e4 ei k\u00e4ytet\u00e4 Jamkissa.<\/p>\n\n\n\n<h2 class=\"wp-block-heading\">Opetuskieli \/-kielet<\/h2>\n\n\n\n<p>Periytyy opintojaksolta. J\u00e4t\u00e4 toteutukselle vain yksi kieli, mik\u00e4li opintojaksolla on useita.<\/p>\n\n\n\n<h2 class=\"wp-block-heading\">Ryhm\u00e4t<\/h2>\n\n\n\n<p>Valitse alasvetovalikosta, mille ryhm\u00e4lle \/ ryhmille toteutus on tarkoitettu.<\/p>\n\n\n\n<h2 class=\"wp-block-heading\" id=\"tk\">T&amp;K-osuus<\/h2>\n\n\n\n<p>Merkitse, jos opintojaksolla on T&amp;K-toimintaa.<\/p>\n\n\n\n<h2 class=\"wp-block-heading\">Tarjontakori<\/h2>\n\n\n\n<p>Tarjontakoriin tulevat n\u00e4kyville ne erilliset opintokokonaisuudet, joihin opintojakso on liitetty. Kent\u00e4st\u00e4 ei saa poistaa tietoja, eik\u00e4 sinne tarvitse toteutuksen kautta mit\u00e4\u00e4n lis\u00e4t\u00e4.<\/p>\n\n\n\n<h2 class=\"wp-block-heading\">Suorituksen tarkentava tyyppi<\/h2>\n\n\n\n<p>Tieto periytyy opintojaksolta, jos on merkitty sinne. Tietoa ei saa muuttaa.<\/p>\n\n\n<div id=\"link-lifts-block_d335a1d0e179ef368edc83a33e458434\" class=\"link-lifts block-link-lifts\">\n  <div class=\"row\">\n            <div class=\"col-12 col-lg-4 block-link-lifts__column\">\n          <div class=\"block-link-lifts__item pink\">\n            <h3 class=\"block-link-lifts__item--heading\">Linkit<\/h3>\n                          <ul class=\"block-link-lifts__item--link-list\">\n                                                                        <li>\n                                              <a class=\"link-list\" href=\"https:\/\/help.jamk.fi\/peppi-ohjeet-henkilokunnalle\/fi\/opettajan-ohjeet\/toteutussuunnitelman-tayttoohje-opettajien-ohje\/\" target=\"_self\">Toteutussuunnitelman t\u00e4ytt\u00f6ohje opettajille<\/a>\n                                          <\/li>\n                                                <\/ul>\n            \n          <\/div>\n        <\/div>\n      <\/div>\n<\/div>","protected":false},"excerpt":{"rendered":"<p>Toteutussuunnitelman perustietoihin kirjataan mm. tutkinto-ohjelma, toimipiste, opetuskieli ja virtuaaliosuus -tiedot. Tiedot vaikuttavat Pepin sis\u00e4isiss\u00e4 hakutoiminnoissa, esim. toteutussuunnitelmien haku eri kriteereill\u00e4. N\u00e4m\u00e4 tiedot toteutukseen lis\u00e4\u00e4 yksik\u00f6n koulutuskoordinaattori tai muu vastaava henkil\u00f6. Tsekkaa maksullisen koulutuksen (esim. avoin ammattikorkeakoulu) luomiseen tarvittavat tiedot t\u00e4\u00e4lt\u00e4. Luokittelu Luokittelu-kent\u00e4ss\u00e4 kerrotaan toteutuksen kohderyhm\u00e4t. Tagien perusteella toteutuksia haetaan my\u00f6s Opintohaku ja Opin.fi -palveluissa sek\u00e4 [&hellip;]<\/p>\n","protected":false},"author":79,"featured_media":0,"parent":4522,"menu_order":6,"comment_status":"closed","ping_status":"closed","template":"","meta":{"_acf_changed":false,"_relevanssi_hide_post":"","_relevanssi_hide_content":"","_relevanssi_pin_for_all":"","_relevanssi_pin_keywords":"","_relevanssi_unpin_keywords":"","_relevanssi_related_keywords":"","_relevanssi_related_include_ids":"","_relevanssi_related_exclude_ids":"","_relevanssi_related_no_append":"","_relevanssi_related_not_related":"","_relevanssi_related_posts":"","_relevanssi_noindex_reason":"","footnotes":""},"categories":[],"tags":[143,141,145],"class_list":["post-6935","page","type-page","status-publish","hentry","tag-perustiedot","tag-toteutussuunnitelma","tag-vuosisuunnittelu"],"acf":[],"yoast_head":"<!-- This site is optimized with the Yoast SEO plugin v27.5 - https:\/\/yoast.com\/product\/yoast-seo-wordpress\/ -->\n<title>Toteutussuunnitelman perustiedot - Peppi-ohjeet henkil\u00f6kunnalle<\/title>\n<meta name=\"robots\" content=\"index, follow, max-snippet:-1, max-image-preview:large, max-video-preview:-1\" \/>\n<link rel=\"canonical\" href=\"https:\/\/help.jamk.fi\/peppi-ohjeet-henkilokunnalle\/fi\/vuosisuunnittelu\/toteutussuunnitelman-perustiedot\/\" \/>\n<meta property=\"og:locale\" content=\"fi_FI\" \/>\n<meta property=\"og:type\" content=\"article\" \/>\n<meta property=\"og:title\" content=\"Toteutussuunnitelman perustiedot - Peppi-ohjeet henkil\u00f6kunnalle\" \/>\n<meta property=\"og:description\" content=\"Toteutussuunnitelman perustietoihin kirjataan mm. tutkinto-ohjelma, toimipiste, opetuskieli ja virtuaaliosuus -tiedot. Tiedot vaikuttavat Pepin sis\u00e4isiss\u00e4 hakutoiminnoissa, esim. toteutussuunnitelmien haku eri kriteereill\u00e4. N\u00e4m\u00e4 tiedot toteutukseen lis\u00e4\u00e4 yksik\u00f6n koulutuskoordinaattori tai muu vastaava henkil\u00f6. Tsekkaa maksullisen koulutuksen (esim. avoin ammattikorkeakoulu) luomiseen tarvittavat tiedot t\u00e4\u00e4lt\u00e4. Luokittelu Luokittelu-kent\u00e4ss\u00e4 kerrotaan toteutuksen kohderyhm\u00e4t. Tagien perusteella toteutuksia haetaan my\u00f6s Opintohaku ja Opin.fi -palveluissa sek\u00e4 [&hellip;]\" \/>\n<meta property=\"og:url\" content=\"https:\/\/help.jamk.fi\/peppi-ohjeet-henkilokunnalle\/fi\/vuosisuunnittelu\/toteutussuunnitelman-perustiedot\/\" \/>\n<meta property=\"og:site_name\" content=\"Peppi-ohjeet henkil\u00f6kunnalle\" \/>\n<meta property=\"article:modified_time\" content=\"2025-03-04T08:27:01+00:00\" \/>\n<meta name=\"twitter:card\" content=\"summary_large_image\" \/>\n<meta name=\"twitter:label1\" content=\"Arvioitu lukuaika\" \/>\n\t<meta name=\"twitter:data1\" content=\"2 minuuttia\" \/>\n<script type=\"application\/ld+json\" class=\"yoast-schema-graph\">{\"@context\":\"https:\\\/\\\/schema.org\",\"@graph\":[{\"@type\":\"WebPage\",\"@id\":\"https:\\\/\\\/help.jamk.fi\\\/peppi-ohjeet-henkilokunnalle\\\/fi\\\/vuosisuunnittelu\\\/toteutussuunnitelman-perustiedot\\\/\",\"url\":\"https:\\\/\\\/help.jamk.fi\\\/peppi-ohjeet-henkilokunnalle\\\/fi\\\/vuosisuunnittelu\\\/toteutussuunnitelman-perustiedot\\\/\",\"name\":\"Toteutussuunnitelman perustiedot - Peppi-ohjeet henkil\u00f6kunnalle\",\"isPartOf\":{\"@id\":\"https:\\\/\\\/help.jamk.fi\\\/peppi-ohjeet-henkilokunnalle\\\/#website\"},\"datePublished\":\"2024-08-28T12:06:32+00:00\",\"dateModified\":\"2025-03-04T08:27:01+00:00\",\"breadcrumb\":{\"@id\":\"https:\\\/\\\/help.jamk.fi\\\/peppi-ohjeet-henkilokunnalle\\\/fi\\\/vuosisuunnittelu\\\/toteutussuunnitelman-perustiedot\\\/#breadcrumb\"},\"inLanguage\":\"fi\",\"potentialAction\":[{\"@type\":\"ReadAction\",\"target\":[\"https:\\\/\\\/help.jamk.fi\\\/peppi-ohjeet-henkilokunnalle\\\/fi\\\/vuosisuunnittelu\\\/toteutussuunnitelman-perustiedot\\\/\"]}]},{\"@type\":\"BreadcrumbList\",\"@id\":\"https:\\\/\\\/help.jamk.fi\\\/peppi-ohjeet-henkilokunnalle\\\/fi\\\/vuosisuunnittelu\\\/toteutussuunnitelman-perustiedot\\\/#breadcrumb\",\"itemListElement\":[{\"@type\":\"ListItem\",\"position\":1,\"name\":\"Home\",\"item\":\"https:\\\/\\\/help.jamk.fi\\\/peppi-ohjeet-henkilokunnalle\\\/en\\\/\"},{\"@type\":\"ListItem\",\"position\":2,\"name\":\"Vuosisuunnittelu\",\"item\":\"https:\\\/\\\/help.jamk.fi\\\/peppi-ohjeet-henkilokunnalle\\\/fi\\\/vuosisuunnittelu\\\/\"},{\"@type\":\"ListItem\",\"position\":3,\"name\":\"Toteutussuunnitelman perustiedot\"}]},{\"@type\":\"WebSite\",\"@id\":\"https:\\\/\\\/help.jamk.fi\\\/peppi-ohjeet-henkilokunnalle\\\/#website\",\"url\":\"https:\\\/\\\/help.jamk.fi\\\/peppi-ohjeet-henkilokunnalle\\\/\",\"name\":\"Peppi-ohjeet henkil\u00f6kunnalle\",\"description\":\"\",\"potentialAction\":[{\"@type\":\"SearchAction\",\"target\":{\"@type\":\"EntryPoint\",\"urlTemplate\":\"https:\\\/\\\/help.jamk.fi\\\/peppi-ohjeet-henkilokunnalle\\\/?s={search_term_string}\"},\"query-input\":{\"@type\":\"PropertyValueSpecification\",\"valueRequired\":true,\"valueName\":\"search_term_string\"}}],\"inLanguage\":\"fi\"}]}<\/script>\n<!-- \/ Yoast SEO plugin. -->","yoast_head_json":{"title":"Toteutussuunnitelman perustiedot - Peppi-ohjeet henkil\u00f6kunnalle","robots":{"index":"index","follow":"follow","max-snippet":"max-snippet:-1","max-image-preview":"max-image-preview:large","max-video-preview":"max-video-preview:-1"},"canonical":"https:\/\/help.jamk.fi\/peppi-ohjeet-henkilokunnalle\/fi\/vuosisuunnittelu\/toteutussuunnitelman-perustiedot\/","og_locale":"fi_FI","og_type":"article","og_title":"Toteutussuunnitelman perustiedot - Peppi-ohjeet henkil\u00f6kunnalle","og_description":"Toteutussuunnitelman perustietoihin kirjataan mm. tutkinto-ohjelma, toimipiste, opetuskieli ja virtuaaliosuus -tiedot. Tiedot vaikuttavat Pepin sis\u00e4isiss\u00e4 hakutoiminnoissa, esim. toteutussuunnitelmien haku eri kriteereill\u00e4. N\u00e4m\u00e4 tiedot toteutukseen lis\u00e4\u00e4 yksik\u00f6n koulutuskoordinaattori tai muu vastaava henkil\u00f6. Tsekkaa maksullisen koulutuksen (esim. avoin ammattikorkeakoulu) luomiseen tarvittavat tiedot t\u00e4\u00e4lt\u00e4. Luokittelu Luokittelu-kent\u00e4ss\u00e4 kerrotaan toteutuksen kohderyhm\u00e4t. Tagien perusteella toteutuksia haetaan my\u00f6s Opintohaku ja Opin.fi -palveluissa sek\u00e4 [&hellip;]","og_url":"https:\/\/help.jamk.fi\/peppi-ohjeet-henkilokunnalle\/fi\/vuosisuunnittelu\/toteutussuunnitelman-perustiedot\/","og_site_name":"Peppi-ohjeet henkil\u00f6kunnalle","article_modified_time":"2025-03-04T08:27:01+00:00","twitter_card":"summary_large_image","twitter_misc":{"Arvioitu lukuaika":"2 minuuttia"},"schema":{"@context":"https:\/\/schema.org","@graph":[{"@type":"WebPage","@id":"https:\/\/help.jamk.fi\/peppi-ohjeet-henkilokunnalle\/fi\/vuosisuunnittelu\/toteutussuunnitelman-perustiedot\/","url":"https:\/\/help.jamk.fi\/peppi-ohjeet-henkilokunnalle\/fi\/vuosisuunnittelu\/toteutussuunnitelman-perustiedot\/","name":"Toteutussuunnitelman perustiedot - Peppi-ohjeet henkil\u00f6kunnalle","isPartOf":{"@id":"https:\/\/help.jamk.fi\/peppi-ohjeet-henkilokunnalle\/#website"},"datePublished":"2024-08-28T12:06:32+00:00","dateModified":"2025-03-04T08:27:01+00:00","breadcrumb":{"@id":"https:\/\/help.jamk.fi\/peppi-ohjeet-henkilokunnalle\/fi\/vuosisuunnittelu\/toteutussuunnitelman-perustiedot\/#breadcrumb"},"inLanguage":"fi","potentialAction":[{"@type":"ReadAction","target":["https:\/\/help.jamk.fi\/peppi-ohjeet-henkilokunnalle\/fi\/vuosisuunnittelu\/toteutussuunnitelman-perustiedot\/"]}]},{"@type":"BreadcrumbList","@id":"https:\/\/help.jamk.fi\/peppi-ohjeet-henkilokunnalle\/fi\/vuosisuunnittelu\/toteutussuunnitelman-perustiedot\/#breadcrumb","itemListElement":[{"@type":"ListItem","position":1,"name":"Home","item":"https:\/\/help.jamk.fi\/peppi-ohjeet-henkilokunnalle\/en\/"},{"@type":"ListItem","position":2,"name":"Vuosisuunnittelu","item":"https:\/\/help.jamk.fi\/peppi-ohjeet-henkilokunnalle\/fi\/vuosisuunnittelu\/"},{"@type":"ListItem","position":3,"name":"Toteutussuunnitelman perustiedot"}]},{"@type":"WebSite","@id":"https:\/\/help.jamk.fi\/peppi-ohjeet-henkilokunnalle\/#website","url":"https:\/\/help.jamk.fi\/peppi-ohjeet-henkilokunnalle\/","name":"Peppi-ohjeet henkil\u00f6kunnalle","description":"","potentialAction":[{"@type":"SearchAction","target":{"@type":"EntryPoint","urlTemplate":"https:\/\/help.jamk.fi\/peppi-ohjeet-henkilokunnalle\/?s={search_term_string}"},"query-input":{"@type":"PropertyValueSpecification","valueRequired":true,"valueName":"search_term_string"}}],"inLanguage":"fi"}]}},"_links":{"self":[{"href":"https:\/\/help.jamk.fi\/peppi-ohjeet-henkilokunnalle\/wp-json\/wp\/v2\/pages\/6935","targetHints":{"allow":["GET"]}}],"collection":[{"href":"https:\/\/help.jamk.fi\/peppi-ohjeet-henkilokunnalle\/wp-json\/wp\/v2\/pages"}],"about":[{"href":"https:\/\/help.jamk.fi\/peppi-ohjeet-henkilokunnalle\/wp-json\/wp\/v2\/types\/page"}],"author":[{"embeddable":true,"href":"https:\/\/help.jamk.fi\/peppi-ohjeet-henkilokunnalle\/wp-json\/wp\/v2\/users\/79"}],"replies":[{"embeddable":true,"href":"https:\/\/help.jamk.fi\/peppi-ohjeet-henkilokunnalle\/wp-json\/wp\/v2\/comments?post=6935"}],"version-history":[{"count":11,"href":"https:\/\/help.jamk.fi\/peppi-ohjeet-henkilokunnalle\/wp-json\/wp\/v2\/pages\/6935\/revisions"}],"predecessor-version":[{"id":7428,"href":"https:\/\/help.jamk.fi\/peppi-ohjeet-henkilokunnalle\/wp-json\/wp\/v2\/pages\/6935\/revisions\/7428"}],"up":[{"embeddable":true,"href":"https:\/\/help.jamk.fi\/peppi-ohjeet-henkilokunnalle\/wp-json\/wp\/v2\/pages\/4522"}],"wp:attachment":[{"href":"https:\/\/help.jamk.fi\/peppi-ohjeet-henkilokunnalle\/wp-json\/wp\/v2\/media?parent=6935"}],"wp:term":[{"taxonomy":"category","embeddable":true,"href":"https:\/\/help.jamk.fi\/peppi-ohjeet-henkilokunnalle\/wp-json\/wp\/v2\/categories?post=6935"},{"taxonomy":"post_tag","embeddable":true,"href":"https:\/\/help.jamk.fi\/peppi-ohjeet-henkilokunnalle\/wp-json\/wp\/v2\/tags?post=6935"}],"curies":[{"name":"wp","href":"https:\/\/api.w.org\/{rel}","templated":true}]}}