{"id":6999,"date":"2024-09-13T09:55:34","date_gmt":"2024-09-13T06:55:34","guid":{"rendered":"https:\/\/help.jamk.fi\/peppi-ohjeet-henkilokunnalle\/?page_id=6999"},"modified":"2024-11-14T10:03:09","modified_gmt":"2024-11-14T08:03:09","slug":"maksullinen-koulutus","status":"publish","type":"page","link":"https:\/\/help.jamk.fi\/peppi-ohjeet-henkilokunnalle\/fi\/maksullinen-koulutus\/","title":{"rendered":"Maksullinen koulutus"},"content":{"rendered":"\n<p>N\u00e4ilt\u00e4 sivuilta l\u00f6yd\u00e4t virkailijan ohjeet Pepin maksullisen koulutuksen tarjonnan tekemiseksi ja ilmoittautuneiden k\u00e4sittelemiseksi.<\/p>\n\n\n<div id=\"link-lifts-block_1d23a9095070139e989acfd19b82b6ea\" class=\"link-lifts block-link-lifts\">\n  <div class=\"row\">\n            <div class=\"col-12 col-lg-4 block-link-lifts__column\">\n          <div class=\"block-link-lifts__item pink\">\n            <h3 class=\"block-link-lifts__item--heading\">Suunnittelijan ty\u00f6p\u00f6yt\u00e4<\/h3>\n                          <ul class=\"block-link-lifts__item--link-list\">\n                                                                        <li>\n                                              <a class=\"link-list\" href=\"https:\/\/help.jamk.fi\/peppi-ohjeet-henkilokunnalle\/fi\/maksullinen-koulutus\/koulutuksen-suunnittelu-suunnittelijan-tyopoyta\/toteutukselle-vaadittavien-tietojen-asettaminen\/\" target=\"_self\">Toteutukselle vaadittavien tietojen asettaminen<\/a>\n                                          <\/li>\n                                                                                          <li>\n                                              <a class=\"link-list\" href=\"https:\/\/help.jamk.fi\/peppi-ohjeet-henkilokunnalle\/fi\/maksullinen-koulutus\/koulutuksen-suunnittelu-suunnittelijan-tyopoyta\/ilmoittautumisen-kohteen-luominen\/\" target=\"_self\">Ilmoittautumisen kohteen luominen<\/a>\n                                          <\/li>\n                                                                                          <li>\n                                              <a class=\"link-list\" href=\"https:\/\/help.jamk.fi\/peppi-ohjeet-henkilokunnalle\/fi\/maksullinen-koulutus\/koulutuksen-suunnittelu-suunnittelijan-tyopoyta\/ilmoittautumisen-kohteen-perustietojen-asettaminen\/\" target=\"_self\">Ilmoittautumisen kohteen perustietojen asettaminen<\/a>\n                                          <\/li>\n                                                                                          <li>\n                                              <a class=\"link-list\" href=\"https:\/\/help.jamk.fi\/peppi-ohjeet-henkilokunnalle\/fi\/maksullinen-koulutus\/koulutuksen-suunnittelu-suunnittelijan-tyopoyta\/ilmoittautumisen-kohteen-kiintioryhman-asettaminen\/\" target=\"_self\">Ilmoittautumisen kohteen kiinti\u00f6ryhm\u00e4n asettaminen<\/a>\n                                          <\/li>\n                                                                                          <li>\n                                              <a class=\"link-list\" href=\"https:\/\/help.jamk.fi\/peppi-ohjeet-henkilokunnalle\/fi\/maksullinen-koulutus\/koulutuksen-suunnittelu-suunnittelijan-tyopoyta\/myynnin-kirjanpitotunnisteet-ilmoittautumisen-kohteelle\/\" target=\"_self\">Myynnin kirjanpitotunnisteet ilmoittautumisen kohteelle<\/a>\n                                          <\/li>\n                                                                                          <li>\n                                              <a class=\"link-list\" href=\"https:\/\/help.jamk.fi\/peppi-ohjeet-henkilokunnalle\/fi\/maksullinen-koulutus\/koulutuksen-suunnittelu-suunnittelijan-tyopoyta\/ilmoittautumisen-kohteen-hyvaksyminen-julkaiseminen-ja-palauttaminen-luonnokseksi\/\" target=\"_self\">Ilmoittautumisen kohteen hyv\u00e4ksyminen, julkaiseminen ja palauttaminen luonnokseksi<\/a>\n                                          <\/li>\n                                                                                          <li>\n                                              <a class=\"link-list\" href=\"https:\/\/help.jamk.fi\/peppi-ohjeet-henkilokunnalle\/fi\/maksullinen-koulutus\/koulutuksen-suunnittelu-suunnittelijan-tyopoyta\/ilmoittautumisen-kohteiden-haku\/\" target=\"_self\">Ilmoittautumisen kohteiden haku<\/a>\n                                          <\/li>\n                                                                                          <li>\n                                              <a class=\"link-list\" href=\"https:\/\/help.jamk.fi\/peppi-ohjeet-henkilokunnalle\/fi\/maksullinen-koulutus\/koulutuksen-suunnittelu-suunnittelijan-tyopoyta\/ilmoittautumisen-kohteiden-massamuokkaus\/\" target=\"_self\">Ilmoittautumisen kohteiden massamuokkaus<\/a>\n                                          <\/li>\n                                                                                          <li>\n                                              <a class=\"link-list\" href=\"https:\/\/help.jamk.fi\/peppi-ohjeet-henkilokunnalle\/fi\/maksullinen-koulutus\/koulutuksen-suunnittelu-suunnittelijan-tyopoyta\/ilmoittautumisen-kohteen-opiskelijalistan-toiminnot-seka-ilmoittautumisen-ja-maksun-tilat\/\" target=\"_self\">Ilmoittautumisen kohteen opiskelijalistan toiminnot sek\u00e4 ilmoittautumisen ja maksun tilat<\/a>\n                                          <\/li>\n                                                                                          <li>\n                                              <a class=\"link-list\" href=\"https:\/\/help.jamk.fi\/peppi-ohjeet-henkilokunnalle\/fi\/maksullinen-koulutus\/koulutuksen-suunnittelu-suunnittelijan-tyopoyta\/julkaistun-ilmoittautumisen-kohteen-kiintion-nostaminen-kun-kohteella-on-varasijalaisia\/\" target=\"_self\">Julkaistun ilmoittautumisen kohteen kiinti\u00f6n nostaminen, kun kohteella on varasijalaisia<\/a>\n                                          <\/li>\n                                                <\/ul>\n            \n          <\/div>\n        <\/div>\n            <div class=\"col-12 col-lg-4 block-link-lifts__column\">\n          <div class=\"block-link-lifts__item pink\">\n            <h3 class=\"block-link-lifts__item--heading\">Korkeakoulupalvelujen ty\u00f6p\u00f6yt\u00e4<\/h3>\n                          <ul class=\"block-link-lifts__item--link-list\">\n                                                                        <li>\n                                              <a class=\"link-list\" href=\"https:\/\/help.jamk.fi\/peppi-ohjeet-henkilokunnalle\/fi\/maksullinen-koulutus\/opiskelijoiden-kasittely-korkeakoulupalvelujen-tyopoyta\/ilmoittautuneiden-hakeminen-ja-tietojen-tarkastelu\/\" target=\"_self\">Ilmoittautuneiden hakeminen ja tietojen tarkastelu<\/a>\n                                          <\/li>\n                                                                                          <li>\n                                              <a class=\"link-list\" href=\"https:\/\/help.jamk.fi\/peppi-ohjeet-henkilokunnalle\/fi\/maksullinen-koulutus\/opiskelijoiden-kasittely-korkeakoulupalvelujen-tyopoyta\/opiskeluoikeuden-tietojen-rikastaminen-mallipohjan-avulla\/\" target=\"_self\">Opiskeluoikeuden tietojen rikastaminen mallipohjan avulla<\/a>\n                                          <\/li>\n                                                                                          <li>\n                                              <a class=\"link-list\" href=\"https:\/\/help.jamk.fi\/peppi-ohjeet-henkilokunnalle\/fi\/maksullinen-koulutus\/opiskelijoiden-kasittely-korkeakoulupalvelujen-tyopoyta\/valivaraston-muut-toiminnallisuudet-ja-opiskelijoiden-siirto-peppiin\/\" target=\"_self\">V\u00e4livaraston muut toiminnallisuudet ja opiskelijoiden siirto Peppiin<\/a>\n                                          <\/li>\n                                                                                          <li>\n                                              <a class=\"link-list\" href=\"https:\/\/help.jamk.fi\/peppi-ohjeet-henkilokunnalle\/fi\/maksullinen-koulutus\/opiskelijoiden-kasittely-korkeakoulupalvelujen-tyopoyta\/muu-valintakriteeri-kohteen-valintojen-lukitus\/\" target=\"_self\">Muu valintakriteeri -kohteen valintojen lukitus<\/a>\n                                          <\/li>\n                                                                                          <li>\n                                              <a class=\"link-list\" href=\"https:\/\/help.jamk.fi\/peppi-ohjeet-henkilokunnalle\/fi\/maksullinen-koulutus\/opiskelijoiden-kasittely-korkeakoulupalvelujen-tyopoyta\/maksullisen-opiskeluoikeuden-tiedot\/\" target=\"_self\">Maksullisen opiskeluoikeuden tiedot<\/a>\n                                          <\/li>\n                                                                                          <li>\n                                              <a class=\"link-list\" href=\"https:\/\/help.jamk.fi\/peppi-ohjeet-henkilokunnalle\/fi\/maksullinen-koulutus\/opiskelijoiden-kasittely-korkeakoulupalvelujen-tyopoyta\/paikan-vastaanoton-ja-peruutuslinkkien-luominen\/\" target=\"_self\">Paikan vastaanoton ja peruutuslinkkien luominen<\/a>\n                                          <\/li>\n                                                <\/ul>\n            \n          <\/div>\n        <\/div>\n      <\/div>\n<\/div>\n\n\n<h3 class=\"wp-block-heading\"><\/h3>\n","protected":false},"excerpt":{"rendered":"<p>N\u00e4ilt\u00e4 sivuilta l\u00f6yd\u00e4t virkailijan ohjeet Pepin maksullisen koulutuksen tarjonnan tekemiseksi ja ilmoittautuneiden k\u00e4sittelemiseksi.<\/p>\n","protected":false},"author":79,"featured_media":0,"parent":0,"menu_order":11,"comment_status":"closed","ping_status":"closed","template":"","meta":{"_acf_changed":false,"_relevanssi_hide_post":"","_relevanssi_hide_content":"","_relevanssi_pin_for_all":"","_relevanssi_pin_keywords":"","_relevanssi_unpin_keywords":"","_relevanssi_related_keywords":"","_relevanssi_related_include_ids":"","_relevanssi_related_exclude_ids":"","_relevanssi_related_no_append":"","_relevanssi_related_not_related":"","_relevanssi_related_posts":"","_relevanssi_noindex_reason":"","footnotes":""},"categories":[],"tags":[176,168,170,178,174,172],"class_list":["post-6999","page","type-page","status-publish","hentry","tag-korkeakoulupalveluiden-tyopoyta","tag-maksullinen-koulutus","tag-maksullinen-moduuli","tag-opiskelijoiden-kasittely","tag-suunnittelijan-tyopoyta","tag-tarjonnan-luominen"],"acf":[],"yoast_head":"<!-- This site is optimized with the Yoast SEO plugin v27.4 - https:\/\/yoast.com\/product\/yoast-seo-wordpress\/ -->\n<title>Maksullinen koulutus - Peppi-ohjeet henkil\u00f6kunnalle<\/title>\n<meta name=\"robots\" content=\"index, follow, max-snippet:-1, max-image-preview:large, max-video-preview:-1\" \/>\n<link rel=\"canonical\" href=\"https:\/\/help.jamk.fi\/peppi-ohjeet-henkilokunnalle\/fi\/maksullinen-koulutus\/\" \/>\n<meta property=\"og:locale\" content=\"fi_FI\" \/>\n<meta property=\"og:type\" content=\"article\" \/>\n<meta property=\"og:title\" content=\"Maksullinen koulutus - Peppi-ohjeet henkil\u00f6kunnalle\" \/>\n<meta property=\"og:description\" content=\"N\u00e4ilt\u00e4 sivuilta l\u00f6yd\u00e4t virkailijan ohjeet Pepin maksullisen koulutuksen tarjonnan tekemiseksi ja ilmoittautuneiden k\u00e4sittelemiseksi.\" \/>\n<meta property=\"og:url\" content=\"https:\/\/help.jamk.fi\/peppi-ohjeet-henkilokunnalle\/fi\/maksullinen-koulutus\/\" \/>\n<meta property=\"og:site_name\" content=\"Peppi-ohjeet henkil\u00f6kunnalle\" \/>\n<meta property=\"article:modified_time\" content=\"2024-11-14T08:03:09+00:00\" \/>\n<meta name=\"twitter:card\" content=\"summary_large_image\" \/>\n<meta name=\"twitter:label1\" content=\"Arvioitu lukuaika\" \/>\n\t<meta name=\"twitter:data1\" content=\"1 minuutti\" \/>\n<script type=\"application\/ld+json\" class=\"yoast-schema-graph\">{\"@context\":\"https:\\\/\\\/schema.org\",\"@graph\":[{\"@type\":\"WebPage\",\"@id\":\"https:\\\/\\\/help.jamk.fi\\\/peppi-ohjeet-henkilokunnalle\\\/fi\\\/maksullinen-koulutus\\\/\",\"url\":\"https:\\\/\\\/help.jamk.fi\\\/peppi-ohjeet-henkilokunnalle\\\/fi\\\/maksullinen-koulutus\\\/\",\"name\":\"Maksullinen koulutus - Peppi-ohjeet henkil\u00f6kunnalle\",\"isPartOf\":{\"@id\":\"https:\\\/\\\/help.jamk.fi\\\/peppi-ohjeet-henkilokunnalle\\\/#website\"},\"datePublished\":\"2024-09-13T06:55:34+00:00\",\"dateModified\":\"2024-11-14T08:03:09+00:00\",\"breadcrumb\":{\"@id\":\"https:\\\/\\\/help.jamk.fi\\\/peppi-ohjeet-henkilokunnalle\\\/fi\\\/maksullinen-koulutus\\\/#breadcrumb\"},\"inLanguage\":\"fi\",\"potentialAction\":[{\"@type\":\"ReadAction\",\"target\":[\"https:\\\/\\\/help.jamk.fi\\\/peppi-ohjeet-henkilokunnalle\\\/fi\\\/maksullinen-koulutus\\\/\"]}]},{\"@type\":\"BreadcrumbList\",\"@id\":\"https:\\\/\\\/help.jamk.fi\\\/peppi-ohjeet-henkilokunnalle\\\/fi\\\/maksullinen-koulutus\\\/#breadcrumb\",\"itemListElement\":[{\"@type\":\"ListItem\",\"position\":1,\"name\":\"Home\",\"item\":\"https:\\\/\\\/help.jamk.fi\\\/peppi-ohjeet-henkilokunnalle\\\/en\\\/\"},{\"@type\":\"ListItem\",\"position\":2,\"name\":\"Maksullinen koulutus\"}]},{\"@type\":\"WebSite\",\"@id\":\"https:\\\/\\\/help.jamk.fi\\\/peppi-ohjeet-henkilokunnalle\\\/#website\",\"url\":\"https:\\\/\\\/help.jamk.fi\\\/peppi-ohjeet-henkilokunnalle\\\/\",\"name\":\"Peppi-ohjeet henkil\u00f6kunnalle\",\"description\":\"\",\"potentialAction\":[{\"@type\":\"SearchAction\",\"target\":{\"@type\":\"EntryPoint\",\"urlTemplate\":\"https:\\\/\\\/help.jamk.fi\\\/peppi-ohjeet-henkilokunnalle\\\/?s={search_term_string}\"},\"query-input\":{\"@type\":\"PropertyValueSpecification\",\"valueRequired\":true,\"valueName\":\"search_term_string\"}}],\"inLanguage\":\"fi\"}]}<\/script>\n<!-- \/ Yoast SEO plugin. -->","yoast_head_json":{"title":"Maksullinen koulutus - Peppi-ohjeet henkil\u00f6kunnalle","robots":{"index":"index","follow":"follow","max-snippet":"max-snippet:-1","max-image-preview":"max-image-preview:large","max-video-preview":"max-video-preview:-1"},"canonical":"https:\/\/help.jamk.fi\/peppi-ohjeet-henkilokunnalle\/fi\/maksullinen-koulutus\/","og_locale":"fi_FI","og_type":"article","og_title":"Maksullinen koulutus - Peppi-ohjeet henkil\u00f6kunnalle","og_description":"N\u00e4ilt\u00e4 sivuilta l\u00f6yd\u00e4t virkailijan ohjeet Pepin maksullisen koulutuksen tarjonnan tekemiseksi ja ilmoittautuneiden k\u00e4sittelemiseksi.","og_url":"https:\/\/help.jamk.fi\/peppi-ohjeet-henkilokunnalle\/fi\/maksullinen-koulutus\/","og_site_name":"Peppi-ohjeet henkil\u00f6kunnalle","article_modified_time":"2024-11-14T08:03:09+00:00","twitter_card":"summary_large_image","twitter_misc":{"Arvioitu lukuaika":"1 minuutti"},"schema":{"@context":"https:\/\/schema.org","@graph":[{"@type":"WebPage","@id":"https:\/\/help.jamk.fi\/peppi-ohjeet-henkilokunnalle\/fi\/maksullinen-koulutus\/","url":"https:\/\/help.jamk.fi\/peppi-ohjeet-henkilokunnalle\/fi\/maksullinen-koulutus\/","name":"Maksullinen koulutus - Peppi-ohjeet henkil\u00f6kunnalle","isPartOf":{"@id":"https:\/\/help.jamk.fi\/peppi-ohjeet-henkilokunnalle\/#website"},"datePublished":"2024-09-13T06:55:34+00:00","dateModified":"2024-11-14T08:03:09+00:00","breadcrumb":{"@id":"https:\/\/help.jamk.fi\/peppi-ohjeet-henkilokunnalle\/fi\/maksullinen-koulutus\/#breadcrumb"},"inLanguage":"fi","potentialAction":[{"@type":"ReadAction","target":["https:\/\/help.jamk.fi\/peppi-ohjeet-henkilokunnalle\/fi\/maksullinen-koulutus\/"]}]},{"@type":"BreadcrumbList","@id":"https:\/\/help.jamk.fi\/peppi-ohjeet-henkilokunnalle\/fi\/maksullinen-koulutus\/#breadcrumb","itemListElement":[{"@type":"ListItem","position":1,"name":"Home","item":"https:\/\/help.jamk.fi\/peppi-ohjeet-henkilokunnalle\/en\/"},{"@type":"ListItem","position":2,"name":"Maksullinen koulutus"}]},{"@type":"WebSite","@id":"https:\/\/help.jamk.fi\/peppi-ohjeet-henkilokunnalle\/#website","url":"https:\/\/help.jamk.fi\/peppi-ohjeet-henkilokunnalle\/","name":"Peppi-ohjeet henkil\u00f6kunnalle","description":"","potentialAction":[{"@type":"SearchAction","target":{"@type":"EntryPoint","urlTemplate":"https:\/\/help.jamk.fi\/peppi-ohjeet-henkilokunnalle\/?s={search_term_string}"},"query-input":{"@type":"PropertyValueSpecification","valueRequired":true,"valueName":"search_term_string"}}],"inLanguage":"fi"}]}},"_links":{"self":[{"href":"https:\/\/help.jamk.fi\/peppi-ohjeet-henkilokunnalle\/wp-json\/wp\/v2\/pages\/6999","targetHints":{"allow":["GET"]}}],"collection":[{"href":"https:\/\/help.jamk.fi\/peppi-ohjeet-henkilokunnalle\/wp-json\/wp\/v2\/pages"}],"about":[{"href":"https:\/\/help.jamk.fi\/peppi-ohjeet-henkilokunnalle\/wp-json\/wp\/v2\/types\/page"}],"author":[{"embeddable":true,"href":"https:\/\/help.jamk.fi\/peppi-ohjeet-henkilokunnalle\/wp-json\/wp\/v2\/users\/79"}],"replies":[{"embeddable":true,"href":"https:\/\/help.jamk.fi\/peppi-ohjeet-henkilokunnalle\/wp-json\/wp\/v2\/comments?post=6999"}],"version-history":[{"count":15,"href":"https:\/\/help.jamk.fi\/peppi-ohjeet-henkilokunnalle\/wp-json\/wp\/v2\/pages\/6999\/revisions"}],"predecessor-version":[{"id":7388,"href":"https:\/\/help.jamk.fi\/peppi-ohjeet-henkilokunnalle\/wp-json\/wp\/v2\/pages\/6999\/revisions\/7388"}],"wp:attachment":[{"href":"https:\/\/help.jamk.fi\/peppi-ohjeet-henkilokunnalle\/wp-json\/wp\/v2\/media?parent=6999"}],"wp:term":[{"taxonomy":"category","embeddable":true,"href":"https:\/\/help.jamk.fi\/peppi-ohjeet-henkilokunnalle\/wp-json\/wp\/v2\/categories?post=6999"},{"taxonomy":"post_tag","embeddable":true,"href":"https:\/\/help.jamk.fi\/peppi-ohjeet-henkilokunnalle\/wp-json\/wp\/v2\/tags?post=6999"}],"curies":[{"name":"wp","href":"https:\/\/api.w.org\/{rel}","templated":true}]}}