{"id":7001,"date":"2024-09-13T10:32:09","date_gmt":"2024-09-13T07:32:09","guid":{"rendered":"https:\/\/help.jamk.fi\/peppi-ohjeet-henkilokunnalle\/?page_id=7001"},"modified":"2024-10-24T12:36:20","modified_gmt":"2024-10-24T09:36:20","slug":"toteutukselle-vaadittavien-tietojen-asettaminen","status":"publish","type":"page","link":"https:\/\/help.jamk.fi\/peppi-ohjeet-henkilokunnalle\/fi\/maksullinen-koulutus\/koulutuksen-suunnittelu-suunnittelijan-tyopoyta\/toteutukselle-vaadittavien-tietojen-asettaminen\/","title":{"rendered":"Toteutukselle vaadittavien tietojen asettaminen"},"content":{"rendered":"\n<p>Toteutuksella tulee olla kirjattuna seuraavat tiedot, jotta toteutus voidaan liitt\u00e4\u00e4 ilmoittautumisen kohteeseen ja julkaista kohde:<\/p>\n\n\n\n<ul class=\"wp-block-list\">\n<li>vastuuyksikk\u00f6 ja kustannuspaikka(t)<\/li>\n\n\n\n<li>perustietojen min-max opiskelijam\u00e4\u00e4r\u00e4<\/li>\n\n\n\n<li>maksullisen koulutuksen kiinti\u00f6paikat<\/li>\n<\/ul>\n\n\n\n<p>Lis\u00e4ksi seuraavien tietojen on oltava toteutuksella lis\u00e4ttyn\u00e4:<\/p>\n\n\n\n<ul class=\"wp-block-list\">\n<li>koulutusala<\/li>\n\n\n\n<li>vain yksi opetuskieli<\/li>\n\n\n\n<li>ajoitustiedot<\/li>\n<\/ul>\n\n\n\n<p>Toteutuksen on oltava julkinen, jotta ilmoittautumisen kohde voidaan julkaista. Toteutus voidaan liitt\u00e4\u00e4 ilmoittautumisen kohteelle my\u00f6s luonnos-tilassa (v\u00e4yl\u00e4opinnot).<\/p>\n\n\n\n<h2 class=\"wp-block-heading\">Toteutuksen oletuskiinti\u00f6ryhmien asettaminen<\/h2>\n\n\n\n<p>Toteutukselta l\u00f6ytyy v\u00e4lilehti Kiinti\u00f6ryhm\u00e4t. V\u00e4lilehdell\u00e4 voidaan suunnitella, mink\u00e4 kiinti\u00f6ryhm\u00e4n paikkoja toteutukselle halutaan (kuvio 1). Kyseess\u00e4 on suunnitteluvaiheen tieto, eik\u00e4 paikojen asettaminen sido viel\u00e4 mihink\u00e4\u00e4n. Paikat varataan ilmoittautumisen kohteille siin\u00e4 vaiheessa, kun kohde luodaan, toteutus liitet\u00e4\u00e4n siihen ja asetetaan kiinti\u00f6 kohteelle. <a href=\"https:\/\/help.jamk.fi\/peppi-ohjeet-henkilokunnalle\/fi\/maksullinen-koulutus\/ilmoittautumisen-kohteen-kiintioryhman-asettaminen\/\">Ks. ohjeet ilmoittautumisen kohteen kiinti\u00f6ryhm\u00e4n asettamisesta<\/a>.<\/p>\n\n\n\n<figure class=\"wp-block-image size-full\"><img loading=\"lazy\" decoding=\"async\" width=\"768\" height=\"293\" src=\"https:\/\/help.jamk.fi\/peppi-ohjeet-henkilokunnalle\/wp-content\/uploads\/sites\/131\/2024\/09\/Kiintioryhman-lisaaminen-toteutukselle2.png\" alt=\"Kiinti\u00f6ryhm\u00e4n lis\u00e4\u00e4minen toteutukselle\" class=\"wp-image-7006\" srcset=\"https:\/\/help.jamk.fi\/peppi-ohjeet-henkilokunnalle\/wp-content\/uploads\/sites\/131\/2024\/09\/Kiintioryhman-lisaaminen-toteutukselle2.png 768w, https:\/\/help.jamk.fi\/peppi-ohjeet-henkilokunnalle\/wp-content\/uploads\/sites\/131\/2024\/09\/Kiintioryhman-lisaaminen-toteutukselle2-300x114.png 300w\" sizes=\"auto, (max-width: 768px) 100vw, 768px\" \/><figcaption class=\"wp-element-caption\">Kuvio 1. Kiinti\u00f6ryhm\u00e4n lis\u00e4\u00e4minen toteutukselle<\/figcaption><\/figure>\n\n\n\n<p>Oletuskiinti\u00f6ryhmi\u00e4 voi asettaa yksi tai useampia. Maksullisen koulutuksen kiinti\u00f6ryhm\u00e4t v\u00e4hent\u00e4v\u00e4t automaattisesti tutkinto-opiskelijoiden paikkam\u00e4\u00e4r\u00e4\u00e4 suhteessa toteutukselle asetettuun min-max opiskelijam\u00e4\u00e4r\u00e4\u00e4n (kuvio 2). Huom. Min-arvolla ei ole mit\u00e4\u00e4n teknist\u00e4 merkityst\u00e4.<\/p>\n\n\n\n<figure class=\"wp-block-image size-full\"><img loading=\"lazy\" decoding=\"async\" width=\"758\" height=\"326\" src=\"https:\/\/help.jamk.fi\/peppi-ohjeet-henkilokunnalle\/wp-content\/uploads\/sites\/131\/2024\/09\/Useita-kiintioryhmia-toteutuksella.png\" alt=\"Useita kiinti\u00f6ryhmi\u00e4 toteutuksella\" class=\"wp-image-7003\" srcset=\"https:\/\/help.jamk.fi\/peppi-ohjeet-henkilokunnalle\/wp-content\/uploads\/sites\/131\/2024\/09\/Useita-kiintioryhmia-toteutuksella.png 758w, https:\/\/help.jamk.fi\/peppi-ohjeet-henkilokunnalle\/wp-content\/uploads\/sites\/131\/2024\/09\/Useita-kiintioryhmia-toteutuksella-300x129.png 300w\" sizes=\"auto, (max-width: 758px) 100vw, 758px\" \/><figcaption class=\"wp-element-caption\">Kuvio 2. Useita kiinti\u00f6ryhmi\u00e4 toteutuksella<\/figcaption><\/figure>\n\n\n\n<p>Alla n\u00e4kym\u00e4, miss\u00e4 toteutuksen kiinti\u00f6ryhmiin on lukittu ilmoittautumisen kohteita, eli ko. toteutus on liitetty ilmoittautumisen kohteisiin ja sille on kohteella m\u00e4\u00e4ritelty kiinti\u00f6ryhm\u00e4t. Huom. Ilmoittautumisen kohteilla k\u00e4ytetyt paikat otsakkeen alla olevat luvut kertovat, kuinka monta kiinti\u00f6paikkaa kohteet viev\u00e4t toteutukselle asetetusta oletuskiinti\u00f6ryhm\u00e4st\u00e4. <\/p>\n\n\n\n<p>Esim. Opintojakson 5\/10 luku kertoo ett\u00e4 ilmoittautumisen kohteella (AAA002 Maksullisen testi) kiinti\u00f6ryhm\u00e4lle on asetettu kiinti\u00f6iksi 5 paikkaa toteutuksen 10 paikasta. Luku ei siis kerro kohteille ilmoittautuneiden henkil\u00f6iden m\u00e4\u00e4r\u00e4st\u00e4.<\/p>\n\n\n\n<figure class=\"wp-block-image size-large\"><img loading=\"lazy\" decoding=\"async\" width=\"1024\" height=\"238\" src=\"https:\/\/help.jamk.fi\/peppi-ohjeet-henkilokunnalle\/wp-content\/uploads\/sites\/131\/2024\/09\/Ilmoittautumisen-kohteen-kiintioryhmat-toteutuksella-1024x238.png\" alt=\"Ilmoittautumisen kohteen kiinti\u00f6ryhm\u00e4t toteutuksella\" class=\"wp-image-7005\" srcset=\"https:\/\/help.jamk.fi\/peppi-ohjeet-henkilokunnalle\/wp-content\/uploads\/sites\/131\/2024\/09\/Ilmoittautumisen-kohteen-kiintioryhmat-toteutuksella-1024x238.png 1024w, https:\/\/help.jamk.fi\/peppi-ohjeet-henkilokunnalle\/wp-content\/uploads\/sites\/131\/2024\/09\/Ilmoittautumisen-kohteen-kiintioryhmat-toteutuksella-300x70.png 300w, https:\/\/help.jamk.fi\/peppi-ohjeet-henkilokunnalle\/wp-content\/uploads\/sites\/131\/2024\/09\/Ilmoittautumisen-kohteen-kiintioryhmat-toteutuksella-768x178.png 768w, https:\/\/help.jamk.fi\/peppi-ohjeet-henkilokunnalle\/wp-content\/uploads\/sites\/131\/2024\/09\/Ilmoittautumisen-kohteen-kiintioryhmat-toteutuksella.png 1525w\" sizes=\"auto, (max-width: 1024px) 100vw, 1024px\" \/><figcaption class=\"wp-element-caption\">Kuvio 3. Ilmoittautumisen kohteen kiinti\u00f6ryhm\u00e4t toteutuksella<\/figcaption><\/figure>\n","protected":false},"excerpt":{"rendered":"<p>Toteutuksella tulee olla kirjattuna seuraavat tiedot, jotta toteutus voidaan liitt\u00e4\u00e4 ilmoittautumisen kohteeseen ja julkaista kohde: Lis\u00e4ksi seuraavien tietojen on oltava toteutuksella lis\u00e4ttyn\u00e4: Toteutuksen on oltava julkinen, jotta ilmoittautumisen kohde voidaan julkaista. Toteutus voidaan liitt\u00e4\u00e4 ilmoittautumisen kohteelle my\u00f6s luonnos-tilassa (v\u00e4yl\u00e4opinnot). Toteutuksen oletuskiinti\u00f6ryhmien asettaminen Toteutukselta l\u00f6ytyy v\u00e4lilehti Kiinti\u00f6ryhm\u00e4t. V\u00e4lilehdell\u00e4 voidaan suunnitella, mink\u00e4 kiinti\u00f6ryhm\u00e4n paikkoja toteutukselle halutaan (kuvio [&hellip;]<\/p>\n","protected":false},"author":79,"featured_media":0,"parent":7203,"menu_order":1,"comment_status":"closed","ping_status":"closed","template":"","meta":{"_acf_changed":false,"_relevanssi_hide_post":"","_relevanssi_hide_content":"","_relevanssi_pin_for_all":"","_relevanssi_pin_keywords":"","_relevanssi_unpin_keywords":"","_relevanssi_related_keywords":"","_relevanssi_related_include_ids":"","_relevanssi_related_exclude_ids":"","_relevanssi_related_no_append":"","_relevanssi_related_not_related":"","_relevanssi_related_posts":"","_relevanssi_noindex_reason":"","footnotes":""},"categories":[],"tags":[182,180],"class_list":["post-7001","page","type-page","status-publish","hentry","tag-kiintioryhmat","tag-toteutus"],"acf":[],"yoast_head":"<!-- This site is optimized with the Yoast SEO plugin v27.3 - https:\/\/yoast.com\/product\/yoast-seo-wordpress\/ -->\n<title>Toteutukselle vaadittavien tietojen asettaminen - Peppi-ohjeet henkil\u00f6kunnalle<\/title>\n<meta name=\"robots\" content=\"index, follow, max-snippet:-1, max-image-preview:large, max-video-preview:-1\" \/>\n<link rel=\"canonical\" href=\"https:\/\/help.jamk.fi\/peppi-ohjeet-henkilokunnalle\/fi\/maksullinen-koulutus\/koulutuksen-suunnittelu-suunnittelijan-tyopoyta\/toteutukselle-vaadittavien-tietojen-asettaminen\/\" \/>\n<meta property=\"og:locale\" content=\"fi_FI\" \/>\n<meta property=\"og:type\" content=\"article\" \/>\n<meta property=\"og:title\" content=\"Toteutukselle vaadittavien tietojen asettaminen - Peppi-ohjeet henkil\u00f6kunnalle\" \/>\n<meta property=\"og:description\" content=\"Toteutuksella tulee olla kirjattuna seuraavat tiedot, jotta toteutus voidaan liitt\u00e4\u00e4 ilmoittautumisen kohteeseen ja julkaista kohde: Lis\u00e4ksi seuraavien tietojen on oltava toteutuksella lis\u00e4ttyn\u00e4: Toteutuksen on oltava julkinen, jotta ilmoittautumisen kohde voidaan julkaista. Toteutus voidaan liitt\u00e4\u00e4 ilmoittautumisen kohteelle my\u00f6s luonnos-tilassa (v\u00e4yl\u00e4opinnot). Toteutuksen oletuskiinti\u00f6ryhmien asettaminen Toteutukselta l\u00f6ytyy v\u00e4lilehti Kiinti\u00f6ryhm\u00e4t. V\u00e4lilehdell\u00e4 voidaan suunnitella, mink\u00e4 kiinti\u00f6ryhm\u00e4n paikkoja toteutukselle halutaan (kuvio [&hellip;]\" \/>\n<meta property=\"og:url\" content=\"https:\/\/help.jamk.fi\/peppi-ohjeet-henkilokunnalle\/fi\/maksullinen-koulutus\/koulutuksen-suunnittelu-suunnittelijan-tyopoyta\/toteutukselle-vaadittavien-tietojen-asettaminen\/\" \/>\n<meta property=\"og:site_name\" content=\"Peppi-ohjeet henkil\u00f6kunnalle\" \/>\n<meta property=\"article:modified_time\" content=\"2024-10-24T09:36:20+00:00\" \/>\n<meta property=\"og:image\" content=\"https:\/\/help.jamk.fi\/peppi-ohjeet-henkilokunnalle\/wp-content\/uploads\/sites\/131\/2024\/09\/Kiintioryhman-lisaaminen-toteutukselle2.png\" \/>\n<meta name=\"twitter:card\" content=\"summary_large_image\" \/>\n<meta name=\"twitter:label1\" content=\"Arvioitu lukuaika\" \/>\n\t<meta name=\"twitter:data1\" content=\"2 minuuttia\" \/>\n<script type=\"application\/ld+json\" class=\"yoast-schema-graph\">{\"@context\":\"https:\\\/\\\/schema.org\",\"@graph\":[{\"@type\":\"WebPage\",\"@id\":\"https:\\\/\\\/help.jamk.fi\\\/peppi-ohjeet-henkilokunnalle\\\/fi\\\/maksullinen-koulutus\\\/koulutuksen-suunnittelu-suunnittelijan-tyopoyta\\\/toteutukselle-vaadittavien-tietojen-asettaminen\\\/\",\"url\":\"https:\\\/\\\/help.jamk.fi\\\/peppi-ohjeet-henkilokunnalle\\\/fi\\\/maksullinen-koulutus\\\/koulutuksen-suunnittelu-suunnittelijan-tyopoyta\\\/toteutukselle-vaadittavien-tietojen-asettaminen\\\/\",\"name\":\"Toteutukselle vaadittavien tietojen asettaminen - Peppi-ohjeet henkil\u00f6kunnalle\",\"isPartOf\":{\"@id\":\"https:\\\/\\\/help.jamk.fi\\\/peppi-ohjeet-henkilokunnalle\\\/#website\"},\"primaryImageOfPage\":{\"@id\":\"https:\\\/\\\/help.jamk.fi\\\/peppi-ohjeet-henkilokunnalle\\\/fi\\\/maksullinen-koulutus\\\/koulutuksen-suunnittelu-suunnittelijan-tyopoyta\\\/toteutukselle-vaadittavien-tietojen-asettaminen\\\/#primaryimage\"},\"image\":{\"@id\":\"https:\\\/\\\/help.jamk.fi\\\/peppi-ohjeet-henkilokunnalle\\\/fi\\\/maksullinen-koulutus\\\/koulutuksen-suunnittelu-suunnittelijan-tyopoyta\\\/toteutukselle-vaadittavien-tietojen-asettaminen\\\/#primaryimage\"},\"thumbnailUrl\":\"https:\\\/\\\/help.jamk.fi\\\/peppi-ohjeet-henkilokunnalle\\\/wp-content\\\/uploads\\\/sites\\\/131\\\/2024\\\/09\\\/Kiintioryhman-lisaaminen-toteutukselle2.png\",\"datePublished\":\"2024-09-13T07:32:09+00:00\",\"dateModified\":\"2024-10-24T09:36:20+00:00\",\"breadcrumb\":{\"@id\":\"https:\\\/\\\/help.jamk.fi\\\/peppi-ohjeet-henkilokunnalle\\\/fi\\\/maksullinen-koulutus\\\/koulutuksen-suunnittelu-suunnittelijan-tyopoyta\\\/toteutukselle-vaadittavien-tietojen-asettaminen\\\/#breadcrumb\"},\"inLanguage\":\"fi\",\"potentialAction\":[{\"@type\":\"ReadAction\",\"target\":[\"https:\\\/\\\/help.jamk.fi\\\/peppi-ohjeet-henkilokunnalle\\\/fi\\\/maksullinen-koulutus\\\/koulutuksen-suunnittelu-suunnittelijan-tyopoyta\\\/toteutukselle-vaadittavien-tietojen-asettaminen\\\/\"]}]},{\"@type\":\"ImageObject\",\"inLanguage\":\"fi\",\"@id\":\"https:\\\/\\\/help.jamk.fi\\\/peppi-ohjeet-henkilokunnalle\\\/fi\\\/maksullinen-koulutus\\\/koulutuksen-suunnittelu-suunnittelijan-tyopoyta\\\/toteutukselle-vaadittavien-tietojen-asettaminen\\\/#primaryimage\",\"url\":\"https:\\\/\\\/help.jamk.fi\\\/peppi-ohjeet-henkilokunnalle\\\/wp-content\\\/uploads\\\/sites\\\/131\\\/2024\\\/09\\\/Kiintioryhman-lisaaminen-toteutukselle2.png\",\"contentUrl\":\"https:\\\/\\\/help.jamk.fi\\\/peppi-ohjeet-henkilokunnalle\\\/wp-content\\\/uploads\\\/sites\\\/131\\\/2024\\\/09\\\/Kiintioryhman-lisaaminen-toteutukselle2.png\",\"width\":768,\"height\":293,\"caption\":\"Kuvio 1. Kiinti\u00f6ryhm\u00e4n lis\u00e4\u00e4minen toteutukselle\"},{\"@type\":\"BreadcrumbList\",\"@id\":\"https:\\\/\\\/help.jamk.fi\\\/peppi-ohjeet-henkilokunnalle\\\/fi\\\/maksullinen-koulutus\\\/koulutuksen-suunnittelu-suunnittelijan-tyopoyta\\\/toteutukselle-vaadittavien-tietojen-asettaminen\\\/#breadcrumb\",\"itemListElement\":[{\"@type\":\"ListItem\",\"position\":1,\"name\":\"Home\",\"item\":\"https:\\\/\\\/help.jamk.fi\\\/peppi-ohjeet-henkilokunnalle\\\/en\\\/\"},{\"@type\":\"ListItem\",\"position\":2,\"name\":\"Maksullinen koulutus\",\"item\":\"https:\\\/\\\/help.jamk.fi\\\/peppi-ohjeet-henkilokunnalle\\\/fi\\\/maksullinen-koulutus\\\/\"},{\"@type\":\"ListItem\",\"position\":3,\"name\":\"Koulutuksen suunnittelu &#8211; suunnittelijan ty\u00f6p\u00f6yt\u00e4\",\"item\":\"https:\\\/\\\/help.jamk.fi\\\/peppi-ohjeet-henkilokunnalle\\\/fi\\\/maksullinen-koulutus\\\/koulutuksen-suunnittelu-suunnittelijan-tyopoyta\\\/\"},{\"@type\":\"ListItem\",\"position\":4,\"name\":\"Toteutukselle vaadittavien tietojen asettaminen\"}]},{\"@type\":\"WebSite\",\"@id\":\"https:\\\/\\\/help.jamk.fi\\\/peppi-ohjeet-henkilokunnalle\\\/#website\",\"url\":\"https:\\\/\\\/help.jamk.fi\\\/peppi-ohjeet-henkilokunnalle\\\/\",\"name\":\"Peppi-ohjeet henkil\u00f6kunnalle\",\"description\":\"\",\"potentialAction\":[{\"@type\":\"SearchAction\",\"target\":{\"@type\":\"EntryPoint\",\"urlTemplate\":\"https:\\\/\\\/help.jamk.fi\\\/peppi-ohjeet-henkilokunnalle\\\/?s={search_term_string}\"},\"query-input\":{\"@type\":\"PropertyValueSpecification\",\"valueRequired\":true,\"valueName\":\"search_term_string\"}}],\"inLanguage\":\"fi\"}]}<\/script>\n<!-- \/ Yoast SEO plugin. -->","yoast_head_json":{"title":"Toteutukselle vaadittavien tietojen asettaminen - Peppi-ohjeet henkil\u00f6kunnalle","robots":{"index":"index","follow":"follow","max-snippet":"max-snippet:-1","max-image-preview":"max-image-preview:large","max-video-preview":"max-video-preview:-1"},"canonical":"https:\/\/help.jamk.fi\/peppi-ohjeet-henkilokunnalle\/fi\/maksullinen-koulutus\/koulutuksen-suunnittelu-suunnittelijan-tyopoyta\/toteutukselle-vaadittavien-tietojen-asettaminen\/","og_locale":"fi_FI","og_type":"article","og_title":"Toteutukselle vaadittavien tietojen asettaminen - Peppi-ohjeet henkil\u00f6kunnalle","og_description":"Toteutuksella tulee olla kirjattuna seuraavat tiedot, jotta toteutus voidaan liitt\u00e4\u00e4 ilmoittautumisen kohteeseen ja julkaista kohde: Lis\u00e4ksi seuraavien tietojen on oltava toteutuksella lis\u00e4ttyn\u00e4: Toteutuksen on oltava julkinen, jotta ilmoittautumisen kohde voidaan julkaista. Toteutus voidaan liitt\u00e4\u00e4 ilmoittautumisen kohteelle my\u00f6s luonnos-tilassa (v\u00e4yl\u00e4opinnot). Toteutuksen oletuskiinti\u00f6ryhmien asettaminen Toteutukselta l\u00f6ytyy v\u00e4lilehti Kiinti\u00f6ryhm\u00e4t. V\u00e4lilehdell\u00e4 voidaan suunnitella, mink\u00e4 kiinti\u00f6ryhm\u00e4n paikkoja toteutukselle halutaan (kuvio [&hellip;]","og_url":"https:\/\/help.jamk.fi\/peppi-ohjeet-henkilokunnalle\/fi\/maksullinen-koulutus\/koulutuksen-suunnittelu-suunnittelijan-tyopoyta\/toteutukselle-vaadittavien-tietojen-asettaminen\/","og_site_name":"Peppi-ohjeet henkil\u00f6kunnalle","article_modified_time":"2024-10-24T09:36:20+00:00","og_image":[{"url":"https:\/\/help.jamk.fi\/peppi-ohjeet-henkilokunnalle\/wp-content\/uploads\/sites\/131\/2024\/09\/Kiintioryhman-lisaaminen-toteutukselle2.png","type":"","width":"","height":""}],"twitter_card":"summary_large_image","twitter_misc":{"Arvioitu lukuaika":"2 minuuttia"},"schema":{"@context":"https:\/\/schema.org","@graph":[{"@type":"WebPage","@id":"https:\/\/help.jamk.fi\/peppi-ohjeet-henkilokunnalle\/fi\/maksullinen-koulutus\/koulutuksen-suunnittelu-suunnittelijan-tyopoyta\/toteutukselle-vaadittavien-tietojen-asettaminen\/","url":"https:\/\/help.jamk.fi\/peppi-ohjeet-henkilokunnalle\/fi\/maksullinen-koulutus\/koulutuksen-suunnittelu-suunnittelijan-tyopoyta\/toteutukselle-vaadittavien-tietojen-asettaminen\/","name":"Toteutukselle vaadittavien tietojen asettaminen - Peppi-ohjeet henkil\u00f6kunnalle","isPartOf":{"@id":"https:\/\/help.jamk.fi\/peppi-ohjeet-henkilokunnalle\/#website"},"primaryImageOfPage":{"@id":"https:\/\/help.jamk.fi\/peppi-ohjeet-henkilokunnalle\/fi\/maksullinen-koulutus\/koulutuksen-suunnittelu-suunnittelijan-tyopoyta\/toteutukselle-vaadittavien-tietojen-asettaminen\/#primaryimage"},"image":{"@id":"https:\/\/help.jamk.fi\/peppi-ohjeet-henkilokunnalle\/fi\/maksullinen-koulutus\/koulutuksen-suunnittelu-suunnittelijan-tyopoyta\/toteutukselle-vaadittavien-tietojen-asettaminen\/#primaryimage"},"thumbnailUrl":"https:\/\/help.jamk.fi\/peppi-ohjeet-henkilokunnalle\/wp-content\/uploads\/sites\/131\/2024\/09\/Kiintioryhman-lisaaminen-toteutukselle2.png","datePublished":"2024-09-13T07:32:09+00:00","dateModified":"2024-10-24T09:36:20+00:00","breadcrumb":{"@id":"https:\/\/help.jamk.fi\/peppi-ohjeet-henkilokunnalle\/fi\/maksullinen-koulutus\/koulutuksen-suunnittelu-suunnittelijan-tyopoyta\/toteutukselle-vaadittavien-tietojen-asettaminen\/#breadcrumb"},"inLanguage":"fi","potentialAction":[{"@type":"ReadAction","target":["https:\/\/help.jamk.fi\/peppi-ohjeet-henkilokunnalle\/fi\/maksullinen-koulutus\/koulutuksen-suunnittelu-suunnittelijan-tyopoyta\/toteutukselle-vaadittavien-tietojen-asettaminen\/"]}]},{"@type":"ImageObject","inLanguage":"fi","@id":"https:\/\/help.jamk.fi\/peppi-ohjeet-henkilokunnalle\/fi\/maksullinen-koulutus\/koulutuksen-suunnittelu-suunnittelijan-tyopoyta\/toteutukselle-vaadittavien-tietojen-asettaminen\/#primaryimage","url":"https:\/\/help.jamk.fi\/peppi-ohjeet-henkilokunnalle\/wp-content\/uploads\/sites\/131\/2024\/09\/Kiintioryhman-lisaaminen-toteutukselle2.png","contentUrl":"https:\/\/help.jamk.fi\/peppi-ohjeet-henkilokunnalle\/wp-content\/uploads\/sites\/131\/2024\/09\/Kiintioryhman-lisaaminen-toteutukselle2.png","width":768,"height":293,"caption":"Kuvio 1. Kiinti\u00f6ryhm\u00e4n lis\u00e4\u00e4minen toteutukselle"},{"@type":"BreadcrumbList","@id":"https:\/\/help.jamk.fi\/peppi-ohjeet-henkilokunnalle\/fi\/maksullinen-koulutus\/koulutuksen-suunnittelu-suunnittelijan-tyopoyta\/toteutukselle-vaadittavien-tietojen-asettaminen\/#breadcrumb","itemListElement":[{"@type":"ListItem","position":1,"name":"Home","item":"https:\/\/help.jamk.fi\/peppi-ohjeet-henkilokunnalle\/en\/"},{"@type":"ListItem","position":2,"name":"Maksullinen koulutus","item":"https:\/\/help.jamk.fi\/peppi-ohjeet-henkilokunnalle\/fi\/maksullinen-koulutus\/"},{"@type":"ListItem","position":3,"name":"Koulutuksen suunnittelu &#8211; suunnittelijan ty\u00f6p\u00f6yt\u00e4","item":"https:\/\/help.jamk.fi\/peppi-ohjeet-henkilokunnalle\/fi\/maksullinen-koulutus\/koulutuksen-suunnittelu-suunnittelijan-tyopoyta\/"},{"@type":"ListItem","position":4,"name":"Toteutukselle vaadittavien tietojen asettaminen"}]},{"@type":"WebSite","@id":"https:\/\/help.jamk.fi\/peppi-ohjeet-henkilokunnalle\/#website","url":"https:\/\/help.jamk.fi\/peppi-ohjeet-henkilokunnalle\/","name":"Peppi-ohjeet henkil\u00f6kunnalle","description":"","potentialAction":[{"@type":"SearchAction","target":{"@type":"EntryPoint","urlTemplate":"https:\/\/help.jamk.fi\/peppi-ohjeet-henkilokunnalle\/?s={search_term_string}"},"query-input":{"@type":"PropertyValueSpecification","valueRequired":true,"valueName":"search_term_string"}}],"inLanguage":"fi"}]}},"_links":{"self":[{"href":"https:\/\/help.jamk.fi\/peppi-ohjeet-henkilokunnalle\/wp-json\/wp\/v2\/pages\/7001","targetHints":{"allow":["GET"]}}],"collection":[{"href":"https:\/\/help.jamk.fi\/peppi-ohjeet-henkilokunnalle\/wp-json\/wp\/v2\/pages"}],"about":[{"href":"https:\/\/help.jamk.fi\/peppi-ohjeet-henkilokunnalle\/wp-json\/wp\/v2\/types\/page"}],"author":[{"embeddable":true,"href":"https:\/\/help.jamk.fi\/peppi-ohjeet-henkilokunnalle\/wp-json\/wp\/v2\/users\/79"}],"replies":[{"embeddable":true,"href":"https:\/\/help.jamk.fi\/peppi-ohjeet-henkilokunnalle\/wp-json\/wp\/v2\/comments?post=7001"}],"version-history":[{"count":2,"href":"https:\/\/help.jamk.fi\/peppi-ohjeet-henkilokunnalle\/wp-json\/wp\/v2\/pages\/7001\/revisions"}],"predecessor-version":[{"id":7185,"href":"https:\/\/help.jamk.fi\/peppi-ohjeet-henkilokunnalle\/wp-json\/wp\/v2\/pages\/7001\/revisions\/7185"}],"up":[{"embeddable":true,"href":"https:\/\/help.jamk.fi\/peppi-ohjeet-henkilokunnalle\/wp-json\/wp\/v2\/pages\/7203"}],"wp:attachment":[{"href":"https:\/\/help.jamk.fi\/peppi-ohjeet-henkilokunnalle\/wp-json\/wp\/v2\/media?parent=7001"}],"wp:term":[{"taxonomy":"category","embeddable":true,"href":"https:\/\/help.jamk.fi\/peppi-ohjeet-henkilokunnalle\/wp-json\/wp\/v2\/categories?post=7001"},{"taxonomy":"post_tag","embeddable":true,"href":"https:\/\/help.jamk.fi\/peppi-ohjeet-henkilokunnalle\/wp-json\/wp\/v2\/tags?post=7001"}],"curies":[{"name":"wp","href":"https:\/\/api.w.org\/{rel}","templated":true}]}}